{"id":54309,"date":"2025-03-05T23:52:24","date_gmt":"2025-03-05T21:52:24","guid":{"rendered":"https:\/\/vmsport.fi\/verkkokauppa\/Ei-luokiteltu\/levyjarrusarja-mt201-etu-bl-mt201-1000mm-bh59-br-mt200\/"},"modified":"2026-04-23T03:00:58","modified_gmt":"2026-04-23T00:00:58","slug":"levyjarrusarja-mt201-etu-bl-mt201-1000mm-bh59-br-mt200","status":"publish","type":"product","link":"https:\/\/vmsport.fi\/sv\/verkkokauppa\/varaosat\/jarrut\/levyjarrusetit\/levyjarrusarja-mt201-etu-bl-mt201-1000mm-bh59-br-mt200\/","title":{"rendered":"Skivbromssats MT201 fram BL-MT201 1000mm BH59 BR-MT200"},"content":{"rendered":"<p>Shimano BL-MT201 ja BR-MT200 -levyjarrusarja on suunniteltu erityisesti maastopy\u00f6r\u00e4ilyn aloittelijoille, mutta se sopii erinomaisesti my\u00f6s kaupunki- ja retkipy\u00f6riin, mik\u00e4 tekee siit\u00e4 monik\u00e4ytt\u00f6isen valinnan. Hydraulinen jarruj\u00e4rjestelm\u00e4 tarjoaa luotettavan ja hiljaisen jarrutustehon. Levyjarrun asennus ja huolto ovat helppoa, sill\u00e4 yhden suunnan ilmauksella v\u00e4hennet\u00e4\u00e4n ilmakuplien muodostumista ja mahdollistetaan jarrunesteen puhdas vaihto.<\/p>\n<p>Jarrusatulat on valmistettu alumiinista ja sis\u00e4lt\u00e4v\u00e4t kaksi hartsim\u00e4nt\u00e4ist\u00e4 jarrum\u00e4nt\u00e4\u00e4, mik\u00e4 v\u00e4hent\u00e4\u00e4 jarrujen k\u00e4yt\u00f6n aiheuttamaa melua. Kolmisorminen jarruvipu, jossa on s\u00e4\u00e4dett\u00e4v\u00e4 ulottuvuus, takaa mukavan k\u00e4yt\u00f6n my\u00f6s pienempik\u00e4tisille py\u00f6r\u00e4ilij\u00f6ille. T\u00e4m\u00e4 kest\u00e4v\u00e4 jarrusarja on yhteensopiva 160 mm ja 180 mm jarrulevyjen kanssa, ja se toimitetaan 1000 mm pituisella SM-BH59-JK-S -jarruletkulla.<\/p>\n<p>Sarjassa on kaikki tarvittavat osat jarruj\u00e4rjestelm\u00e4n parantamiseen, ja se on valmis asennettavaksi suoraan pakkauksesta otettuna.<\/p>","protected":false},"excerpt":{"rendered":"<p>Shimano BL-MT201 ja BR-MT200 -levyjarrusarja on suunniteltu erityisesti maastopy\u00f6r\u00e4ilyn aloittelijoille, mutta se sopii erinomaisesti my\u00f6s kaupunki- ja retkipy\u00f6riin, mik\u00e4 tekee siit\u00e4 monik\u00e4ytt\u00f6isen valinnan. Hydraulinen jarruj\u00e4rjestelm\u00e4 tarjoaa luotettavan ja hiljaisen jarrutustehon. Levyjarrun asennus ja huolto ovat helppoa, sill\u00e4 yhden suunnan ilmauksella v\u00e4hennet\u00e4\u00e4n ilmakuplien muodostumista ja mahdollistetaan jarrunesteen puhdas vaihto. Jarrusatulat on valmistettu alumiinista ja sis\u00e4lt\u00e4v\u00e4t kaksi [&#8230;]<\/p>\n<p><a class=\"btn btn-secondary understrap-read-more-link\" href=\"https:\/\/vmsport.fi\/sv\/verkkokauppa\/varaosat\/jarrut\/levyjarrusetit\/levyjarrusarja-mt201-etu-bl-mt201-1000mm-bh59-br-mt200\/\">L\u00e4s mer \u2026<span class=\"screen-reader-text\"> from Levyjarrusarja MT201 etu BL-MT201 1000mm BH59 BR-MT200<\/span><\/a><\/p>\n","protected":false},"featured_media":54308,"comment_status":"open","ping_status":"closed","template":"","meta":{"_acf_changed":false,"_improvement_type_select":"improve_an_existing","_thumb_yes_seoaic":false,"_frame_yes_seoaic":false,"seoaic_generate_description":"","seoaic_improve_instructions_prompt":"","seoaic_rollback_content_improvement":"","seoaic_idea_thumbnail_generator":"","thumbnail_generated":false,"thumbnail_generate_prompt":"","seoaic_article_description":"","_supplier_stock_quantity":0},"product_brand":[],"product_model":[],"product_cat":[9354],"product_tag":[],"industry-terminology":[],"class_list":{"0":"post-54309","1":"product","2":"type-product","3":"status-publish","4":"has-post-thumbnail","6":"product_cat-levyjarrusetit","8":"first","9":"instock","10":"taxable","11":"shipping-taxable","12":"purchasable","13":"product-type-simple"},"acf":{"bike_features":null,"overview":{"copy_overview":null,"key_features":null,"statement":"","youtube_url":""}},"yoast_head":"<!-- This site is optimized with the Yoast SEO plugin v27.4 - https:\/\/yoast.com\/product\/yoast-seo-wordpress\/ -->\n<title>Levyjarrusarja MT201 etu BL-MT201 1000mm BH59 BR-MT200 - VM Sport<\/title>\n<meta name=\"robots\" content=\"index, follow, max-snippet:-1, max-image-preview:large, max-video-preview:-1\" \/>\n<link rel=\"canonical\" href=\"https:\/\/vmsport.fi\/sv\/webbutik\/reservdelar\/bromsar\/skivbromsskivor\/levyjarrusarja-mt201-etu-bl-mt201-1000mm-bh59-br-mt200\/\" \/>\n<meta property=\"og:locale\" content=\"sv_SE\" \/>\n<meta property=\"og:type\" content=\"article\" \/>\n<meta property=\"og:title\" content=\"Levyjarrusarja MT201 etu BL-MT201 1000mm BH59 BR-MT200 - VM Sport\" \/>\n<meta property=\"og:description\" content=\"Shimano BL-MT201 ja BR-MT200 -levyjarrusarja on suunniteltu erityisesti maastopy\u00f6r\u00e4ilyn aloittelijoille, mutta se sopii erinomaisesti my\u00f6s kaupunki- ja retkipy\u00f6riin, mik\u00e4 tekee siit\u00e4 monik\u00e4ytt\u00f6isen valinnan. Hydraulinen jarruj\u00e4rjestelm\u00e4 tarjoaa luotettavan ja hiljaisen jarrutustehon. Levyjarrun asennus ja huolto ovat helppoa, sill\u00e4 yhden suunnan ilmauksella v\u00e4hennet\u00e4\u00e4n ilmakuplien muodostumista ja mahdollistetaan jarrunesteen puhdas vaihto. Jarrusatulat on valmistettu alumiinista ja sis\u00e4lt\u00e4v\u00e4t kaksi [...]L\u00e4s mer \u2026 from Levyjarrusarja MT201 etu BL-MT201 1000mm BH59 BR-MT200\" \/>\n<meta property=\"og:url\" content=\"https:\/\/vmsport.fi\/sv\/webbutik\/reservdelar\/bromsar\/skivbromsskivor\/levyjarrusarja-mt201-etu-bl-mt201-1000mm-bh59-br-mt200\/\" \/>\n<meta property=\"og:site_name\" content=\"VM Sport\" \/>\n<meta property=\"article:publisher\" content=\"https:\/\/www.facebook.com\/Vmsport.fi\/\" \/>\n<meta property=\"article:modified_time\" content=\"2026-04-23T00:00:58+00:00\" \/>\n<meta property=\"og:image\" content=\"https:\/\/vmsport.fi\/wp-content\/uploads\/2025\/03\/20180514-BL-MT201-L-L-S1-1.jpg\" \/>\n\t<meta property=\"og:image:width\" content=\"600\" \/>\n\t<meta property=\"og:image:height\" content=\"600\" \/>\n\t<meta property=\"og:image:type\" content=\"image\/jpeg\" \/>\n<meta name=\"twitter:card\" content=\"summary_large_image\" \/>\n<meta name=\"twitter:label1\" content=\"Ber\u00e4knad l\u00e4stid\" \/>\n\t<meta name=\"twitter:data1\" content=\"1 minut\" \/>\n<script type=\"application\/ld+json\" class=\"yoast-schema-graph\">{\"@context\":\"https:\\\/\\\/schema.org\",\"@graph\":[{\"@type\":[\"WebPage\",\"ItemPage\"],\"@id\":\"https:\\\/\\\/vmsport.fi\\\/verkkokauppa\\\/varaosat\\\/jarrut\\\/levyjarrusetit\\\/levyjarrusarja-mt201-etu-bl-mt201-1000mm-bh59-br-mt200\\\/\",\"url\":\"https:\\\/\\\/vmsport.fi\\\/verkkokauppa\\\/varaosat\\\/jarrut\\\/levyjarrusetit\\\/levyjarrusarja-mt201-etu-bl-mt201-1000mm-bh59-br-mt200\\\/\",\"name\":\"Levyjarrusarja MT201 etu BL-MT201 1000mm BH59 BR-MT200 - VM Sport\",\"isPartOf\":{\"@id\":\"https:\\\/\\\/vmsport.fi\\\/#website\"},\"primaryImageOfPage\":{\"@id\":\"https:\\\/\\\/vmsport.fi\\\/verkkokauppa\\\/varaosat\\\/jarrut\\\/levyjarrusetit\\\/levyjarrusarja-mt201-etu-bl-mt201-1000mm-bh59-br-mt200\\\/#primaryimage\"},\"image\":{\"@id\":\"https:\\\/\\\/vmsport.fi\\\/verkkokauppa\\\/varaosat\\\/jarrut\\\/levyjarrusetit\\\/levyjarrusarja-mt201-etu-bl-mt201-1000mm-bh59-br-mt200\\\/#primaryimage\"},\"thumbnailUrl\":\"https:\\\/\\\/vmsport.fi\\\/wp-content\\\/uploads\\\/2025\\\/03\\\/20180514-BL-MT201-L-L-S1-1.jpg\",\"datePublished\":\"2025-03-05T21:52:24+00:00\",\"dateModified\":\"2026-04-23T00:00:58+00:00\",\"breadcrumb\":{\"@id\":\"https:\\\/\\\/vmsport.fi\\\/verkkokauppa\\\/varaosat\\\/jarrut\\\/levyjarrusetit\\\/levyjarrusarja-mt201-etu-bl-mt201-1000mm-bh59-br-mt200\\\/#breadcrumb\"},\"inLanguage\":\"sv-SE\",\"potentialAction\":[{\"@type\":\"ReadAction\",\"target\":[\"https:\\\/\\\/vmsport.fi\\\/verkkokauppa\\\/varaosat\\\/jarrut\\\/levyjarrusetit\\\/levyjarrusarja-mt201-etu-bl-mt201-1000mm-bh59-br-mt200\\\/\"]}]},{\"@type\":\"ImageObject\",\"inLanguage\":\"sv-SE\",\"@id\":\"https:\\\/\\\/vmsport.fi\\\/verkkokauppa\\\/varaosat\\\/jarrut\\\/levyjarrusetit\\\/levyjarrusarja-mt201-etu-bl-mt201-1000mm-bh59-br-mt200\\\/#primaryimage\",\"url\":\"https:\\\/\\\/vmsport.fi\\\/wp-content\\\/uploads\\\/2025\\\/03\\\/20180514-BL-MT201-L-L-S1-1.jpg\",\"contentUrl\":\"https:\\\/\\\/vmsport.fi\\\/wp-content\\\/uploads\\\/2025\\\/03\\\/20180514-BL-MT201-L-L-S1-1.jpg\",\"width\":600,\"height\":600,\"caption\":\"20180514-BL-MT201-L-L-S1\"},{\"@type\":\"BreadcrumbList\",\"@id\":\"https:\\\/\\\/vmsport.fi\\\/verkkokauppa\\\/varaosat\\\/jarrut\\\/levyjarrusetit\\\/levyjarrusarja-mt201-etu-bl-mt201-1000mm-bh59-br-mt200\\\/#breadcrumb\",\"itemListElement\":[{\"@type\":\"ListItem\",\"position\":1,\"name\":\"Etusivu\",\"item\":\"https:\\\/\\\/vmsport.fi\\\/\"},{\"@type\":\"ListItem\",\"position\":2,\"name\":\"Online Store\",\"item\":\"https:\\\/\\\/vmsport.fi\\\/en\\\/online-store\\\/\"},{\"@type\":\"ListItem\",\"position\":3,\"name\":\"Levyjarrusarja MT201 etu BL-MT201 1000mm BH59 BR-MT200\"}]},{\"@type\":\"WebSite\",\"@id\":\"https:\\\/\\\/vmsport.fi\\\/#website\",\"url\":\"https:\\\/\\\/vmsport.fi\\\/\",\"name\":\"Vmsport\",\"description\":\"Kaikki py\u00f6r\u00e4ilyyn yhdest\u00e4 paikasta\",\"publisher\":{\"@id\":\"https:\\\/\\\/vmsport.fi\\\/#organization\"},\"potentialAction\":[{\"@type\":\"SearchAction\",\"target\":{\"@type\":\"EntryPoint\",\"urlTemplate\":\"https:\\\/\\\/vmsport.fi\\\/?s={search_term_string}\"},\"query-input\":{\"@type\":\"PropertyValueSpecification\",\"valueRequired\":true,\"valueName\":\"search_term_string\"}}],\"inLanguage\":\"sv-SE\"},{\"@type\":\"Organization\",\"@id\":\"https:\\\/\\\/vmsport.fi\\\/#organization\",\"name\":\"Vmsport\",\"url\":\"https:\\\/\\\/vmsport.fi\\\/\",\"logo\":{\"@type\":\"ImageObject\",\"inLanguage\":\"sv-SE\",\"@id\":\"https:\\\/\\\/vmsport.fi\\\/#\\\/schema\\\/logo\\\/image\\\/\",\"url\":\"https:\\\/\\\/vmsport.fi\\\/wp-content\\\/uploads\\\/2024\\\/12\\\/vm_sport_RGB_horisontal-e1734526017575.png\",\"contentUrl\":\"https:\\\/\\\/vmsport.fi\\\/wp-content\\\/uploads\\\/2024\\\/12\\\/vm_sport_RGB_horisontal-e1734526017575.png\",\"width\":668,\"height\":85,\"caption\":\"Vmsport\"},\"image\":{\"@id\":\"https:\\\/\\\/vmsport.fi\\\/#\\\/schema\\\/logo\\\/image\\\/\"},\"sameAs\":[\"https:\\\/\\\/www.facebook.com\\\/Vmsport.fi\\\/\",\"https:\\\/\\\/www.instagram.com\\\/vmsport\\\/\"]}]}<\/script>\n<!-- \/ Yoast SEO plugin. -->","yoast_head_json":{"title":"Levyjarrusarja MT201 etu BL-MT201 1000mm BH59 BR-MT200 - VM Sport","robots":{"index":"index","follow":"follow","max-snippet":"max-snippet:-1","max-image-preview":"max-image-preview:large","max-video-preview":"max-video-preview:-1"},"canonical":"https:\/\/vmsport.fi\/sv\/webbutik\/reservdelar\/bromsar\/skivbromsskivor\/levyjarrusarja-mt201-etu-bl-mt201-1000mm-bh59-br-mt200\/","og_locale":"sv_SE","og_type":"article","og_title":"Levyjarrusarja MT201 etu BL-MT201 1000mm BH59 BR-MT200 - VM Sport","og_description":"Shimano BL-MT201 ja BR-MT200 -levyjarrusarja on suunniteltu erityisesti maastopy\u00f6r\u00e4ilyn aloittelijoille, mutta se sopii erinomaisesti my\u00f6s kaupunki- ja retkipy\u00f6riin, mik\u00e4 tekee siit\u00e4 monik\u00e4ytt\u00f6isen valinnan. Hydraulinen jarruj\u00e4rjestelm\u00e4 tarjoaa luotettavan ja hiljaisen jarrutustehon. Levyjarrun asennus ja huolto ovat helppoa, sill\u00e4 yhden suunnan ilmauksella v\u00e4hennet\u00e4\u00e4n ilmakuplien muodostumista ja mahdollistetaan jarrunesteen puhdas vaihto. Jarrusatulat on valmistettu alumiinista ja sis\u00e4lt\u00e4v\u00e4t kaksi [...]L\u00e4s mer \u2026 from Levyjarrusarja MT201 etu BL-MT201 1000mm BH59 BR-MT200","og_url":"https:\/\/vmsport.fi\/sv\/webbutik\/reservdelar\/bromsar\/skivbromsskivor\/levyjarrusarja-mt201-etu-bl-mt201-1000mm-bh59-br-mt200\/","og_site_name":"VM Sport","article_publisher":"https:\/\/www.facebook.com\/Vmsport.fi\/","article_modified_time":"2026-04-23T00:00:58+00:00","og_image":[{"width":600,"height":600,"url":"https:\/\/vmsport.fi\/wp-content\/uploads\/2025\/03\/20180514-BL-MT201-L-L-S1-1.jpg","type":"image\/jpeg"}],"twitter_card":"summary_large_image","twitter_misc":{"Ber\u00e4knad l\u00e4stid":"1 minut"},"schema":{"@context":"https:\/\/schema.org","@graph":[{"@type":["WebPage","ItemPage"],"@id":"https:\/\/vmsport.fi\/verkkokauppa\/varaosat\/jarrut\/levyjarrusetit\/levyjarrusarja-mt201-etu-bl-mt201-1000mm-bh59-br-mt200\/","url":"https:\/\/vmsport.fi\/verkkokauppa\/varaosat\/jarrut\/levyjarrusetit\/levyjarrusarja-mt201-etu-bl-mt201-1000mm-bh59-br-mt200\/","name":"Levyjarrusarja MT201 etu BL-MT201 1000mm BH59 BR-MT200 - VM Sport","isPartOf":{"@id":"https:\/\/vmsport.fi\/#website"},"primaryImageOfPage":{"@id":"https:\/\/vmsport.fi\/verkkokauppa\/varaosat\/jarrut\/levyjarrusetit\/levyjarrusarja-mt201-etu-bl-mt201-1000mm-bh59-br-mt200\/#primaryimage"},"image":{"@id":"https:\/\/vmsport.fi\/verkkokauppa\/varaosat\/jarrut\/levyjarrusetit\/levyjarrusarja-mt201-etu-bl-mt201-1000mm-bh59-br-mt200\/#primaryimage"},"thumbnailUrl":"https:\/\/vmsport.fi\/wp-content\/uploads\/2025\/03\/20180514-BL-MT201-L-L-S1-1.jpg","datePublished":"2025-03-05T21:52:24+00:00","dateModified":"2026-04-23T00:00:58+00:00","breadcrumb":{"@id":"https:\/\/vmsport.fi\/verkkokauppa\/varaosat\/jarrut\/levyjarrusetit\/levyjarrusarja-mt201-etu-bl-mt201-1000mm-bh59-br-mt200\/#breadcrumb"},"inLanguage":"sv-SE","potentialAction":[{"@type":"ReadAction","target":["https:\/\/vmsport.fi\/verkkokauppa\/varaosat\/jarrut\/levyjarrusetit\/levyjarrusarja-mt201-etu-bl-mt201-1000mm-bh59-br-mt200\/"]}]},{"@type":"ImageObject","inLanguage":"sv-SE","@id":"https:\/\/vmsport.fi\/verkkokauppa\/varaosat\/jarrut\/levyjarrusetit\/levyjarrusarja-mt201-etu-bl-mt201-1000mm-bh59-br-mt200\/#primaryimage","url":"https:\/\/vmsport.fi\/wp-content\/uploads\/2025\/03\/20180514-BL-MT201-L-L-S1-1.jpg","contentUrl":"https:\/\/vmsport.fi\/wp-content\/uploads\/2025\/03\/20180514-BL-MT201-L-L-S1-1.jpg","width":600,"height":600,"caption":"20180514-BL-MT201-L-L-S1"},{"@type":"BreadcrumbList","@id":"https:\/\/vmsport.fi\/verkkokauppa\/varaosat\/jarrut\/levyjarrusetit\/levyjarrusarja-mt201-etu-bl-mt201-1000mm-bh59-br-mt200\/#breadcrumb","itemListElement":[{"@type":"ListItem","position":1,"name":"Etusivu","item":"https:\/\/vmsport.fi\/"},{"@type":"ListItem","position":2,"name":"Online Store","item":"https:\/\/vmsport.fi\/en\/online-store\/"},{"@type":"ListItem","position":3,"name":"Levyjarrusarja MT201 etu BL-MT201 1000mm BH59 BR-MT200"}]},{"@type":"WebSite","@id":"https:\/\/vmsport.fi\/#website","url":"https:\/\/vmsport.fi\/","name":"Vmsport","description":"Allt p\u00e5 ett st\u00e4lle f\u00f6r cykling","publisher":{"@id":"https:\/\/vmsport.fi\/#organization"},"potentialAction":[{"@type":"SearchAction","target":{"@type":"EntryPoint","urlTemplate":"https:\/\/vmsport.fi\/?s={search_term_string}"},"query-input":{"@type":"PropertyValueSpecification","valueRequired":true,"valueName":"search_term_string"}}],"inLanguage":"sv-SE"},{"@type":"Organization","@id":"https:\/\/vmsport.fi\/#organization","name":"Vmsport","url":"https:\/\/vmsport.fi\/","logo":{"@type":"ImageObject","inLanguage":"sv-SE","@id":"https:\/\/vmsport.fi\/#\/schema\/logo\/image\/","url":"https:\/\/vmsport.fi\/wp-content\/uploads\/2024\/12\/vm_sport_RGB_horisontal-e1734526017575.png","contentUrl":"https:\/\/vmsport.fi\/wp-content\/uploads\/2024\/12\/vm_sport_RGB_horisontal-e1734526017575.png","width":668,"height":85,"caption":"Vmsport"},"image":{"@id":"https:\/\/vmsport.fi\/#\/schema\/logo\/image\/"},"sameAs":["https:\/\/www.facebook.com\/Vmsport.fi\/","https:\/\/www.instagram.com\/vmsport\/"]}]}},"global_unique_id":"","_links":{"self":[{"href":"https:\/\/vmsport.fi\/sv\/wp-json\/wp\/v2\/product\/54309","targetHints":{"allow":["GET"]}}],"collection":[{"href":"https:\/\/vmsport.fi\/sv\/wp-json\/wp\/v2\/product"}],"about":[{"href":"https:\/\/vmsport.fi\/sv\/wp-json\/wp\/v2\/types\/product"}],"replies":[{"embeddable":true,"href":"https:\/\/vmsport.fi\/sv\/wp-json\/wp\/v2\/comments?post=54309"}],"wp:featuredmedia":[{"embeddable":true,"href":"https:\/\/vmsport.fi\/sv\/wp-json\/wp\/v2\/media\/54308"}],"wp:attachment":[{"href":"https:\/\/vmsport.fi\/sv\/wp-json\/wp\/v2\/media?parent=54309"}],"wp:term":[{"taxonomy":"product_brand","embeddable":true,"href":"https:\/\/vmsport.fi\/sv\/wp-json\/wp\/v2\/product_brand?post=54309"},{"taxonomy":"product_model","embeddable":true,"href":"https:\/\/vmsport.fi\/sv\/wp-json\/wp\/v2\/product_model?post=54309"},{"taxonomy":"product_cat","embeddable":true,"href":"https:\/\/vmsport.fi\/sv\/wp-json\/wp\/v2\/product_cat?post=54309"},{"taxonomy":"product_tag","embeddable":true,"href":"https:\/\/vmsport.fi\/sv\/wp-json\/wp\/v2\/product_tag?post=54309"},{"taxonomy":"industry_terminology","embeddable":true,"href":"https:\/\/vmsport.fi\/sv\/wp-json\/wp\/v2\/industry-terminology?post=54309"}],"curies":[{"name":"wp","href":"https:\/\/api.w.org\/{rel}","templated":true}]}}