{"id":54305,"date":"2025-03-05T23:52:22","date_gmt":"2025-03-05T21:52:22","guid":{"rendered":"https:\/\/vmsport.fi\/verkkokauppa\/Ei-luokiteltu\/oxc-aquatex-touring-bike-cover-deluxe-1-2-bicycles\/"},"modified":"2026-04-22T15:08:33","modified_gmt":"2026-04-22T12:08:33","slug":"oxc-aquatex-touring-bike-cover-deluxe-1-2-bicycles","status":"publish","type":"product","link":"https:\/\/vmsport.fi\/sv\/verkkokauppa\/tarvikkeet\/telineet\/sailytys-ja-kuljetustelineet\/oxc-aquatex-touring-bike-cover-deluxe-1-2-bicycles\/","title":{"rendered":"OXC Aquatex Touring Bike Cover Deluxe 1-2 cyklar"},"content":{"rendered":"<p>OXC Aquatex Touring Bike Cover Deluxe tarjoaa erinomaisen suojan yhdelle tai kahdelle polkupy\u00f6r\u00e4lle. Se on valmistettu kest\u00e4v\u00e4st\u00e4, vedenpit\u00e4v\u00e4st\u00e4 300D polyesterikankaasta, joka suojaa py\u00f6r\u00e4t tehokkaasti sateelta ja p\u00f6lylt\u00e4. Tukevat kiinnityshihnat varmistavat tiukan istuvuuden py\u00f6r\u00e4n ymp\u00e4rille, joten suoja pysyy paikoillaan my\u00f6s tuulisissa olosuhteissa. Vetoketjut tarjoavat lis\u00e4suojaa, ja kiristysnauhoja voi k\u00e4ytt\u00e4\u00e4 lis\u00e4varusteena. Selke\u00e4 tasku on tarkoitettu varoitusmerkin lis\u00e4\u00e4miseen, ja tuotteen asentaminen sek\u00e4 poistaminen on helppoa. Mukana tuleva kompakti s\u00e4ilytyspussi helpottaa tuotteen s\u00e4ilytt\u00e4mist\u00e4, kun sit\u00e4 ei k\u00e4ytet\u00e4.<\/p>","protected":false},"excerpt":{"rendered":"<p>OXC Aquatex Touring Bike Cover Deluxe tarjoaa erinomaisen suojan yhdelle tai kahdelle polkupy\u00f6r\u00e4lle. Se on valmistettu kest\u00e4v\u00e4st\u00e4, vedenpit\u00e4v\u00e4st\u00e4 300D polyesterikankaasta, joka suojaa py\u00f6r\u00e4t tehokkaasti sateelta ja p\u00f6lylt\u00e4. Tukevat kiinnityshihnat varmistavat tiukan istuvuuden py\u00f6r\u00e4n ymp\u00e4rille, joten suoja pysyy paikoillaan my\u00f6s tuulisissa olosuhteissa. Vetoketjut tarjoavat lis\u00e4suojaa, ja kiristysnauhoja voi k\u00e4ytt\u00e4\u00e4 lis\u00e4varusteena. Selke\u00e4 tasku on tarkoitettu varoitusmerkin lis\u00e4\u00e4miseen, [&#8230;]<\/p>\n<p><a class=\"btn btn-secondary understrap-read-more-link\" href=\"https:\/\/vmsport.fi\/sv\/verkkokauppa\/tarvikkeet\/telineet\/sailytys-ja-kuljetustelineet\/oxc-aquatex-touring-bike-cover-deluxe-1-2-bicycles\/\">L\u00e4s mer \u2026<span class=\"screen-reader-text\"> from OXC Aquatex Touring Bike Cover Deluxe 1-2 Bicycles<\/span><\/a><\/p>\n","protected":false},"featured_media":54304,"comment_status":"open","ping_status":"closed","template":"","meta":{"_acf_changed":false,"_improvement_type_select":"improve_an_existing","_thumb_yes_seoaic":false,"_frame_yes_seoaic":false,"seoaic_generate_description":"","seoaic_improve_instructions_prompt":"","seoaic_rollback_content_improvement":"","seoaic_idea_thumbnail_generator":"","thumbnail_generated":false,"thumbnail_generate_prompt":"","seoaic_article_description":"","_supplier_stock_quantity":0},"product_brand":[],"product_model":[],"product_cat":[9426],"product_tag":[],"industry-terminology":[],"class_list":{"0":"post-54305","1":"product","2":"type-product","3":"status-publish","4":"has-post-thumbnail","6":"product_cat-sailytys-ja-kuljetustelineet","8":"first","9":"instock","10":"taxable","11":"shipping-taxable","12":"purchasable","13":"product-type-simple"},"acf":{"bike_features":null,"overview":{"copy_overview":null,"key_features":null,"statement":"","youtube_url":""}},"yoast_head":"<!-- This site is optimized with the Yoast SEO plugin v27.4 - https:\/\/yoast.com\/product\/yoast-seo-wordpress\/ -->\n<title>OXC Aquatex Touring Bike Cover Deluxe 1-2 Bicycles - VM Sport<\/title>\n<meta name=\"robots\" content=\"index, follow, max-snippet:-1, max-image-preview:large, max-video-preview:-1\" \/>\n<link rel=\"canonical\" href=\"https:\/\/vmsport.fi\/sv\/webbutik\/tillbehor\/byggnadsstallningar\/forvaringsstall-och-transportstall\/oxc-aquatex-touring-bike-cover-deluxe-1-2-bicycles\/\" \/>\n<meta property=\"og:locale\" content=\"sv_SE\" \/>\n<meta property=\"og:type\" content=\"article\" \/>\n<meta property=\"og:title\" content=\"OXC Aquatex Touring Bike Cover Deluxe 1-2 Bicycles - VM Sport\" \/>\n<meta property=\"og:description\" content=\"OXC Aquatex Touring Bike Cover Deluxe tarjoaa erinomaisen suojan yhdelle tai kahdelle polkupy\u00f6r\u00e4lle. Se on valmistettu kest\u00e4v\u00e4st\u00e4, vedenpit\u00e4v\u00e4st\u00e4 300D polyesterikankaasta, joka suojaa py\u00f6r\u00e4t tehokkaasti sateelta ja p\u00f6lylt\u00e4. Tukevat kiinnityshihnat varmistavat tiukan istuvuuden py\u00f6r\u00e4n ymp\u00e4rille, joten suoja pysyy paikoillaan my\u00f6s tuulisissa olosuhteissa. Vetoketjut tarjoavat lis\u00e4suojaa, ja kiristysnauhoja voi k\u00e4ytt\u00e4\u00e4 lis\u00e4varusteena. Selke\u00e4 tasku on tarkoitettu varoitusmerkin lis\u00e4\u00e4miseen, [...]L\u00e4s mer \u2026 from OXC Aquatex Touring Bike Cover Deluxe 1-2 Bicycles\" \/>\n<meta property=\"og:url\" content=\"https:\/\/vmsport.fi\/sv\/webbutik\/tillbehor\/byggnadsstallningar\/forvaringsstall-och-transportstall\/oxc-aquatex-touring-bike-cover-deluxe-1-2-bicycles\/\" \/>\n<meta property=\"og:site_name\" content=\"VM Sport\" \/>\n<meta property=\"article:publisher\" content=\"https:\/\/www.facebook.com\/Vmsport.fi\/\" \/>\n<meta property=\"article:modified_time\" content=\"2026-04-22T12:08:33+00:00\" \/>\n<meta property=\"og:image\" content=\"https:\/\/vmsport.fi\/wp-content\/uploads\/2025\/03\/OXC-Aquatex-Touring-B-Cover-3-4-DL-jpg-thumb-572-572-1.png\" \/>\n\t<meta property=\"og:image:width\" content=\"572\" \/>\n\t<meta property=\"og:image:height\" content=\"572\" \/>\n\t<meta property=\"og:image:type\" content=\"image\/png\" \/>\n<meta name=\"twitter:card\" content=\"summary_large_image\" \/>\n<script type=\"application\/ld+json\" class=\"yoast-schema-graph\">{\"@context\":\"https:\\\/\\\/schema.org\",\"@graph\":[{\"@type\":[\"WebPage\",\"ItemPage\"],\"@id\":\"https:\\\/\\\/vmsport.fi\\\/verkkokauppa\\\/tarvikkeet\\\/telineet\\\/sailytys-ja-kuljetustelineet\\\/oxc-aquatex-touring-bike-cover-deluxe-1-2-bicycles\\\/\",\"url\":\"https:\\\/\\\/vmsport.fi\\\/verkkokauppa\\\/tarvikkeet\\\/telineet\\\/sailytys-ja-kuljetustelineet\\\/oxc-aquatex-touring-bike-cover-deluxe-1-2-bicycles\\\/\",\"name\":\"OXC Aquatex Touring Bike Cover Deluxe 1-2 Bicycles - VM Sport\",\"isPartOf\":{\"@id\":\"https:\\\/\\\/vmsport.fi\\\/#website\"},\"primaryImageOfPage\":{\"@id\":\"https:\\\/\\\/vmsport.fi\\\/verkkokauppa\\\/tarvikkeet\\\/telineet\\\/sailytys-ja-kuljetustelineet\\\/oxc-aquatex-touring-bike-cover-deluxe-1-2-bicycles\\\/#primaryimage\"},\"image\":{\"@id\":\"https:\\\/\\\/vmsport.fi\\\/verkkokauppa\\\/tarvikkeet\\\/telineet\\\/sailytys-ja-kuljetustelineet\\\/oxc-aquatex-touring-bike-cover-deluxe-1-2-bicycles\\\/#primaryimage\"},\"thumbnailUrl\":\"https:\\\/\\\/vmsport.fi\\\/wp-content\\\/uploads\\\/2025\\\/03\\\/OXC-Aquatex-Touring-B-Cover-3-4-DL-jpg-thumb-572-572-1.png\",\"datePublished\":\"2025-03-05T21:52:22+00:00\",\"dateModified\":\"2026-04-22T12:08:33+00:00\",\"breadcrumb\":{\"@id\":\"https:\\\/\\\/vmsport.fi\\\/verkkokauppa\\\/tarvikkeet\\\/telineet\\\/sailytys-ja-kuljetustelineet\\\/oxc-aquatex-touring-bike-cover-deluxe-1-2-bicycles\\\/#breadcrumb\"},\"inLanguage\":\"sv-SE\",\"potentialAction\":[{\"@type\":\"ReadAction\",\"target\":[\"https:\\\/\\\/vmsport.fi\\\/verkkokauppa\\\/tarvikkeet\\\/telineet\\\/sailytys-ja-kuljetustelineet\\\/oxc-aquatex-touring-bike-cover-deluxe-1-2-bicycles\\\/\"]}]},{\"@type\":\"ImageObject\",\"inLanguage\":\"sv-SE\",\"@id\":\"https:\\\/\\\/vmsport.fi\\\/verkkokauppa\\\/tarvikkeet\\\/telineet\\\/sailytys-ja-kuljetustelineet\\\/oxc-aquatex-touring-bike-cover-deluxe-1-2-bicycles\\\/#primaryimage\",\"url\":\"https:\\\/\\\/vmsport.fi\\\/wp-content\\\/uploads\\\/2025\\\/03\\\/OXC-Aquatex-Touring-B-Cover-3-4-DL-jpg-thumb-572-572-1.png\",\"contentUrl\":\"https:\\\/\\\/vmsport.fi\\\/wp-content\\\/uploads\\\/2025\\\/03\\\/OXC-Aquatex-Touring-B-Cover-3-4-DL-jpg-thumb-572-572-1.png\",\"width\":572,\"height\":572,\"caption\":\"OXC-Aquatex-Touring-B-Cover-3-4-DL-jpg-thumb-572-572\"},{\"@type\":\"BreadcrumbList\",\"@id\":\"https:\\\/\\\/vmsport.fi\\\/verkkokauppa\\\/tarvikkeet\\\/telineet\\\/sailytys-ja-kuljetustelineet\\\/oxc-aquatex-touring-bike-cover-deluxe-1-2-bicycles\\\/#breadcrumb\",\"itemListElement\":[{\"@type\":\"ListItem\",\"position\":1,\"name\":\"Etusivu\",\"item\":\"https:\\\/\\\/vmsport.fi\\\/\"},{\"@type\":\"ListItem\",\"position\":2,\"name\":\"Online Store\",\"item\":\"https:\\\/\\\/vmsport.fi\\\/en\\\/online-store\\\/\"},{\"@type\":\"ListItem\",\"position\":3,\"name\":\"OXC Aquatex Touring Bike Cover Deluxe 1-2 Bicycles\"}]},{\"@type\":\"WebSite\",\"@id\":\"https:\\\/\\\/vmsport.fi\\\/#website\",\"url\":\"https:\\\/\\\/vmsport.fi\\\/\",\"name\":\"Vmsport\",\"description\":\"Kaikki py\u00f6r\u00e4ilyyn yhdest\u00e4 paikasta\",\"publisher\":{\"@id\":\"https:\\\/\\\/vmsport.fi\\\/#organization\"},\"potentialAction\":[{\"@type\":\"SearchAction\",\"target\":{\"@type\":\"EntryPoint\",\"urlTemplate\":\"https:\\\/\\\/vmsport.fi\\\/?s={search_term_string}\"},\"query-input\":{\"@type\":\"PropertyValueSpecification\",\"valueRequired\":true,\"valueName\":\"search_term_string\"}}],\"inLanguage\":\"sv-SE\"},{\"@type\":\"Organization\",\"@id\":\"https:\\\/\\\/vmsport.fi\\\/#organization\",\"name\":\"Vmsport\",\"url\":\"https:\\\/\\\/vmsport.fi\\\/\",\"logo\":{\"@type\":\"ImageObject\",\"inLanguage\":\"sv-SE\",\"@id\":\"https:\\\/\\\/vmsport.fi\\\/#\\\/schema\\\/logo\\\/image\\\/\",\"url\":\"https:\\\/\\\/vmsport.fi\\\/wp-content\\\/uploads\\\/2024\\\/12\\\/vm_sport_RGB_horisontal-e1734526017575.png\",\"contentUrl\":\"https:\\\/\\\/vmsport.fi\\\/wp-content\\\/uploads\\\/2024\\\/12\\\/vm_sport_RGB_horisontal-e1734526017575.png\",\"width\":668,\"height\":85,\"caption\":\"Vmsport\"},\"image\":{\"@id\":\"https:\\\/\\\/vmsport.fi\\\/#\\\/schema\\\/logo\\\/image\\\/\"},\"sameAs\":[\"https:\\\/\\\/www.facebook.com\\\/Vmsport.fi\\\/\",\"https:\\\/\\\/www.instagram.com\\\/vmsport\\\/\"]}]}<\/script>\n<!-- \/ Yoast SEO plugin. -->","yoast_head_json":{"title":"OXC Aquatex Touring Bike Cover Deluxe 1-2 Bicycles - VM Sport","robots":{"index":"index","follow":"follow","max-snippet":"max-snippet:-1","max-image-preview":"max-image-preview:large","max-video-preview":"max-video-preview:-1"},"canonical":"https:\/\/vmsport.fi\/sv\/webbutik\/tillbehor\/byggnadsstallningar\/forvaringsstall-och-transportstall\/oxc-aquatex-touring-bike-cover-deluxe-1-2-bicycles\/","og_locale":"sv_SE","og_type":"article","og_title":"OXC Aquatex Touring Bike Cover Deluxe 1-2 Bicycles - VM Sport","og_description":"OXC Aquatex Touring Bike Cover Deluxe tarjoaa erinomaisen suojan yhdelle tai kahdelle polkupy\u00f6r\u00e4lle. Se on valmistettu kest\u00e4v\u00e4st\u00e4, vedenpit\u00e4v\u00e4st\u00e4 300D polyesterikankaasta, joka suojaa py\u00f6r\u00e4t tehokkaasti sateelta ja p\u00f6lylt\u00e4. Tukevat kiinnityshihnat varmistavat tiukan istuvuuden py\u00f6r\u00e4n ymp\u00e4rille, joten suoja pysyy paikoillaan my\u00f6s tuulisissa olosuhteissa. Vetoketjut tarjoavat lis\u00e4suojaa, ja kiristysnauhoja voi k\u00e4ytt\u00e4\u00e4 lis\u00e4varusteena. Selke\u00e4 tasku on tarkoitettu varoitusmerkin lis\u00e4\u00e4miseen, [...]L\u00e4s mer \u2026 from OXC Aquatex Touring Bike Cover Deluxe 1-2 Bicycles","og_url":"https:\/\/vmsport.fi\/sv\/webbutik\/tillbehor\/byggnadsstallningar\/forvaringsstall-och-transportstall\/oxc-aquatex-touring-bike-cover-deluxe-1-2-bicycles\/","og_site_name":"VM Sport","article_publisher":"https:\/\/www.facebook.com\/Vmsport.fi\/","article_modified_time":"2026-04-22T12:08:33+00:00","og_image":[{"width":572,"height":572,"url":"https:\/\/vmsport.fi\/wp-content\/uploads\/2025\/03\/OXC-Aquatex-Touring-B-Cover-3-4-DL-jpg-thumb-572-572-1.png","type":"image\/png"}],"twitter_card":"summary_large_image","schema":{"@context":"https:\/\/schema.org","@graph":[{"@type":["WebPage","ItemPage"],"@id":"https:\/\/vmsport.fi\/verkkokauppa\/tarvikkeet\/telineet\/sailytys-ja-kuljetustelineet\/oxc-aquatex-touring-bike-cover-deluxe-1-2-bicycles\/","url":"https:\/\/vmsport.fi\/verkkokauppa\/tarvikkeet\/telineet\/sailytys-ja-kuljetustelineet\/oxc-aquatex-touring-bike-cover-deluxe-1-2-bicycles\/","name":"OXC Aquatex Touring Bike Cover Deluxe 1-2 Bicycles - VM Sport","isPartOf":{"@id":"https:\/\/vmsport.fi\/#website"},"primaryImageOfPage":{"@id":"https:\/\/vmsport.fi\/verkkokauppa\/tarvikkeet\/telineet\/sailytys-ja-kuljetustelineet\/oxc-aquatex-touring-bike-cover-deluxe-1-2-bicycles\/#primaryimage"},"image":{"@id":"https:\/\/vmsport.fi\/verkkokauppa\/tarvikkeet\/telineet\/sailytys-ja-kuljetustelineet\/oxc-aquatex-touring-bike-cover-deluxe-1-2-bicycles\/#primaryimage"},"thumbnailUrl":"https:\/\/vmsport.fi\/wp-content\/uploads\/2025\/03\/OXC-Aquatex-Touring-B-Cover-3-4-DL-jpg-thumb-572-572-1.png","datePublished":"2025-03-05T21:52:22+00:00","dateModified":"2026-04-22T12:08:33+00:00","breadcrumb":{"@id":"https:\/\/vmsport.fi\/verkkokauppa\/tarvikkeet\/telineet\/sailytys-ja-kuljetustelineet\/oxc-aquatex-touring-bike-cover-deluxe-1-2-bicycles\/#breadcrumb"},"inLanguage":"sv-SE","potentialAction":[{"@type":"ReadAction","target":["https:\/\/vmsport.fi\/verkkokauppa\/tarvikkeet\/telineet\/sailytys-ja-kuljetustelineet\/oxc-aquatex-touring-bike-cover-deluxe-1-2-bicycles\/"]}]},{"@type":"ImageObject","inLanguage":"sv-SE","@id":"https:\/\/vmsport.fi\/verkkokauppa\/tarvikkeet\/telineet\/sailytys-ja-kuljetustelineet\/oxc-aquatex-touring-bike-cover-deluxe-1-2-bicycles\/#primaryimage","url":"https:\/\/vmsport.fi\/wp-content\/uploads\/2025\/03\/OXC-Aquatex-Touring-B-Cover-3-4-DL-jpg-thumb-572-572-1.png","contentUrl":"https:\/\/vmsport.fi\/wp-content\/uploads\/2025\/03\/OXC-Aquatex-Touring-B-Cover-3-4-DL-jpg-thumb-572-572-1.png","width":572,"height":572,"caption":"OXC-Aquatex-Touring-B-Cover-3-4-DL-jpg-thumb-572-572"},{"@type":"BreadcrumbList","@id":"https:\/\/vmsport.fi\/verkkokauppa\/tarvikkeet\/telineet\/sailytys-ja-kuljetustelineet\/oxc-aquatex-touring-bike-cover-deluxe-1-2-bicycles\/#breadcrumb","itemListElement":[{"@type":"ListItem","position":1,"name":"Etusivu","item":"https:\/\/vmsport.fi\/"},{"@type":"ListItem","position":2,"name":"Online Store","item":"https:\/\/vmsport.fi\/en\/online-store\/"},{"@type":"ListItem","position":3,"name":"OXC Aquatex Touring Bike Cover Deluxe 1-2 Bicycles"}]},{"@type":"WebSite","@id":"https:\/\/vmsport.fi\/#website","url":"https:\/\/vmsport.fi\/","name":"Vmsport","description":"Allt p\u00e5 ett st\u00e4lle f\u00f6r cykling","publisher":{"@id":"https:\/\/vmsport.fi\/#organization"},"potentialAction":[{"@type":"SearchAction","target":{"@type":"EntryPoint","urlTemplate":"https:\/\/vmsport.fi\/?s={search_term_string}"},"query-input":{"@type":"PropertyValueSpecification","valueRequired":true,"valueName":"search_term_string"}}],"inLanguage":"sv-SE"},{"@type":"Organization","@id":"https:\/\/vmsport.fi\/#organization","name":"Vmsport","url":"https:\/\/vmsport.fi\/","logo":{"@type":"ImageObject","inLanguage":"sv-SE","@id":"https:\/\/vmsport.fi\/#\/schema\/logo\/image\/","url":"https:\/\/vmsport.fi\/wp-content\/uploads\/2024\/12\/vm_sport_RGB_horisontal-e1734526017575.png","contentUrl":"https:\/\/vmsport.fi\/wp-content\/uploads\/2024\/12\/vm_sport_RGB_horisontal-e1734526017575.png","width":668,"height":85,"caption":"Vmsport"},"image":{"@id":"https:\/\/vmsport.fi\/#\/schema\/logo\/image\/"},"sameAs":["https:\/\/www.facebook.com\/Vmsport.fi\/","https:\/\/www.instagram.com\/vmsport\/"]}]}},"global_unique_id":"","_links":{"self":[{"href":"https:\/\/vmsport.fi\/sv\/wp-json\/wp\/v2\/product\/54305","targetHints":{"allow":["GET"]}}],"collection":[{"href":"https:\/\/vmsport.fi\/sv\/wp-json\/wp\/v2\/product"}],"about":[{"href":"https:\/\/vmsport.fi\/sv\/wp-json\/wp\/v2\/types\/product"}],"replies":[{"embeddable":true,"href":"https:\/\/vmsport.fi\/sv\/wp-json\/wp\/v2\/comments?post=54305"}],"wp:featuredmedia":[{"embeddable":true,"href":"https:\/\/vmsport.fi\/sv\/wp-json\/wp\/v2\/media\/54304"}],"wp:attachment":[{"href":"https:\/\/vmsport.fi\/sv\/wp-json\/wp\/v2\/media?parent=54305"}],"wp:term":[{"taxonomy":"product_brand","embeddable":true,"href":"https:\/\/vmsport.fi\/sv\/wp-json\/wp\/v2\/product_brand?post=54305"},{"taxonomy":"product_model","embeddable":true,"href":"https:\/\/vmsport.fi\/sv\/wp-json\/wp\/v2\/product_model?post=54305"},{"taxonomy":"product_cat","embeddable":true,"href":"https:\/\/vmsport.fi\/sv\/wp-json\/wp\/v2\/product_cat?post=54305"},{"taxonomy":"product_tag","embeddable":true,"href":"https:\/\/vmsport.fi\/sv\/wp-json\/wp\/v2\/product_tag?post=54305"},{"taxonomy":"industry_terminology","embeddable":true,"href":"https:\/\/vmsport.fi\/sv\/wp-json\/wp\/v2\/industry-terminology?post=54305"}],"curies":[{"name":"wp","href":"https:\/\/api.w.org\/{rel}","templated":true}]}}