{"id":54301,"date":"2025-03-05T23:52:20","date_gmt":"2025-03-05T21:52:20","guid":{"rendered":"https:\/\/vmsport.fi\/verkkokauppa\/Ei-luokiteltu\/vaihdevipu-slx-m7100-12v-i-spec-ev-oikea\/"},"modified":"2026-01-16T13:21:47","modified_gmt":"2026-01-16T11:21:47","slug":"vaxelspak-slx-m7100-12v-i-spec-ev-hoger","status":"publish","type":"product","link":"https:\/\/vmsport.fi\/sv\/verkkokauppa\/varaosat\/vaihteistot\/vaihdevivut\/vaihdevipu-slx-m7100-12v-i-spec-ev-oikea\/","title":{"rendered":"V\u00e4xelspak SLX M7100 12v I-spec EV h\u00f6ger"},"content":{"rendered":"<p>Shimano SLX M7100-v\u00e4xelspaken \u00e4r byggd f\u00f6r avancerad cykling och erbjuder smidiga och effektiva v\u00e4xlingar. Det \u00e4r det perfekta valet f\u00f6r en m\u00e4ngd olika cykelsituationer, fr\u00e5n l\u00e5nga terr\u00e4ngcyklingar till kr\u00e4vande terr\u00e4nglopp. Den exakt utformade v\u00e4xelspaksmekanismen m\u00f6jligg\u00f6r snabbare spakman\u00f6vrering och l\u00e4ttare v\u00e4xling, vilket minskar v\u00e4xlingskraften med 35% j\u00e4mf\u00f6rt med tidigare modeller. Kompatibilitet med den tv\u00e5v\u00e4xlade I-spec EV och tankmonteringssystem \u00f6kar dess m\u00e5ngsidighet. RAPIDFIRE PLUS-tekniken ger exakt v\u00e4xelkontroll, medan 2WAY-RELEASE-funktionen ger omedelbar v\u00e4xelfrig\u00f6ring. Den rekommenderade l\u00f6sningen f\u00f6r yttre skal, OT-SP41, s\u00e4kerst\u00e4ller utm\u00e4rkt kabelprestanda, medan den integrerade justeringsmekanismen underl\u00e4ttar finjustering av sp\u00e4nningen. Modellnumret SL-M7100-R ing\u00e5r i SLX M7100-serien, v\u00e4ger ca 120 gram och har st\u00f6d f\u00f6r en 12-v\u00e4xlad bakv\u00e4xel, vilket g\u00f6r den till ett h\u00e5llbart och p\u00e5litligt val f\u00f6r en m\u00e4ngd olika k\u00f6rbehov.<\/p>","protected":false},"excerpt":{"rendered":"<p>Shimano SLX M7100 -vaihdevipu on valmistettu huippuluokan py\u00f6r\u00e4ily\u00e4 varten, tarjoten sulavia ja tehokkaita vaihteenvaihtoja. Se on ihanteellinen valinta monenlaisiin ajotilanteisiin, kuten pitkille maastoretkille tai vaativiin maastoajokisoihin. Vaihdevivun tarkasti suunniteltu mekanismi mahdollistaa nopeamman vivun k\u00e4yt\u00f6n ja kevyen vaihteen kytkemisen, sill\u00e4 se v\u00e4hent\u00e4\u00e4 vaihdon voiman tarvetta 35 prosentilla aiempiin malleihin verrattuna. Yhteensopivuus kaksivaihteiseen I-spec EV- ja tankokiinnitysj\u00e4rjestelmiin [&#8230;]<\/p>\n<p><a class=\"btn btn-secondary understrap-read-more-link\" href=\"https:\/\/vmsport.fi\/sv\/verkkokauppa\/varaosat\/vaihteistot\/vaihdevivut\/vaihdevipu-slx-m7100-12v-i-spec-ev-oikea\/\">L\u00e4s mer \u2026<span class=\"screen-reader-text\"> from Vaihdevipu SLX M7100 12v I-spec EV oikea<\/span><\/a><\/p>\n","protected":false},"featured_media":54300,"comment_status":"open","ping_status":"closed","template":"","meta":{"_acf_changed":false,"_improvement_type_select":"improve_an_existing","_thumb_yes_seoaic":false,"_frame_yes_seoaic":false,"seoaic_generate_description":"","seoaic_improve_instructions_prompt":"","seoaic_rollback_content_improvement":"","seoaic_idea_thumbnail_generator":"","thumbnail_generated":false,"thumbnail_generate_prompt":"","seoaic_article_description":"","_supplier_stock_quantity":0},"product_brand":[],"product_model":[],"product_cat":[9388],"product_tag":[],"industry-terminology":[],"class_list":{"0":"post-54301","1":"product","2":"type-product","3":"status-publish","4":"has-post-thumbnail","6":"product_cat-vaihdevivut","8":"first","9":"outofstock","10":"taxable","11":"shipping-taxable","12":"product-type-simple"},"acf":{"bike_features":null,"overview":{"copy_overview":null,"key_features":null,"statement":"","youtube_url":""}},"yoast_head":"<!-- This site is optimized with the Yoast SEO plugin v27.3 - https:\/\/yoast.com\/product\/yoast-seo-wordpress\/ -->\n<title>Vaihdevipu SLX M7100 12v I-spec EV oikea - VM Sport<\/title>\n<meta name=\"robots\" content=\"index, follow, max-snippet:-1, max-image-preview:large, max-video-preview:-1\" \/>\n<link rel=\"canonical\" href=\"https:\/\/vmsport.fi\/sv\/webbutik\/reservdelar\/vaxellador\/sidor-om-vaxellador\/vaxelspak-slx-m7100-12v-i-spec-ev-hoger\/\" \/>\n<meta property=\"og:locale\" content=\"sv_SE\" \/>\n<meta property=\"og:type\" content=\"article\" \/>\n<meta property=\"og:title\" content=\"Vaihdevipu SLX M7100 12v I-spec EV oikea - VM Sport\" \/>\n<meta property=\"og:description\" content=\"Shimano SLX M7100 -vaihdevipu on valmistettu huippuluokan py\u00f6r\u00e4ily\u00e4 varten, tarjoten sulavia ja tehokkaita vaihteenvaihtoja. Se on ihanteellinen valinta monenlaisiin ajotilanteisiin, kuten pitkille maastoretkille tai vaativiin maastoajokisoihin. Vaihdevivun tarkasti suunniteltu mekanismi mahdollistaa nopeamman vivun k\u00e4yt\u00f6n ja kevyen vaihteen kytkemisen, sill\u00e4 se v\u00e4hent\u00e4\u00e4 vaihdon voiman tarvetta 35 prosentilla aiempiin malleihin verrattuna. Yhteensopivuus kaksivaihteiseen I-spec EV- ja tankokiinnitysj\u00e4rjestelmiin [...]L\u00e4s mer \u2026 from Vaihdevipu SLX M7100 12v I-spec EV oikea\" \/>\n<meta property=\"og:url\" content=\"https:\/\/vmsport.fi\/sv\/webbutik\/reservdelar\/vaxellador\/sidor-om-vaxellador\/vaxelspak-slx-m7100-12v-i-spec-ev-hoger\/\" \/>\n<meta property=\"og:site_name\" content=\"VM Sport\" \/>\n<meta property=\"article:publisher\" content=\"https:\/\/www.facebook.com\/Vmsport.fi\/\" \/>\n<meta property=\"article:modified_time\" content=\"2026-01-16T11:21:47+00:00\" \/>\n<meta property=\"og:image\" content=\"https:\/\/vmsport.fi\/wp-content\/uploads\/2025\/03\/RjzCFMkThTMwvSV3zpYTFxE0ZUtIdDybEJ3C9zsUUbvXLUjwwF-1.jpg\" \/>\n\t<meta property=\"og:image:width\" content=\"600\" \/>\n\t<meta property=\"og:image:height\" content=\"600\" \/>\n\t<meta property=\"og:image:type\" content=\"image\/jpeg\" \/>\n<meta name=\"twitter:card\" content=\"summary_large_image\" \/>\n<meta name=\"twitter:label1\" content=\"Ber\u00e4knad l\u00e4stid\" \/>\n\t<meta name=\"twitter:data1\" content=\"1 minut\" \/>\n<script type=\"application\/ld+json\" class=\"yoast-schema-graph\">{\"@context\":\"https:\\\/\\\/schema.org\",\"@graph\":[{\"@type\":[\"WebPage\",\"ItemPage\"],\"@id\":\"https:\\\/\\\/vmsport.fi\\\/verkkokauppa\\\/varaosat\\\/vaihteistot\\\/vaihdevivut\\\/vaihdevipu-slx-m7100-12v-i-spec-ev-oikea\\\/\",\"url\":\"https:\\\/\\\/vmsport.fi\\\/verkkokauppa\\\/varaosat\\\/vaihteistot\\\/vaihdevivut\\\/vaihdevipu-slx-m7100-12v-i-spec-ev-oikea\\\/\",\"name\":\"Vaihdevipu SLX M7100 12v I-spec EV oikea - VM Sport\",\"isPartOf\":{\"@id\":\"https:\\\/\\\/vmsport.fi\\\/#website\"},\"primaryImageOfPage\":{\"@id\":\"https:\\\/\\\/vmsport.fi\\\/verkkokauppa\\\/varaosat\\\/vaihteistot\\\/vaihdevivut\\\/vaihdevipu-slx-m7100-12v-i-spec-ev-oikea\\\/#primaryimage\"},\"image\":{\"@id\":\"https:\\\/\\\/vmsport.fi\\\/verkkokauppa\\\/varaosat\\\/vaihteistot\\\/vaihdevivut\\\/vaihdevipu-slx-m7100-12v-i-spec-ev-oikea\\\/#primaryimage\"},\"thumbnailUrl\":\"https:\\\/\\\/vmsport.fi\\\/wp-content\\\/uploads\\\/2025\\\/03\\\/RjzCFMkThTMwvSV3zpYTFxE0ZUtIdDybEJ3C9zsUUbvXLUjwwF-1.jpg\",\"datePublished\":\"2025-03-05T21:52:20+00:00\",\"dateModified\":\"2026-01-16T11:21:47+00:00\",\"breadcrumb\":{\"@id\":\"https:\\\/\\\/vmsport.fi\\\/verkkokauppa\\\/varaosat\\\/vaihteistot\\\/vaihdevivut\\\/vaihdevipu-slx-m7100-12v-i-spec-ev-oikea\\\/#breadcrumb\"},\"inLanguage\":\"sv-SE\",\"potentialAction\":[{\"@type\":\"ReadAction\",\"target\":[\"https:\\\/\\\/vmsport.fi\\\/verkkokauppa\\\/varaosat\\\/vaihteistot\\\/vaihdevivut\\\/vaihdevipu-slx-m7100-12v-i-spec-ev-oikea\\\/\"]}]},{\"@type\":\"ImageObject\",\"inLanguage\":\"sv-SE\",\"@id\":\"https:\\\/\\\/vmsport.fi\\\/verkkokauppa\\\/varaosat\\\/vaihteistot\\\/vaihdevivut\\\/vaihdevipu-slx-m7100-12v-i-spec-ev-oikea\\\/#primaryimage\",\"url\":\"https:\\\/\\\/vmsport.fi\\\/wp-content\\\/uploads\\\/2025\\\/03\\\/RjzCFMkThTMwvSV3zpYTFxE0ZUtIdDybEJ3C9zsUUbvXLUjwwF-1.jpg\",\"contentUrl\":\"https:\\\/\\\/vmsport.fi\\\/wp-content\\\/uploads\\\/2025\\\/03\\\/RjzCFMkThTMwvSV3zpYTFxE0ZUtIdDybEJ3C9zsUUbvXLUjwwF-1.jpg\",\"width\":600,\"height\":600,\"caption\":\"RjzCFMkThTMwvSV3zpYTFxE0ZUtIdDybEJ3C9zsUUbvXLUjwwF\"},{\"@type\":\"BreadcrumbList\",\"@id\":\"https:\\\/\\\/vmsport.fi\\\/verkkokauppa\\\/varaosat\\\/vaihteistot\\\/vaihdevivut\\\/vaihdevipu-slx-m7100-12v-i-spec-ev-oikea\\\/#breadcrumb\",\"itemListElement\":[{\"@type\":\"ListItem\",\"position\":1,\"name\":\"Etusivu\",\"item\":\"https:\\\/\\\/vmsport.fi\\\/\"},{\"@type\":\"ListItem\",\"position\":2,\"name\":\"Online Store\",\"item\":\"https:\\\/\\\/vmsport.fi\\\/en\\\/online-store\\\/\"},{\"@type\":\"ListItem\",\"position\":3,\"name\":\"Vaihdevipu SLX M7100 12v I-spec EV oikea\"}]},{\"@type\":\"WebSite\",\"@id\":\"https:\\\/\\\/vmsport.fi\\\/#website\",\"url\":\"https:\\\/\\\/vmsport.fi\\\/\",\"name\":\"Vmsport\",\"description\":\"Kaikki py\u00f6r\u00e4ilyyn yhdest\u00e4 paikasta\",\"publisher\":{\"@id\":\"https:\\\/\\\/vmsport.fi\\\/#organization\"},\"potentialAction\":[{\"@type\":\"SearchAction\",\"target\":{\"@type\":\"EntryPoint\",\"urlTemplate\":\"https:\\\/\\\/vmsport.fi\\\/?s={search_term_string}\"},\"query-input\":{\"@type\":\"PropertyValueSpecification\",\"valueRequired\":true,\"valueName\":\"search_term_string\"}}],\"inLanguage\":\"sv-SE\"},{\"@type\":\"Organization\",\"@id\":\"https:\\\/\\\/vmsport.fi\\\/#organization\",\"name\":\"Vmsport\",\"url\":\"https:\\\/\\\/vmsport.fi\\\/\",\"logo\":{\"@type\":\"ImageObject\",\"inLanguage\":\"sv-SE\",\"@id\":\"https:\\\/\\\/vmsport.fi\\\/#\\\/schema\\\/logo\\\/image\\\/\",\"url\":\"https:\\\/\\\/vmsport.fi\\\/wp-content\\\/uploads\\\/2024\\\/12\\\/vm_sport_RGB_horisontal-e1734526017575.png\",\"contentUrl\":\"https:\\\/\\\/vmsport.fi\\\/wp-content\\\/uploads\\\/2024\\\/12\\\/vm_sport_RGB_horisontal-e1734526017575.png\",\"width\":668,\"height\":85,\"caption\":\"Vmsport\"},\"image\":{\"@id\":\"https:\\\/\\\/vmsport.fi\\\/#\\\/schema\\\/logo\\\/image\\\/\"},\"sameAs\":[\"https:\\\/\\\/www.facebook.com\\\/Vmsport.fi\\\/\",\"https:\\\/\\\/www.instagram.com\\\/vmsport\\\/\"]}]}<\/script>\n<!-- \/ Yoast SEO plugin. -->","yoast_head_json":{"title":"SLX M7100 12v I-spec EV h\u00f6ger - VM Sport","robots":{"index":"index","follow":"follow","max-snippet":"max-snippet:-1","max-image-preview":"max-image-preview:large","max-video-preview":"max-video-preview:-1"},"canonical":"https:\/\/vmsport.fi\/sv\/webbutik\/reservdelar\/vaxellador\/sidor-om-vaxellador\/vaxelspak-slx-m7100-12v-i-spec-ev-hoger\/","og_locale":"sv_SE","og_type":"article","og_title":"Vaihdevipu SLX M7100 12v I-spec EV oikea - VM Sport","og_description":"Shimano SLX M7100 -vaihdevipu on valmistettu huippuluokan py\u00f6r\u00e4ily\u00e4 varten, tarjoten sulavia ja tehokkaita vaihteenvaihtoja. Se on ihanteellinen valinta monenlaisiin ajotilanteisiin, kuten pitkille maastoretkille tai vaativiin maastoajokisoihin. Vaihdevivun tarkasti suunniteltu mekanismi mahdollistaa nopeamman vivun k\u00e4yt\u00f6n ja kevyen vaihteen kytkemisen, sill\u00e4 se v\u00e4hent\u00e4\u00e4 vaihdon voiman tarvetta 35 prosentilla aiempiin malleihin verrattuna. Yhteensopivuus kaksivaihteiseen I-spec EV- ja tankokiinnitysj\u00e4rjestelmiin [...]L\u00e4s mer \u2026 from Vaihdevipu SLX M7100 12v I-spec EV oikea","og_url":"https:\/\/vmsport.fi\/sv\/webbutik\/reservdelar\/vaxellador\/sidor-om-vaxellador\/vaxelspak-slx-m7100-12v-i-spec-ev-hoger\/","og_site_name":"VM Sport","article_publisher":"https:\/\/www.facebook.com\/Vmsport.fi\/","article_modified_time":"2026-01-16T11:21:47+00:00","og_image":[{"width":600,"height":600,"url":"https:\/\/vmsport.fi\/wp-content\/uploads\/2025\/03\/RjzCFMkThTMwvSV3zpYTFxE0ZUtIdDybEJ3C9zsUUbvXLUjwwF-1.jpg","type":"image\/jpeg"}],"twitter_card":"summary_large_image","twitter_misc":{"Ber\u00e4knad l\u00e4stid":"1 minut"},"schema":{"@context":"https:\/\/schema.org","@graph":[{"@type":["WebPage","ItemPage"],"@id":"https:\/\/vmsport.fi\/verkkokauppa\/varaosat\/vaihteistot\/vaihdevivut\/vaihdevipu-slx-m7100-12v-i-spec-ev-oikea\/","url":"https:\/\/vmsport.fi\/verkkokauppa\/varaosat\/vaihteistot\/vaihdevivut\/vaihdevipu-slx-m7100-12v-i-spec-ev-oikea\/","name":"SLX M7100 12v I-spec EV h\u00f6ger - VM Sport","isPartOf":{"@id":"https:\/\/vmsport.fi\/#website"},"primaryImageOfPage":{"@id":"https:\/\/vmsport.fi\/verkkokauppa\/varaosat\/vaihteistot\/vaihdevivut\/vaihdevipu-slx-m7100-12v-i-spec-ev-oikea\/#primaryimage"},"image":{"@id":"https:\/\/vmsport.fi\/verkkokauppa\/varaosat\/vaihteistot\/vaihdevivut\/vaihdevipu-slx-m7100-12v-i-spec-ev-oikea\/#primaryimage"},"thumbnailUrl":"https:\/\/vmsport.fi\/wp-content\/uploads\/2025\/03\/RjzCFMkThTMwvSV3zpYTFxE0ZUtIdDybEJ3C9zsUUbvXLUjwwF-1.jpg","datePublished":"2025-03-05T21:52:20+00:00","dateModified":"2026-01-16T11:21:47+00:00","breadcrumb":{"@id":"https:\/\/vmsport.fi\/verkkokauppa\/varaosat\/vaihteistot\/vaihdevivut\/vaihdevipu-slx-m7100-12v-i-spec-ev-oikea\/#breadcrumb"},"inLanguage":"sv-SE","potentialAction":[{"@type":"ReadAction","target":["https:\/\/vmsport.fi\/verkkokauppa\/varaosat\/vaihteistot\/vaihdevivut\/vaihdevipu-slx-m7100-12v-i-spec-ev-oikea\/"]}]},{"@type":"ImageObject","inLanguage":"sv-SE","@id":"https:\/\/vmsport.fi\/verkkokauppa\/varaosat\/vaihteistot\/vaihdevivut\/vaihdevipu-slx-m7100-12v-i-spec-ev-oikea\/#primaryimage","url":"https:\/\/vmsport.fi\/wp-content\/uploads\/2025\/03\/RjzCFMkThTMwvSV3zpYTFxE0ZUtIdDybEJ3C9zsUUbvXLUjwwF-1.jpg","contentUrl":"https:\/\/vmsport.fi\/wp-content\/uploads\/2025\/03\/RjzCFMkThTMwvSV3zpYTFxE0ZUtIdDybEJ3C9zsUUbvXLUjwwF-1.jpg","width":600,"height":600,"caption":"RjzCFMkThTMwvSV3zpYTFxE0ZUtIdDybEJ3C9zsUUbvXLUjwwF"},{"@type":"BreadcrumbList","@id":"https:\/\/vmsport.fi\/verkkokauppa\/varaosat\/vaihteistot\/vaihdevivut\/vaihdevipu-slx-m7100-12v-i-spec-ev-oikea\/#breadcrumb","itemListElement":[{"@type":"ListItem","position":1,"name":"Etusivu","item":"https:\/\/vmsport.fi\/"},{"@type":"ListItem","position":2,"name":"Online Store","item":"https:\/\/vmsport.fi\/en\/online-store\/"},{"@type":"ListItem","position":3,"name":"Vaihdevipu SLX M7100 12v I-spec EV oikea"}]},{"@type":"WebSite","@id":"https:\/\/vmsport.fi\/#website","url":"https:\/\/vmsport.fi\/","name":"Vmsport","description":"Allt p\u00e5 ett st\u00e4lle f\u00f6r cykling","publisher":{"@id":"https:\/\/vmsport.fi\/#organization"},"potentialAction":[{"@type":"SearchAction","target":{"@type":"EntryPoint","urlTemplate":"https:\/\/vmsport.fi\/?s={search_term_string}"},"query-input":{"@type":"PropertyValueSpecification","valueRequired":true,"valueName":"search_term_string"}}],"inLanguage":"sv-SE"},{"@type":"Organization","@id":"https:\/\/vmsport.fi\/#organization","name":"Vmsport","url":"https:\/\/vmsport.fi\/","logo":{"@type":"ImageObject","inLanguage":"sv-SE","@id":"https:\/\/vmsport.fi\/#\/schema\/logo\/image\/","url":"https:\/\/vmsport.fi\/wp-content\/uploads\/2024\/12\/vm_sport_RGB_horisontal-e1734526017575.png","contentUrl":"https:\/\/vmsport.fi\/wp-content\/uploads\/2024\/12\/vm_sport_RGB_horisontal-e1734526017575.png","width":668,"height":85,"caption":"Vmsport"},"image":{"@id":"https:\/\/vmsport.fi\/#\/schema\/logo\/image\/"},"sameAs":["https:\/\/www.facebook.com\/Vmsport.fi\/","https:\/\/www.instagram.com\/vmsport\/"]}]}},"global_unique_id":"","_links":{"self":[{"href":"https:\/\/vmsport.fi\/sv\/wp-json\/wp\/v2\/product\/54301","targetHints":{"allow":["GET"]}}],"collection":[{"href":"https:\/\/vmsport.fi\/sv\/wp-json\/wp\/v2\/product"}],"about":[{"href":"https:\/\/vmsport.fi\/sv\/wp-json\/wp\/v2\/types\/product"}],"replies":[{"embeddable":true,"href":"https:\/\/vmsport.fi\/sv\/wp-json\/wp\/v2\/comments?post=54301"}],"wp:featuredmedia":[{"embeddable":true,"href":"https:\/\/vmsport.fi\/sv\/wp-json\/wp\/v2\/media\/54300"}],"wp:attachment":[{"href":"https:\/\/vmsport.fi\/sv\/wp-json\/wp\/v2\/media?parent=54301"}],"wp:term":[{"taxonomy":"product_brand","embeddable":true,"href":"https:\/\/vmsport.fi\/sv\/wp-json\/wp\/v2\/product_brand?post=54301"},{"taxonomy":"product_model","embeddable":true,"href":"https:\/\/vmsport.fi\/sv\/wp-json\/wp\/v2\/product_model?post=54301"},{"taxonomy":"product_cat","embeddable":true,"href":"https:\/\/vmsport.fi\/sv\/wp-json\/wp\/v2\/product_cat?post=54301"},{"taxonomy":"product_tag","embeddable":true,"href":"https:\/\/vmsport.fi\/sv\/wp-json\/wp\/v2\/product_tag?post=54301"},{"taxonomy":"industry_terminology","embeddable":true,"href":"https:\/\/vmsport.fi\/sv\/wp-json\/wp\/v2\/industry-terminology?post=54301"}],"curies":[{"name":"wp","href":"https:\/\/api.w.org\/{rel}","templated":true}]}}