{"id":54295,"date":"2025-03-05T23:52:16","date_gmt":"2025-03-05T21:52:16","guid":{"rendered":"https:\/\/vmsport.fi\/verkkokauppa\/Ei-luokiteltu\/vaihdekuoren-paatyholkki-1kpl-4mm-6mm\/"},"modified":"2026-01-16T13:24:15","modified_gmt":"2026-01-16T11:24:15","slug":"vaxelladsbussning-1-del-4mm-6mm","status":"publish","type":"product","link":"https:\/\/vmsport.fi\/sv\/verkkokauppa\/varaosat\/vaihteistot\/vaihdevaijerit-ja-vaijerikuoret\/vaihdekuoren-paatyholkki-1kpl-4mm-6mm\/","title":{"rendered":"V\u00e4xell\u00e5dans \u00e4ndhylsa 1 st, 4mm\/6mm"},"content":{"rendered":"<p>V\u00e4xell\u00e5dans \u00e4ndhylsa \u00e4r en h\u00e5llbar och tillf\u00f6rlitlig komponent som f\u00f6rb\u00e4ttrar transmissionens prestanda. Den h\u00e4r t\u00e4ta bussningen \u00e4r tillverkad av h\u00f6gkvalitativa material f\u00f6r smidig och exakt drift och \u00e4r kompatibel med 4 mm och 6 mm kablar. Den \u00e4r l\u00e4tt att installera och underh\u00e5lla och ger en l\u00e5ngvarig l\u00f6sning f\u00f6r m\u00e5nga olika behov. Den skr\u00e4ddarsydda designen s\u00e4kerst\u00e4ller en bra passform, vilket g\u00f6r den till ett perfekt val f\u00f6r cyklister och andra anv\u00e4ndare som v\u00e4rdes\u00e4tter prestanda p\u00e5 h\u00f6gsta niv\u00e5.<\/p>","protected":false},"excerpt":{"rendered":"<p>Vaihdekuoren p\u00e4\u00e4tyholkki on kest\u00e4v\u00e4 ja luotettava osa, joka parantaa voimansiirron suorituskyky\u00e4. T\u00e4m\u00e4 tiivis holkki on valmistettu laadukkaista materiaaleista, mik\u00e4 takaa sujuvan ja tarkan toiminnan ja on yhteensopiva 4 mm ja 6 mm kaapelien kanssa. Helppo asentaa ja huoltaa, se tarjoaa pitk\u00e4ik\u00e4isen ratkaisun monenlaisiin tarpeisiin. Kustomoitu muotoilu varmistaa tiiviin istuvuuden, mik\u00e4 tekee siit\u00e4 ihanteellisen valinnan py\u00f6r\u00e4ilij\u00f6ille [&#8230;]<\/p>\n<p><a class=\"btn btn-secondary understrap-read-more-link\" href=\"https:\/\/vmsport.fi\/sv\/verkkokauppa\/varaosat\/vaihteistot\/vaihdevaijerit-ja-vaijerikuoret\/vaihdekuoren-paatyholkki-1kpl-4mm-6mm\/\">L\u00e4s mer \u2026<span class=\"screen-reader-text\"> from Vaihdekuoren p\u00e4\u00e4tyholkki 1kpl, 4mm\/6mm<\/span><\/a><\/p>\n","protected":false},"featured_media":54294,"comment_status":"open","ping_status":"closed","template":"","meta":{"_acf_changed":false,"_improvement_type_select":"improve_an_existing","_thumb_yes_seoaic":false,"_frame_yes_seoaic":false,"seoaic_generate_description":"","seoaic_improve_instructions_prompt":"","seoaic_rollback_content_improvement":"","seoaic_idea_thumbnail_generator":"","thumbnail_generated":false,"thumbnail_generate_prompt":"","seoaic_article_description":"","_supplier_stock_quantity":0},"product_brand":[],"product_model":[],"product_cat":[9386],"product_tag":[],"industry-terminology":[],"class_list":{"0":"post-54295","1":"product","2":"type-product","3":"status-publish","4":"has-post-thumbnail","6":"product_cat-vaihdevaijerit-ja-vaijerikuoret","8":"first","9":"outofstock","10":"taxable","11":"shipping-taxable","12":"product-type-simple"},"acf":{"bike_features":null,"overview":{"copy_overview":null,"key_features":null,"statement":"","youtube_url":""}},"yoast_head":"<!-- This site is optimized with the Yoast SEO plugin v27.3 - https:\/\/yoast.com\/product\/yoast-seo-wordpress\/ -->\n<title>Vaihdekuoren p\u00e4\u00e4tyholkki 1kpl, 4mm\/6mm - VM Sport<\/title>\n<meta name=\"robots\" content=\"index, follow, max-snippet:-1, max-image-preview:large, max-video-preview:-1\" \/>\n<link rel=\"canonical\" href=\"https:\/\/vmsport.fi\/sv\/webbutik\/reservdelar\/vaxellador\/vaxelkablar-och-kabelmantlar\/vaxelladsbussning-1-del-4mm-6mm\/\" \/>\n<meta property=\"og:locale\" content=\"sv_SE\" \/>\n<meta property=\"og:type\" content=\"article\" \/>\n<meta property=\"og:title\" content=\"Vaihdekuoren p\u00e4\u00e4tyholkki 1kpl, 4mm\/6mm - VM Sport\" \/>\n<meta property=\"og:description\" content=\"Vaihdekuoren p\u00e4\u00e4tyholkki on kest\u00e4v\u00e4 ja luotettava osa, joka parantaa voimansiirron suorituskyky\u00e4. T\u00e4m\u00e4 tiivis holkki on valmistettu laadukkaista materiaaleista, mik\u00e4 takaa sujuvan ja tarkan toiminnan ja on yhteensopiva 4 mm ja 6 mm kaapelien kanssa. Helppo asentaa ja huoltaa, se tarjoaa pitk\u00e4ik\u00e4isen ratkaisun monenlaisiin tarpeisiin. Kustomoitu muotoilu varmistaa tiiviin istuvuuden, mik\u00e4 tekee siit\u00e4 ihanteellisen valinnan py\u00f6r\u00e4ilij\u00f6ille [...]L\u00e4s mer \u2026 from Vaihdekuoren p\u00e4\u00e4tyholkki 1kpl, 4mm\/6mm\" \/>\n<meta property=\"og:url\" content=\"https:\/\/vmsport.fi\/sv\/webbutik\/reservdelar\/vaxellador\/vaxelkablar-och-kabelmantlar\/vaxelladsbussning-1-del-4mm-6mm\/\" \/>\n<meta property=\"og:site_name\" content=\"VM Sport\" \/>\n<meta property=\"article:publisher\" content=\"https:\/\/www.facebook.com\/Vmsport.fi\/\" \/>\n<meta property=\"article:modified_time\" content=\"2026-01-16T11:24:15+00:00\" \/>\n<meta property=\"og:image\" content=\"https:\/\/vmsport.fi\/wp-content\/uploads\/2025\/03\/ZSEpResqFxRJQWDfvmJCMPCTZ7AiGVL0UKe1a9Vok2tN2pfxFs-1.jpg\" \/>\n\t<meta property=\"og:image:width\" content=\"1000\" \/>\n\t<meta property=\"og:image:height\" content=\"1000\" \/>\n\t<meta property=\"og:image:type\" content=\"image\/jpeg\" \/>\n<meta name=\"twitter:card\" content=\"summary_large_image\" \/>\n<script type=\"application\/ld+json\" class=\"yoast-schema-graph\">{\"@context\":\"https:\\\/\\\/schema.org\",\"@graph\":[{\"@type\":[\"WebPage\",\"ItemPage\"],\"@id\":\"https:\\\/\\\/vmsport.fi\\\/verkkokauppa\\\/varaosat\\\/vaihteistot\\\/vaihdevaijerit-ja-vaijerikuoret\\\/vaihdekuoren-paatyholkki-1kpl-4mm-6mm\\\/\",\"url\":\"https:\\\/\\\/vmsport.fi\\\/verkkokauppa\\\/varaosat\\\/vaihteistot\\\/vaihdevaijerit-ja-vaijerikuoret\\\/vaihdekuoren-paatyholkki-1kpl-4mm-6mm\\\/\",\"name\":\"Vaihdekuoren p\u00e4\u00e4tyholkki 1kpl, 4mm\\\/6mm - VM Sport\",\"isPartOf\":{\"@id\":\"https:\\\/\\\/vmsport.fi\\\/#website\"},\"primaryImageOfPage\":{\"@id\":\"https:\\\/\\\/vmsport.fi\\\/verkkokauppa\\\/varaosat\\\/vaihteistot\\\/vaihdevaijerit-ja-vaijerikuoret\\\/vaihdekuoren-paatyholkki-1kpl-4mm-6mm\\\/#primaryimage\"},\"image\":{\"@id\":\"https:\\\/\\\/vmsport.fi\\\/verkkokauppa\\\/varaosat\\\/vaihteistot\\\/vaihdevaijerit-ja-vaijerikuoret\\\/vaihdekuoren-paatyholkki-1kpl-4mm-6mm\\\/#primaryimage\"},\"thumbnailUrl\":\"https:\\\/\\\/vmsport.fi\\\/wp-content\\\/uploads\\\/2025\\\/03\\\/ZSEpResqFxRJQWDfvmJCMPCTZ7AiGVL0UKe1a9Vok2tN2pfxFs-1.jpg\",\"datePublished\":\"2025-03-05T21:52:16+00:00\",\"dateModified\":\"2026-01-16T11:24:15+00:00\",\"breadcrumb\":{\"@id\":\"https:\\\/\\\/vmsport.fi\\\/verkkokauppa\\\/varaosat\\\/vaihteistot\\\/vaihdevaijerit-ja-vaijerikuoret\\\/vaihdekuoren-paatyholkki-1kpl-4mm-6mm\\\/#breadcrumb\"},\"inLanguage\":\"sv-SE\",\"potentialAction\":[{\"@type\":\"ReadAction\",\"target\":[\"https:\\\/\\\/vmsport.fi\\\/verkkokauppa\\\/varaosat\\\/vaihteistot\\\/vaihdevaijerit-ja-vaijerikuoret\\\/vaihdekuoren-paatyholkki-1kpl-4mm-6mm\\\/\"]}]},{\"@type\":\"ImageObject\",\"inLanguage\":\"sv-SE\",\"@id\":\"https:\\\/\\\/vmsport.fi\\\/verkkokauppa\\\/varaosat\\\/vaihteistot\\\/vaihdevaijerit-ja-vaijerikuoret\\\/vaihdekuoren-paatyholkki-1kpl-4mm-6mm\\\/#primaryimage\",\"url\":\"https:\\\/\\\/vmsport.fi\\\/wp-content\\\/uploads\\\/2025\\\/03\\\/ZSEpResqFxRJQWDfvmJCMPCTZ7AiGVL0UKe1a9Vok2tN2pfxFs-1.jpg\",\"contentUrl\":\"https:\\\/\\\/vmsport.fi\\\/wp-content\\\/uploads\\\/2025\\\/03\\\/ZSEpResqFxRJQWDfvmJCMPCTZ7AiGVL0UKe1a9Vok2tN2pfxFs-1.jpg\",\"width\":1000,\"height\":1000,\"caption\":\"ZSEpResqFxRJQWDfvmJCMPCTZ7AiGVL0UKe1a9Vok2tN2pfxFs\"},{\"@type\":\"BreadcrumbList\",\"@id\":\"https:\\\/\\\/vmsport.fi\\\/verkkokauppa\\\/varaosat\\\/vaihteistot\\\/vaihdevaijerit-ja-vaijerikuoret\\\/vaihdekuoren-paatyholkki-1kpl-4mm-6mm\\\/#breadcrumb\",\"itemListElement\":[{\"@type\":\"ListItem\",\"position\":1,\"name\":\"Etusivu\",\"item\":\"https:\\\/\\\/vmsport.fi\\\/\"},{\"@type\":\"ListItem\",\"position\":2,\"name\":\"Online Store\",\"item\":\"https:\\\/\\\/vmsport.fi\\\/en\\\/online-store\\\/\"},{\"@type\":\"ListItem\",\"position\":3,\"name\":\"Vaihdekuoren p\u00e4\u00e4tyholkki 1kpl, 4mm\\\/6mm\"}]},{\"@type\":\"WebSite\",\"@id\":\"https:\\\/\\\/vmsport.fi\\\/#website\",\"url\":\"https:\\\/\\\/vmsport.fi\\\/\",\"name\":\"Vmsport\",\"description\":\"Kaikki py\u00f6r\u00e4ilyyn yhdest\u00e4 paikasta\",\"publisher\":{\"@id\":\"https:\\\/\\\/vmsport.fi\\\/#organization\"},\"potentialAction\":[{\"@type\":\"SearchAction\",\"target\":{\"@type\":\"EntryPoint\",\"urlTemplate\":\"https:\\\/\\\/vmsport.fi\\\/?s={search_term_string}\"},\"query-input\":{\"@type\":\"PropertyValueSpecification\",\"valueRequired\":true,\"valueName\":\"search_term_string\"}}],\"inLanguage\":\"sv-SE\"},{\"@type\":\"Organization\",\"@id\":\"https:\\\/\\\/vmsport.fi\\\/#organization\",\"name\":\"Vmsport\",\"url\":\"https:\\\/\\\/vmsport.fi\\\/\",\"logo\":{\"@type\":\"ImageObject\",\"inLanguage\":\"sv-SE\",\"@id\":\"https:\\\/\\\/vmsport.fi\\\/#\\\/schema\\\/logo\\\/image\\\/\",\"url\":\"https:\\\/\\\/vmsport.fi\\\/wp-content\\\/uploads\\\/2024\\\/12\\\/vm_sport_RGB_horisontal-e1734526017575.png\",\"contentUrl\":\"https:\\\/\\\/vmsport.fi\\\/wp-content\\\/uploads\\\/2024\\\/12\\\/vm_sport_RGB_horisontal-e1734526017575.png\",\"width\":668,\"height\":85,\"caption\":\"Vmsport\"},\"image\":{\"@id\":\"https:\\\/\\\/vmsport.fi\\\/#\\\/schema\\\/logo\\\/image\\\/\"},\"sameAs\":[\"https:\\\/\\\/www.facebook.com\\\/Vmsport.fi\\\/\",\"https:\\\/\\\/www.instagram.com\\\/vmsport\\\/\"]}]}<\/script>\n<!-- \/ Yoast SEO plugin. -->","yoast_head_json":{"title":"V\u00e4xell\u00e5dans \u00e4ndhylsa 1 del, 4mm\/6mm - VM Sport","robots":{"index":"index","follow":"follow","max-snippet":"max-snippet:-1","max-image-preview":"max-image-preview:large","max-video-preview":"max-video-preview:-1"},"canonical":"https:\/\/vmsport.fi\/sv\/webbutik\/reservdelar\/vaxellador\/vaxelkablar-och-kabelmantlar\/vaxelladsbussning-1-del-4mm-6mm\/","og_locale":"sv_SE","og_type":"article","og_title":"Vaihdekuoren p\u00e4\u00e4tyholkki 1kpl, 4mm\/6mm - VM Sport","og_description":"Vaihdekuoren p\u00e4\u00e4tyholkki on kest\u00e4v\u00e4 ja luotettava osa, joka parantaa voimansiirron suorituskyky\u00e4. T\u00e4m\u00e4 tiivis holkki on valmistettu laadukkaista materiaaleista, mik\u00e4 takaa sujuvan ja tarkan toiminnan ja on yhteensopiva 4 mm ja 6 mm kaapelien kanssa. Helppo asentaa ja huoltaa, se tarjoaa pitk\u00e4ik\u00e4isen ratkaisun monenlaisiin tarpeisiin. Kustomoitu muotoilu varmistaa tiiviin istuvuuden, mik\u00e4 tekee siit\u00e4 ihanteellisen valinnan py\u00f6r\u00e4ilij\u00f6ille [...]L\u00e4s mer \u2026 from Vaihdekuoren p\u00e4\u00e4tyholkki 1kpl, 4mm\/6mm","og_url":"https:\/\/vmsport.fi\/sv\/webbutik\/reservdelar\/vaxellador\/vaxelkablar-och-kabelmantlar\/vaxelladsbussning-1-del-4mm-6mm\/","og_site_name":"VM Sport","article_publisher":"https:\/\/www.facebook.com\/Vmsport.fi\/","article_modified_time":"2026-01-16T11:24:15+00:00","og_image":[{"width":1000,"height":1000,"url":"https:\/\/vmsport.fi\/wp-content\/uploads\/2025\/03\/ZSEpResqFxRJQWDfvmJCMPCTZ7AiGVL0UKe1a9Vok2tN2pfxFs-1.jpg","type":"image\/jpeg"}],"twitter_card":"summary_large_image","schema":{"@context":"https:\/\/schema.org","@graph":[{"@type":["WebPage","ItemPage"],"@id":"https:\/\/vmsport.fi\/verkkokauppa\/varaosat\/vaihteistot\/vaihdevaijerit-ja-vaijerikuoret\/vaihdekuoren-paatyholkki-1kpl-4mm-6mm\/","url":"https:\/\/vmsport.fi\/verkkokauppa\/varaosat\/vaihteistot\/vaihdevaijerit-ja-vaijerikuoret\/vaihdekuoren-paatyholkki-1kpl-4mm-6mm\/","name":"V\u00e4xell\u00e5dans \u00e4ndhylsa 1 del, 4mm\/6mm - VM Sport","isPartOf":{"@id":"https:\/\/vmsport.fi\/#website"},"primaryImageOfPage":{"@id":"https:\/\/vmsport.fi\/verkkokauppa\/varaosat\/vaihteistot\/vaihdevaijerit-ja-vaijerikuoret\/vaihdekuoren-paatyholkki-1kpl-4mm-6mm\/#primaryimage"},"image":{"@id":"https:\/\/vmsport.fi\/verkkokauppa\/varaosat\/vaihteistot\/vaihdevaijerit-ja-vaijerikuoret\/vaihdekuoren-paatyholkki-1kpl-4mm-6mm\/#primaryimage"},"thumbnailUrl":"https:\/\/vmsport.fi\/wp-content\/uploads\/2025\/03\/ZSEpResqFxRJQWDfvmJCMPCTZ7AiGVL0UKe1a9Vok2tN2pfxFs-1.jpg","datePublished":"2025-03-05T21:52:16+00:00","dateModified":"2026-01-16T11:24:15+00:00","breadcrumb":{"@id":"https:\/\/vmsport.fi\/verkkokauppa\/varaosat\/vaihteistot\/vaihdevaijerit-ja-vaijerikuoret\/vaihdekuoren-paatyholkki-1kpl-4mm-6mm\/#breadcrumb"},"inLanguage":"sv-SE","potentialAction":[{"@type":"ReadAction","target":["https:\/\/vmsport.fi\/verkkokauppa\/varaosat\/vaihteistot\/vaihdevaijerit-ja-vaijerikuoret\/vaihdekuoren-paatyholkki-1kpl-4mm-6mm\/"]}]},{"@type":"ImageObject","inLanguage":"sv-SE","@id":"https:\/\/vmsport.fi\/verkkokauppa\/varaosat\/vaihteistot\/vaihdevaijerit-ja-vaijerikuoret\/vaihdekuoren-paatyholkki-1kpl-4mm-6mm\/#primaryimage","url":"https:\/\/vmsport.fi\/wp-content\/uploads\/2025\/03\/ZSEpResqFxRJQWDfvmJCMPCTZ7AiGVL0UKe1a9Vok2tN2pfxFs-1.jpg","contentUrl":"https:\/\/vmsport.fi\/wp-content\/uploads\/2025\/03\/ZSEpResqFxRJQWDfvmJCMPCTZ7AiGVL0UKe1a9Vok2tN2pfxFs-1.jpg","width":1000,"height":1000,"caption":"ZSEpResqFxRJQWDfvmJCMPCTZ7AiGVL0UKe1a9Vok2tN2pfxFs"},{"@type":"BreadcrumbList","@id":"https:\/\/vmsport.fi\/verkkokauppa\/varaosat\/vaihteistot\/vaihdevaijerit-ja-vaijerikuoret\/vaihdekuoren-paatyholkki-1kpl-4mm-6mm\/#breadcrumb","itemListElement":[{"@type":"ListItem","position":1,"name":"Etusivu","item":"https:\/\/vmsport.fi\/"},{"@type":"ListItem","position":2,"name":"Online Store","item":"https:\/\/vmsport.fi\/en\/online-store\/"},{"@type":"ListItem","position":3,"name":"Vaihdekuoren p\u00e4\u00e4tyholkki 1kpl, 4mm\/6mm"}]},{"@type":"WebSite","@id":"https:\/\/vmsport.fi\/#website","url":"https:\/\/vmsport.fi\/","name":"Vmsport","description":"Allt p\u00e5 ett st\u00e4lle f\u00f6r cykling","publisher":{"@id":"https:\/\/vmsport.fi\/#organization"},"potentialAction":[{"@type":"SearchAction","target":{"@type":"EntryPoint","urlTemplate":"https:\/\/vmsport.fi\/?s={search_term_string}"},"query-input":{"@type":"PropertyValueSpecification","valueRequired":true,"valueName":"search_term_string"}}],"inLanguage":"sv-SE"},{"@type":"Organization","@id":"https:\/\/vmsport.fi\/#organization","name":"Vmsport","url":"https:\/\/vmsport.fi\/","logo":{"@type":"ImageObject","inLanguage":"sv-SE","@id":"https:\/\/vmsport.fi\/#\/schema\/logo\/image\/","url":"https:\/\/vmsport.fi\/wp-content\/uploads\/2024\/12\/vm_sport_RGB_horisontal-e1734526017575.png","contentUrl":"https:\/\/vmsport.fi\/wp-content\/uploads\/2024\/12\/vm_sport_RGB_horisontal-e1734526017575.png","width":668,"height":85,"caption":"Vmsport"},"image":{"@id":"https:\/\/vmsport.fi\/#\/schema\/logo\/image\/"},"sameAs":["https:\/\/www.facebook.com\/Vmsport.fi\/","https:\/\/www.instagram.com\/vmsport\/"]}]}},"global_unique_id":"","_links":{"self":[{"href":"https:\/\/vmsport.fi\/sv\/wp-json\/wp\/v2\/product\/54295","targetHints":{"allow":["GET"]}}],"collection":[{"href":"https:\/\/vmsport.fi\/sv\/wp-json\/wp\/v2\/product"}],"about":[{"href":"https:\/\/vmsport.fi\/sv\/wp-json\/wp\/v2\/types\/product"}],"replies":[{"embeddable":true,"href":"https:\/\/vmsport.fi\/sv\/wp-json\/wp\/v2\/comments?post=54295"}],"wp:featuredmedia":[{"embeddable":true,"href":"https:\/\/vmsport.fi\/sv\/wp-json\/wp\/v2\/media\/54294"}],"wp:attachment":[{"href":"https:\/\/vmsport.fi\/sv\/wp-json\/wp\/v2\/media?parent=54295"}],"wp:term":[{"taxonomy":"product_brand","embeddable":true,"href":"https:\/\/vmsport.fi\/sv\/wp-json\/wp\/v2\/product_brand?post=54295"},{"taxonomy":"product_model","embeddable":true,"href":"https:\/\/vmsport.fi\/sv\/wp-json\/wp\/v2\/product_model?post=54295"},{"taxonomy":"product_cat","embeddable":true,"href":"https:\/\/vmsport.fi\/sv\/wp-json\/wp\/v2\/product_cat?post=54295"},{"taxonomy":"product_tag","embeddable":true,"href":"https:\/\/vmsport.fi\/sv\/wp-json\/wp\/v2\/product_tag?post=54295"},{"taxonomy":"industry_terminology","embeddable":true,"href":"https:\/\/vmsport.fi\/sv\/wp-json\/wp\/v2\/industry-terminology?post=54295"}],"curies":[{"name":"wp","href":"https:\/\/api.w.org\/{rel}","templated":true}]}}