{"id":54293,"date":"2025-03-05T23:52:15","date_gmt":"2025-03-05T21:52:15","guid":{"rendered":"https:\/\/vmsport.fi\/verkkokauppa\/Ei-luokiteltu\/orbea-terra-m30team-1x-wine-red-carbon-view-gloss\/"},"modified":"2026-04-02T13:56:44","modified_gmt":"2026-04-02T10:56:44","slug":"orbea-terra-m30team-1x-vinrod-carbon-view-glans","status":"publish","type":"product","link":"https:\/\/vmsport.fi\/sv\/verkkokauppa\/polkupyorat\/maantie-ja-gravel\/gravel-pyorat\/orbea-terra-m30team-1x-wine-red-carbon-view-gloss\/","title":{"rendered":"Orbea Terra M30 TEAM 1X - Vinr\u00f6d kolfibervy (glansig)"},"content":{"rendered":"<p>Kolfiberramen p\u00e5 Orbea Terra M30TEAM 1X-hjulet ger l\u00e4tthet och styvhet, vilket hj\u00e4lper dig att cykla snabbt och exakt. 1x-drivlinan \u00e4r enkel att anv\u00e4nda och kr\u00e4ver mindre underh\u00e5ll \u00e4n mer komplexa system. Cykeln \u00e4r utformad f\u00f6r k\u00f6rning p\u00e5 grus och i blandad terr\u00e4ng, vilket g\u00f6r den till ett mycket m\u00e5ngsidigt alternativ f\u00f6r vardags- och fritidsbruk.<\/p>","protected":false},"excerpt":{"rendered":"<p>Hiilikuiturunkoinen gravel-py\u00f6r\u00e4 yksinkertaisella 1x-voimansiirrolla monipuoliseen ajoon. [&#8230;]<\/p>\n<p><a class=\"btn btn-secondary understrap-read-more-link\" href=\"https:\/\/vmsport.fi\/sv\/verkkokauppa\/polkupyorat\/maantie-ja-gravel\/gravel-pyorat\/orbea-terra-m30team-1x-wine-red-carbon-view-gloss\/\">L\u00e4s mer \u2026<span class=\"screen-reader-text\"> from Orbea Terra M30 TEAM 1X &#8211; Wine Red Carbon View (Gloss)<\/span><\/a><\/p>\n","protected":false},"featured_media":54290,"comment_status":"open","ping_status":"closed","template":"","meta":{"_acf_changed":false,"_improvement_type_select":"improve_an_existing","_thumb_yes_seoaic":false,"_frame_yes_seoaic":false,"seoaic_generate_description":"","seoaic_improve_instructions_prompt":"","seoaic_rollback_content_improvement":"","seoaic_idea_thumbnail_generator":"","thumbnail_generated":false,"thumbnail_generate_prompt":"","seoaic_article_description":"","_supplier_stock_quantity":0},"product_brand":[1579],"product_model":[1573],"product_cat":[9422],"product_tag":[],"industry-terminology":[],"class_list":{"0":"post-54293","1":"product","2":"type-product","3":"status-publish","4":"has-post-thumbnail","6":"product_brand-orbea","7":"product_model-terra","8":"product_cat-gravel-pyorat","10":"first","11":"instock","12":"sale","13":"taxable","14":"shipping-taxable","15":"purchasable","16":"product-type-variable"},"acf":{"bike_features":[{"image":"https:\/\/www.orbea.com\/img\/technologies\/04_lockr.jpg","header":"LOCKR-j\u00e4rjestelm\u00e4","description":"Tarjoaa huomaamattoman s\u00e4ilytystilan alasputkessa, t\u00e4ydellinen ty\u00f6kaluja tai pieni\u00e4 v\u00e4ltt\u00e4m\u00e4tt\u00f6myyksi\u00e4 varten sora-ajoon."},{"image":"https:\/\/www.orbea.com\/img\/technologies\/02_tire-clearance.jpg","header":"Renkaan tila","description":"Mahdollistaa 700c x 45mm tai 650b x 50mm renkaiden asentamisen, tarjoten maksimaalista monipuolisuutta sora- ja maastoajoon."},{"image":"https:\/\/www.orbea.com\/img\/technologies\/03_drivetrain.jpg","header":"Voimansiirron yhteensopivuus","description":"Suunniteltu tarjoamaan optimaalinen voimansiirtovaihtoehto ilman kompromisseja renkaan tilassa parhaan suorituskyvyn takaamiseksi."}],"overview":{"copy_overview":[{"overview":"Koe sora-ajot aivan uudella tavalla Orbea Terra M30TEAM 1X:n avulla, joka yhdist\u00e4\u00e4 huipputeknologian ja vertaansa vailla olevan mukautuvuuden seikkailunhaluisille ajajille."},{"overview":"Sen edistyksellinen Shimano GRX 12-vaihteinen voimansiirto varmistaa tarkat vaihtamiset, kun taas hiilikuituinen OMR Disc -runko pit\u00e4\u00e4 painon alhaisena ja j\u00e4ykkyyden korkealla tehokasta ajoa varten."},{"overview":"Jokainen komponentti, Vittoria Terreno Dry 40C -renkaista ergonomiseen OC Gravel GR31 -tankoon asti, on huolella valittu tarjoamaan ennenkokematonta mukavuutta ja hallintaa maastoissa."}],"key_features":[{"feature":"Innovatiivinen LOCKR-s\u00e4ilytysj\u00e4rjestelm\u00e4."},{"feature":"Hiilirunkosarja sis\u00e4isill\u00e4 vaijereilla."},{"feature":"Monipuolinen rengasyhteensopivuus erilaisille maastoille."}],"statement":"Hallitse sora-ajot Orbea Terra M30TEAM 1X -py\u00f6r\u00e4ll\u00e4, joka on suunniteltu monipuolisuutta ja suorituskyky\u00e4 silm\u00e4ll\u00e4 pit\u00e4en.","youtube_url":""}},"yoast_head":"<!-- This site is optimized with the Yoast SEO plugin v27.3 - https:\/\/yoast.com\/product\/yoast-seo-wordpress\/ -->\n<title>Orbea Terra M30 TEAM 1X - Wine Red Carbon View (Gloss) - VM Sport<\/title>\n<meta name=\"robots\" content=\"index, follow, max-snippet:-1, max-image-preview:large, max-video-preview:-1\" \/>\n<link rel=\"canonical\" href=\"https:\/\/vmsport.fi\/sv\/webbutik\/cyklar\/vag-och-grus\/grus-pyorat\/orbea-terra-m30team-1x-vinrod-carbon-view-glans\/\" \/>\n<meta property=\"og:locale\" content=\"sv_SE\" \/>\n<meta property=\"og:type\" content=\"article\" \/>\n<meta property=\"og:title\" content=\"Orbea Terra M30 TEAM 1X - Wine Red Carbon View (Gloss) - VM Sport\" \/>\n<meta property=\"og:description\" content=\"Hiilikuiturunkoinen gravel-py\u00f6r\u00e4 yksinkertaisella 1x-voimansiirrolla monipuoliseen ajoon. [...]L\u00e4s mer \u2026 from Orbea Terra M30 TEAM 1X &#8211; Wine Red Carbon View (Gloss)\" \/>\n<meta property=\"og:url\" content=\"https:\/\/vmsport.fi\/sv\/webbutik\/cyklar\/vag-och-grus\/grus-pyorat\/orbea-terra-m30team-1x-vinrod-carbon-view-glans\/\" \/>\n<meta property=\"og:site_name\" content=\"VM Sport\" \/>\n<meta property=\"article:publisher\" content=\"https:\/\/www.facebook.com\/Vmsport.fi\/\" \/>\n<meta property=\"article:modified_time\" content=\"2026-04-02T10:56:44+00:00\" \/>\n<meta property=\"og:image\" content=\"https:\/\/vmsport.fi\/wp-content\/uploads\/2025\/03\/cJ5triMeeHTXjGV6sE8RFQaJOqgmJPFaX1oN8EDlWUXYC0woW3-1.jpg\" \/>\n\t<meta property=\"og:image:width\" content=\"1000\" \/>\n\t<meta property=\"og:image:height\" content=\"864\" \/>\n\t<meta property=\"og:image:type\" content=\"image\/jpeg\" \/>\n<meta name=\"twitter:card\" content=\"summary_large_image\" \/>\n<meta name=\"twitter:label1\" content=\"Ber\u00e4knad l\u00e4stid\" \/>\n\t<meta name=\"twitter:data1\" content=\"1 minut\" \/>\n<script type=\"application\/ld+json\" class=\"yoast-schema-graph\">{\"@context\":\"https:\\\/\\\/schema.org\",\"@graph\":[{\"@type\":[\"WebPage\",\"ItemPage\"],\"@id\":\"https:\\\/\\\/vmsport.fi\\\/verkkokauppa\\\/polkupyorat\\\/maantie-ja-gravel\\\/gravel-pyorat\\\/orbea-terra-m30team-1x-wine-red-carbon-view-gloss\\\/\",\"url\":\"https:\\\/\\\/vmsport.fi\\\/verkkokauppa\\\/polkupyorat\\\/maantie-ja-gravel\\\/gravel-pyorat\\\/orbea-terra-m30team-1x-wine-red-carbon-view-gloss\\\/\",\"name\":\"Orbea Terra M30 TEAM 1X - Wine Red Carbon View (Gloss) - VM Sport\",\"isPartOf\":{\"@id\":\"https:\\\/\\\/vmsport.fi\\\/#website\"},\"primaryImageOfPage\":{\"@id\":\"https:\\\/\\\/vmsport.fi\\\/verkkokauppa\\\/polkupyorat\\\/maantie-ja-gravel\\\/gravel-pyorat\\\/orbea-terra-m30team-1x-wine-red-carbon-view-gloss\\\/#primaryimage\"},\"image\":{\"@id\":\"https:\\\/\\\/vmsport.fi\\\/verkkokauppa\\\/polkupyorat\\\/maantie-ja-gravel\\\/gravel-pyorat\\\/orbea-terra-m30team-1x-wine-red-carbon-view-gloss\\\/#primaryimage\"},\"thumbnailUrl\":\"https:\\\/\\\/vmsport.fi\\\/wp-content\\\/uploads\\\/2025\\\/03\\\/cJ5triMeeHTXjGV6sE8RFQaJOqgmJPFaX1oN8EDlWUXYC0woW3-1.jpg\",\"datePublished\":\"2025-03-05T21:52:15+00:00\",\"dateModified\":\"2026-04-02T10:56:44+00:00\",\"breadcrumb\":{\"@id\":\"https:\\\/\\\/vmsport.fi\\\/verkkokauppa\\\/polkupyorat\\\/maantie-ja-gravel\\\/gravel-pyorat\\\/orbea-terra-m30team-1x-wine-red-carbon-view-gloss\\\/#breadcrumb\"},\"inLanguage\":\"sv-SE\",\"potentialAction\":[{\"@type\":\"ReadAction\",\"target\":[\"https:\\\/\\\/vmsport.fi\\\/verkkokauppa\\\/polkupyorat\\\/maantie-ja-gravel\\\/gravel-pyorat\\\/orbea-terra-m30team-1x-wine-red-carbon-view-gloss\\\/\"]}]},{\"@type\":\"ImageObject\",\"inLanguage\":\"sv-SE\",\"@id\":\"https:\\\/\\\/vmsport.fi\\\/verkkokauppa\\\/polkupyorat\\\/maantie-ja-gravel\\\/gravel-pyorat\\\/orbea-terra-m30team-1x-wine-red-carbon-view-gloss\\\/#primaryimage\",\"url\":\"https:\\\/\\\/vmsport.fi\\\/wp-content\\\/uploads\\\/2025\\\/03\\\/cJ5triMeeHTXjGV6sE8RFQaJOqgmJPFaX1oN8EDlWUXYC0woW3-1.jpg\",\"contentUrl\":\"https:\\\/\\\/vmsport.fi\\\/wp-content\\\/uploads\\\/2025\\\/03\\\/cJ5triMeeHTXjGV6sE8RFQaJOqgmJPFaX1oN8EDlWUXYC0woW3-1.jpg\",\"width\":1000,\"height\":864,\"caption\":\"cJ5triMeeHTXjGV6sE8RFQaJOqgmJPFaX1oN8EDlWUXYC0woW3\"},{\"@type\":\"BreadcrumbList\",\"@id\":\"https:\\\/\\\/vmsport.fi\\\/verkkokauppa\\\/polkupyorat\\\/maantie-ja-gravel\\\/gravel-pyorat\\\/orbea-terra-m30team-1x-wine-red-carbon-view-gloss\\\/#breadcrumb\",\"itemListElement\":[{\"@type\":\"ListItem\",\"position\":1,\"name\":\"Etusivu\",\"item\":\"https:\\\/\\\/vmsport.fi\\\/\"},{\"@type\":\"ListItem\",\"position\":2,\"name\":\"Online Store\",\"item\":\"https:\\\/\\\/vmsport.fi\\\/en\\\/online-store\\\/\"},{\"@type\":\"ListItem\",\"position\":3,\"name\":\"Orbea polkupy\u00f6r\u00e4t\",\"item\":\"https:\\\/\\\/vmsport.fi\\\/sv\\\/merkki\\\/orbea\\\/\"},{\"@type\":\"ListItem\",\"position\":4,\"name\":\"Orbea Terra M30 TEAM 1X &#8211; Wine Red Carbon View (Gloss)\"}]},{\"@type\":\"WebSite\",\"@id\":\"https:\\\/\\\/vmsport.fi\\\/#website\",\"url\":\"https:\\\/\\\/vmsport.fi\\\/\",\"name\":\"Vmsport\",\"description\":\"Kaikki py\u00f6r\u00e4ilyyn yhdest\u00e4 paikasta\",\"publisher\":{\"@id\":\"https:\\\/\\\/vmsport.fi\\\/#organization\"},\"potentialAction\":[{\"@type\":\"SearchAction\",\"target\":{\"@type\":\"EntryPoint\",\"urlTemplate\":\"https:\\\/\\\/vmsport.fi\\\/?s={search_term_string}\"},\"query-input\":{\"@type\":\"PropertyValueSpecification\",\"valueRequired\":true,\"valueName\":\"search_term_string\"}}],\"inLanguage\":\"sv-SE\"},{\"@type\":\"Organization\",\"@id\":\"https:\\\/\\\/vmsport.fi\\\/#organization\",\"name\":\"Vmsport\",\"url\":\"https:\\\/\\\/vmsport.fi\\\/\",\"logo\":{\"@type\":\"ImageObject\",\"inLanguage\":\"sv-SE\",\"@id\":\"https:\\\/\\\/vmsport.fi\\\/#\\\/schema\\\/logo\\\/image\\\/\",\"url\":\"https:\\\/\\\/vmsport.fi\\\/wp-content\\\/uploads\\\/2024\\\/12\\\/vm_sport_RGB_horisontal-e1734526017575.png\",\"contentUrl\":\"https:\\\/\\\/vmsport.fi\\\/wp-content\\\/uploads\\\/2024\\\/12\\\/vm_sport_RGB_horisontal-e1734526017575.png\",\"width\":668,\"height\":85,\"caption\":\"Vmsport\"},\"image\":{\"@id\":\"https:\\\/\\\/vmsport.fi\\\/#\\\/schema\\\/logo\\\/image\\\/\"},\"sameAs\":[\"https:\\\/\\\/www.facebook.com\\\/Vmsport.fi\\\/\",\"https:\\\/\\\/www.instagram.com\\\/vmsport\\\/\"]}]}<\/script>\n<!-- \/ Yoast SEO plugin. -->","yoast_head_json":{"title":"Orbea Terra M30 TEAM 1X - Vinr\u00f6d kolfibervy (glansig) - VM Sport","robots":{"index":"index","follow":"follow","max-snippet":"max-snippet:-1","max-image-preview":"max-image-preview:large","max-video-preview":"max-video-preview:-1"},"canonical":"https:\/\/vmsport.fi\/sv\/webbutik\/cyklar\/vag-och-grus\/grus-pyorat\/orbea-terra-m30team-1x-vinrod-carbon-view-glans\/","og_locale":"sv_SE","og_type":"article","og_title":"Orbea Terra M30 TEAM 1X - Wine Red Carbon View (Gloss) - VM Sport","og_description":"Hiilikuiturunkoinen gravel-py\u00f6r\u00e4 yksinkertaisella 1x-voimansiirrolla monipuoliseen ajoon. [...]L\u00e4s mer \u2026 from Orbea Terra M30 TEAM 1X &#8211; Wine Red Carbon View (Gloss)","og_url":"https:\/\/vmsport.fi\/sv\/webbutik\/cyklar\/vag-och-grus\/grus-pyorat\/orbea-terra-m30team-1x-vinrod-carbon-view-glans\/","og_site_name":"VM Sport","article_publisher":"https:\/\/www.facebook.com\/Vmsport.fi\/","article_modified_time":"2026-04-02T10:56:44+00:00","og_image":[{"width":1000,"height":864,"url":"https:\/\/vmsport.fi\/wp-content\/uploads\/2025\/03\/cJ5triMeeHTXjGV6sE8RFQaJOqgmJPFaX1oN8EDlWUXYC0woW3-1.jpg","type":"image\/jpeg"}],"twitter_card":"summary_large_image","twitter_misc":{"Ber\u00e4knad l\u00e4stid":"1 minut"},"schema":{"@context":"https:\/\/schema.org","@graph":[{"@type":["WebPage","ItemPage"],"@id":"https:\/\/vmsport.fi\/verkkokauppa\/polkupyorat\/maantie-ja-gravel\/gravel-pyorat\/orbea-terra-m30team-1x-wine-red-carbon-view-gloss\/","url":"https:\/\/vmsport.fi\/verkkokauppa\/polkupyorat\/maantie-ja-gravel\/gravel-pyorat\/orbea-terra-m30team-1x-wine-red-carbon-view-gloss\/","name":"Orbea Terra M30 TEAM 1X - Vinr\u00f6d kolfibervy (glansig) - VM Sport","isPartOf":{"@id":"https:\/\/vmsport.fi\/#website"},"primaryImageOfPage":{"@id":"https:\/\/vmsport.fi\/verkkokauppa\/polkupyorat\/maantie-ja-gravel\/gravel-pyorat\/orbea-terra-m30team-1x-wine-red-carbon-view-gloss\/#primaryimage"},"image":{"@id":"https:\/\/vmsport.fi\/verkkokauppa\/polkupyorat\/maantie-ja-gravel\/gravel-pyorat\/orbea-terra-m30team-1x-wine-red-carbon-view-gloss\/#primaryimage"},"thumbnailUrl":"https:\/\/vmsport.fi\/wp-content\/uploads\/2025\/03\/cJ5triMeeHTXjGV6sE8RFQaJOqgmJPFaX1oN8EDlWUXYC0woW3-1.jpg","datePublished":"2025-03-05T21:52:15+00:00","dateModified":"2026-04-02T10:56:44+00:00","breadcrumb":{"@id":"https:\/\/vmsport.fi\/verkkokauppa\/polkupyorat\/maantie-ja-gravel\/gravel-pyorat\/orbea-terra-m30team-1x-wine-red-carbon-view-gloss\/#breadcrumb"},"inLanguage":"sv-SE","potentialAction":[{"@type":"ReadAction","target":["https:\/\/vmsport.fi\/verkkokauppa\/polkupyorat\/maantie-ja-gravel\/gravel-pyorat\/orbea-terra-m30team-1x-wine-red-carbon-view-gloss\/"]}]},{"@type":"ImageObject","inLanguage":"sv-SE","@id":"https:\/\/vmsport.fi\/verkkokauppa\/polkupyorat\/maantie-ja-gravel\/gravel-pyorat\/orbea-terra-m30team-1x-wine-red-carbon-view-gloss\/#primaryimage","url":"https:\/\/vmsport.fi\/wp-content\/uploads\/2025\/03\/cJ5triMeeHTXjGV6sE8RFQaJOqgmJPFaX1oN8EDlWUXYC0woW3-1.jpg","contentUrl":"https:\/\/vmsport.fi\/wp-content\/uploads\/2025\/03\/cJ5triMeeHTXjGV6sE8RFQaJOqgmJPFaX1oN8EDlWUXYC0woW3-1.jpg","width":1000,"height":864,"caption":"cJ5triMeeHTXjGV6sE8RFQaJOqgmJPFaX1oN8EDlWUXYC0woW3"},{"@type":"BreadcrumbList","@id":"https:\/\/vmsport.fi\/verkkokauppa\/polkupyorat\/maantie-ja-gravel\/gravel-pyorat\/orbea-terra-m30team-1x-wine-red-carbon-view-gloss\/#breadcrumb","itemListElement":[{"@type":"ListItem","position":1,"name":"Etusivu","item":"https:\/\/vmsport.fi\/"},{"@type":"ListItem","position":2,"name":"Online Store","item":"https:\/\/vmsport.fi\/en\/online-store\/"},{"@type":"ListItem","position":3,"name":"Orbea polkupy\u00f6r\u00e4t","item":"https:\/\/vmsport.fi\/sv\/merkki\/orbea\/"},{"@type":"ListItem","position":4,"name":"Orbea Terra M30 TEAM 1X &#8211; Wine Red Carbon View (Gloss)"}]},{"@type":"WebSite","@id":"https:\/\/vmsport.fi\/#website","url":"https:\/\/vmsport.fi\/","name":"Vmsport","description":"Allt p\u00e5 ett st\u00e4lle f\u00f6r cykling","publisher":{"@id":"https:\/\/vmsport.fi\/#organization"},"potentialAction":[{"@type":"SearchAction","target":{"@type":"EntryPoint","urlTemplate":"https:\/\/vmsport.fi\/?s={search_term_string}"},"query-input":{"@type":"PropertyValueSpecification","valueRequired":true,"valueName":"search_term_string"}}],"inLanguage":"sv-SE"},{"@type":"Organization","@id":"https:\/\/vmsport.fi\/#organization","name":"Vmsport","url":"https:\/\/vmsport.fi\/","logo":{"@type":"ImageObject","inLanguage":"sv-SE","@id":"https:\/\/vmsport.fi\/#\/schema\/logo\/image\/","url":"https:\/\/vmsport.fi\/wp-content\/uploads\/2024\/12\/vm_sport_RGB_horisontal-e1734526017575.png","contentUrl":"https:\/\/vmsport.fi\/wp-content\/uploads\/2024\/12\/vm_sport_RGB_horisontal-e1734526017575.png","width":668,"height":85,"caption":"Vmsport"},"image":{"@id":"https:\/\/vmsport.fi\/#\/schema\/logo\/image\/"},"sameAs":["https:\/\/www.facebook.com\/Vmsport.fi\/","https:\/\/www.instagram.com\/vmsport\/"]}]}},"global_unique_id":"","_links":{"self":[{"href":"https:\/\/vmsport.fi\/sv\/wp-json\/wp\/v2\/product\/54293","targetHints":{"allow":["GET"]}}],"collection":[{"href":"https:\/\/vmsport.fi\/sv\/wp-json\/wp\/v2\/product"}],"about":[{"href":"https:\/\/vmsport.fi\/sv\/wp-json\/wp\/v2\/types\/product"}],"replies":[{"embeddable":true,"href":"https:\/\/vmsport.fi\/sv\/wp-json\/wp\/v2\/comments?post=54293"}],"wp:featuredmedia":[{"embeddable":true,"href":"https:\/\/vmsport.fi\/sv\/wp-json\/wp\/v2\/media\/54290"}],"wp:attachment":[{"href":"https:\/\/vmsport.fi\/sv\/wp-json\/wp\/v2\/media?parent=54293"}],"wp:term":[{"taxonomy":"product_brand","embeddable":true,"href":"https:\/\/vmsport.fi\/sv\/wp-json\/wp\/v2\/product_brand?post=54293"},{"taxonomy":"product_model","embeddable":true,"href":"https:\/\/vmsport.fi\/sv\/wp-json\/wp\/v2\/product_model?post=54293"},{"taxonomy":"product_cat","embeddable":true,"href":"https:\/\/vmsport.fi\/sv\/wp-json\/wp\/v2\/product_cat?post=54293"},{"taxonomy":"product_tag","embeddable":true,"href":"https:\/\/vmsport.fi\/sv\/wp-json\/wp\/v2\/product_tag?post=54293"},{"taxonomy":"industry_terminology","embeddable":true,"href":"https:\/\/vmsport.fi\/sv\/wp-json\/wp\/v2\/industry-terminology?post=54293"}],"curies":[{"name":"wp","href":"https:\/\/api.w.org\/{rel}","templated":true}]}}