{"id":54289,"date":"2025-03-05T23:52:12","date_gmt":"2025-03-05T21:52:12","guid":{"rendered":"https:\/\/vmsport.fi\/verkkokauppa\/Ei-luokiteltu\/studded-tyre-piikkisika-w384-tlr-275-x-26\/"},"modified":"2026-04-22T15:00:23","modified_gmt":"2026-04-22T12:00:23","slug":"dubbdack-porcupine-w384-tlr-275-x-26","status":"publish","type":"product","link":"https:\/\/vmsport.fi\/sv\/verkkokauppa\/renkaat\/ulkorenkaat\/nastarenkaat\/studded-tyre-piikkisika-w384-tlr-275-x-26\/","title":{"rendered":"Suomi Tyres Porcupine W384 TLR 27,5 x 2,6 Dubbd\u00e4ck"},"content":{"rendered":"<p>Porcupine W384 TLR \u00e4r ett brett slangl\u00f6st dubbd\u00e4ck f\u00f6r kr\u00e4vande vintercykling fr\u00e5n Suomi Tyres. D\u00e4cket \u00e4r speciellt utformat f\u00f6r mountainbikes, d\u00e4r bredden p\u00e5 2,6 tum ger bra grepp \u00e4ven p\u00e5 mjuka underlag. 384 karbiddubbar f\u00f6rb\u00e4ttrar greppet p\u00e5 isiga och sn\u00f6iga stigar. Tubeless Ready-funktionen g\u00f6r att du kan cykla utan innerslang, vilket minskar risken f\u00f6r punktering och m\u00f6jligg\u00f6r l\u00e4gre d\u00e4cktryck.<\/p>","protected":false},"excerpt":{"rendered":"<p>Eritt\u00e4in hyv\u00e4 pito talviolosuhteisiin 384 nastalla ja mahdollisuus ajaa tubelessina. Soveltuu leveisiin maastopy\u00f6r\u00e4n vanteisiin. [&#8230;]<\/p>\n<p><a class=\"btn btn-secondary understrap-read-more-link\" href=\"https:\/\/vmsport.fi\/sv\/verkkokauppa\/renkaat\/ulkorenkaat\/nastarenkaat\/studded-tyre-piikkisika-w384-tlr-275-x-26\/\">L\u00e4s mer \u2026<span class=\"screen-reader-text\"> from Suomi Tyres Piikkisika W384 TLR 27,5 x 2,6 Nastarengas<\/span><\/a><\/p>\n","protected":false},"featured_media":61620,"comment_status":"open","ping_status":"closed","template":"","meta":{"_acf_changed":false,"_improvement_type_select":"improve_an_existing","_thumb_yes_seoaic":false,"_frame_yes_seoaic":false,"seoaic_generate_description":"","seoaic_improve_instructions_prompt":"","seoaic_rollback_content_improvement":"","seoaic_idea_thumbnail_generator":"","thumbnail_generated":false,"thumbnail_generate_prompt":"","seoaic_article_description":"","_supplier_stock_quantity":0},"product_brand":[],"product_model":[],"product_cat":[9336],"product_tag":[],"industry-terminology":[],"class_list":{"0":"post-54289","1":"product","2":"type-product","3":"status-publish","4":"has-post-thumbnail","6":"product_cat-nastarenkaat","8":"first","9":"instock","10":"sale","11":"taxable","12":"shipping-taxable","13":"purchasable","14":"product-type-simple"},"acf":{"bike_features":null,"overview":{"copy_overview":null,"key_features":null,"statement":"","youtube_url":""}},"yoast_head":"<!-- This site is optimized with the Yoast SEO plugin v27.4 - https:\/\/yoast.com\/product\/yoast-seo-wordpress\/ -->\n<title>Suomi Tyres Piikkisika W384 TLR 27,5 x 2,6 Nastarengas - VM Sport<\/title>\n<meta name=\"robots\" content=\"index, follow, max-snippet:-1, max-image-preview:large, max-video-preview:-1\" \/>\n<link rel=\"canonical\" href=\"https:\/\/vmsport.fi\/sv\/webbutik\/dack\/dack-for-utomhusbruk\/dubbdack\/dubbdack-porcupine-w384-tlr-275-x-26\/\" \/>\n<meta property=\"og:locale\" content=\"sv_SE\" \/>\n<meta property=\"og:type\" content=\"article\" \/>\n<meta property=\"og:title\" content=\"Suomi Tyres Piikkisika W384 TLR 27,5 x 2,6 Nastarengas - VM Sport\" \/>\n<meta property=\"og:description\" content=\"Eritt\u00e4in hyv\u00e4 pito talviolosuhteisiin 384 nastalla ja mahdollisuus ajaa tubelessina. Soveltuu leveisiin maastopy\u00f6r\u00e4n vanteisiin. [...]L\u00e4s mer \u2026 from Suomi Tyres Piikkisika W384 TLR 27,5 x 2,6 Nastarengas\" \/>\n<meta property=\"og:url\" content=\"https:\/\/vmsport.fi\/sv\/webbutik\/dack\/dack-for-utomhusbruk\/dubbdack\/dubbdack-porcupine-w384-tlr-275-x-26\/\" \/>\n<meta property=\"og:site_name\" content=\"VM Sport\" \/>\n<meta property=\"article:publisher\" content=\"https:\/\/www.facebook.com\/Vmsport.fi\/\" \/>\n<meta property=\"article:modified_time\" content=\"2026-04-22T12:00:23+00:00\" \/>\n<meta property=\"og:image\" content=\"https:\/\/vmsport.fi\/wp-content\/uploads\/2025\/10\/piikkisika-taitettava-orig.jpg\" \/>\n\t<meta property=\"og:image:width\" content=\"950\" \/>\n\t<meta property=\"og:image:height\" content=\"950\" \/>\n\t<meta property=\"og:image:type\" content=\"image\/jpeg\" \/>\n<meta name=\"twitter:card\" content=\"summary_large_image\" \/>\n<script type=\"application\/ld+json\" class=\"yoast-schema-graph\">{\"@context\":\"https:\\\/\\\/schema.org\",\"@graph\":[{\"@type\":[\"WebPage\",\"ItemPage\"],\"@id\":\"https:\\\/\\\/vmsport.fi\\\/verkkokauppa\\\/renkaat\\\/ulkorenkaat\\\/nastarenkaat\\\/studded-tyre-piikkisika-w384-tlr-275-x-26\\\/\",\"url\":\"https:\\\/\\\/vmsport.fi\\\/verkkokauppa\\\/renkaat\\\/ulkorenkaat\\\/nastarenkaat\\\/studded-tyre-piikkisika-w384-tlr-275-x-26\\\/\",\"name\":\"Suomi Tyres Piikkisika W384 TLR 27,5 x 2,6 Nastarengas - VM Sport\",\"isPartOf\":{\"@id\":\"https:\\\/\\\/vmsport.fi\\\/#website\"},\"primaryImageOfPage\":{\"@id\":\"https:\\\/\\\/vmsport.fi\\\/verkkokauppa\\\/renkaat\\\/ulkorenkaat\\\/nastarenkaat\\\/studded-tyre-piikkisika-w384-tlr-275-x-26\\\/#primaryimage\"},\"image\":{\"@id\":\"https:\\\/\\\/vmsport.fi\\\/verkkokauppa\\\/renkaat\\\/ulkorenkaat\\\/nastarenkaat\\\/studded-tyre-piikkisika-w384-tlr-275-x-26\\\/#primaryimage\"},\"thumbnailUrl\":\"https:\\\/\\\/vmsport.fi\\\/wp-content\\\/uploads\\\/2025\\\/10\\\/piikkisika-taitettava-orig.jpg\",\"datePublished\":\"2025-03-05T21:52:12+00:00\",\"dateModified\":\"2026-04-22T12:00:23+00:00\",\"breadcrumb\":{\"@id\":\"https:\\\/\\\/vmsport.fi\\\/verkkokauppa\\\/renkaat\\\/ulkorenkaat\\\/nastarenkaat\\\/studded-tyre-piikkisika-w384-tlr-275-x-26\\\/#breadcrumb\"},\"inLanguage\":\"sv-SE\",\"potentialAction\":[{\"@type\":\"ReadAction\",\"target\":[\"https:\\\/\\\/vmsport.fi\\\/verkkokauppa\\\/renkaat\\\/ulkorenkaat\\\/nastarenkaat\\\/studded-tyre-piikkisika-w384-tlr-275-x-26\\\/\"]}]},{\"@type\":\"ImageObject\",\"inLanguage\":\"sv-SE\",\"@id\":\"https:\\\/\\\/vmsport.fi\\\/verkkokauppa\\\/renkaat\\\/ulkorenkaat\\\/nastarenkaat\\\/studded-tyre-piikkisika-w384-tlr-275-x-26\\\/#primaryimage\",\"url\":\"https:\\\/\\\/vmsport.fi\\\/wp-content\\\/uploads\\\/2025\\\/10\\\/piikkisika-taitettava-orig.jpg\",\"contentUrl\":\"https:\\\/\\\/vmsport.fi\\\/wp-content\\\/uploads\\\/2025\\\/10\\\/piikkisika-taitettava-orig.jpg\",\"width\":950,\"height\":950,\"caption\":\"piikkisika-taitettava-orig\"},{\"@type\":\"BreadcrumbList\",\"@id\":\"https:\\\/\\\/vmsport.fi\\\/verkkokauppa\\\/renkaat\\\/ulkorenkaat\\\/nastarenkaat\\\/studded-tyre-piikkisika-w384-tlr-275-x-26\\\/#breadcrumb\",\"itemListElement\":[{\"@type\":\"ListItem\",\"position\":1,\"name\":\"Etusivu\",\"item\":\"https:\\\/\\\/vmsport.fi\\\/\"},{\"@type\":\"ListItem\",\"position\":2,\"name\":\"Online Store\",\"item\":\"https:\\\/\\\/vmsport.fi\\\/en\\\/online-store\\\/\"},{\"@type\":\"ListItem\",\"position\":3,\"name\":\"Suomi Tyres Piikkisika W384 TLR 27,5 x 2,6 Nastarengas\"}]},{\"@type\":\"WebSite\",\"@id\":\"https:\\\/\\\/vmsport.fi\\\/#website\",\"url\":\"https:\\\/\\\/vmsport.fi\\\/\",\"name\":\"Vmsport\",\"description\":\"Kaikki py\u00f6r\u00e4ilyyn yhdest\u00e4 paikasta\",\"publisher\":{\"@id\":\"https:\\\/\\\/vmsport.fi\\\/#organization\"},\"potentialAction\":[{\"@type\":\"SearchAction\",\"target\":{\"@type\":\"EntryPoint\",\"urlTemplate\":\"https:\\\/\\\/vmsport.fi\\\/?s={search_term_string}\"},\"query-input\":{\"@type\":\"PropertyValueSpecification\",\"valueRequired\":true,\"valueName\":\"search_term_string\"}}],\"inLanguage\":\"sv-SE\"},{\"@type\":\"Organization\",\"@id\":\"https:\\\/\\\/vmsport.fi\\\/#organization\",\"name\":\"Vmsport\",\"url\":\"https:\\\/\\\/vmsport.fi\\\/\",\"logo\":{\"@type\":\"ImageObject\",\"inLanguage\":\"sv-SE\",\"@id\":\"https:\\\/\\\/vmsport.fi\\\/#\\\/schema\\\/logo\\\/image\\\/\",\"url\":\"https:\\\/\\\/vmsport.fi\\\/wp-content\\\/uploads\\\/2024\\\/12\\\/vm_sport_RGB_horisontal-e1734526017575.png\",\"contentUrl\":\"https:\\\/\\\/vmsport.fi\\\/wp-content\\\/uploads\\\/2024\\\/12\\\/vm_sport_RGB_horisontal-e1734526017575.png\",\"width\":668,\"height\":85,\"caption\":\"Vmsport\"},\"image\":{\"@id\":\"https:\\\/\\\/vmsport.fi\\\/#\\\/schema\\\/logo\\\/image\\\/\"},\"sameAs\":[\"https:\\\/\\\/www.facebook.com\\\/Vmsport.fi\\\/\",\"https:\\\/\\\/www.instagram.com\\\/vmsport\\\/\"]}]}<\/script>\n<!-- \/ Yoast SEO plugin. -->","yoast_head_json":{"title":"Suomi Tyres Dubbd\u00e4ck W384 TLR 27,5 x 2,6 - VM Sport","robots":{"index":"index","follow":"follow","max-snippet":"max-snippet:-1","max-image-preview":"max-image-preview:large","max-video-preview":"max-video-preview:-1"},"canonical":"https:\/\/vmsport.fi\/sv\/webbutik\/dack\/dack-for-utomhusbruk\/dubbdack\/dubbdack-porcupine-w384-tlr-275-x-26\/","og_locale":"sv_SE","og_type":"article","og_title":"Suomi Tyres Piikkisika W384 TLR 27,5 x 2,6 Nastarengas - VM Sport","og_description":"Eritt\u00e4in hyv\u00e4 pito talviolosuhteisiin 384 nastalla ja mahdollisuus ajaa tubelessina. Soveltuu leveisiin maastopy\u00f6r\u00e4n vanteisiin. [...]L\u00e4s mer \u2026 from Suomi Tyres Piikkisika W384 TLR 27,5 x 2,6 Nastarengas","og_url":"https:\/\/vmsport.fi\/sv\/webbutik\/dack\/dack-for-utomhusbruk\/dubbdack\/dubbdack-porcupine-w384-tlr-275-x-26\/","og_site_name":"VM Sport","article_publisher":"https:\/\/www.facebook.com\/Vmsport.fi\/","article_modified_time":"2026-04-22T12:00:23+00:00","og_image":[{"width":950,"height":950,"url":"https:\/\/vmsport.fi\/wp-content\/uploads\/2025\/10\/piikkisika-taitettava-orig.jpg","type":"image\/jpeg"}],"twitter_card":"summary_large_image","schema":{"@context":"https:\/\/schema.org","@graph":[{"@type":["WebPage","ItemPage"],"@id":"https:\/\/vmsport.fi\/verkkokauppa\/renkaat\/ulkorenkaat\/nastarenkaat\/studded-tyre-piikkisika-w384-tlr-275-x-26\/","url":"https:\/\/vmsport.fi\/verkkokauppa\/renkaat\/ulkorenkaat\/nastarenkaat\/studded-tyre-piikkisika-w384-tlr-275-x-26\/","name":"Suomi Tyres Dubbd\u00e4ck W384 TLR 27,5 x 2,6 - VM Sport","isPartOf":{"@id":"https:\/\/vmsport.fi\/#website"},"primaryImageOfPage":{"@id":"https:\/\/vmsport.fi\/verkkokauppa\/renkaat\/ulkorenkaat\/nastarenkaat\/studded-tyre-piikkisika-w384-tlr-275-x-26\/#primaryimage"},"image":{"@id":"https:\/\/vmsport.fi\/verkkokauppa\/renkaat\/ulkorenkaat\/nastarenkaat\/studded-tyre-piikkisika-w384-tlr-275-x-26\/#primaryimage"},"thumbnailUrl":"https:\/\/vmsport.fi\/wp-content\/uploads\/2025\/10\/piikkisika-taitettava-orig.jpg","datePublished":"2025-03-05T21:52:12+00:00","dateModified":"2026-04-22T12:00:23+00:00","breadcrumb":{"@id":"https:\/\/vmsport.fi\/verkkokauppa\/renkaat\/ulkorenkaat\/nastarenkaat\/studded-tyre-piikkisika-w384-tlr-275-x-26\/#breadcrumb"},"inLanguage":"sv-SE","potentialAction":[{"@type":"ReadAction","target":["https:\/\/vmsport.fi\/verkkokauppa\/renkaat\/ulkorenkaat\/nastarenkaat\/studded-tyre-piikkisika-w384-tlr-275-x-26\/"]}]},{"@type":"ImageObject","inLanguage":"sv-SE","@id":"https:\/\/vmsport.fi\/verkkokauppa\/renkaat\/ulkorenkaat\/nastarenkaat\/studded-tyre-piikkisika-w384-tlr-275-x-26\/#primaryimage","url":"https:\/\/vmsport.fi\/wp-content\/uploads\/2025\/10\/piikkisika-taitettava-orig.jpg","contentUrl":"https:\/\/vmsport.fi\/wp-content\/uploads\/2025\/10\/piikkisika-taitettava-orig.jpg","width":950,"height":950,"caption":"piikkisika-taitettava-orig"},{"@type":"BreadcrumbList","@id":"https:\/\/vmsport.fi\/verkkokauppa\/renkaat\/ulkorenkaat\/nastarenkaat\/studded-tyre-piikkisika-w384-tlr-275-x-26\/#breadcrumb","itemListElement":[{"@type":"ListItem","position":1,"name":"Etusivu","item":"https:\/\/vmsport.fi\/"},{"@type":"ListItem","position":2,"name":"Online Store","item":"https:\/\/vmsport.fi\/en\/online-store\/"},{"@type":"ListItem","position":3,"name":"Suomi Tyres Piikkisika W384 TLR 27,5 x 2,6 Nastarengas"}]},{"@type":"WebSite","@id":"https:\/\/vmsport.fi\/#website","url":"https:\/\/vmsport.fi\/","name":"Vmsport","description":"Allt p\u00e5 ett st\u00e4lle f\u00f6r cykling","publisher":{"@id":"https:\/\/vmsport.fi\/#organization"},"potentialAction":[{"@type":"SearchAction","target":{"@type":"EntryPoint","urlTemplate":"https:\/\/vmsport.fi\/?s={search_term_string}"},"query-input":{"@type":"PropertyValueSpecification","valueRequired":true,"valueName":"search_term_string"}}],"inLanguage":"sv-SE"},{"@type":"Organization","@id":"https:\/\/vmsport.fi\/#organization","name":"Vmsport","url":"https:\/\/vmsport.fi\/","logo":{"@type":"ImageObject","inLanguage":"sv-SE","@id":"https:\/\/vmsport.fi\/#\/schema\/logo\/image\/","url":"https:\/\/vmsport.fi\/wp-content\/uploads\/2024\/12\/vm_sport_RGB_horisontal-e1734526017575.png","contentUrl":"https:\/\/vmsport.fi\/wp-content\/uploads\/2024\/12\/vm_sport_RGB_horisontal-e1734526017575.png","width":668,"height":85,"caption":"Vmsport"},"image":{"@id":"https:\/\/vmsport.fi\/#\/schema\/logo\/image\/"},"sameAs":["https:\/\/www.facebook.com\/Vmsport.fi\/","https:\/\/www.instagram.com\/vmsport\/"]}]}},"global_unique_id":"","_links":{"self":[{"href":"https:\/\/vmsport.fi\/sv\/wp-json\/wp\/v2\/product\/54289","targetHints":{"allow":["GET"]}}],"collection":[{"href":"https:\/\/vmsport.fi\/sv\/wp-json\/wp\/v2\/product"}],"about":[{"href":"https:\/\/vmsport.fi\/sv\/wp-json\/wp\/v2\/types\/product"}],"replies":[{"embeddable":true,"href":"https:\/\/vmsport.fi\/sv\/wp-json\/wp\/v2\/comments?post=54289"}],"wp:featuredmedia":[{"embeddable":true,"href":"https:\/\/vmsport.fi\/sv\/wp-json\/wp\/v2\/media\/61620"}],"wp:attachment":[{"href":"https:\/\/vmsport.fi\/sv\/wp-json\/wp\/v2\/media?parent=54289"}],"wp:term":[{"taxonomy":"product_brand","embeddable":true,"href":"https:\/\/vmsport.fi\/sv\/wp-json\/wp\/v2\/product_brand?post=54289"},{"taxonomy":"product_model","embeddable":true,"href":"https:\/\/vmsport.fi\/sv\/wp-json\/wp\/v2\/product_model?post=54289"},{"taxonomy":"product_cat","embeddable":true,"href":"https:\/\/vmsport.fi\/sv\/wp-json\/wp\/v2\/product_cat?post=54289"},{"taxonomy":"product_tag","embeddable":true,"href":"https:\/\/vmsport.fi\/sv\/wp-json\/wp\/v2\/product_tag?post=54289"},{"taxonomy":"industry_terminology","embeddable":true,"href":"https:\/\/vmsport.fi\/sv\/wp-json\/wp\/v2\/industry-terminology?post=54289"}],"curies":[{"name":"wp","href":"https:\/\/api.w.org\/{rel}","templated":true}]}}