{"id":54285,"date":"2025-03-05T23:52:04","date_gmt":"2025-03-05T21:52:04","guid":{"rendered":"https:\/\/vmsport.fi\/verkkokauppa\/Ei-luokiteltu\/poc-ws-reform-enduro-jersey-uranium-black\/"},"modified":"2026-01-16T13:29:30","modified_gmt":"2026-01-16T11:29:30","slug":"poc-ws-reform-endurotroja-uranium-svart","status":"publish","type":"product","link":"https:\/\/vmsport.fi\/sv\/verkkokauppa\/ajovarusteet\/vaatteet\/paidat\/poc-ws-reform-enduro-jersey-uranium-black\/","title":{"rendered":"POC Reform Enduro Jersey f\u00f6r damer Uranium Black"},"content":{"rendered":"<p>POC W's Reform Enduro cykeltr\u00f6ja kombinerar stil och prestanda p\u00e5 ett perfekt s\u00e4tt, vilket g\u00f6r den idealisk f\u00f6r kvinnor som gillar mountainbike. Den l\u00e5ng\u00e4rmade tr\u00f6jan i Uranium Black \u00e4r utformad f\u00f6r att klara kr\u00e4vande f\u00f6rh\u00e5llanden. Det andningsbara materialet ger en naturlig r\u00f6relsef\u00f6rm\u00e5ga och f\u00f6rh\u00f6jer cykelupplevelsen. Den h\u00e4r tr\u00f6jan ser inte bara bra ut, utan k\u00e4nns ocks\u00e5 bekv\u00e4m under l\u00e5nga cykelturer.<\/p>","protected":false},"excerpt":{"rendered":"<p>POC W&#8217;s Reform Enduro -py\u00f6r\u00e4ilypaita yhdist\u00e4\u00e4 tyylikkyyden ja suorituskyvyn t\u00e4ydellisesti, mink\u00e4 ansiosta se sopii erinomaisesti maastopy\u00f6r\u00e4ily\u00e4 harrastaville naisille. Uranium Black -v\u00e4rinen pitk\u00e4hihainen paita on suunniteltu kest\u00e4m\u00e4\u00e4n vaativissa olosuhteissa. Hengitt\u00e4v\u00e4 materiaali tukee liikkumista luonnollisesti ja parantaa siten py\u00f6r\u00e4ilykokemusta. T\u00e4m\u00e4 paita ei pelk\u00e4st\u00e4\u00e4n n\u00e4yt\u00e4 hyv\u00e4lt\u00e4, vaan my\u00f6s tuntuu mukavalta pitkienkin ajomatkojen aikana. [&#8230;]<\/p>\n<p><a class=\"btn btn-secondary understrap-read-more-link\" href=\"https:\/\/vmsport.fi\/sv\/verkkokauppa\/ajovarusteet\/vaatteet\/paidat\/poc-ws-reform-enduro-jersey-uranium-black\/\">L\u00e4s mer \u2026<span class=\"screen-reader-text\"> from POC W&#8217;s Reform Enduro Jersey Uranium Black<\/span><\/a><\/p>\n","protected":false},"featured_media":54283,"comment_status":"open","ping_status":"closed","template":"","meta":{"_acf_changed":false,"_improvement_type_select":"improve_an_existing","_thumb_yes_seoaic":false,"_frame_yes_seoaic":false,"seoaic_generate_description":"","seoaic_improve_instructions_prompt":"","seoaic_rollback_content_improvement":"","seoaic_idea_thumbnail_generator":"","thumbnail_generated":false,"thumbnail_generate_prompt":"","seoaic_article_description":"","_supplier_stock_quantity":0},"product_brand":[],"product_model":[],"product_cat":[9460],"product_tag":[],"industry-terminology":[],"class_list":{"0":"post-54285","1":"product","2":"type-product","3":"status-publish","4":"has-post-thumbnail","6":"product_cat-paidat","8":"first","9":"instock","10":"taxable","11":"shipping-taxable","12":"purchasable","13":"product-type-variable"},"acf":{"bike_features":null,"overview":{"copy_overview":null,"key_features":null,"statement":"","youtube_url":""}},"yoast_head":"<!-- This site is optimized with the Yoast SEO plugin v27.3 - https:\/\/yoast.com\/product\/yoast-seo-wordpress\/ -->\n<title>POC W&#039;s Reform Enduro Jersey Uranium Black - VM Sport<\/title>\n<meta name=\"robots\" content=\"index, follow, max-snippet:-1, max-image-preview:large, max-video-preview:-1\" \/>\n<link rel=\"canonical\" href=\"https:\/\/vmsport.fi\/sv\/webbutik\/korutrustning\/klader\/skjorta\/poc-ws-reform-endurotroja-uranium-svart\/\" \/>\n<meta property=\"og:locale\" content=\"sv_SE\" \/>\n<meta property=\"og:type\" content=\"article\" \/>\n<meta property=\"og:title\" content=\"POC W&#039;s Reform Enduro Jersey Uranium Black - VM Sport\" \/>\n<meta property=\"og:description\" content=\"POC W&#8217;s Reform Enduro -py\u00f6r\u00e4ilypaita yhdist\u00e4\u00e4 tyylikkyyden ja suorituskyvyn t\u00e4ydellisesti, mink\u00e4 ansiosta se sopii erinomaisesti maastopy\u00f6r\u00e4ily\u00e4 harrastaville naisille. Uranium Black -v\u00e4rinen pitk\u00e4hihainen paita on suunniteltu kest\u00e4m\u00e4\u00e4n vaativissa olosuhteissa. Hengitt\u00e4v\u00e4 materiaali tukee liikkumista luonnollisesti ja parantaa siten py\u00f6r\u00e4ilykokemusta. T\u00e4m\u00e4 paita ei pelk\u00e4st\u00e4\u00e4n n\u00e4yt\u00e4 hyv\u00e4lt\u00e4, vaan my\u00f6s tuntuu mukavalta pitkienkin ajomatkojen aikana. [...]L\u00e4s mer \u2026 from POC W&#8217;s Reform Enduro Jersey Uranium Black\" \/>\n<meta property=\"og:url\" content=\"https:\/\/vmsport.fi\/sv\/webbutik\/korutrustning\/klader\/skjorta\/poc-ws-reform-endurotroja-uranium-svart\/\" \/>\n<meta property=\"og:site_name\" content=\"VM Sport\" \/>\n<meta property=\"article:publisher\" content=\"https:\/\/www.facebook.com\/Vmsport.fi\/\" \/>\n<meta property=\"article:modified_time\" content=\"2026-01-16T11:29:30+00:00\" \/>\n<meta property=\"og:image\" content=\"https:\/\/vmsport.fi\/wp-content\/uploads\/2025\/03\/52903-Ws-ReformEnduroJersey-1002-UraniumBlack-front-1.png\" \/>\n\t<meta property=\"og:image:width\" content=\"1000\" \/>\n\t<meta property=\"og:image:height\" content=\"1000\" \/>\n\t<meta property=\"og:image:type\" content=\"image\/png\" \/>\n<meta name=\"twitter:card\" content=\"summary_large_image\" \/>\n<script type=\"application\/ld+json\" class=\"yoast-schema-graph\">{\"@context\":\"https:\\\/\\\/schema.org\",\"@graph\":[{\"@type\":[\"WebPage\",\"ItemPage\"],\"@id\":\"https:\\\/\\\/vmsport.fi\\\/verkkokauppa\\\/ajovarusteet\\\/vaatteet\\\/paidat\\\/poc-ws-reform-enduro-jersey-uranium-black\\\/\",\"url\":\"https:\\\/\\\/vmsport.fi\\\/verkkokauppa\\\/ajovarusteet\\\/vaatteet\\\/paidat\\\/poc-ws-reform-enduro-jersey-uranium-black\\\/\",\"name\":\"POC W's Reform Enduro Jersey Uranium Black - VM Sport\",\"isPartOf\":{\"@id\":\"https:\\\/\\\/vmsport.fi\\\/#website\"},\"primaryImageOfPage\":{\"@id\":\"https:\\\/\\\/vmsport.fi\\\/verkkokauppa\\\/ajovarusteet\\\/vaatteet\\\/paidat\\\/poc-ws-reform-enduro-jersey-uranium-black\\\/#primaryimage\"},\"image\":{\"@id\":\"https:\\\/\\\/vmsport.fi\\\/verkkokauppa\\\/ajovarusteet\\\/vaatteet\\\/paidat\\\/poc-ws-reform-enduro-jersey-uranium-black\\\/#primaryimage\"},\"thumbnailUrl\":\"https:\\\/\\\/vmsport.fi\\\/wp-content\\\/uploads\\\/2025\\\/03\\\/52903-Ws-ReformEnduroJersey-1002-UraniumBlack-front-1.png\",\"datePublished\":\"2025-03-05T21:52:04+00:00\",\"dateModified\":\"2026-01-16T11:29:30+00:00\",\"breadcrumb\":{\"@id\":\"https:\\\/\\\/vmsport.fi\\\/verkkokauppa\\\/ajovarusteet\\\/vaatteet\\\/paidat\\\/poc-ws-reform-enduro-jersey-uranium-black\\\/#breadcrumb\"},\"inLanguage\":\"sv-SE\",\"potentialAction\":[{\"@type\":\"ReadAction\",\"target\":[\"https:\\\/\\\/vmsport.fi\\\/verkkokauppa\\\/ajovarusteet\\\/vaatteet\\\/paidat\\\/poc-ws-reform-enduro-jersey-uranium-black\\\/\"]}]},{\"@type\":\"ImageObject\",\"inLanguage\":\"sv-SE\",\"@id\":\"https:\\\/\\\/vmsport.fi\\\/verkkokauppa\\\/ajovarusteet\\\/vaatteet\\\/paidat\\\/poc-ws-reform-enduro-jersey-uranium-black\\\/#primaryimage\",\"url\":\"https:\\\/\\\/vmsport.fi\\\/wp-content\\\/uploads\\\/2025\\\/03\\\/52903-Ws-ReformEnduroJersey-1002-UraniumBlack-front-1.png\",\"contentUrl\":\"https:\\\/\\\/vmsport.fi\\\/wp-content\\\/uploads\\\/2025\\\/03\\\/52903-Ws-ReformEnduroJersey-1002-UraniumBlack-front-1.png\",\"width\":1000,\"height\":1000,\"caption\":\"52903-Ws-ReformEnduroJersey-1002-UraniumBlack-front\"},{\"@type\":\"BreadcrumbList\",\"@id\":\"https:\\\/\\\/vmsport.fi\\\/verkkokauppa\\\/ajovarusteet\\\/vaatteet\\\/paidat\\\/poc-ws-reform-enduro-jersey-uranium-black\\\/#breadcrumb\",\"itemListElement\":[{\"@type\":\"ListItem\",\"position\":1,\"name\":\"Etusivu\",\"item\":\"https:\\\/\\\/vmsport.fi\\\/\"},{\"@type\":\"ListItem\",\"position\":2,\"name\":\"Online Store\",\"item\":\"https:\\\/\\\/vmsport.fi\\\/en\\\/online-store\\\/\"},{\"@type\":\"ListItem\",\"position\":3,\"name\":\"POC W&#8217;s Reform Enduro Jersey Uranium Black\"}]},{\"@type\":\"WebSite\",\"@id\":\"https:\\\/\\\/vmsport.fi\\\/#website\",\"url\":\"https:\\\/\\\/vmsport.fi\\\/\",\"name\":\"Vmsport\",\"description\":\"Kaikki py\u00f6r\u00e4ilyyn yhdest\u00e4 paikasta\",\"publisher\":{\"@id\":\"https:\\\/\\\/vmsport.fi\\\/#organization\"},\"potentialAction\":[{\"@type\":\"SearchAction\",\"target\":{\"@type\":\"EntryPoint\",\"urlTemplate\":\"https:\\\/\\\/vmsport.fi\\\/?s={search_term_string}\"},\"query-input\":{\"@type\":\"PropertyValueSpecification\",\"valueRequired\":true,\"valueName\":\"search_term_string\"}}],\"inLanguage\":\"sv-SE\"},{\"@type\":\"Organization\",\"@id\":\"https:\\\/\\\/vmsport.fi\\\/#organization\",\"name\":\"Vmsport\",\"url\":\"https:\\\/\\\/vmsport.fi\\\/\",\"logo\":{\"@type\":\"ImageObject\",\"inLanguage\":\"sv-SE\",\"@id\":\"https:\\\/\\\/vmsport.fi\\\/#\\\/schema\\\/logo\\\/image\\\/\",\"url\":\"https:\\\/\\\/vmsport.fi\\\/wp-content\\\/uploads\\\/2024\\\/12\\\/vm_sport_RGB_horisontal-e1734526017575.png\",\"contentUrl\":\"https:\\\/\\\/vmsport.fi\\\/wp-content\\\/uploads\\\/2024\\\/12\\\/vm_sport_RGB_horisontal-e1734526017575.png\",\"width\":668,\"height\":85,\"caption\":\"Vmsport\"},\"image\":{\"@id\":\"https:\\\/\\\/vmsport.fi\\\/#\\\/schema\\\/logo\\\/image\\\/\"},\"sameAs\":[\"https:\\\/\\\/www.facebook.com\\\/Vmsport.fi\\\/\",\"https:\\\/\\\/www.instagram.com\\\/vmsport\\\/\"]}]}<\/script>\n<!-- \/ Yoast SEO plugin. -->","yoast_head_json":{"title":"POC Reform Enduro Jersey Uranium Black f\u00f6r damer - VM Sport","robots":{"index":"index","follow":"follow","max-snippet":"max-snippet:-1","max-image-preview":"max-image-preview:large","max-video-preview":"max-video-preview:-1"},"canonical":"https:\/\/vmsport.fi\/sv\/webbutik\/korutrustning\/klader\/skjorta\/poc-ws-reform-endurotroja-uranium-svart\/","og_locale":"sv_SE","og_type":"article","og_title":"POC W's Reform Enduro Jersey Uranium Black - VM Sport","og_description":"POC W&#8217;s Reform Enduro -py\u00f6r\u00e4ilypaita yhdist\u00e4\u00e4 tyylikkyyden ja suorituskyvyn t\u00e4ydellisesti, mink\u00e4 ansiosta se sopii erinomaisesti maastopy\u00f6r\u00e4ily\u00e4 harrastaville naisille. Uranium Black -v\u00e4rinen pitk\u00e4hihainen paita on suunniteltu kest\u00e4m\u00e4\u00e4n vaativissa olosuhteissa. Hengitt\u00e4v\u00e4 materiaali tukee liikkumista luonnollisesti ja parantaa siten py\u00f6r\u00e4ilykokemusta. T\u00e4m\u00e4 paita ei pelk\u00e4st\u00e4\u00e4n n\u00e4yt\u00e4 hyv\u00e4lt\u00e4, vaan my\u00f6s tuntuu mukavalta pitkienkin ajomatkojen aikana. [...]L\u00e4s mer \u2026 from POC W&#8217;s Reform Enduro Jersey Uranium Black","og_url":"https:\/\/vmsport.fi\/sv\/webbutik\/korutrustning\/klader\/skjorta\/poc-ws-reform-endurotroja-uranium-svart\/","og_site_name":"VM Sport","article_publisher":"https:\/\/www.facebook.com\/Vmsport.fi\/","article_modified_time":"2026-01-16T11:29:30+00:00","og_image":[{"width":1000,"height":1000,"url":"https:\/\/vmsport.fi\/wp-content\/uploads\/2025\/03\/52903-Ws-ReformEnduroJersey-1002-UraniumBlack-front-1.png","type":"image\/png"}],"twitter_card":"summary_large_image","schema":{"@context":"https:\/\/schema.org","@graph":[{"@type":["WebPage","ItemPage"],"@id":"https:\/\/vmsport.fi\/verkkokauppa\/ajovarusteet\/vaatteet\/paidat\/poc-ws-reform-enduro-jersey-uranium-black\/","url":"https:\/\/vmsport.fi\/verkkokauppa\/ajovarusteet\/vaatteet\/paidat\/poc-ws-reform-enduro-jersey-uranium-black\/","name":"POC Reform Enduro Jersey Uranium Black f\u00f6r damer - VM Sport","isPartOf":{"@id":"https:\/\/vmsport.fi\/#website"},"primaryImageOfPage":{"@id":"https:\/\/vmsport.fi\/verkkokauppa\/ajovarusteet\/vaatteet\/paidat\/poc-ws-reform-enduro-jersey-uranium-black\/#primaryimage"},"image":{"@id":"https:\/\/vmsport.fi\/verkkokauppa\/ajovarusteet\/vaatteet\/paidat\/poc-ws-reform-enduro-jersey-uranium-black\/#primaryimage"},"thumbnailUrl":"https:\/\/vmsport.fi\/wp-content\/uploads\/2025\/03\/52903-Ws-ReformEnduroJersey-1002-UraniumBlack-front-1.png","datePublished":"2025-03-05T21:52:04+00:00","dateModified":"2026-01-16T11:29:30+00:00","breadcrumb":{"@id":"https:\/\/vmsport.fi\/verkkokauppa\/ajovarusteet\/vaatteet\/paidat\/poc-ws-reform-enduro-jersey-uranium-black\/#breadcrumb"},"inLanguage":"sv-SE","potentialAction":[{"@type":"ReadAction","target":["https:\/\/vmsport.fi\/verkkokauppa\/ajovarusteet\/vaatteet\/paidat\/poc-ws-reform-enduro-jersey-uranium-black\/"]}]},{"@type":"ImageObject","inLanguage":"sv-SE","@id":"https:\/\/vmsport.fi\/verkkokauppa\/ajovarusteet\/vaatteet\/paidat\/poc-ws-reform-enduro-jersey-uranium-black\/#primaryimage","url":"https:\/\/vmsport.fi\/wp-content\/uploads\/2025\/03\/52903-Ws-ReformEnduroJersey-1002-UraniumBlack-front-1.png","contentUrl":"https:\/\/vmsport.fi\/wp-content\/uploads\/2025\/03\/52903-Ws-ReformEnduroJersey-1002-UraniumBlack-front-1.png","width":1000,"height":1000,"caption":"52903-Ws-ReformEnduroJersey-1002-UraniumBlack-front"},{"@type":"BreadcrumbList","@id":"https:\/\/vmsport.fi\/verkkokauppa\/ajovarusteet\/vaatteet\/paidat\/poc-ws-reform-enduro-jersey-uranium-black\/#breadcrumb","itemListElement":[{"@type":"ListItem","position":1,"name":"Etusivu","item":"https:\/\/vmsport.fi\/"},{"@type":"ListItem","position":2,"name":"Online Store","item":"https:\/\/vmsport.fi\/en\/online-store\/"},{"@type":"ListItem","position":3,"name":"POC W&#8217;s Reform Enduro Jersey Uranium Black"}]},{"@type":"WebSite","@id":"https:\/\/vmsport.fi\/#website","url":"https:\/\/vmsport.fi\/","name":"Vmsport","description":"Allt p\u00e5 ett st\u00e4lle f\u00f6r cykling","publisher":{"@id":"https:\/\/vmsport.fi\/#organization"},"potentialAction":[{"@type":"SearchAction","target":{"@type":"EntryPoint","urlTemplate":"https:\/\/vmsport.fi\/?s={search_term_string}"},"query-input":{"@type":"PropertyValueSpecification","valueRequired":true,"valueName":"search_term_string"}}],"inLanguage":"sv-SE"},{"@type":"Organization","@id":"https:\/\/vmsport.fi\/#organization","name":"Vmsport","url":"https:\/\/vmsport.fi\/","logo":{"@type":"ImageObject","inLanguage":"sv-SE","@id":"https:\/\/vmsport.fi\/#\/schema\/logo\/image\/","url":"https:\/\/vmsport.fi\/wp-content\/uploads\/2024\/12\/vm_sport_RGB_horisontal-e1734526017575.png","contentUrl":"https:\/\/vmsport.fi\/wp-content\/uploads\/2024\/12\/vm_sport_RGB_horisontal-e1734526017575.png","width":668,"height":85,"caption":"Vmsport"},"image":{"@id":"https:\/\/vmsport.fi\/#\/schema\/logo\/image\/"},"sameAs":["https:\/\/www.facebook.com\/Vmsport.fi\/","https:\/\/www.instagram.com\/vmsport\/"]}]}},"global_unique_id":"","_links":{"self":[{"href":"https:\/\/vmsport.fi\/sv\/wp-json\/wp\/v2\/product\/54285","targetHints":{"allow":["GET"]}}],"collection":[{"href":"https:\/\/vmsport.fi\/sv\/wp-json\/wp\/v2\/product"}],"about":[{"href":"https:\/\/vmsport.fi\/sv\/wp-json\/wp\/v2\/types\/product"}],"replies":[{"embeddable":true,"href":"https:\/\/vmsport.fi\/sv\/wp-json\/wp\/v2\/comments?post=54285"}],"wp:featuredmedia":[{"embeddable":true,"href":"https:\/\/vmsport.fi\/sv\/wp-json\/wp\/v2\/media\/54283"}],"wp:attachment":[{"href":"https:\/\/vmsport.fi\/sv\/wp-json\/wp\/v2\/media?parent=54285"}],"wp:term":[{"taxonomy":"product_brand","embeddable":true,"href":"https:\/\/vmsport.fi\/sv\/wp-json\/wp\/v2\/product_brand?post=54285"},{"taxonomy":"product_model","embeddable":true,"href":"https:\/\/vmsport.fi\/sv\/wp-json\/wp\/v2\/product_model?post=54285"},{"taxonomy":"product_cat","embeddable":true,"href":"https:\/\/vmsport.fi\/sv\/wp-json\/wp\/v2\/product_cat?post=54285"},{"taxonomy":"product_tag","embeddable":true,"href":"https:\/\/vmsport.fi\/sv\/wp-json\/wp\/v2\/product_tag?post=54285"},{"taxonomy":"industry_terminology","embeddable":true,"href":"https:\/\/vmsport.fi\/sv\/wp-json\/wp\/v2\/industry-terminology?post=54285"}],"curies":[{"name":"wp","href":"https:\/\/api.w.org\/{rel}","templated":true}]}}