{"id":54282,"date":"2025-03-05T23:51:55","date_gmt":"2025-03-05T21:51:55","guid":{"rendered":"https:\/\/vmsport.fi\/verkkokauppa\/Ei-luokiteltu\/poc-devour-brown-silver-mirror-ajolasit\/"},"modified":"2026-01-16T13:25:09","modified_gmt":"2026-01-16T11:25:09","slug":"poc-devour-brun-silver-spegel-solglasogon","status":"publish","type":"product","link":"https:\/\/vmsport.fi\/sv\/verkkokauppa\/ajovarusteet\/ajolasit\/poc-devour-brown-silver-mirror-ajolasit\/","title":{"rendered":"POC Devour Brun\/Silver Mirror Ajolasit"},"content":{"rendered":"<p>POC Devour-solglas\u00f6gonen kombinerar en gl\u00f6dande design i snygga bruna nyanser med banbrytande teknik. De klara glasen ger utm\u00e4rkt sikt, vilket g\u00f6r din k\u00f6rupplevelse exakt och bekv\u00e4m. Linserna har en silverspegelbel\u00e4ggning som effektivt minskar bl\u00e4ndning och h\u00e5ller \u00f6gonen fr\u00e4scha \u00e4ven i starkt ljus. Den ergonomiska designen ger perfekt passform och komfort \u00e4ven under l\u00e5nga k\u00f6rningar. Med dessa k\u00f6rglas\u00f6gon kan du koncentrera dig helt p\u00e5 att h\u00e5lla dig p\u00e5 r\u00e4tt sp\u00e5r, eftersom de skyddar mot vind och skr\u00e4p.<\/p>","protected":false},"excerpt":{"rendered":"<p>POC Devour -ajolasit yhdist\u00e4v\u00e4t tyylikk\u00e4\u00e4n ruskean s\u00e4vyiss\u00e4 hehkuvan muotoilun ja huipputeknologian. Kirkkauslinssit tarjoavat erinomaisen n\u00e4kyvyyden, jolloin ajokokemuksesta tulee tarkka ja miellytt\u00e4v\u00e4. Linsseiss\u00e4 on hopeinen peilipinnoite, joka v\u00e4hent\u00e4\u00e4 h\u00e4ik\u00e4isy\u00e4 tehokkaasti, pit\u00e4en silm\u00e4si virkein\u00e4 my\u00f6s kirkkaassa valossa. Ergonominen muotoilu takaa t\u00e4ydellisen istuvuuden ja mukavuuden my\u00f6s pitkien ajomatkojen aikana. N\u00e4iden ajolasien avulla voit keskitty\u00e4 t\u00e4ysin reitill\u00e4 pysymiseen, sill\u00e4 [&#8230;]<\/p>\n<p><a class=\"btn btn-secondary understrap-read-more-link\" href=\"https:\/\/vmsport.fi\/sv\/verkkokauppa\/ajovarusteet\/ajolasit\/poc-devour-brown-silver-mirror-ajolasit\/\">L\u00e4s mer \u2026<span class=\"screen-reader-text\"> from POC Devour Brown\/Silver Mirror Ajolasit<\/span><\/a><\/p>\n","protected":false},"featured_media":54279,"comment_status":"open","ping_status":"closed","template":"","meta":{"_acf_changed":false,"_improvement_type_select":"improve_an_existing","_thumb_yes_seoaic":false,"_frame_yes_seoaic":false,"seoaic_generate_description":"","seoaic_improve_instructions_prompt":"","seoaic_rollback_content_improvement":"","seoaic_idea_thumbnail_generator":"","thumbnail_generated":false,"thumbnail_generate_prompt":"","seoaic_article_description":"","_supplier_stock_quantity":0},"product_brand":[],"product_model":[],"product_cat":[9280],"product_tag":[],"industry-terminology":[],"class_list":{"0":"post-54282","1":"product","2":"type-product","3":"status-publish","4":"has-post-thumbnail","6":"product_cat-ajolasit","8":"first","9":"outofstock","10":"taxable","11":"shipping-taxable","12":"product-type-simple"},"acf":{"bike_features":null,"overview":{"copy_overview":null,"key_features":null,"statement":"","youtube_url":""}},"yoast_head":"<!-- This site is optimized with the Yoast SEO plugin v27.3 - https:\/\/yoast.com\/product\/yoast-seo-wordpress\/ -->\n<title>POC Devour Brown\/Silver Mirror Ajolasit - VM Sport<\/title>\n<meta name=\"robots\" content=\"index, follow, max-snippet:-1, max-image-preview:large, max-video-preview:-1\" \/>\n<link rel=\"canonical\" href=\"https:\/\/vmsport.fi\/sv\/webbutik\/korutrustning\/drivande-glasogon\/poc-devour-brun-silver-spegel-solglasogon\/\" \/>\n<meta property=\"og:locale\" content=\"sv_SE\" \/>\n<meta property=\"og:type\" content=\"article\" \/>\n<meta property=\"og:title\" content=\"POC Devour Brown\/Silver Mirror Ajolasit - VM Sport\" \/>\n<meta property=\"og:description\" content=\"POC Devour -ajolasit yhdist\u00e4v\u00e4t tyylikk\u00e4\u00e4n ruskean s\u00e4vyiss\u00e4 hehkuvan muotoilun ja huipputeknologian. Kirkkauslinssit tarjoavat erinomaisen n\u00e4kyvyyden, jolloin ajokokemuksesta tulee tarkka ja miellytt\u00e4v\u00e4. Linsseiss\u00e4 on hopeinen peilipinnoite, joka v\u00e4hent\u00e4\u00e4 h\u00e4ik\u00e4isy\u00e4 tehokkaasti, pit\u00e4en silm\u00e4si virkein\u00e4 my\u00f6s kirkkaassa valossa. Ergonominen muotoilu takaa t\u00e4ydellisen istuvuuden ja mukavuuden my\u00f6s pitkien ajomatkojen aikana. N\u00e4iden ajolasien avulla voit keskitty\u00e4 t\u00e4ysin reitill\u00e4 pysymiseen, sill\u00e4 [...]L\u00e4s mer \u2026 from POC Devour Brown\/Silver Mirror Ajolasit\" \/>\n<meta property=\"og:url\" content=\"https:\/\/vmsport.fi\/sv\/webbutik\/korutrustning\/drivande-glasogon\/poc-devour-brun-silver-spegel-solglasogon\/\" \/>\n<meta property=\"og:site_name\" content=\"VM Sport\" \/>\n<meta property=\"article:publisher\" content=\"https:\/\/www.facebook.com\/Vmsport.fi\/\" \/>\n<meta property=\"article:modified_time\" content=\"2026-01-16T11:25:09+00:00\" \/>\n<meta property=\"og:image\" content=\"https:\/\/vmsport.fi\/wp-content\/uploads\/2025\/03\/MA1001-Devour-1002-UraniumBlack-Violet-Goldmirror-0002-1.png\" \/>\n\t<meta property=\"og:image:width\" content=\"1000\" \/>\n\t<meta property=\"og:image:height\" content=\"1000\" \/>\n\t<meta property=\"og:image:type\" content=\"image\/png\" \/>\n<meta name=\"twitter:card\" content=\"summary_large_image\" \/>\n<script type=\"application\/ld+json\" class=\"yoast-schema-graph\">{\"@context\":\"https:\\\/\\\/schema.org\",\"@graph\":[{\"@type\":[\"WebPage\",\"ItemPage\"],\"@id\":\"https:\\\/\\\/vmsport.fi\\\/verkkokauppa\\\/ajovarusteet\\\/ajolasit\\\/poc-devour-brown-silver-mirror-ajolasit\\\/\",\"url\":\"https:\\\/\\\/vmsport.fi\\\/verkkokauppa\\\/ajovarusteet\\\/ajolasit\\\/poc-devour-brown-silver-mirror-ajolasit\\\/\",\"name\":\"POC Devour Brown\\\/Silver Mirror Ajolasit - VM Sport\",\"isPartOf\":{\"@id\":\"https:\\\/\\\/vmsport.fi\\\/#website\"},\"primaryImageOfPage\":{\"@id\":\"https:\\\/\\\/vmsport.fi\\\/verkkokauppa\\\/ajovarusteet\\\/ajolasit\\\/poc-devour-brown-silver-mirror-ajolasit\\\/#primaryimage\"},\"image\":{\"@id\":\"https:\\\/\\\/vmsport.fi\\\/verkkokauppa\\\/ajovarusteet\\\/ajolasit\\\/poc-devour-brown-silver-mirror-ajolasit\\\/#primaryimage\"},\"thumbnailUrl\":\"https:\\\/\\\/vmsport.fi\\\/wp-content\\\/uploads\\\/2025\\\/03\\\/MA1001-Devour-1002-UraniumBlack-Violet-Goldmirror-0002-1.png\",\"datePublished\":\"2025-03-05T21:51:55+00:00\",\"dateModified\":\"2026-01-16T11:25:09+00:00\",\"breadcrumb\":{\"@id\":\"https:\\\/\\\/vmsport.fi\\\/verkkokauppa\\\/ajovarusteet\\\/ajolasit\\\/poc-devour-brown-silver-mirror-ajolasit\\\/#breadcrumb\"},\"inLanguage\":\"sv-SE\",\"potentialAction\":[{\"@type\":\"ReadAction\",\"target\":[\"https:\\\/\\\/vmsport.fi\\\/verkkokauppa\\\/ajovarusteet\\\/ajolasit\\\/poc-devour-brown-silver-mirror-ajolasit\\\/\"]}]},{\"@type\":\"ImageObject\",\"inLanguage\":\"sv-SE\",\"@id\":\"https:\\\/\\\/vmsport.fi\\\/verkkokauppa\\\/ajovarusteet\\\/ajolasit\\\/poc-devour-brown-silver-mirror-ajolasit\\\/#primaryimage\",\"url\":\"https:\\\/\\\/vmsport.fi\\\/wp-content\\\/uploads\\\/2025\\\/03\\\/MA1001-Devour-1002-UraniumBlack-Violet-Goldmirror-0002-1.png\",\"contentUrl\":\"https:\\\/\\\/vmsport.fi\\\/wp-content\\\/uploads\\\/2025\\\/03\\\/MA1001-Devour-1002-UraniumBlack-Violet-Goldmirror-0002-1.png\",\"width\":1000,\"height\":1000,\"caption\":\"MA1001-Devour-1002-UraniumBlack-Violet-Goldmirror-0002\"},{\"@type\":\"BreadcrumbList\",\"@id\":\"https:\\\/\\\/vmsport.fi\\\/verkkokauppa\\\/ajovarusteet\\\/ajolasit\\\/poc-devour-brown-silver-mirror-ajolasit\\\/#breadcrumb\",\"itemListElement\":[{\"@type\":\"ListItem\",\"position\":1,\"name\":\"Etusivu\",\"item\":\"https:\\\/\\\/vmsport.fi\\\/\"},{\"@type\":\"ListItem\",\"position\":2,\"name\":\"Online Store\",\"item\":\"https:\\\/\\\/vmsport.fi\\\/en\\\/online-store\\\/\"},{\"@type\":\"ListItem\",\"position\":3,\"name\":\"POC Devour Brown\\\/Silver Mirror Ajolasit\"}]},{\"@type\":\"WebSite\",\"@id\":\"https:\\\/\\\/vmsport.fi\\\/#website\",\"url\":\"https:\\\/\\\/vmsport.fi\\\/\",\"name\":\"Vmsport\",\"description\":\"Kaikki py\u00f6r\u00e4ilyyn yhdest\u00e4 paikasta\",\"publisher\":{\"@id\":\"https:\\\/\\\/vmsport.fi\\\/#organization\"},\"potentialAction\":[{\"@type\":\"SearchAction\",\"target\":{\"@type\":\"EntryPoint\",\"urlTemplate\":\"https:\\\/\\\/vmsport.fi\\\/?s={search_term_string}\"},\"query-input\":{\"@type\":\"PropertyValueSpecification\",\"valueRequired\":true,\"valueName\":\"search_term_string\"}}],\"inLanguage\":\"sv-SE\"},{\"@type\":\"Organization\",\"@id\":\"https:\\\/\\\/vmsport.fi\\\/#organization\",\"name\":\"Vmsport\",\"url\":\"https:\\\/\\\/vmsport.fi\\\/\",\"logo\":{\"@type\":\"ImageObject\",\"inLanguage\":\"sv-SE\",\"@id\":\"https:\\\/\\\/vmsport.fi\\\/#\\\/schema\\\/logo\\\/image\\\/\",\"url\":\"https:\\\/\\\/vmsport.fi\\\/wp-content\\\/uploads\\\/2024\\\/12\\\/vm_sport_RGB_horisontal-e1734526017575.png\",\"contentUrl\":\"https:\\\/\\\/vmsport.fi\\\/wp-content\\\/uploads\\\/2024\\\/12\\\/vm_sport_RGB_horisontal-e1734526017575.png\",\"width\":668,\"height\":85,\"caption\":\"Vmsport\"},\"image\":{\"@id\":\"https:\\\/\\\/vmsport.fi\\\/#\\\/schema\\\/logo\\\/image\\\/\"},\"sameAs\":[\"https:\\\/\\\/www.facebook.com\\\/Vmsport.fi\\\/\",\"https:\\\/\\\/www.instagram.com\\\/vmsport\\\/\"]}]}<\/script>\n<!-- \/ Yoast SEO plugin. -->","yoast_head_json":{"title":"POC Devour Brun\/Silver Mirror Ajolasit - VM Sport","robots":{"index":"index","follow":"follow","max-snippet":"max-snippet:-1","max-image-preview":"max-image-preview:large","max-video-preview":"max-video-preview:-1"},"canonical":"https:\/\/vmsport.fi\/sv\/webbutik\/korutrustning\/drivande-glasogon\/poc-devour-brun-silver-spegel-solglasogon\/","og_locale":"sv_SE","og_type":"article","og_title":"POC Devour Brown\/Silver Mirror Ajolasit - VM Sport","og_description":"POC Devour -ajolasit yhdist\u00e4v\u00e4t tyylikk\u00e4\u00e4n ruskean s\u00e4vyiss\u00e4 hehkuvan muotoilun ja huipputeknologian. Kirkkauslinssit tarjoavat erinomaisen n\u00e4kyvyyden, jolloin ajokokemuksesta tulee tarkka ja miellytt\u00e4v\u00e4. Linsseiss\u00e4 on hopeinen peilipinnoite, joka v\u00e4hent\u00e4\u00e4 h\u00e4ik\u00e4isy\u00e4 tehokkaasti, pit\u00e4en silm\u00e4si virkein\u00e4 my\u00f6s kirkkaassa valossa. Ergonominen muotoilu takaa t\u00e4ydellisen istuvuuden ja mukavuuden my\u00f6s pitkien ajomatkojen aikana. N\u00e4iden ajolasien avulla voit keskitty\u00e4 t\u00e4ysin reitill\u00e4 pysymiseen, sill\u00e4 [...]L\u00e4s mer \u2026 from POC Devour Brown\/Silver Mirror Ajolasit","og_url":"https:\/\/vmsport.fi\/sv\/webbutik\/korutrustning\/drivande-glasogon\/poc-devour-brun-silver-spegel-solglasogon\/","og_site_name":"VM Sport","article_publisher":"https:\/\/www.facebook.com\/Vmsport.fi\/","article_modified_time":"2026-01-16T11:25:09+00:00","og_image":[{"width":1000,"height":1000,"url":"https:\/\/vmsport.fi\/wp-content\/uploads\/2025\/03\/MA1001-Devour-1002-UraniumBlack-Violet-Goldmirror-0002-1.png","type":"image\/png"}],"twitter_card":"summary_large_image","schema":{"@context":"https:\/\/schema.org","@graph":[{"@type":["WebPage","ItemPage"],"@id":"https:\/\/vmsport.fi\/verkkokauppa\/ajovarusteet\/ajolasit\/poc-devour-brown-silver-mirror-ajolasit\/","url":"https:\/\/vmsport.fi\/verkkokauppa\/ajovarusteet\/ajolasit\/poc-devour-brown-silver-mirror-ajolasit\/","name":"POC Devour Brun\/Silver Mirror Ajolasit - VM Sport","isPartOf":{"@id":"https:\/\/vmsport.fi\/#website"},"primaryImageOfPage":{"@id":"https:\/\/vmsport.fi\/verkkokauppa\/ajovarusteet\/ajolasit\/poc-devour-brown-silver-mirror-ajolasit\/#primaryimage"},"image":{"@id":"https:\/\/vmsport.fi\/verkkokauppa\/ajovarusteet\/ajolasit\/poc-devour-brown-silver-mirror-ajolasit\/#primaryimage"},"thumbnailUrl":"https:\/\/vmsport.fi\/wp-content\/uploads\/2025\/03\/MA1001-Devour-1002-UraniumBlack-Violet-Goldmirror-0002-1.png","datePublished":"2025-03-05T21:51:55+00:00","dateModified":"2026-01-16T11:25:09+00:00","breadcrumb":{"@id":"https:\/\/vmsport.fi\/verkkokauppa\/ajovarusteet\/ajolasit\/poc-devour-brown-silver-mirror-ajolasit\/#breadcrumb"},"inLanguage":"sv-SE","potentialAction":[{"@type":"ReadAction","target":["https:\/\/vmsport.fi\/verkkokauppa\/ajovarusteet\/ajolasit\/poc-devour-brown-silver-mirror-ajolasit\/"]}]},{"@type":"ImageObject","inLanguage":"sv-SE","@id":"https:\/\/vmsport.fi\/verkkokauppa\/ajovarusteet\/ajolasit\/poc-devour-brown-silver-mirror-ajolasit\/#primaryimage","url":"https:\/\/vmsport.fi\/wp-content\/uploads\/2025\/03\/MA1001-Devour-1002-UraniumBlack-Violet-Goldmirror-0002-1.png","contentUrl":"https:\/\/vmsport.fi\/wp-content\/uploads\/2025\/03\/MA1001-Devour-1002-UraniumBlack-Violet-Goldmirror-0002-1.png","width":1000,"height":1000,"caption":"MA1001-Devour-1002-UraniumBlack-Violet-Goldmirror-0002"},{"@type":"BreadcrumbList","@id":"https:\/\/vmsport.fi\/verkkokauppa\/ajovarusteet\/ajolasit\/poc-devour-brown-silver-mirror-ajolasit\/#breadcrumb","itemListElement":[{"@type":"ListItem","position":1,"name":"Etusivu","item":"https:\/\/vmsport.fi\/"},{"@type":"ListItem","position":2,"name":"Online Store","item":"https:\/\/vmsport.fi\/en\/online-store\/"},{"@type":"ListItem","position":3,"name":"POC Devour Brown\/Silver Mirror Ajolasit"}]},{"@type":"WebSite","@id":"https:\/\/vmsport.fi\/#website","url":"https:\/\/vmsport.fi\/","name":"Vmsport","description":"Allt p\u00e5 ett st\u00e4lle f\u00f6r cykling","publisher":{"@id":"https:\/\/vmsport.fi\/#organization"},"potentialAction":[{"@type":"SearchAction","target":{"@type":"EntryPoint","urlTemplate":"https:\/\/vmsport.fi\/?s={search_term_string}"},"query-input":{"@type":"PropertyValueSpecification","valueRequired":true,"valueName":"search_term_string"}}],"inLanguage":"sv-SE"},{"@type":"Organization","@id":"https:\/\/vmsport.fi\/#organization","name":"Vmsport","url":"https:\/\/vmsport.fi\/","logo":{"@type":"ImageObject","inLanguage":"sv-SE","@id":"https:\/\/vmsport.fi\/#\/schema\/logo\/image\/","url":"https:\/\/vmsport.fi\/wp-content\/uploads\/2024\/12\/vm_sport_RGB_horisontal-e1734526017575.png","contentUrl":"https:\/\/vmsport.fi\/wp-content\/uploads\/2024\/12\/vm_sport_RGB_horisontal-e1734526017575.png","width":668,"height":85,"caption":"Vmsport"},"image":{"@id":"https:\/\/vmsport.fi\/#\/schema\/logo\/image\/"},"sameAs":["https:\/\/www.facebook.com\/Vmsport.fi\/","https:\/\/www.instagram.com\/vmsport\/"]}]}},"global_unique_id":"","_links":{"self":[{"href":"https:\/\/vmsport.fi\/sv\/wp-json\/wp\/v2\/product\/54282","targetHints":{"allow":["GET"]}}],"collection":[{"href":"https:\/\/vmsport.fi\/sv\/wp-json\/wp\/v2\/product"}],"about":[{"href":"https:\/\/vmsport.fi\/sv\/wp-json\/wp\/v2\/types\/product"}],"replies":[{"embeddable":true,"href":"https:\/\/vmsport.fi\/sv\/wp-json\/wp\/v2\/comments?post=54282"}],"wp:featuredmedia":[{"embeddable":true,"href":"https:\/\/vmsport.fi\/sv\/wp-json\/wp\/v2\/media\/54279"}],"wp:attachment":[{"href":"https:\/\/vmsport.fi\/sv\/wp-json\/wp\/v2\/media?parent=54282"}],"wp:term":[{"taxonomy":"product_brand","embeddable":true,"href":"https:\/\/vmsport.fi\/sv\/wp-json\/wp\/v2\/product_brand?post=54282"},{"taxonomy":"product_model","embeddable":true,"href":"https:\/\/vmsport.fi\/sv\/wp-json\/wp\/v2\/product_model?post=54282"},{"taxonomy":"product_cat","embeddable":true,"href":"https:\/\/vmsport.fi\/sv\/wp-json\/wp\/v2\/product_cat?post=54282"},{"taxonomy":"product_tag","embeddable":true,"href":"https:\/\/vmsport.fi\/sv\/wp-json\/wp\/v2\/product_tag?post=54282"},{"taxonomy":"industry_terminology","embeddable":true,"href":"https:\/\/vmsport.fi\/sv\/wp-json\/wp\/v2\/industry-terminology?post=54282"}],"curies":[{"name":"wp","href":"https:\/\/api.w.org\/{rel}","templated":true}]}}