{"id":54273,"date":"2025-03-05T23:51:47","date_gmt":"2025-03-05T21:51:47","guid":{"rendered":"https:\/\/vmsport.fi\/verkkokauppa\/Ei-luokiteltu\/bergamont-lasten-istuin\/"},"modified":"2026-01-16T13:25:43","modified_gmt":"2026-01-16T11:25:43","slug":"bergamont-barnstol","status":"publish","type":"product","link":"https:\/\/vmsport.fi\/sv\/verkkokauppa\/tarvikkeet\/muut-oheistuotteet\/laatikkopyoran-lisaosat\/bergamont-lasten-istuin\/","title":{"rendered":"Bergamont Barnstol"},"content":{"rendered":"<p>Bergamont bilbarnstol \u00e4r utformad f\u00f6r att ge ditt barn en bekv\u00e4m och s\u00e4ker reseupplevelse. Stolen \u00e4r enkel att f\u00e4sta p\u00e5 lasthjulet och ger en p\u00e5litlig transport. S\u00e4tet betonar s\u00e4kerhet, s\u00e5 att ditt barn alltid \u00e4r v\u00e4l skyddat under resan. Den ergonomiska utformningen ger en bekv\u00e4m sittst\u00e4llning, vilket g\u00f6r resandet bekv\u00e4mt. Den h\u00e4r h\u00e5llbara och robusta sitsen \u00e4r det perfekta tillbeh\u00f6ret f\u00f6r familjer som cyklar med sina barn.<\/p>","protected":false},"excerpt":{"rendered":"<p>Bergamontin lastenistuin on suunniteltu tarjoamaan lapselle mukavan ja turvallisen matkustuskokemuksen. T\u00e4m\u00e4 istuin on helppo kiinnitt\u00e4\u00e4 rahtipy\u00f6r\u00e4\u00e4n ja takaa luotettavan kuljetuksen. Istuin korostaa turvallisuutta, joten lapsesi on aina hyvin suojattu matkansa aikana. Ergonominen muotoilu varmistaa miellytt\u00e4v\u00e4n istuma-asennon, mik\u00e4 tekee matkanteosta mukavaa. T\u00e4m\u00e4 kest\u00e4v\u00e4 ja vankkarakenteinen istuin on ihanteellinen lis\u00e4 perheille, jotka py\u00f6r\u00e4ilev\u00e4t lapsen kanssa. [&#8230;]<\/p>\n<p><a class=\"btn btn-secondary understrap-read-more-link\" href=\"https:\/\/vmsport.fi\/sv\/verkkokauppa\/tarvikkeet\/muut-oheistuotteet\/laatikkopyoran-lisaosat\/bergamont-lasten-istuin\/\">L\u00e4s mer \u2026<span class=\"screen-reader-text\"> from Bergamont Lasten istuin<\/span><\/a><\/p>\n","protected":false},"featured_media":54271,"comment_status":"open","ping_status":"closed","template":"","meta":{"_acf_changed":false,"_improvement_type_select":"improve_an_existing","_thumb_yes_seoaic":false,"_frame_yes_seoaic":false,"seoaic_generate_description":"","seoaic_improve_instructions_prompt":"","seoaic_rollback_content_improvement":"","seoaic_idea_thumbnail_generator":"","thumbnail_generated":false,"thumbnail_generate_prompt":"","seoaic_article_description":"","_supplier_stock_quantity":0},"product_brand":[44],"product_model":[],"product_cat":[9452],"product_tag":[],"industry-terminology":[],"class_list":{"0":"post-54273","1":"product","2":"type-product","3":"status-publish","4":"has-post-thumbnail","6":"product_brand-bergamont","7":"product_cat-laatikkopyoran-lisaosat","9":"first","10":"outofstock","11":"sale","12":"taxable","13":"shipping-taxable","14":"product-type-simple"},"acf":{"bike_features":null,"overview":{"copy_overview":null,"key_features":null,"statement":"","youtube_url":""}},"yoast_head":"<!-- This site is optimized with the Yoast SEO plugin v27.3 - https:\/\/yoast.com\/product\/yoast-seo-wordpress\/ -->\n<title>Bergamont Lasten istuin - VM Sport<\/title>\n<meta name=\"robots\" content=\"index, follow, max-snippet:-1, max-image-preview:large, max-video-preview:-1\" \/>\n<link rel=\"canonical\" href=\"https:\/\/vmsport.fi\/sv\/webbutik\/tillbehor\/andra-kompletterande-produkter\/tillagg-for-boxad-skorsten\/bergamont-barnstol\/\" \/>\n<meta property=\"og:locale\" content=\"sv_SE\" \/>\n<meta property=\"og:type\" content=\"article\" \/>\n<meta property=\"og:title\" content=\"Bergamont Lasten istuin - VM Sport\" \/>\n<meta property=\"og:description\" content=\"Bergamontin lastenistuin on suunniteltu tarjoamaan lapselle mukavan ja turvallisen matkustuskokemuksen. T\u00e4m\u00e4 istuin on helppo kiinnitt\u00e4\u00e4 rahtipy\u00f6r\u00e4\u00e4n ja takaa luotettavan kuljetuksen. Istuin korostaa turvallisuutta, joten lapsesi on aina hyvin suojattu matkansa aikana. Ergonominen muotoilu varmistaa miellytt\u00e4v\u00e4n istuma-asennon, mik\u00e4 tekee matkanteosta mukavaa. T\u00e4m\u00e4 kest\u00e4v\u00e4 ja vankkarakenteinen istuin on ihanteellinen lis\u00e4 perheille, jotka py\u00f6r\u00e4ilev\u00e4t lapsen kanssa. [...]L\u00e4s mer \u2026 from Bergamont Lasten istuin\" \/>\n<meta property=\"og:url\" content=\"https:\/\/vmsport.fi\/sv\/webbutik\/tillbehor\/andra-kompletterande-produkter\/tillagg-for-boxad-skorsten\/bergamont-barnstol\/\" \/>\n<meta property=\"og:site_name\" content=\"VM Sport\" \/>\n<meta property=\"article:publisher\" content=\"https:\/\/www.facebook.com\/Vmsport.fi\/\" \/>\n<meta property=\"article:modified_time\" content=\"2026-01-16T11:25:43+00:00\" \/>\n<meta property=\"og:image\" content=\"https:\/\/vmsport.fi\/wp-content\/uploads\/2025\/03\/279502-bergamont-kids-bench-03-1164951-1.jpg\" \/>\n\t<meta property=\"og:image:width\" content=\"1000\" \/>\n\t<meta property=\"og:image:height\" content=\"1000\" \/>\n\t<meta property=\"og:image:type\" content=\"image\/jpeg\" \/>\n<meta name=\"twitter:card\" content=\"summary_large_image\" \/>\n<script type=\"application\/ld+json\" class=\"yoast-schema-graph\">{\"@context\":\"https:\\\/\\\/schema.org\",\"@graph\":[{\"@type\":[\"WebPage\",\"ItemPage\"],\"@id\":\"https:\\\/\\\/vmsport.fi\\\/verkkokauppa\\\/tarvikkeet\\\/muut-oheistuotteet\\\/laatikkopyoran-lisaosat\\\/bergamont-lasten-istuin\\\/\",\"url\":\"https:\\\/\\\/vmsport.fi\\\/verkkokauppa\\\/tarvikkeet\\\/muut-oheistuotteet\\\/laatikkopyoran-lisaosat\\\/bergamont-lasten-istuin\\\/\",\"name\":\"Bergamont Lasten istuin - VM Sport\",\"isPartOf\":{\"@id\":\"https:\\\/\\\/vmsport.fi\\\/#website\"},\"primaryImageOfPage\":{\"@id\":\"https:\\\/\\\/vmsport.fi\\\/verkkokauppa\\\/tarvikkeet\\\/muut-oheistuotteet\\\/laatikkopyoran-lisaosat\\\/bergamont-lasten-istuin\\\/#primaryimage\"},\"image\":{\"@id\":\"https:\\\/\\\/vmsport.fi\\\/verkkokauppa\\\/tarvikkeet\\\/muut-oheistuotteet\\\/laatikkopyoran-lisaosat\\\/bergamont-lasten-istuin\\\/#primaryimage\"},\"thumbnailUrl\":\"https:\\\/\\\/vmsport.fi\\\/wp-content\\\/uploads\\\/2025\\\/03\\\/279502-bergamont-kids-bench-03-1164951-1.jpg\",\"datePublished\":\"2025-03-05T21:51:47+00:00\",\"dateModified\":\"2026-01-16T11:25:43+00:00\",\"breadcrumb\":{\"@id\":\"https:\\\/\\\/vmsport.fi\\\/verkkokauppa\\\/tarvikkeet\\\/muut-oheistuotteet\\\/laatikkopyoran-lisaosat\\\/bergamont-lasten-istuin\\\/#breadcrumb\"},\"inLanguage\":\"sv-SE\",\"potentialAction\":[{\"@type\":\"ReadAction\",\"target\":[\"https:\\\/\\\/vmsport.fi\\\/verkkokauppa\\\/tarvikkeet\\\/muut-oheistuotteet\\\/laatikkopyoran-lisaosat\\\/bergamont-lasten-istuin\\\/\"]}]},{\"@type\":\"ImageObject\",\"inLanguage\":\"sv-SE\",\"@id\":\"https:\\\/\\\/vmsport.fi\\\/verkkokauppa\\\/tarvikkeet\\\/muut-oheistuotteet\\\/laatikkopyoran-lisaosat\\\/bergamont-lasten-istuin\\\/#primaryimage\",\"url\":\"https:\\\/\\\/vmsport.fi\\\/wp-content\\\/uploads\\\/2025\\\/03\\\/279502-bergamont-kids-bench-03-1164951-1.jpg\",\"contentUrl\":\"https:\\\/\\\/vmsport.fi\\\/wp-content\\\/uploads\\\/2025\\\/03\\\/279502-bergamont-kids-bench-03-1164951-1.jpg\",\"width\":1000,\"height\":1000,\"caption\":\"279502-bergamont-kids-bench-03-1164951\"},{\"@type\":\"BreadcrumbList\",\"@id\":\"https:\\\/\\\/vmsport.fi\\\/verkkokauppa\\\/tarvikkeet\\\/muut-oheistuotteet\\\/laatikkopyoran-lisaosat\\\/bergamont-lasten-istuin\\\/#breadcrumb\",\"itemListElement\":[{\"@type\":\"ListItem\",\"position\":1,\"name\":\"Etusivu\",\"item\":\"https:\\\/\\\/vmsport.fi\\\/\"},{\"@type\":\"ListItem\",\"position\":2,\"name\":\"Online Store\",\"item\":\"https:\\\/\\\/vmsport.fi\\\/en\\\/online-store\\\/\"},{\"@type\":\"ListItem\",\"position\":3,\"name\":\"Bergamont Lasten istuin\"}]},{\"@type\":\"WebSite\",\"@id\":\"https:\\\/\\\/vmsport.fi\\\/#website\",\"url\":\"https:\\\/\\\/vmsport.fi\\\/\",\"name\":\"Vmsport\",\"description\":\"Kaikki py\u00f6r\u00e4ilyyn yhdest\u00e4 paikasta\",\"publisher\":{\"@id\":\"https:\\\/\\\/vmsport.fi\\\/#organization\"},\"potentialAction\":[{\"@type\":\"SearchAction\",\"target\":{\"@type\":\"EntryPoint\",\"urlTemplate\":\"https:\\\/\\\/vmsport.fi\\\/?s={search_term_string}\"},\"query-input\":{\"@type\":\"PropertyValueSpecification\",\"valueRequired\":true,\"valueName\":\"search_term_string\"}}],\"inLanguage\":\"sv-SE\"},{\"@type\":\"Organization\",\"@id\":\"https:\\\/\\\/vmsport.fi\\\/#organization\",\"name\":\"Vmsport\",\"url\":\"https:\\\/\\\/vmsport.fi\\\/\",\"logo\":{\"@type\":\"ImageObject\",\"inLanguage\":\"sv-SE\",\"@id\":\"https:\\\/\\\/vmsport.fi\\\/#\\\/schema\\\/logo\\\/image\\\/\",\"url\":\"https:\\\/\\\/vmsport.fi\\\/wp-content\\\/uploads\\\/2024\\\/12\\\/vm_sport_RGB_horisontal-e1734526017575.png\",\"contentUrl\":\"https:\\\/\\\/vmsport.fi\\\/wp-content\\\/uploads\\\/2024\\\/12\\\/vm_sport_RGB_horisontal-e1734526017575.png\",\"width\":668,\"height\":85,\"caption\":\"Vmsport\"},\"image\":{\"@id\":\"https:\\\/\\\/vmsport.fi\\\/#\\\/schema\\\/logo\\\/image\\\/\"},\"sameAs\":[\"https:\\\/\\\/www.facebook.com\\\/Vmsport.fi\\\/\",\"https:\\\/\\\/www.instagram.com\\\/vmsport\\\/\"]}]}<\/script>\n<!-- \/ Yoast SEO plugin. -->","yoast_head_json":{"title":"Bergamont bilbarnstol - VM Sport","robots":{"index":"index","follow":"follow","max-snippet":"max-snippet:-1","max-image-preview":"max-image-preview:large","max-video-preview":"max-video-preview:-1"},"canonical":"https:\/\/vmsport.fi\/sv\/webbutik\/tillbehor\/andra-kompletterande-produkter\/tillagg-for-boxad-skorsten\/bergamont-barnstol\/","og_locale":"sv_SE","og_type":"article","og_title":"Bergamont Lasten istuin - VM Sport","og_description":"Bergamontin lastenistuin on suunniteltu tarjoamaan lapselle mukavan ja turvallisen matkustuskokemuksen. T\u00e4m\u00e4 istuin on helppo kiinnitt\u00e4\u00e4 rahtipy\u00f6r\u00e4\u00e4n ja takaa luotettavan kuljetuksen. Istuin korostaa turvallisuutta, joten lapsesi on aina hyvin suojattu matkansa aikana. Ergonominen muotoilu varmistaa miellytt\u00e4v\u00e4n istuma-asennon, mik\u00e4 tekee matkanteosta mukavaa. T\u00e4m\u00e4 kest\u00e4v\u00e4 ja vankkarakenteinen istuin on ihanteellinen lis\u00e4 perheille, jotka py\u00f6r\u00e4ilev\u00e4t lapsen kanssa. [...]L\u00e4s mer \u2026 from Bergamont Lasten istuin","og_url":"https:\/\/vmsport.fi\/sv\/webbutik\/tillbehor\/andra-kompletterande-produkter\/tillagg-for-boxad-skorsten\/bergamont-barnstol\/","og_site_name":"VM Sport","article_publisher":"https:\/\/www.facebook.com\/Vmsport.fi\/","article_modified_time":"2026-01-16T11:25:43+00:00","og_image":[{"width":1000,"height":1000,"url":"https:\/\/vmsport.fi\/wp-content\/uploads\/2025\/03\/279502-bergamont-kids-bench-03-1164951-1.jpg","type":"image\/jpeg"}],"twitter_card":"summary_large_image","schema":{"@context":"https:\/\/schema.org","@graph":[{"@type":["WebPage","ItemPage"],"@id":"https:\/\/vmsport.fi\/verkkokauppa\/tarvikkeet\/muut-oheistuotteet\/laatikkopyoran-lisaosat\/bergamont-lasten-istuin\/","url":"https:\/\/vmsport.fi\/verkkokauppa\/tarvikkeet\/muut-oheistuotteet\/laatikkopyoran-lisaosat\/bergamont-lasten-istuin\/","name":"Bergamont bilbarnstol - VM Sport","isPartOf":{"@id":"https:\/\/vmsport.fi\/#website"},"primaryImageOfPage":{"@id":"https:\/\/vmsport.fi\/verkkokauppa\/tarvikkeet\/muut-oheistuotteet\/laatikkopyoran-lisaosat\/bergamont-lasten-istuin\/#primaryimage"},"image":{"@id":"https:\/\/vmsport.fi\/verkkokauppa\/tarvikkeet\/muut-oheistuotteet\/laatikkopyoran-lisaosat\/bergamont-lasten-istuin\/#primaryimage"},"thumbnailUrl":"https:\/\/vmsport.fi\/wp-content\/uploads\/2025\/03\/279502-bergamont-kids-bench-03-1164951-1.jpg","datePublished":"2025-03-05T21:51:47+00:00","dateModified":"2026-01-16T11:25:43+00:00","breadcrumb":{"@id":"https:\/\/vmsport.fi\/verkkokauppa\/tarvikkeet\/muut-oheistuotteet\/laatikkopyoran-lisaosat\/bergamont-lasten-istuin\/#breadcrumb"},"inLanguage":"sv-SE","potentialAction":[{"@type":"ReadAction","target":["https:\/\/vmsport.fi\/verkkokauppa\/tarvikkeet\/muut-oheistuotteet\/laatikkopyoran-lisaosat\/bergamont-lasten-istuin\/"]}]},{"@type":"ImageObject","inLanguage":"sv-SE","@id":"https:\/\/vmsport.fi\/verkkokauppa\/tarvikkeet\/muut-oheistuotteet\/laatikkopyoran-lisaosat\/bergamont-lasten-istuin\/#primaryimage","url":"https:\/\/vmsport.fi\/wp-content\/uploads\/2025\/03\/279502-bergamont-kids-bench-03-1164951-1.jpg","contentUrl":"https:\/\/vmsport.fi\/wp-content\/uploads\/2025\/03\/279502-bergamont-kids-bench-03-1164951-1.jpg","width":1000,"height":1000,"caption":"279502-bergamont-kids-bench-03-1164951"},{"@type":"BreadcrumbList","@id":"https:\/\/vmsport.fi\/verkkokauppa\/tarvikkeet\/muut-oheistuotteet\/laatikkopyoran-lisaosat\/bergamont-lasten-istuin\/#breadcrumb","itemListElement":[{"@type":"ListItem","position":1,"name":"Etusivu","item":"https:\/\/vmsport.fi\/"},{"@type":"ListItem","position":2,"name":"Online Store","item":"https:\/\/vmsport.fi\/en\/online-store\/"},{"@type":"ListItem","position":3,"name":"Bergamont Lasten istuin"}]},{"@type":"WebSite","@id":"https:\/\/vmsport.fi\/#website","url":"https:\/\/vmsport.fi\/","name":"Vmsport","description":"Allt p\u00e5 ett st\u00e4lle f\u00f6r cykling","publisher":{"@id":"https:\/\/vmsport.fi\/#organization"},"potentialAction":[{"@type":"SearchAction","target":{"@type":"EntryPoint","urlTemplate":"https:\/\/vmsport.fi\/?s={search_term_string}"},"query-input":{"@type":"PropertyValueSpecification","valueRequired":true,"valueName":"search_term_string"}}],"inLanguage":"sv-SE"},{"@type":"Organization","@id":"https:\/\/vmsport.fi\/#organization","name":"Vmsport","url":"https:\/\/vmsport.fi\/","logo":{"@type":"ImageObject","inLanguage":"sv-SE","@id":"https:\/\/vmsport.fi\/#\/schema\/logo\/image\/","url":"https:\/\/vmsport.fi\/wp-content\/uploads\/2024\/12\/vm_sport_RGB_horisontal-e1734526017575.png","contentUrl":"https:\/\/vmsport.fi\/wp-content\/uploads\/2024\/12\/vm_sport_RGB_horisontal-e1734526017575.png","width":668,"height":85,"caption":"Vmsport"},"image":{"@id":"https:\/\/vmsport.fi\/#\/schema\/logo\/image\/"},"sameAs":["https:\/\/www.facebook.com\/Vmsport.fi\/","https:\/\/www.instagram.com\/vmsport\/"]}]}},"global_unique_id":"","_links":{"self":[{"href":"https:\/\/vmsport.fi\/sv\/wp-json\/wp\/v2\/product\/54273","targetHints":{"allow":["GET"]}}],"collection":[{"href":"https:\/\/vmsport.fi\/sv\/wp-json\/wp\/v2\/product"}],"about":[{"href":"https:\/\/vmsport.fi\/sv\/wp-json\/wp\/v2\/types\/product"}],"replies":[{"embeddable":true,"href":"https:\/\/vmsport.fi\/sv\/wp-json\/wp\/v2\/comments?post=54273"}],"wp:featuredmedia":[{"embeddable":true,"href":"https:\/\/vmsport.fi\/sv\/wp-json\/wp\/v2\/media\/54271"}],"wp:attachment":[{"href":"https:\/\/vmsport.fi\/sv\/wp-json\/wp\/v2\/media?parent=54273"}],"wp:term":[{"taxonomy":"product_brand","embeddable":true,"href":"https:\/\/vmsport.fi\/sv\/wp-json\/wp\/v2\/product_brand?post=54273"},{"taxonomy":"product_model","embeddable":true,"href":"https:\/\/vmsport.fi\/sv\/wp-json\/wp\/v2\/product_model?post=54273"},{"taxonomy":"product_cat","embeddable":true,"href":"https:\/\/vmsport.fi\/sv\/wp-json\/wp\/v2\/product_cat?post=54273"},{"taxonomy":"product_tag","embeddable":true,"href":"https:\/\/vmsport.fi\/sv\/wp-json\/wp\/v2\/product_tag?post=54273"},{"taxonomy":"industry_terminology","embeddable":true,"href":"https:\/\/vmsport.fi\/sv\/wp-json\/wp\/v2\/industry-terminology?post=54273"}],"curies":[{"name":"wp","href":"https:\/\/api.w.org\/{rel}","templated":true}]}}