{"id":54270,"date":"2025-03-05T23:51:45","date_gmt":"2025-03-05T21:51:45","guid":{"rendered":"https:\/\/vmsport.fi\/verkkokauppa\/Ei-luokiteltu\/logo-kansi-bosch-performance-line-cx-bdu4xx\/"},"modified":"2026-01-16T13:22:09","modified_gmt":"2026-01-16T11:22:09","slug":"logotypskydd-bosch-performance-line-cx-bdu4xx","status":"publish","type":"product","link":"https:\/\/vmsport.fi\/sv\/verkkokauppa\/varaosat\/sahkopyorien-osat\/sahkopyorien-osat-sahkopyorien-osat\/logo-kansi-bosch-performance-line-cx-bdu4xx\/","title":{"rendered":"Logoskydd Bosch Performance Line CX (BDU4XX)"},"content":{"rendered":"<p>Bosch Performance Line CX-motorskyddet \u00e4r speciellt utformat f\u00f6r att klara kr\u00e4vande f\u00f6rh\u00e5llanden och ge tillf\u00f6rlitlig och l\u00e5ngvarig prestanda. Det passar perfekt in i Bosch Performance Line CX-systemet. Det h\u00f6gkvalitativa materialet garanterar h\u00e5llbarhet och l\u00e5ng livsl\u00e4ngd. K\u00e5pans str\u00f6mlinjeformade design f\u00f6rb\u00e4ttrar fordonets utseende och skyddar effektivt viktiga motorkomponenter. Kompatibiliteten och den enkla installationen g\u00f6r det till ett praktiskt val, s\u00e5 att anv\u00e4ndarna kan fokusera p\u00e5 en smidig k\u00f6rupplevelse.<\/p>","protected":false},"excerpt":{"rendered":"<p>Bosch Performance Line CX -moottorin suojakansi on suunniteltu erityisesti kest\u00e4m\u00e4\u00e4n vaativia olosuhteita ja toimimaan luotettavasti pitk\u00e4\u00e4n. Se istuu t\u00e4ydellisesti Boschin Performance Line CX -j\u00e4rjestelm\u00e4\u00e4n. Korkealaatuinen materiaali takaa kest\u00e4vyyden ja pitk\u00e4ik\u00e4isyyden. Kannen virtaviivainen muotoilu lis\u00e4\u00e4 ajoneuvon ulkon\u00e4k\u00f6\u00e4 ja suojaa moottorin t\u00e4rkeit\u00e4 osia tehokkaasti. Sen yhteensopivuus ja yksinkertainen asennus tekev\u00e4t siit\u00e4 k\u00e4yt\u00e4nn\u00f6llisen valinnan, antaen k\u00e4ytt\u00e4jille mahdollisuuden keskitty\u00e4 [&#8230;]<\/p>\n<p><a class=\"btn btn-secondary understrap-read-more-link\" href=\"https:\/\/vmsport.fi\/sv\/verkkokauppa\/varaosat\/sahkopyorien-osat\/sahkopyorien-osat-sahkopyorien-osat\/logo-kansi-bosch-performance-line-cx-bdu4xx\/\">L\u00e4s mer \u2026<span class=\"screen-reader-text\"> from Logo-kansi Bosch Performance Line CX (BDU4XX)<\/span><\/a><\/p>\n","protected":false},"featured_media":54269,"comment_status":"open","ping_status":"closed","template":"","meta":{"_acf_changed":false,"_improvement_type_select":"improve_an_existing","_thumb_yes_seoaic":false,"_frame_yes_seoaic":false,"seoaic_generate_description":"","seoaic_improve_instructions_prompt":"","seoaic_rollback_content_improvement":"","seoaic_idea_thumbnail_generator":"","thumbnail_generated":false,"thumbnail_generate_prompt":"","seoaic_article_description":"","_supplier_stock_quantity":0},"product_brand":[],"product_model":[],"product_cat":[9482],"product_tag":[],"industry-terminology":[],"class_list":{"0":"post-54270","1":"product","2":"type-product","3":"status-publish","4":"has-post-thumbnail","6":"product_cat-sahkopyorien-osat-sahkopyorien-osat","8":"first","9":"outofstock","10":"taxable","11":"shipping-taxable","12":"product-type-simple"},"acf":{"bike_features":null,"overview":{"copy_overview":null,"key_features":null,"statement":"","youtube_url":""}},"yoast_head":"<!-- This site is optimized with the Yoast SEO plugin v27.3 - https:\/\/yoast.com\/product\/yoast-seo-wordpress\/ -->\n<title>Logo-kansi Bosch Performance Line CX (BDU4XX) - VM Sport<\/title>\n<meta name=\"robots\" content=\"index, follow, max-snippet:-1, max-image-preview:large, max-video-preview:-1\" \/>\n<link rel=\"canonical\" href=\"https:\/\/vmsport.fi\/sv\/webbutik\/reservdelar\/delar-av-sagbockar\/delar-av-sagbock-delar-av-sagbock\/logotypskydd-bosch-performance-line-cx-bdu4xx\/\" \/>\n<meta property=\"og:locale\" content=\"sv_SE\" \/>\n<meta property=\"og:type\" content=\"article\" \/>\n<meta property=\"og:title\" content=\"Logo-kansi Bosch Performance Line CX (BDU4XX) - VM Sport\" \/>\n<meta property=\"og:description\" content=\"Bosch Performance Line CX -moottorin suojakansi on suunniteltu erityisesti kest\u00e4m\u00e4\u00e4n vaativia olosuhteita ja toimimaan luotettavasti pitk\u00e4\u00e4n. Se istuu t\u00e4ydellisesti Boschin Performance Line CX -j\u00e4rjestelm\u00e4\u00e4n. Korkealaatuinen materiaali takaa kest\u00e4vyyden ja pitk\u00e4ik\u00e4isyyden. Kannen virtaviivainen muotoilu lis\u00e4\u00e4 ajoneuvon ulkon\u00e4k\u00f6\u00e4 ja suojaa moottorin t\u00e4rkeit\u00e4 osia tehokkaasti. Sen yhteensopivuus ja yksinkertainen asennus tekev\u00e4t siit\u00e4 k\u00e4yt\u00e4nn\u00f6llisen valinnan, antaen k\u00e4ytt\u00e4jille mahdollisuuden keskitty\u00e4 [...]L\u00e4s mer \u2026 from Logo-kansi Bosch Performance Line CX (BDU4XX)\" \/>\n<meta property=\"og:url\" content=\"https:\/\/vmsport.fi\/sv\/webbutik\/reservdelar\/delar-av-sagbockar\/delar-av-sagbock-delar-av-sagbock\/logotypskydd-bosch-performance-line-cx-bdu4xx\/\" \/>\n<meta property=\"og:site_name\" content=\"VM Sport\" \/>\n<meta property=\"article:publisher\" content=\"https:\/\/www.facebook.com\/Vmsport.fi\/\" \/>\n<meta property=\"article:modified_time\" content=\"2026-01-16T11:22:09+00:00\" \/>\n<meta property=\"og:image\" content=\"https:\/\/vmsport.fi\/wp-content\/uploads\/2025\/03\/bosch-logokansi-performance-cx-1.jpg\" \/>\n\t<meta property=\"og:image:width\" content=\"1000\" \/>\n\t<meta property=\"og:image:height\" content=\"1000\" \/>\n\t<meta property=\"og:image:type\" content=\"image\/jpeg\" \/>\n<meta name=\"twitter:card\" content=\"summary_large_image\" \/>\n<script type=\"application\/ld+json\" class=\"yoast-schema-graph\">{\"@context\":\"https:\\\/\\\/schema.org\",\"@graph\":[{\"@type\":[\"WebPage\",\"ItemPage\"],\"@id\":\"https:\\\/\\\/vmsport.fi\\\/verkkokauppa\\\/varaosat\\\/sahkopyorien-osat\\\/sahkopyorien-osat-sahkopyorien-osat\\\/logo-kansi-bosch-performance-line-cx-bdu4xx\\\/\",\"url\":\"https:\\\/\\\/vmsport.fi\\\/verkkokauppa\\\/varaosat\\\/sahkopyorien-osat\\\/sahkopyorien-osat-sahkopyorien-osat\\\/logo-kansi-bosch-performance-line-cx-bdu4xx\\\/\",\"name\":\"Logo-kansi Bosch Performance Line CX (BDU4XX) - VM Sport\",\"isPartOf\":{\"@id\":\"https:\\\/\\\/vmsport.fi\\\/#website\"},\"primaryImageOfPage\":{\"@id\":\"https:\\\/\\\/vmsport.fi\\\/verkkokauppa\\\/varaosat\\\/sahkopyorien-osat\\\/sahkopyorien-osat-sahkopyorien-osat\\\/logo-kansi-bosch-performance-line-cx-bdu4xx\\\/#primaryimage\"},\"image\":{\"@id\":\"https:\\\/\\\/vmsport.fi\\\/verkkokauppa\\\/varaosat\\\/sahkopyorien-osat\\\/sahkopyorien-osat-sahkopyorien-osat\\\/logo-kansi-bosch-performance-line-cx-bdu4xx\\\/#primaryimage\"},\"thumbnailUrl\":\"https:\\\/\\\/vmsport.fi\\\/wp-content\\\/uploads\\\/2025\\\/03\\\/bosch-logokansi-performance-cx-1.jpg\",\"datePublished\":\"2025-03-05T21:51:45+00:00\",\"dateModified\":\"2026-01-16T11:22:09+00:00\",\"breadcrumb\":{\"@id\":\"https:\\\/\\\/vmsport.fi\\\/verkkokauppa\\\/varaosat\\\/sahkopyorien-osat\\\/sahkopyorien-osat-sahkopyorien-osat\\\/logo-kansi-bosch-performance-line-cx-bdu4xx\\\/#breadcrumb\"},\"inLanguage\":\"sv-SE\",\"potentialAction\":[{\"@type\":\"ReadAction\",\"target\":[\"https:\\\/\\\/vmsport.fi\\\/verkkokauppa\\\/varaosat\\\/sahkopyorien-osat\\\/sahkopyorien-osat-sahkopyorien-osat\\\/logo-kansi-bosch-performance-line-cx-bdu4xx\\\/\"]}]},{\"@type\":\"ImageObject\",\"inLanguage\":\"sv-SE\",\"@id\":\"https:\\\/\\\/vmsport.fi\\\/verkkokauppa\\\/varaosat\\\/sahkopyorien-osat\\\/sahkopyorien-osat-sahkopyorien-osat\\\/logo-kansi-bosch-performance-line-cx-bdu4xx\\\/#primaryimage\",\"url\":\"https:\\\/\\\/vmsport.fi\\\/wp-content\\\/uploads\\\/2025\\\/03\\\/bosch-logokansi-performance-cx-1.jpg\",\"contentUrl\":\"https:\\\/\\\/vmsport.fi\\\/wp-content\\\/uploads\\\/2025\\\/03\\\/bosch-logokansi-performance-cx-1.jpg\",\"width\":1000,\"height\":1000,\"caption\":\"bosch-logokansi-performance-cx\"},{\"@type\":\"BreadcrumbList\",\"@id\":\"https:\\\/\\\/vmsport.fi\\\/verkkokauppa\\\/varaosat\\\/sahkopyorien-osat\\\/sahkopyorien-osat-sahkopyorien-osat\\\/logo-kansi-bosch-performance-line-cx-bdu4xx\\\/#breadcrumb\",\"itemListElement\":[{\"@type\":\"ListItem\",\"position\":1,\"name\":\"Etusivu\",\"item\":\"https:\\\/\\\/vmsport.fi\\\/\"},{\"@type\":\"ListItem\",\"position\":2,\"name\":\"Online Store\",\"item\":\"https:\\\/\\\/vmsport.fi\\\/en\\\/online-store\\\/\"},{\"@type\":\"ListItem\",\"position\":3,\"name\":\"Logo-kansi Bosch Performance Line CX (BDU4XX)\"}]},{\"@type\":\"WebSite\",\"@id\":\"https:\\\/\\\/vmsport.fi\\\/#website\",\"url\":\"https:\\\/\\\/vmsport.fi\\\/\",\"name\":\"Vmsport\",\"description\":\"Kaikki py\u00f6r\u00e4ilyyn yhdest\u00e4 paikasta\",\"publisher\":{\"@id\":\"https:\\\/\\\/vmsport.fi\\\/#organization\"},\"potentialAction\":[{\"@type\":\"SearchAction\",\"target\":{\"@type\":\"EntryPoint\",\"urlTemplate\":\"https:\\\/\\\/vmsport.fi\\\/?s={search_term_string}\"},\"query-input\":{\"@type\":\"PropertyValueSpecification\",\"valueRequired\":true,\"valueName\":\"search_term_string\"}}],\"inLanguage\":\"sv-SE\"},{\"@type\":\"Organization\",\"@id\":\"https:\\\/\\\/vmsport.fi\\\/#organization\",\"name\":\"Vmsport\",\"url\":\"https:\\\/\\\/vmsport.fi\\\/\",\"logo\":{\"@type\":\"ImageObject\",\"inLanguage\":\"sv-SE\",\"@id\":\"https:\\\/\\\/vmsport.fi\\\/#\\\/schema\\\/logo\\\/image\\\/\",\"url\":\"https:\\\/\\\/vmsport.fi\\\/wp-content\\\/uploads\\\/2024\\\/12\\\/vm_sport_RGB_horisontal-e1734526017575.png\",\"contentUrl\":\"https:\\\/\\\/vmsport.fi\\\/wp-content\\\/uploads\\\/2024\\\/12\\\/vm_sport_RGB_horisontal-e1734526017575.png\",\"width\":668,\"height\":85,\"caption\":\"Vmsport\"},\"image\":{\"@id\":\"https:\\\/\\\/vmsport.fi\\\/#\\\/schema\\\/logo\\\/image\\\/\"},\"sameAs\":[\"https:\\\/\\\/www.facebook.com\\\/Vmsport.fi\\\/\",\"https:\\\/\\\/www.instagram.com\\\/vmsport\\\/\"]}]}<\/script>\n<!-- \/ Yoast SEO plugin. -->","yoast_head_json":{"title":"Logoskydd Bosch Performance Line CX (BDU4XX) - VM Sport","robots":{"index":"index","follow":"follow","max-snippet":"max-snippet:-1","max-image-preview":"max-image-preview:large","max-video-preview":"max-video-preview:-1"},"canonical":"https:\/\/vmsport.fi\/sv\/webbutik\/reservdelar\/delar-av-sagbockar\/delar-av-sagbock-delar-av-sagbock\/logotypskydd-bosch-performance-line-cx-bdu4xx\/","og_locale":"sv_SE","og_type":"article","og_title":"Logo-kansi Bosch Performance Line CX (BDU4XX) - VM Sport","og_description":"Bosch Performance Line CX -moottorin suojakansi on suunniteltu erityisesti kest\u00e4m\u00e4\u00e4n vaativia olosuhteita ja toimimaan luotettavasti pitk\u00e4\u00e4n. Se istuu t\u00e4ydellisesti Boschin Performance Line CX -j\u00e4rjestelm\u00e4\u00e4n. Korkealaatuinen materiaali takaa kest\u00e4vyyden ja pitk\u00e4ik\u00e4isyyden. Kannen virtaviivainen muotoilu lis\u00e4\u00e4 ajoneuvon ulkon\u00e4k\u00f6\u00e4 ja suojaa moottorin t\u00e4rkeit\u00e4 osia tehokkaasti. Sen yhteensopivuus ja yksinkertainen asennus tekev\u00e4t siit\u00e4 k\u00e4yt\u00e4nn\u00f6llisen valinnan, antaen k\u00e4ytt\u00e4jille mahdollisuuden keskitty\u00e4 [...]L\u00e4s mer \u2026 from Logo-kansi Bosch Performance Line CX (BDU4XX)","og_url":"https:\/\/vmsport.fi\/sv\/webbutik\/reservdelar\/delar-av-sagbockar\/delar-av-sagbock-delar-av-sagbock\/logotypskydd-bosch-performance-line-cx-bdu4xx\/","og_site_name":"VM Sport","article_publisher":"https:\/\/www.facebook.com\/Vmsport.fi\/","article_modified_time":"2026-01-16T11:22:09+00:00","og_image":[{"width":1000,"height":1000,"url":"https:\/\/vmsport.fi\/wp-content\/uploads\/2025\/03\/bosch-logokansi-performance-cx-1.jpg","type":"image\/jpeg"}],"twitter_card":"summary_large_image","schema":{"@context":"https:\/\/schema.org","@graph":[{"@type":["WebPage","ItemPage"],"@id":"https:\/\/vmsport.fi\/verkkokauppa\/varaosat\/sahkopyorien-osat\/sahkopyorien-osat-sahkopyorien-osat\/logo-kansi-bosch-performance-line-cx-bdu4xx\/","url":"https:\/\/vmsport.fi\/verkkokauppa\/varaosat\/sahkopyorien-osat\/sahkopyorien-osat-sahkopyorien-osat\/logo-kansi-bosch-performance-line-cx-bdu4xx\/","name":"Logoskydd Bosch Performance Line CX (BDU4XX) - VM Sport","isPartOf":{"@id":"https:\/\/vmsport.fi\/#website"},"primaryImageOfPage":{"@id":"https:\/\/vmsport.fi\/verkkokauppa\/varaosat\/sahkopyorien-osat\/sahkopyorien-osat-sahkopyorien-osat\/logo-kansi-bosch-performance-line-cx-bdu4xx\/#primaryimage"},"image":{"@id":"https:\/\/vmsport.fi\/verkkokauppa\/varaosat\/sahkopyorien-osat\/sahkopyorien-osat-sahkopyorien-osat\/logo-kansi-bosch-performance-line-cx-bdu4xx\/#primaryimage"},"thumbnailUrl":"https:\/\/vmsport.fi\/wp-content\/uploads\/2025\/03\/bosch-logokansi-performance-cx-1.jpg","datePublished":"2025-03-05T21:51:45+00:00","dateModified":"2026-01-16T11:22:09+00:00","breadcrumb":{"@id":"https:\/\/vmsport.fi\/verkkokauppa\/varaosat\/sahkopyorien-osat\/sahkopyorien-osat-sahkopyorien-osat\/logo-kansi-bosch-performance-line-cx-bdu4xx\/#breadcrumb"},"inLanguage":"sv-SE","potentialAction":[{"@type":"ReadAction","target":["https:\/\/vmsport.fi\/verkkokauppa\/varaosat\/sahkopyorien-osat\/sahkopyorien-osat-sahkopyorien-osat\/logo-kansi-bosch-performance-line-cx-bdu4xx\/"]}]},{"@type":"ImageObject","inLanguage":"sv-SE","@id":"https:\/\/vmsport.fi\/verkkokauppa\/varaosat\/sahkopyorien-osat\/sahkopyorien-osat-sahkopyorien-osat\/logo-kansi-bosch-performance-line-cx-bdu4xx\/#primaryimage","url":"https:\/\/vmsport.fi\/wp-content\/uploads\/2025\/03\/bosch-logokansi-performance-cx-1.jpg","contentUrl":"https:\/\/vmsport.fi\/wp-content\/uploads\/2025\/03\/bosch-logokansi-performance-cx-1.jpg","width":1000,"height":1000,"caption":"bosch-logokansi-performance-cx"},{"@type":"BreadcrumbList","@id":"https:\/\/vmsport.fi\/verkkokauppa\/varaosat\/sahkopyorien-osat\/sahkopyorien-osat-sahkopyorien-osat\/logo-kansi-bosch-performance-line-cx-bdu4xx\/#breadcrumb","itemListElement":[{"@type":"ListItem","position":1,"name":"Etusivu","item":"https:\/\/vmsport.fi\/"},{"@type":"ListItem","position":2,"name":"Online Store","item":"https:\/\/vmsport.fi\/en\/online-store\/"},{"@type":"ListItem","position":3,"name":"Logo-kansi Bosch Performance Line CX (BDU4XX)"}]},{"@type":"WebSite","@id":"https:\/\/vmsport.fi\/#website","url":"https:\/\/vmsport.fi\/","name":"Vmsport","description":"Allt p\u00e5 ett st\u00e4lle f\u00f6r cykling","publisher":{"@id":"https:\/\/vmsport.fi\/#organization"},"potentialAction":[{"@type":"SearchAction","target":{"@type":"EntryPoint","urlTemplate":"https:\/\/vmsport.fi\/?s={search_term_string}"},"query-input":{"@type":"PropertyValueSpecification","valueRequired":true,"valueName":"search_term_string"}}],"inLanguage":"sv-SE"},{"@type":"Organization","@id":"https:\/\/vmsport.fi\/#organization","name":"Vmsport","url":"https:\/\/vmsport.fi\/","logo":{"@type":"ImageObject","inLanguage":"sv-SE","@id":"https:\/\/vmsport.fi\/#\/schema\/logo\/image\/","url":"https:\/\/vmsport.fi\/wp-content\/uploads\/2024\/12\/vm_sport_RGB_horisontal-e1734526017575.png","contentUrl":"https:\/\/vmsport.fi\/wp-content\/uploads\/2024\/12\/vm_sport_RGB_horisontal-e1734526017575.png","width":668,"height":85,"caption":"Vmsport"},"image":{"@id":"https:\/\/vmsport.fi\/#\/schema\/logo\/image\/"},"sameAs":["https:\/\/www.facebook.com\/Vmsport.fi\/","https:\/\/www.instagram.com\/vmsport\/"]}]}},"global_unique_id":"","_links":{"self":[{"href":"https:\/\/vmsport.fi\/sv\/wp-json\/wp\/v2\/product\/54270","targetHints":{"allow":["GET"]}}],"collection":[{"href":"https:\/\/vmsport.fi\/sv\/wp-json\/wp\/v2\/product"}],"about":[{"href":"https:\/\/vmsport.fi\/sv\/wp-json\/wp\/v2\/types\/product"}],"replies":[{"embeddable":true,"href":"https:\/\/vmsport.fi\/sv\/wp-json\/wp\/v2\/comments?post=54270"}],"wp:featuredmedia":[{"embeddable":true,"href":"https:\/\/vmsport.fi\/sv\/wp-json\/wp\/v2\/media\/54269"}],"wp:attachment":[{"href":"https:\/\/vmsport.fi\/sv\/wp-json\/wp\/v2\/media?parent=54270"}],"wp:term":[{"taxonomy":"product_brand","embeddable":true,"href":"https:\/\/vmsport.fi\/sv\/wp-json\/wp\/v2\/product_brand?post=54270"},{"taxonomy":"product_model","embeddable":true,"href":"https:\/\/vmsport.fi\/sv\/wp-json\/wp\/v2\/product_model?post=54270"},{"taxonomy":"product_cat","embeddable":true,"href":"https:\/\/vmsport.fi\/sv\/wp-json\/wp\/v2\/product_cat?post=54270"},{"taxonomy":"product_tag","embeddable":true,"href":"https:\/\/vmsport.fi\/sv\/wp-json\/wp\/v2\/product_tag?post=54270"},{"taxonomy":"industry_terminology","embeddable":true,"href":"https:\/\/vmsport.fi\/sv\/wp-json\/wp\/v2\/industry-terminology?post=54270"}],"curies":[{"name":"wp","href":"https:\/\/api.w.org\/{rel}","templated":true}]}}