{"id":54268,"date":"2025-03-05T23:51:44","date_gmt":"2025-03-05T21:51:44","guid":{"rendered":"https:\/\/vmsport.fi\/verkkokauppa\/Ei-luokiteltu\/poc-ms-reform-enduro-jersey-black\/"},"modified":"2026-03-27T02:00:38","modified_gmt":"2026-03-27T00:00:38","slug":"poc-ms-reform-enduro-jersey-black","status":"publish","type":"product","link":"https:\/\/vmsport.fi\/sv\/verkkokauppa\/ajovarusteet\/vaatteet\/paidat\/poc-ms-reform-enduro-jersey-black\/","title":{"rendered":"POC Reform Enduro Jersey Svart f\u00f6r herrar"},"content":{"rendered":"<p>POC M&#8217;s Reform Enduro Jersey on erityisesti maastopy\u00f6r\u00e4ilyyn suunniteltu paita, joka soveltuu erinomaisesti monenlaisiin py\u00f6r\u00e4ilyaktiviteetteihin. Musta v\u00e4ri antaa paidalle tyylikk\u00e4\u00e4n ja modernin ilmeen, ja sen pitk\u00e4t hihat lis\u00e4\u00e4v\u00e4t k\u00e4yt\u00e4nn\u00f6llisyytt\u00e4. Jersey on muotoiltu parantamaan liikkuvuutta ja maksimoimaan hengitt\u00e4vyytt\u00e4, mik\u00e4 takaa mukavuuden my\u00f6s pitkill\u00e4 ajomatkoilla. Py\u00f6r\u00e4ilyn harrastajille t\u00e4m\u00e4 vaate tarjoaa yhdistelm\u00e4n muodikasta ulkon\u00e4k\u00f6\u00e4 ja k\u00e4yt\u00e4nn\u00f6llisi\u00e4 ominaisuuksia, jotka vastaavat aktiivisen py\u00f6r\u00e4ilyn vaatimuksiin.<\/p>","protected":false},"excerpt":{"rendered":"<p>POC M&#8217;s Reform Enduro Jersey on erityisesti maastopy\u00f6r\u00e4ilyyn suunniteltu paita, joka soveltuu erinomaisesti monenlaisiin py\u00f6r\u00e4ilyaktiviteetteihin. Musta v\u00e4ri antaa paidalle tyylikk\u00e4\u00e4n ja modernin ilmeen, ja sen pitk\u00e4t hihat lis\u00e4\u00e4v\u00e4t k\u00e4yt\u00e4nn\u00f6llisyytt\u00e4. Jersey on muotoiltu parantamaan liikkuvuutta ja maksimoimaan hengitt\u00e4vyytt\u00e4, mik\u00e4 takaa mukavuuden my\u00f6s pitkill\u00e4 ajomatkoilla. Py\u00f6r\u00e4ilyn harrastajille t\u00e4m\u00e4 vaate tarjoaa yhdistelm\u00e4n muodikasta ulkon\u00e4k\u00f6\u00e4 ja k\u00e4yt\u00e4nn\u00f6llisi\u00e4 ominaisuuksia, jotka [&#8230;]<\/p>\n<p><a class=\"btn btn-secondary understrap-read-more-link\" href=\"https:\/\/vmsport.fi\/sv\/verkkokauppa\/ajovarusteet\/vaatteet\/paidat\/poc-ms-reform-enduro-jersey-black\/\">L\u00e4s mer \u2026<span class=\"screen-reader-text\"> from POC M&#8217;s Reform Enduro Jersey Black<\/span><\/a><\/p>\n","protected":false},"featured_media":54266,"comment_status":"open","ping_status":"closed","template":"","meta":{"_acf_changed":false,"_improvement_type_select":"improve_an_existing","_thumb_yes_seoaic":false,"_frame_yes_seoaic":false,"seoaic_generate_description":"","seoaic_improve_instructions_prompt":"","seoaic_rollback_content_improvement":"","seoaic_idea_thumbnail_generator":"","thumbnail_generated":false,"thumbnail_generate_prompt":"","seoaic_article_description":"","_supplier_stock_quantity":0},"product_brand":[],"product_model":[],"product_cat":[9460],"product_tag":[],"industry-terminology":[],"class_list":{"0":"post-54268","1":"product","2":"type-product","3":"status-publish","4":"has-post-thumbnail","6":"product_cat-paidat","8":"first","9":"instock","10":"taxable","11":"shipping-taxable","12":"purchasable","13":"product-type-variable"},"acf":{"bike_features":null,"overview":{"copy_overview":null,"key_features":null,"statement":"","youtube_url":""}},"yoast_head":"<!-- This site is optimized with the Yoast SEO plugin v27.3 - https:\/\/yoast.com\/product\/yoast-seo-wordpress\/ -->\n<title>POC M&#039;s Reform Enduro Jersey Black - VM Sport<\/title>\n<meta name=\"robots\" content=\"index, follow, max-snippet:-1, max-image-preview:large, max-video-preview:-1\" \/>\n<link rel=\"canonical\" href=\"https:\/\/vmsport.fi\/sv\/webbutik\/korutrustning\/klader\/skjorta\/poc-ms-reform-enduro-jersey-black\/\" \/>\n<meta property=\"og:locale\" content=\"sv_SE\" \/>\n<meta property=\"og:type\" content=\"article\" \/>\n<meta property=\"og:title\" content=\"POC M&#039;s Reform Enduro Jersey Black - VM Sport\" \/>\n<meta property=\"og:description\" content=\"POC M&#8217;s Reform Enduro Jersey on erityisesti maastopy\u00f6r\u00e4ilyyn suunniteltu paita, joka soveltuu erinomaisesti monenlaisiin py\u00f6r\u00e4ilyaktiviteetteihin. Musta v\u00e4ri antaa paidalle tyylikk\u00e4\u00e4n ja modernin ilmeen, ja sen pitk\u00e4t hihat lis\u00e4\u00e4v\u00e4t k\u00e4yt\u00e4nn\u00f6llisyytt\u00e4. Jersey on muotoiltu parantamaan liikkuvuutta ja maksimoimaan hengitt\u00e4vyytt\u00e4, mik\u00e4 takaa mukavuuden my\u00f6s pitkill\u00e4 ajomatkoilla. Py\u00f6r\u00e4ilyn harrastajille t\u00e4m\u00e4 vaate tarjoaa yhdistelm\u00e4n muodikasta ulkon\u00e4k\u00f6\u00e4 ja k\u00e4yt\u00e4nn\u00f6llisi\u00e4 ominaisuuksia, jotka [...]L\u00e4s mer \u2026 from POC M&#8217;s Reform Enduro Jersey Black\" \/>\n<meta property=\"og:url\" content=\"https:\/\/vmsport.fi\/sv\/webbutik\/korutrustning\/klader\/skjorta\/poc-ms-reform-enduro-jersey-black\/\" \/>\n<meta property=\"og:site_name\" content=\"VM Sport\" \/>\n<meta property=\"article:publisher\" content=\"https:\/\/www.facebook.com\/Vmsport.fi\/\" \/>\n<meta property=\"article:modified_time\" content=\"2026-03-27T00:00:38+00:00\" \/>\n<meta property=\"og:image\" content=\"https:\/\/vmsport.fi\/wp-content\/uploads\/2025\/03\/52906-MsReformEnduroJersey-1002-UraniumBlack-front-1.png\" \/>\n\t<meta property=\"og:image:width\" content=\"1000\" \/>\n\t<meta property=\"og:image:height\" content=\"1000\" \/>\n\t<meta property=\"og:image:type\" content=\"image\/png\" \/>\n<meta name=\"twitter:card\" content=\"summary_large_image\" \/>\n<script type=\"application\/ld+json\" class=\"yoast-schema-graph\">{\"@context\":\"https:\\\/\\\/schema.org\",\"@graph\":[{\"@type\":[\"WebPage\",\"ItemPage\"],\"@id\":\"https:\\\/\\\/vmsport.fi\\\/verkkokauppa\\\/ajovarusteet\\\/vaatteet\\\/paidat\\\/poc-ms-reform-enduro-jersey-black\\\/\",\"url\":\"https:\\\/\\\/vmsport.fi\\\/verkkokauppa\\\/ajovarusteet\\\/vaatteet\\\/paidat\\\/poc-ms-reform-enduro-jersey-black\\\/\",\"name\":\"POC M's Reform Enduro Jersey Black - VM Sport\",\"isPartOf\":{\"@id\":\"https:\\\/\\\/vmsport.fi\\\/#website\"},\"primaryImageOfPage\":{\"@id\":\"https:\\\/\\\/vmsport.fi\\\/verkkokauppa\\\/ajovarusteet\\\/vaatteet\\\/paidat\\\/poc-ms-reform-enduro-jersey-black\\\/#primaryimage\"},\"image\":{\"@id\":\"https:\\\/\\\/vmsport.fi\\\/verkkokauppa\\\/ajovarusteet\\\/vaatteet\\\/paidat\\\/poc-ms-reform-enduro-jersey-black\\\/#primaryimage\"},\"thumbnailUrl\":\"https:\\\/\\\/vmsport.fi\\\/wp-content\\\/uploads\\\/2025\\\/03\\\/52906-MsReformEnduroJersey-1002-UraniumBlack-front-1.png\",\"datePublished\":\"2025-03-05T21:51:44+00:00\",\"dateModified\":\"2026-03-27T00:00:38+00:00\",\"breadcrumb\":{\"@id\":\"https:\\\/\\\/vmsport.fi\\\/verkkokauppa\\\/ajovarusteet\\\/vaatteet\\\/paidat\\\/poc-ms-reform-enduro-jersey-black\\\/#breadcrumb\"},\"inLanguage\":\"sv-SE\",\"potentialAction\":[{\"@type\":\"ReadAction\",\"target\":[\"https:\\\/\\\/vmsport.fi\\\/verkkokauppa\\\/ajovarusteet\\\/vaatteet\\\/paidat\\\/poc-ms-reform-enduro-jersey-black\\\/\"]}]},{\"@type\":\"ImageObject\",\"inLanguage\":\"sv-SE\",\"@id\":\"https:\\\/\\\/vmsport.fi\\\/verkkokauppa\\\/ajovarusteet\\\/vaatteet\\\/paidat\\\/poc-ms-reform-enduro-jersey-black\\\/#primaryimage\",\"url\":\"https:\\\/\\\/vmsport.fi\\\/wp-content\\\/uploads\\\/2025\\\/03\\\/52906-MsReformEnduroJersey-1002-UraniumBlack-front-1.png\",\"contentUrl\":\"https:\\\/\\\/vmsport.fi\\\/wp-content\\\/uploads\\\/2025\\\/03\\\/52906-MsReformEnduroJersey-1002-UraniumBlack-front-1.png\",\"width\":1000,\"height\":1000,\"caption\":\"52906-MsReformEnduroJersey-1002-UraniumBlack-front\"},{\"@type\":\"BreadcrumbList\",\"@id\":\"https:\\\/\\\/vmsport.fi\\\/verkkokauppa\\\/ajovarusteet\\\/vaatteet\\\/paidat\\\/poc-ms-reform-enduro-jersey-black\\\/#breadcrumb\",\"itemListElement\":[{\"@type\":\"ListItem\",\"position\":1,\"name\":\"Etusivu\",\"item\":\"https:\\\/\\\/vmsport.fi\\\/\"},{\"@type\":\"ListItem\",\"position\":2,\"name\":\"Online Store\",\"item\":\"https:\\\/\\\/vmsport.fi\\\/en\\\/online-store\\\/\"},{\"@type\":\"ListItem\",\"position\":3,\"name\":\"POC M&#8217;s Reform Enduro Jersey Black\"}]},{\"@type\":\"WebSite\",\"@id\":\"https:\\\/\\\/vmsport.fi\\\/#website\",\"url\":\"https:\\\/\\\/vmsport.fi\\\/\",\"name\":\"Vmsport\",\"description\":\"Kaikki py\u00f6r\u00e4ilyyn yhdest\u00e4 paikasta\",\"publisher\":{\"@id\":\"https:\\\/\\\/vmsport.fi\\\/#organization\"},\"potentialAction\":[{\"@type\":\"SearchAction\",\"target\":{\"@type\":\"EntryPoint\",\"urlTemplate\":\"https:\\\/\\\/vmsport.fi\\\/?s={search_term_string}\"},\"query-input\":{\"@type\":\"PropertyValueSpecification\",\"valueRequired\":true,\"valueName\":\"search_term_string\"}}],\"inLanguage\":\"sv-SE\"},{\"@type\":\"Organization\",\"@id\":\"https:\\\/\\\/vmsport.fi\\\/#organization\",\"name\":\"Vmsport\",\"url\":\"https:\\\/\\\/vmsport.fi\\\/\",\"logo\":{\"@type\":\"ImageObject\",\"inLanguage\":\"sv-SE\",\"@id\":\"https:\\\/\\\/vmsport.fi\\\/#\\\/schema\\\/logo\\\/image\\\/\",\"url\":\"https:\\\/\\\/vmsport.fi\\\/wp-content\\\/uploads\\\/2024\\\/12\\\/vm_sport_RGB_horisontal-e1734526017575.png\",\"contentUrl\":\"https:\\\/\\\/vmsport.fi\\\/wp-content\\\/uploads\\\/2024\\\/12\\\/vm_sport_RGB_horisontal-e1734526017575.png\",\"width\":668,\"height\":85,\"caption\":\"Vmsport\"},\"image\":{\"@id\":\"https:\\\/\\\/vmsport.fi\\\/#\\\/schema\\\/logo\\\/image\\\/\"},\"sameAs\":[\"https:\\\/\\\/www.facebook.com\\\/Vmsport.fi\\\/\",\"https:\\\/\\\/www.instagram.com\\\/vmsport\\\/\"]}]}<\/script>\n<!-- \/ Yoast SEO plugin. -->","yoast_head_json":{"title":"POC M's Reform Enduro Jersey Black - VM Sport","robots":{"index":"index","follow":"follow","max-snippet":"max-snippet:-1","max-image-preview":"max-image-preview:large","max-video-preview":"max-video-preview:-1"},"canonical":"https:\/\/vmsport.fi\/sv\/webbutik\/korutrustning\/klader\/skjorta\/poc-ms-reform-enduro-jersey-black\/","og_locale":"sv_SE","og_type":"article","og_title":"POC M's Reform Enduro Jersey Black - VM Sport","og_description":"POC M&#8217;s Reform Enduro Jersey on erityisesti maastopy\u00f6r\u00e4ilyyn suunniteltu paita, joka soveltuu erinomaisesti monenlaisiin py\u00f6r\u00e4ilyaktiviteetteihin. Musta v\u00e4ri antaa paidalle tyylikk\u00e4\u00e4n ja modernin ilmeen, ja sen pitk\u00e4t hihat lis\u00e4\u00e4v\u00e4t k\u00e4yt\u00e4nn\u00f6llisyytt\u00e4. Jersey on muotoiltu parantamaan liikkuvuutta ja maksimoimaan hengitt\u00e4vyytt\u00e4, mik\u00e4 takaa mukavuuden my\u00f6s pitkill\u00e4 ajomatkoilla. Py\u00f6r\u00e4ilyn harrastajille t\u00e4m\u00e4 vaate tarjoaa yhdistelm\u00e4n muodikasta ulkon\u00e4k\u00f6\u00e4 ja k\u00e4yt\u00e4nn\u00f6llisi\u00e4 ominaisuuksia, jotka [...]L\u00e4s mer \u2026 from POC M&#8217;s Reform Enduro Jersey Black","og_url":"https:\/\/vmsport.fi\/sv\/webbutik\/korutrustning\/klader\/skjorta\/poc-ms-reform-enduro-jersey-black\/","og_site_name":"VM Sport","article_publisher":"https:\/\/www.facebook.com\/Vmsport.fi\/","article_modified_time":"2026-03-27T00:00:38+00:00","og_image":[{"width":1000,"height":1000,"url":"https:\/\/vmsport.fi\/wp-content\/uploads\/2025\/03\/52906-MsReformEnduroJersey-1002-UraniumBlack-front-1.png","type":"image\/png"}],"twitter_card":"summary_large_image","schema":{"@context":"https:\/\/schema.org","@graph":[{"@type":["WebPage","ItemPage"],"@id":"https:\/\/vmsport.fi\/verkkokauppa\/ajovarusteet\/vaatteet\/paidat\/poc-ms-reform-enduro-jersey-black\/","url":"https:\/\/vmsport.fi\/verkkokauppa\/ajovarusteet\/vaatteet\/paidat\/poc-ms-reform-enduro-jersey-black\/","name":"POC M's Reform Enduro Jersey Black - VM Sport","isPartOf":{"@id":"https:\/\/vmsport.fi\/#website"},"primaryImageOfPage":{"@id":"https:\/\/vmsport.fi\/verkkokauppa\/ajovarusteet\/vaatteet\/paidat\/poc-ms-reform-enduro-jersey-black\/#primaryimage"},"image":{"@id":"https:\/\/vmsport.fi\/verkkokauppa\/ajovarusteet\/vaatteet\/paidat\/poc-ms-reform-enduro-jersey-black\/#primaryimage"},"thumbnailUrl":"https:\/\/vmsport.fi\/wp-content\/uploads\/2025\/03\/52906-MsReformEnduroJersey-1002-UraniumBlack-front-1.png","datePublished":"2025-03-05T21:51:44+00:00","dateModified":"2026-03-27T00:00:38+00:00","breadcrumb":{"@id":"https:\/\/vmsport.fi\/verkkokauppa\/ajovarusteet\/vaatteet\/paidat\/poc-ms-reform-enduro-jersey-black\/#breadcrumb"},"inLanguage":"sv-SE","potentialAction":[{"@type":"ReadAction","target":["https:\/\/vmsport.fi\/verkkokauppa\/ajovarusteet\/vaatteet\/paidat\/poc-ms-reform-enduro-jersey-black\/"]}]},{"@type":"ImageObject","inLanguage":"sv-SE","@id":"https:\/\/vmsport.fi\/verkkokauppa\/ajovarusteet\/vaatteet\/paidat\/poc-ms-reform-enduro-jersey-black\/#primaryimage","url":"https:\/\/vmsport.fi\/wp-content\/uploads\/2025\/03\/52906-MsReformEnduroJersey-1002-UraniumBlack-front-1.png","contentUrl":"https:\/\/vmsport.fi\/wp-content\/uploads\/2025\/03\/52906-MsReformEnduroJersey-1002-UraniumBlack-front-1.png","width":1000,"height":1000,"caption":"52906-MsReformEnduroJersey-1002-UraniumBlack-front"},{"@type":"BreadcrumbList","@id":"https:\/\/vmsport.fi\/verkkokauppa\/ajovarusteet\/vaatteet\/paidat\/poc-ms-reform-enduro-jersey-black\/#breadcrumb","itemListElement":[{"@type":"ListItem","position":1,"name":"Etusivu","item":"https:\/\/vmsport.fi\/"},{"@type":"ListItem","position":2,"name":"Online Store","item":"https:\/\/vmsport.fi\/en\/online-store\/"},{"@type":"ListItem","position":3,"name":"POC M&#8217;s Reform Enduro Jersey Black"}]},{"@type":"WebSite","@id":"https:\/\/vmsport.fi\/#website","url":"https:\/\/vmsport.fi\/","name":"Vmsport","description":"Allt p\u00e5 ett st\u00e4lle f\u00f6r cykling","publisher":{"@id":"https:\/\/vmsport.fi\/#organization"},"potentialAction":[{"@type":"SearchAction","target":{"@type":"EntryPoint","urlTemplate":"https:\/\/vmsport.fi\/?s={search_term_string}"},"query-input":{"@type":"PropertyValueSpecification","valueRequired":true,"valueName":"search_term_string"}}],"inLanguage":"sv-SE"},{"@type":"Organization","@id":"https:\/\/vmsport.fi\/#organization","name":"Vmsport","url":"https:\/\/vmsport.fi\/","logo":{"@type":"ImageObject","inLanguage":"sv-SE","@id":"https:\/\/vmsport.fi\/#\/schema\/logo\/image\/","url":"https:\/\/vmsport.fi\/wp-content\/uploads\/2024\/12\/vm_sport_RGB_horisontal-e1734526017575.png","contentUrl":"https:\/\/vmsport.fi\/wp-content\/uploads\/2024\/12\/vm_sport_RGB_horisontal-e1734526017575.png","width":668,"height":85,"caption":"Vmsport"},"image":{"@id":"https:\/\/vmsport.fi\/#\/schema\/logo\/image\/"},"sameAs":["https:\/\/www.facebook.com\/Vmsport.fi\/","https:\/\/www.instagram.com\/vmsport\/"]}]}},"global_unique_id":"","_links":{"self":[{"href":"https:\/\/vmsport.fi\/sv\/wp-json\/wp\/v2\/product\/54268","targetHints":{"allow":["GET"]}}],"collection":[{"href":"https:\/\/vmsport.fi\/sv\/wp-json\/wp\/v2\/product"}],"about":[{"href":"https:\/\/vmsport.fi\/sv\/wp-json\/wp\/v2\/types\/product"}],"replies":[{"embeddable":true,"href":"https:\/\/vmsport.fi\/sv\/wp-json\/wp\/v2\/comments?post=54268"}],"wp:featuredmedia":[{"embeddable":true,"href":"https:\/\/vmsport.fi\/sv\/wp-json\/wp\/v2\/media\/54266"}],"wp:attachment":[{"href":"https:\/\/vmsport.fi\/sv\/wp-json\/wp\/v2\/media?parent=54268"}],"wp:term":[{"taxonomy":"product_brand","embeddable":true,"href":"https:\/\/vmsport.fi\/sv\/wp-json\/wp\/v2\/product_brand?post=54268"},{"taxonomy":"product_model","embeddable":true,"href":"https:\/\/vmsport.fi\/sv\/wp-json\/wp\/v2\/product_model?post=54268"},{"taxonomy":"product_cat","embeddable":true,"href":"https:\/\/vmsport.fi\/sv\/wp-json\/wp\/v2\/product_cat?post=54268"},{"taxonomy":"product_tag","embeddable":true,"href":"https:\/\/vmsport.fi\/sv\/wp-json\/wp\/v2\/product_tag?post=54268"},{"taxonomy":"industry_terminology","embeddable":true,"href":"https:\/\/vmsport.fi\/sv\/wp-json\/wp\/v2\/industry-terminology?post=54268"}],"curies":[{"name":"wp","href":"https:\/\/api.w.org\/{rel}","templated":true}]}}