{"id":54264,"date":"2025-03-05T23:51:35","date_gmt":"2025-03-05T21:51:35","guid":{"rendered":"https:\/\/vmsport.fi\/verkkokauppa\/Ei-luokiteltu\/jarrulevy-xt-180mm-centerlock-sm-rt81\/"},"modified":"2026-01-16T13:20:56","modified_gmt":"2026-01-16T11:20:56","slug":"bromsskiva-xt-180mm-centerlock-sm-rt81","status":"publish","type":"product","link":"https:\/\/vmsport.fi\/sv\/verkkokauppa\/varaosat\/jarrut\/jarrulevyt\/jarrulevy-xt-180mm-centerlock-sm-rt81\/","title":{"rendered":"Bromsskiva XT 180 mm centrall\u00e5s, SM-RT81"},"content":{"rendered":"<p>Shimano SM-RT81 bromsskiva, som \u00e4r speciellt utformad f\u00f6r XT-serien, ger imponerande bromsprestanda. Dess 180 mm skiva s\u00e4kerst\u00e4ller j\u00e4mn och kraftfull bromsning \u00e4ven under utmanande f\u00f6rh\u00e5llanden. Centerlock-systemet g\u00f6r installationen mycket enkel och snabb, vilket \u00f6kar produktens tillf\u00f6rlitlighet. Ice Technologies-funktionen minskar effektivt \u00f6verhettning, vilket f\u00f6rl\u00e4nger livsl\u00e4ngden p\u00e5 b\u00e5de bromsbel\u00e4ggen och skivan. Den h\u00e4r bromsskivan \u00e4r ett utm\u00e4rkt val f\u00f6r mountainbike eftersom den kombinerar innovativa funktioner med en h\u00e5llbar och robust konstruktion.<\/p>","protected":false},"excerpt":{"rendered":"<p>Shimano SM-RT81 -jarrulevy, joka on suunniteltu erityisesti XT-sarjaan, tarjoaa vaikuttavan jarrutustehon. Sen 180 mm:n levy varmistaa tasaisen ja voimakkaan jarrutuksen haastavissakin olosuhteissa. Centerlock-j\u00e4rjestelm\u00e4 tekee asennuksesta eritt\u00e4in helppoa ja nopeaa, mik\u00e4 lis\u00e4\u00e4 tuotteen luotettavuutta. Ice Technologies -ominaisuus v\u00e4hent\u00e4\u00e4 tehokkaasti ylikuumenemista, mik\u00e4 pident\u00e4\u00e4 sek\u00e4 jarrupalojen ett\u00e4 levyn k\u00e4ytt\u00f6ik\u00e4\u00e4. T\u00e4m\u00e4 jarrulevy on erinomainen valinta maastopy\u00f6r\u00e4ilyyn, koska se yhdist\u00e4\u00e4 [&#8230;]<\/p>\n<p><a class=\"btn btn-secondary understrap-read-more-link\" href=\"https:\/\/vmsport.fi\/sv\/verkkokauppa\/varaosat\/jarrut\/jarrulevyt\/jarrulevy-xt-180mm-centerlock-sm-rt81\/\">L\u00e4s mer \u2026<span class=\"screen-reader-text\"> from Jarrulevy XT 180mm centerlock, SM-RT81<\/span><\/a><\/p>\n","protected":false},"featured_media":54262,"comment_status":"open","ping_status":"closed","template":"","meta":{"_acf_changed":false,"_improvement_type_select":"improve_an_existing","_thumb_yes_seoaic":false,"_frame_yes_seoaic":false,"seoaic_generate_description":"","seoaic_improve_instructions_prompt":"","seoaic_rollback_content_improvement":"","seoaic_idea_thumbnail_generator":"","thumbnail_generated":false,"thumbnail_generate_prompt":"","seoaic_article_description":"","_supplier_stock_quantity":0},"product_brand":[],"product_model":[],"product_cat":[9340],"product_tag":[],"industry-terminology":[],"class_list":{"0":"post-54264","1":"product","2":"type-product","3":"status-publish","4":"has-post-thumbnail","6":"product_cat-jarrulevyt","8":"first","9":"outofstock","10":"taxable","11":"shipping-taxable","12":"product-type-simple"},"acf":{"bike_features":null,"overview":{"copy_overview":null,"key_features":null,"statement":"","youtube_url":""}},"yoast_head":"<!-- This site is optimized with the Yoast SEO plugin v27.3 - https:\/\/yoast.com\/product\/yoast-seo-wordpress\/ -->\n<title>Jarrulevy XT 180mm centerlock, SM-RT81 - VM Sport<\/title>\n<meta name=\"robots\" content=\"index, follow, max-snippet:-1, max-image-preview:large, max-video-preview:-1\" \/>\n<link rel=\"canonical\" href=\"https:\/\/vmsport.fi\/sv\/webbutik\/reservdelar\/bromsar\/bromsskivor\/bromsskiva-xt-180mm-centerlock-sm-rt81\/\" \/>\n<meta property=\"og:locale\" content=\"sv_SE\" \/>\n<meta property=\"og:type\" content=\"article\" \/>\n<meta property=\"og:title\" content=\"Jarrulevy XT 180mm centerlock, SM-RT81 - VM Sport\" \/>\n<meta property=\"og:description\" content=\"Shimano SM-RT81 -jarrulevy, joka on suunniteltu erityisesti XT-sarjaan, tarjoaa vaikuttavan jarrutustehon. Sen 180 mm:n levy varmistaa tasaisen ja voimakkaan jarrutuksen haastavissakin olosuhteissa. Centerlock-j\u00e4rjestelm\u00e4 tekee asennuksesta eritt\u00e4in helppoa ja nopeaa, mik\u00e4 lis\u00e4\u00e4 tuotteen luotettavuutta. Ice Technologies -ominaisuus v\u00e4hent\u00e4\u00e4 tehokkaasti ylikuumenemista, mik\u00e4 pident\u00e4\u00e4 sek\u00e4 jarrupalojen ett\u00e4 levyn k\u00e4ytt\u00f6ik\u00e4\u00e4. T\u00e4m\u00e4 jarrulevy on erinomainen valinta maastopy\u00f6r\u00e4ilyyn, koska se yhdist\u00e4\u00e4 [...]L\u00e4s mer \u2026 from Jarrulevy XT 180mm centerlock, SM-RT81\" \/>\n<meta property=\"og:url\" content=\"https:\/\/vmsport.fi\/sv\/webbutik\/reservdelar\/bromsar\/bromsskivor\/bromsskiva-xt-180mm-centerlock-sm-rt81\/\" \/>\n<meta property=\"og:site_name\" content=\"VM Sport\" \/>\n<meta property=\"article:publisher\" content=\"https:\/\/www.facebook.com\/Vmsport.fi\/\" \/>\n<meta property=\"article:modified_time\" content=\"2026-01-16T11:20:56+00:00\" \/>\n<meta property=\"og:image\" content=\"https:\/\/vmsport.fi\/wp-content\/uploads\/2025\/03\/6b2eb9a7-f6d3-4bb3-aed4-cf0c904d0d92-1.jpg\" \/>\n\t<meta property=\"og:image:width\" content=\"1000\" \/>\n\t<meta property=\"og:image:height\" content=\"1000\" \/>\n\t<meta property=\"og:image:type\" content=\"image\/jpeg\" \/>\n<meta name=\"twitter:card\" content=\"summary_large_image\" \/>\n<script type=\"application\/ld+json\" class=\"yoast-schema-graph\">{\"@context\":\"https:\\\/\\\/schema.org\",\"@graph\":[{\"@type\":[\"WebPage\",\"ItemPage\"],\"@id\":\"https:\\\/\\\/vmsport.fi\\\/verkkokauppa\\\/varaosat\\\/jarrut\\\/jarrulevyt\\\/jarrulevy-xt-180mm-centerlock-sm-rt81\\\/\",\"url\":\"https:\\\/\\\/vmsport.fi\\\/verkkokauppa\\\/varaosat\\\/jarrut\\\/jarrulevyt\\\/jarrulevy-xt-180mm-centerlock-sm-rt81\\\/\",\"name\":\"Jarrulevy XT 180mm centerlock, SM-RT81 - VM Sport\",\"isPartOf\":{\"@id\":\"https:\\\/\\\/vmsport.fi\\\/#website\"},\"primaryImageOfPage\":{\"@id\":\"https:\\\/\\\/vmsport.fi\\\/verkkokauppa\\\/varaosat\\\/jarrut\\\/jarrulevyt\\\/jarrulevy-xt-180mm-centerlock-sm-rt81\\\/#primaryimage\"},\"image\":{\"@id\":\"https:\\\/\\\/vmsport.fi\\\/verkkokauppa\\\/varaosat\\\/jarrut\\\/jarrulevyt\\\/jarrulevy-xt-180mm-centerlock-sm-rt81\\\/#primaryimage\"},\"thumbnailUrl\":\"https:\\\/\\\/vmsport.fi\\\/wp-content\\\/uploads\\\/2025\\\/03\\\/6b2eb9a7-f6d3-4bb3-aed4-cf0c904d0d92-1.jpg\",\"datePublished\":\"2025-03-05T21:51:35+00:00\",\"dateModified\":\"2026-01-16T11:20:56+00:00\",\"breadcrumb\":{\"@id\":\"https:\\\/\\\/vmsport.fi\\\/verkkokauppa\\\/varaosat\\\/jarrut\\\/jarrulevyt\\\/jarrulevy-xt-180mm-centerlock-sm-rt81\\\/#breadcrumb\"},\"inLanguage\":\"sv-SE\",\"potentialAction\":[{\"@type\":\"ReadAction\",\"target\":[\"https:\\\/\\\/vmsport.fi\\\/verkkokauppa\\\/varaosat\\\/jarrut\\\/jarrulevyt\\\/jarrulevy-xt-180mm-centerlock-sm-rt81\\\/\"]}]},{\"@type\":\"ImageObject\",\"inLanguage\":\"sv-SE\",\"@id\":\"https:\\\/\\\/vmsport.fi\\\/verkkokauppa\\\/varaosat\\\/jarrut\\\/jarrulevyt\\\/jarrulevy-xt-180mm-centerlock-sm-rt81\\\/#primaryimage\",\"url\":\"https:\\\/\\\/vmsport.fi\\\/wp-content\\\/uploads\\\/2025\\\/03\\\/6b2eb9a7-f6d3-4bb3-aed4-cf0c904d0d92-1.jpg\",\"contentUrl\":\"https:\\\/\\\/vmsport.fi\\\/wp-content\\\/uploads\\\/2025\\\/03\\\/6b2eb9a7-f6d3-4bb3-aed4-cf0c904d0d92-1.jpg\",\"width\":1000,\"height\":1000,\"caption\":\"6b2eb9a7-f6d3-4bb3-aed4-cf0c904d0d92\"},{\"@type\":\"BreadcrumbList\",\"@id\":\"https:\\\/\\\/vmsport.fi\\\/verkkokauppa\\\/varaosat\\\/jarrut\\\/jarrulevyt\\\/jarrulevy-xt-180mm-centerlock-sm-rt81\\\/#breadcrumb\",\"itemListElement\":[{\"@type\":\"ListItem\",\"position\":1,\"name\":\"Etusivu\",\"item\":\"https:\\\/\\\/vmsport.fi\\\/\"},{\"@type\":\"ListItem\",\"position\":2,\"name\":\"Online Store\",\"item\":\"https:\\\/\\\/vmsport.fi\\\/en\\\/online-store\\\/\"},{\"@type\":\"ListItem\",\"position\":3,\"name\":\"Jarrulevy XT 180mm centerlock, SM-RT81\"}]},{\"@type\":\"WebSite\",\"@id\":\"https:\\\/\\\/vmsport.fi\\\/#website\",\"url\":\"https:\\\/\\\/vmsport.fi\\\/\",\"name\":\"Vmsport\",\"description\":\"Kaikki py\u00f6r\u00e4ilyyn yhdest\u00e4 paikasta\",\"publisher\":{\"@id\":\"https:\\\/\\\/vmsport.fi\\\/#organization\"},\"potentialAction\":[{\"@type\":\"SearchAction\",\"target\":{\"@type\":\"EntryPoint\",\"urlTemplate\":\"https:\\\/\\\/vmsport.fi\\\/?s={search_term_string}\"},\"query-input\":{\"@type\":\"PropertyValueSpecification\",\"valueRequired\":true,\"valueName\":\"search_term_string\"}}],\"inLanguage\":\"sv-SE\"},{\"@type\":\"Organization\",\"@id\":\"https:\\\/\\\/vmsport.fi\\\/#organization\",\"name\":\"Vmsport\",\"url\":\"https:\\\/\\\/vmsport.fi\\\/\",\"logo\":{\"@type\":\"ImageObject\",\"inLanguage\":\"sv-SE\",\"@id\":\"https:\\\/\\\/vmsport.fi\\\/#\\\/schema\\\/logo\\\/image\\\/\",\"url\":\"https:\\\/\\\/vmsport.fi\\\/wp-content\\\/uploads\\\/2024\\\/12\\\/vm_sport_RGB_horisontal-e1734526017575.png\",\"contentUrl\":\"https:\\\/\\\/vmsport.fi\\\/wp-content\\\/uploads\\\/2024\\\/12\\\/vm_sport_RGB_horisontal-e1734526017575.png\",\"width\":668,\"height\":85,\"caption\":\"Vmsport\"},\"image\":{\"@id\":\"https:\\\/\\\/vmsport.fi\\\/#\\\/schema\\\/logo\\\/image\\\/\"},\"sameAs\":[\"https:\\\/\\\/www.facebook.com\\\/Vmsport.fi\\\/\",\"https:\\\/\\\/www.instagram.com\\\/vmsport\\\/\"]}]}<\/script>\n<!-- \/ Yoast SEO plugin. -->","yoast_head_json":{"title":"Bromsskiva XT 180 mm centerlock, SM-RT81 - VM Sport","robots":{"index":"index","follow":"follow","max-snippet":"max-snippet:-1","max-image-preview":"max-image-preview:large","max-video-preview":"max-video-preview:-1"},"canonical":"https:\/\/vmsport.fi\/sv\/webbutik\/reservdelar\/bromsar\/bromsskivor\/bromsskiva-xt-180mm-centerlock-sm-rt81\/","og_locale":"sv_SE","og_type":"article","og_title":"Jarrulevy XT 180mm centerlock, SM-RT81 - VM Sport","og_description":"Shimano SM-RT81 -jarrulevy, joka on suunniteltu erityisesti XT-sarjaan, tarjoaa vaikuttavan jarrutustehon. Sen 180 mm:n levy varmistaa tasaisen ja voimakkaan jarrutuksen haastavissakin olosuhteissa. Centerlock-j\u00e4rjestelm\u00e4 tekee asennuksesta eritt\u00e4in helppoa ja nopeaa, mik\u00e4 lis\u00e4\u00e4 tuotteen luotettavuutta. Ice Technologies -ominaisuus v\u00e4hent\u00e4\u00e4 tehokkaasti ylikuumenemista, mik\u00e4 pident\u00e4\u00e4 sek\u00e4 jarrupalojen ett\u00e4 levyn k\u00e4ytt\u00f6ik\u00e4\u00e4. T\u00e4m\u00e4 jarrulevy on erinomainen valinta maastopy\u00f6r\u00e4ilyyn, koska se yhdist\u00e4\u00e4 [...]L\u00e4s mer \u2026 from Jarrulevy XT 180mm centerlock, SM-RT81","og_url":"https:\/\/vmsport.fi\/sv\/webbutik\/reservdelar\/bromsar\/bromsskivor\/bromsskiva-xt-180mm-centerlock-sm-rt81\/","og_site_name":"VM Sport","article_publisher":"https:\/\/www.facebook.com\/Vmsport.fi\/","article_modified_time":"2026-01-16T11:20:56+00:00","og_image":[{"width":1000,"height":1000,"url":"https:\/\/vmsport.fi\/wp-content\/uploads\/2025\/03\/6b2eb9a7-f6d3-4bb3-aed4-cf0c904d0d92-1.jpg","type":"image\/jpeg"}],"twitter_card":"summary_large_image","schema":{"@context":"https:\/\/schema.org","@graph":[{"@type":["WebPage","ItemPage"],"@id":"https:\/\/vmsport.fi\/verkkokauppa\/varaosat\/jarrut\/jarrulevyt\/jarrulevy-xt-180mm-centerlock-sm-rt81\/","url":"https:\/\/vmsport.fi\/verkkokauppa\/varaosat\/jarrut\/jarrulevyt\/jarrulevy-xt-180mm-centerlock-sm-rt81\/","name":"Bromsskiva XT 180 mm centerlock, SM-RT81 - VM Sport","isPartOf":{"@id":"https:\/\/vmsport.fi\/#website"},"primaryImageOfPage":{"@id":"https:\/\/vmsport.fi\/verkkokauppa\/varaosat\/jarrut\/jarrulevyt\/jarrulevy-xt-180mm-centerlock-sm-rt81\/#primaryimage"},"image":{"@id":"https:\/\/vmsport.fi\/verkkokauppa\/varaosat\/jarrut\/jarrulevyt\/jarrulevy-xt-180mm-centerlock-sm-rt81\/#primaryimage"},"thumbnailUrl":"https:\/\/vmsport.fi\/wp-content\/uploads\/2025\/03\/6b2eb9a7-f6d3-4bb3-aed4-cf0c904d0d92-1.jpg","datePublished":"2025-03-05T21:51:35+00:00","dateModified":"2026-01-16T11:20:56+00:00","breadcrumb":{"@id":"https:\/\/vmsport.fi\/verkkokauppa\/varaosat\/jarrut\/jarrulevyt\/jarrulevy-xt-180mm-centerlock-sm-rt81\/#breadcrumb"},"inLanguage":"sv-SE","potentialAction":[{"@type":"ReadAction","target":["https:\/\/vmsport.fi\/verkkokauppa\/varaosat\/jarrut\/jarrulevyt\/jarrulevy-xt-180mm-centerlock-sm-rt81\/"]}]},{"@type":"ImageObject","inLanguage":"sv-SE","@id":"https:\/\/vmsport.fi\/verkkokauppa\/varaosat\/jarrut\/jarrulevyt\/jarrulevy-xt-180mm-centerlock-sm-rt81\/#primaryimage","url":"https:\/\/vmsport.fi\/wp-content\/uploads\/2025\/03\/6b2eb9a7-f6d3-4bb3-aed4-cf0c904d0d92-1.jpg","contentUrl":"https:\/\/vmsport.fi\/wp-content\/uploads\/2025\/03\/6b2eb9a7-f6d3-4bb3-aed4-cf0c904d0d92-1.jpg","width":1000,"height":1000,"caption":"6b2eb9a7-f6d3-4bb3-aed4-cf0c904d0d92"},{"@type":"BreadcrumbList","@id":"https:\/\/vmsport.fi\/verkkokauppa\/varaosat\/jarrut\/jarrulevyt\/jarrulevy-xt-180mm-centerlock-sm-rt81\/#breadcrumb","itemListElement":[{"@type":"ListItem","position":1,"name":"Etusivu","item":"https:\/\/vmsport.fi\/"},{"@type":"ListItem","position":2,"name":"Online Store","item":"https:\/\/vmsport.fi\/en\/online-store\/"},{"@type":"ListItem","position":3,"name":"Jarrulevy XT 180mm centerlock, SM-RT81"}]},{"@type":"WebSite","@id":"https:\/\/vmsport.fi\/#website","url":"https:\/\/vmsport.fi\/","name":"Vmsport","description":"Allt p\u00e5 ett st\u00e4lle f\u00f6r cykling","publisher":{"@id":"https:\/\/vmsport.fi\/#organization"},"potentialAction":[{"@type":"SearchAction","target":{"@type":"EntryPoint","urlTemplate":"https:\/\/vmsport.fi\/?s={search_term_string}"},"query-input":{"@type":"PropertyValueSpecification","valueRequired":true,"valueName":"search_term_string"}}],"inLanguage":"sv-SE"},{"@type":"Organization","@id":"https:\/\/vmsport.fi\/#organization","name":"Vmsport","url":"https:\/\/vmsport.fi\/","logo":{"@type":"ImageObject","inLanguage":"sv-SE","@id":"https:\/\/vmsport.fi\/#\/schema\/logo\/image\/","url":"https:\/\/vmsport.fi\/wp-content\/uploads\/2024\/12\/vm_sport_RGB_horisontal-e1734526017575.png","contentUrl":"https:\/\/vmsport.fi\/wp-content\/uploads\/2024\/12\/vm_sport_RGB_horisontal-e1734526017575.png","width":668,"height":85,"caption":"Vmsport"},"image":{"@id":"https:\/\/vmsport.fi\/#\/schema\/logo\/image\/"},"sameAs":["https:\/\/www.facebook.com\/Vmsport.fi\/","https:\/\/www.instagram.com\/vmsport\/"]}]}},"global_unique_id":"","_links":{"self":[{"href":"https:\/\/vmsport.fi\/sv\/wp-json\/wp\/v2\/product\/54264","targetHints":{"allow":["GET"]}}],"collection":[{"href":"https:\/\/vmsport.fi\/sv\/wp-json\/wp\/v2\/product"}],"about":[{"href":"https:\/\/vmsport.fi\/sv\/wp-json\/wp\/v2\/types\/product"}],"replies":[{"embeddable":true,"href":"https:\/\/vmsport.fi\/sv\/wp-json\/wp\/v2\/comments?post=54264"}],"wp:featuredmedia":[{"embeddable":true,"href":"https:\/\/vmsport.fi\/sv\/wp-json\/wp\/v2\/media\/54262"}],"wp:attachment":[{"href":"https:\/\/vmsport.fi\/sv\/wp-json\/wp\/v2\/media?parent=54264"}],"wp:term":[{"taxonomy":"product_brand","embeddable":true,"href":"https:\/\/vmsport.fi\/sv\/wp-json\/wp\/v2\/product_brand?post=54264"},{"taxonomy":"product_model","embeddable":true,"href":"https:\/\/vmsport.fi\/sv\/wp-json\/wp\/v2\/product_model?post=54264"},{"taxonomy":"product_cat","embeddable":true,"href":"https:\/\/vmsport.fi\/sv\/wp-json\/wp\/v2\/product_cat?post=54264"},{"taxonomy":"product_tag","embeddable":true,"href":"https:\/\/vmsport.fi\/sv\/wp-json\/wp\/v2\/product_tag?post=54264"},{"taxonomy":"industry_terminology","embeddable":true,"href":"https:\/\/vmsport.fi\/sv\/wp-json\/wp\/v2\/industry-terminology?post=54264"}],"curies":[{"name":"wp","href":"https:\/\/api.w.org\/{rel}","templated":true}]}}