{"id":54261,"date":"2025-03-05T23:51:34","date_gmt":"2025-03-05T21:51:34","guid":{"rendered":"https:\/\/vmsport.fi\/verkkokauppa\/Ei-luokiteltu\/linkkulukko-axa-fold-pro-100-taitettava-musta\/"},"modified":"2026-04-22T15:03:13","modified_gmt":"2026-04-22T12:03:13","slug":"lanklas-axa-fold-pro-100-fallbar-svart","status":"publish","type":"product","link":"https:\/\/vmsport.fi\/sv\/verkkokauppa\/tarvikkeet\/lukot\/linkkulukot\/linkkulukko-axa-fold-pro-100-taitettava-musta\/","title":{"rendered":"L\u00e4nkl\u00e5s AXA Fold PRO 100, hopf\u00e4llbart, svart"},"content":{"rendered":"<p>AXA Fold PRO 100-l\u00e5set ger ett f\u00f6rstklassigt skydd f\u00f6r din cykel och har uppn\u00e5tt s\u00e4kerhetsklassificeringen Sold Secure Gold. L\u00e5set l\u00e5ses automatiskt n\u00e4r det placeras p\u00e5 sitt st\u00e4ll och cylindern skyddas av ett skyddsh\u00f6lje f\u00f6r b\u00e4ttre anv\u00e4ndbarhet. L\u00e5set \u00e4r tillverkat av f\u00f6rst\u00e4rkt st\u00e5l och dess yta \u00e4r utformad f\u00f6r att t\u00e5la st\u00f6tar.<\/p>\n<p>Den kompakta, hopf\u00e4llbara designen g\u00f6r det enkelt att f\u00f6rvara l\u00e5set. Den 100 cm l\u00e5nga konstruktionen och de 8 mm tjocka l\u00e4nkarna g\u00f6r det b\u00e5de h\u00e5llbart och praktiskt. Den svarta f\u00e4rgen och m\u00e5tten (220 mm x 70 mm x 45 mm) framh\u00e4ver dess eleganta utseende.<\/p>\n<p>L\u00e5set levereras med tv\u00e5 nycklar och en uppdaterad h\u00e5llardesign som \u00e4r enkel att anv\u00e4nda och kan f\u00e4stas p\u00e5 cykelramen eller flaskh\u00e5llaren med skruvar. Detta ger mer flexibilitet vid anv\u00e4ndning, samtidigt som l\u00e5sets vikt p\u00e5 1250 g \u00f6kar dess robusthet utan kompromisser.<\/p>","protected":false},"excerpt":{"rendered":"<p>AXA Fold PRO 100 -linkkulukko tarjoaa huipputason suojaa polkupy\u00f6r\u00e4llesi, sill\u00e4 se on saavuttanut Sold Secure Gold -turvaluokituksen. Lukko lukittuu automaattisesti, kun se asetetaan telineeseens\u00e4, ja sen sylinteri\u00e4 suojaa suojakuori, mik\u00e4 parantaa sen k\u00e4ytett\u00e4vyytt\u00e4. Valmistettu vahvistetusta ter\u00e4ksest\u00e4, ja sen pinta on suunniteltu kest\u00e4m\u00e4\u00e4n iskuja. Kompakti, taitettava muotoilu tekee lukon s\u00e4ilytyksest\u00e4 vaivatonta. Sen 100 cm pituinen rakenne [&#8230;]<\/p>\n<p><a class=\"btn btn-secondary understrap-read-more-link\" href=\"https:\/\/vmsport.fi\/sv\/verkkokauppa\/tarvikkeet\/lukot\/linkkulukot\/linkkulukko-axa-fold-pro-100-taitettava-musta\/\">L\u00e4s mer \u2026<span class=\"screen-reader-text\"> from Linkkulukko AXA Fold PRO 100, taitettava, musta<\/span><\/a><\/p>\n","protected":false},"featured_media":54260,"comment_status":"open","ping_status":"closed","template":"","meta":{"_acf_changed":false,"_improvement_type_select":"improve_an_existing","_thumb_yes_seoaic":false,"_frame_yes_seoaic":false,"seoaic_generate_description":"","seoaic_improve_instructions_prompt":"","seoaic_rollback_content_improvement":"","seoaic_idea_thumbnail_generator":"","thumbnail_generated":false,"thumbnail_generate_prompt":"","seoaic_article_description":"","_supplier_stock_quantity":0},"product_brand":[1587],"product_model":[],"product_cat":[9554],"product_tag":[],"industry-terminology":[],"class_list":{"0":"post-54261","1":"product","2":"type-product","3":"status-publish","4":"has-post-thumbnail","6":"product_brand-axa","7":"product_cat-linkkulukot","9":"first","10":"outofstock","11":"taxable","12":"shipping-taxable","13":"product-type-simple"},"acf":{"bike_features":null,"overview":{"copy_overview":null,"key_features":null,"statement":"","youtube_url":""}},"yoast_head":"<!-- This site is optimized with the Yoast SEO plugin v27.4 - https:\/\/yoast.com\/product\/yoast-seo-wordpress\/ -->\n<title>Linkkulukko AXA Fold PRO 100, taitettava, musta - VM Sport<\/title>\n<meta name=\"robots\" content=\"index, follow, max-snippet:-1, max-image-preview:large, max-video-preview:-1\" \/>\n<link rel=\"canonical\" href=\"https:\/\/vmsport.fi\/sv\/webbutik\/tillbehor\/las\/lank-till\/lanklas-axa-fold-pro-100-fallbar-svart\/\" \/>\n<meta property=\"og:locale\" content=\"sv_SE\" \/>\n<meta property=\"og:type\" content=\"article\" \/>\n<meta property=\"og:title\" content=\"Linkkulukko AXA Fold PRO 100, taitettava, musta - VM Sport\" \/>\n<meta property=\"og:description\" content=\"AXA Fold PRO 100 -linkkulukko tarjoaa huipputason suojaa polkupy\u00f6r\u00e4llesi, sill\u00e4 se on saavuttanut Sold Secure Gold -turvaluokituksen. Lukko lukittuu automaattisesti, kun se asetetaan telineeseens\u00e4, ja sen sylinteri\u00e4 suojaa suojakuori, mik\u00e4 parantaa sen k\u00e4ytett\u00e4vyytt\u00e4. Valmistettu vahvistetusta ter\u00e4ksest\u00e4, ja sen pinta on suunniteltu kest\u00e4m\u00e4\u00e4n iskuja. Kompakti, taitettava muotoilu tekee lukon s\u00e4ilytyksest\u00e4 vaivatonta. Sen 100 cm pituinen rakenne [...]L\u00e4s mer \u2026 from Linkkulukko AXA Fold PRO 100, taitettava, musta\" \/>\n<meta property=\"og:url\" content=\"https:\/\/vmsport.fi\/sv\/webbutik\/tillbehor\/las\/lank-till\/lanklas-axa-fold-pro-100-fallbar-svart\/\" \/>\n<meta property=\"og:site_name\" content=\"VM Sport\" \/>\n<meta property=\"article:publisher\" content=\"https:\/\/www.facebook.com\/Vmsport.fi\/\" \/>\n<meta property=\"article:modified_time\" content=\"2026-04-22T12:03:13+00:00\" \/>\n<meta property=\"og:image\" content=\"https:\/\/vmsport.fi\/wp-content\/uploads\/2025\/03\/59821095sb-1.jpg\" \/>\n\t<meta property=\"og:image:width\" content=\"1000\" \/>\n\t<meta property=\"og:image:height\" content=\"1000\" \/>\n\t<meta property=\"og:image:type\" content=\"image\/jpeg\" \/>\n<meta name=\"twitter:card\" content=\"summary_large_image\" \/>\n<meta name=\"twitter:label1\" content=\"Ber\u00e4knad l\u00e4stid\" \/>\n\t<meta name=\"twitter:data1\" content=\"1 minut\" \/>\n<script type=\"application\/ld+json\" class=\"yoast-schema-graph\">{\"@context\":\"https:\\\/\\\/schema.org\",\"@graph\":[{\"@type\":[\"WebPage\",\"ItemPage\"],\"@id\":\"https:\\\/\\\/vmsport.fi\\\/verkkokauppa\\\/tarvikkeet\\\/lukot\\\/linkkulukot\\\/linkkulukko-axa-fold-pro-100-taitettava-musta\\\/\",\"url\":\"https:\\\/\\\/vmsport.fi\\\/verkkokauppa\\\/tarvikkeet\\\/lukot\\\/linkkulukot\\\/linkkulukko-axa-fold-pro-100-taitettava-musta\\\/\",\"name\":\"Linkkulukko AXA Fold PRO 100, taitettava, musta - VM Sport\",\"isPartOf\":{\"@id\":\"https:\\\/\\\/vmsport.fi\\\/#website\"},\"primaryImageOfPage\":{\"@id\":\"https:\\\/\\\/vmsport.fi\\\/verkkokauppa\\\/tarvikkeet\\\/lukot\\\/linkkulukot\\\/linkkulukko-axa-fold-pro-100-taitettava-musta\\\/#primaryimage\"},\"image\":{\"@id\":\"https:\\\/\\\/vmsport.fi\\\/verkkokauppa\\\/tarvikkeet\\\/lukot\\\/linkkulukot\\\/linkkulukko-axa-fold-pro-100-taitettava-musta\\\/#primaryimage\"},\"thumbnailUrl\":\"https:\\\/\\\/vmsport.fi\\\/wp-content\\\/uploads\\\/2025\\\/03\\\/59821095sb-1.jpg\",\"datePublished\":\"2025-03-05T21:51:34+00:00\",\"dateModified\":\"2026-04-22T12:03:13+00:00\",\"breadcrumb\":{\"@id\":\"https:\\\/\\\/vmsport.fi\\\/verkkokauppa\\\/tarvikkeet\\\/lukot\\\/linkkulukot\\\/linkkulukko-axa-fold-pro-100-taitettava-musta\\\/#breadcrumb\"},\"inLanguage\":\"sv-SE\",\"potentialAction\":[{\"@type\":\"ReadAction\",\"target\":[\"https:\\\/\\\/vmsport.fi\\\/verkkokauppa\\\/tarvikkeet\\\/lukot\\\/linkkulukot\\\/linkkulukko-axa-fold-pro-100-taitettava-musta\\\/\"]}]},{\"@type\":\"ImageObject\",\"inLanguage\":\"sv-SE\",\"@id\":\"https:\\\/\\\/vmsport.fi\\\/verkkokauppa\\\/tarvikkeet\\\/lukot\\\/linkkulukot\\\/linkkulukko-axa-fold-pro-100-taitettava-musta\\\/#primaryimage\",\"url\":\"https:\\\/\\\/vmsport.fi\\\/wp-content\\\/uploads\\\/2025\\\/03\\\/59821095sb-1.jpg\",\"contentUrl\":\"https:\\\/\\\/vmsport.fi\\\/wp-content\\\/uploads\\\/2025\\\/03\\\/59821095sb-1.jpg\",\"width\":1000,\"height\":1000,\"caption\":\"59821095sb\"},{\"@type\":\"BreadcrumbList\",\"@id\":\"https:\\\/\\\/vmsport.fi\\\/verkkokauppa\\\/tarvikkeet\\\/lukot\\\/linkkulukot\\\/linkkulukko-axa-fold-pro-100-taitettava-musta\\\/#breadcrumb\",\"itemListElement\":[{\"@type\":\"ListItem\",\"position\":1,\"name\":\"Etusivu\",\"item\":\"https:\\\/\\\/vmsport.fi\\\/\"},{\"@type\":\"ListItem\",\"position\":2,\"name\":\"Online Store\",\"item\":\"https:\\\/\\\/vmsport.fi\\\/en\\\/online-store\\\/\"},{\"@type\":\"ListItem\",\"position\":3,\"name\":\"Linkkulukko AXA Fold PRO 100, taitettava, musta\"}]},{\"@type\":\"WebSite\",\"@id\":\"https:\\\/\\\/vmsport.fi\\\/#website\",\"url\":\"https:\\\/\\\/vmsport.fi\\\/\",\"name\":\"Vmsport\",\"description\":\"Kaikki py\u00f6r\u00e4ilyyn yhdest\u00e4 paikasta\",\"publisher\":{\"@id\":\"https:\\\/\\\/vmsport.fi\\\/#organization\"},\"potentialAction\":[{\"@type\":\"SearchAction\",\"target\":{\"@type\":\"EntryPoint\",\"urlTemplate\":\"https:\\\/\\\/vmsport.fi\\\/?s={search_term_string}\"},\"query-input\":{\"@type\":\"PropertyValueSpecification\",\"valueRequired\":true,\"valueName\":\"search_term_string\"}}],\"inLanguage\":\"sv-SE\"},{\"@type\":\"Organization\",\"@id\":\"https:\\\/\\\/vmsport.fi\\\/#organization\",\"name\":\"Vmsport\",\"url\":\"https:\\\/\\\/vmsport.fi\\\/\",\"logo\":{\"@type\":\"ImageObject\",\"inLanguage\":\"sv-SE\",\"@id\":\"https:\\\/\\\/vmsport.fi\\\/#\\\/schema\\\/logo\\\/image\\\/\",\"url\":\"https:\\\/\\\/vmsport.fi\\\/wp-content\\\/uploads\\\/2024\\\/12\\\/vm_sport_RGB_horisontal-e1734526017575.png\",\"contentUrl\":\"https:\\\/\\\/vmsport.fi\\\/wp-content\\\/uploads\\\/2024\\\/12\\\/vm_sport_RGB_horisontal-e1734526017575.png\",\"width\":668,\"height\":85,\"caption\":\"Vmsport\"},\"image\":{\"@id\":\"https:\\\/\\\/vmsport.fi\\\/#\\\/schema\\\/logo\\\/image\\\/\"},\"sameAs\":[\"https:\\\/\\\/www.facebook.com\\\/Vmsport.fi\\\/\",\"https:\\\/\\\/www.instagram.com\\\/vmsport\\\/\"]}]}<\/script>\n<!-- \/ Yoast SEO plugin. -->","yoast_head_json":{"title":"AXA Fold PRO 100 l\u00e4nkl\u00e5s, hopf\u00e4llbart, svart - VM Sport","robots":{"index":"index","follow":"follow","max-snippet":"max-snippet:-1","max-image-preview":"max-image-preview:large","max-video-preview":"max-video-preview:-1"},"canonical":"https:\/\/vmsport.fi\/sv\/webbutik\/tillbehor\/las\/lank-till\/lanklas-axa-fold-pro-100-fallbar-svart\/","og_locale":"sv_SE","og_type":"article","og_title":"Linkkulukko AXA Fold PRO 100, taitettava, musta - VM Sport","og_description":"AXA Fold PRO 100 -linkkulukko tarjoaa huipputason suojaa polkupy\u00f6r\u00e4llesi, sill\u00e4 se on saavuttanut Sold Secure Gold -turvaluokituksen. Lukko lukittuu automaattisesti, kun se asetetaan telineeseens\u00e4, ja sen sylinteri\u00e4 suojaa suojakuori, mik\u00e4 parantaa sen k\u00e4ytett\u00e4vyytt\u00e4. Valmistettu vahvistetusta ter\u00e4ksest\u00e4, ja sen pinta on suunniteltu kest\u00e4m\u00e4\u00e4n iskuja. Kompakti, taitettava muotoilu tekee lukon s\u00e4ilytyksest\u00e4 vaivatonta. Sen 100 cm pituinen rakenne [...]L\u00e4s mer \u2026 from Linkkulukko AXA Fold PRO 100, taitettava, musta","og_url":"https:\/\/vmsport.fi\/sv\/webbutik\/tillbehor\/las\/lank-till\/lanklas-axa-fold-pro-100-fallbar-svart\/","og_site_name":"VM Sport","article_publisher":"https:\/\/www.facebook.com\/Vmsport.fi\/","article_modified_time":"2026-04-22T12:03:13+00:00","og_image":[{"width":1000,"height":1000,"url":"https:\/\/vmsport.fi\/wp-content\/uploads\/2025\/03\/59821095sb-1.jpg","type":"image\/jpeg"}],"twitter_card":"summary_large_image","twitter_misc":{"Ber\u00e4knad l\u00e4stid":"1 minut"},"schema":{"@context":"https:\/\/schema.org","@graph":[{"@type":["WebPage","ItemPage"],"@id":"https:\/\/vmsport.fi\/verkkokauppa\/tarvikkeet\/lukot\/linkkulukot\/linkkulukko-axa-fold-pro-100-taitettava-musta\/","url":"https:\/\/vmsport.fi\/verkkokauppa\/tarvikkeet\/lukot\/linkkulukot\/linkkulukko-axa-fold-pro-100-taitettava-musta\/","name":"AXA Fold PRO 100 l\u00e4nkl\u00e5s, hopf\u00e4llbart, svart - VM Sport","isPartOf":{"@id":"https:\/\/vmsport.fi\/#website"},"primaryImageOfPage":{"@id":"https:\/\/vmsport.fi\/verkkokauppa\/tarvikkeet\/lukot\/linkkulukot\/linkkulukko-axa-fold-pro-100-taitettava-musta\/#primaryimage"},"image":{"@id":"https:\/\/vmsport.fi\/verkkokauppa\/tarvikkeet\/lukot\/linkkulukot\/linkkulukko-axa-fold-pro-100-taitettava-musta\/#primaryimage"},"thumbnailUrl":"https:\/\/vmsport.fi\/wp-content\/uploads\/2025\/03\/59821095sb-1.jpg","datePublished":"2025-03-05T21:51:34+00:00","dateModified":"2026-04-22T12:03:13+00:00","breadcrumb":{"@id":"https:\/\/vmsport.fi\/verkkokauppa\/tarvikkeet\/lukot\/linkkulukot\/linkkulukko-axa-fold-pro-100-taitettava-musta\/#breadcrumb"},"inLanguage":"sv-SE","potentialAction":[{"@type":"ReadAction","target":["https:\/\/vmsport.fi\/verkkokauppa\/tarvikkeet\/lukot\/linkkulukot\/linkkulukko-axa-fold-pro-100-taitettava-musta\/"]}]},{"@type":"ImageObject","inLanguage":"sv-SE","@id":"https:\/\/vmsport.fi\/verkkokauppa\/tarvikkeet\/lukot\/linkkulukot\/linkkulukko-axa-fold-pro-100-taitettava-musta\/#primaryimage","url":"https:\/\/vmsport.fi\/wp-content\/uploads\/2025\/03\/59821095sb-1.jpg","contentUrl":"https:\/\/vmsport.fi\/wp-content\/uploads\/2025\/03\/59821095sb-1.jpg","width":1000,"height":1000,"caption":"59821095sb"},{"@type":"BreadcrumbList","@id":"https:\/\/vmsport.fi\/verkkokauppa\/tarvikkeet\/lukot\/linkkulukot\/linkkulukko-axa-fold-pro-100-taitettava-musta\/#breadcrumb","itemListElement":[{"@type":"ListItem","position":1,"name":"Etusivu","item":"https:\/\/vmsport.fi\/"},{"@type":"ListItem","position":2,"name":"Online Store","item":"https:\/\/vmsport.fi\/en\/online-store\/"},{"@type":"ListItem","position":3,"name":"Linkkulukko AXA Fold PRO 100, taitettava, musta"}]},{"@type":"WebSite","@id":"https:\/\/vmsport.fi\/#website","url":"https:\/\/vmsport.fi\/","name":"Vmsport","description":"Allt p\u00e5 ett st\u00e4lle f\u00f6r cykling","publisher":{"@id":"https:\/\/vmsport.fi\/#organization"},"potentialAction":[{"@type":"SearchAction","target":{"@type":"EntryPoint","urlTemplate":"https:\/\/vmsport.fi\/?s={search_term_string}"},"query-input":{"@type":"PropertyValueSpecification","valueRequired":true,"valueName":"search_term_string"}}],"inLanguage":"sv-SE"},{"@type":"Organization","@id":"https:\/\/vmsport.fi\/#organization","name":"Vmsport","url":"https:\/\/vmsport.fi\/","logo":{"@type":"ImageObject","inLanguage":"sv-SE","@id":"https:\/\/vmsport.fi\/#\/schema\/logo\/image\/","url":"https:\/\/vmsport.fi\/wp-content\/uploads\/2024\/12\/vm_sport_RGB_horisontal-e1734526017575.png","contentUrl":"https:\/\/vmsport.fi\/wp-content\/uploads\/2024\/12\/vm_sport_RGB_horisontal-e1734526017575.png","width":668,"height":85,"caption":"Vmsport"},"image":{"@id":"https:\/\/vmsport.fi\/#\/schema\/logo\/image\/"},"sameAs":["https:\/\/www.facebook.com\/Vmsport.fi\/","https:\/\/www.instagram.com\/vmsport\/"]}]}},"global_unique_id":"","_links":{"self":[{"href":"https:\/\/vmsport.fi\/sv\/wp-json\/wp\/v2\/product\/54261","targetHints":{"allow":["GET"]}}],"collection":[{"href":"https:\/\/vmsport.fi\/sv\/wp-json\/wp\/v2\/product"}],"about":[{"href":"https:\/\/vmsport.fi\/sv\/wp-json\/wp\/v2\/types\/product"}],"replies":[{"embeddable":true,"href":"https:\/\/vmsport.fi\/sv\/wp-json\/wp\/v2\/comments?post=54261"}],"wp:featuredmedia":[{"embeddable":true,"href":"https:\/\/vmsport.fi\/sv\/wp-json\/wp\/v2\/media\/54260"}],"wp:attachment":[{"href":"https:\/\/vmsport.fi\/sv\/wp-json\/wp\/v2\/media?parent=54261"}],"wp:term":[{"taxonomy":"product_brand","embeddable":true,"href":"https:\/\/vmsport.fi\/sv\/wp-json\/wp\/v2\/product_brand?post=54261"},{"taxonomy":"product_model","embeddable":true,"href":"https:\/\/vmsport.fi\/sv\/wp-json\/wp\/v2\/product_model?post=54261"},{"taxonomy":"product_cat","embeddable":true,"href":"https:\/\/vmsport.fi\/sv\/wp-json\/wp\/v2\/product_cat?post=54261"},{"taxonomy":"product_tag","embeddable":true,"href":"https:\/\/vmsport.fi\/sv\/wp-json\/wp\/v2\/product_tag?post=54261"},{"taxonomy":"industry_terminology","embeddable":true,"href":"https:\/\/vmsport.fi\/sv\/wp-json\/wp\/v2\/industry-terminology?post=54261"}],"curies":[{"name":"wp","href":"https:\/\/api.w.org\/{rel}","templated":true}]}}