{"id":54259,"date":"2025-03-05T23:51:32","date_gmt":"2025-03-05T21:51:32","guid":{"rendered":"https:\/\/vmsport.fi\/verkkokauppa\/Ei-luokiteltu\/stronglight-a9-st-1-threaded-black\/"},"modified":"2026-01-16T13:24:48","modified_gmt":"2026-01-16T11:24:48","slug":"stronglight-a9-st-1-gangad-svart","status":"publish","type":"product","link":"https:\/\/vmsport.fi\/sv\/verkkokauppa\/varaosat\/kiekot-ja-navat\/laakerit\/stronglight-a9-st-1-threaded-black\/","title":{"rendered":"STRONGLIGHT A9 ST 1\u2033 g\u00e4ngad svart"},"content":{"rendered":"<p>Stronglight A9 ST 1-tums g\u00e4ngat svart headset representerar h\u00f6g kvalitet, eftersom det \u00e4r utformat f\u00f6r att klara kr\u00e4vande f\u00f6rh\u00e5llanden. Denna hjulkomponent s\u00e4kerst\u00e4ller en s\u00f6ml\u00f6s k\u00f6rupplevelse tack vare dess precisionstillverkade komponenter som garanterar optimal prestanda. Det h\u00e4r headsetet kombinerar funktionalitet och h\u00e5llbarhet och ger cyklisterna en l\u00e5ng livsl\u00e4ngd. Den eleganta svarta f\u00e4rgen ger ett modernt utseende, vilket g\u00f6r det till ett utm\u00e4rkt val f\u00f6r olika typer av cyklar och bidrar till elegansen i din cykeltur.<\/p>","protected":false},"excerpt":{"rendered":"<p>Stronglight A9 ST 1 tuuman kierteellinen musta headset edustaa korkeaa laatua, sill\u00e4 se on suunniteltu kest\u00e4m\u00e4\u00e4n vaativissa olosuhteissa. T\u00e4m\u00e4 py\u00f6r\u00e4n osa varmistaa saumattoman ajokokemuksen tarkasti valmistettujen komponenttiensa ansiosta, jotka takaavat optimaalisen toimivuuden. K\u00e4yt\u00e4nn\u00f6llisyys ja kest\u00e4vyys yhdistyv\u00e4t t\u00e4ss\u00e4 headsetiss\u00e4, joten py\u00f6r\u00e4ilij\u00e4t voivat luottaa sen pitk\u00e4ik\u00e4isyyteen. Sen tyylik\u00e4s musta v\u00e4ri antaa modernin ilmeen, mik\u00e4 tekee siit\u00e4 erinomaisen [&#8230;]<\/p>\n<p><a class=\"btn btn-secondary understrap-read-more-link\" href=\"https:\/\/vmsport.fi\/sv\/verkkokauppa\/varaosat\/kiekot-ja-navat\/laakerit\/stronglight-a9-st-1-threaded-black\/\">L\u00e4s mer \u2026<span class=\"screen-reader-text\"> from STRONGLIGHT A9 ST 1&#8243; Threaded Black<\/span><\/a><\/p>\n","protected":false},"featured_media":54258,"comment_status":"open","ping_status":"closed","template":"","meta":{"_acf_changed":false,"_improvement_type_select":"improve_an_existing","_thumb_yes_seoaic":false,"_frame_yes_seoaic":false,"seoaic_generate_description":"","seoaic_improve_instructions_prompt":"","seoaic_rollback_content_improvement":"","seoaic_idea_thumbnail_generator":"","thumbnail_generated":false,"thumbnail_generate_prompt":"","seoaic_article_description":"","_supplier_stock_quantity":0},"product_brand":[],"product_model":[],"product_cat":[9464],"product_tag":[],"industry-terminology":[],"class_list":{"0":"post-54259","1":"product","2":"type-product","3":"status-publish","4":"has-post-thumbnail","6":"product_cat-laakerit","8":"first","9":"outofstock","10":"taxable","11":"shipping-taxable","12":"product-type-simple"},"acf":{"bike_features":null,"overview":{"copy_overview":null,"key_features":null,"statement":"","youtube_url":""}},"yoast_head":"<!-- This site is optimized with the Yoast SEO plugin v27.3 - https:\/\/yoast.com\/product\/yoast-seo-wordpress\/ -->\n<title>STRONGLIGHT A9 ST 1&quot; Threaded Black - VM Sport<\/title>\n<meta name=\"robots\" content=\"index, follow, max-snippet:-1, max-image-preview:large, max-video-preview:-1\" \/>\n<link rel=\"canonical\" href=\"https:\/\/vmsport.fi\/sv\/webbutik\/reservdelar\/skivor-och-nav\/lager\/stronglight-a9-st-1-gangad-svart\/\" \/>\n<meta property=\"og:locale\" content=\"sv_SE\" \/>\n<meta property=\"og:type\" content=\"article\" \/>\n<meta property=\"og:title\" content=\"STRONGLIGHT A9 ST 1&quot; Threaded Black - VM Sport\" \/>\n<meta property=\"og:description\" content=\"Stronglight A9 ST 1 tuuman kierteellinen musta headset edustaa korkeaa laatua, sill\u00e4 se on suunniteltu kest\u00e4m\u00e4\u00e4n vaativissa olosuhteissa. T\u00e4m\u00e4 py\u00f6r\u00e4n osa varmistaa saumattoman ajokokemuksen tarkasti valmistettujen komponenttiensa ansiosta, jotka takaavat optimaalisen toimivuuden. K\u00e4yt\u00e4nn\u00f6llisyys ja kest\u00e4vyys yhdistyv\u00e4t t\u00e4ss\u00e4 headsetiss\u00e4, joten py\u00f6r\u00e4ilij\u00e4t voivat luottaa sen pitk\u00e4ik\u00e4isyyteen. Sen tyylik\u00e4s musta v\u00e4ri antaa modernin ilmeen, mik\u00e4 tekee siit\u00e4 erinomaisen [...]L\u00e4s mer \u2026 from STRONGLIGHT A9 ST 1&#8243; Threaded Black\" \/>\n<meta property=\"og:url\" content=\"https:\/\/vmsport.fi\/sv\/webbutik\/reservdelar\/skivor-och-nav\/lager\/stronglight-a9-st-1-gangad-svart\/\" \/>\n<meta property=\"og:site_name\" content=\"VM Sport\" \/>\n<meta property=\"article:publisher\" content=\"https:\/\/www.facebook.com\/Vmsport.fi\/\" \/>\n<meta property=\"article:modified_time\" content=\"2026-01-16T11:24:48+00:00\" \/>\n<meta property=\"og:image\" content=\"https:\/\/vmsport.fi\/wp-content\/uploads\/2025\/03\/7eLCer2QHPtWugABLZYJsLLt7dTZqMbOgtzlcpLzU45bXI8AZT-1.jpg\" \/>\n\t<meta property=\"og:image:width\" content=\"600\" \/>\n\t<meta property=\"og:image:height\" content=\"450\" \/>\n\t<meta property=\"og:image:type\" content=\"image\/jpeg\" \/>\n<meta name=\"twitter:card\" content=\"summary_large_image\" \/>\n<script type=\"application\/ld+json\" class=\"yoast-schema-graph\">{\"@context\":\"https:\\\/\\\/schema.org\",\"@graph\":[{\"@type\":[\"WebPage\",\"ItemPage\"],\"@id\":\"https:\\\/\\\/vmsport.fi\\\/verkkokauppa\\\/varaosat\\\/kiekot-ja-navat\\\/laakerit\\\/stronglight-a9-st-1-threaded-black\\\/\",\"url\":\"https:\\\/\\\/vmsport.fi\\\/verkkokauppa\\\/varaosat\\\/kiekot-ja-navat\\\/laakerit\\\/stronglight-a9-st-1-threaded-black\\\/\",\"name\":\"STRONGLIGHT A9 ST 1\\\" Threaded Black - VM Sport\",\"isPartOf\":{\"@id\":\"https:\\\/\\\/vmsport.fi\\\/#website\"},\"primaryImageOfPage\":{\"@id\":\"https:\\\/\\\/vmsport.fi\\\/verkkokauppa\\\/varaosat\\\/kiekot-ja-navat\\\/laakerit\\\/stronglight-a9-st-1-threaded-black\\\/#primaryimage\"},\"image\":{\"@id\":\"https:\\\/\\\/vmsport.fi\\\/verkkokauppa\\\/varaosat\\\/kiekot-ja-navat\\\/laakerit\\\/stronglight-a9-st-1-threaded-black\\\/#primaryimage\"},\"thumbnailUrl\":\"https:\\\/\\\/vmsport.fi\\\/wp-content\\\/uploads\\\/2025\\\/03\\\/7eLCer2QHPtWugABLZYJsLLt7dTZqMbOgtzlcpLzU45bXI8AZT-1.jpg\",\"datePublished\":\"2025-03-05T21:51:32+00:00\",\"dateModified\":\"2026-01-16T11:24:48+00:00\",\"breadcrumb\":{\"@id\":\"https:\\\/\\\/vmsport.fi\\\/verkkokauppa\\\/varaosat\\\/kiekot-ja-navat\\\/laakerit\\\/stronglight-a9-st-1-threaded-black\\\/#breadcrumb\"},\"inLanguage\":\"sv-SE\",\"potentialAction\":[{\"@type\":\"ReadAction\",\"target\":[\"https:\\\/\\\/vmsport.fi\\\/verkkokauppa\\\/varaosat\\\/kiekot-ja-navat\\\/laakerit\\\/stronglight-a9-st-1-threaded-black\\\/\"]}]},{\"@type\":\"ImageObject\",\"inLanguage\":\"sv-SE\",\"@id\":\"https:\\\/\\\/vmsport.fi\\\/verkkokauppa\\\/varaosat\\\/kiekot-ja-navat\\\/laakerit\\\/stronglight-a9-st-1-threaded-black\\\/#primaryimage\",\"url\":\"https:\\\/\\\/vmsport.fi\\\/wp-content\\\/uploads\\\/2025\\\/03\\\/7eLCer2QHPtWugABLZYJsLLt7dTZqMbOgtzlcpLzU45bXI8AZT-1.jpg\",\"contentUrl\":\"https:\\\/\\\/vmsport.fi\\\/wp-content\\\/uploads\\\/2025\\\/03\\\/7eLCer2QHPtWugABLZYJsLLt7dTZqMbOgtzlcpLzU45bXI8AZT-1.jpg\",\"width\":600,\"height\":450,\"caption\":\"7eLCer2QHPtWugABLZYJsLLt7dTZqMbOgtzlcpLzU45bXI8AZT\"},{\"@type\":\"BreadcrumbList\",\"@id\":\"https:\\\/\\\/vmsport.fi\\\/verkkokauppa\\\/varaosat\\\/kiekot-ja-navat\\\/laakerit\\\/stronglight-a9-st-1-threaded-black\\\/#breadcrumb\",\"itemListElement\":[{\"@type\":\"ListItem\",\"position\":1,\"name\":\"Etusivu\",\"item\":\"https:\\\/\\\/vmsport.fi\\\/\"},{\"@type\":\"ListItem\",\"position\":2,\"name\":\"Online Store\",\"item\":\"https:\\\/\\\/vmsport.fi\\\/en\\\/online-store\\\/\"},{\"@type\":\"ListItem\",\"position\":3,\"name\":\"STRONGLIGHT A9 ST 1&#8243; Threaded Black\"}]},{\"@type\":\"WebSite\",\"@id\":\"https:\\\/\\\/vmsport.fi\\\/#website\",\"url\":\"https:\\\/\\\/vmsport.fi\\\/\",\"name\":\"Vmsport\",\"description\":\"Kaikki py\u00f6r\u00e4ilyyn yhdest\u00e4 paikasta\",\"publisher\":{\"@id\":\"https:\\\/\\\/vmsport.fi\\\/#organization\"},\"potentialAction\":[{\"@type\":\"SearchAction\",\"target\":{\"@type\":\"EntryPoint\",\"urlTemplate\":\"https:\\\/\\\/vmsport.fi\\\/?s={search_term_string}\"},\"query-input\":{\"@type\":\"PropertyValueSpecification\",\"valueRequired\":true,\"valueName\":\"search_term_string\"}}],\"inLanguage\":\"sv-SE\"},{\"@type\":\"Organization\",\"@id\":\"https:\\\/\\\/vmsport.fi\\\/#organization\",\"name\":\"Vmsport\",\"url\":\"https:\\\/\\\/vmsport.fi\\\/\",\"logo\":{\"@type\":\"ImageObject\",\"inLanguage\":\"sv-SE\",\"@id\":\"https:\\\/\\\/vmsport.fi\\\/#\\\/schema\\\/logo\\\/image\\\/\",\"url\":\"https:\\\/\\\/vmsport.fi\\\/wp-content\\\/uploads\\\/2024\\\/12\\\/vm_sport_RGB_horisontal-e1734526017575.png\",\"contentUrl\":\"https:\\\/\\\/vmsport.fi\\\/wp-content\\\/uploads\\\/2024\\\/12\\\/vm_sport_RGB_horisontal-e1734526017575.png\",\"width\":668,\"height\":85,\"caption\":\"Vmsport\"},\"image\":{\"@id\":\"https:\\\/\\\/vmsport.fi\\\/#\\\/schema\\\/logo\\\/image\\\/\"},\"sameAs\":[\"https:\\\/\\\/www.facebook.com\\\/Vmsport.fi\\\/\",\"https:\\\/\\\/www.instagram.com\\\/vmsport\\\/\"]}]}<\/script>\n<!-- \/ Yoast SEO plugin. -->","yoast_head_json":{"title":"STRONGLIGHT A9 ST 1\" g\u00e4ngad svart - VM Sport","robots":{"index":"index","follow":"follow","max-snippet":"max-snippet:-1","max-image-preview":"max-image-preview:large","max-video-preview":"max-video-preview:-1"},"canonical":"https:\/\/vmsport.fi\/sv\/webbutik\/reservdelar\/skivor-och-nav\/lager\/stronglight-a9-st-1-gangad-svart\/","og_locale":"sv_SE","og_type":"article","og_title":"STRONGLIGHT A9 ST 1\" Threaded Black - VM Sport","og_description":"Stronglight A9 ST 1 tuuman kierteellinen musta headset edustaa korkeaa laatua, sill\u00e4 se on suunniteltu kest\u00e4m\u00e4\u00e4n vaativissa olosuhteissa. T\u00e4m\u00e4 py\u00f6r\u00e4n osa varmistaa saumattoman ajokokemuksen tarkasti valmistettujen komponenttiensa ansiosta, jotka takaavat optimaalisen toimivuuden. K\u00e4yt\u00e4nn\u00f6llisyys ja kest\u00e4vyys yhdistyv\u00e4t t\u00e4ss\u00e4 headsetiss\u00e4, joten py\u00f6r\u00e4ilij\u00e4t voivat luottaa sen pitk\u00e4ik\u00e4isyyteen. Sen tyylik\u00e4s musta v\u00e4ri antaa modernin ilmeen, mik\u00e4 tekee siit\u00e4 erinomaisen [...]L\u00e4s mer \u2026 from STRONGLIGHT A9 ST 1&#8243; Threaded Black","og_url":"https:\/\/vmsport.fi\/sv\/webbutik\/reservdelar\/skivor-och-nav\/lager\/stronglight-a9-st-1-gangad-svart\/","og_site_name":"VM Sport","article_publisher":"https:\/\/www.facebook.com\/Vmsport.fi\/","article_modified_time":"2026-01-16T11:24:48+00:00","og_image":[{"width":600,"height":450,"url":"https:\/\/vmsport.fi\/wp-content\/uploads\/2025\/03\/7eLCer2QHPtWugABLZYJsLLt7dTZqMbOgtzlcpLzU45bXI8AZT-1.jpg","type":"image\/jpeg"}],"twitter_card":"summary_large_image","schema":{"@context":"https:\/\/schema.org","@graph":[{"@type":["WebPage","ItemPage"],"@id":"https:\/\/vmsport.fi\/verkkokauppa\/varaosat\/kiekot-ja-navat\/laakerit\/stronglight-a9-st-1-threaded-black\/","url":"https:\/\/vmsport.fi\/verkkokauppa\/varaosat\/kiekot-ja-navat\/laakerit\/stronglight-a9-st-1-threaded-black\/","name":"STRONGLIGHT A9 ST 1\" g\u00e4ngad svart - VM Sport","isPartOf":{"@id":"https:\/\/vmsport.fi\/#website"},"primaryImageOfPage":{"@id":"https:\/\/vmsport.fi\/verkkokauppa\/varaosat\/kiekot-ja-navat\/laakerit\/stronglight-a9-st-1-threaded-black\/#primaryimage"},"image":{"@id":"https:\/\/vmsport.fi\/verkkokauppa\/varaosat\/kiekot-ja-navat\/laakerit\/stronglight-a9-st-1-threaded-black\/#primaryimage"},"thumbnailUrl":"https:\/\/vmsport.fi\/wp-content\/uploads\/2025\/03\/7eLCer2QHPtWugABLZYJsLLt7dTZqMbOgtzlcpLzU45bXI8AZT-1.jpg","datePublished":"2025-03-05T21:51:32+00:00","dateModified":"2026-01-16T11:24:48+00:00","breadcrumb":{"@id":"https:\/\/vmsport.fi\/verkkokauppa\/varaosat\/kiekot-ja-navat\/laakerit\/stronglight-a9-st-1-threaded-black\/#breadcrumb"},"inLanguage":"sv-SE","potentialAction":[{"@type":"ReadAction","target":["https:\/\/vmsport.fi\/verkkokauppa\/varaosat\/kiekot-ja-navat\/laakerit\/stronglight-a9-st-1-threaded-black\/"]}]},{"@type":"ImageObject","inLanguage":"sv-SE","@id":"https:\/\/vmsport.fi\/verkkokauppa\/varaosat\/kiekot-ja-navat\/laakerit\/stronglight-a9-st-1-threaded-black\/#primaryimage","url":"https:\/\/vmsport.fi\/wp-content\/uploads\/2025\/03\/7eLCer2QHPtWugABLZYJsLLt7dTZqMbOgtzlcpLzU45bXI8AZT-1.jpg","contentUrl":"https:\/\/vmsport.fi\/wp-content\/uploads\/2025\/03\/7eLCer2QHPtWugABLZYJsLLt7dTZqMbOgtzlcpLzU45bXI8AZT-1.jpg","width":600,"height":450,"caption":"7eLCer2QHPtWugABLZYJsLLt7dTZqMbOgtzlcpLzU45bXI8AZT"},{"@type":"BreadcrumbList","@id":"https:\/\/vmsport.fi\/verkkokauppa\/varaosat\/kiekot-ja-navat\/laakerit\/stronglight-a9-st-1-threaded-black\/#breadcrumb","itemListElement":[{"@type":"ListItem","position":1,"name":"Etusivu","item":"https:\/\/vmsport.fi\/"},{"@type":"ListItem","position":2,"name":"Online Store","item":"https:\/\/vmsport.fi\/en\/online-store\/"},{"@type":"ListItem","position":3,"name":"STRONGLIGHT A9 ST 1&#8243; Threaded Black"}]},{"@type":"WebSite","@id":"https:\/\/vmsport.fi\/#website","url":"https:\/\/vmsport.fi\/","name":"Vmsport","description":"Allt p\u00e5 ett st\u00e4lle f\u00f6r cykling","publisher":{"@id":"https:\/\/vmsport.fi\/#organization"},"potentialAction":[{"@type":"SearchAction","target":{"@type":"EntryPoint","urlTemplate":"https:\/\/vmsport.fi\/?s={search_term_string}"},"query-input":{"@type":"PropertyValueSpecification","valueRequired":true,"valueName":"search_term_string"}}],"inLanguage":"sv-SE"},{"@type":"Organization","@id":"https:\/\/vmsport.fi\/#organization","name":"Vmsport","url":"https:\/\/vmsport.fi\/","logo":{"@type":"ImageObject","inLanguage":"sv-SE","@id":"https:\/\/vmsport.fi\/#\/schema\/logo\/image\/","url":"https:\/\/vmsport.fi\/wp-content\/uploads\/2024\/12\/vm_sport_RGB_horisontal-e1734526017575.png","contentUrl":"https:\/\/vmsport.fi\/wp-content\/uploads\/2024\/12\/vm_sport_RGB_horisontal-e1734526017575.png","width":668,"height":85,"caption":"Vmsport"},"image":{"@id":"https:\/\/vmsport.fi\/#\/schema\/logo\/image\/"},"sameAs":["https:\/\/www.facebook.com\/Vmsport.fi\/","https:\/\/www.instagram.com\/vmsport\/"]}]}},"global_unique_id":"","_links":{"self":[{"href":"https:\/\/vmsport.fi\/sv\/wp-json\/wp\/v2\/product\/54259","targetHints":{"allow":["GET"]}}],"collection":[{"href":"https:\/\/vmsport.fi\/sv\/wp-json\/wp\/v2\/product"}],"about":[{"href":"https:\/\/vmsport.fi\/sv\/wp-json\/wp\/v2\/types\/product"}],"replies":[{"embeddable":true,"href":"https:\/\/vmsport.fi\/sv\/wp-json\/wp\/v2\/comments?post=54259"}],"wp:featuredmedia":[{"embeddable":true,"href":"https:\/\/vmsport.fi\/sv\/wp-json\/wp\/v2\/media\/54258"}],"wp:attachment":[{"href":"https:\/\/vmsport.fi\/sv\/wp-json\/wp\/v2\/media?parent=54259"}],"wp:term":[{"taxonomy":"product_brand","embeddable":true,"href":"https:\/\/vmsport.fi\/sv\/wp-json\/wp\/v2\/product_brand?post=54259"},{"taxonomy":"product_model","embeddable":true,"href":"https:\/\/vmsport.fi\/sv\/wp-json\/wp\/v2\/product_model?post=54259"},{"taxonomy":"product_cat","embeddable":true,"href":"https:\/\/vmsport.fi\/sv\/wp-json\/wp\/v2\/product_cat?post=54259"},{"taxonomy":"product_tag","embeddable":true,"href":"https:\/\/vmsport.fi\/sv\/wp-json\/wp\/v2\/product_tag?post=54259"},{"taxonomy":"industry_terminology","embeddable":true,"href":"https:\/\/vmsport.fi\/sv\/wp-json\/wp\/v2\/industry-terminology?post=54259"}],"curies":[{"name":"wp","href":"https:\/\/api.w.org\/{rel}","templated":true}]}}