{"id":54254,"date":"2025-03-05T23:51:30","date_gmt":"2025-03-05T21:51:30","guid":{"rendered":"https:\/\/vmsport.fi\/verkkokauppa\/Ei-luokiteltu\/xlc-bb-c02-6802-2rs-15x24x5-mm\/"},"modified":"2026-01-16T13:25:37","modified_gmt":"2026-01-16T11:25:37","slug":"xlc-bb-c02-6802-2rs-15x24x5-mm","status":"publish","type":"product","link":"https:\/\/vmsport.fi\/sv\/verkkokauppa\/varaosat\/kiekot-ja-navat\/laakerit\/xlc-bb-c02-6802-2rs-15x24x5-mm\/","title":{"rendered":"XLC BB-C02 6802 2RS 15x24x5 mm"},"content":{"rendered":"<p>XLC BB-C02 6802 2RS -kuulalaakeri on erinomainen valinta sovelluksiin, joissa tarvitaan korkeita nopeuksia. Sen yksirivinen syv\u00e4urainen rakenne tarjoaa monipuolisuutta ja luotettavuutta. Synteettiset kumitiivisteet molemmin puolin est\u00e4v\u00e4t lian ja ep\u00e4puhtauksien p\u00e4\u00e4syn laakerin sis\u00e4\u00e4n ja s\u00e4ilytt\u00e4v\u00e4t voiteluaineen tehokkaasti. Ter\u00e4ksinen laakeri kest\u00e4\u00e4 suuria kuormia ja takaa pitk\u00e4ik\u00e4isen suorituskyvyn. Laakerin mitat ovat 15 mm sis\u00e4halkaisija, 24 mm ulkohalkaisija ja 5 mm leveys, mik\u00e4 tekee siit\u00e4 optimaalisen vaihtoehdon tilanteisiin, joissa sis\u00e4rengas py\u00f6rii. T\u00e4m\u00e4 laakeri kest\u00e4\u00e4 hyvin s\u00e4teitt\u00e4isi\u00e4 kuormia, vaatii vain v\u00e4h\u00e4ist\u00e4 yll\u00e4pitoa ja toimii luotettavasti erilaisissa olosuhteissa.<\/p>","protected":false},"excerpt":{"rendered":"<p>XLC BB-C02 6802 2RS -kuulalaakeri on erinomainen valinta sovelluksiin, joissa tarvitaan korkeita nopeuksia. Sen yksirivinen syv\u00e4urainen rakenne tarjoaa monipuolisuutta ja luotettavuutta. Synteettiset kumitiivisteet molemmin puolin est\u00e4v\u00e4t lian ja ep\u00e4puhtauksien p\u00e4\u00e4syn laakerin sis\u00e4\u00e4n ja s\u00e4ilytt\u00e4v\u00e4t voiteluaineen tehokkaasti. Ter\u00e4ksinen laakeri kest\u00e4\u00e4 suuria kuormia ja takaa pitk\u00e4ik\u00e4isen suorituskyvyn. Laakerin mitat ovat 15 mm sis\u00e4halkaisija, 24 mm ulkohalkaisija ja [&#8230;]<\/p>\n<p><a class=\"btn btn-secondary understrap-read-more-link\" href=\"https:\/\/vmsport.fi\/sv\/verkkokauppa\/varaosat\/kiekot-ja-navat\/laakerit\/xlc-bb-c02-6802-2rs-15x24x5-mm\/\">L\u00e4s mer \u2026<span class=\"screen-reader-text\"> from XLC BB-C02 6802 2RS 15x24x5 mm<\/span><\/a><\/p>\n","protected":false},"featured_media":54253,"comment_status":"open","ping_status":"closed","template":"","meta":{"_acf_changed":false,"_improvement_type_select":"improve_an_existing","_thumb_yes_seoaic":false,"_frame_yes_seoaic":false,"seoaic_generate_description":"","seoaic_improve_instructions_prompt":"","seoaic_rollback_content_improvement":"","seoaic_idea_thumbnail_generator":"","thumbnail_generated":false,"thumbnail_generate_prompt":"","seoaic_article_description":"","_supplier_stock_quantity":0},"product_brand":[],"product_model":[],"product_cat":[9464],"product_tag":[],"industry-terminology":[],"class_list":{"0":"post-54254","1":"product","2":"type-product","3":"status-publish","4":"has-post-thumbnail","6":"product_cat-laakerit","8":"first","9":"outofstock","10":"taxable","11":"shipping-taxable","12":"product-type-simple"},"acf":{"bike_features":null,"overview":{"copy_overview":null,"key_features":null,"statement":"","youtube_url":""}},"yoast_head":"<!-- This site is optimized with the Yoast SEO plugin v27.3 - https:\/\/yoast.com\/product\/yoast-seo-wordpress\/ -->\n<title>XLC BB-C02 6802 2RS 15x24x5 mm - VM Sport<\/title>\n<meta name=\"robots\" content=\"index, follow, max-snippet:-1, max-image-preview:large, max-video-preview:-1\" \/>\n<link rel=\"canonical\" href=\"https:\/\/vmsport.fi\/sv\/webbutik\/reservdelar\/skivor-och-nav\/lager\/xlc-bb-c02-6802-2rs-15x24x5-mm\/\" \/>\n<meta property=\"og:locale\" content=\"sv_SE\" \/>\n<meta property=\"og:type\" content=\"article\" \/>\n<meta property=\"og:title\" content=\"XLC BB-C02 6802 2RS 15x24x5 mm - VM Sport\" \/>\n<meta property=\"og:description\" content=\"XLC BB-C02 6802 2RS -kuulalaakeri on erinomainen valinta sovelluksiin, joissa tarvitaan korkeita nopeuksia. Sen yksirivinen syv\u00e4urainen rakenne tarjoaa monipuolisuutta ja luotettavuutta. Synteettiset kumitiivisteet molemmin puolin est\u00e4v\u00e4t lian ja ep\u00e4puhtauksien p\u00e4\u00e4syn laakerin sis\u00e4\u00e4n ja s\u00e4ilytt\u00e4v\u00e4t voiteluaineen tehokkaasti. Ter\u00e4ksinen laakeri kest\u00e4\u00e4 suuria kuormia ja takaa pitk\u00e4ik\u00e4isen suorituskyvyn. Laakerin mitat ovat 15 mm sis\u00e4halkaisija, 24 mm ulkohalkaisija ja [...]L\u00e4s mer \u2026 from XLC BB-C02 6802 2RS 15x24x5 mm\" \/>\n<meta property=\"og:url\" content=\"https:\/\/vmsport.fi\/sv\/webbutik\/reservdelar\/skivor-och-nav\/lager\/xlc-bb-c02-6802-2rs-15x24x5-mm\/\" \/>\n<meta property=\"og:site_name\" content=\"VM Sport\" \/>\n<meta property=\"article:publisher\" content=\"https:\/\/www.facebook.com\/Vmsport.fi\/\" \/>\n<meta property=\"article:modified_time\" content=\"2026-01-16T11:25:37+00:00\" \/>\n<meta property=\"og:image\" content=\"https:\/\/vmsport.fi\/wp-content\/uploads\/2025\/03\/2017119-2-1.jpg\" \/>\n\t<meta property=\"og:image:width\" content=\"1000\" \/>\n\t<meta property=\"og:image:height\" content=\"750\" \/>\n\t<meta property=\"og:image:type\" content=\"image\/jpeg\" \/>\n<meta name=\"twitter:card\" content=\"summary_large_image\" \/>\n<script type=\"application\/ld+json\" class=\"yoast-schema-graph\">{\"@context\":\"https:\\\/\\\/schema.org\",\"@graph\":[{\"@type\":[\"WebPage\",\"ItemPage\"],\"@id\":\"https:\\\/\\\/vmsport.fi\\\/verkkokauppa\\\/varaosat\\\/kiekot-ja-navat\\\/laakerit\\\/xlc-bb-c02-6802-2rs-15x24x5-mm\\\/\",\"url\":\"https:\\\/\\\/vmsport.fi\\\/verkkokauppa\\\/varaosat\\\/kiekot-ja-navat\\\/laakerit\\\/xlc-bb-c02-6802-2rs-15x24x5-mm\\\/\",\"name\":\"XLC BB-C02 6802 2RS 15x24x5 mm - VM Sport\",\"isPartOf\":{\"@id\":\"https:\\\/\\\/vmsport.fi\\\/#website\"},\"primaryImageOfPage\":{\"@id\":\"https:\\\/\\\/vmsport.fi\\\/verkkokauppa\\\/varaosat\\\/kiekot-ja-navat\\\/laakerit\\\/xlc-bb-c02-6802-2rs-15x24x5-mm\\\/#primaryimage\"},\"image\":{\"@id\":\"https:\\\/\\\/vmsport.fi\\\/verkkokauppa\\\/varaosat\\\/kiekot-ja-navat\\\/laakerit\\\/xlc-bb-c02-6802-2rs-15x24x5-mm\\\/#primaryimage\"},\"thumbnailUrl\":\"https:\\\/\\\/vmsport.fi\\\/wp-content\\\/uploads\\\/2025\\\/03\\\/2017119-2-1.jpg\",\"datePublished\":\"2025-03-05T21:51:30+00:00\",\"dateModified\":\"2026-01-16T11:25:37+00:00\",\"breadcrumb\":{\"@id\":\"https:\\\/\\\/vmsport.fi\\\/verkkokauppa\\\/varaosat\\\/kiekot-ja-navat\\\/laakerit\\\/xlc-bb-c02-6802-2rs-15x24x5-mm\\\/#breadcrumb\"},\"inLanguage\":\"sv-SE\",\"potentialAction\":[{\"@type\":\"ReadAction\",\"target\":[\"https:\\\/\\\/vmsport.fi\\\/verkkokauppa\\\/varaosat\\\/kiekot-ja-navat\\\/laakerit\\\/xlc-bb-c02-6802-2rs-15x24x5-mm\\\/\"]}]},{\"@type\":\"ImageObject\",\"inLanguage\":\"sv-SE\",\"@id\":\"https:\\\/\\\/vmsport.fi\\\/verkkokauppa\\\/varaosat\\\/kiekot-ja-navat\\\/laakerit\\\/xlc-bb-c02-6802-2rs-15x24x5-mm\\\/#primaryimage\",\"url\":\"https:\\\/\\\/vmsport.fi\\\/wp-content\\\/uploads\\\/2025\\\/03\\\/2017119-2-1.jpg\",\"contentUrl\":\"https:\\\/\\\/vmsport.fi\\\/wp-content\\\/uploads\\\/2025\\\/03\\\/2017119-2-1.jpg\",\"width\":1000,\"height\":750,\"caption\":\"2017119-2\"},{\"@type\":\"BreadcrumbList\",\"@id\":\"https:\\\/\\\/vmsport.fi\\\/verkkokauppa\\\/varaosat\\\/kiekot-ja-navat\\\/laakerit\\\/xlc-bb-c02-6802-2rs-15x24x5-mm\\\/#breadcrumb\",\"itemListElement\":[{\"@type\":\"ListItem\",\"position\":1,\"name\":\"Etusivu\",\"item\":\"https:\\\/\\\/vmsport.fi\\\/\"},{\"@type\":\"ListItem\",\"position\":2,\"name\":\"Online Store\",\"item\":\"https:\\\/\\\/vmsport.fi\\\/en\\\/online-store\\\/\"},{\"@type\":\"ListItem\",\"position\":3,\"name\":\"XLC BB-C02 6802 2RS 15x24x5 mm\"}]},{\"@type\":\"WebSite\",\"@id\":\"https:\\\/\\\/vmsport.fi\\\/#website\",\"url\":\"https:\\\/\\\/vmsport.fi\\\/\",\"name\":\"Vmsport\",\"description\":\"Kaikki py\u00f6r\u00e4ilyyn yhdest\u00e4 paikasta\",\"publisher\":{\"@id\":\"https:\\\/\\\/vmsport.fi\\\/#organization\"},\"potentialAction\":[{\"@type\":\"SearchAction\",\"target\":{\"@type\":\"EntryPoint\",\"urlTemplate\":\"https:\\\/\\\/vmsport.fi\\\/?s={search_term_string}\"},\"query-input\":{\"@type\":\"PropertyValueSpecification\",\"valueRequired\":true,\"valueName\":\"search_term_string\"}}],\"inLanguage\":\"sv-SE\"},{\"@type\":\"Organization\",\"@id\":\"https:\\\/\\\/vmsport.fi\\\/#organization\",\"name\":\"Vmsport\",\"url\":\"https:\\\/\\\/vmsport.fi\\\/\",\"logo\":{\"@type\":\"ImageObject\",\"inLanguage\":\"sv-SE\",\"@id\":\"https:\\\/\\\/vmsport.fi\\\/#\\\/schema\\\/logo\\\/image\\\/\",\"url\":\"https:\\\/\\\/vmsport.fi\\\/wp-content\\\/uploads\\\/2024\\\/12\\\/vm_sport_RGB_horisontal-e1734526017575.png\",\"contentUrl\":\"https:\\\/\\\/vmsport.fi\\\/wp-content\\\/uploads\\\/2024\\\/12\\\/vm_sport_RGB_horisontal-e1734526017575.png\",\"width\":668,\"height\":85,\"caption\":\"Vmsport\"},\"image\":{\"@id\":\"https:\\\/\\\/vmsport.fi\\\/#\\\/schema\\\/logo\\\/image\\\/\"},\"sameAs\":[\"https:\\\/\\\/www.facebook.com\\\/Vmsport.fi\\\/\",\"https:\\\/\\\/www.instagram.com\\\/vmsport\\\/\"]}]}<\/script>\n<!-- \/ Yoast SEO plugin. -->","yoast_head_json":{"title":"XLC BB-C02 6802 2RS 15x24x5 mm - VM Sport","robots":{"index":"index","follow":"follow","max-snippet":"max-snippet:-1","max-image-preview":"max-image-preview:large","max-video-preview":"max-video-preview:-1"},"canonical":"https:\/\/vmsport.fi\/sv\/webbutik\/reservdelar\/skivor-och-nav\/lager\/xlc-bb-c02-6802-2rs-15x24x5-mm\/","og_locale":"sv_SE","og_type":"article","og_title":"XLC BB-C02 6802 2RS 15x24x5 mm - VM Sport","og_description":"XLC BB-C02 6802 2RS -kuulalaakeri on erinomainen valinta sovelluksiin, joissa tarvitaan korkeita nopeuksia. Sen yksirivinen syv\u00e4urainen rakenne tarjoaa monipuolisuutta ja luotettavuutta. Synteettiset kumitiivisteet molemmin puolin est\u00e4v\u00e4t lian ja ep\u00e4puhtauksien p\u00e4\u00e4syn laakerin sis\u00e4\u00e4n ja s\u00e4ilytt\u00e4v\u00e4t voiteluaineen tehokkaasti. Ter\u00e4ksinen laakeri kest\u00e4\u00e4 suuria kuormia ja takaa pitk\u00e4ik\u00e4isen suorituskyvyn. Laakerin mitat ovat 15 mm sis\u00e4halkaisija, 24 mm ulkohalkaisija ja [...]L\u00e4s mer \u2026 from XLC BB-C02 6802 2RS 15x24x5 mm","og_url":"https:\/\/vmsport.fi\/sv\/webbutik\/reservdelar\/skivor-och-nav\/lager\/xlc-bb-c02-6802-2rs-15x24x5-mm\/","og_site_name":"VM Sport","article_publisher":"https:\/\/www.facebook.com\/Vmsport.fi\/","article_modified_time":"2026-01-16T11:25:37+00:00","og_image":[{"width":1000,"height":750,"url":"https:\/\/vmsport.fi\/wp-content\/uploads\/2025\/03\/2017119-2-1.jpg","type":"image\/jpeg"}],"twitter_card":"summary_large_image","schema":{"@context":"https:\/\/schema.org","@graph":[{"@type":["WebPage","ItemPage"],"@id":"https:\/\/vmsport.fi\/verkkokauppa\/varaosat\/kiekot-ja-navat\/laakerit\/xlc-bb-c02-6802-2rs-15x24x5-mm\/","url":"https:\/\/vmsport.fi\/verkkokauppa\/varaosat\/kiekot-ja-navat\/laakerit\/xlc-bb-c02-6802-2rs-15x24x5-mm\/","name":"XLC BB-C02 6802 2RS 15x24x5 mm - VM Sport","isPartOf":{"@id":"https:\/\/vmsport.fi\/#website"},"primaryImageOfPage":{"@id":"https:\/\/vmsport.fi\/verkkokauppa\/varaosat\/kiekot-ja-navat\/laakerit\/xlc-bb-c02-6802-2rs-15x24x5-mm\/#primaryimage"},"image":{"@id":"https:\/\/vmsport.fi\/verkkokauppa\/varaosat\/kiekot-ja-navat\/laakerit\/xlc-bb-c02-6802-2rs-15x24x5-mm\/#primaryimage"},"thumbnailUrl":"https:\/\/vmsport.fi\/wp-content\/uploads\/2025\/03\/2017119-2-1.jpg","datePublished":"2025-03-05T21:51:30+00:00","dateModified":"2026-01-16T11:25:37+00:00","breadcrumb":{"@id":"https:\/\/vmsport.fi\/verkkokauppa\/varaosat\/kiekot-ja-navat\/laakerit\/xlc-bb-c02-6802-2rs-15x24x5-mm\/#breadcrumb"},"inLanguage":"sv-SE","potentialAction":[{"@type":"ReadAction","target":["https:\/\/vmsport.fi\/verkkokauppa\/varaosat\/kiekot-ja-navat\/laakerit\/xlc-bb-c02-6802-2rs-15x24x5-mm\/"]}]},{"@type":"ImageObject","inLanguage":"sv-SE","@id":"https:\/\/vmsport.fi\/verkkokauppa\/varaosat\/kiekot-ja-navat\/laakerit\/xlc-bb-c02-6802-2rs-15x24x5-mm\/#primaryimage","url":"https:\/\/vmsport.fi\/wp-content\/uploads\/2025\/03\/2017119-2-1.jpg","contentUrl":"https:\/\/vmsport.fi\/wp-content\/uploads\/2025\/03\/2017119-2-1.jpg","width":1000,"height":750,"caption":"2017119-2"},{"@type":"BreadcrumbList","@id":"https:\/\/vmsport.fi\/verkkokauppa\/varaosat\/kiekot-ja-navat\/laakerit\/xlc-bb-c02-6802-2rs-15x24x5-mm\/#breadcrumb","itemListElement":[{"@type":"ListItem","position":1,"name":"Etusivu","item":"https:\/\/vmsport.fi\/"},{"@type":"ListItem","position":2,"name":"Online Store","item":"https:\/\/vmsport.fi\/en\/online-store\/"},{"@type":"ListItem","position":3,"name":"XLC BB-C02 6802 2RS 15x24x5 mm"}]},{"@type":"WebSite","@id":"https:\/\/vmsport.fi\/#website","url":"https:\/\/vmsport.fi\/","name":"Vmsport","description":"Allt p\u00e5 ett st\u00e4lle f\u00f6r cykling","publisher":{"@id":"https:\/\/vmsport.fi\/#organization"},"potentialAction":[{"@type":"SearchAction","target":{"@type":"EntryPoint","urlTemplate":"https:\/\/vmsport.fi\/?s={search_term_string}"},"query-input":{"@type":"PropertyValueSpecification","valueRequired":true,"valueName":"search_term_string"}}],"inLanguage":"sv-SE"},{"@type":"Organization","@id":"https:\/\/vmsport.fi\/#organization","name":"Vmsport","url":"https:\/\/vmsport.fi\/","logo":{"@type":"ImageObject","inLanguage":"sv-SE","@id":"https:\/\/vmsport.fi\/#\/schema\/logo\/image\/","url":"https:\/\/vmsport.fi\/wp-content\/uploads\/2024\/12\/vm_sport_RGB_horisontal-e1734526017575.png","contentUrl":"https:\/\/vmsport.fi\/wp-content\/uploads\/2024\/12\/vm_sport_RGB_horisontal-e1734526017575.png","width":668,"height":85,"caption":"Vmsport"},"image":{"@id":"https:\/\/vmsport.fi\/#\/schema\/logo\/image\/"},"sameAs":["https:\/\/www.facebook.com\/Vmsport.fi\/","https:\/\/www.instagram.com\/vmsport\/"]}]}},"global_unique_id":"","_links":{"self":[{"href":"https:\/\/vmsport.fi\/sv\/wp-json\/wp\/v2\/product\/54254","targetHints":{"allow":["GET"]}}],"collection":[{"href":"https:\/\/vmsport.fi\/sv\/wp-json\/wp\/v2\/product"}],"about":[{"href":"https:\/\/vmsport.fi\/sv\/wp-json\/wp\/v2\/types\/product"}],"replies":[{"embeddable":true,"href":"https:\/\/vmsport.fi\/sv\/wp-json\/wp\/v2\/comments?post=54254"}],"wp:featuredmedia":[{"embeddable":true,"href":"https:\/\/vmsport.fi\/sv\/wp-json\/wp\/v2\/media\/54253"}],"wp:attachment":[{"href":"https:\/\/vmsport.fi\/sv\/wp-json\/wp\/v2\/media?parent=54254"}],"wp:term":[{"taxonomy":"product_brand","embeddable":true,"href":"https:\/\/vmsport.fi\/sv\/wp-json\/wp\/v2\/product_brand?post=54254"},{"taxonomy":"product_model","embeddable":true,"href":"https:\/\/vmsport.fi\/sv\/wp-json\/wp\/v2\/product_model?post=54254"},{"taxonomy":"product_cat","embeddable":true,"href":"https:\/\/vmsport.fi\/sv\/wp-json\/wp\/v2\/product_cat?post=54254"},{"taxonomy":"product_tag","embeddable":true,"href":"https:\/\/vmsport.fi\/sv\/wp-json\/wp\/v2\/product_tag?post=54254"},{"taxonomy":"industry_terminology","embeddable":true,"href":"https:\/\/vmsport.fi\/sv\/wp-json\/wp\/v2\/industry-terminology?post=54254"}],"curies":[{"name":"wp","href":"https:\/\/api.w.org\/{rel}","templated":true}]}}