{"id":54247,"date":"2025-03-05T23:51:27","date_gmt":"2025-03-05T21:51:27","guid":{"rendered":"https:\/\/vmsport.fi\/verkkokauppa\/Ei-luokiteltu\/xlc-to-s61-toolbox-33-pieces\/"},"modified":"2026-04-02T13:55:54","modified_gmt":"2026-04-02T10:55:54","slug":"xlc-till-s61-verktygslada-33-st","status":"publish","type":"product","link":"https:\/\/vmsport.fi\/sv\/verkkokauppa\/tarvikkeet\/tyokalut\/multitool-tyokalut\/xlc-to-s61-toolbox-33-pieces\/","title":{"rendered":"XLC TO-S61 Verktygsl\u00e5da 33 delar"},"content":{"rendered":"<p>XLC TO-S61 verktygssats inneh\u00e5ller ett omfattande paket med 33 delar f\u00f6r m\u00e5ngsidiga reparationer och g\u00f6r alla handverktyg du beh\u00f6ver l\u00e4ttillg\u00e4ngliga. Eftersom dina underh\u00e5llsbehov varierar inneh\u00e5ller satsen en m\u00e4ngd olika skiftnycklar som \u00e4r enkla att anv\u00e4nda. Den l\u00e4tta men h\u00e5llbara v\u00e4skan ser till att varje del f\u00f6rblir organiserad och l\u00e4tt att hitta n\u00e4r den beh\u00f6vs.<\/p>","protected":false},"excerpt":{"rendered":"<p>XLC TO-S61 -ty\u00f6kalusarja tarjoaa kattavan 33-osaisen paketin monipuoliseen korjaamiseen, jolloin kaikki tarvittavat k\u00e4sity\u00f6kalut ovat helposti saatavilla. Huollon tarpeiden vaihdellessa sarja sis\u00e4lt\u00e4\u00e4 erilaisia jakoavaimia, joita on vaivatonta k\u00e4ytt\u00e4\u00e4. Kevyt mutta kest\u00e4v\u00e4 kotelo varmistaa, ett\u00e4 jokainen osa pysyy j\u00e4rjestyksess\u00e4 ja l\u00f6ydett\u00e4viss\u00e4 helposti aina tarpeen tullen. [&#8230;]<\/p>\n<p><a class=\"btn btn-secondary understrap-read-more-link\" href=\"https:\/\/vmsport.fi\/sv\/verkkokauppa\/tarvikkeet\/tyokalut\/multitool-tyokalut\/xlc-to-s61-toolbox-33-pieces\/\">L\u00e4s mer \u2026<span class=\"screen-reader-text\"> from XLC TO-S61 Toolbox 33 pieces<\/span><\/a><\/p>\n","protected":false},"featured_media":54246,"comment_status":"open","ping_status":"closed","template":"","meta":{"_acf_changed":false,"_improvement_type_select":"improve_an_existing","_thumb_yes_seoaic":false,"_frame_yes_seoaic":false,"seoaic_generate_description":"","seoaic_improve_instructions_prompt":"","seoaic_rollback_content_improvement":"","seoaic_idea_thumbnail_generator":"","thumbnail_generated":false,"thumbnail_generate_prompt":"","seoaic_article_description":"","_supplier_stock_quantity":0},"product_brand":[],"product_model":[],"product_cat":[9324],"product_tag":[],"industry-terminology":[],"class_list":{"0":"post-54247","1":"product","2":"type-product","3":"status-publish","4":"has-post-thumbnail","6":"product_cat-multitool-tyokalut","8":"first","9":"instock","10":"sale","11":"taxable","12":"shipping-taxable","13":"purchasable","14":"product-type-simple"},"acf":{"bike_features":null,"overview":{"copy_overview":null,"key_features":null,"statement":"","youtube_url":""}},"yoast_head":"<!-- This site is optimized with the Yoast SEO plugin v27.3 - https:\/\/yoast.com\/product\/yoast-seo-wordpress\/ -->\n<title>XLC TO-S61 Toolbox 33 pieces - VM Sport<\/title>\n<meta name=\"robots\" content=\"index, follow, max-snippet:-1, max-image-preview:large, max-video-preview:-1\" \/>\n<link rel=\"canonical\" href=\"https:\/\/vmsport.fi\/sv\/webbutik\/tillbehor\/tyokalut\/multiverktyg-tyokalut\/xlc-till-s61-verktygslada-33-st\/\" \/>\n<meta property=\"og:locale\" content=\"sv_SE\" \/>\n<meta property=\"og:type\" content=\"article\" \/>\n<meta property=\"og:title\" content=\"XLC TO-S61 Toolbox 33 pieces - VM Sport\" \/>\n<meta property=\"og:description\" content=\"XLC TO-S61 -ty\u00f6kalusarja tarjoaa kattavan 33-osaisen paketin monipuoliseen korjaamiseen, jolloin kaikki tarvittavat k\u00e4sity\u00f6kalut ovat helposti saatavilla. Huollon tarpeiden vaihdellessa sarja sis\u00e4lt\u00e4\u00e4 erilaisia jakoavaimia, joita on vaivatonta k\u00e4ytt\u00e4\u00e4. Kevyt mutta kest\u00e4v\u00e4 kotelo varmistaa, ett\u00e4 jokainen osa pysyy j\u00e4rjestyksess\u00e4 ja l\u00f6ydett\u00e4viss\u00e4 helposti aina tarpeen tullen. [...]L\u00e4s mer \u2026 from XLC TO-S61 Toolbox 33 pieces\" \/>\n<meta property=\"og:url\" content=\"https:\/\/vmsport.fi\/sv\/webbutik\/tillbehor\/tyokalut\/multiverktyg-tyokalut\/xlc-till-s61-verktygslada-33-st\/\" \/>\n<meta property=\"og:site_name\" content=\"VM Sport\" \/>\n<meta property=\"article:publisher\" content=\"https:\/\/www.facebook.com\/Vmsport.fi\/\" \/>\n<meta property=\"article:modified_time\" content=\"2026-04-02T10:55:54+00:00\" \/>\n<meta property=\"og:image\" content=\"https:\/\/vmsport.fi\/wp-content\/uploads\/2025\/03\/fNA6j1KNPmSKWgRHj6s3ynldXg72U1PmYnKozJ8upnApNtDdUg-1.jpg\" \/>\n\t<meta property=\"og:image:width\" content=\"800\" \/>\n\t<meta property=\"og:image:height\" content=\"800\" \/>\n\t<meta property=\"og:image:type\" content=\"image\/jpeg\" \/>\n<meta name=\"twitter:card\" content=\"summary_large_image\" \/>\n<script type=\"application\/ld+json\" class=\"yoast-schema-graph\">{\"@context\":\"https:\\\/\\\/schema.org\",\"@graph\":[{\"@type\":[\"WebPage\",\"ItemPage\"],\"@id\":\"https:\\\/\\\/vmsport.fi\\\/verkkokauppa\\\/tarvikkeet\\\/tyokalut\\\/multitool-tyokalut\\\/xlc-to-s61-toolbox-33-pieces\\\/\",\"url\":\"https:\\\/\\\/vmsport.fi\\\/verkkokauppa\\\/tarvikkeet\\\/tyokalut\\\/multitool-tyokalut\\\/xlc-to-s61-toolbox-33-pieces\\\/\",\"name\":\"XLC TO-S61 Toolbox 33 pieces - VM Sport\",\"isPartOf\":{\"@id\":\"https:\\\/\\\/vmsport.fi\\\/#website\"},\"primaryImageOfPage\":{\"@id\":\"https:\\\/\\\/vmsport.fi\\\/verkkokauppa\\\/tarvikkeet\\\/tyokalut\\\/multitool-tyokalut\\\/xlc-to-s61-toolbox-33-pieces\\\/#primaryimage\"},\"image\":{\"@id\":\"https:\\\/\\\/vmsport.fi\\\/verkkokauppa\\\/tarvikkeet\\\/tyokalut\\\/multitool-tyokalut\\\/xlc-to-s61-toolbox-33-pieces\\\/#primaryimage\"},\"thumbnailUrl\":\"https:\\\/\\\/vmsport.fi\\\/wp-content\\\/uploads\\\/2025\\\/03\\\/fNA6j1KNPmSKWgRHj6s3ynldXg72U1PmYnKozJ8upnApNtDdUg-1.jpg\",\"datePublished\":\"2025-03-05T21:51:27+00:00\",\"dateModified\":\"2026-04-02T10:55:54+00:00\",\"breadcrumb\":{\"@id\":\"https:\\\/\\\/vmsport.fi\\\/verkkokauppa\\\/tarvikkeet\\\/tyokalut\\\/multitool-tyokalut\\\/xlc-to-s61-toolbox-33-pieces\\\/#breadcrumb\"},\"inLanguage\":\"sv-SE\",\"potentialAction\":[{\"@type\":\"ReadAction\",\"target\":[\"https:\\\/\\\/vmsport.fi\\\/verkkokauppa\\\/tarvikkeet\\\/tyokalut\\\/multitool-tyokalut\\\/xlc-to-s61-toolbox-33-pieces\\\/\"]}]},{\"@type\":\"ImageObject\",\"inLanguage\":\"sv-SE\",\"@id\":\"https:\\\/\\\/vmsport.fi\\\/verkkokauppa\\\/tarvikkeet\\\/tyokalut\\\/multitool-tyokalut\\\/xlc-to-s61-toolbox-33-pieces\\\/#primaryimage\",\"url\":\"https:\\\/\\\/vmsport.fi\\\/wp-content\\\/uploads\\\/2025\\\/03\\\/fNA6j1KNPmSKWgRHj6s3ynldXg72U1PmYnKozJ8upnApNtDdUg-1.jpg\",\"contentUrl\":\"https:\\\/\\\/vmsport.fi\\\/wp-content\\\/uploads\\\/2025\\\/03\\\/fNA6j1KNPmSKWgRHj6s3ynldXg72U1PmYnKozJ8upnApNtDdUg-1.jpg\",\"width\":800,\"height\":800,\"caption\":\"fNA6j1KNPmSKWgRHj6s3ynldXg72U1PmYnKozJ8upnApNtDdUg\"},{\"@type\":\"BreadcrumbList\",\"@id\":\"https:\\\/\\\/vmsport.fi\\\/verkkokauppa\\\/tarvikkeet\\\/tyokalut\\\/multitool-tyokalut\\\/xlc-to-s61-toolbox-33-pieces\\\/#breadcrumb\",\"itemListElement\":[{\"@type\":\"ListItem\",\"position\":1,\"name\":\"Etusivu\",\"item\":\"https:\\\/\\\/vmsport.fi\\\/\"},{\"@type\":\"ListItem\",\"position\":2,\"name\":\"Online Store\",\"item\":\"https:\\\/\\\/vmsport.fi\\\/en\\\/online-store\\\/\"},{\"@type\":\"ListItem\",\"position\":3,\"name\":\"XLC TO-S61 Toolbox 33 pieces\"}]},{\"@type\":\"WebSite\",\"@id\":\"https:\\\/\\\/vmsport.fi\\\/#website\",\"url\":\"https:\\\/\\\/vmsport.fi\\\/\",\"name\":\"Vmsport\",\"description\":\"Kaikki py\u00f6r\u00e4ilyyn yhdest\u00e4 paikasta\",\"publisher\":{\"@id\":\"https:\\\/\\\/vmsport.fi\\\/#organization\"},\"potentialAction\":[{\"@type\":\"SearchAction\",\"target\":{\"@type\":\"EntryPoint\",\"urlTemplate\":\"https:\\\/\\\/vmsport.fi\\\/?s={search_term_string}\"},\"query-input\":{\"@type\":\"PropertyValueSpecification\",\"valueRequired\":true,\"valueName\":\"search_term_string\"}}],\"inLanguage\":\"sv-SE\"},{\"@type\":\"Organization\",\"@id\":\"https:\\\/\\\/vmsport.fi\\\/#organization\",\"name\":\"Vmsport\",\"url\":\"https:\\\/\\\/vmsport.fi\\\/\",\"logo\":{\"@type\":\"ImageObject\",\"inLanguage\":\"sv-SE\",\"@id\":\"https:\\\/\\\/vmsport.fi\\\/#\\\/schema\\\/logo\\\/image\\\/\",\"url\":\"https:\\\/\\\/vmsport.fi\\\/wp-content\\\/uploads\\\/2024\\\/12\\\/vm_sport_RGB_horisontal-e1734526017575.png\",\"contentUrl\":\"https:\\\/\\\/vmsport.fi\\\/wp-content\\\/uploads\\\/2024\\\/12\\\/vm_sport_RGB_horisontal-e1734526017575.png\",\"width\":668,\"height\":85,\"caption\":\"Vmsport\"},\"image\":{\"@id\":\"https:\\\/\\\/vmsport.fi\\\/#\\\/schema\\\/logo\\\/image\\\/\"},\"sameAs\":[\"https:\\\/\\\/www.facebook.com\\\/Vmsport.fi\\\/\",\"https:\\\/\\\/www.instagram.com\\\/vmsport\\\/\"]}]}<\/script>\n<!-- \/ Yoast SEO plugin. -->","yoast_head_json":{"title":"XLC TO-S61 Verktygsl\u00e5da 33 delar - VM Sport","robots":{"index":"index","follow":"follow","max-snippet":"max-snippet:-1","max-image-preview":"max-image-preview:large","max-video-preview":"max-video-preview:-1"},"canonical":"https:\/\/vmsport.fi\/sv\/webbutik\/tillbehor\/tyokalut\/multiverktyg-tyokalut\/xlc-till-s61-verktygslada-33-st\/","og_locale":"sv_SE","og_type":"article","og_title":"XLC TO-S61 Toolbox 33 pieces - VM Sport","og_description":"XLC TO-S61 -ty\u00f6kalusarja tarjoaa kattavan 33-osaisen paketin monipuoliseen korjaamiseen, jolloin kaikki tarvittavat k\u00e4sity\u00f6kalut ovat helposti saatavilla. Huollon tarpeiden vaihdellessa sarja sis\u00e4lt\u00e4\u00e4 erilaisia jakoavaimia, joita on vaivatonta k\u00e4ytt\u00e4\u00e4. Kevyt mutta kest\u00e4v\u00e4 kotelo varmistaa, ett\u00e4 jokainen osa pysyy j\u00e4rjestyksess\u00e4 ja l\u00f6ydett\u00e4viss\u00e4 helposti aina tarpeen tullen. [...]L\u00e4s mer \u2026 from XLC TO-S61 Toolbox 33 pieces","og_url":"https:\/\/vmsport.fi\/sv\/webbutik\/tillbehor\/tyokalut\/multiverktyg-tyokalut\/xlc-till-s61-verktygslada-33-st\/","og_site_name":"VM Sport","article_publisher":"https:\/\/www.facebook.com\/Vmsport.fi\/","article_modified_time":"2026-04-02T10:55:54+00:00","og_image":[{"width":800,"height":800,"url":"https:\/\/vmsport.fi\/wp-content\/uploads\/2025\/03\/fNA6j1KNPmSKWgRHj6s3ynldXg72U1PmYnKozJ8upnApNtDdUg-1.jpg","type":"image\/jpeg"}],"twitter_card":"summary_large_image","schema":{"@context":"https:\/\/schema.org","@graph":[{"@type":["WebPage","ItemPage"],"@id":"https:\/\/vmsport.fi\/verkkokauppa\/tarvikkeet\/tyokalut\/multitool-tyokalut\/xlc-to-s61-toolbox-33-pieces\/","url":"https:\/\/vmsport.fi\/verkkokauppa\/tarvikkeet\/tyokalut\/multitool-tyokalut\/xlc-to-s61-toolbox-33-pieces\/","name":"XLC TO-S61 Verktygsl\u00e5da 33 delar - VM Sport","isPartOf":{"@id":"https:\/\/vmsport.fi\/#website"},"primaryImageOfPage":{"@id":"https:\/\/vmsport.fi\/verkkokauppa\/tarvikkeet\/tyokalut\/multitool-tyokalut\/xlc-to-s61-toolbox-33-pieces\/#primaryimage"},"image":{"@id":"https:\/\/vmsport.fi\/verkkokauppa\/tarvikkeet\/tyokalut\/multitool-tyokalut\/xlc-to-s61-toolbox-33-pieces\/#primaryimage"},"thumbnailUrl":"https:\/\/vmsport.fi\/wp-content\/uploads\/2025\/03\/fNA6j1KNPmSKWgRHj6s3ynldXg72U1PmYnKozJ8upnApNtDdUg-1.jpg","datePublished":"2025-03-05T21:51:27+00:00","dateModified":"2026-04-02T10:55:54+00:00","breadcrumb":{"@id":"https:\/\/vmsport.fi\/verkkokauppa\/tarvikkeet\/tyokalut\/multitool-tyokalut\/xlc-to-s61-toolbox-33-pieces\/#breadcrumb"},"inLanguage":"sv-SE","potentialAction":[{"@type":"ReadAction","target":["https:\/\/vmsport.fi\/verkkokauppa\/tarvikkeet\/tyokalut\/multitool-tyokalut\/xlc-to-s61-toolbox-33-pieces\/"]}]},{"@type":"ImageObject","inLanguage":"sv-SE","@id":"https:\/\/vmsport.fi\/verkkokauppa\/tarvikkeet\/tyokalut\/multitool-tyokalut\/xlc-to-s61-toolbox-33-pieces\/#primaryimage","url":"https:\/\/vmsport.fi\/wp-content\/uploads\/2025\/03\/fNA6j1KNPmSKWgRHj6s3ynldXg72U1PmYnKozJ8upnApNtDdUg-1.jpg","contentUrl":"https:\/\/vmsport.fi\/wp-content\/uploads\/2025\/03\/fNA6j1KNPmSKWgRHj6s3ynldXg72U1PmYnKozJ8upnApNtDdUg-1.jpg","width":800,"height":800,"caption":"fNA6j1KNPmSKWgRHj6s3ynldXg72U1PmYnKozJ8upnApNtDdUg"},{"@type":"BreadcrumbList","@id":"https:\/\/vmsport.fi\/verkkokauppa\/tarvikkeet\/tyokalut\/multitool-tyokalut\/xlc-to-s61-toolbox-33-pieces\/#breadcrumb","itemListElement":[{"@type":"ListItem","position":1,"name":"Etusivu","item":"https:\/\/vmsport.fi\/"},{"@type":"ListItem","position":2,"name":"Online Store","item":"https:\/\/vmsport.fi\/en\/online-store\/"},{"@type":"ListItem","position":3,"name":"XLC TO-S61 Toolbox 33 pieces"}]},{"@type":"WebSite","@id":"https:\/\/vmsport.fi\/#website","url":"https:\/\/vmsport.fi\/","name":"Vmsport","description":"Allt p\u00e5 ett st\u00e4lle f\u00f6r cykling","publisher":{"@id":"https:\/\/vmsport.fi\/#organization"},"potentialAction":[{"@type":"SearchAction","target":{"@type":"EntryPoint","urlTemplate":"https:\/\/vmsport.fi\/?s={search_term_string}"},"query-input":{"@type":"PropertyValueSpecification","valueRequired":true,"valueName":"search_term_string"}}],"inLanguage":"sv-SE"},{"@type":"Organization","@id":"https:\/\/vmsport.fi\/#organization","name":"Vmsport","url":"https:\/\/vmsport.fi\/","logo":{"@type":"ImageObject","inLanguage":"sv-SE","@id":"https:\/\/vmsport.fi\/#\/schema\/logo\/image\/","url":"https:\/\/vmsport.fi\/wp-content\/uploads\/2024\/12\/vm_sport_RGB_horisontal-e1734526017575.png","contentUrl":"https:\/\/vmsport.fi\/wp-content\/uploads\/2024\/12\/vm_sport_RGB_horisontal-e1734526017575.png","width":668,"height":85,"caption":"Vmsport"},"image":{"@id":"https:\/\/vmsport.fi\/#\/schema\/logo\/image\/"},"sameAs":["https:\/\/www.facebook.com\/Vmsport.fi\/","https:\/\/www.instagram.com\/vmsport\/"]}]}},"global_unique_id":"","_links":{"self":[{"href":"https:\/\/vmsport.fi\/sv\/wp-json\/wp\/v2\/product\/54247","targetHints":{"allow":["GET"]}}],"collection":[{"href":"https:\/\/vmsport.fi\/sv\/wp-json\/wp\/v2\/product"}],"about":[{"href":"https:\/\/vmsport.fi\/sv\/wp-json\/wp\/v2\/types\/product"}],"replies":[{"embeddable":true,"href":"https:\/\/vmsport.fi\/sv\/wp-json\/wp\/v2\/comments?post=54247"}],"wp:featuredmedia":[{"embeddable":true,"href":"https:\/\/vmsport.fi\/sv\/wp-json\/wp\/v2\/media\/54246"}],"wp:attachment":[{"href":"https:\/\/vmsport.fi\/sv\/wp-json\/wp\/v2\/media?parent=54247"}],"wp:term":[{"taxonomy":"product_brand","embeddable":true,"href":"https:\/\/vmsport.fi\/sv\/wp-json\/wp\/v2\/product_brand?post=54247"},{"taxonomy":"product_model","embeddable":true,"href":"https:\/\/vmsport.fi\/sv\/wp-json\/wp\/v2\/product_model?post=54247"},{"taxonomy":"product_cat","embeddable":true,"href":"https:\/\/vmsport.fi\/sv\/wp-json\/wp\/v2\/product_cat?post=54247"},{"taxonomy":"product_tag","embeddable":true,"href":"https:\/\/vmsport.fi\/sv\/wp-json\/wp\/v2\/product_tag?post=54247"},{"taxonomy":"industry_terminology","embeddable":true,"href":"https:\/\/vmsport.fi\/sv\/wp-json\/wp\/v2\/industry-terminology?post=54247"}],"curies":[{"name":"wp","href":"https:\/\/api.w.org\/{rel}","templated":true}]}}