{"id":54243,"date":"2025-03-05T23:51:25","date_gmt":"2025-03-05T21:51:25","guid":{"rendered":"https:\/\/vmsport.fi\/verkkokauppa\/Ei-luokiteltu\/sram-power-pack-pg-1030-cassette-pc-1031-chain-10-speed-11-36t\/"},"modified":"2026-02-13T02:00:11","modified_gmt":"2026-02-13T00:00:11","slug":"sram-power-pack-pg-1030-kassett-pc-1031-kedja-10-vaxlar-11-36t","status":"publish","type":"product","link":"https:\/\/vmsport.fi\/sv\/verkkokauppa\/varaosat\/voimansiirto\/takarattaat\/sram-power-pack-pg-1030-cassette-pc-1031-chain-10-speed-11-36t\/","title":{"rendered":"SRAM Power Pack PG-1030 kassett\/PC-1031 kedja 10 v\u00e4xlar 11-36T"},"content":{"rendered":"<p>SRAM Power Pack PG-1030-kassetten och PC-1031-kedjesetet erbjuder enast\u00e5ende prestanda f\u00f6r ett 10-v\u00e4xlat hjulsystem och anv\u00e4nder avancerad PowerGlide II\u2122-teknik f\u00f6r att s\u00e4kerst\u00e4lla mjuka och exakta v\u00e4xlingar, s\u00e4rskilt i utmanande terr\u00e4ng. Kassetthjulsalternativet 11-36T erbjuder ett brett utbud av v\u00e4xlar och utv\u00e4xlingar, inklusive 11, 12, 14, 16, 18, 21, 26, 28, 32 och 36, vilket g\u00f6r att cyklisten kan anpassa sin cykling till olika f\u00f6rh\u00e5llanden.<\/p>\n<p>PG-1030-patronen har en h\u00e5llbar nickelpl\u00e4tering som f\u00f6rl\u00e4nger dess livsl\u00e4ngd och f\u00f6rb\u00e4ttrar dess korrosionsbest\u00e4ndighet. PC-1031-kedjan \u00e4r utformad med Powerchain-teknik f\u00f6r tillf\u00f6rlitlig och exakt kedjedrift. Den h\u00e4r produkten \u00e4r kompatibel med en m\u00e4ngd olika hjultyper, inklusive mountainbikes, landsv\u00e4gscyklar och m\u00e5nga andra modeller, vilket ger flexibilitet f\u00f6r olika hjulkonfigurationer.<\/p>","protected":false},"excerpt":{"rendered":"<p>SRAM Power Pack PG-1030 -kasetti ja PC-1031 -ketju tarjoavat erinomaisen suorituskyvyn 10-vaihteiseen py\u00f6r\u00e4j\u00e4rjestelm\u00e4\u00e4n hy\u00f6dynt\u00e4en edistynytt\u00e4 PowerGlide II\u2122 -tekniikkaa, joka varmistaa sulavan ja tarkan vaihteiden vaihtamisen erityisesti haastavissa maastoissa. Kasetin 11-36T ratasvaihtoehto tarjoaa monipuoliset v\u00e4litykset ja hammasluvut, kuten 11, 12, 14, 16, 18, 21, 26, 28, 32 ja 36, joiden avulla py\u00f6r\u00e4ilij\u00e4 voi mukauttaa ajonsa eri [&#8230;]<\/p>\n<p><a class=\"btn btn-secondary understrap-read-more-link\" href=\"https:\/\/vmsport.fi\/sv\/verkkokauppa\/varaosat\/voimansiirto\/takarattaat\/sram-power-pack-pg-1030-cassette-pc-1031-chain-10-speed-11-36t\/\">L\u00e4s mer \u2026<span class=\"screen-reader-text\"> from SRAM Power Pack PG-1030 cassette\/PC-1031 chain 10 speed 11-36T<\/span><\/a><\/p>\n","protected":false},"featured_media":54242,"comment_status":"open","ping_status":"closed","template":"","meta":{"_acf_changed":false,"_improvement_type_select":"improve_an_existing","_thumb_yes_seoaic":false,"_frame_yes_seoaic":false,"seoaic_generate_description":"","seoaic_improve_instructions_prompt":"","seoaic_rollback_content_improvement":"","seoaic_idea_thumbnail_generator":"","thumbnail_generated":false,"thumbnail_generate_prompt":"","seoaic_article_description":"","_supplier_stock_quantity":0},"product_brand":[1588],"product_model":[],"product_cat":[9348],"product_tag":[],"industry-terminology":[],"class_list":{"0":"post-54243","1":"product","2":"type-product","3":"status-publish","4":"has-post-thumbnail","6":"product_brand-sram","7":"product_cat-takarattaat","9":"first","10":"instock","11":"taxable","12":"shipping-taxable","13":"purchasable","14":"product-type-simple"},"acf":{"bike_features":null,"overview":{"copy_overview":null,"key_features":null,"statement":"","youtube_url":""}},"yoast_head":"<!-- This site is optimized with the Yoast SEO plugin v27.3 - https:\/\/yoast.com\/product\/yoast-seo-wordpress\/ -->\n<title>SRAM Power Pack PG-1030 cassette\/PC-1031 chain 10 speed 11-36T - VM Sport<\/title>\n<meta name=\"robots\" content=\"index, follow, max-snippet:-1, max-image-preview:large, max-video-preview:-1\" \/>\n<link rel=\"canonical\" href=\"https:\/\/vmsport.fi\/sv\/webbutik\/reservdelar\/transmission\/takarattaat\/sram-power-pack-pg-1030-kassett-pc-1031-kedja-10-vaxlar-11-36t\/\" \/>\n<meta property=\"og:locale\" content=\"sv_SE\" \/>\n<meta property=\"og:type\" content=\"article\" \/>\n<meta property=\"og:title\" content=\"SRAM Power Pack PG-1030 cassette\/PC-1031 chain 10 speed 11-36T - VM Sport\" \/>\n<meta property=\"og:description\" content=\"SRAM Power Pack PG-1030 -kasetti ja PC-1031 -ketju tarjoavat erinomaisen suorituskyvyn 10-vaihteiseen py\u00f6r\u00e4j\u00e4rjestelm\u00e4\u00e4n hy\u00f6dynt\u00e4en edistynytt\u00e4 PowerGlide II\u2122 -tekniikkaa, joka varmistaa sulavan ja tarkan vaihteiden vaihtamisen erityisesti haastavissa maastoissa. Kasetin 11-36T ratasvaihtoehto tarjoaa monipuoliset v\u00e4litykset ja hammasluvut, kuten 11, 12, 14, 16, 18, 21, 26, 28, 32 ja 36, joiden avulla py\u00f6r\u00e4ilij\u00e4 voi mukauttaa ajonsa eri [...]L\u00e4s mer \u2026 from SRAM Power Pack PG-1030 cassette\/PC-1031 chain 10 speed 11-36T\" \/>\n<meta property=\"og:url\" content=\"https:\/\/vmsport.fi\/sv\/webbutik\/reservdelar\/transmission\/takarattaat\/sram-power-pack-pg-1030-kassett-pc-1031-kedja-10-vaxlar-11-36t\/\" \/>\n<meta property=\"og:site_name\" content=\"VM Sport\" \/>\n<meta property=\"article:publisher\" content=\"https:\/\/www.facebook.com\/Vmsport.fi\/\" \/>\n<meta property=\"article:modified_time\" content=\"2026-02-13T00:00:11+00:00\" \/>\n<meta property=\"og:image\" content=\"https:\/\/vmsport.fi\/wp-content\/uploads\/2025\/03\/fnv8l7UB7jYYo3Dy7s1KiF3a6LjLuRPpNCi9yS9ihf3byU1EML-1.jpg\" \/>\n\t<meta property=\"og:image:width\" content=\"600\" \/>\n\t<meta property=\"og:image:height\" content=\"450\" \/>\n\t<meta property=\"og:image:type\" content=\"image\/jpeg\" \/>\n<meta name=\"twitter:card\" content=\"summary_large_image\" \/>\n<meta name=\"twitter:label1\" content=\"Ber\u00e4knad l\u00e4stid\" \/>\n\t<meta name=\"twitter:data1\" content=\"1 minut\" \/>\n<script type=\"application\/ld+json\" class=\"yoast-schema-graph\">{\"@context\":\"https:\\\/\\\/schema.org\",\"@graph\":[{\"@type\":[\"WebPage\",\"ItemPage\"],\"@id\":\"https:\\\/\\\/vmsport.fi\\\/verkkokauppa\\\/varaosat\\\/voimansiirto\\\/takarattaat\\\/sram-power-pack-pg-1030-cassette-pc-1031-chain-10-speed-11-36t\\\/\",\"url\":\"https:\\\/\\\/vmsport.fi\\\/verkkokauppa\\\/varaosat\\\/voimansiirto\\\/takarattaat\\\/sram-power-pack-pg-1030-cassette-pc-1031-chain-10-speed-11-36t\\\/\",\"name\":\"SRAM Power Pack PG-1030 cassette\\\/PC-1031 chain 10 speed 11-36T - VM Sport\",\"isPartOf\":{\"@id\":\"https:\\\/\\\/vmsport.fi\\\/#website\"},\"primaryImageOfPage\":{\"@id\":\"https:\\\/\\\/vmsport.fi\\\/verkkokauppa\\\/varaosat\\\/voimansiirto\\\/takarattaat\\\/sram-power-pack-pg-1030-cassette-pc-1031-chain-10-speed-11-36t\\\/#primaryimage\"},\"image\":{\"@id\":\"https:\\\/\\\/vmsport.fi\\\/verkkokauppa\\\/varaosat\\\/voimansiirto\\\/takarattaat\\\/sram-power-pack-pg-1030-cassette-pc-1031-chain-10-speed-11-36t\\\/#primaryimage\"},\"thumbnailUrl\":\"https:\\\/\\\/vmsport.fi\\\/wp-content\\\/uploads\\\/2025\\\/03\\\/fnv8l7UB7jYYo3Dy7s1KiF3a6LjLuRPpNCi9yS9ihf3byU1EML-1.jpg\",\"datePublished\":\"2025-03-05T21:51:25+00:00\",\"dateModified\":\"2026-02-13T00:00:11+00:00\",\"breadcrumb\":{\"@id\":\"https:\\\/\\\/vmsport.fi\\\/verkkokauppa\\\/varaosat\\\/voimansiirto\\\/takarattaat\\\/sram-power-pack-pg-1030-cassette-pc-1031-chain-10-speed-11-36t\\\/#breadcrumb\"},\"inLanguage\":\"sv-SE\",\"potentialAction\":[{\"@type\":\"ReadAction\",\"target\":[\"https:\\\/\\\/vmsport.fi\\\/verkkokauppa\\\/varaosat\\\/voimansiirto\\\/takarattaat\\\/sram-power-pack-pg-1030-cassette-pc-1031-chain-10-speed-11-36t\\\/\"]}]},{\"@type\":\"ImageObject\",\"inLanguage\":\"sv-SE\",\"@id\":\"https:\\\/\\\/vmsport.fi\\\/verkkokauppa\\\/varaosat\\\/voimansiirto\\\/takarattaat\\\/sram-power-pack-pg-1030-cassette-pc-1031-chain-10-speed-11-36t\\\/#primaryimage\",\"url\":\"https:\\\/\\\/vmsport.fi\\\/wp-content\\\/uploads\\\/2025\\\/03\\\/fnv8l7UB7jYYo3Dy7s1KiF3a6LjLuRPpNCi9yS9ihf3byU1EML-1.jpg\",\"contentUrl\":\"https:\\\/\\\/vmsport.fi\\\/wp-content\\\/uploads\\\/2025\\\/03\\\/fnv8l7UB7jYYo3Dy7s1KiF3a6LjLuRPpNCi9yS9ihf3byU1EML-1.jpg\",\"width\":600,\"height\":450,\"caption\":\"fnv8l7UB7jYYo3Dy7s1KiF3a6LjLuRPpNCi9yS9ihf3byU1EML\"},{\"@type\":\"BreadcrumbList\",\"@id\":\"https:\\\/\\\/vmsport.fi\\\/verkkokauppa\\\/varaosat\\\/voimansiirto\\\/takarattaat\\\/sram-power-pack-pg-1030-cassette-pc-1031-chain-10-speed-11-36t\\\/#breadcrumb\",\"itemListElement\":[{\"@type\":\"ListItem\",\"position\":1,\"name\":\"Etusivu\",\"item\":\"https:\\\/\\\/vmsport.fi\\\/\"},{\"@type\":\"ListItem\",\"position\":2,\"name\":\"Online Store\",\"item\":\"https:\\\/\\\/vmsport.fi\\\/en\\\/online-store\\\/\"},{\"@type\":\"ListItem\",\"position\":3,\"name\":\"SRAM Power Pack PG-1030 cassette\\\/PC-1031 chain 10 speed 11-36T\"}]},{\"@type\":\"WebSite\",\"@id\":\"https:\\\/\\\/vmsport.fi\\\/#website\",\"url\":\"https:\\\/\\\/vmsport.fi\\\/\",\"name\":\"Vmsport\",\"description\":\"Kaikki py\u00f6r\u00e4ilyyn yhdest\u00e4 paikasta\",\"publisher\":{\"@id\":\"https:\\\/\\\/vmsport.fi\\\/#organization\"},\"potentialAction\":[{\"@type\":\"SearchAction\",\"target\":{\"@type\":\"EntryPoint\",\"urlTemplate\":\"https:\\\/\\\/vmsport.fi\\\/?s={search_term_string}\"},\"query-input\":{\"@type\":\"PropertyValueSpecification\",\"valueRequired\":true,\"valueName\":\"search_term_string\"}}],\"inLanguage\":\"sv-SE\"},{\"@type\":\"Organization\",\"@id\":\"https:\\\/\\\/vmsport.fi\\\/#organization\",\"name\":\"Vmsport\",\"url\":\"https:\\\/\\\/vmsport.fi\\\/\",\"logo\":{\"@type\":\"ImageObject\",\"inLanguage\":\"sv-SE\",\"@id\":\"https:\\\/\\\/vmsport.fi\\\/#\\\/schema\\\/logo\\\/image\\\/\",\"url\":\"https:\\\/\\\/vmsport.fi\\\/wp-content\\\/uploads\\\/2024\\\/12\\\/vm_sport_RGB_horisontal-e1734526017575.png\",\"contentUrl\":\"https:\\\/\\\/vmsport.fi\\\/wp-content\\\/uploads\\\/2024\\\/12\\\/vm_sport_RGB_horisontal-e1734526017575.png\",\"width\":668,\"height\":85,\"caption\":\"Vmsport\"},\"image\":{\"@id\":\"https:\\\/\\\/vmsport.fi\\\/#\\\/schema\\\/logo\\\/image\\\/\"},\"sameAs\":[\"https:\\\/\\\/www.facebook.com\\\/Vmsport.fi\\\/\",\"https:\\\/\\\/www.instagram.com\\\/vmsport\\\/\"]}]}<\/script>\n<!-- \/ Yoast SEO plugin. -->","yoast_head_json":{"title":"SRAM Power Pack PG-1030 kassett\/PC-1031 kedja 10 v\u00e4xlar 11-36T - VM Sport","robots":{"index":"index","follow":"follow","max-snippet":"max-snippet:-1","max-image-preview":"max-image-preview:large","max-video-preview":"max-video-preview:-1"},"canonical":"https:\/\/vmsport.fi\/sv\/webbutik\/reservdelar\/transmission\/takarattaat\/sram-power-pack-pg-1030-kassett-pc-1031-kedja-10-vaxlar-11-36t\/","og_locale":"sv_SE","og_type":"article","og_title":"SRAM Power Pack PG-1030 cassette\/PC-1031 chain 10 speed 11-36T - VM Sport","og_description":"SRAM Power Pack PG-1030 -kasetti ja PC-1031 -ketju tarjoavat erinomaisen suorituskyvyn 10-vaihteiseen py\u00f6r\u00e4j\u00e4rjestelm\u00e4\u00e4n hy\u00f6dynt\u00e4en edistynytt\u00e4 PowerGlide II\u2122 -tekniikkaa, joka varmistaa sulavan ja tarkan vaihteiden vaihtamisen erityisesti haastavissa maastoissa. Kasetin 11-36T ratasvaihtoehto tarjoaa monipuoliset v\u00e4litykset ja hammasluvut, kuten 11, 12, 14, 16, 18, 21, 26, 28, 32 ja 36, joiden avulla py\u00f6r\u00e4ilij\u00e4 voi mukauttaa ajonsa eri [...]L\u00e4s mer \u2026 from SRAM Power Pack PG-1030 cassette\/PC-1031 chain 10 speed 11-36T","og_url":"https:\/\/vmsport.fi\/sv\/webbutik\/reservdelar\/transmission\/takarattaat\/sram-power-pack-pg-1030-kassett-pc-1031-kedja-10-vaxlar-11-36t\/","og_site_name":"VM Sport","article_publisher":"https:\/\/www.facebook.com\/Vmsport.fi\/","article_modified_time":"2026-02-13T00:00:11+00:00","og_image":[{"width":600,"height":450,"url":"https:\/\/vmsport.fi\/wp-content\/uploads\/2025\/03\/fnv8l7UB7jYYo3Dy7s1KiF3a6LjLuRPpNCi9yS9ihf3byU1EML-1.jpg","type":"image\/jpeg"}],"twitter_card":"summary_large_image","twitter_misc":{"Ber\u00e4knad l\u00e4stid":"1 minut"},"schema":{"@context":"https:\/\/schema.org","@graph":[{"@type":["WebPage","ItemPage"],"@id":"https:\/\/vmsport.fi\/verkkokauppa\/varaosat\/voimansiirto\/takarattaat\/sram-power-pack-pg-1030-cassette-pc-1031-chain-10-speed-11-36t\/","url":"https:\/\/vmsport.fi\/verkkokauppa\/varaosat\/voimansiirto\/takarattaat\/sram-power-pack-pg-1030-cassette-pc-1031-chain-10-speed-11-36t\/","name":"SRAM Power Pack PG-1030 kassett\/PC-1031 kedja 10 v\u00e4xlar 11-36T - VM Sport","isPartOf":{"@id":"https:\/\/vmsport.fi\/#website"},"primaryImageOfPage":{"@id":"https:\/\/vmsport.fi\/verkkokauppa\/varaosat\/voimansiirto\/takarattaat\/sram-power-pack-pg-1030-cassette-pc-1031-chain-10-speed-11-36t\/#primaryimage"},"image":{"@id":"https:\/\/vmsport.fi\/verkkokauppa\/varaosat\/voimansiirto\/takarattaat\/sram-power-pack-pg-1030-cassette-pc-1031-chain-10-speed-11-36t\/#primaryimage"},"thumbnailUrl":"https:\/\/vmsport.fi\/wp-content\/uploads\/2025\/03\/fnv8l7UB7jYYo3Dy7s1KiF3a6LjLuRPpNCi9yS9ihf3byU1EML-1.jpg","datePublished":"2025-03-05T21:51:25+00:00","dateModified":"2026-02-13T00:00:11+00:00","breadcrumb":{"@id":"https:\/\/vmsport.fi\/verkkokauppa\/varaosat\/voimansiirto\/takarattaat\/sram-power-pack-pg-1030-cassette-pc-1031-chain-10-speed-11-36t\/#breadcrumb"},"inLanguage":"sv-SE","potentialAction":[{"@type":"ReadAction","target":["https:\/\/vmsport.fi\/verkkokauppa\/varaosat\/voimansiirto\/takarattaat\/sram-power-pack-pg-1030-cassette-pc-1031-chain-10-speed-11-36t\/"]}]},{"@type":"ImageObject","inLanguage":"sv-SE","@id":"https:\/\/vmsport.fi\/verkkokauppa\/varaosat\/voimansiirto\/takarattaat\/sram-power-pack-pg-1030-cassette-pc-1031-chain-10-speed-11-36t\/#primaryimage","url":"https:\/\/vmsport.fi\/wp-content\/uploads\/2025\/03\/fnv8l7UB7jYYo3Dy7s1KiF3a6LjLuRPpNCi9yS9ihf3byU1EML-1.jpg","contentUrl":"https:\/\/vmsport.fi\/wp-content\/uploads\/2025\/03\/fnv8l7UB7jYYo3Dy7s1KiF3a6LjLuRPpNCi9yS9ihf3byU1EML-1.jpg","width":600,"height":450,"caption":"fnv8l7UB7jYYo3Dy7s1KiF3a6LjLuRPpNCi9yS9ihf3byU1EML"},{"@type":"BreadcrumbList","@id":"https:\/\/vmsport.fi\/verkkokauppa\/varaosat\/voimansiirto\/takarattaat\/sram-power-pack-pg-1030-cassette-pc-1031-chain-10-speed-11-36t\/#breadcrumb","itemListElement":[{"@type":"ListItem","position":1,"name":"Etusivu","item":"https:\/\/vmsport.fi\/"},{"@type":"ListItem","position":2,"name":"Online Store","item":"https:\/\/vmsport.fi\/en\/online-store\/"},{"@type":"ListItem","position":3,"name":"SRAM Power Pack PG-1030 cassette\/PC-1031 chain 10 speed 11-36T"}]},{"@type":"WebSite","@id":"https:\/\/vmsport.fi\/#website","url":"https:\/\/vmsport.fi\/","name":"Vmsport","description":"Allt p\u00e5 ett st\u00e4lle f\u00f6r cykling","publisher":{"@id":"https:\/\/vmsport.fi\/#organization"},"potentialAction":[{"@type":"SearchAction","target":{"@type":"EntryPoint","urlTemplate":"https:\/\/vmsport.fi\/?s={search_term_string}"},"query-input":{"@type":"PropertyValueSpecification","valueRequired":true,"valueName":"search_term_string"}}],"inLanguage":"sv-SE"},{"@type":"Organization","@id":"https:\/\/vmsport.fi\/#organization","name":"Vmsport","url":"https:\/\/vmsport.fi\/","logo":{"@type":"ImageObject","inLanguage":"sv-SE","@id":"https:\/\/vmsport.fi\/#\/schema\/logo\/image\/","url":"https:\/\/vmsport.fi\/wp-content\/uploads\/2024\/12\/vm_sport_RGB_horisontal-e1734526017575.png","contentUrl":"https:\/\/vmsport.fi\/wp-content\/uploads\/2024\/12\/vm_sport_RGB_horisontal-e1734526017575.png","width":668,"height":85,"caption":"Vmsport"},"image":{"@id":"https:\/\/vmsport.fi\/#\/schema\/logo\/image\/"},"sameAs":["https:\/\/www.facebook.com\/Vmsport.fi\/","https:\/\/www.instagram.com\/vmsport\/"]}]}},"global_unique_id":"","_links":{"self":[{"href":"https:\/\/vmsport.fi\/sv\/wp-json\/wp\/v2\/product\/54243","targetHints":{"allow":["GET"]}}],"collection":[{"href":"https:\/\/vmsport.fi\/sv\/wp-json\/wp\/v2\/product"}],"about":[{"href":"https:\/\/vmsport.fi\/sv\/wp-json\/wp\/v2\/types\/product"}],"replies":[{"embeddable":true,"href":"https:\/\/vmsport.fi\/sv\/wp-json\/wp\/v2\/comments?post=54243"}],"wp:featuredmedia":[{"embeddable":true,"href":"https:\/\/vmsport.fi\/sv\/wp-json\/wp\/v2\/media\/54242"}],"wp:attachment":[{"href":"https:\/\/vmsport.fi\/sv\/wp-json\/wp\/v2\/media?parent=54243"}],"wp:term":[{"taxonomy":"product_brand","embeddable":true,"href":"https:\/\/vmsport.fi\/sv\/wp-json\/wp\/v2\/product_brand?post=54243"},{"taxonomy":"product_model","embeddable":true,"href":"https:\/\/vmsport.fi\/sv\/wp-json\/wp\/v2\/product_model?post=54243"},{"taxonomy":"product_cat","embeddable":true,"href":"https:\/\/vmsport.fi\/sv\/wp-json\/wp\/v2\/product_cat?post=54243"},{"taxonomy":"product_tag","embeddable":true,"href":"https:\/\/vmsport.fi\/sv\/wp-json\/wp\/v2\/product_tag?post=54243"},{"taxonomy":"industry_terminology","embeddable":true,"href":"https:\/\/vmsport.fi\/sv\/wp-json\/wp\/v2\/industry-terminology?post=54243"}],"curies":[{"name":"wp","href":"https:\/\/api.w.org\/{rel}","templated":true}]}}