{"id":54241,"date":"2025-03-05T23:51:24","date_gmt":"2025-03-05T21:51:24","guid":{"rendered":"https:\/\/vmsport.fi\/verkkokauppa\/Ei-luokiteltu\/poljin-9-16-union-sp-2160-slim-mtb-alu-musta-teollisuuslaakerit\/"},"modified":"2026-04-22T15:01:29","modified_gmt":"2026-04-22T12:01:29","slug":"poljin-9-16-union-sp-2160-slim-mtb-alu-musta-teollisuuslaakerit","status":"publish","type":"product","link":"https:\/\/vmsport.fi\/sv\/verkkokauppa\/varaosat\/polkimet\/flat-bmx-ja-dh-polkimet\/poljin-9-16-union-sp-2160-slim-mtb-alu-musta-teollisuuslaakerit\/","title":{"rendered":"Pedal 9\/16\u2033 UNION SP-2160, smal, MTB-legering Svart, Industriella lager"},"content":{"rendered":"<p>UNION SP-2160 -polkimet on suunniteltu ohuiksi ja pelkistetyiksi, joten ne sopivat erinomaisesti maastopy\u00f6r\u00e4ilyyn. Kokonaisuudesta valmistettu alumiinirunko takaa kevyen mutta kest\u00e4v\u00e4n rakenteen. Akseli on valmistettu kest\u00e4v\u00e4st\u00e4 kromimolybdeenista, mik\u00e4 takaa erinomaisen luotettavuuden vaativissa olosuhteissa. Polkimissa k\u00e4ytet\u00e4\u00e4n teollisuuslaakereita, jotka parantavat suorituskyky\u00e4 ja v\u00e4hent\u00e4v\u00e4t huoltotarvetta. Tyylik\u00e4s musta v\u00e4ritys viimeistelee ulkoasun, ja 9\/16 tuuman kierteet mahdollistavat laajan yhteensopivuuden.<\/p>","protected":false},"excerpt":{"rendered":"<p>UNION SP-2160 -polkimet on suunniteltu ohuiksi ja pelkistetyiksi, joten ne sopivat erinomaisesti maastopy\u00f6r\u00e4ilyyn. Kokonaisuudesta valmistettu alumiinirunko takaa kevyen mutta kest\u00e4v\u00e4n rakenteen. Akseli on valmistettu kest\u00e4v\u00e4st\u00e4 kromimolybdeenista, mik\u00e4 takaa erinomaisen luotettavuuden vaativissa olosuhteissa. Polkimissa k\u00e4ytet\u00e4\u00e4n teollisuuslaakereita, jotka parantavat suorituskyky\u00e4 ja v\u00e4hent\u00e4v\u00e4t huoltotarvetta. Tyylik\u00e4s musta v\u00e4ritys viimeistelee ulkoasun, ja 9\/16 tuuman kierteet mahdollistavat laajan yhteensopivuuden. [&#8230;]<\/p>\n<p><a class=\"btn btn-secondary understrap-read-more-link\" href=\"https:\/\/vmsport.fi\/sv\/verkkokauppa\/varaosat\/polkimet\/flat-bmx-ja-dh-polkimet\/poljin-9-16-union-sp-2160-slim-mtb-alu-musta-teollisuuslaakerit\/\">L\u00e4s mer \u2026<span class=\"screen-reader-text\"> from Poljin 9\/16&#8243; UNION SP-2160, slim, MTB Alu Musta, Teollisuuslaakerit<\/span><\/a><\/p>\n","protected":false},"featured_media":54240,"comment_status":"open","ping_status":"closed","template":"","meta":{"_acf_changed":false,"_improvement_type_select":"improve_an_existing","_thumb_yes_seoaic":false,"_frame_yes_seoaic":false,"seoaic_generate_description":"","seoaic_improve_instructions_prompt":"","seoaic_rollback_content_improvement":"","seoaic_idea_thumbnail_generator":"","thumbnail_generated":false,"thumbnail_generate_prompt":"","seoaic_article_description":"","_supplier_stock_quantity":0},"product_brand":[],"product_model":[],"product_cat":[9308],"product_tag":[],"industry-terminology":[],"class_list":{"0":"post-54241","1":"product","2":"type-product","3":"status-publish","4":"has-post-thumbnail","6":"product_cat-flat-bmx-ja-dh-polkimet","8":"first","9":"outofstock","10":"taxable","11":"shipping-taxable","12":"product-type-simple"},"acf":{"bike_features":null,"overview":{"copy_overview":null,"key_features":null,"statement":"","youtube_url":""}},"yoast_head":"<!-- This site is optimized with the Yoast SEO plugin v27.4 - https:\/\/yoast.com\/product\/yoast-seo-wordpress\/ -->\n<title>Poljin 9\/16&quot; UNION SP-2160, slim, MTB Alu Musta, Teollisuuslaakerit - VM Sport<\/title>\n<meta name=\"robots\" content=\"index, follow, max-snippet:-1, max-image-preview:large, max-video-preview:-1\" \/>\n<link rel=\"canonical\" href=\"https:\/\/vmsport.fi\/sv\/webbutik\/reservdelar\/pedaler\/platta-bmx-och-dh-pedaler\/poljin-9-16-union-sp-2160-slim-mtb-alu-musta-teollisuuslaakerit\/\" \/>\n<meta property=\"og:locale\" content=\"sv_SE\" \/>\n<meta property=\"og:type\" content=\"article\" \/>\n<meta property=\"og:title\" content=\"Poljin 9\/16&quot; UNION SP-2160, slim, MTB Alu Musta, Teollisuuslaakerit - VM Sport\" \/>\n<meta property=\"og:description\" content=\"UNION SP-2160 -polkimet on suunniteltu ohuiksi ja pelkistetyiksi, joten ne sopivat erinomaisesti maastopy\u00f6r\u00e4ilyyn. Kokonaisuudesta valmistettu alumiinirunko takaa kevyen mutta kest\u00e4v\u00e4n rakenteen. Akseli on valmistettu kest\u00e4v\u00e4st\u00e4 kromimolybdeenista, mik\u00e4 takaa erinomaisen luotettavuuden vaativissa olosuhteissa. Polkimissa k\u00e4ytet\u00e4\u00e4n teollisuuslaakereita, jotka parantavat suorituskyky\u00e4 ja v\u00e4hent\u00e4v\u00e4t huoltotarvetta. Tyylik\u00e4s musta v\u00e4ritys viimeistelee ulkoasun, ja 9\/16 tuuman kierteet mahdollistavat laajan yhteensopivuuden. [...]L\u00e4s mer \u2026 from Poljin 9\/16&#8243; UNION SP-2160, slim, MTB Alu Musta, Teollisuuslaakerit\" \/>\n<meta property=\"og:url\" content=\"https:\/\/vmsport.fi\/sv\/webbutik\/reservdelar\/pedaler\/platta-bmx-och-dh-pedaler\/poljin-9-16-union-sp-2160-slim-mtb-alu-musta-teollisuuslaakerit\/\" \/>\n<meta property=\"og:site_name\" content=\"VM Sport\" \/>\n<meta property=\"article:publisher\" content=\"https:\/\/www.facebook.com\/Vmsport.fi\/\" \/>\n<meta property=\"article:modified_time\" content=\"2026-04-22T12:01:29+00:00\" \/>\n<meta property=\"og:image\" content=\"https:\/\/vmsport.fi\/wp-content\/uploads\/2025\/03\/350425-1.jpg\" \/>\n\t<meta property=\"og:image:width\" content=\"904\" \/>\n\t<meta property=\"og:image:height\" content=\"750\" \/>\n\t<meta property=\"og:image:type\" content=\"image\/jpeg\" \/>\n<meta name=\"twitter:card\" content=\"summary_large_image\" \/>\n<script type=\"application\/ld+json\" class=\"yoast-schema-graph\">{\"@context\":\"https:\\\/\\\/schema.org\",\"@graph\":[{\"@type\":[\"WebPage\",\"ItemPage\"],\"@id\":\"https:\\\/\\\/vmsport.fi\\\/verkkokauppa\\\/varaosat\\\/polkimet\\\/flat-bmx-ja-dh-polkimet\\\/poljin-9-16-union-sp-2160-slim-mtb-alu-musta-teollisuuslaakerit\\\/\",\"url\":\"https:\\\/\\\/vmsport.fi\\\/verkkokauppa\\\/varaosat\\\/polkimet\\\/flat-bmx-ja-dh-polkimet\\\/poljin-9-16-union-sp-2160-slim-mtb-alu-musta-teollisuuslaakerit\\\/\",\"name\":\"Poljin 9\\\/16\\\" UNION SP-2160, slim, MTB Alu Musta, Teollisuuslaakerit - VM Sport\",\"isPartOf\":{\"@id\":\"https:\\\/\\\/vmsport.fi\\\/#website\"},\"primaryImageOfPage\":{\"@id\":\"https:\\\/\\\/vmsport.fi\\\/verkkokauppa\\\/varaosat\\\/polkimet\\\/flat-bmx-ja-dh-polkimet\\\/poljin-9-16-union-sp-2160-slim-mtb-alu-musta-teollisuuslaakerit\\\/#primaryimage\"},\"image\":{\"@id\":\"https:\\\/\\\/vmsport.fi\\\/verkkokauppa\\\/varaosat\\\/polkimet\\\/flat-bmx-ja-dh-polkimet\\\/poljin-9-16-union-sp-2160-slim-mtb-alu-musta-teollisuuslaakerit\\\/#primaryimage\"},\"thumbnailUrl\":\"https:\\\/\\\/vmsport.fi\\\/wp-content\\\/uploads\\\/2025\\\/03\\\/350425-1.jpg\",\"datePublished\":\"2025-03-05T21:51:24+00:00\",\"dateModified\":\"2026-04-22T12:01:29+00:00\",\"breadcrumb\":{\"@id\":\"https:\\\/\\\/vmsport.fi\\\/verkkokauppa\\\/varaosat\\\/polkimet\\\/flat-bmx-ja-dh-polkimet\\\/poljin-9-16-union-sp-2160-slim-mtb-alu-musta-teollisuuslaakerit\\\/#breadcrumb\"},\"inLanguage\":\"sv-SE\",\"potentialAction\":[{\"@type\":\"ReadAction\",\"target\":[\"https:\\\/\\\/vmsport.fi\\\/verkkokauppa\\\/varaosat\\\/polkimet\\\/flat-bmx-ja-dh-polkimet\\\/poljin-9-16-union-sp-2160-slim-mtb-alu-musta-teollisuuslaakerit\\\/\"]}]},{\"@type\":\"ImageObject\",\"inLanguage\":\"sv-SE\",\"@id\":\"https:\\\/\\\/vmsport.fi\\\/verkkokauppa\\\/varaosat\\\/polkimet\\\/flat-bmx-ja-dh-polkimet\\\/poljin-9-16-union-sp-2160-slim-mtb-alu-musta-teollisuuslaakerit\\\/#primaryimage\",\"url\":\"https:\\\/\\\/vmsport.fi\\\/wp-content\\\/uploads\\\/2025\\\/03\\\/350425-1.jpg\",\"contentUrl\":\"https:\\\/\\\/vmsport.fi\\\/wp-content\\\/uploads\\\/2025\\\/03\\\/350425-1.jpg\",\"width\":904,\"height\":750,\"caption\":\"350425\"},{\"@type\":\"BreadcrumbList\",\"@id\":\"https:\\\/\\\/vmsport.fi\\\/verkkokauppa\\\/varaosat\\\/polkimet\\\/flat-bmx-ja-dh-polkimet\\\/poljin-9-16-union-sp-2160-slim-mtb-alu-musta-teollisuuslaakerit\\\/#breadcrumb\",\"itemListElement\":[{\"@type\":\"ListItem\",\"position\":1,\"name\":\"Etusivu\",\"item\":\"https:\\\/\\\/vmsport.fi\\\/\"},{\"@type\":\"ListItem\",\"position\":2,\"name\":\"Online Store\",\"item\":\"https:\\\/\\\/vmsport.fi\\\/en\\\/online-store\\\/\"},{\"@type\":\"ListItem\",\"position\":3,\"name\":\"Poljin 9\\\/16&#8243; UNION SP-2160, slim, MTB Alu Musta, Teollisuuslaakerit\"}]},{\"@type\":\"WebSite\",\"@id\":\"https:\\\/\\\/vmsport.fi\\\/#website\",\"url\":\"https:\\\/\\\/vmsport.fi\\\/\",\"name\":\"Vmsport\",\"description\":\"Kaikki py\u00f6r\u00e4ilyyn yhdest\u00e4 paikasta\",\"publisher\":{\"@id\":\"https:\\\/\\\/vmsport.fi\\\/#organization\"},\"potentialAction\":[{\"@type\":\"SearchAction\",\"target\":{\"@type\":\"EntryPoint\",\"urlTemplate\":\"https:\\\/\\\/vmsport.fi\\\/?s={search_term_string}\"},\"query-input\":{\"@type\":\"PropertyValueSpecification\",\"valueRequired\":true,\"valueName\":\"search_term_string\"}}],\"inLanguage\":\"sv-SE\"},{\"@type\":\"Organization\",\"@id\":\"https:\\\/\\\/vmsport.fi\\\/#organization\",\"name\":\"Vmsport\",\"url\":\"https:\\\/\\\/vmsport.fi\\\/\",\"logo\":{\"@type\":\"ImageObject\",\"inLanguage\":\"sv-SE\",\"@id\":\"https:\\\/\\\/vmsport.fi\\\/#\\\/schema\\\/logo\\\/image\\\/\",\"url\":\"https:\\\/\\\/vmsport.fi\\\/wp-content\\\/uploads\\\/2024\\\/12\\\/vm_sport_RGB_horisontal-e1734526017575.png\",\"contentUrl\":\"https:\\\/\\\/vmsport.fi\\\/wp-content\\\/uploads\\\/2024\\\/12\\\/vm_sport_RGB_horisontal-e1734526017575.png\",\"width\":668,\"height\":85,\"caption\":\"Vmsport\"},\"image\":{\"@id\":\"https:\\\/\\\/vmsport.fi\\\/#\\\/schema\\\/logo\\\/image\\\/\"},\"sameAs\":[\"https:\\\/\\\/www.facebook.com\\\/Vmsport.fi\\\/\",\"https:\\\/\\\/www.instagram.com\\\/vmsport\\\/\"]}]}<\/script>\n<!-- \/ Yoast SEO plugin. -->","yoast_head_json":{"title":"Poljin 9\/16\" UNION SP-2160, slim, MTB Alu Musta, Teollisuuslaakerit - VM Sport","robots":{"index":"index","follow":"follow","max-snippet":"max-snippet:-1","max-image-preview":"max-image-preview:large","max-video-preview":"max-video-preview:-1"},"canonical":"https:\/\/vmsport.fi\/sv\/webbutik\/reservdelar\/pedaler\/platta-bmx-och-dh-pedaler\/poljin-9-16-union-sp-2160-slim-mtb-alu-musta-teollisuuslaakerit\/","og_locale":"sv_SE","og_type":"article","og_title":"Poljin 9\/16\" UNION SP-2160, slim, MTB Alu Musta, Teollisuuslaakerit - VM Sport","og_description":"UNION SP-2160 -polkimet on suunniteltu ohuiksi ja pelkistetyiksi, joten ne sopivat erinomaisesti maastopy\u00f6r\u00e4ilyyn. Kokonaisuudesta valmistettu alumiinirunko takaa kevyen mutta kest\u00e4v\u00e4n rakenteen. Akseli on valmistettu kest\u00e4v\u00e4st\u00e4 kromimolybdeenista, mik\u00e4 takaa erinomaisen luotettavuuden vaativissa olosuhteissa. Polkimissa k\u00e4ytet\u00e4\u00e4n teollisuuslaakereita, jotka parantavat suorituskyky\u00e4 ja v\u00e4hent\u00e4v\u00e4t huoltotarvetta. Tyylik\u00e4s musta v\u00e4ritys viimeistelee ulkoasun, ja 9\/16 tuuman kierteet mahdollistavat laajan yhteensopivuuden. [...]L\u00e4s mer \u2026 from Poljin 9\/16&#8243; UNION SP-2160, slim, MTB Alu Musta, Teollisuuslaakerit","og_url":"https:\/\/vmsport.fi\/sv\/webbutik\/reservdelar\/pedaler\/platta-bmx-och-dh-pedaler\/poljin-9-16-union-sp-2160-slim-mtb-alu-musta-teollisuuslaakerit\/","og_site_name":"VM Sport","article_publisher":"https:\/\/www.facebook.com\/Vmsport.fi\/","article_modified_time":"2026-04-22T12:01:29+00:00","og_image":[{"width":904,"height":750,"url":"https:\/\/vmsport.fi\/wp-content\/uploads\/2025\/03\/350425-1.jpg","type":"image\/jpeg"}],"twitter_card":"summary_large_image","schema":{"@context":"https:\/\/schema.org","@graph":[{"@type":["WebPage","ItemPage"],"@id":"https:\/\/vmsport.fi\/verkkokauppa\/varaosat\/polkimet\/flat-bmx-ja-dh-polkimet\/poljin-9-16-union-sp-2160-slim-mtb-alu-musta-teollisuuslaakerit\/","url":"https:\/\/vmsport.fi\/verkkokauppa\/varaosat\/polkimet\/flat-bmx-ja-dh-polkimet\/poljin-9-16-union-sp-2160-slim-mtb-alu-musta-teollisuuslaakerit\/","name":"Poljin 9\/16\" UNION SP-2160, slim, MTB Alu Musta, Teollisuuslaakerit - VM Sport","isPartOf":{"@id":"https:\/\/vmsport.fi\/#website"},"primaryImageOfPage":{"@id":"https:\/\/vmsport.fi\/verkkokauppa\/varaosat\/polkimet\/flat-bmx-ja-dh-polkimet\/poljin-9-16-union-sp-2160-slim-mtb-alu-musta-teollisuuslaakerit\/#primaryimage"},"image":{"@id":"https:\/\/vmsport.fi\/verkkokauppa\/varaosat\/polkimet\/flat-bmx-ja-dh-polkimet\/poljin-9-16-union-sp-2160-slim-mtb-alu-musta-teollisuuslaakerit\/#primaryimage"},"thumbnailUrl":"https:\/\/vmsport.fi\/wp-content\/uploads\/2025\/03\/350425-1.jpg","datePublished":"2025-03-05T21:51:24+00:00","dateModified":"2026-04-22T12:01:29+00:00","breadcrumb":{"@id":"https:\/\/vmsport.fi\/verkkokauppa\/varaosat\/polkimet\/flat-bmx-ja-dh-polkimet\/poljin-9-16-union-sp-2160-slim-mtb-alu-musta-teollisuuslaakerit\/#breadcrumb"},"inLanguage":"sv-SE","potentialAction":[{"@type":"ReadAction","target":["https:\/\/vmsport.fi\/verkkokauppa\/varaosat\/polkimet\/flat-bmx-ja-dh-polkimet\/poljin-9-16-union-sp-2160-slim-mtb-alu-musta-teollisuuslaakerit\/"]}]},{"@type":"ImageObject","inLanguage":"sv-SE","@id":"https:\/\/vmsport.fi\/verkkokauppa\/varaosat\/polkimet\/flat-bmx-ja-dh-polkimet\/poljin-9-16-union-sp-2160-slim-mtb-alu-musta-teollisuuslaakerit\/#primaryimage","url":"https:\/\/vmsport.fi\/wp-content\/uploads\/2025\/03\/350425-1.jpg","contentUrl":"https:\/\/vmsport.fi\/wp-content\/uploads\/2025\/03\/350425-1.jpg","width":904,"height":750,"caption":"350425"},{"@type":"BreadcrumbList","@id":"https:\/\/vmsport.fi\/verkkokauppa\/varaosat\/polkimet\/flat-bmx-ja-dh-polkimet\/poljin-9-16-union-sp-2160-slim-mtb-alu-musta-teollisuuslaakerit\/#breadcrumb","itemListElement":[{"@type":"ListItem","position":1,"name":"Etusivu","item":"https:\/\/vmsport.fi\/"},{"@type":"ListItem","position":2,"name":"Online Store","item":"https:\/\/vmsport.fi\/en\/online-store\/"},{"@type":"ListItem","position":3,"name":"Poljin 9\/16&#8243; UNION SP-2160, slim, MTB Alu Musta, Teollisuuslaakerit"}]},{"@type":"WebSite","@id":"https:\/\/vmsport.fi\/#website","url":"https:\/\/vmsport.fi\/","name":"Vmsport","description":"Allt p\u00e5 ett st\u00e4lle f\u00f6r cykling","publisher":{"@id":"https:\/\/vmsport.fi\/#organization"},"potentialAction":[{"@type":"SearchAction","target":{"@type":"EntryPoint","urlTemplate":"https:\/\/vmsport.fi\/?s={search_term_string}"},"query-input":{"@type":"PropertyValueSpecification","valueRequired":true,"valueName":"search_term_string"}}],"inLanguage":"sv-SE"},{"@type":"Organization","@id":"https:\/\/vmsport.fi\/#organization","name":"Vmsport","url":"https:\/\/vmsport.fi\/","logo":{"@type":"ImageObject","inLanguage":"sv-SE","@id":"https:\/\/vmsport.fi\/#\/schema\/logo\/image\/","url":"https:\/\/vmsport.fi\/wp-content\/uploads\/2024\/12\/vm_sport_RGB_horisontal-e1734526017575.png","contentUrl":"https:\/\/vmsport.fi\/wp-content\/uploads\/2024\/12\/vm_sport_RGB_horisontal-e1734526017575.png","width":668,"height":85,"caption":"Vmsport"},"image":{"@id":"https:\/\/vmsport.fi\/#\/schema\/logo\/image\/"},"sameAs":["https:\/\/www.facebook.com\/Vmsport.fi\/","https:\/\/www.instagram.com\/vmsport\/"]}]}},"global_unique_id":"","_links":{"self":[{"href":"https:\/\/vmsport.fi\/sv\/wp-json\/wp\/v2\/product\/54241","targetHints":{"allow":["GET"]}}],"collection":[{"href":"https:\/\/vmsport.fi\/sv\/wp-json\/wp\/v2\/product"}],"about":[{"href":"https:\/\/vmsport.fi\/sv\/wp-json\/wp\/v2\/types\/product"}],"replies":[{"embeddable":true,"href":"https:\/\/vmsport.fi\/sv\/wp-json\/wp\/v2\/comments?post=54241"}],"wp:featuredmedia":[{"embeddable":true,"href":"https:\/\/vmsport.fi\/sv\/wp-json\/wp\/v2\/media\/54240"}],"wp:attachment":[{"href":"https:\/\/vmsport.fi\/sv\/wp-json\/wp\/v2\/media?parent=54241"}],"wp:term":[{"taxonomy":"product_brand","embeddable":true,"href":"https:\/\/vmsport.fi\/sv\/wp-json\/wp\/v2\/product_brand?post=54241"},{"taxonomy":"product_model","embeddable":true,"href":"https:\/\/vmsport.fi\/sv\/wp-json\/wp\/v2\/product_model?post=54241"},{"taxonomy":"product_cat","embeddable":true,"href":"https:\/\/vmsport.fi\/sv\/wp-json\/wp\/v2\/product_cat?post=54241"},{"taxonomy":"product_tag","embeddable":true,"href":"https:\/\/vmsport.fi\/sv\/wp-json\/wp\/v2\/product_tag?post=54241"},{"taxonomy":"industry_terminology","embeddable":true,"href":"https:\/\/vmsport.fi\/sv\/wp-json\/wp\/v2\/industry-terminology?post=54241"}],"curies":[{"name":"wp","href":"https:\/\/api.w.org\/{rel}","templated":true}]}}