{"id":54233,"date":"2025-03-05T23:51:20","date_gmt":"2025-03-05T21:51:20","guid":{"rendered":"https:\/\/vmsport.fi\/verkkokauppa\/Ei-luokiteltu\/xlc-rp-x03-tensioning-strap-with-2-hooks-8x800-mm\/"},"modified":"2026-01-16T13:23:14","modified_gmt":"2026-01-16T11:23:14","slug":"xlc-rp-x03-spannband-med-2-krokar-8x800-mm","status":"publish","type":"product","link":"https:\/\/vmsport.fi\/sv\/verkkokauppa\/tarvikkeet\/muut-oheistuotteet\/xlc-rp-x03-tensioning-strap-with-2-hooks-8x800-mm\/","title":{"rendered":"XLC RP-X03 Sp\u00e4nnband med 2 krokar, 8\u00d7800 mm"},"content":{"rendered":"<p>XLC RP-X03 \u00e4r en p\u00e5litlig och m\u00e5ngsidig l\u00f6sning som kombinerar funktionalitet och h\u00e5llbarhet. Den \u00e4r s\u00e4rskilt utformad f\u00f6r att s\u00e4kra en m\u00e4ngd olika f\u00f6rem\u00e5l och \u00e4r s\u00e4krad med tv\u00e5 starka krokar som g\u00f6r anv\u00e4ndningen enkel och s\u00e4ker. Remmens storlek p\u00e5 8\u00d7800 mm ger tillr\u00e4cklig l\u00e4ngd f\u00f6r att s\u00e4kerst\u00e4lla att f\u00f6rem\u00e5len sitter s\u00e4kert och ordentligt fast. Materialen har noggrant valts ut f\u00f6r att t\u00e5la slitage och beh\u00e5lla sin flexibilitet under l\u00e5nga anv\u00e4ndningsperioder. Denna dragsko \u00e4r idealisk f\u00f6r daglig anv\u00e4ndning, oavsett om det g\u00e4ller att s\u00e4kra bagage eller andra transportabla f\u00f6rem\u00e5l.<\/p>","protected":false},"excerpt":{"rendered":"<p>XLC RP-X03 -kiristysnauha on luotettava ja monipuolinen ratkaisu, joka yhdist\u00e4\u00e4 toiminnallisuuden ja kest\u00e4vyyden. Se on suunniteltu erityisesti erilaisten esineiden kiinnitykseen ja varmistettu kahdella vahvalla koukulla, jotka tekev\u00e4t k\u00e4yt\u00f6st\u00e4 helppoa ja turvallista. Kiristysnauhan koko 8&#215;800 mm tarjoaa riitt\u00e4v\u00e4n pituuden varmistaen esineiden tukevan ja tiukan kiinnityksen. Materiaalit on valittu huolellisesti, jotta ne kest\u00e4v\u00e4t kulutusta ja s\u00e4ilytt\u00e4v\u00e4t joustavuutensa [&#8230;]<\/p>\n<p><a class=\"btn btn-secondary understrap-read-more-link\" href=\"https:\/\/vmsport.fi\/sv\/verkkokauppa\/tarvikkeet\/muut-oheistuotteet\/xlc-rp-x03-tensioning-strap-with-2-hooks-8x800-mm\/\">L\u00e4s mer \u2026<span class=\"screen-reader-text\"> from XLC RP-X03 Tensioning strap with 2 hooks, 8&#215;800 mm<\/span><\/a><\/p>\n","protected":false},"featured_media":54232,"comment_status":"open","ping_status":"closed","template":"","meta":{"_acf_changed":false,"_improvement_type_select":"improve_an_existing","_thumb_yes_seoaic":false,"_frame_yes_seoaic":false,"seoaic_generate_description":"","seoaic_improve_instructions_prompt":"","seoaic_rollback_content_improvement":"","seoaic_idea_thumbnail_generator":"","thumbnail_generated":false,"thumbnail_generate_prompt":"","seoaic_article_description":"","_supplier_stock_quantity":0},"product_brand":[],"product_model":[],"product_cat":[9296],"product_tag":[],"industry-terminology":[],"class_list":{"0":"post-54233","1":"product","2":"type-product","3":"status-publish","4":"has-post-thumbnail","6":"product_cat-muut-oheistuotteet","8":"first","9":"instock","10":"taxable","11":"shipping-taxable","12":"purchasable","13":"product-type-simple"},"acf":{"bike_features":null,"overview":{"copy_overview":null,"key_features":null,"statement":"","youtube_url":""}},"yoast_head":"<!-- This site is optimized with the Yoast SEO plugin v27.3 - https:\/\/yoast.com\/product\/yoast-seo-wordpress\/ -->\n<title>XLC RP-X03 Tensioning strap with 2 hooks, 8x800 mm - VM Sport<\/title>\n<meta name=\"robots\" content=\"index, follow, max-snippet:-1, max-image-preview:large, max-video-preview:-1\" \/>\n<link rel=\"canonical\" href=\"https:\/\/vmsport.fi\/sv\/webbutik\/tillbehor\/andra-kompletterande-produkter\/xlc-rp-x03-spannband-med-2-krokar-8x800-mm\/\" \/>\n<meta property=\"og:locale\" content=\"sv_SE\" \/>\n<meta property=\"og:type\" content=\"article\" \/>\n<meta property=\"og:title\" content=\"XLC RP-X03 Tensioning strap with 2 hooks, 8x800 mm - VM Sport\" \/>\n<meta property=\"og:description\" content=\"XLC RP-X03 -kiristysnauha on luotettava ja monipuolinen ratkaisu, joka yhdist\u00e4\u00e4 toiminnallisuuden ja kest\u00e4vyyden. Se on suunniteltu erityisesti erilaisten esineiden kiinnitykseen ja varmistettu kahdella vahvalla koukulla, jotka tekev\u00e4t k\u00e4yt\u00f6st\u00e4 helppoa ja turvallista. Kiristysnauhan koko 8&#215;800 mm tarjoaa riitt\u00e4v\u00e4n pituuden varmistaen esineiden tukevan ja tiukan kiinnityksen. Materiaalit on valittu huolellisesti, jotta ne kest\u00e4v\u00e4t kulutusta ja s\u00e4ilytt\u00e4v\u00e4t joustavuutensa [...]L\u00e4s mer \u2026 from XLC RP-X03 Tensioning strap with 2 hooks, 8&#215;800 mm\" \/>\n<meta property=\"og:url\" content=\"https:\/\/vmsport.fi\/sv\/webbutik\/tillbehor\/andra-kompletterande-produkter\/xlc-rp-x03-spannband-med-2-krokar-8x800-mm\/\" \/>\n<meta property=\"og:site_name\" content=\"VM Sport\" \/>\n<meta property=\"article:publisher\" content=\"https:\/\/www.facebook.com\/Vmsport.fi\/\" \/>\n<meta property=\"article:modified_time\" content=\"2026-01-16T11:23:14+00:00\" \/>\n<meta property=\"og:image\" content=\"https:\/\/vmsport.fi\/wp-content\/uploads\/2025\/03\/sxgHpOSxFHiM6C703NDgYwImrjDuTfWXU94P94yBEE6dE4KQD1-1.jpg\" \/>\n\t<meta property=\"og:image:width\" content=\"800\" \/>\n\t<meta property=\"og:image:height\" content=\"800\" \/>\n\t<meta property=\"og:image:type\" content=\"image\/jpeg\" \/>\n<meta name=\"twitter:card\" content=\"summary_large_image\" \/>\n<script type=\"application\/ld+json\" class=\"yoast-schema-graph\">{\"@context\":\"https:\\\/\\\/schema.org\",\"@graph\":[{\"@type\":[\"WebPage\",\"ItemPage\"],\"@id\":\"https:\\\/\\\/vmsport.fi\\\/verkkokauppa\\\/tarvikkeet\\\/muut-oheistuotteet\\\/xlc-rp-x03-tensioning-strap-with-2-hooks-8x800-mm\\\/\",\"url\":\"https:\\\/\\\/vmsport.fi\\\/verkkokauppa\\\/tarvikkeet\\\/muut-oheistuotteet\\\/xlc-rp-x03-tensioning-strap-with-2-hooks-8x800-mm\\\/\",\"name\":\"XLC RP-X03 Tensioning strap with 2 hooks, 8x800 mm - VM Sport\",\"isPartOf\":{\"@id\":\"https:\\\/\\\/vmsport.fi\\\/#website\"},\"primaryImageOfPage\":{\"@id\":\"https:\\\/\\\/vmsport.fi\\\/verkkokauppa\\\/tarvikkeet\\\/muut-oheistuotteet\\\/xlc-rp-x03-tensioning-strap-with-2-hooks-8x800-mm\\\/#primaryimage\"},\"image\":{\"@id\":\"https:\\\/\\\/vmsport.fi\\\/verkkokauppa\\\/tarvikkeet\\\/muut-oheistuotteet\\\/xlc-rp-x03-tensioning-strap-with-2-hooks-8x800-mm\\\/#primaryimage\"},\"thumbnailUrl\":\"https:\\\/\\\/vmsport.fi\\\/wp-content\\\/uploads\\\/2025\\\/03\\\/sxgHpOSxFHiM6C703NDgYwImrjDuTfWXU94P94yBEE6dE4KQD1-1.jpg\",\"datePublished\":\"2025-03-05T21:51:20+00:00\",\"dateModified\":\"2026-01-16T11:23:14+00:00\",\"breadcrumb\":{\"@id\":\"https:\\\/\\\/vmsport.fi\\\/verkkokauppa\\\/tarvikkeet\\\/muut-oheistuotteet\\\/xlc-rp-x03-tensioning-strap-with-2-hooks-8x800-mm\\\/#breadcrumb\"},\"inLanguage\":\"sv-SE\",\"potentialAction\":[{\"@type\":\"ReadAction\",\"target\":[\"https:\\\/\\\/vmsport.fi\\\/verkkokauppa\\\/tarvikkeet\\\/muut-oheistuotteet\\\/xlc-rp-x03-tensioning-strap-with-2-hooks-8x800-mm\\\/\"]}]},{\"@type\":\"ImageObject\",\"inLanguage\":\"sv-SE\",\"@id\":\"https:\\\/\\\/vmsport.fi\\\/verkkokauppa\\\/tarvikkeet\\\/muut-oheistuotteet\\\/xlc-rp-x03-tensioning-strap-with-2-hooks-8x800-mm\\\/#primaryimage\",\"url\":\"https:\\\/\\\/vmsport.fi\\\/wp-content\\\/uploads\\\/2025\\\/03\\\/sxgHpOSxFHiM6C703NDgYwImrjDuTfWXU94P94yBEE6dE4KQD1-1.jpg\",\"contentUrl\":\"https:\\\/\\\/vmsport.fi\\\/wp-content\\\/uploads\\\/2025\\\/03\\\/sxgHpOSxFHiM6C703NDgYwImrjDuTfWXU94P94yBEE6dE4KQD1-1.jpg\",\"width\":800,\"height\":800,\"caption\":\"sxgHpOSxFHiM6C703NDgYwImrjDuTfWXU94P94yBEE6dE4KQD1\"},{\"@type\":\"BreadcrumbList\",\"@id\":\"https:\\\/\\\/vmsport.fi\\\/verkkokauppa\\\/tarvikkeet\\\/muut-oheistuotteet\\\/xlc-rp-x03-tensioning-strap-with-2-hooks-8x800-mm\\\/#breadcrumb\",\"itemListElement\":[{\"@type\":\"ListItem\",\"position\":1,\"name\":\"Etusivu\",\"item\":\"https:\\\/\\\/vmsport.fi\\\/\"},{\"@type\":\"ListItem\",\"position\":2,\"name\":\"Online Store\",\"item\":\"https:\\\/\\\/vmsport.fi\\\/en\\\/online-store\\\/\"},{\"@type\":\"ListItem\",\"position\":3,\"name\":\"XLC RP-X03 Tensioning strap with 2 hooks, 8&#215;800 mm\"}]},{\"@type\":\"WebSite\",\"@id\":\"https:\\\/\\\/vmsport.fi\\\/#website\",\"url\":\"https:\\\/\\\/vmsport.fi\\\/\",\"name\":\"Vmsport\",\"description\":\"Kaikki py\u00f6r\u00e4ilyyn yhdest\u00e4 paikasta\",\"publisher\":{\"@id\":\"https:\\\/\\\/vmsport.fi\\\/#organization\"},\"potentialAction\":[{\"@type\":\"SearchAction\",\"target\":{\"@type\":\"EntryPoint\",\"urlTemplate\":\"https:\\\/\\\/vmsport.fi\\\/?s={search_term_string}\"},\"query-input\":{\"@type\":\"PropertyValueSpecification\",\"valueRequired\":true,\"valueName\":\"search_term_string\"}}],\"inLanguage\":\"sv-SE\"},{\"@type\":\"Organization\",\"@id\":\"https:\\\/\\\/vmsport.fi\\\/#organization\",\"name\":\"Vmsport\",\"url\":\"https:\\\/\\\/vmsport.fi\\\/\",\"logo\":{\"@type\":\"ImageObject\",\"inLanguage\":\"sv-SE\",\"@id\":\"https:\\\/\\\/vmsport.fi\\\/#\\\/schema\\\/logo\\\/image\\\/\",\"url\":\"https:\\\/\\\/vmsport.fi\\\/wp-content\\\/uploads\\\/2024\\\/12\\\/vm_sport_RGB_horisontal-e1734526017575.png\",\"contentUrl\":\"https:\\\/\\\/vmsport.fi\\\/wp-content\\\/uploads\\\/2024\\\/12\\\/vm_sport_RGB_horisontal-e1734526017575.png\",\"width\":668,\"height\":85,\"caption\":\"Vmsport\"},\"image\":{\"@id\":\"https:\\\/\\\/vmsport.fi\\\/#\\\/schema\\\/logo\\\/image\\\/\"},\"sameAs\":[\"https:\\\/\\\/www.facebook.com\\\/Vmsport.fi\\\/\",\"https:\\\/\\\/www.instagram.com\\\/vmsport\\\/\"]}]}<\/script>\n<!-- \/ Yoast SEO plugin. -->","yoast_head_json":{"title":"XLC RP-X03 Sp\u00e4nnband med 2 krokar, 8x800 mm - VM Sport","robots":{"index":"index","follow":"follow","max-snippet":"max-snippet:-1","max-image-preview":"max-image-preview:large","max-video-preview":"max-video-preview:-1"},"canonical":"https:\/\/vmsport.fi\/sv\/webbutik\/tillbehor\/andra-kompletterande-produkter\/xlc-rp-x03-spannband-med-2-krokar-8x800-mm\/","og_locale":"sv_SE","og_type":"article","og_title":"XLC RP-X03 Tensioning strap with 2 hooks, 8x800 mm - VM Sport","og_description":"XLC RP-X03 -kiristysnauha on luotettava ja monipuolinen ratkaisu, joka yhdist\u00e4\u00e4 toiminnallisuuden ja kest\u00e4vyyden. Se on suunniteltu erityisesti erilaisten esineiden kiinnitykseen ja varmistettu kahdella vahvalla koukulla, jotka tekev\u00e4t k\u00e4yt\u00f6st\u00e4 helppoa ja turvallista. Kiristysnauhan koko 8&#215;800 mm tarjoaa riitt\u00e4v\u00e4n pituuden varmistaen esineiden tukevan ja tiukan kiinnityksen. Materiaalit on valittu huolellisesti, jotta ne kest\u00e4v\u00e4t kulutusta ja s\u00e4ilytt\u00e4v\u00e4t joustavuutensa [...]L\u00e4s mer \u2026 from XLC RP-X03 Tensioning strap with 2 hooks, 8&#215;800 mm","og_url":"https:\/\/vmsport.fi\/sv\/webbutik\/tillbehor\/andra-kompletterande-produkter\/xlc-rp-x03-spannband-med-2-krokar-8x800-mm\/","og_site_name":"VM Sport","article_publisher":"https:\/\/www.facebook.com\/Vmsport.fi\/","article_modified_time":"2026-01-16T11:23:14+00:00","og_image":[{"width":800,"height":800,"url":"https:\/\/vmsport.fi\/wp-content\/uploads\/2025\/03\/sxgHpOSxFHiM6C703NDgYwImrjDuTfWXU94P94yBEE6dE4KQD1-1.jpg","type":"image\/jpeg"}],"twitter_card":"summary_large_image","schema":{"@context":"https:\/\/schema.org","@graph":[{"@type":["WebPage","ItemPage"],"@id":"https:\/\/vmsport.fi\/verkkokauppa\/tarvikkeet\/muut-oheistuotteet\/xlc-rp-x03-tensioning-strap-with-2-hooks-8x800-mm\/","url":"https:\/\/vmsport.fi\/verkkokauppa\/tarvikkeet\/muut-oheistuotteet\/xlc-rp-x03-tensioning-strap-with-2-hooks-8x800-mm\/","name":"XLC RP-X03 Sp\u00e4nnband med 2 krokar, 8x800 mm - VM Sport","isPartOf":{"@id":"https:\/\/vmsport.fi\/#website"},"primaryImageOfPage":{"@id":"https:\/\/vmsport.fi\/verkkokauppa\/tarvikkeet\/muut-oheistuotteet\/xlc-rp-x03-tensioning-strap-with-2-hooks-8x800-mm\/#primaryimage"},"image":{"@id":"https:\/\/vmsport.fi\/verkkokauppa\/tarvikkeet\/muut-oheistuotteet\/xlc-rp-x03-tensioning-strap-with-2-hooks-8x800-mm\/#primaryimage"},"thumbnailUrl":"https:\/\/vmsport.fi\/wp-content\/uploads\/2025\/03\/sxgHpOSxFHiM6C703NDgYwImrjDuTfWXU94P94yBEE6dE4KQD1-1.jpg","datePublished":"2025-03-05T21:51:20+00:00","dateModified":"2026-01-16T11:23:14+00:00","breadcrumb":{"@id":"https:\/\/vmsport.fi\/verkkokauppa\/tarvikkeet\/muut-oheistuotteet\/xlc-rp-x03-tensioning-strap-with-2-hooks-8x800-mm\/#breadcrumb"},"inLanguage":"sv-SE","potentialAction":[{"@type":"ReadAction","target":["https:\/\/vmsport.fi\/verkkokauppa\/tarvikkeet\/muut-oheistuotteet\/xlc-rp-x03-tensioning-strap-with-2-hooks-8x800-mm\/"]}]},{"@type":"ImageObject","inLanguage":"sv-SE","@id":"https:\/\/vmsport.fi\/verkkokauppa\/tarvikkeet\/muut-oheistuotteet\/xlc-rp-x03-tensioning-strap-with-2-hooks-8x800-mm\/#primaryimage","url":"https:\/\/vmsport.fi\/wp-content\/uploads\/2025\/03\/sxgHpOSxFHiM6C703NDgYwImrjDuTfWXU94P94yBEE6dE4KQD1-1.jpg","contentUrl":"https:\/\/vmsport.fi\/wp-content\/uploads\/2025\/03\/sxgHpOSxFHiM6C703NDgYwImrjDuTfWXU94P94yBEE6dE4KQD1-1.jpg","width":800,"height":800,"caption":"sxgHpOSxFHiM6C703NDgYwImrjDuTfWXU94P94yBEE6dE4KQD1"},{"@type":"BreadcrumbList","@id":"https:\/\/vmsport.fi\/verkkokauppa\/tarvikkeet\/muut-oheistuotteet\/xlc-rp-x03-tensioning-strap-with-2-hooks-8x800-mm\/#breadcrumb","itemListElement":[{"@type":"ListItem","position":1,"name":"Etusivu","item":"https:\/\/vmsport.fi\/"},{"@type":"ListItem","position":2,"name":"Online Store","item":"https:\/\/vmsport.fi\/en\/online-store\/"},{"@type":"ListItem","position":3,"name":"XLC RP-X03 Tensioning strap with 2 hooks, 8&#215;800 mm"}]},{"@type":"WebSite","@id":"https:\/\/vmsport.fi\/#website","url":"https:\/\/vmsport.fi\/","name":"Vmsport","description":"Allt p\u00e5 ett st\u00e4lle f\u00f6r cykling","publisher":{"@id":"https:\/\/vmsport.fi\/#organization"},"potentialAction":[{"@type":"SearchAction","target":{"@type":"EntryPoint","urlTemplate":"https:\/\/vmsport.fi\/?s={search_term_string}"},"query-input":{"@type":"PropertyValueSpecification","valueRequired":true,"valueName":"search_term_string"}}],"inLanguage":"sv-SE"},{"@type":"Organization","@id":"https:\/\/vmsport.fi\/#organization","name":"Vmsport","url":"https:\/\/vmsport.fi\/","logo":{"@type":"ImageObject","inLanguage":"sv-SE","@id":"https:\/\/vmsport.fi\/#\/schema\/logo\/image\/","url":"https:\/\/vmsport.fi\/wp-content\/uploads\/2024\/12\/vm_sport_RGB_horisontal-e1734526017575.png","contentUrl":"https:\/\/vmsport.fi\/wp-content\/uploads\/2024\/12\/vm_sport_RGB_horisontal-e1734526017575.png","width":668,"height":85,"caption":"Vmsport"},"image":{"@id":"https:\/\/vmsport.fi\/#\/schema\/logo\/image\/"},"sameAs":["https:\/\/www.facebook.com\/Vmsport.fi\/","https:\/\/www.instagram.com\/vmsport\/"]}]}},"global_unique_id":"","_links":{"self":[{"href":"https:\/\/vmsport.fi\/sv\/wp-json\/wp\/v2\/product\/54233","targetHints":{"allow":["GET"]}}],"collection":[{"href":"https:\/\/vmsport.fi\/sv\/wp-json\/wp\/v2\/product"}],"about":[{"href":"https:\/\/vmsport.fi\/sv\/wp-json\/wp\/v2\/types\/product"}],"replies":[{"embeddable":true,"href":"https:\/\/vmsport.fi\/sv\/wp-json\/wp\/v2\/comments?post=54233"}],"wp:featuredmedia":[{"embeddable":true,"href":"https:\/\/vmsport.fi\/sv\/wp-json\/wp\/v2\/media\/54232"}],"wp:attachment":[{"href":"https:\/\/vmsport.fi\/sv\/wp-json\/wp\/v2\/media?parent=54233"}],"wp:term":[{"taxonomy":"product_brand","embeddable":true,"href":"https:\/\/vmsport.fi\/sv\/wp-json\/wp\/v2\/product_brand?post=54233"},{"taxonomy":"product_model","embeddable":true,"href":"https:\/\/vmsport.fi\/sv\/wp-json\/wp\/v2\/product_model?post=54233"},{"taxonomy":"product_cat","embeddable":true,"href":"https:\/\/vmsport.fi\/sv\/wp-json\/wp\/v2\/product_cat?post=54233"},{"taxonomy":"product_tag","embeddable":true,"href":"https:\/\/vmsport.fi\/sv\/wp-json\/wp\/v2\/product_tag?post=54233"},{"taxonomy":"industry_terminology","embeddable":true,"href":"https:\/\/vmsport.fi\/sv\/wp-json\/wp\/v2\/industry-terminology?post=54233"}],"curies":[{"name":"wp","href":"https:\/\/api.w.org\/{rel}","templated":true}]}}