{"id":54229,"date":"2025-03-05T23:51:17","date_gmt":"2025-03-05T21:51:17","guid":{"rendered":"https:\/\/vmsport.fi\/verkkokauppa\/Ei-luokiteltu\/eturatas-36t-bc-36-26t-fc-m7000-2\/"},"modified":"2026-01-16T13:24:36","modified_gmt":"2026-01-16T11:24:36","slug":"36t-bc-36-26t-fc-m7000-2","status":"publish","type":"product","link":"https:\/\/vmsport.fi\/sv\/verkkokauppa\/varaosat\/voimansiirto\/eturattaat\/eturatas-36t-bc-36-26t-fc-m7000-2\/","title":{"rendered":"Framhjul 36T-BC 36-26T FC-M7000-2"},"content":{"rendered":"<p>Shimano FC-M7000-2 kassetthjul \u00e4r s\u00e4rskilt utformat f\u00f6r mountainbikes och kombinerar h\u00e5llbarhet och prestanda i sina 36- och 26-tandade hjul. Denna komponent \u00e4r en del av cykelns drivlina och f\u00f6rh\u00f6jer cykelupplevelsen med sin effektiva v\u00e4xlingsmekanism. Om ditt m\u00e5l \u00e4r att ha effektiva och tillf\u00f6rlitliga k\u00f6regenskaper \u00e4r det h\u00e4r framhjulet ett utm\u00e4rkt val. Dessutom st\u00f6der dess innovativa design enkla v\u00e4xlingar, vilket g\u00f6r det till en idealisk komponent f\u00f6r alla cyklister. N\u00e4r du vill ha kvalitet och valuta f\u00f6r pengarna kommer FC-M7000-2 att uppfylla dina f\u00f6rv\u00e4ntningar.<\/p>","protected":false},"excerpt":{"rendered":"<p>Shimano FC-M7000-2 -eturatas on erityisesti maastopy\u00f6riin suunniteltu ja yhdist\u00e4\u00e4 kest\u00e4vyyden ja suorituskyvyn 36- ja 26-hampaisissa rattaissaan. T\u00e4m\u00e4 osa kuuluu py\u00f6r\u00e4n voimansiirtoj\u00e4rjestelm\u00e4\u00e4n ja parantaa py\u00f6r\u00e4ilykokemusta tehokkaan vaihdemekanisminsa ansiosta. Jos tavoitteesi on saada tehokkaat ja luotettavat ajo-ominaisuudet, t\u00e4m\u00e4 eturatas on erinomainen valinta. Lis\u00e4ksi sen innovatiivinen rakenne tukee vaivatonta vaihteiden vaihtamista, mik\u00e4 tekee siit\u00e4 ihanteellisen komponentin jokaiselle py\u00f6r\u00e4ilij\u00e4lle. [&#8230;]<\/p>\n<p><a class=\"btn btn-secondary understrap-read-more-link\" href=\"https:\/\/vmsport.fi\/sv\/verkkokauppa\/varaosat\/voimansiirto\/eturattaat\/eturatas-36t-bc-36-26t-fc-m7000-2\/\">L\u00e4s mer \u2026<span class=\"screen-reader-text\"> from Eturatas 36T-BC 36-26T FC-M7000-2<\/span><\/a><\/p>\n","protected":false},"featured_media":54228,"comment_status":"open","ping_status":"closed","template":"","meta":{"_acf_changed":false,"_improvement_type_select":"improve_an_existing","_thumb_yes_seoaic":false,"_frame_yes_seoaic":false,"seoaic_generate_description":"","seoaic_improve_instructions_prompt":"","seoaic_rollback_content_improvement":"","seoaic_idea_thumbnail_generator":"","thumbnail_generated":false,"thumbnail_generate_prompt":"","seoaic_article_description":"","_supplier_stock_quantity":0},"product_brand":[],"product_model":[],"product_cat":[9252],"product_tag":[],"industry-terminology":[],"class_list":{"0":"post-54229","1":"product","2":"type-product","3":"status-publish","4":"has-post-thumbnail","6":"product_cat-eturattaat","8":"first","9":"outofstock","10":"taxable","11":"shipping-taxable","12":"product-type-simple"},"acf":{"bike_features":null,"overview":{"copy_overview":null,"key_features":null,"statement":"","youtube_url":""}},"yoast_head":"<!-- This site is optimized with the Yoast SEO plugin v27.4 - https:\/\/yoast.com\/product\/yoast-seo-wordpress\/ -->\n<title>Eturatas 36T-BC 36-26T FC-M7000-2 - VM Sport<\/title>\n<meta name=\"robots\" content=\"index, follow, max-snippet:-1, max-image-preview:large, max-video-preview:-1\" \/>\n<link rel=\"canonical\" href=\"https:\/\/vmsport.fi\/sv\/webbutik\/reservdelar\/transmission\/framhjulsdrift\/36t-bc-36-26t-fc-m7000-2\/\" \/>\n<meta property=\"og:locale\" content=\"sv_SE\" \/>\n<meta property=\"og:type\" content=\"article\" \/>\n<meta property=\"og:title\" content=\"Eturatas 36T-BC 36-26T FC-M7000-2 - VM Sport\" \/>\n<meta property=\"og:description\" content=\"Shimano FC-M7000-2 -eturatas on erityisesti maastopy\u00f6riin suunniteltu ja yhdist\u00e4\u00e4 kest\u00e4vyyden ja suorituskyvyn 36- ja 26-hampaisissa rattaissaan. T\u00e4m\u00e4 osa kuuluu py\u00f6r\u00e4n voimansiirtoj\u00e4rjestelm\u00e4\u00e4n ja parantaa py\u00f6r\u00e4ilykokemusta tehokkaan vaihdemekanisminsa ansiosta. Jos tavoitteesi on saada tehokkaat ja luotettavat ajo-ominaisuudet, t\u00e4m\u00e4 eturatas on erinomainen valinta. Lis\u00e4ksi sen innovatiivinen rakenne tukee vaivatonta vaihteiden vaihtamista, mik\u00e4 tekee siit\u00e4 ihanteellisen komponentin jokaiselle py\u00f6r\u00e4ilij\u00e4lle. [...]L\u00e4s mer \u2026 from Eturatas 36T-BC 36-26T FC-M7000-2\" \/>\n<meta property=\"og:url\" content=\"https:\/\/vmsport.fi\/sv\/webbutik\/reservdelar\/transmission\/framhjulsdrift\/36t-bc-36-26t-fc-m7000-2\/\" \/>\n<meta property=\"og:site_name\" content=\"VM Sport\" \/>\n<meta property=\"article:publisher\" content=\"https:\/\/www.facebook.com\/Vmsport.fi\/\" \/>\n<meta property=\"article:modified_time\" content=\"2026-01-16T11:24:36+00:00\" \/>\n<meta property=\"og:image\" content=\"https:\/\/vmsport.fi\/wp-content\/uploads\/2025\/03\/5DXajvMshTYB4QC3Dxp51Rc4rWOf5Yj7AIBiIF92501040h7Xw-1.jpg\" \/>\n\t<meta property=\"og:image:width\" content=\"600\" \/>\n\t<meta property=\"og:image:height\" content=\"600\" \/>\n\t<meta property=\"og:image:type\" content=\"image\/jpeg\" \/>\n<meta name=\"twitter:card\" content=\"summary_large_image\" \/>\n<script type=\"application\/ld+json\" class=\"yoast-schema-graph\">{\"@context\":\"https:\\\/\\\/schema.org\",\"@graph\":[{\"@type\":[\"WebPage\",\"ItemPage\"],\"@id\":\"https:\\\/\\\/vmsport.fi\\\/verkkokauppa\\\/varaosat\\\/voimansiirto\\\/eturattaat\\\/eturatas-36t-bc-36-26t-fc-m7000-2\\\/\",\"url\":\"https:\\\/\\\/vmsport.fi\\\/verkkokauppa\\\/varaosat\\\/voimansiirto\\\/eturattaat\\\/eturatas-36t-bc-36-26t-fc-m7000-2\\\/\",\"name\":\"Eturatas 36T-BC 36-26T FC-M7000-2 - VM Sport\",\"isPartOf\":{\"@id\":\"https:\\\/\\\/vmsport.fi\\\/#website\"},\"primaryImageOfPage\":{\"@id\":\"https:\\\/\\\/vmsport.fi\\\/verkkokauppa\\\/varaosat\\\/voimansiirto\\\/eturattaat\\\/eturatas-36t-bc-36-26t-fc-m7000-2\\\/#primaryimage\"},\"image\":{\"@id\":\"https:\\\/\\\/vmsport.fi\\\/verkkokauppa\\\/varaosat\\\/voimansiirto\\\/eturattaat\\\/eturatas-36t-bc-36-26t-fc-m7000-2\\\/#primaryimage\"},\"thumbnailUrl\":\"https:\\\/\\\/vmsport.fi\\\/wp-content\\\/uploads\\\/2025\\\/03\\\/5DXajvMshTYB4QC3Dxp51Rc4rWOf5Yj7AIBiIF92501040h7Xw-1.jpg\",\"datePublished\":\"2025-03-05T21:51:17+00:00\",\"dateModified\":\"2026-01-16T11:24:36+00:00\",\"breadcrumb\":{\"@id\":\"https:\\\/\\\/vmsport.fi\\\/verkkokauppa\\\/varaosat\\\/voimansiirto\\\/eturattaat\\\/eturatas-36t-bc-36-26t-fc-m7000-2\\\/#breadcrumb\"},\"inLanguage\":\"sv-SE\",\"potentialAction\":[{\"@type\":\"ReadAction\",\"target\":[\"https:\\\/\\\/vmsport.fi\\\/verkkokauppa\\\/varaosat\\\/voimansiirto\\\/eturattaat\\\/eturatas-36t-bc-36-26t-fc-m7000-2\\\/\"]}]},{\"@type\":\"ImageObject\",\"inLanguage\":\"sv-SE\",\"@id\":\"https:\\\/\\\/vmsport.fi\\\/verkkokauppa\\\/varaosat\\\/voimansiirto\\\/eturattaat\\\/eturatas-36t-bc-36-26t-fc-m7000-2\\\/#primaryimage\",\"url\":\"https:\\\/\\\/vmsport.fi\\\/wp-content\\\/uploads\\\/2025\\\/03\\\/5DXajvMshTYB4QC3Dxp51Rc4rWOf5Yj7AIBiIF92501040h7Xw-1.jpg\",\"contentUrl\":\"https:\\\/\\\/vmsport.fi\\\/wp-content\\\/uploads\\\/2025\\\/03\\\/5DXajvMshTYB4QC3Dxp51Rc4rWOf5Yj7AIBiIF92501040h7Xw-1.jpg\",\"width\":600,\"height\":600,\"caption\":\"5DXajvMshTYB4QC3Dxp51Rc4rWOf5Yj7AIBiIF92501040h7Xw\"},{\"@type\":\"BreadcrumbList\",\"@id\":\"https:\\\/\\\/vmsport.fi\\\/verkkokauppa\\\/varaosat\\\/voimansiirto\\\/eturattaat\\\/eturatas-36t-bc-36-26t-fc-m7000-2\\\/#breadcrumb\",\"itemListElement\":[{\"@type\":\"ListItem\",\"position\":1,\"name\":\"Etusivu\",\"item\":\"https:\\\/\\\/vmsport.fi\\\/\"},{\"@type\":\"ListItem\",\"position\":2,\"name\":\"Online Store\",\"item\":\"https:\\\/\\\/vmsport.fi\\\/en\\\/online-store\\\/\"},{\"@type\":\"ListItem\",\"position\":3,\"name\":\"Eturatas 36T-BC 36-26T FC-M7000-2\"}]},{\"@type\":\"WebSite\",\"@id\":\"https:\\\/\\\/vmsport.fi\\\/#website\",\"url\":\"https:\\\/\\\/vmsport.fi\\\/\",\"name\":\"Vmsport\",\"description\":\"Kaikki py\u00f6r\u00e4ilyyn yhdest\u00e4 paikasta\",\"publisher\":{\"@id\":\"https:\\\/\\\/vmsport.fi\\\/#organization\"},\"potentialAction\":[{\"@type\":\"SearchAction\",\"target\":{\"@type\":\"EntryPoint\",\"urlTemplate\":\"https:\\\/\\\/vmsport.fi\\\/?s={search_term_string}\"},\"query-input\":{\"@type\":\"PropertyValueSpecification\",\"valueRequired\":true,\"valueName\":\"search_term_string\"}}],\"inLanguage\":\"sv-SE\"},{\"@type\":\"Organization\",\"@id\":\"https:\\\/\\\/vmsport.fi\\\/#organization\",\"name\":\"Vmsport\",\"url\":\"https:\\\/\\\/vmsport.fi\\\/\",\"logo\":{\"@type\":\"ImageObject\",\"inLanguage\":\"sv-SE\",\"@id\":\"https:\\\/\\\/vmsport.fi\\\/#\\\/schema\\\/logo\\\/image\\\/\",\"url\":\"https:\\\/\\\/vmsport.fi\\\/wp-content\\\/uploads\\\/2024\\\/12\\\/vm_sport_RGB_horisontal-e1734526017575.png\",\"contentUrl\":\"https:\\\/\\\/vmsport.fi\\\/wp-content\\\/uploads\\\/2024\\\/12\\\/vm_sport_RGB_horisontal-e1734526017575.png\",\"width\":668,\"height\":85,\"caption\":\"Vmsport\"},\"image\":{\"@id\":\"https:\\\/\\\/vmsport.fi\\\/#\\\/schema\\\/logo\\\/image\\\/\"},\"sameAs\":[\"https:\\\/\\\/www.facebook.com\\\/Vmsport.fi\\\/\",\"https:\\\/\\\/www.instagram.com\\\/vmsport\\\/\"]}]}<\/script>\n<!-- \/ Yoast SEO plugin. -->","yoast_head_json":{"title":"Eturatas 36T-BC 36-26T FC-M7000-2 - VM Sport","robots":{"index":"index","follow":"follow","max-snippet":"max-snippet:-1","max-image-preview":"max-image-preview:large","max-video-preview":"max-video-preview:-1"},"canonical":"https:\/\/vmsport.fi\/sv\/webbutik\/reservdelar\/transmission\/framhjulsdrift\/36t-bc-36-26t-fc-m7000-2\/","og_locale":"sv_SE","og_type":"article","og_title":"Eturatas 36T-BC 36-26T FC-M7000-2 - VM Sport","og_description":"Shimano FC-M7000-2 -eturatas on erityisesti maastopy\u00f6riin suunniteltu ja yhdist\u00e4\u00e4 kest\u00e4vyyden ja suorituskyvyn 36- ja 26-hampaisissa rattaissaan. T\u00e4m\u00e4 osa kuuluu py\u00f6r\u00e4n voimansiirtoj\u00e4rjestelm\u00e4\u00e4n ja parantaa py\u00f6r\u00e4ilykokemusta tehokkaan vaihdemekanisminsa ansiosta. Jos tavoitteesi on saada tehokkaat ja luotettavat ajo-ominaisuudet, t\u00e4m\u00e4 eturatas on erinomainen valinta. Lis\u00e4ksi sen innovatiivinen rakenne tukee vaivatonta vaihteiden vaihtamista, mik\u00e4 tekee siit\u00e4 ihanteellisen komponentin jokaiselle py\u00f6r\u00e4ilij\u00e4lle. [...]L\u00e4s mer \u2026 from Eturatas 36T-BC 36-26T FC-M7000-2","og_url":"https:\/\/vmsport.fi\/sv\/webbutik\/reservdelar\/transmission\/framhjulsdrift\/36t-bc-36-26t-fc-m7000-2\/","og_site_name":"VM Sport","article_publisher":"https:\/\/www.facebook.com\/Vmsport.fi\/","article_modified_time":"2026-01-16T11:24:36+00:00","og_image":[{"width":600,"height":600,"url":"https:\/\/vmsport.fi\/wp-content\/uploads\/2025\/03\/5DXajvMshTYB4QC3Dxp51Rc4rWOf5Yj7AIBiIF92501040h7Xw-1.jpg","type":"image\/jpeg"}],"twitter_card":"summary_large_image","schema":{"@context":"https:\/\/schema.org","@graph":[{"@type":["WebPage","ItemPage"],"@id":"https:\/\/vmsport.fi\/verkkokauppa\/varaosat\/voimansiirto\/eturattaat\/eturatas-36t-bc-36-26t-fc-m7000-2\/","url":"https:\/\/vmsport.fi\/verkkokauppa\/varaosat\/voimansiirto\/eturattaat\/eturatas-36t-bc-36-26t-fc-m7000-2\/","name":"Eturatas 36T-BC 36-26T FC-M7000-2 - VM Sport","isPartOf":{"@id":"https:\/\/vmsport.fi\/#website"},"primaryImageOfPage":{"@id":"https:\/\/vmsport.fi\/verkkokauppa\/varaosat\/voimansiirto\/eturattaat\/eturatas-36t-bc-36-26t-fc-m7000-2\/#primaryimage"},"image":{"@id":"https:\/\/vmsport.fi\/verkkokauppa\/varaosat\/voimansiirto\/eturattaat\/eturatas-36t-bc-36-26t-fc-m7000-2\/#primaryimage"},"thumbnailUrl":"https:\/\/vmsport.fi\/wp-content\/uploads\/2025\/03\/5DXajvMshTYB4QC3Dxp51Rc4rWOf5Yj7AIBiIF92501040h7Xw-1.jpg","datePublished":"2025-03-05T21:51:17+00:00","dateModified":"2026-01-16T11:24:36+00:00","breadcrumb":{"@id":"https:\/\/vmsport.fi\/verkkokauppa\/varaosat\/voimansiirto\/eturattaat\/eturatas-36t-bc-36-26t-fc-m7000-2\/#breadcrumb"},"inLanguage":"sv-SE","potentialAction":[{"@type":"ReadAction","target":["https:\/\/vmsport.fi\/verkkokauppa\/varaosat\/voimansiirto\/eturattaat\/eturatas-36t-bc-36-26t-fc-m7000-2\/"]}]},{"@type":"ImageObject","inLanguage":"sv-SE","@id":"https:\/\/vmsport.fi\/verkkokauppa\/varaosat\/voimansiirto\/eturattaat\/eturatas-36t-bc-36-26t-fc-m7000-2\/#primaryimage","url":"https:\/\/vmsport.fi\/wp-content\/uploads\/2025\/03\/5DXajvMshTYB4QC3Dxp51Rc4rWOf5Yj7AIBiIF92501040h7Xw-1.jpg","contentUrl":"https:\/\/vmsport.fi\/wp-content\/uploads\/2025\/03\/5DXajvMshTYB4QC3Dxp51Rc4rWOf5Yj7AIBiIF92501040h7Xw-1.jpg","width":600,"height":600,"caption":"5DXajvMshTYB4QC3Dxp51Rc4rWOf5Yj7AIBiIF92501040h7Xw"},{"@type":"BreadcrumbList","@id":"https:\/\/vmsport.fi\/verkkokauppa\/varaosat\/voimansiirto\/eturattaat\/eturatas-36t-bc-36-26t-fc-m7000-2\/#breadcrumb","itemListElement":[{"@type":"ListItem","position":1,"name":"Etusivu","item":"https:\/\/vmsport.fi\/"},{"@type":"ListItem","position":2,"name":"Online Store","item":"https:\/\/vmsport.fi\/en\/online-store\/"},{"@type":"ListItem","position":3,"name":"Eturatas 36T-BC 36-26T FC-M7000-2"}]},{"@type":"WebSite","@id":"https:\/\/vmsport.fi\/#website","url":"https:\/\/vmsport.fi\/","name":"Vmsport","description":"Allt p\u00e5 ett st\u00e4lle f\u00f6r cykling","publisher":{"@id":"https:\/\/vmsport.fi\/#organization"},"potentialAction":[{"@type":"SearchAction","target":{"@type":"EntryPoint","urlTemplate":"https:\/\/vmsport.fi\/?s={search_term_string}"},"query-input":{"@type":"PropertyValueSpecification","valueRequired":true,"valueName":"search_term_string"}}],"inLanguage":"sv-SE"},{"@type":"Organization","@id":"https:\/\/vmsport.fi\/#organization","name":"Vmsport","url":"https:\/\/vmsport.fi\/","logo":{"@type":"ImageObject","inLanguage":"sv-SE","@id":"https:\/\/vmsport.fi\/#\/schema\/logo\/image\/","url":"https:\/\/vmsport.fi\/wp-content\/uploads\/2024\/12\/vm_sport_RGB_horisontal-e1734526017575.png","contentUrl":"https:\/\/vmsport.fi\/wp-content\/uploads\/2024\/12\/vm_sport_RGB_horisontal-e1734526017575.png","width":668,"height":85,"caption":"Vmsport"},"image":{"@id":"https:\/\/vmsport.fi\/#\/schema\/logo\/image\/"},"sameAs":["https:\/\/www.facebook.com\/Vmsport.fi\/","https:\/\/www.instagram.com\/vmsport\/"]}]}},"global_unique_id":"","_links":{"self":[{"href":"https:\/\/vmsport.fi\/sv\/wp-json\/wp\/v2\/product\/54229","targetHints":{"allow":["GET"]}}],"collection":[{"href":"https:\/\/vmsport.fi\/sv\/wp-json\/wp\/v2\/product"}],"about":[{"href":"https:\/\/vmsport.fi\/sv\/wp-json\/wp\/v2\/types\/product"}],"replies":[{"embeddable":true,"href":"https:\/\/vmsport.fi\/sv\/wp-json\/wp\/v2\/comments?post=54229"}],"wp:featuredmedia":[{"embeddable":true,"href":"https:\/\/vmsport.fi\/sv\/wp-json\/wp\/v2\/media\/54228"}],"wp:attachment":[{"href":"https:\/\/vmsport.fi\/sv\/wp-json\/wp\/v2\/media?parent=54229"}],"wp:term":[{"taxonomy":"product_brand","embeddable":true,"href":"https:\/\/vmsport.fi\/sv\/wp-json\/wp\/v2\/product_brand?post=54229"},{"taxonomy":"product_model","embeddable":true,"href":"https:\/\/vmsport.fi\/sv\/wp-json\/wp\/v2\/product_model?post=54229"},{"taxonomy":"product_cat","embeddable":true,"href":"https:\/\/vmsport.fi\/sv\/wp-json\/wp\/v2\/product_cat?post=54229"},{"taxonomy":"product_tag","embeddable":true,"href":"https:\/\/vmsport.fi\/sv\/wp-json\/wp\/v2\/product_tag?post=54229"},{"taxonomy":"industry_terminology","embeddable":true,"href":"https:\/\/vmsport.fi\/sv\/wp-json\/wp\/v2\/industry-terminology?post=54229"}],"curies":[{"name":"wp","href":"https:\/\/api.w.org\/{rel}","templated":true}]}}