{"id":54221,"date":"2025-03-05T23:51:13","date_gmt":"2025-03-05T21:51:13","guid":{"rendered":"https:\/\/vmsport.fi\/verkkokauppa\/Ei-luokiteltu\/levyjarrupalasarja-l05a-hartsi-1-pcs\/"},"modified":"2026-04-21T03:00:24","modified_gmt":"2026-04-21T00:00:24","slug":"skivbromsskivsats-l05a-resin-1-st","status":"publish","type":"product","link":"https:\/\/vmsport.fi\/sv\/verkkokauppa\/varaosat\/jarrut\/jarrupalat\/levyjarrupalasarja-l05a-hartsi-1-pcs\/","title":{"rendered":"Skivbromsskivsats L05A Resin 1 st"},"content":{"rendered":"<p>L05A-skivbromsbel\u00e4ggsatsen, som \u00e4r utformad f\u00f6r att vara kompatibel med Shimano-bromsar, ger cyklister tillf\u00f6rlitlig bromsprestanda. Komponenten \u00e4r tillverkad av hartsbaserat material och \u00e4r en enhet i ett stycke, vilket g\u00f6r den enkel att installera. Dess s\u00e4rskilda l\u00e4mplighet f\u00f6r skivbromsar s\u00e4kerst\u00e4ller optimal prestanda och h\u00e5llbarhet \u00e4ven under utmanande k\u00f6rf\u00f6rh\u00e5llanden. Dess precisionsdesign och tillf\u00f6rlitlighet g\u00f6r den till ett utm\u00e4rkt val f\u00f6r dem som vill bibeh\u00e5lla eller f\u00f6rb\u00e4ttra bromsprestandan p\u00e5 sin cykel.<\/p>","protected":false},"excerpt":{"rendered":"<p>Levyjarrupalasarja L05A, suunniteltu yhteensopivaksi Shimano-jarrujen kanssa, tarjoaa py\u00f6r\u00e4ilij\u00f6ille varmaa jarrutustehoa. T\u00e4m\u00e4 hartsipohjaisesta materiaalista valmistettu osa on yhten\u00e4inen kokonaisuus, mik\u00e4 tekee sen asentamisesta vaivatonta. Sen erityinen soveltuvuus juuri levyjarrujen k\u00e4ytt\u00f6\u00f6n takaa parhaan mahdollisen suorituskyvyn ja kest\u00e4vyyden jopa haastavissa ajo-olosuhteissa. Tarkan suunnittelunsa ja luotettavuutensa ansiosta se on erinomainen valinta niille, jotka haluavat yll\u00e4pit\u00e4\u00e4 tai parantaa py\u00f6r\u00e4n jarrutustehoa. [&#8230;]<\/p>\n<p><a class=\"btn btn-secondary understrap-read-more-link\" href=\"https:\/\/vmsport.fi\/sv\/verkkokauppa\/varaosat\/jarrut\/jarrupalat\/levyjarrupalasarja-l05a-hartsi-1-pcs\/\">L\u00e4s mer \u2026<span class=\"screen-reader-text\"> from Levyjarrupalasarja L05A Hartsi 1 pcs<\/span><\/a><\/p>\n","protected":false},"featured_media":54220,"comment_status":"open","ping_status":"closed","template":"","meta":{"_acf_changed":false,"_improvement_type_select":"improve_an_existing","_thumb_yes_seoaic":false,"_frame_yes_seoaic":false,"seoaic_generate_description":"","seoaic_improve_instructions_prompt":"","seoaic_rollback_content_improvement":"","seoaic_idea_thumbnail_generator":"","thumbnail_generated":false,"thumbnail_generate_prompt":"","seoaic_article_description":"","_supplier_stock_quantity":0},"product_brand":[],"product_model":[],"product_cat":[9288],"product_tag":[],"industry-terminology":[],"class_list":{"0":"post-54221","1":"product","2":"type-product","3":"status-publish","4":"has-post-thumbnail","6":"product_cat-jarrupalat","8":"first","9":"instock","10":"taxable","11":"shipping-taxable","12":"purchasable","13":"product-type-simple"},"acf":{"bike_features":null,"overview":{"copy_overview":null,"key_features":null,"statement":"","youtube_url":""}},"yoast_head":"<!-- This site is optimized with the Yoast SEO plugin v27.4 - https:\/\/yoast.com\/product\/yoast-seo-wordpress\/ -->\n<title>Levyjarrupalasarja L05A Hartsi 1 pcs - VM Sport<\/title>\n<meta name=\"robots\" content=\"index, follow, max-snippet:-1, max-image-preview:large, max-video-preview:-1\" \/>\n<link rel=\"canonical\" href=\"https:\/\/vmsport.fi\/sv\/webbutik\/reservdelar\/bromsar\/bromsbelagg\/skivbromsskivsats-l05a-resin-1-st\/\" \/>\n<meta property=\"og:locale\" content=\"sv_SE\" \/>\n<meta property=\"og:type\" content=\"article\" \/>\n<meta property=\"og:title\" content=\"Levyjarrupalasarja L05A Hartsi 1 pcs - VM Sport\" \/>\n<meta property=\"og:description\" content=\"Levyjarrupalasarja L05A, suunniteltu yhteensopivaksi Shimano-jarrujen kanssa, tarjoaa py\u00f6r\u00e4ilij\u00f6ille varmaa jarrutustehoa. T\u00e4m\u00e4 hartsipohjaisesta materiaalista valmistettu osa on yhten\u00e4inen kokonaisuus, mik\u00e4 tekee sen asentamisesta vaivatonta. Sen erityinen soveltuvuus juuri levyjarrujen k\u00e4ytt\u00f6\u00f6n takaa parhaan mahdollisen suorituskyvyn ja kest\u00e4vyyden jopa haastavissa ajo-olosuhteissa. Tarkan suunnittelunsa ja luotettavuutensa ansiosta se on erinomainen valinta niille, jotka haluavat yll\u00e4pit\u00e4\u00e4 tai parantaa py\u00f6r\u00e4n jarrutustehoa. [...]L\u00e4s mer \u2026 from Levyjarrupalasarja L05A Hartsi 1 pcs\" \/>\n<meta property=\"og:url\" content=\"https:\/\/vmsport.fi\/sv\/webbutik\/reservdelar\/bromsar\/bromsbelagg\/skivbromsskivsats-l05a-resin-1-st\/\" \/>\n<meta property=\"og:site_name\" content=\"VM Sport\" \/>\n<meta property=\"article:publisher\" content=\"https:\/\/www.facebook.com\/Vmsport.fi\/\" \/>\n<meta property=\"article:modified_time\" content=\"2026-04-21T00:00:24+00:00\" \/>\n<meta property=\"og:image\" content=\"https:\/\/vmsport.fi\/wp-content\/uploads\/2025\/03\/1Z44Li1BNFRoV6MUZT8P7wR8Rls3bcRDiCXcUudfwvd90N6wFS-1.jpg\" \/>\n\t<meta property=\"og:image:width\" content=\"600\" \/>\n\t<meta property=\"og:image:height\" content=\"600\" \/>\n\t<meta property=\"og:image:type\" content=\"image\/jpeg\" \/>\n<meta name=\"twitter:card\" content=\"summary_large_image\" \/>\n<script type=\"application\/ld+json\" class=\"yoast-schema-graph\">{\"@context\":\"https:\\\/\\\/schema.org\",\"@graph\":[{\"@type\":[\"WebPage\",\"ItemPage\"],\"@id\":\"https:\\\/\\\/vmsport.fi\\\/verkkokauppa\\\/varaosat\\\/jarrut\\\/jarrupalat\\\/levyjarrupalasarja-l05a-hartsi-1-pcs\\\/\",\"url\":\"https:\\\/\\\/vmsport.fi\\\/verkkokauppa\\\/varaosat\\\/jarrut\\\/jarrupalat\\\/levyjarrupalasarja-l05a-hartsi-1-pcs\\\/\",\"name\":\"Levyjarrupalasarja L05A Hartsi 1 pcs - VM Sport\",\"isPartOf\":{\"@id\":\"https:\\\/\\\/vmsport.fi\\\/#website\"},\"primaryImageOfPage\":{\"@id\":\"https:\\\/\\\/vmsport.fi\\\/verkkokauppa\\\/varaosat\\\/jarrut\\\/jarrupalat\\\/levyjarrupalasarja-l05a-hartsi-1-pcs\\\/#primaryimage\"},\"image\":{\"@id\":\"https:\\\/\\\/vmsport.fi\\\/verkkokauppa\\\/varaosat\\\/jarrut\\\/jarrupalat\\\/levyjarrupalasarja-l05a-hartsi-1-pcs\\\/#primaryimage\"},\"thumbnailUrl\":\"https:\\\/\\\/vmsport.fi\\\/wp-content\\\/uploads\\\/2025\\\/03\\\/1Z44Li1BNFRoV6MUZT8P7wR8Rls3bcRDiCXcUudfwvd90N6wFS-1.jpg\",\"datePublished\":\"2025-03-05T21:51:13+00:00\",\"dateModified\":\"2026-04-21T00:00:24+00:00\",\"breadcrumb\":{\"@id\":\"https:\\\/\\\/vmsport.fi\\\/verkkokauppa\\\/varaosat\\\/jarrut\\\/jarrupalat\\\/levyjarrupalasarja-l05a-hartsi-1-pcs\\\/#breadcrumb\"},\"inLanguage\":\"sv-SE\",\"potentialAction\":[{\"@type\":\"ReadAction\",\"target\":[\"https:\\\/\\\/vmsport.fi\\\/verkkokauppa\\\/varaosat\\\/jarrut\\\/jarrupalat\\\/levyjarrupalasarja-l05a-hartsi-1-pcs\\\/\"]}]},{\"@type\":\"ImageObject\",\"inLanguage\":\"sv-SE\",\"@id\":\"https:\\\/\\\/vmsport.fi\\\/verkkokauppa\\\/varaosat\\\/jarrut\\\/jarrupalat\\\/levyjarrupalasarja-l05a-hartsi-1-pcs\\\/#primaryimage\",\"url\":\"https:\\\/\\\/vmsport.fi\\\/wp-content\\\/uploads\\\/2025\\\/03\\\/1Z44Li1BNFRoV6MUZT8P7wR8Rls3bcRDiCXcUudfwvd90N6wFS-1.jpg\",\"contentUrl\":\"https:\\\/\\\/vmsport.fi\\\/wp-content\\\/uploads\\\/2025\\\/03\\\/1Z44Li1BNFRoV6MUZT8P7wR8Rls3bcRDiCXcUudfwvd90N6wFS-1.jpg\",\"width\":600,\"height\":600,\"caption\":\"1Z44Li1BNFRoV6MUZT8P7wR8Rls3bcRDiCXcUudfwvd90N6wFS\"},{\"@type\":\"BreadcrumbList\",\"@id\":\"https:\\\/\\\/vmsport.fi\\\/verkkokauppa\\\/varaosat\\\/jarrut\\\/jarrupalat\\\/levyjarrupalasarja-l05a-hartsi-1-pcs\\\/#breadcrumb\",\"itemListElement\":[{\"@type\":\"ListItem\",\"position\":1,\"name\":\"Etusivu\",\"item\":\"https:\\\/\\\/vmsport.fi\\\/\"},{\"@type\":\"ListItem\",\"position\":2,\"name\":\"Online Store\",\"item\":\"https:\\\/\\\/vmsport.fi\\\/en\\\/online-store\\\/\"},{\"@type\":\"ListItem\",\"position\":3,\"name\":\"Levyjarrupalasarja L05A Hartsi 1 pcs\"}]},{\"@type\":\"WebSite\",\"@id\":\"https:\\\/\\\/vmsport.fi\\\/#website\",\"url\":\"https:\\\/\\\/vmsport.fi\\\/\",\"name\":\"Vmsport\",\"description\":\"Kaikki py\u00f6r\u00e4ilyyn yhdest\u00e4 paikasta\",\"publisher\":{\"@id\":\"https:\\\/\\\/vmsport.fi\\\/#organization\"},\"potentialAction\":[{\"@type\":\"SearchAction\",\"target\":{\"@type\":\"EntryPoint\",\"urlTemplate\":\"https:\\\/\\\/vmsport.fi\\\/?s={search_term_string}\"},\"query-input\":{\"@type\":\"PropertyValueSpecification\",\"valueRequired\":true,\"valueName\":\"search_term_string\"}}],\"inLanguage\":\"sv-SE\"},{\"@type\":\"Organization\",\"@id\":\"https:\\\/\\\/vmsport.fi\\\/#organization\",\"name\":\"Vmsport\",\"url\":\"https:\\\/\\\/vmsport.fi\\\/\",\"logo\":{\"@type\":\"ImageObject\",\"inLanguage\":\"sv-SE\",\"@id\":\"https:\\\/\\\/vmsport.fi\\\/#\\\/schema\\\/logo\\\/image\\\/\",\"url\":\"https:\\\/\\\/vmsport.fi\\\/wp-content\\\/uploads\\\/2024\\\/12\\\/vm_sport_RGB_horisontal-e1734526017575.png\",\"contentUrl\":\"https:\\\/\\\/vmsport.fi\\\/wp-content\\\/uploads\\\/2024\\\/12\\\/vm_sport_RGB_horisontal-e1734526017575.png\",\"width\":668,\"height\":85,\"caption\":\"Vmsport\"},\"image\":{\"@id\":\"https:\\\/\\\/vmsport.fi\\\/#\\\/schema\\\/logo\\\/image\\\/\"},\"sameAs\":[\"https:\\\/\\\/www.facebook.com\\\/Vmsport.fi\\\/\",\"https:\\\/\\\/www.instagram.com\\\/vmsport\\\/\"]}]}<\/script>\n<!-- \/ Yoast SEO plugin. -->","yoast_head_json":{"title":"Skivbromsbel\u00e4ggsats L05A Resin 1 st - VM Sport","robots":{"index":"index","follow":"follow","max-snippet":"max-snippet:-1","max-image-preview":"max-image-preview:large","max-video-preview":"max-video-preview:-1"},"canonical":"https:\/\/vmsport.fi\/sv\/webbutik\/reservdelar\/bromsar\/bromsbelagg\/skivbromsskivsats-l05a-resin-1-st\/","og_locale":"sv_SE","og_type":"article","og_title":"Levyjarrupalasarja L05A Hartsi 1 pcs - VM Sport","og_description":"Levyjarrupalasarja L05A, suunniteltu yhteensopivaksi Shimano-jarrujen kanssa, tarjoaa py\u00f6r\u00e4ilij\u00f6ille varmaa jarrutustehoa. T\u00e4m\u00e4 hartsipohjaisesta materiaalista valmistettu osa on yhten\u00e4inen kokonaisuus, mik\u00e4 tekee sen asentamisesta vaivatonta. Sen erityinen soveltuvuus juuri levyjarrujen k\u00e4ytt\u00f6\u00f6n takaa parhaan mahdollisen suorituskyvyn ja kest\u00e4vyyden jopa haastavissa ajo-olosuhteissa. Tarkan suunnittelunsa ja luotettavuutensa ansiosta se on erinomainen valinta niille, jotka haluavat yll\u00e4pit\u00e4\u00e4 tai parantaa py\u00f6r\u00e4n jarrutustehoa. [...]L\u00e4s mer \u2026 from Levyjarrupalasarja L05A Hartsi 1 pcs","og_url":"https:\/\/vmsport.fi\/sv\/webbutik\/reservdelar\/bromsar\/bromsbelagg\/skivbromsskivsats-l05a-resin-1-st\/","og_site_name":"VM Sport","article_publisher":"https:\/\/www.facebook.com\/Vmsport.fi\/","article_modified_time":"2026-04-21T00:00:24+00:00","og_image":[{"width":600,"height":600,"url":"https:\/\/vmsport.fi\/wp-content\/uploads\/2025\/03\/1Z44Li1BNFRoV6MUZT8P7wR8Rls3bcRDiCXcUudfwvd90N6wFS-1.jpg","type":"image\/jpeg"}],"twitter_card":"summary_large_image","schema":{"@context":"https:\/\/schema.org","@graph":[{"@type":["WebPage","ItemPage"],"@id":"https:\/\/vmsport.fi\/verkkokauppa\/varaosat\/jarrut\/jarrupalat\/levyjarrupalasarja-l05a-hartsi-1-pcs\/","url":"https:\/\/vmsport.fi\/verkkokauppa\/varaosat\/jarrut\/jarrupalat\/levyjarrupalasarja-l05a-hartsi-1-pcs\/","name":"Skivbromsbel\u00e4ggsats L05A Resin 1 st - VM Sport","isPartOf":{"@id":"https:\/\/vmsport.fi\/#website"},"primaryImageOfPage":{"@id":"https:\/\/vmsport.fi\/verkkokauppa\/varaosat\/jarrut\/jarrupalat\/levyjarrupalasarja-l05a-hartsi-1-pcs\/#primaryimage"},"image":{"@id":"https:\/\/vmsport.fi\/verkkokauppa\/varaosat\/jarrut\/jarrupalat\/levyjarrupalasarja-l05a-hartsi-1-pcs\/#primaryimage"},"thumbnailUrl":"https:\/\/vmsport.fi\/wp-content\/uploads\/2025\/03\/1Z44Li1BNFRoV6MUZT8P7wR8Rls3bcRDiCXcUudfwvd90N6wFS-1.jpg","datePublished":"2025-03-05T21:51:13+00:00","dateModified":"2026-04-21T00:00:24+00:00","breadcrumb":{"@id":"https:\/\/vmsport.fi\/verkkokauppa\/varaosat\/jarrut\/jarrupalat\/levyjarrupalasarja-l05a-hartsi-1-pcs\/#breadcrumb"},"inLanguage":"sv-SE","potentialAction":[{"@type":"ReadAction","target":["https:\/\/vmsport.fi\/verkkokauppa\/varaosat\/jarrut\/jarrupalat\/levyjarrupalasarja-l05a-hartsi-1-pcs\/"]}]},{"@type":"ImageObject","inLanguage":"sv-SE","@id":"https:\/\/vmsport.fi\/verkkokauppa\/varaosat\/jarrut\/jarrupalat\/levyjarrupalasarja-l05a-hartsi-1-pcs\/#primaryimage","url":"https:\/\/vmsport.fi\/wp-content\/uploads\/2025\/03\/1Z44Li1BNFRoV6MUZT8P7wR8Rls3bcRDiCXcUudfwvd90N6wFS-1.jpg","contentUrl":"https:\/\/vmsport.fi\/wp-content\/uploads\/2025\/03\/1Z44Li1BNFRoV6MUZT8P7wR8Rls3bcRDiCXcUudfwvd90N6wFS-1.jpg","width":600,"height":600,"caption":"1Z44Li1BNFRoV6MUZT8P7wR8Rls3bcRDiCXcUudfwvd90N6wFS"},{"@type":"BreadcrumbList","@id":"https:\/\/vmsport.fi\/verkkokauppa\/varaosat\/jarrut\/jarrupalat\/levyjarrupalasarja-l05a-hartsi-1-pcs\/#breadcrumb","itemListElement":[{"@type":"ListItem","position":1,"name":"Etusivu","item":"https:\/\/vmsport.fi\/"},{"@type":"ListItem","position":2,"name":"Online Store","item":"https:\/\/vmsport.fi\/en\/online-store\/"},{"@type":"ListItem","position":3,"name":"Levyjarrupalasarja L05A Hartsi 1 pcs"}]},{"@type":"WebSite","@id":"https:\/\/vmsport.fi\/#website","url":"https:\/\/vmsport.fi\/","name":"Vmsport","description":"Allt p\u00e5 ett st\u00e4lle f\u00f6r cykling","publisher":{"@id":"https:\/\/vmsport.fi\/#organization"},"potentialAction":[{"@type":"SearchAction","target":{"@type":"EntryPoint","urlTemplate":"https:\/\/vmsport.fi\/?s={search_term_string}"},"query-input":{"@type":"PropertyValueSpecification","valueRequired":true,"valueName":"search_term_string"}}],"inLanguage":"sv-SE"},{"@type":"Organization","@id":"https:\/\/vmsport.fi\/#organization","name":"Vmsport","url":"https:\/\/vmsport.fi\/","logo":{"@type":"ImageObject","inLanguage":"sv-SE","@id":"https:\/\/vmsport.fi\/#\/schema\/logo\/image\/","url":"https:\/\/vmsport.fi\/wp-content\/uploads\/2024\/12\/vm_sport_RGB_horisontal-e1734526017575.png","contentUrl":"https:\/\/vmsport.fi\/wp-content\/uploads\/2024\/12\/vm_sport_RGB_horisontal-e1734526017575.png","width":668,"height":85,"caption":"Vmsport"},"image":{"@id":"https:\/\/vmsport.fi\/#\/schema\/logo\/image\/"},"sameAs":["https:\/\/www.facebook.com\/Vmsport.fi\/","https:\/\/www.instagram.com\/vmsport\/"]}]}},"global_unique_id":"","_links":{"self":[{"href":"https:\/\/vmsport.fi\/sv\/wp-json\/wp\/v2\/product\/54221","targetHints":{"allow":["GET"]}}],"collection":[{"href":"https:\/\/vmsport.fi\/sv\/wp-json\/wp\/v2\/product"}],"about":[{"href":"https:\/\/vmsport.fi\/sv\/wp-json\/wp\/v2\/types\/product"}],"replies":[{"embeddable":true,"href":"https:\/\/vmsport.fi\/sv\/wp-json\/wp\/v2\/comments?post=54221"}],"wp:featuredmedia":[{"embeddable":true,"href":"https:\/\/vmsport.fi\/sv\/wp-json\/wp\/v2\/media\/54220"}],"wp:attachment":[{"href":"https:\/\/vmsport.fi\/sv\/wp-json\/wp\/v2\/media?parent=54221"}],"wp:term":[{"taxonomy":"product_brand","embeddable":true,"href":"https:\/\/vmsport.fi\/sv\/wp-json\/wp\/v2\/product_brand?post=54221"},{"taxonomy":"product_model","embeddable":true,"href":"https:\/\/vmsport.fi\/sv\/wp-json\/wp\/v2\/product_model?post=54221"},{"taxonomy":"product_cat","embeddable":true,"href":"https:\/\/vmsport.fi\/sv\/wp-json\/wp\/v2\/product_cat?post=54221"},{"taxonomy":"product_tag","embeddable":true,"href":"https:\/\/vmsport.fi\/sv\/wp-json\/wp\/v2\/product_tag?post=54221"},{"taxonomy":"industry_terminology","embeddable":true,"href":"https:\/\/vmsport.fi\/sv\/wp-json\/wp\/v2\/industry-terminology?post=54221"}],"curies":[{"name":"wp","href":"https:\/\/api.w.org\/{rel}","templated":true}]}}