{"id":54219,"date":"2025-03-05T23:51:13","date_gmt":"2025-03-05T21:51:13","guid":{"rendered":"https:\/\/vmsport.fi\/verkkokauppa\/Ei-luokiteltu\/hrm-dual-sykevyo-hrm-dual\/"},"modified":"2026-04-22T15:04:29","modified_gmt":"2026-04-22T12:04:29","slug":"hrm-dubbel-sykevyo-hrm-dubbel","status":"publish","type":"product","link":"https:\/\/vmsport.fi\/sv\/verkkokauppa\/tarvikkeet\/ajotietokoneet-ja-harjoitusvastukset\/ajotietokoneet\/hrm-dual-sykevyo-hrm-dual\/","title":{"rendered":"HRM-Dual, hj\u00e4rtfrekvensb\u00e4lte, HRM-Dual"},"content":{"rendered":"<p>HRM-Dual \u00e4r ett praktiskt pulsb\u00e4lte som kombinerar precision och komfort. Den dubbla tekniken m\u00f6jligg\u00f6r tr\u00e5dl\u00f6s anslutning via Bluetooth och ANT+. Detta g\u00f6r b\u00e4ltet till ett utm\u00e4rkt val f\u00f6r alla typer av tr\u00e4ningssituationer d\u00e4r tillf\u00f6rlitlig pulsm\u00e4tning kr\u00e4vs. Den bekv\u00e4ma remmen s\u00e4kerst\u00e4ller en bra passform och st\u00f6r inte r\u00f6relsen. Det \u00e4r utformat f\u00f6r att klara kr\u00e4vande f\u00f6rh\u00e5llanden och fungerar s\u00f6ml\u00f6st med ett brett utbud av utrustning, vilket f\u00f6rb\u00e4ttrar din tr\u00e4ningsupplevelse.<\/p>","protected":false},"excerpt":{"rendered":"<p>HRM-Dual on k\u00e4yt\u00e4nn\u00f6llinen sykevy\u00f6, joka yhdist\u00e4\u00e4 tarkkuuden ja mukavuuden. Sen kaksoisteknologia mahdollistaa langattoman yhteyden sek\u00e4 Bluetoothin ett\u00e4 ANT+:n avulla. T\u00e4m\u00e4 tekee vy\u00f6st\u00e4 erinomaisen valinnan kaikenlaisiin liikuntatilanteisiin, joissa tarvitaan luotettava sykemittaus. Mukava hihna takaa hyv\u00e4n istuvuuden eik\u00e4 h\u00e4iritse liikkumista. Laite on suunniteltu kest\u00e4m\u00e4\u00e4n vaativissakin olosuhteissa ja toimii saumattomasti monien eri laitteiden kanssa, parantaen harjoittelukokemustasi. [&#8230;]<\/p>\n<p><a class=\"btn btn-secondary understrap-read-more-link\" href=\"https:\/\/vmsport.fi\/sv\/verkkokauppa\/tarvikkeet\/ajotietokoneet-ja-harjoitusvastukset\/ajotietokoneet\/hrm-dual-sykevyo-hrm-dual\/\">L\u00e4s mer \u2026<span class=\"screen-reader-text\"> from HRM-Dual, sykevy\u00f6, HRM-Dual<\/span><\/a><\/p>\n","protected":false},"featured_media":54218,"comment_status":"open","ping_status":"closed","template":"","meta":{"_acf_changed":false,"_improvement_type_select":"improve_an_existing","_thumb_yes_seoaic":false,"_frame_yes_seoaic":false,"seoaic_generate_description":"","seoaic_improve_instructions_prompt":"","seoaic_rollback_content_improvement":"","seoaic_idea_thumbnail_generator":"","thumbnail_generated":false,"thumbnail_generate_prompt":"","seoaic_article_description":"","_supplier_stock_quantity":0},"product_brand":[],"product_model":[],"product_cat":[9266],"product_tag":[],"industry-terminology":[],"class_list":{"0":"post-54219","1":"product","2":"type-product","3":"status-publish","4":"has-post-thumbnail","6":"product_cat-ajotietokoneet","8":"first","9":"outofstock","10":"taxable","11":"shipping-taxable","12":"product-type-simple"},"acf":{"bike_features":null,"overview":{"copy_overview":null,"key_features":null,"statement":"","youtube_url":""}},"yoast_head":"<!-- This site is optimized with the Yoast SEO plugin v27.4 - https:\/\/yoast.com\/product\/yoast-seo-wordpress\/ -->\n<title>HRM-Dual, sykevy\u00f6, HRM-Dual - VM Sport<\/title>\n<meta name=\"robots\" content=\"index, follow, max-snippet:-1, max-image-preview:large, max-video-preview:-1\" \/>\n<link rel=\"canonical\" href=\"https:\/\/vmsport.fi\/sv\/webbutik\/tillbehor\/kordatorer-och-utbildningshjalpmedel\/korning-av-datorer\/hrm-dubbel-sykevyo-hrm-dubbel\/\" \/>\n<meta property=\"og:locale\" content=\"sv_SE\" \/>\n<meta property=\"og:type\" content=\"article\" \/>\n<meta property=\"og:title\" content=\"HRM-Dual, sykevy\u00f6, HRM-Dual - VM Sport\" \/>\n<meta property=\"og:description\" content=\"HRM-Dual on k\u00e4yt\u00e4nn\u00f6llinen sykevy\u00f6, joka yhdist\u00e4\u00e4 tarkkuuden ja mukavuuden. Sen kaksoisteknologia mahdollistaa langattoman yhteyden sek\u00e4 Bluetoothin ett\u00e4 ANT+:n avulla. T\u00e4m\u00e4 tekee vy\u00f6st\u00e4 erinomaisen valinnan kaikenlaisiin liikuntatilanteisiin, joissa tarvitaan luotettava sykemittaus. Mukava hihna takaa hyv\u00e4n istuvuuden eik\u00e4 h\u00e4iritse liikkumista. Laite on suunniteltu kest\u00e4m\u00e4\u00e4n vaativissakin olosuhteissa ja toimii saumattomasti monien eri laitteiden kanssa, parantaen harjoittelukokemustasi. [...]L\u00e4s mer \u2026 from HRM-Dual, sykevy\u00f6, HRM-Dual\" \/>\n<meta property=\"og:url\" content=\"https:\/\/vmsport.fi\/sv\/webbutik\/tillbehor\/kordatorer-och-utbildningshjalpmedel\/korning-av-datorer\/hrm-dubbel-sykevyo-hrm-dubbel\/\" \/>\n<meta property=\"og:site_name\" content=\"VM Sport\" \/>\n<meta property=\"article:publisher\" content=\"https:\/\/www.facebook.com\/Vmsport.fi\/\" \/>\n<meta property=\"article:modified_time\" content=\"2026-04-22T12:04:29+00:00\" \/>\n<meta property=\"og:image\" content=\"https:\/\/vmsport.fi\/wp-content\/uploads\/2025\/03\/R-010-12883-00-HR-1002-1.png\" \/>\n\t<meta property=\"og:image:width\" content=\"1000\" \/>\n\t<meta property=\"og:image:height\" content=\"1000\" \/>\n\t<meta property=\"og:image:type\" content=\"image\/png\" \/>\n<meta name=\"twitter:card\" content=\"summary_large_image\" \/>\n<script type=\"application\/ld+json\" class=\"yoast-schema-graph\">{\"@context\":\"https:\\\/\\\/schema.org\",\"@graph\":[{\"@type\":[\"WebPage\",\"ItemPage\"],\"@id\":\"https:\\\/\\\/vmsport.fi\\\/verkkokauppa\\\/tarvikkeet\\\/ajotietokoneet-ja-harjoitusvastukset\\\/ajotietokoneet\\\/hrm-dual-sykevyo-hrm-dual\\\/\",\"url\":\"https:\\\/\\\/vmsport.fi\\\/verkkokauppa\\\/tarvikkeet\\\/ajotietokoneet-ja-harjoitusvastukset\\\/ajotietokoneet\\\/hrm-dual-sykevyo-hrm-dual\\\/\",\"name\":\"HRM-Dual, sykevy\u00f6, HRM-Dual - VM Sport\",\"isPartOf\":{\"@id\":\"https:\\\/\\\/vmsport.fi\\\/#website\"},\"primaryImageOfPage\":{\"@id\":\"https:\\\/\\\/vmsport.fi\\\/verkkokauppa\\\/tarvikkeet\\\/ajotietokoneet-ja-harjoitusvastukset\\\/ajotietokoneet\\\/hrm-dual-sykevyo-hrm-dual\\\/#primaryimage\"},\"image\":{\"@id\":\"https:\\\/\\\/vmsport.fi\\\/verkkokauppa\\\/tarvikkeet\\\/ajotietokoneet-ja-harjoitusvastukset\\\/ajotietokoneet\\\/hrm-dual-sykevyo-hrm-dual\\\/#primaryimage\"},\"thumbnailUrl\":\"https:\\\/\\\/vmsport.fi\\\/wp-content\\\/uploads\\\/2025\\\/03\\\/R-010-12883-00-HR-1002-1.png\",\"datePublished\":\"2025-03-05T21:51:13+00:00\",\"dateModified\":\"2026-04-22T12:04:29+00:00\",\"breadcrumb\":{\"@id\":\"https:\\\/\\\/vmsport.fi\\\/verkkokauppa\\\/tarvikkeet\\\/ajotietokoneet-ja-harjoitusvastukset\\\/ajotietokoneet\\\/hrm-dual-sykevyo-hrm-dual\\\/#breadcrumb\"},\"inLanguage\":\"sv-SE\",\"potentialAction\":[{\"@type\":\"ReadAction\",\"target\":[\"https:\\\/\\\/vmsport.fi\\\/verkkokauppa\\\/tarvikkeet\\\/ajotietokoneet-ja-harjoitusvastukset\\\/ajotietokoneet\\\/hrm-dual-sykevyo-hrm-dual\\\/\"]}]},{\"@type\":\"ImageObject\",\"inLanguage\":\"sv-SE\",\"@id\":\"https:\\\/\\\/vmsport.fi\\\/verkkokauppa\\\/tarvikkeet\\\/ajotietokoneet-ja-harjoitusvastukset\\\/ajotietokoneet\\\/hrm-dual-sykevyo-hrm-dual\\\/#primaryimage\",\"url\":\"https:\\\/\\\/vmsport.fi\\\/wp-content\\\/uploads\\\/2025\\\/03\\\/R-010-12883-00-HR-1002-1.png\",\"contentUrl\":\"https:\\\/\\\/vmsport.fi\\\/wp-content\\\/uploads\\\/2025\\\/03\\\/R-010-12883-00-HR-1002-1.png\",\"width\":1000,\"height\":1000,\"caption\":\"R-010-12883-00-HR-1002\"},{\"@type\":\"BreadcrumbList\",\"@id\":\"https:\\\/\\\/vmsport.fi\\\/verkkokauppa\\\/tarvikkeet\\\/ajotietokoneet-ja-harjoitusvastukset\\\/ajotietokoneet\\\/hrm-dual-sykevyo-hrm-dual\\\/#breadcrumb\",\"itemListElement\":[{\"@type\":\"ListItem\",\"position\":1,\"name\":\"Etusivu\",\"item\":\"https:\\\/\\\/vmsport.fi\\\/\"},{\"@type\":\"ListItem\",\"position\":2,\"name\":\"Online Store\",\"item\":\"https:\\\/\\\/vmsport.fi\\\/en\\\/online-store\\\/\"},{\"@type\":\"ListItem\",\"position\":3,\"name\":\"HRM-Dual, sykevy\u00f6, HRM-Dual\"}]},{\"@type\":\"WebSite\",\"@id\":\"https:\\\/\\\/vmsport.fi\\\/#website\",\"url\":\"https:\\\/\\\/vmsport.fi\\\/\",\"name\":\"Vmsport\",\"description\":\"Kaikki py\u00f6r\u00e4ilyyn yhdest\u00e4 paikasta\",\"publisher\":{\"@id\":\"https:\\\/\\\/vmsport.fi\\\/#organization\"},\"potentialAction\":[{\"@type\":\"SearchAction\",\"target\":{\"@type\":\"EntryPoint\",\"urlTemplate\":\"https:\\\/\\\/vmsport.fi\\\/?s={search_term_string}\"},\"query-input\":{\"@type\":\"PropertyValueSpecification\",\"valueRequired\":true,\"valueName\":\"search_term_string\"}}],\"inLanguage\":\"sv-SE\"},{\"@type\":\"Organization\",\"@id\":\"https:\\\/\\\/vmsport.fi\\\/#organization\",\"name\":\"Vmsport\",\"url\":\"https:\\\/\\\/vmsport.fi\\\/\",\"logo\":{\"@type\":\"ImageObject\",\"inLanguage\":\"sv-SE\",\"@id\":\"https:\\\/\\\/vmsport.fi\\\/#\\\/schema\\\/logo\\\/image\\\/\",\"url\":\"https:\\\/\\\/vmsport.fi\\\/wp-content\\\/uploads\\\/2024\\\/12\\\/vm_sport_RGB_horisontal-e1734526017575.png\",\"contentUrl\":\"https:\\\/\\\/vmsport.fi\\\/wp-content\\\/uploads\\\/2024\\\/12\\\/vm_sport_RGB_horisontal-e1734526017575.png\",\"width\":668,\"height\":85,\"caption\":\"Vmsport\"},\"image\":{\"@id\":\"https:\\\/\\\/vmsport.fi\\\/#\\\/schema\\\/logo\\\/image\\\/\"},\"sameAs\":[\"https:\\\/\\\/www.facebook.com\\\/Vmsport.fi\\\/\",\"https:\\\/\\\/www.instagram.com\\\/vmsport\\\/\"]}]}<\/script>\n<!-- \/ Yoast SEO plugin. -->","yoast_head_json":{"title":"HRM-Dual, pulsb\u00e4lte, HRM-Dual - VM Sport","robots":{"index":"index","follow":"follow","max-snippet":"max-snippet:-1","max-image-preview":"max-image-preview:large","max-video-preview":"max-video-preview:-1"},"canonical":"https:\/\/vmsport.fi\/sv\/webbutik\/tillbehor\/kordatorer-och-utbildningshjalpmedel\/korning-av-datorer\/hrm-dubbel-sykevyo-hrm-dubbel\/","og_locale":"sv_SE","og_type":"article","og_title":"HRM-Dual, sykevy\u00f6, HRM-Dual - VM Sport","og_description":"HRM-Dual on k\u00e4yt\u00e4nn\u00f6llinen sykevy\u00f6, joka yhdist\u00e4\u00e4 tarkkuuden ja mukavuuden. Sen kaksoisteknologia mahdollistaa langattoman yhteyden sek\u00e4 Bluetoothin ett\u00e4 ANT+:n avulla. T\u00e4m\u00e4 tekee vy\u00f6st\u00e4 erinomaisen valinnan kaikenlaisiin liikuntatilanteisiin, joissa tarvitaan luotettava sykemittaus. Mukava hihna takaa hyv\u00e4n istuvuuden eik\u00e4 h\u00e4iritse liikkumista. Laite on suunniteltu kest\u00e4m\u00e4\u00e4n vaativissakin olosuhteissa ja toimii saumattomasti monien eri laitteiden kanssa, parantaen harjoittelukokemustasi. [...]L\u00e4s mer \u2026 from HRM-Dual, sykevy\u00f6, HRM-Dual","og_url":"https:\/\/vmsport.fi\/sv\/webbutik\/tillbehor\/kordatorer-och-utbildningshjalpmedel\/korning-av-datorer\/hrm-dubbel-sykevyo-hrm-dubbel\/","og_site_name":"VM Sport","article_publisher":"https:\/\/www.facebook.com\/Vmsport.fi\/","article_modified_time":"2026-04-22T12:04:29+00:00","og_image":[{"width":1000,"height":1000,"url":"https:\/\/vmsport.fi\/wp-content\/uploads\/2025\/03\/R-010-12883-00-HR-1002-1.png","type":"image\/png"}],"twitter_card":"summary_large_image","schema":{"@context":"https:\/\/schema.org","@graph":[{"@type":["WebPage","ItemPage"],"@id":"https:\/\/vmsport.fi\/verkkokauppa\/tarvikkeet\/ajotietokoneet-ja-harjoitusvastukset\/ajotietokoneet\/hrm-dual-sykevyo-hrm-dual\/","url":"https:\/\/vmsport.fi\/verkkokauppa\/tarvikkeet\/ajotietokoneet-ja-harjoitusvastukset\/ajotietokoneet\/hrm-dual-sykevyo-hrm-dual\/","name":"HRM-Dual, pulsb\u00e4lte, HRM-Dual - VM Sport","isPartOf":{"@id":"https:\/\/vmsport.fi\/#website"},"primaryImageOfPage":{"@id":"https:\/\/vmsport.fi\/verkkokauppa\/tarvikkeet\/ajotietokoneet-ja-harjoitusvastukset\/ajotietokoneet\/hrm-dual-sykevyo-hrm-dual\/#primaryimage"},"image":{"@id":"https:\/\/vmsport.fi\/verkkokauppa\/tarvikkeet\/ajotietokoneet-ja-harjoitusvastukset\/ajotietokoneet\/hrm-dual-sykevyo-hrm-dual\/#primaryimage"},"thumbnailUrl":"https:\/\/vmsport.fi\/wp-content\/uploads\/2025\/03\/R-010-12883-00-HR-1002-1.png","datePublished":"2025-03-05T21:51:13+00:00","dateModified":"2026-04-22T12:04:29+00:00","breadcrumb":{"@id":"https:\/\/vmsport.fi\/verkkokauppa\/tarvikkeet\/ajotietokoneet-ja-harjoitusvastukset\/ajotietokoneet\/hrm-dual-sykevyo-hrm-dual\/#breadcrumb"},"inLanguage":"sv-SE","potentialAction":[{"@type":"ReadAction","target":["https:\/\/vmsport.fi\/verkkokauppa\/tarvikkeet\/ajotietokoneet-ja-harjoitusvastukset\/ajotietokoneet\/hrm-dual-sykevyo-hrm-dual\/"]}]},{"@type":"ImageObject","inLanguage":"sv-SE","@id":"https:\/\/vmsport.fi\/verkkokauppa\/tarvikkeet\/ajotietokoneet-ja-harjoitusvastukset\/ajotietokoneet\/hrm-dual-sykevyo-hrm-dual\/#primaryimage","url":"https:\/\/vmsport.fi\/wp-content\/uploads\/2025\/03\/R-010-12883-00-HR-1002-1.png","contentUrl":"https:\/\/vmsport.fi\/wp-content\/uploads\/2025\/03\/R-010-12883-00-HR-1002-1.png","width":1000,"height":1000,"caption":"R-010-12883-00-HR-1002"},{"@type":"BreadcrumbList","@id":"https:\/\/vmsport.fi\/verkkokauppa\/tarvikkeet\/ajotietokoneet-ja-harjoitusvastukset\/ajotietokoneet\/hrm-dual-sykevyo-hrm-dual\/#breadcrumb","itemListElement":[{"@type":"ListItem","position":1,"name":"Etusivu","item":"https:\/\/vmsport.fi\/"},{"@type":"ListItem","position":2,"name":"Online Store","item":"https:\/\/vmsport.fi\/en\/online-store\/"},{"@type":"ListItem","position":3,"name":"HRM-Dual, sykevy\u00f6, HRM-Dual"}]},{"@type":"WebSite","@id":"https:\/\/vmsport.fi\/#website","url":"https:\/\/vmsport.fi\/","name":"Vmsport","description":"Allt p\u00e5 ett st\u00e4lle f\u00f6r cykling","publisher":{"@id":"https:\/\/vmsport.fi\/#organization"},"potentialAction":[{"@type":"SearchAction","target":{"@type":"EntryPoint","urlTemplate":"https:\/\/vmsport.fi\/?s={search_term_string}"},"query-input":{"@type":"PropertyValueSpecification","valueRequired":true,"valueName":"search_term_string"}}],"inLanguage":"sv-SE"},{"@type":"Organization","@id":"https:\/\/vmsport.fi\/#organization","name":"Vmsport","url":"https:\/\/vmsport.fi\/","logo":{"@type":"ImageObject","inLanguage":"sv-SE","@id":"https:\/\/vmsport.fi\/#\/schema\/logo\/image\/","url":"https:\/\/vmsport.fi\/wp-content\/uploads\/2024\/12\/vm_sport_RGB_horisontal-e1734526017575.png","contentUrl":"https:\/\/vmsport.fi\/wp-content\/uploads\/2024\/12\/vm_sport_RGB_horisontal-e1734526017575.png","width":668,"height":85,"caption":"Vmsport"},"image":{"@id":"https:\/\/vmsport.fi\/#\/schema\/logo\/image\/"},"sameAs":["https:\/\/www.facebook.com\/Vmsport.fi\/","https:\/\/www.instagram.com\/vmsport\/"]}]}},"global_unique_id":"","_links":{"self":[{"href":"https:\/\/vmsport.fi\/sv\/wp-json\/wp\/v2\/product\/54219","targetHints":{"allow":["GET"]}}],"collection":[{"href":"https:\/\/vmsport.fi\/sv\/wp-json\/wp\/v2\/product"}],"about":[{"href":"https:\/\/vmsport.fi\/sv\/wp-json\/wp\/v2\/types\/product"}],"replies":[{"embeddable":true,"href":"https:\/\/vmsport.fi\/sv\/wp-json\/wp\/v2\/comments?post=54219"}],"wp:featuredmedia":[{"embeddable":true,"href":"https:\/\/vmsport.fi\/sv\/wp-json\/wp\/v2\/media\/54218"}],"wp:attachment":[{"href":"https:\/\/vmsport.fi\/sv\/wp-json\/wp\/v2\/media?parent=54219"}],"wp:term":[{"taxonomy":"product_brand","embeddable":true,"href":"https:\/\/vmsport.fi\/sv\/wp-json\/wp\/v2\/product_brand?post=54219"},{"taxonomy":"product_model","embeddable":true,"href":"https:\/\/vmsport.fi\/sv\/wp-json\/wp\/v2\/product_model?post=54219"},{"taxonomy":"product_cat","embeddable":true,"href":"https:\/\/vmsport.fi\/sv\/wp-json\/wp\/v2\/product_cat?post=54219"},{"taxonomy":"product_tag","embeddable":true,"href":"https:\/\/vmsport.fi\/sv\/wp-json\/wp\/v2\/product_tag?post=54219"},{"taxonomy":"industry_terminology","embeddable":true,"href":"https:\/\/vmsport.fi\/sv\/wp-json\/wp\/v2\/industry-terminology?post=54219"}],"curies":[{"name":"wp","href":"https:\/\/api.w.org\/{rel}","templated":true}]}}