{"id":54206,"date":"2025-03-05T23:51:05","date_gmt":"2025-03-05T21:51:05","guid":{"rendered":"https:\/\/vmsport.fi\/verkkokauppa\/Ei-luokiteltu\/eturatas-36t-bf-fc-mt500-2-b2\/"},"modified":"2026-04-22T15:02:24","modified_gmt":"2026-04-22T12:02:24","slug":"framhjul-36t-bf-fc-mt500-2-b2","status":"publish","type":"product","link":"https:\/\/vmsport.fi\/sv\/verkkokauppa\/varaosat\/voimansiirto\/eturattaat\/eturatas-36t-bf-fc-mt500-2-b2\/","title":{"rendered":"Framhjul 36T-BF FC-MT500-2\/B2"},"content":{"rendered":"<p>Framhjulet 36T-BF FC-MT500-2\/B2 \u00e4r ett h\u00e5llbart och effektivt cykeltillbeh\u00f6r som \u00e4r s\u00e4rskilt l\u00e4mpat f\u00f6r kr\u00e4vande mountainbikecykling. Det h\u00e4r 36-tandade framhjulet ger en j\u00e4mn och kraftfull kraft\u00f6verf\u00f6ring, vilket g\u00f6r din cykeltur smidigare. Det \u00e4r tillverkat av h\u00f6gkvalitativa material och kommer att h\u00e5lla l\u00e4nge \u00e4ven vid tung anv\u00e4ndning. Det \u00e4r kompatibelt med FC-MT500-serien, vilket m\u00f6jligg\u00f6r enkel installation och en perfekt passform f\u00f6r din cykels drivlina. Det g\u00f6r den till ett utm\u00e4rkt val f\u00f6r cyklister som vill f\u00f6rb\u00e4ttra sin k\u00f6rupplevelse och maximera sin offroad-prestanda.<\/p>","protected":false},"excerpt":{"rendered":"<p>Eturatas 36T-BF FC-MT500-2\/B2 on kest\u00e4v\u00e4 ja tehokas py\u00f6r\u00e4ilyvaruste, joka sopii erityisesti vaativaan maastopy\u00f6r\u00e4ilyyn. T\u00e4m\u00e4 36-hampainen eturatas tarjoaa tasaisen ja voimakkaan voimansiirron, mik\u00e4 tekee ajamisesta sulavampaa. Laadukkaista materiaaleista valmistettuna se kest\u00e4\u00e4 pitk\u00e4\u00e4n my\u00f6s kovassa k\u00e4yt\u00f6ss\u00e4. Se on yhteensopiva FC-MT500-malliston kanssa, mik\u00e4 mahdollistaa helpon asennuksen ja t\u00e4ydellisen sopivuuden py\u00f6r\u00e4n voimansiirtoj\u00e4rjestelm\u00e4\u00e4n. T\u00e4m\u00e4 tekee siit\u00e4 loistavan valinnan py\u00f6r\u00e4ilij\u00f6ille, jotka [&#8230;]<\/p>\n<p><a class=\"btn btn-secondary understrap-read-more-link\" href=\"https:\/\/vmsport.fi\/sv\/verkkokauppa\/varaosat\/voimansiirto\/eturattaat\/eturatas-36t-bf-fc-mt500-2-b2\/\">L\u00e4s mer \u2026<span class=\"screen-reader-text\"> from Eturatas 36T-BF FC-MT500-2\/B2<\/span><\/a><\/p>\n","protected":false},"featured_media":54205,"comment_status":"open","ping_status":"closed","template":"","meta":{"_acf_changed":false,"_improvement_type_select":"improve_an_existing","_thumb_yes_seoaic":false,"_frame_yes_seoaic":false,"seoaic_generate_description":"","seoaic_improve_instructions_prompt":"","seoaic_rollback_content_improvement":"","seoaic_idea_thumbnail_generator":"","thumbnail_generated":false,"thumbnail_generate_prompt":"","seoaic_article_description":"","_supplier_stock_quantity":0},"product_brand":[],"product_model":[],"product_cat":[9252],"product_tag":[],"industry-terminology":[],"class_list":{"0":"post-54206","1":"product","2":"type-product","3":"status-publish","4":"has-post-thumbnail","6":"product_cat-eturattaat","8":"first","9":"outofstock","10":"taxable","11":"shipping-taxable","12":"product-type-simple"},"acf":{"bike_features":null,"overview":{"copy_overview":null,"key_features":null,"statement":"","youtube_url":""}},"yoast_head":"<!-- This site is optimized with the Yoast SEO plugin v27.4 - https:\/\/yoast.com\/product\/yoast-seo-wordpress\/ -->\n<title>Eturatas 36T-BF FC-MT500-2\/B2 - VM Sport<\/title>\n<meta name=\"robots\" content=\"index, follow, max-snippet:-1, max-image-preview:large, max-video-preview:-1\" \/>\n<link rel=\"canonical\" href=\"https:\/\/vmsport.fi\/sv\/webbutik\/reservdelar\/transmission\/framhjulsdrift\/framhjul-36t-bf-fc-mt500-2-b2\/\" \/>\n<meta property=\"og:locale\" content=\"sv_SE\" \/>\n<meta property=\"og:type\" content=\"article\" \/>\n<meta property=\"og:title\" content=\"Eturatas 36T-BF FC-MT500-2\/B2 - VM Sport\" \/>\n<meta property=\"og:description\" content=\"Eturatas 36T-BF FC-MT500-2\/B2 on kest\u00e4v\u00e4 ja tehokas py\u00f6r\u00e4ilyvaruste, joka sopii erityisesti vaativaan maastopy\u00f6r\u00e4ilyyn. T\u00e4m\u00e4 36-hampainen eturatas tarjoaa tasaisen ja voimakkaan voimansiirron, mik\u00e4 tekee ajamisesta sulavampaa. Laadukkaista materiaaleista valmistettuna se kest\u00e4\u00e4 pitk\u00e4\u00e4n my\u00f6s kovassa k\u00e4yt\u00f6ss\u00e4. Se on yhteensopiva FC-MT500-malliston kanssa, mik\u00e4 mahdollistaa helpon asennuksen ja t\u00e4ydellisen sopivuuden py\u00f6r\u00e4n voimansiirtoj\u00e4rjestelm\u00e4\u00e4n. T\u00e4m\u00e4 tekee siit\u00e4 loistavan valinnan py\u00f6r\u00e4ilij\u00f6ille, jotka [...]L\u00e4s mer \u2026 from Eturatas 36T-BF FC-MT500-2\/B2\" \/>\n<meta property=\"og:url\" content=\"https:\/\/vmsport.fi\/sv\/webbutik\/reservdelar\/transmission\/framhjulsdrift\/framhjul-36t-bf-fc-mt500-2-b2\/\" \/>\n<meta property=\"og:site_name\" content=\"VM Sport\" \/>\n<meta property=\"article:publisher\" content=\"https:\/\/www.facebook.com\/Vmsport.fi\/\" \/>\n<meta property=\"article:modified_time\" content=\"2026-04-22T12:02:24+00:00\" \/>\n<meta property=\"og:image\" content=\"https:\/\/vmsport.fi\/wp-content\/uploads\/2025\/03\/fvIJHRLpodZwRyP2aDXCsXzA2tV412FFEQBvghY2emTQKeMAC4-1.jpg\" \/>\n\t<meta property=\"og:image:width\" content=\"600\" \/>\n\t<meta property=\"og:image:height\" content=\"600\" \/>\n\t<meta property=\"og:image:type\" content=\"image\/jpeg\" \/>\n<meta name=\"twitter:card\" content=\"summary_large_image\" \/>\n<script type=\"application\/ld+json\" class=\"yoast-schema-graph\">{\"@context\":\"https:\\\/\\\/schema.org\",\"@graph\":[{\"@type\":[\"WebPage\",\"ItemPage\"],\"@id\":\"https:\\\/\\\/vmsport.fi\\\/verkkokauppa\\\/varaosat\\\/voimansiirto\\\/eturattaat\\\/eturatas-36t-bf-fc-mt500-2-b2\\\/\",\"url\":\"https:\\\/\\\/vmsport.fi\\\/verkkokauppa\\\/varaosat\\\/voimansiirto\\\/eturattaat\\\/eturatas-36t-bf-fc-mt500-2-b2\\\/\",\"name\":\"Eturatas 36T-BF FC-MT500-2\\\/B2 - VM Sport\",\"isPartOf\":{\"@id\":\"https:\\\/\\\/vmsport.fi\\\/#website\"},\"primaryImageOfPage\":{\"@id\":\"https:\\\/\\\/vmsport.fi\\\/verkkokauppa\\\/varaosat\\\/voimansiirto\\\/eturattaat\\\/eturatas-36t-bf-fc-mt500-2-b2\\\/#primaryimage\"},\"image\":{\"@id\":\"https:\\\/\\\/vmsport.fi\\\/verkkokauppa\\\/varaosat\\\/voimansiirto\\\/eturattaat\\\/eturatas-36t-bf-fc-mt500-2-b2\\\/#primaryimage\"},\"thumbnailUrl\":\"https:\\\/\\\/vmsport.fi\\\/wp-content\\\/uploads\\\/2025\\\/03\\\/fvIJHRLpodZwRyP2aDXCsXzA2tV412FFEQBvghY2emTQKeMAC4-1.jpg\",\"datePublished\":\"2025-03-05T21:51:05+00:00\",\"dateModified\":\"2026-04-22T12:02:24+00:00\",\"breadcrumb\":{\"@id\":\"https:\\\/\\\/vmsport.fi\\\/verkkokauppa\\\/varaosat\\\/voimansiirto\\\/eturattaat\\\/eturatas-36t-bf-fc-mt500-2-b2\\\/#breadcrumb\"},\"inLanguage\":\"sv-SE\",\"potentialAction\":[{\"@type\":\"ReadAction\",\"target\":[\"https:\\\/\\\/vmsport.fi\\\/verkkokauppa\\\/varaosat\\\/voimansiirto\\\/eturattaat\\\/eturatas-36t-bf-fc-mt500-2-b2\\\/\"]}]},{\"@type\":\"ImageObject\",\"inLanguage\":\"sv-SE\",\"@id\":\"https:\\\/\\\/vmsport.fi\\\/verkkokauppa\\\/varaosat\\\/voimansiirto\\\/eturattaat\\\/eturatas-36t-bf-fc-mt500-2-b2\\\/#primaryimage\",\"url\":\"https:\\\/\\\/vmsport.fi\\\/wp-content\\\/uploads\\\/2025\\\/03\\\/fvIJHRLpodZwRyP2aDXCsXzA2tV412FFEQBvghY2emTQKeMAC4-1.jpg\",\"contentUrl\":\"https:\\\/\\\/vmsport.fi\\\/wp-content\\\/uploads\\\/2025\\\/03\\\/fvIJHRLpodZwRyP2aDXCsXzA2tV412FFEQBvghY2emTQKeMAC4-1.jpg\",\"width\":600,\"height\":600,\"caption\":\"fvIJHRLpodZwRyP2aDXCsXzA2tV412FFEQBvghY2emTQKeMAC4\"},{\"@type\":\"BreadcrumbList\",\"@id\":\"https:\\\/\\\/vmsport.fi\\\/verkkokauppa\\\/varaosat\\\/voimansiirto\\\/eturattaat\\\/eturatas-36t-bf-fc-mt500-2-b2\\\/#breadcrumb\",\"itemListElement\":[{\"@type\":\"ListItem\",\"position\":1,\"name\":\"Etusivu\",\"item\":\"https:\\\/\\\/vmsport.fi\\\/\"},{\"@type\":\"ListItem\",\"position\":2,\"name\":\"Online Store\",\"item\":\"https:\\\/\\\/vmsport.fi\\\/en\\\/online-store\\\/\"},{\"@type\":\"ListItem\",\"position\":3,\"name\":\"Eturatas 36T-BF FC-MT500-2\\\/B2\"}]},{\"@type\":\"WebSite\",\"@id\":\"https:\\\/\\\/vmsport.fi\\\/#website\",\"url\":\"https:\\\/\\\/vmsport.fi\\\/\",\"name\":\"Vmsport\",\"description\":\"Kaikki py\u00f6r\u00e4ilyyn yhdest\u00e4 paikasta\",\"publisher\":{\"@id\":\"https:\\\/\\\/vmsport.fi\\\/#organization\"},\"potentialAction\":[{\"@type\":\"SearchAction\",\"target\":{\"@type\":\"EntryPoint\",\"urlTemplate\":\"https:\\\/\\\/vmsport.fi\\\/?s={search_term_string}\"},\"query-input\":{\"@type\":\"PropertyValueSpecification\",\"valueRequired\":true,\"valueName\":\"search_term_string\"}}],\"inLanguage\":\"sv-SE\"},{\"@type\":\"Organization\",\"@id\":\"https:\\\/\\\/vmsport.fi\\\/#organization\",\"name\":\"Vmsport\",\"url\":\"https:\\\/\\\/vmsport.fi\\\/\",\"logo\":{\"@type\":\"ImageObject\",\"inLanguage\":\"sv-SE\",\"@id\":\"https:\\\/\\\/vmsport.fi\\\/#\\\/schema\\\/logo\\\/image\\\/\",\"url\":\"https:\\\/\\\/vmsport.fi\\\/wp-content\\\/uploads\\\/2024\\\/12\\\/vm_sport_RGB_horisontal-e1734526017575.png\",\"contentUrl\":\"https:\\\/\\\/vmsport.fi\\\/wp-content\\\/uploads\\\/2024\\\/12\\\/vm_sport_RGB_horisontal-e1734526017575.png\",\"width\":668,\"height\":85,\"caption\":\"Vmsport\"},\"image\":{\"@id\":\"https:\\\/\\\/vmsport.fi\\\/#\\\/schema\\\/logo\\\/image\\\/\"},\"sameAs\":[\"https:\\\/\\\/www.facebook.com\\\/Vmsport.fi\\\/\",\"https:\\\/\\\/www.instagram.com\\\/vmsport\\\/\"]}]}<\/script>\n<!-- \/ Yoast SEO plugin. -->","yoast_head_json":{"title":"Eturatas 36T-BF FC-MT500-2\/B2 - VM Sport","robots":{"index":"index","follow":"follow","max-snippet":"max-snippet:-1","max-image-preview":"max-image-preview:large","max-video-preview":"max-video-preview:-1"},"canonical":"https:\/\/vmsport.fi\/sv\/webbutik\/reservdelar\/transmission\/framhjulsdrift\/framhjul-36t-bf-fc-mt500-2-b2\/","og_locale":"sv_SE","og_type":"article","og_title":"Eturatas 36T-BF FC-MT500-2\/B2 - VM Sport","og_description":"Eturatas 36T-BF FC-MT500-2\/B2 on kest\u00e4v\u00e4 ja tehokas py\u00f6r\u00e4ilyvaruste, joka sopii erityisesti vaativaan maastopy\u00f6r\u00e4ilyyn. T\u00e4m\u00e4 36-hampainen eturatas tarjoaa tasaisen ja voimakkaan voimansiirron, mik\u00e4 tekee ajamisesta sulavampaa. Laadukkaista materiaaleista valmistettuna se kest\u00e4\u00e4 pitk\u00e4\u00e4n my\u00f6s kovassa k\u00e4yt\u00f6ss\u00e4. Se on yhteensopiva FC-MT500-malliston kanssa, mik\u00e4 mahdollistaa helpon asennuksen ja t\u00e4ydellisen sopivuuden py\u00f6r\u00e4n voimansiirtoj\u00e4rjestelm\u00e4\u00e4n. T\u00e4m\u00e4 tekee siit\u00e4 loistavan valinnan py\u00f6r\u00e4ilij\u00f6ille, jotka [...]L\u00e4s mer \u2026 from Eturatas 36T-BF FC-MT500-2\/B2","og_url":"https:\/\/vmsport.fi\/sv\/webbutik\/reservdelar\/transmission\/framhjulsdrift\/framhjul-36t-bf-fc-mt500-2-b2\/","og_site_name":"VM Sport","article_publisher":"https:\/\/www.facebook.com\/Vmsport.fi\/","article_modified_time":"2026-04-22T12:02:24+00:00","og_image":[{"width":600,"height":600,"url":"https:\/\/vmsport.fi\/wp-content\/uploads\/2025\/03\/fvIJHRLpodZwRyP2aDXCsXzA2tV412FFEQBvghY2emTQKeMAC4-1.jpg","type":"image\/jpeg"}],"twitter_card":"summary_large_image","schema":{"@context":"https:\/\/schema.org","@graph":[{"@type":["WebPage","ItemPage"],"@id":"https:\/\/vmsport.fi\/verkkokauppa\/varaosat\/voimansiirto\/eturattaat\/eturatas-36t-bf-fc-mt500-2-b2\/","url":"https:\/\/vmsport.fi\/verkkokauppa\/varaosat\/voimansiirto\/eturattaat\/eturatas-36t-bf-fc-mt500-2-b2\/","name":"Eturatas 36T-BF FC-MT500-2\/B2 - VM Sport","isPartOf":{"@id":"https:\/\/vmsport.fi\/#website"},"primaryImageOfPage":{"@id":"https:\/\/vmsport.fi\/verkkokauppa\/varaosat\/voimansiirto\/eturattaat\/eturatas-36t-bf-fc-mt500-2-b2\/#primaryimage"},"image":{"@id":"https:\/\/vmsport.fi\/verkkokauppa\/varaosat\/voimansiirto\/eturattaat\/eturatas-36t-bf-fc-mt500-2-b2\/#primaryimage"},"thumbnailUrl":"https:\/\/vmsport.fi\/wp-content\/uploads\/2025\/03\/fvIJHRLpodZwRyP2aDXCsXzA2tV412FFEQBvghY2emTQKeMAC4-1.jpg","datePublished":"2025-03-05T21:51:05+00:00","dateModified":"2026-04-22T12:02:24+00:00","breadcrumb":{"@id":"https:\/\/vmsport.fi\/verkkokauppa\/varaosat\/voimansiirto\/eturattaat\/eturatas-36t-bf-fc-mt500-2-b2\/#breadcrumb"},"inLanguage":"sv-SE","potentialAction":[{"@type":"ReadAction","target":["https:\/\/vmsport.fi\/verkkokauppa\/varaosat\/voimansiirto\/eturattaat\/eturatas-36t-bf-fc-mt500-2-b2\/"]}]},{"@type":"ImageObject","inLanguage":"sv-SE","@id":"https:\/\/vmsport.fi\/verkkokauppa\/varaosat\/voimansiirto\/eturattaat\/eturatas-36t-bf-fc-mt500-2-b2\/#primaryimage","url":"https:\/\/vmsport.fi\/wp-content\/uploads\/2025\/03\/fvIJHRLpodZwRyP2aDXCsXzA2tV412FFEQBvghY2emTQKeMAC4-1.jpg","contentUrl":"https:\/\/vmsport.fi\/wp-content\/uploads\/2025\/03\/fvIJHRLpodZwRyP2aDXCsXzA2tV412FFEQBvghY2emTQKeMAC4-1.jpg","width":600,"height":600,"caption":"fvIJHRLpodZwRyP2aDXCsXzA2tV412FFEQBvghY2emTQKeMAC4"},{"@type":"BreadcrumbList","@id":"https:\/\/vmsport.fi\/verkkokauppa\/varaosat\/voimansiirto\/eturattaat\/eturatas-36t-bf-fc-mt500-2-b2\/#breadcrumb","itemListElement":[{"@type":"ListItem","position":1,"name":"Etusivu","item":"https:\/\/vmsport.fi\/"},{"@type":"ListItem","position":2,"name":"Online Store","item":"https:\/\/vmsport.fi\/en\/online-store\/"},{"@type":"ListItem","position":3,"name":"Eturatas 36T-BF FC-MT500-2\/B2"}]},{"@type":"WebSite","@id":"https:\/\/vmsport.fi\/#website","url":"https:\/\/vmsport.fi\/","name":"Vmsport","description":"Allt p\u00e5 ett st\u00e4lle f\u00f6r cykling","publisher":{"@id":"https:\/\/vmsport.fi\/#organization"},"potentialAction":[{"@type":"SearchAction","target":{"@type":"EntryPoint","urlTemplate":"https:\/\/vmsport.fi\/?s={search_term_string}"},"query-input":{"@type":"PropertyValueSpecification","valueRequired":true,"valueName":"search_term_string"}}],"inLanguage":"sv-SE"},{"@type":"Organization","@id":"https:\/\/vmsport.fi\/#organization","name":"Vmsport","url":"https:\/\/vmsport.fi\/","logo":{"@type":"ImageObject","inLanguage":"sv-SE","@id":"https:\/\/vmsport.fi\/#\/schema\/logo\/image\/","url":"https:\/\/vmsport.fi\/wp-content\/uploads\/2024\/12\/vm_sport_RGB_horisontal-e1734526017575.png","contentUrl":"https:\/\/vmsport.fi\/wp-content\/uploads\/2024\/12\/vm_sport_RGB_horisontal-e1734526017575.png","width":668,"height":85,"caption":"Vmsport"},"image":{"@id":"https:\/\/vmsport.fi\/#\/schema\/logo\/image\/"},"sameAs":["https:\/\/www.facebook.com\/Vmsport.fi\/","https:\/\/www.instagram.com\/vmsport\/"]}]}},"global_unique_id":"","_links":{"self":[{"href":"https:\/\/vmsport.fi\/sv\/wp-json\/wp\/v2\/product\/54206","targetHints":{"allow":["GET"]}}],"collection":[{"href":"https:\/\/vmsport.fi\/sv\/wp-json\/wp\/v2\/product"}],"about":[{"href":"https:\/\/vmsport.fi\/sv\/wp-json\/wp\/v2\/types\/product"}],"replies":[{"embeddable":true,"href":"https:\/\/vmsport.fi\/sv\/wp-json\/wp\/v2\/comments?post=54206"}],"wp:featuredmedia":[{"embeddable":true,"href":"https:\/\/vmsport.fi\/sv\/wp-json\/wp\/v2\/media\/54205"}],"wp:attachment":[{"href":"https:\/\/vmsport.fi\/sv\/wp-json\/wp\/v2\/media?parent=54206"}],"wp:term":[{"taxonomy":"product_brand","embeddable":true,"href":"https:\/\/vmsport.fi\/sv\/wp-json\/wp\/v2\/product_brand?post=54206"},{"taxonomy":"product_model","embeddable":true,"href":"https:\/\/vmsport.fi\/sv\/wp-json\/wp\/v2\/product_model?post=54206"},{"taxonomy":"product_cat","embeddable":true,"href":"https:\/\/vmsport.fi\/sv\/wp-json\/wp\/v2\/product_cat?post=54206"},{"taxonomy":"product_tag","embeddable":true,"href":"https:\/\/vmsport.fi\/sv\/wp-json\/wp\/v2\/product_tag?post=54206"},{"taxonomy":"industry_terminology","embeddable":true,"href":"https:\/\/vmsport.fi\/sv\/wp-json\/wp\/v2\/industry-terminology?post=54206"}],"curies":[{"name":"wp","href":"https:\/\/api.w.org\/{rel}","templated":true}]}}