{"id":54204,"date":"2025-03-05T23:51:05","date_gmt":"2025-03-05T21:51:05","guid":{"rendered":"https:\/\/vmsport.fi\/verkkokauppa\/Ei-luokiteltu\/xlc-disc-brake-pad-bp-o16-for-formula\/"},"modified":"2026-04-22T15:05:09","modified_gmt":"2026-04-22T12:05:09","slug":"xlc-skivbromsbelagg-bp-o16-for-formula","status":"publish","type":"product","link":"https:\/\/vmsport.fi\/sv\/verkkokauppa\/varaosat\/jarrut\/jarrupalat\/xlc-disc-brake-pad-bp-o16-for-formula\/","title":{"rendered":"XLC Skivbromsbel\u00e4gg BP-O16 f\u00f6r Formula"},"content":{"rendered":"<p>XLC BP-O16-bromsbel\u00e4gget, som \u00e4r s\u00e4rskilt utformat f\u00f6r Formula-bromssystem, ger topprestanda f\u00f6r cyklister. Detta skivbromsbel\u00e4gg \u00e4r k\u00e4nt f\u00f6r sin utm\u00e4rkta bromsprestanda, vilket f\u00f6rb\u00e4ttrar k\u00f6rs\u00e4kerheten under utmanande f\u00f6rh\u00e5llanden. Det h\u00f6gkvalitativa materialet som anv\u00e4nds vid tillverkningen garanterar l\u00e5ng livsl\u00e4ngd och minskar slitaget. Installationen \u00e4r enkel eftersom designen passar perfekt med kompatibla bromssystem, vilket m\u00f6jligg\u00f6r enkelt underh\u00e5ll. B\u00e5de amat\u00f6r- och proffscyklister kommer att uppskatta den f\u00f6rb\u00e4ttrade bromsprestandan, som ger v\u00e4lbeh\u00f6vlig tillf\u00f6rlitlighet och kvalitet.<\/p>","protected":false},"excerpt":{"rendered":"<p>XLC BP-O16 jarrupala, joka on suunniteltu erityisesti Formula-jarruj\u00e4rjestelmiin, tarjoaa huippuluokan suorituskyky\u00e4 py\u00f6r\u00e4ilij\u00f6ille. T\u00e4m\u00e4 levyjarrupala tunnetaan erinomaisesta jarrutustehosta, joka parantaa ajoturvallisuutta haastavissa olosuhteissa. Valmistuksessa k\u00e4ytetty korkealaatuinen materiaali takaa pitk\u00e4n k\u00e4ytt\u00f6i\u00e4n ja v\u00e4hent\u00e4\u00e4 kulumista. Asennus on helppoa, sill\u00e4 muotoilu soveltuu t\u00e4ydellisesti yhteensopiviin jarruj\u00e4rjestelmiin, mik\u00e4 mahdollistaa vaivattoman yll\u00e4pidon. Sek\u00e4 harrastajat ett\u00e4 ammattilaispy\u00f6r\u00e4ilij\u00e4t arvostavat parantunutta jarrutustehoa, joka tarjoaa kaivattua [&#8230;]<\/p>\n<p><a class=\"btn btn-secondary understrap-read-more-link\" href=\"https:\/\/vmsport.fi\/sv\/verkkokauppa\/varaosat\/jarrut\/jarrupalat\/xlc-disc-brake-pad-bp-o16-for-formula\/\">L\u00e4s mer \u2026<span class=\"screen-reader-text\"> from XLC Disc brake pad BP-O16 For Formula<\/span><\/a><\/p>\n","protected":false},"featured_media":54203,"comment_status":"open","ping_status":"closed","template":"","meta":{"_acf_changed":false,"_improvement_type_select":"improve_an_existing","_thumb_yes_seoaic":false,"_frame_yes_seoaic":false,"seoaic_generate_description":"","seoaic_improve_instructions_prompt":"","seoaic_rollback_content_improvement":"","seoaic_idea_thumbnail_generator":"","thumbnail_generated":false,"thumbnail_generate_prompt":"","seoaic_article_description":"","_supplier_stock_quantity":0},"product_brand":[],"product_model":[],"product_cat":[9288],"product_tag":[],"industry-terminology":[],"class_list":{"0":"post-54204","1":"product","2":"type-product","3":"status-publish","4":"has-post-thumbnail","6":"product_cat-jarrupalat","8":"first","9":"instock","10":"taxable","11":"shipping-taxable","12":"purchasable","13":"product-type-simple"},"acf":{"bike_features":null,"overview":{"copy_overview":null,"key_features":null,"statement":"","youtube_url":""}},"yoast_head":"<!-- This site is optimized with the Yoast SEO plugin v27.4 - https:\/\/yoast.com\/product\/yoast-seo-wordpress\/ -->\n<title>XLC Disc brake pad BP-O16 For Formula - VM Sport<\/title>\n<meta name=\"robots\" content=\"index, follow, max-snippet:-1, max-image-preview:large, max-video-preview:-1\" \/>\n<link rel=\"canonical\" href=\"https:\/\/vmsport.fi\/sv\/webbutik\/reservdelar\/bromsar\/bromsbelagg\/xlc-skivbromsbelagg-bp-o16-for-formula\/\" \/>\n<meta property=\"og:locale\" content=\"sv_SE\" \/>\n<meta property=\"og:type\" content=\"article\" \/>\n<meta property=\"og:title\" content=\"XLC Disc brake pad BP-O16 For Formula - VM Sport\" \/>\n<meta property=\"og:description\" content=\"XLC BP-O16 jarrupala, joka on suunniteltu erityisesti Formula-jarruj\u00e4rjestelmiin, tarjoaa huippuluokan suorituskyky\u00e4 py\u00f6r\u00e4ilij\u00f6ille. T\u00e4m\u00e4 levyjarrupala tunnetaan erinomaisesta jarrutustehosta, joka parantaa ajoturvallisuutta haastavissa olosuhteissa. Valmistuksessa k\u00e4ytetty korkealaatuinen materiaali takaa pitk\u00e4n k\u00e4ytt\u00f6i\u00e4n ja v\u00e4hent\u00e4\u00e4 kulumista. Asennus on helppoa, sill\u00e4 muotoilu soveltuu t\u00e4ydellisesti yhteensopiviin jarruj\u00e4rjestelmiin, mik\u00e4 mahdollistaa vaivattoman yll\u00e4pidon. Sek\u00e4 harrastajat ett\u00e4 ammattilaispy\u00f6r\u00e4ilij\u00e4t arvostavat parantunutta jarrutustehoa, joka tarjoaa kaivattua [...]L\u00e4s mer \u2026 from XLC Disc brake pad BP-O16 For Formula\" \/>\n<meta property=\"og:url\" content=\"https:\/\/vmsport.fi\/sv\/webbutik\/reservdelar\/bromsar\/bromsbelagg\/xlc-skivbromsbelagg-bp-o16-for-formula\/\" \/>\n<meta property=\"og:site_name\" content=\"VM Sport\" \/>\n<meta property=\"article:publisher\" content=\"https:\/\/www.facebook.com\/Vmsport.fi\/\" \/>\n<meta property=\"article:modified_time\" content=\"2026-04-22T12:05:09+00:00\" \/>\n<meta property=\"og:image\" content=\"https:\/\/vmsport.fi\/wp-content\/uploads\/2025\/03\/icrcRuGvuzyxQA7I6XYSTEgzxSLGfJEijMQ92bRjzq9vbh1Nbk-1.jpg\" \/>\n\t<meta property=\"og:image:width\" content=\"312\" \/>\n\t<meta property=\"og:image:height\" content=\"312\" \/>\n\t<meta property=\"og:image:type\" content=\"image\/jpeg\" \/>\n<meta name=\"twitter:card\" content=\"summary_large_image\" \/>\n<script type=\"application\/ld+json\" class=\"yoast-schema-graph\">{\"@context\":\"https:\\\/\\\/schema.org\",\"@graph\":[{\"@type\":[\"WebPage\",\"ItemPage\"],\"@id\":\"https:\\\/\\\/vmsport.fi\\\/verkkokauppa\\\/varaosat\\\/jarrut\\\/jarrupalat\\\/xlc-disc-brake-pad-bp-o16-for-formula\\\/\",\"url\":\"https:\\\/\\\/vmsport.fi\\\/verkkokauppa\\\/varaosat\\\/jarrut\\\/jarrupalat\\\/xlc-disc-brake-pad-bp-o16-for-formula\\\/\",\"name\":\"XLC Disc brake pad BP-O16 For Formula - VM Sport\",\"isPartOf\":{\"@id\":\"https:\\\/\\\/vmsport.fi\\\/#website\"},\"primaryImageOfPage\":{\"@id\":\"https:\\\/\\\/vmsport.fi\\\/verkkokauppa\\\/varaosat\\\/jarrut\\\/jarrupalat\\\/xlc-disc-brake-pad-bp-o16-for-formula\\\/#primaryimage\"},\"image\":{\"@id\":\"https:\\\/\\\/vmsport.fi\\\/verkkokauppa\\\/varaosat\\\/jarrut\\\/jarrupalat\\\/xlc-disc-brake-pad-bp-o16-for-formula\\\/#primaryimage\"},\"thumbnailUrl\":\"https:\\\/\\\/vmsport.fi\\\/wp-content\\\/uploads\\\/2025\\\/03\\\/icrcRuGvuzyxQA7I6XYSTEgzxSLGfJEijMQ92bRjzq9vbh1Nbk-1.jpg\",\"datePublished\":\"2025-03-05T21:51:05+00:00\",\"dateModified\":\"2026-04-22T12:05:09+00:00\",\"breadcrumb\":{\"@id\":\"https:\\\/\\\/vmsport.fi\\\/verkkokauppa\\\/varaosat\\\/jarrut\\\/jarrupalat\\\/xlc-disc-brake-pad-bp-o16-for-formula\\\/#breadcrumb\"},\"inLanguage\":\"sv-SE\",\"potentialAction\":[{\"@type\":\"ReadAction\",\"target\":[\"https:\\\/\\\/vmsport.fi\\\/verkkokauppa\\\/varaosat\\\/jarrut\\\/jarrupalat\\\/xlc-disc-brake-pad-bp-o16-for-formula\\\/\"]}]},{\"@type\":\"ImageObject\",\"inLanguage\":\"sv-SE\",\"@id\":\"https:\\\/\\\/vmsport.fi\\\/verkkokauppa\\\/varaosat\\\/jarrut\\\/jarrupalat\\\/xlc-disc-brake-pad-bp-o16-for-formula\\\/#primaryimage\",\"url\":\"https:\\\/\\\/vmsport.fi\\\/wp-content\\\/uploads\\\/2025\\\/03\\\/icrcRuGvuzyxQA7I6XYSTEgzxSLGfJEijMQ92bRjzq9vbh1Nbk-1.jpg\",\"contentUrl\":\"https:\\\/\\\/vmsport.fi\\\/wp-content\\\/uploads\\\/2025\\\/03\\\/icrcRuGvuzyxQA7I6XYSTEgzxSLGfJEijMQ92bRjzq9vbh1Nbk-1.jpg\",\"width\":312,\"height\":312,\"caption\":\"icrcRuGvuzyxQA7I6XYSTEgzxSLGfJEijMQ92bRjzq9vbh1Nbk\"},{\"@type\":\"BreadcrumbList\",\"@id\":\"https:\\\/\\\/vmsport.fi\\\/verkkokauppa\\\/varaosat\\\/jarrut\\\/jarrupalat\\\/xlc-disc-brake-pad-bp-o16-for-formula\\\/#breadcrumb\",\"itemListElement\":[{\"@type\":\"ListItem\",\"position\":1,\"name\":\"Etusivu\",\"item\":\"https:\\\/\\\/vmsport.fi\\\/\"},{\"@type\":\"ListItem\",\"position\":2,\"name\":\"Online Store\",\"item\":\"https:\\\/\\\/vmsport.fi\\\/en\\\/online-store\\\/\"},{\"@type\":\"ListItem\",\"position\":3,\"name\":\"XLC Disc brake pad BP-O16 For Formula\"}]},{\"@type\":\"WebSite\",\"@id\":\"https:\\\/\\\/vmsport.fi\\\/#website\",\"url\":\"https:\\\/\\\/vmsport.fi\\\/\",\"name\":\"Vmsport\",\"description\":\"Kaikki py\u00f6r\u00e4ilyyn yhdest\u00e4 paikasta\",\"publisher\":{\"@id\":\"https:\\\/\\\/vmsport.fi\\\/#organization\"},\"potentialAction\":[{\"@type\":\"SearchAction\",\"target\":{\"@type\":\"EntryPoint\",\"urlTemplate\":\"https:\\\/\\\/vmsport.fi\\\/?s={search_term_string}\"},\"query-input\":{\"@type\":\"PropertyValueSpecification\",\"valueRequired\":true,\"valueName\":\"search_term_string\"}}],\"inLanguage\":\"sv-SE\"},{\"@type\":\"Organization\",\"@id\":\"https:\\\/\\\/vmsport.fi\\\/#organization\",\"name\":\"Vmsport\",\"url\":\"https:\\\/\\\/vmsport.fi\\\/\",\"logo\":{\"@type\":\"ImageObject\",\"inLanguage\":\"sv-SE\",\"@id\":\"https:\\\/\\\/vmsport.fi\\\/#\\\/schema\\\/logo\\\/image\\\/\",\"url\":\"https:\\\/\\\/vmsport.fi\\\/wp-content\\\/uploads\\\/2024\\\/12\\\/vm_sport_RGB_horisontal-e1734526017575.png\",\"contentUrl\":\"https:\\\/\\\/vmsport.fi\\\/wp-content\\\/uploads\\\/2024\\\/12\\\/vm_sport_RGB_horisontal-e1734526017575.png\",\"width\":668,\"height\":85,\"caption\":\"Vmsport\"},\"image\":{\"@id\":\"https:\\\/\\\/vmsport.fi\\\/#\\\/schema\\\/logo\\\/image\\\/\"},\"sameAs\":[\"https:\\\/\\\/www.facebook.com\\\/Vmsport.fi\\\/\",\"https:\\\/\\\/www.instagram.com\\\/vmsport\\\/\"]}]}<\/script>\n<!-- \/ Yoast SEO plugin. -->","yoast_head_json":{"title":"XLC Skivbromsbel\u00e4gg BP-O16 f\u00f6r Formula - VM Sport","robots":{"index":"index","follow":"follow","max-snippet":"max-snippet:-1","max-image-preview":"max-image-preview:large","max-video-preview":"max-video-preview:-1"},"canonical":"https:\/\/vmsport.fi\/sv\/webbutik\/reservdelar\/bromsar\/bromsbelagg\/xlc-skivbromsbelagg-bp-o16-for-formula\/","og_locale":"sv_SE","og_type":"article","og_title":"XLC Disc brake pad BP-O16 For Formula - VM Sport","og_description":"XLC BP-O16 jarrupala, joka on suunniteltu erityisesti Formula-jarruj\u00e4rjestelmiin, tarjoaa huippuluokan suorituskyky\u00e4 py\u00f6r\u00e4ilij\u00f6ille. T\u00e4m\u00e4 levyjarrupala tunnetaan erinomaisesta jarrutustehosta, joka parantaa ajoturvallisuutta haastavissa olosuhteissa. Valmistuksessa k\u00e4ytetty korkealaatuinen materiaali takaa pitk\u00e4n k\u00e4ytt\u00f6i\u00e4n ja v\u00e4hent\u00e4\u00e4 kulumista. Asennus on helppoa, sill\u00e4 muotoilu soveltuu t\u00e4ydellisesti yhteensopiviin jarruj\u00e4rjestelmiin, mik\u00e4 mahdollistaa vaivattoman yll\u00e4pidon. Sek\u00e4 harrastajat ett\u00e4 ammattilaispy\u00f6r\u00e4ilij\u00e4t arvostavat parantunutta jarrutustehoa, joka tarjoaa kaivattua [...]L\u00e4s mer \u2026 from XLC Disc brake pad BP-O16 For Formula","og_url":"https:\/\/vmsport.fi\/sv\/webbutik\/reservdelar\/bromsar\/bromsbelagg\/xlc-skivbromsbelagg-bp-o16-for-formula\/","og_site_name":"VM Sport","article_publisher":"https:\/\/www.facebook.com\/Vmsport.fi\/","article_modified_time":"2026-04-22T12:05:09+00:00","og_image":[{"width":312,"height":312,"url":"https:\/\/vmsport.fi\/wp-content\/uploads\/2025\/03\/icrcRuGvuzyxQA7I6XYSTEgzxSLGfJEijMQ92bRjzq9vbh1Nbk-1.jpg","type":"image\/jpeg"}],"twitter_card":"summary_large_image","schema":{"@context":"https:\/\/schema.org","@graph":[{"@type":["WebPage","ItemPage"],"@id":"https:\/\/vmsport.fi\/verkkokauppa\/varaosat\/jarrut\/jarrupalat\/xlc-disc-brake-pad-bp-o16-for-formula\/","url":"https:\/\/vmsport.fi\/verkkokauppa\/varaosat\/jarrut\/jarrupalat\/xlc-disc-brake-pad-bp-o16-for-formula\/","name":"XLC Skivbromsbel\u00e4gg BP-O16 f\u00f6r Formula - VM Sport","isPartOf":{"@id":"https:\/\/vmsport.fi\/#website"},"primaryImageOfPage":{"@id":"https:\/\/vmsport.fi\/verkkokauppa\/varaosat\/jarrut\/jarrupalat\/xlc-disc-brake-pad-bp-o16-for-formula\/#primaryimage"},"image":{"@id":"https:\/\/vmsport.fi\/verkkokauppa\/varaosat\/jarrut\/jarrupalat\/xlc-disc-brake-pad-bp-o16-for-formula\/#primaryimage"},"thumbnailUrl":"https:\/\/vmsport.fi\/wp-content\/uploads\/2025\/03\/icrcRuGvuzyxQA7I6XYSTEgzxSLGfJEijMQ92bRjzq9vbh1Nbk-1.jpg","datePublished":"2025-03-05T21:51:05+00:00","dateModified":"2026-04-22T12:05:09+00:00","breadcrumb":{"@id":"https:\/\/vmsport.fi\/verkkokauppa\/varaosat\/jarrut\/jarrupalat\/xlc-disc-brake-pad-bp-o16-for-formula\/#breadcrumb"},"inLanguage":"sv-SE","potentialAction":[{"@type":"ReadAction","target":["https:\/\/vmsport.fi\/verkkokauppa\/varaosat\/jarrut\/jarrupalat\/xlc-disc-brake-pad-bp-o16-for-formula\/"]}]},{"@type":"ImageObject","inLanguage":"sv-SE","@id":"https:\/\/vmsport.fi\/verkkokauppa\/varaosat\/jarrut\/jarrupalat\/xlc-disc-brake-pad-bp-o16-for-formula\/#primaryimage","url":"https:\/\/vmsport.fi\/wp-content\/uploads\/2025\/03\/icrcRuGvuzyxQA7I6XYSTEgzxSLGfJEijMQ92bRjzq9vbh1Nbk-1.jpg","contentUrl":"https:\/\/vmsport.fi\/wp-content\/uploads\/2025\/03\/icrcRuGvuzyxQA7I6XYSTEgzxSLGfJEijMQ92bRjzq9vbh1Nbk-1.jpg","width":312,"height":312,"caption":"icrcRuGvuzyxQA7I6XYSTEgzxSLGfJEijMQ92bRjzq9vbh1Nbk"},{"@type":"BreadcrumbList","@id":"https:\/\/vmsport.fi\/verkkokauppa\/varaosat\/jarrut\/jarrupalat\/xlc-disc-brake-pad-bp-o16-for-formula\/#breadcrumb","itemListElement":[{"@type":"ListItem","position":1,"name":"Etusivu","item":"https:\/\/vmsport.fi\/"},{"@type":"ListItem","position":2,"name":"Online Store","item":"https:\/\/vmsport.fi\/en\/online-store\/"},{"@type":"ListItem","position":3,"name":"XLC Disc brake pad BP-O16 For Formula"}]},{"@type":"WebSite","@id":"https:\/\/vmsport.fi\/#website","url":"https:\/\/vmsport.fi\/","name":"Vmsport","description":"Allt p\u00e5 ett st\u00e4lle f\u00f6r cykling","publisher":{"@id":"https:\/\/vmsport.fi\/#organization"},"potentialAction":[{"@type":"SearchAction","target":{"@type":"EntryPoint","urlTemplate":"https:\/\/vmsport.fi\/?s={search_term_string}"},"query-input":{"@type":"PropertyValueSpecification","valueRequired":true,"valueName":"search_term_string"}}],"inLanguage":"sv-SE"},{"@type":"Organization","@id":"https:\/\/vmsport.fi\/#organization","name":"Vmsport","url":"https:\/\/vmsport.fi\/","logo":{"@type":"ImageObject","inLanguage":"sv-SE","@id":"https:\/\/vmsport.fi\/#\/schema\/logo\/image\/","url":"https:\/\/vmsport.fi\/wp-content\/uploads\/2024\/12\/vm_sport_RGB_horisontal-e1734526017575.png","contentUrl":"https:\/\/vmsport.fi\/wp-content\/uploads\/2024\/12\/vm_sport_RGB_horisontal-e1734526017575.png","width":668,"height":85,"caption":"Vmsport"},"image":{"@id":"https:\/\/vmsport.fi\/#\/schema\/logo\/image\/"},"sameAs":["https:\/\/www.facebook.com\/Vmsport.fi\/","https:\/\/www.instagram.com\/vmsport\/"]}]}},"global_unique_id":"","_links":{"self":[{"href":"https:\/\/vmsport.fi\/sv\/wp-json\/wp\/v2\/product\/54204","targetHints":{"allow":["GET"]}}],"collection":[{"href":"https:\/\/vmsport.fi\/sv\/wp-json\/wp\/v2\/product"}],"about":[{"href":"https:\/\/vmsport.fi\/sv\/wp-json\/wp\/v2\/types\/product"}],"replies":[{"embeddable":true,"href":"https:\/\/vmsport.fi\/sv\/wp-json\/wp\/v2\/comments?post=54204"}],"wp:featuredmedia":[{"embeddable":true,"href":"https:\/\/vmsport.fi\/sv\/wp-json\/wp\/v2\/media\/54203"}],"wp:attachment":[{"href":"https:\/\/vmsport.fi\/sv\/wp-json\/wp\/v2\/media?parent=54204"}],"wp:term":[{"taxonomy":"product_brand","embeddable":true,"href":"https:\/\/vmsport.fi\/sv\/wp-json\/wp\/v2\/product_brand?post=54204"},{"taxonomy":"product_model","embeddable":true,"href":"https:\/\/vmsport.fi\/sv\/wp-json\/wp\/v2\/product_model?post=54204"},{"taxonomy":"product_cat","embeddable":true,"href":"https:\/\/vmsport.fi\/sv\/wp-json\/wp\/v2\/product_cat?post=54204"},{"taxonomy":"product_tag","embeddable":true,"href":"https:\/\/vmsport.fi\/sv\/wp-json\/wp\/v2\/product_tag?post=54204"},{"taxonomy":"industry_terminology","embeddable":true,"href":"https:\/\/vmsport.fi\/sv\/wp-json\/wp\/v2\/industry-terminology?post=54204"}],"curies":[{"name":"wp","href":"https:\/\/api.w.org\/{rel}","templated":true}]}}