{"id":54202,"date":"2025-03-05T23:51:04","date_gmt":"2025-03-05T21:51:04","guid":{"rendered":"https:\/\/vmsport.fi\/verkkokauppa\/Ei-luokiteltu\/rockshox-judy-gold-and-silver-2018\/"},"modified":"2026-04-22T15:01:37","modified_gmt":"2026-04-22T12:01:37","slug":"rockshox-judy-gold-and-silver-2018","status":"publish","type":"product","link":"https:\/\/vmsport.fi\/sv\/verkkokauppa\/varaosat\/haarukat-ja-rungonosat\/joustohaarukan-varaosat\/rockshox-judy-gold-and-silver-2018\/","title":{"rendered":"ROCKSHOX Judy Guld och Silver (2018+)"},"content":{"rendered":"<p>ROCKSHOX Judy Gold ja Silver (2018+) on ensiluokkainen etujousituskeula, joka on suunniteltu parantamaan polkupy\u00f6r\u00e4n ajomukavuutta. Se parantaa py\u00f6r\u00e4n hallittavuutta ja tarjoaa mukavuutta monenlaisilla maastoilla, tehden siit\u00e4 ihanteellisen valinnan ajajille, jotka etsiv\u00e4t luotettavaa ja tehokasta jousitusratkaisua. T\u00e4m\u00e4 keula on yhteensopiva Judy Silver- ja Judy Gold -mallien kanssa alkaen vuodesta 2018. Jousituksen optimaalisen toiminnan s\u00e4ilytt\u00e4miseksi suositellaan huoltopakkauksen k\u00e4ytt\u00f6\u00e4, joka sis\u00e4lt\u00e4\u00e4 p\u00f6lytiivisteet, vaahtorenkaat ja O-renkaat, tarkistettavaksi 200 ajotunnin tai kerran vuodessa. Keulan paino on vain 24 grammaa, mik\u00e4 tuo py\u00f6r\u00e4\u00e4n vain hyvin pienen lis\u00e4painon ja takaa huollon vaivattomuuden.<\/p>","protected":false},"excerpt":{"rendered":"<p>ROCKSHOX Judy Gold ja Silver (2018+) on ensiluokkainen etujousituskeula, joka on suunniteltu parantamaan polkupy\u00f6r\u00e4n ajomukavuutta. Se parantaa py\u00f6r\u00e4n hallittavuutta ja tarjoaa mukavuutta monenlaisilla maastoilla, tehden siit\u00e4 ihanteellisen valinnan ajajille, jotka etsiv\u00e4t luotettavaa ja tehokasta jousitusratkaisua. T\u00e4m\u00e4 keula on yhteensopiva Judy Silver- ja Judy Gold -mallien kanssa alkaen vuodesta 2018. Jousituksen optimaalisen toiminnan s\u00e4ilytt\u00e4miseksi suositellaan huoltopakkauksen [&#8230;]<\/p>\n<p><a class=\"btn btn-secondary understrap-read-more-link\" href=\"https:\/\/vmsport.fi\/sv\/verkkokauppa\/varaosat\/haarukat-ja-rungonosat\/joustohaarukan-varaosat\/rockshox-judy-gold-and-silver-2018\/\">L\u00e4s mer \u2026<span class=\"screen-reader-text\"> from ROCKSHOX Judy Gold and Silver (2018+)<\/span><\/a><\/p>\n","protected":false},"featured_media":54201,"comment_status":"open","ping_status":"closed","template":"","meta":{"_acf_changed":false,"_improvement_type_select":"improve_an_existing","_thumb_yes_seoaic":false,"_frame_yes_seoaic":false,"seoaic_generate_description":"","seoaic_improve_instructions_prompt":"","seoaic_rollback_content_improvement":"","seoaic_idea_thumbnail_generator":"","thumbnail_generated":false,"thumbnail_generate_prompt":"","seoaic_article_description":"","_supplier_stock_quantity":0},"product_brand":[1589],"product_model":[],"product_cat":[9526],"product_tag":[],"industry-terminology":[],"class_list":{"0":"post-54202","1":"product","2":"type-product","3":"status-publish","4":"has-post-thumbnail","6":"product_brand-rockshox","7":"product_cat-joustohaarukan-varaosat","9":"first","10":"outofstock","11":"taxable","12":"shipping-taxable","13":"product-type-simple"},"acf":{"bike_features":null,"overview":{"copy_overview":null,"key_features":null,"statement":"","youtube_url":""}},"yoast_head":"<!-- This site is optimized with the Yoast SEO plugin v27.4 - https:\/\/yoast.com\/product\/yoast-seo-wordpress\/ -->\n<title>ROCKSHOX Judy Gold and Silver (2018+) - VM Sport<\/title>\n<meta name=\"robots\" content=\"index, follow, max-snippet:-1, max-image-preview:large, max-video-preview:-1\" \/>\n<link rel=\"canonical\" href=\"https:\/\/vmsport.fi\/sv\/webbutik\/reservdelar\/gafflar-och-kroppsdelar\/flexohaarukan-reservdelar\/rockshox-judy-gold-and-silver-2018\/\" \/>\n<meta property=\"og:locale\" content=\"sv_SE\" \/>\n<meta property=\"og:type\" content=\"article\" \/>\n<meta property=\"og:title\" content=\"ROCKSHOX Judy Gold and Silver (2018+) - VM Sport\" \/>\n<meta property=\"og:description\" content=\"ROCKSHOX Judy Gold ja Silver (2018+) on ensiluokkainen etujousituskeula, joka on suunniteltu parantamaan polkupy\u00f6r\u00e4n ajomukavuutta. Se parantaa py\u00f6r\u00e4n hallittavuutta ja tarjoaa mukavuutta monenlaisilla maastoilla, tehden siit\u00e4 ihanteellisen valinnan ajajille, jotka etsiv\u00e4t luotettavaa ja tehokasta jousitusratkaisua. T\u00e4m\u00e4 keula on yhteensopiva Judy Silver- ja Judy Gold -mallien kanssa alkaen vuodesta 2018. Jousituksen optimaalisen toiminnan s\u00e4ilytt\u00e4miseksi suositellaan huoltopakkauksen [...]L\u00e4s mer \u2026 from ROCKSHOX Judy Gold and Silver (2018+)\" \/>\n<meta property=\"og:url\" content=\"https:\/\/vmsport.fi\/sv\/webbutik\/reservdelar\/gafflar-och-kroppsdelar\/flexohaarukan-reservdelar\/rockshox-judy-gold-and-silver-2018\/\" \/>\n<meta property=\"og:site_name\" content=\"VM Sport\" \/>\n<meta property=\"article:publisher\" content=\"https:\/\/www.facebook.com\/Vmsport.fi\/\" \/>\n<meta property=\"article:modified_time\" content=\"2026-04-22T12:01:37+00:00\" \/>\n<meta property=\"og:image\" content=\"https:\/\/vmsport.fi\/wp-content\/uploads\/2025\/03\/XxZjCwVuGD2Pj71rrFPp961HGiPLdcJPOmm1sX2pHnVJGpkoDG-1.jpg\" \/>\n\t<meta property=\"og:image:width\" content=\"800\" \/>\n\t<meta property=\"og:image:height\" content=\"800\" \/>\n\t<meta property=\"og:image:type\" content=\"image\/jpeg\" \/>\n<meta name=\"twitter:card\" content=\"summary_large_image\" \/>\n<script type=\"application\/ld+json\" class=\"yoast-schema-graph\">{\"@context\":\"https:\\\/\\\/schema.org\",\"@graph\":[{\"@type\":[\"WebPage\",\"ItemPage\"],\"@id\":\"https:\\\/\\\/vmsport.fi\\\/verkkokauppa\\\/varaosat\\\/haarukat-ja-rungonosat\\\/joustohaarukan-varaosat\\\/rockshox-judy-gold-and-silver-2018\\\/\",\"url\":\"https:\\\/\\\/vmsport.fi\\\/verkkokauppa\\\/varaosat\\\/haarukat-ja-rungonosat\\\/joustohaarukan-varaosat\\\/rockshox-judy-gold-and-silver-2018\\\/\",\"name\":\"ROCKSHOX Judy Gold and Silver (2018+) - VM Sport\",\"isPartOf\":{\"@id\":\"https:\\\/\\\/vmsport.fi\\\/#website\"},\"primaryImageOfPage\":{\"@id\":\"https:\\\/\\\/vmsport.fi\\\/verkkokauppa\\\/varaosat\\\/haarukat-ja-rungonosat\\\/joustohaarukan-varaosat\\\/rockshox-judy-gold-and-silver-2018\\\/#primaryimage\"},\"image\":{\"@id\":\"https:\\\/\\\/vmsport.fi\\\/verkkokauppa\\\/varaosat\\\/haarukat-ja-rungonosat\\\/joustohaarukan-varaosat\\\/rockshox-judy-gold-and-silver-2018\\\/#primaryimage\"},\"thumbnailUrl\":\"https:\\\/\\\/vmsport.fi\\\/wp-content\\\/uploads\\\/2025\\\/03\\\/XxZjCwVuGD2Pj71rrFPp961HGiPLdcJPOmm1sX2pHnVJGpkoDG-1.jpg\",\"datePublished\":\"2025-03-05T21:51:04+00:00\",\"dateModified\":\"2026-04-22T12:01:37+00:00\",\"breadcrumb\":{\"@id\":\"https:\\\/\\\/vmsport.fi\\\/verkkokauppa\\\/varaosat\\\/haarukat-ja-rungonosat\\\/joustohaarukan-varaosat\\\/rockshox-judy-gold-and-silver-2018\\\/#breadcrumb\"},\"inLanguage\":\"sv-SE\",\"potentialAction\":[{\"@type\":\"ReadAction\",\"target\":[\"https:\\\/\\\/vmsport.fi\\\/verkkokauppa\\\/varaosat\\\/haarukat-ja-rungonosat\\\/joustohaarukan-varaosat\\\/rockshox-judy-gold-and-silver-2018\\\/\"]}]},{\"@type\":\"ImageObject\",\"inLanguage\":\"sv-SE\",\"@id\":\"https:\\\/\\\/vmsport.fi\\\/verkkokauppa\\\/varaosat\\\/haarukat-ja-rungonosat\\\/joustohaarukan-varaosat\\\/rockshox-judy-gold-and-silver-2018\\\/#primaryimage\",\"url\":\"https:\\\/\\\/vmsport.fi\\\/wp-content\\\/uploads\\\/2025\\\/03\\\/XxZjCwVuGD2Pj71rrFPp961HGiPLdcJPOmm1sX2pHnVJGpkoDG-1.jpg\",\"contentUrl\":\"https:\\\/\\\/vmsport.fi\\\/wp-content\\\/uploads\\\/2025\\\/03\\\/XxZjCwVuGD2Pj71rrFPp961HGiPLdcJPOmm1sX2pHnVJGpkoDG-1.jpg\",\"width\":800,\"height\":800,\"caption\":\"XxZjCwVuGD2Pj71rrFPp961HGiPLdcJPOmm1sX2pHnVJGpkoDG\"},{\"@type\":\"BreadcrumbList\",\"@id\":\"https:\\\/\\\/vmsport.fi\\\/verkkokauppa\\\/varaosat\\\/haarukat-ja-rungonosat\\\/joustohaarukan-varaosat\\\/rockshox-judy-gold-and-silver-2018\\\/#breadcrumb\",\"itemListElement\":[{\"@type\":\"ListItem\",\"position\":1,\"name\":\"Etusivu\",\"item\":\"https:\\\/\\\/vmsport.fi\\\/\"},{\"@type\":\"ListItem\",\"position\":2,\"name\":\"Online Store\",\"item\":\"https:\\\/\\\/vmsport.fi\\\/en\\\/online-store\\\/\"},{\"@type\":\"ListItem\",\"position\":3,\"name\":\"ROCKSHOX Judy Gold and Silver (2018+)\"}]},{\"@type\":\"WebSite\",\"@id\":\"https:\\\/\\\/vmsport.fi\\\/#website\",\"url\":\"https:\\\/\\\/vmsport.fi\\\/\",\"name\":\"Vmsport\",\"description\":\"Kaikki py\u00f6r\u00e4ilyyn yhdest\u00e4 paikasta\",\"publisher\":{\"@id\":\"https:\\\/\\\/vmsport.fi\\\/#organization\"},\"potentialAction\":[{\"@type\":\"SearchAction\",\"target\":{\"@type\":\"EntryPoint\",\"urlTemplate\":\"https:\\\/\\\/vmsport.fi\\\/?s={search_term_string}\"},\"query-input\":{\"@type\":\"PropertyValueSpecification\",\"valueRequired\":true,\"valueName\":\"search_term_string\"}}],\"inLanguage\":\"sv-SE\"},{\"@type\":\"Organization\",\"@id\":\"https:\\\/\\\/vmsport.fi\\\/#organization\",\"name\":\"Vmsport\",\"url\":\"https:\\\/\\\/vmsport.fi\\\/\",\"logo\":{\"@type\":\"ImageObject\",\"inLanguage\":\"sv-SE\",\"@id\":\"https:\\\/\\\/vmsport.fi\\\/#\\\/schema\\\/logo\\\/image\\\/\",\"url\":\"https:\\\/\\\/vmsport.fi\\\/wp-content\\\/uploads\\\/2024\\\/12\\\/vm_sport_RGB_horisontal-e1734526017575.png\",\"contentUrl\":\"https:\\\/\\\/vmsport.fi\\\/wp-content\\\/uploads\\\/2024\\\/12\\\/vm_sport_RGB_horisontal-e1734526017575.png\",\"width\":668,\"height\":85,\"caption\":\"Vmsport\"},\"image\":{\"@id\":\"https:\\\/\\\/vmsport.fi\\\/#\\\/schema\\\/logo\\\/image\\\/\"},\"sameAs\":[\"https:\\\/\\\/www.facebook.com\\\/Vmsport.fi\\\/\",\"https:\\\/\\\/www.instagram.com\\\/vmsport\\\/\"]}]}<\/script>\n<!-- \/ Yoast SEO plugin. -->","yoast_head_json":{"title":"ROCKSHOX Judy Gold and Silver (2018+) - VM Sport","robots":{"index":"index","follow":"follow","max-snippet":"max-snippet:-1","max-image-preview":"max-image-preview:large","max-video-preview":"max-video-preview:-1"},"canonical":"https:\/\/vmsport.fi\/sv\/webbutik\/reservdelar\/gafflar-och-kroppsdelar\/flexohaarukan-reservdelar\/rockshox-judy-gold-and-silver-2018\/","og_locale":"sv_SE","og_type":"article","og_title":"ROCKSHOX Judy Gold and Silver (2018+) - VM Sport","og_description":"ROCKSHOX Judy Gold ja Silver (2018+) on ensiluokkainen etujousituskeula, joka on suunniteltu parantamaan polkupy\u00f6r\u00e4n ajomukavuutta. Se parantaa py\u00f6r\u00e4n hallittavuutta ja tarjoaa mukavuutta monenlaisilla maastoilla, tehden siit\u00e4 ihanteellisen valinnan ajajille, jotka etsiv\u00e4t luotettavaa ja tehokasta jousitusratkaisua. T\u00e4m\u00e4 keula on yhteensopiva Judy Silver- ja Judy Gold -mallien kanssa alkaen vuodesta 2018. Jousituksen optimaalisen toiminnan s\u00e4ilytt\u00e4miseksi suositellaan huoltopakkauksen [...]L\u00e4s mer \u2026 from ROCKSHOX Judy Gold and Silver (2018+)","og_url":"https:\/\/vmsport.fi\/sv\/webbutik\/reservdelar\/gafflar-och-kroppsdelar\/flexohaarukan-reservdelar\/rockshox-judy-gold-and-silver-2018\/","og_site_name":"VM Sport","article_publisher":"https:\/\/www.facebook.com\/Vmsport.fi\/","article_modified_time":"2026-04-22T12:01:37+00:00","og_image":[{"width":800,"height":800,"url":"https:\/\/vmsport.fi\/wp-content\/uploads\/2025\/03\/XxZjCwVuGD2Pj71rrFPp961HGiPLdcJPOmm1sX2pHnVJGpkoDG-1.jpg","type":"image\/jpeg"}],"twitter_card":"summary_large_image","schema":{"@context":"https:\/\/schema.org","@graph":[{"@type":["WebPage","ItemPage"],"@id":"https:\/\/vmsport.fi\/verkkokauppa\/varaosat\/haarukat-ja-rungonosat\/joustohaarukan-varaosat\/rockshox-judy-gold-and-silver-2018\/","url":"https:\/\/vmsport.fi\/verkkokauppa\/varaosat\/haarukat-ja-rungonosat\/joustohaarukan-varaosat\/rockshox-judy-gold-and-silver-2018\/","name":"ROCKSHOX Judy Gold and Silver (2018+) - VM Sport","isPartOf":{"@id":"https:\/\/vmsport.fi\/#website"},"primaryImageOfPage":{"@id":"https:\/\/vmsport.fi\/verkkokauppa\/varaosat\/haarukat-ja-rungonosat\/joustohaarukan-varaosat\/rockshox-judy-gold-and-silver-2018\/#primaryimage"},"image":{"@id":"https:\/\/vmsport.fi\/verkkokauppa\/varaosat\/haarukat-ja-rungonosat\/joustohaarukan-varaosat\/rockshox-judy-gold-and-silver-2018\/#primaryimage"},"thumbnailUrl":"https:\/\/vmsport.fi\/wp-content\/uploads\/2025\/03\/XxZjCwVuGD2Pj71rrFPp961HGiPLdcJPOmm1sX2pHnVJGpkoDG-1.jpg","datePublished":"2025-03-05T21:51:04+00:00","dateModified":"2026-04-22T12:01:37+00:00","breadcrumb":{"@id":"https:\/\/vmsport.fi\/verkkokauppa\/varaosat\/haarukat-ja-rungonosat\/joustohaarukan-varaosat\/rockshox-judy-gold-and-silver-2018\/#breadcrumb"},"inLanguage":"sv-SE","potentialAction":[{"@type":"ReadAction","target":["https:\/\/vmsport.fi\/verkkokauppa\/varaosat\/haarukat-ja-rungonosat\/joustohaarukan-varaosat\/rockshox-judy-gold-and-silver-2018\/"]}]},{"@type":"ImageObject","inLanguage":"sv-SE","@id":"https:\/\/vmsport.fi\/verkkokauppa\/varaosat\/haarukat-ja-rungonosat\/joustohaarukan-varaosat\/rockshox-judy-gold-and-silver-2018\/#primaryimage","url":"https:\/\/vmsport.fi\/wp-content\/uploads\/2025\/03\/XxZjCwVuGD2Pj71rrFPp961HGiPLdcJPOmm1sX2pHnVJGpkoDG-1.jpg","contentUrl":"https:\/\/vmsport.fi\/wp-content\/uploads\/2025\/03\/XxZjCwVuGD2Pj71rrFPp961HGiPLdcJPOmm1sX2pHnVJGpkoDG-1.jpg","width":800,"height":800,"caption":"XxZjCwVuGD2Pj71rrFPp961HGiPLdcJPOmm1sX2pHnVJGpkoDG"},{"@type":"BreadcrumbList","@id":"https:\/\/vmsport.fi\/verkkokauppa\/varaosat\/haarukat-ja-rungonosat\/joustohaarukan-varaosat\/rockshox-judy-gold-and-silver-2018\/#breadcrumb","itemListElement":[{"@type":"ListItem","position":1,"name":"Etusivu","item":"https:\/\/vmsport.fi\/"},{"@type":"ListItem","position":2,"name":"Online Store","item":"https:\/\/vmsport.fi\/en\/online-store\/"},{"@type":"ListItem","position":3,"name":"ROCKSHOX Judy Gold and Silver (2018+)"}]},{"@type":"WebSite","@id":"https:\/\/vmsport.fi\/#website","url":"https:\/\/vmsport.fi\/","name":"Vmsport","description":"Allt p\u00e5 ett st\u00e4lle f\u00f6r cykling","publisher":{"@id":"https:\/\/vmsport.fi\/#organization"},"potentialAction":[{"@type":"SearchAction","target":{"@type":"EntryPoint","urlTemplate":"https:\/\/vmsport.fi\/?s={search_term_string}"},"query-input":{"@type":"PropertyValueSpecification","valueRequired":true,"valueName":"search_term_string"}}],"inLanguage":"sv-SE"},{"@type":"Organization","@id":"https:\/\/vmsport.fi\/#organization","name":"Vmsport","url":"https:\/\/vmsport.fi\/","logo":{"@type":"ImageObject","inLanguage":"sv-SE","@id":"https:\/\/vmsport.fi\/#\/schema\/logo\/image\/","url":"https:\/\/vmsport.fi\/wp-content\/uploads\/2024\/12\/vm_sport_RGB_horisontal-e1734526017575.png","contentUrl":"https:\/\/vmsport.fi\/wp-content\/uploads\/2024\/12\/vm_sport_RGB_horisontal-e1734526017575.png","width":668,"height":85,"caption":"Vmsport"},"image":{"@id":"https:\/\/vmsport.fi\/#\/schema\/logo\/image\/"},"sameAs":["https:\/\/www.facebook.com\/Vmsport.fi\/","https:\/\/www.instagram.com\/vmsport\/"]}]}},"global_unique_id":"","_links":{"self":[{"href":"https:\/\/vmsport.fi\/sv\/wp-json\/wp\/v2\/product\/54202","targetHints":{"allow":["GET"]}}],"collection":[{"href":"https:\/\/vmsport.fi\/sv\/wp-json\/wp\/v2\/product"}],"about":[{"href":"https:\/\/vmsport.fi\/sv\/wp-json\/wp\/v2\/types\/product"}],"replies":[{"embeddable":true,"href":"https:\/\/vmsport.fi\/sv\/wp-json\/wp\/v2\/comments?post=54202"}],"wp:featuredmedia":[{"embeddable":true,"href":"https:\/\/vmsport.fi\/sv\/wp-json\/wp\/v2\/media\/54201"}],"wp:attachment":[{"href":"https:\/\/vmsport.fi\/sv\/wp-json\/wp\/v2\/media?parent=54202"}],"wp:term":[{"taxonomy":"product_brand","embeddable":true,"href":"https:\/\/vmsport.fi\/sv\/wp-json\/wp\/v2\/product_brand?post=54202"},{"taxonomy":"product_model","embeddable":true,"href":"https:\/\/vmsport.fi\/sv\/wp-json\/wp\/v2\/product_model?post=54202"},{"taxonomy":"product_cat","embeddable":true,"href":"https:\/\/vmsport.fi\/sv\/wp-json\/wp\/v2\/product_cat?post=54202"},{"taxonomy":"product_tag","embeddable":true,"href":"https:\/\/vmsport.fi\/sv\/wp-json\/wp\/v2\/product_tag?post=54202"},{"taxonomy":"industry_terminology","embeddable":true,"href":"https:\/\/vmsport.fi\/sv\/wp-json\/wp\/v2\/industry-terminology?post=54202"}],"curies":[{"name":"wp","href":"https:\/\/api.w.org\/{rel}","templated":true}]}}