{"id":54200,"date":"2025-03-05T23:51:03","date_gmt":"2025-03-05T21:51:03","guid":{"rendered":"https:\/\/vmsport.fi\/verkkokauppa\/Ei-luokiteltu\/alpina-bonfire-turquoise-matt\/"},"modified":"2026-01-16T13:21:40","modified_gmt":"2026-01-16T11:21:40","slug":"alpina-bonfire-turquoise-matt","status":"publish","type":"product","link":"https:\/\/vmsport.fi\/sv\/verkkokauppa\/ajovarusteet\/ajolasit\/alpina-bonfire-turquoise-matt\/","title":{"rendered":"Alpina BONFIRE Turkos matt"},"content":{"rendered":"<p>Alpina BONFIRE Turquoise matt -aurinkolasit ovat tyylikk\u00e4\u00e4t ja toimivat, yhdist\u00e4en turkoosin mattapinnan moderniin muotoiluun. Peilipintaiset linssit suojaavat erinomaisesti auringon s\u00e4teilt\u00e4, ja kevyt rakenne takaa miellytt\u00e4v\u00e4n k\u00e4yt\u00f6n, sill\u00e4 jokainen yksityiskohta on suunniteltu tarkasti. Kehykset istuvat napakasti kasvoilla, joten ne pysyv\u00e4t mukavasti paikallaan my\u00f6s liikkuessa. N\u00e4iden aurinkolasien suunnittelussa on otettu huomioon sek\u00e4 esteettisyys ett\u00e4 k\u00e4yt\u00e4nn\u00f6llisyys, ja ne ovat ihanteelliset aktiiviseen el\u00e4m\u00e4ntyyliin.<\/p>","protected":false},"excerpt":{"rendered":"<p>Alpina BONFIRE Turquoise matt -aurinkolasit ovat tyylikk\u00e4\u00e4t ja toimivat, yhdist\u00e4en turkoosin mattapinnan moderniin muotoiluun. Peilipintaiset linssit suojaavat erinomaisesti auringon s\u00e4teilt\u00e4, ja kevyt rakenne takaa miellytt\u00e4v\u00e4n k\u00e4yt\u00f6n, sill\u00e4 jokainen yksityiskohta on suunniteltu tarkasti. Kehykset istuvat napakasti kasvoilla, joten ne pysyv\u00e4t mukavasti paikallaan my\u00f6s liikkuessa. N\u00e4iden aurinkolasien suunnittelussa on otettu huomioon sek\u00e4 esteettisyys ett\u00e4 k\u00e4yt\u00e4nn\u00f6llisyys, ja ne [&#8230;]<\/p>\n<p><a class=\"btn btn-secondary understrap-read-more-link\" href=\"https:\/\/vmsport.fi\/sv\/verkkokauppa\/ajovarusteet\/ajolasit\/alpina-bonfire-turquoise-matt\/\">L\u00e4s mer \u2026<span class=\"screen-reader-text\"> from Alpina BONFIRE Turquoise matt<\/span><\/a><\/p>\n","protected":false},"featured_media":54197,"comment_status":"open","ping_status":"closed","template":"","meta":{"_acf_changed":false,"_improvement_type_select":"improve_an_existing","_thumb_yes_seoaic":false,"_frame_yes_seoaic":false,"seoaic_generate_description":"","seoaic_improve_instructions_prompt":"","seoaic_rollback_content_improvement":"","seoaic_idea_thumbnail_generator":"","thumbnail_generated":false,"thumbnail_generate_prompt":"","seoaic_article_description":"","_supplier_stock_quantity":0},"product_brand":[],"product_model":[],"product_cat":[9280],"product_tag":[],"industry-terminology":[],"class_list":{"0":"post-54200","1":"product","2":"type-product","3":"status-publish","4":"has-post-thumbnail","6":"product_cat-ajolasit","8":"first","9":"instock","10":"taxable","11":"shipping-taxable","12":"purchasable","13":"product-type-simple"},"acf":{"bike_features":null,"overview":{"copy_overview":null,"key_features":null,"statement":"","youtube_url":""}},"yoast_head":"<!-- This site is optimized with the Yoast SEO plugin v27.3 - https:\/\/yoast.com\/product\/yoast-seo-wordpress\/ -->\n<title>Alpina BONFIRE Turquoise matt - VM Sport<\/title>\n<meta name=\"robots\" content=\"index, follow, max-snippet:-1, max-image-preview:large, max-video-preview:-1\" \/>\n<link rel=\"canonical\" href=\"https:\/\/vmsport.fi\/sv\/webbutik\/korutrustning\/drivande-glasogon\/alpina-bonfire-turquoise-matt\/\" \/>\n<meta property=\"og:locale\" content=\"sv_SE\" \/>\n<meta property=\"og:type\" content=\"article\" \/>\n<meta property=\"og:title\" content=\"Alpina BONFIRE Turquoise matt - VM Sport\" \/>\n<meta property=\"og:description\" content=\"Alpina BONFIRE Turquoise matt -aurinkolasit ovat tyylikk\u00e4\u00e4t ja toimivat, yhdist\u00e4en turkoosin mattapinnan moderniin muotoiluun. Peilipintaiset linssit suojaavat erinomaisesti auringon s\u00e4teilt\u00e4, ja kevyt rakenne takaa miellytt\u00e4v\u00e4n k\u00e4yt\u00f6n, sill\u00e4 jokainen yksityiskohta on suunniteltu tarkasti. Kehykset istuvat napakasti kasvoilla, joten ne pysyv\u00e4t mukavasti paikallaan my\u00f6s liikkuessa. N\u00e4iden aurinkolasien suunnittelussa on otettu huomioon sek\u00e4 esteettisyys ett\u00e4 k\u00e4yt\u00e4nn\u00f6llisyys, ja ne [...]L\u00e4s mer \u2026 from Alpina BONFIRE Turquoise matt\" \/>\n<meta property=\"og:url\" content=\"https:\/\/vmsport.fi\/sv\/webbutik\/korutrustning\/drivande-glasogon\/alpina-bonfire-turquoise-matt\/\" \/>\n<meta property=\"og:site_name\" content=\"VM Sport\" \/>\n<meta property=\"article:publisher\" content=\"https:\/\/www.facebook.com\/Vmsport.fi\/\" \/>\n<meta property=\"article:modified_time\" content=\"2026-01-16T11:21:40+00:00\" \/>\n<meta property=\"og:image\" content=\"https:\/\/vmsport.fi\/wp-content\/uploads\/2025\/03\/Alpina-bonfire-turquoise-matt-front-1.jpg\" \/>\n\t<meta property=\"og:image:width\" content=\"1000\" \/>\n\t<meta property=\"og:image:height\" content=\"750\" \/>\n\t<meta property=\"og:image:type\" content=\"image\/jpeg\" \/>\n<meta name=\"twitter:card\" content=\"summary_large_image\" \/>\n<script type=\"application\/ld+json\" class=\"yoast-schema-graph\">{\"@context\":\"https:\\\/\\\/schema.org\",\"@graph\":[{\"@type\":[\"WebPage\",\"ItemPage\"],\"@id\":\"https:\\\/\\\/vmsport.fi\\\/verkkokauppa\\\/ajovarusteet\\\/ajolasit\\\/alpina-bonfire-turquoise-matt\\\/\",\"url\":\"https:\\\/\\\/vmsport.fi\\\/verkkokauppa\\\/ajovarusteet\\\/ajolasit\\\/alpina-bonfire-turquoise-matt\\\/\",\"name\":\"Alpina BONFIRE Turquoise matt - VM Sport\",\"isPartOf\":{\"@id\":\"https:\\\/\\\/vmsport.fi\\\/#website\"},\"primaryImageOfPage\":{\"@id\":\"https:\\\/\\\/vmsport.fi\\\/verkkokauppa\\\/ajovarusteet\\\/ajolasit\\\/alpina-bonfire-turquoise-matt\\\/#primaryimage\"},\"image\":{\"@id\":\"https:\\\/\\\/vmsport.fi\\\/verkkokauppa\\\/ajovarusteet\\\/ajolasit\\\/alpina-bonfire-turquoise-matt\\\/#primaryimage\"},\"thumbnailUrl\":\"https:\\\/\\\/vmsport.fi\\\/wp-content\\\/uploads\\\/2025\\\/03\\\/Alpina-bonfire-turquoise-matt-front-1.jpg\",\"datePublished\":\"2025-03-05T21:51:03+00:00\",\"dateModified\":\"2026-01-16T11:21:40+00:00\",\"breadcrumb\":{\"@id\":\"https:\\\/\\\/vmsport.fi\\\/verkkokauppa\\\/ajovarusteet\\\/ajolasit\\\/alpina-bonfire-turquoise-matt\\\/#breadcrumb\"},\"inLanguage\":\"sv-SE\",\"potentialAction\":[{\"@type\":\"ReadAction\",\"target\":[\"https:\\\/\\\/vmsport.fi\\\/verkkokauppa\\\/ajovarusteet\\\/ajolasit\\\/alpina-bonfire-turquoise-matt\\\/\"]}]},{\"@type\":\"ImageObject\",\"inLanguage\":\"sv-SE\",\"@id\":\"https:\\\/\\\/vmsport.fi\\\/verkkokauppa\\\/ajovarusteet\\\/ajolasit\\\/alpina-bonfire-turquoise-matt\\\/#primaryimage\",\"url\":\"https:\\\/\\\/vmsport.fi\\\/wp-content\\\/uploads\\\/2025\\\/03\\\/Alpina-bonfire-turquoise-matt-front-1.jpg\",\"contentUrl\":\"https:\\\/\\\/vmsport.fi\\\/wp-content\\\/uploads\\\/2025\\\/03\\\/Alpina-bonfire-turquoise-matt-front-1.jpg\",\"width\":1000,\"height\":750,\"caption\":\"Alpina-bonfire-turquoise-matt-front\"},{\"@type\":\"BreadcrumbList\",\"@id\":\"https:\\\/\\\/vmsport.fi\\\/verkkokauppa\\\/ajovarusteet\\\/ajolasit\\\/alpina-bonfire-turquoise-matt\\\/#breadcrumb\",\"itemListElement\":[{\"@type\":\"ListItem\",\"position\":1,\"name\":\"Etusivu\",\"item\":\"https:\\\/\\\/vmsport.fi\\\/\"},{\"@type\":\"ListItem\",\"position\":2,\"name\":\"Online Store\",\"item\":\"https:\\\/\\\/vmsport.fi\\\/en\\\/online-store\\\/\"},{\"@type\":\"ListItem\",\"position\":3,\"name\":\"Alpina BONFIRE Turquoise matt\"}]},{\"@type\":\"WebSite\",\"@id\":\"https:\\\/\\\/vmsport.fi\\\/#website\",\"url\":\"https:\\\/\\\/vmsport.fi\\\/\",\"name\":\"Vmsport\",\"description\":\"Kaikki py\u00f6r\u00e4ilyyn yhdest\u00e4 paikasta\",\"publisher\":{\"@id\":\"https:\\\/\\\/vmsport.fi\\\/#organization\"},\"potentialAction\":[{\"@type\":\"SearchAction\",\"target\":{\"@type\":\"EntryPoint\",\"urlTemplate\":\"https:\\\/\\\/vmsport.fi\\\/?s={search_term_string}\"},\"query-input\":{\"@type\":\"PropertyValueSpecification\",\"valueRequired\":true,\"valueName\":\"search_term_string\"}}],\"inLanguage\":\"sv-SE\"},{\"@type\":\"Organization\",\"@id\":\"https:\\\/\\\/vmsport.fi\\\/#organization\",\"name\":\"Vmsport\",\"url\":\"https:\\\/\\\/vmsport.fi\\\/\",\"logo\":{\"@type\":\"ImageObject\",\"inLanguage\":\"sv-SE\",\"@id\":\"https:\\\/\\\/vmsport.fi\\\/#\\\/schema\\\/logo\\\/image\\\/\",\"url\":\"https:\\\/\\\/vmsport.fi\\\/wp-content\\\/uploads\\\/2024\\\/12\\\/vm_sport_RGB_horisontal-e1734526017575.png\",\"contentUrl\":\"https:\\\/\\\/vmsport.fi\\\/wp-content\\\/uploads\\\/2024\\\/12\\\/vm_sport_RGB_horisontal-e1734526017575.png\",\"width\":668,\"height\":85,\"caption\":\"Vmsport\"},\"image\":{\"@id\":\"https:\\\/\\\/vmsport.fi\\\/#\\\/schema\\\/logo\\\/image\\\/\"},\"sameAs\":[\"https:\\\/\\\/www.facebook.com\\\/Vmsport.fi\\\/\",\"https:\\\/\\\/www.instagram.com\\\/vmsport\\\/\"]}]}<\/script>\n<!-- \/ Yoast SEO plugin. -->","yoast_head_json":{"title":"Alpina BONFIRE Turquoise matt - VM Sport","robots":{"index":"index","follow":"follow","max-snippet":"max-snippet:-1","max-image-preview":"max-image-preview:large","max-video-preview":"max-video-preview:-1"},"canonical":"https:\/\/vmsport.fi\/sv\/webbutik\/korutrustning\/drivande-glasogon\/alpina-bonfire-turquoise-matt\/","og_locale":"sv_SE","og_type":"article","og_title":"Alpina BONFIRE Turquoise matt - VM Sport","og_description":"Alpina BONFIRE Turquoise matt -aurinkolasit ovat tyylikk\u00e4\u00e4t ja toimivat, yhdist\u00e4en turkoosin mattapinnan moderniin muotoiluun. Peilipintaiset linssit suojaavat erinomaisesti auringon s\u00e4teilt\u00e4, ja kevyt rakenne takaa miellytt\u00e4v\u00e4n k\u00e4yt\u00f6n, sill\u00e4 jokainen yksityiskohta on suunniteltu tarkasti. Kehykset istuvat napakasti kasvoilla, joten ne pysyv\u00e4t mukavasti paikallaan my\u00f6s liikkuessa. N\u00e4iden aurinkolasien suunnittelussa on otettu huomioon sek\u00e4 esteettisyys ett\u00e4 k\u00e4yt\u00e4nn\u00f6llisyys, ja ne [...]L\u00e4s mer \u2026 from Alpina BONFIRE Turquoise matt","og_url":"https:\/\/vmsport.fi\/sv\/webbutik\/korutrustning\/drivande-glasogon\/alpina-bonfire-turquoise-matt\/","og_site_name":"VM Sport","article_publisher":"https:\/\/www.facebook.com\/Vmsport.fi\/","article_modified_time":"2026-01-16T11:21:40+00:00","og_image":[{"width":1000,"height":750,"url":"https:\/\/vmsport.fi\/wp-content\/uploads\/2025\/03\/Alpina-bonfire-turquoise-matt-front-1.jpg","type":"image\/jpeg"}],"twitter_card":"summary_large_image","schema":{"@context":"https:\/\/schema.org","@graph":[{"@type":["WebPage","ItemPage"],"@id":"https:\/\/vmsport.fi\/verkkokauppa\/ajovarusteet\/ajolasit\/alpina-bonfire-turquoise-matt\/","url":"https:\/\/vmsport.fi\/verkkokauppa\/ajovarusteet\/ajolasit\/alpina-bonfire-turquoise-matt\/","name":"Alpina BONFIRE Turquoise matt - VM Sport","isPartOf":{"@id":"https:\/\/vmsport.fi\/#website"},"primaryImageOfPage":{"@id":"https:\/\/vmsport.fi\/verkkokauppa\/ajovarusteet\/ajolasit\/alpina-bonfire-turquoise-matt\/#primaryimage"},"image":{"@id":"https:\/\/vmsport.fi\/verkkokauppa\/ajovarusteet\/ajolasit\/alpina-bonfire-turquoise-matt\/#primaryimage"},"thumbnailUrl":"https:\/\/vmsport.fi\/wp-content\/uploads\/2025\/03\/Alpina-bonfire-turquoise-matt-front-1.jpg","datePublished":"2025-03-05T21:51:03+00:00","dateModified":"2026-01-16T11:21:40+00:00","breadcrumb":{"@id":"https:\/\/vmsport.fi\/verkkokauppa\/ajovarusteet\/ajolasit\/alpina-bonfire-turquoise-matt\/#breadcrumb"},"inLanguage":"sv-SE","potentialAction":[{"@type":"ReadAction","target":["https:\/\/vmsport.fi\/verkkokauppa\/ajovarusteet\/ajolasit\/alpina-bonfire-turquoise-matt\/"]}]},{"@type":"ImageObject","inLanguage":"sv-SE","@id":"https:\/\/vmsport.fi\/verkkokauppa\/ajovarusteet\/ajolasit\/alpina-bonfire-turquoise-matt\/#primaryimage","url":"https:\/\/vmsport.fi\/wp-content\/uploads\/2025\/03\/Alpina-bonfire-turquoise-matt-front-1.jpg","contentUrl":"https:\/\/vmsport.fi\/wp-content\/uploads\/2025\/03\/Alpina-bonfire-turquoise-matt-front-1.jpg","width":1000,"height":750,"caption":"Alpina-bonfire-turquoise-matt-front"},{"@type":"BreadcrumbList","@id":"https:\/\/vmsport.fi\/verkkokauppa\/ajovarusteet\/ajolasit\/alpina-bonfire-turquoise-matt\/#breadcrumb","itemListElement":[{"@type":"ListItem","position":1,"name":"Etusivu","item":"https:\/\/vmsport.fi\/"},{"@type":"ListItem","position":2,"name":"Online Store","item":"https:\/\/vmsport.fi\/en\/online-store\/"},{"@type":"ListItem","position":3,"name":"Alpina BONFIRE Turquoise matt"}]},{"@type":"WebSite","@id":"https:\/\/vmsport.fi\/#website","url":"https:\/\/vmsport.fi\/","name":"Vmsport","description":"Allt p\u00e5 ett st\u00e4lle f\u00f6r cykling","publisher":{"@id":"https:\/\/vmsport.fi\/#organization"},"potentialAction":[{"@type":"SearchAction","target":{"@type":"EntryPoint","urlTemplate":"https:\/\/vmsport.fi\/?s={search_term_string}"},"query-input":{"@type":"PropertyValueSpecification","valueRequired":true,"valueName":"search_term_string"}}],"inLanguage":"sv-SE"},{"@type":"Organization","@id":"https:\/\/vmsport.fi\/#organization","name":"Vmsport","url":"https:\/\/vmsport.fi\/","logo":{"@type":"ImageObject","inLanguage":"sv-SE","@id":"https:\/\/vmsport.fi\/#\/schema\/logo\/image\/","url":"https:\/\/vmsport.fi\/wp-content\/uploads\/2024\/12\/vm_sport_RGB_horisontal-e1734526017575.png","contentUrl":"https:\/\/vmsport.fi\/wp-content\/uploads\/2024\/12\/vm_sport_RGB_horisontal-e1734526017575.png","width":668,"height":85,"caption":"Vmsport"},"image":{"@id":"https:\/\/vmsport.fi\/#\/schema\/logo\/image\/"},"sameAs":["https:\/\/www.facebook.com\/Vmsport.fi\/","https:\/\/www.instagram.com\/vmsport\/"]}]}},"global_unique_id":"","_links":{"self":[{"href":"https:\/\/vmsport.fi\/sv\/wp-json\/wp\/v2\/product\/54200","targetHints":{"allow":["GET"]}}],"collection":[{"href":"https:\/\/vmsport.fi\/sv\/wp-json\/wp\/v2\/product"}],"about":[{"href":"https:\/\/vmsport.fi\/sv\/wp-json\/wp\/v2\/types\/product"}],"replies":[{"embeddable":true,"href":"https:\/\/vmsport.fi\/sv\/wp-json\/wp\/v2\/comments?post=54200"}],"wp:featuredmedia":[{"embeddable":true,"href":"https:\/\/vmsport.fi\/sv\/wp-json\/wp\/v2\/media\/54197"}],"wp:attachment":[{"href":"https:\/\/vmsport.fi\/sv\/wp-json\/wp\/v2\/media?parent=54200"}],"wp:term":[{"taxonomy":"product_brand","embeddable":true,"href":"https:\/\/vmsport.fi\/sv\/wp-json\/wp\/v2\/product_brand?post=54200"},{"taxonomy":"product_model","embeddable":true,"href":"https:\/\/vmsport.fi\/sv\/wp-json\/wp\/v2\/product_model?post=54200"},{"taxonomy":"product_cat","embeddable":true,"href":"https:\/\/vmsport.fi\/sv\/wp-json\/wp\/v2\/product_cat?post=54200"},{"taxonomy":"product_tag","embeddable":true,"href":"https:\/\/vmsport.fi\/sv\/wp-json\/wp\/v2\/product_tag?post=54200"},{"taxonomy":"industry_terminology","embeddable":true,"href":"https:\/\/vmsport.fi\/sv\/wp-json\/wp\/v2\/industry-terminology?post=54200"}],"curies":[{"name":"wp","href":"https:\/\/api.w.org\/{rel}","templated":true}]}}