{"id":54194,"date":"2025-03-05T23:51:00","date_gmt":"2025-03-05T21:51:00","guid":{"rendered":"https:\/\/vmsport.fi\/verkkokauppa\/Ei-luokiteltu\/orange-seal-subzero-tubeless-sealant-473-ml\/"},"modified":"2026-03-19T02:00:21","modified_gmt":"2026-03-19T00:00:21","slug":"orange-seal-subzero-slanglos-tatningsmedel-473-ml","status":"publish","type":"product","link":"https:\/\/vmsport.fi\/sv\/verkkokauppa\/renkaat\/tubeless-tarvikkeet\/tubeless-nesteet\/orange-seal-subzero-tubeless-sealant-473-ml\/","title":{"rendered":"ORANGE SEAL Subzero - Tubeless t\u00e4tningsmedel 473 ml"},"content":{"rendered":"<p>Orange Seal Subzero \u00e4r en speciell d\u00e4ckv\u00e4tska som \u00e4r utformad f\u00f6r att fungera effektivt \u00e4ven under de kallaste v\u00e4derf\u00f6rh\u00e5llandena. Denna t\u00e4tningsv\u00e4tska p\u00e5 473 ml \u00e4r perfekt f\u00f6r alla slangl\u00f6sa d\u00e4cksystem och kan hj\u00e4lpa till att f\u00f6rhindra punktering \u00e4ven under sv\u00e5ra f\u00f6rh\u00e5llanden. Produktens tillf\u00f6rlitliga t\u00e4tningsprestanda f\u00f6rb\u00e4ttrar cykels\u00e4kerheten i kallt v\u00e4der, minskar avbrotten i resan och ger en smidigare k\u00f6rupplevelse.<\/p>","protected":false},"excerpt":{"rendered":"<p>Orange Seal Subzero on erikoisrengasneste, joka on suunniteltu toimimaan tehokkaasti jopa kylmimmiss\u00e4 s\u00e4\u00e4olosuhteissa. T\u00e4m\u00e4 473 ml:n tiiviste sopii t\u00e4ydellisesti kaikkiin tubeless-rengasj\u00e4rjestelmiin, ja sen avulla voi ennaltaehk\u00e4ist\u00e4 rengasrikkoja vaikeissakin olosuhteissa. Tuotteen luotettava tiivistysteho parantaa py\u00f6r\u00e4ilyn turvallisuutta kylm\u00e4ll\u00e4 s\u00e4\u00e4ll\u00e4, mik\u00e4 v\u00e4hent\u00e4\u00e4 matkojen keskeytyksi\u00e4 ja takaa sujuvamman ajokokemuksen. [&#8230;]<\/p>\n<p><a class=\"btn btn-secondary understrap-read-more-link\" href=\"https:\/\/vmsport.fi\/sv\/verkkokauppa\/renkaat\/tubeless-tarvikkeet\/tubeless-nesteet\/orange-seal-subzero-tubeless-sealant-473-ml\/\">L\u00e4s mer \u2026<span class=\"screen-reader-text\"> from ORANGE SEAL Subzero &#8211; Tubeless sealant 473 ml<\/span><\/a><\/p>\n","protected":false},"featured_media":54193,"comment_status":"open","ping_status":"closed","template":"","meta":{"_acf_changed":false,"_improvement_type_select":"improve_an_existing","_thumb_yes_seoaic":false,"_frame_yes_seoaic":false,"seoaic_generate_description":"","seoaic_improve_instructions_prompt":"","seoaic_rollback_content_improvement":"","seoaic_idea_thumbnail_generator":"","thumbnail_generated":false,"thumbnail_generate_prompt":"","seoaic_article_description":"","_supplier_stock_quantity":0},"product_brand":[],"product_model":[],"product_cat":[9370],"product_tag":[],"industry-terminology":[],"class_list":{"0":"post-54194","1":"product","2":"type-product","3":"status-publish","4":"has-post-thumbnail","6":"product_cat-tubeless-nesteet","8":"first","9":"outofstock","10":"taxable","11":"shipping-taxable","12":"product-type-simple"},"acf":{"bike_features":null,"overview":{"copy_overview":null,"key_features":null,"statement":"","youtube_url":""}},"yoast_head":"<!-- This site is optimized with the Yoast SEO plugin v27.3 - https:\/\/yoast.com\/product\/yoast-seo-wordpress\/ -->\n<title>ORANGE SEAL Subzero - Tubeless sealant 473 ml - VM Sport<\/title>\n<meta name=\"robots\" content=\"index, follow, max-snippet:-1, max-image-preview:large, max-video-preview:-1\" \/>\n<link rel=\"canonical\" href=\"https:\/\/vmsport.fi\/sv\/webbutik\/dack\/slanglosa-tillbehor\/slanglosa-vatskor\/orange-seal-subzero-slanglos-tatningsmedel-473-ml\/\" \/>\n<meta property=\"og:locale\" content=\"sv_SE\" \/>\n<meta property=\"og:type\" content=\"article\" \/>\n<meta property=\"og:title\" content=\"ORANGE SEAL Subzero - Tubeless sealant 473 ml - VM Sport\" \/>\n<meta property=\"og:description\" content=\"Orange Seal Subzero on erikoisrengasneste, joka on suunniteltu toimimaan tehokkaasti jopa kylmimmiss\u00e4 s\u00e4\u00e4olosuhteissa. T\u00e4m\u00e4 473 ml:n tiiviste sopii t\u00e4ydellisesti kaikkiin tubeless-rengasj\u00e4rjestelmiin, ja sen avulla voi ennaltaehk\u00e4ist\u00e4 rengasrikkoja vaikeissakin olosuhteissa. Tuotteen luotettava tiivistysteho parantaa py\u00f6r\u00e4ilyn turvallisuutta kylm\u00e4ll\u00e4 s\u00e4\u00e4ll\u00e4, mik\u00e4 v\u00e4hent\u00e4\u00e4 matkojen keskeytyksi\u00e4 ja takaa sujuvamman ajokokemuksen. [...]L\u00e4s mer \u2026 from ORANGE SEAL Subzero &#8211; Tubeless sealant 473 ml\" \/>\n<meta property=\"og:url\" content=\"https:\/\/vmsport.fi\/sv\/webbutik\/dack\/slanglosa-tillbehor\/slanglosa-vatskor\/orange-seal-subzero-slanglos-tatningsmedel-473-ml\/\" \/>\n<meta property=\"og:site_name\" content=\"VM Sport\" \/>\n<meta property=\"article:publisher\" content=\"https:\/\/www.facebook.com\/Vmsport.fi\/\" \/>\n<meta property=\"article:modified_time\" content=\"2026-03-19T00:00:21+00:00\" \/>\n<meta property=\"og:image\" content=\"https:\/\/vmsport.fi\/wp-content\/uploads\/2025\/03\/KcnhWBlvrMAWFj2ptoadwiA3AObDPdaQGEGJkpgb24XiqKbhmT-1.jpg\" \/>\n\t<meta property=\"og:image:width\" content=\"800\" \/>\n\t<meta property=\"og:image:height\" content=\"800\" \/>\n\t<meta property=\"og:image:type\" content=\"image\/jpeg\" \/>\n<meta name=\"twitter:card\" content=\"summary_large_image\" \/>\n<script type=\"application\/ld+json\" class=\"yoast-schema-graph\">{\"@context\":\"https:\\\/\\\/schema.org\",\"@graph\":[{\"@type\":[\"WebPage\",\"ItemPage\"],\"@id\":\"https:\\\/\\\/vmsport.fi\\\/verkkokauppa\\\/renkaat\\\/tubeless-tarvikkeet\\\/tubeless-nesteet\\\/orange-seal-subzero-tubeless-sealant-473-ml\\\/\",\"url\":\"https:\\\/\\\/vmsport.fi\\\/verkkokauppa\\\/renkaat\\\/tubeless-tarvikkeet\\\/tubeless-nesteet\\\/orange-seal-subzero-tubeless-sealant-473-ml\\\/\",\"name\":\"ORANGE SEAL Subzero - Tubeless sealant 473 ml - VM Sport\",\"isPartOf\":{\"@id\":\"https:\\\/\\\/vmsport.fi\\\/#website\"},\"primaryImageOfPage\":{\"@id\":\"https:\\\/\\\/vmsport.fi\\\/verkkokauppa\\\/renkaat\\\/tubeless-tarvikkeet\\\/tubeless-nesteet\\\/orange-seal-subzero-tubeless-sealant-473-ml\\\/#primaryimage\"},\"image\":{\"@id\":\"https:\\\/\\\/vmsport.fi\\\/verkkokauppa\\\/renkaat\\\/tubeless-tarvikkeet\\\/tubeless-nesteet\\\/orange-seal-subzero-tubeless-sealant-473-ml\\\/#primaryimage\"},\"thumbnailUrl\":\"https:\\\/\\\/vmsport.fi\\\/wp-content\\\/uploads\\\/2025\\\/03\\\/KcnhWBlvrMAWFj2ptoadwiA3AObDPdaQGEGJkpgb24XiqKbhmT-1.jpg\",\"datePublished\":\"2025-03-05T21:51:00+00:00\",\"dateModified\":\"2026-03-19T00:00:21+00:00\",\"breadcrumb\":{\"@id\":\"https:\\\/\\\/vmsport.fi\\\/verkkokauppa\\\/renkaat\\\/tubeless-tarvikkeet\\\/tubeless-nesteet\\\/orange-seal-subzero-tubeless-sealant-473-ml\\\/#breadcrumb\"},\"inLanguage\":\"sv-SE\",\"potentialAction\":[{\"@type\":\"ReadAction\",\"target\":[\"https:\\\/\\\/vmsport.fi\\\/verkkokauppa\\\/renkaat\\\/tubeless-tarvikkeet\\\/tubeless-nesteet\\\/orange-seal-subzero-tubeless-sealant-473-ml\\\/\"]}]},{\"@type\":\"ImageObject\",\"inLanguage\":\"sv-SE\",\"@id\":\"https:\\\/\\\/vmsport.fi\\\/verkkokauppa\\\/renkaat\\\/tubeless-tarvikkeet\\\/tubeless-nesteet\\\/orange-seal-subzero-tubeless-sealant-473-ml\\\/#primaryimage\",\"url\":\"https:\\\/\\\/vmsport.fi\\\/wp-content\\\/uploads\\\/2025\\\/03\\\/KcnhWBlvrMAWFj2ptoadwiA3AObDPdaQGEGJkpgb24XiqKbhmT-1.jpg\",\"contentUrl\":\"https:\\\/\\\/vmsport.fi\\\/wp-content\\\/uploads\\\/2025\\\/03\\\/KcnhWBlvrMAWFj2ptoadwiA3AObDPdaQGEGJkpgb24XiqKbhmT-1.jpg\",\"width\":800,\"height\":800,\"caption\":\"KcnhWBlvrMAWFj2ptoadwiA3AObDPdaQGEGJkpgb24XiqKbhmT\"},{\"@type\":\"BreadcrumbList\",\"@id\":\"https:\\\/\\\/vmsport.fi\\\/verkkokauppa\\\/renkaat\\\/tubeless-tarvikkeet\\\/tubeless-nesteet\\\/orange-seal-subzero-tubeless-sealant-473-ml\\\/#breadcrumb\",\"itemListElement\":[{\"@type\":\"ListItem\",\"position\":1,\"name\":\"Etusivu\",\"item\":\"https:\\\/\\\/vmsport.fi\\\/\"},{\"@type\":\"ListItem\",\"position\":2,\"name\":\"Online Store\",\"item\":\"https:\\\/\\\/vmsport.fi\\\/en\\\/online-store\\\/\"},{\"@type\":\"ListItem\",\"position\":3,\"name\":\"ORANGE SEAL Subzero &#8211; Tubeless sealant 473 ml\"}]},{\"@type\":\"WebSite\",\"@id\":\"https:\\\/\\\/vmsport.fi\\\/#website\",\"url\":\"https:\\\/\\\/vmsport.fi\\\/\",\"name\":\"Vmsport\",\"description\":\"Kaikki py\u00f6r\u00e4ilyyn yhdest\u00e4 paikasta\",\"publisher\":{\"@id\":\"https:\\\/\\\/vmsport.fi\\\/#organization\"},\"potentialAction\":[{\"@type\":\"SearchAction\",\"target\":{\"@type\":\"EntryPoint\",\"urlTemplate\":\"https:\\\/\\\/vmsport.fi\\\/?s={search_term_string}\"},\"query-input\":{\"@type\":\"PropertyValueSpecification\",\"valueRequired\":true,\"valueName\":\"search_term_string\"}}],\"inLanguage\":\"sv-SE\"},{\"@type\":\"Organization\",\"@id\":\"https:\\\/\\\/vmsport.fi\\\/#organization\",\"name\":\"Vmsport\",\"url\":\"https:\\\/\\\/vmsport.fi\\\/\",\"logo\":{\"@type\":\"ImageObject\",\"inLanguage\":\"sv-SE\",\"@id\":\"https:\\\/\\\/vmsport.fi\\\/#\\\/schema\\\/logo\\\/image\\\/\",\"url\":\"https:\\\/\\\/vmsport.fi\\\/wp-content\\\/uploads\\\/2024\\\/12\\\/vm_sport_RGB_horisontal-e1734526017575.png\",\"contentUrl\":\"https:\\\/\\\/vmsport.fi\\\/wp-content\\\/uploads\\\/2024\\\/12\\\/vm_sport_RGB_horisontal-e1734526017575.png\",\"width\":668,\"height\":85,\"caption\":\"Vmsport\"},\"image\":{\"@id\":\"https:\\\/\\\/vmsport.fi\\\/#\\\/schema\\\/logo\\\/image\\\/\"},\"sameAs\":[\"https:\\\/\\\/www.facebook.com\\\/Vmsport.fi\\\/\",\"https:\\\/\\\/www.instagram.com\\\/vmsport\\\/\"]}]}<\/script>\n<!-- \/ Yoast SEO plugin. -->","yoast_head_json":{"title":"ORANGE SEAL Subzero - Tubeless t\u00e4tningsmedel 473 ml - VM Sport","robots":{"index":"index","follow":"follow","max-snippet":"max-snippet:-1","max-image-preview":"max-image-preview:large","max-video-preview":"max-video-preview:-1"},"canonical":"https:\/\/vmsport.fi\/sv\/webbutik\/dack\/slanglosa-tillbehor\/slanglosa-vatskor\/orange-seal-subzero-slanglos-tatningsmedel-473-ml\/","og_locale":"sv_SE","og_type":"article","og_title":"ORANGE SEAL Subzero - Tubeless sealant 473 ml - VM Sport","og_description":"Orange Seal Subzero on erikoisrengasneste, joka on suunniteltu toimimaan tehokkaasti jopa kylmimmiss\u00e4 s\u00e4\u00e4olosuhteissa. T\u00e4m\u00e4 473 ml:n tiiviste sopii t\u00e4ydellisesti kaikkiin tubeless-rengasj\u00e4rjestelmiin, ja sen avulla voi ennaltaehk\u00e4ist\u00e4 rengasrikkoja vaikeissakin olosuhteissa. Tuotteen luotettava tiivistysteho parantaa py\u00f6r\u00e4ilyn turvallisuutta kylm\u00e4ll\u00e4 s\u00e4\u00e4ll\u00e4, mik\u00e4 v\u00e4hent\u00e4\u00e4 matkojen keskeytyksi\u00e4 ja takaa sujuvamman ajokokemuksen. [...]L\u00e4s mer \u2026 from ORANGE SEAL Subzero &#8211; Tubeless sealant 473 ml","og_url":"https:\/\/vmsport.fi\/sv\/webbutik\/dack\/slanglosa-tillbehor\/slanglosa-vatskor\/orange-seal-subzero-slanglos-tatningsmedel-473-ml\/","og_site_name":"VM Sport","article_publisher":"https:\/\/www.facebook.com\/Vmsport.fi\/","article_modified_time":"2026-03-19T00:00:21+00:00","og_image":[{"width":800,"height":800,"url":"https:\/\/vmsport.fi\/wp-content\/uploads\/2025\/03\/KcnhWBlvrMAWFj2ptoadwiA3AObDPdaQGEGJkpgb24XiqKbhmT-1.jpg","type":"image\/jpeg"}],"twitter_card":"summary_large_image","schema":{"@context":"https:\/\/schema.org","@graph":[{"@type":["WebPage","ItemPage"],"@id":"https:\/\/vmsport.fi\/verkkokauppa\/renkaat\/tubeless-tarvikkeet\/tubeless-nesteet\/orange-seal-subzero-tubeless-sealant-473-ml\/","url":"https:\/\/vmsport.fi\/verkkokauppa\/renkaat\/tubeless-tarvikkeet\/tubeless-nesteet\/orange-seal-subzero-tubeless-sealant-473-ml\/","name":"ORANGE SEAL Subzero - Tubeless t\u00e4tningsmedel 473 ml - VM Sport","isPartOf":{"@id":"https:\/\/vmsport.fi\/#website"},"primaryImageOfPage":{"@id":"https:\/\/vmsport.fi\/verkkokauppa\/renkaat\/tubeless-tarvikkeet\/tubeless-nesteet\/orange-seal-subzero-tubeless-sealant-473-ml\/#primaryimage"},"image":{"@id":"https:\/\/vmsport.fi\/verkkokauppa\/renkaat\/tubeless-tarvikkeet\/tubeless-nesteet\/orange-seal-subzero-tubeless-sealant-473-ml\/#primaryimage"},"thumbnailUrl":"https:\/\/vmsport.fi\/wp-content\/uploads\/2025\/03\/KcnhWBlvrMAWFj2ptoadwiA3AObDPdaQGEGJkpgb24XiqKbhmT-1.jpg","datePublished":"2025-03-05T21:51:00+00:00","dateModified":"2026-03-19T00:00:21+00:00","breadcrumb":{"@id":"https:\/\/vmsport.fi\/verkkokauppa\/renkaat\/tubeless-tarvikkeet\/tubeless-nesteet\/orange-seal-subzero-tubeless-sealant-473-ml\/#breadcrumb"},"inLanguage":"sv-SE","potentialAction":[{"@type":"ReadAction","target":["https:\/\/vmsport.fi\/verkkokauppa\/renkaat\/tubeless-tarvikkeet\/tubeless-nesteet\/orange-seal-subzero-tubeless-sealant-473-ml\/"]}]},{"@type":"ImageObject","inLanguage":"sv-SE","@id":"https:\/\/vmsport.fi\/verkkokauppa\/renkaat\/tubeless-tarvikkeet\/tubeless-nesteet\/orange-seal-subzero-tubeless-sealant-473-ml\/#primaryimage","url":"https:\/\/vmsport.fi\/wp-content\/uploads\/2025\/03\/KcnhWBlvrMAWFj2ptoadwiA3AObDPdaQGEGJkpgb24XiqKbhmT-1.jpg","contentUrl":"https:\/\/vmsport.fi\/wp-content\/uploads\/2025\/03\/KcnhWBlvrMAWFj2ptoadwiA3AObDPdaQGEGJkpgb24XiqKbhmT-1.jpg","width":800,"height":800,"caption":"KcnhWBlvrMAWFj2ptoadwiA3AObDPdaQGEGJkpgb24XiqKbhmT"},{"@type":"BreadcrumbList","@id":"https:\/\/vmsport.fi\/verkkokauppa\/renkaat\/tubeless-tarvikkeet\/tubeless-nesteet\/orange-seal-subzero-tubeless-sealant-473-ml\/#breadcrumb","itemListElement":[{"@type":"ListItem","position":1,"name":"Etusivu","item":"https:\/\/vmsport.fi\/"},{"@type":"ListItem","position":2,"name":"Online Store","item":"https:\/\/vmsport.fi\/en\/online-store\/"},{"@type":"ListItem","position":3,"name":"ORANGE SEAL Subzero &#8211; Tubeless sealant 473 ml"}]},{"@type":"WebSite","@id":"https:\/\/vmsport.fi\/#website","url":"https:\/\/vmsport.fi\/","name":"Vmsport","description":"Allt p\u00e5 ett st\u00e4lle f\u00f6r cykling","publisher":{"@id":"https:\/\/vmsport.fi\/#organization"},"potentialAction":[{"@type":"SearchAction","target":{"@type":"EntryPoint","urlTemplate":"https:\/\/vmsport.fi\/?s={search_term_string}"},"query-input":{"@type":"PropertyValueSpecification","valueRequired":true,"valueName":"search_term_string"}}],"inLanguage":"sv-SE"},{"@type":"Organization","@id":"https:\/\/vmsport.fi\/#organization","name":"Vmsport","url":"https:\/\/vmsport.fi\/","logo":{"@type":"ImageObject","inLanguage":"sv-SE","@id":"https:\/\/vmsport.fi\/#\/schema\/logo\/image\/","url":"https:\/\/vmsport.fi\/wp-content\/uploads\/2024\/12\/vm_sport_RGB_horisontal-e1734526017575.png","contentUrl":"https:\/\/vmsport.fi\/wp-content\/uploads\/2024\/12\/vm_sport_RGB_horisontal-e1734526017575.png","width":668,"height":85,"caption":"Vmsport"},"image":{"@id":"https:\/\/vmsport.fi\/#\/schema\/logo\/image\/"},"sameAs":["https:\/\/www.facebook.com\/Vmsport.fi\/","https:\/\/www.instagram.com\/vmsport\/"]}]}},"global_unique_id":"","_links":{"self":[{"href":"https:\/\/vmsport.fi\/sv\/wp-json\/wp\/v2\/product\/54194","targetHints":{"allow":["GET"]}}],"collection":[{"href":"https:\/\/vmsport.fi\/sv\/wp-json\/wp\/v2\/product"}],"about":[{"href":"https:\/\/vmsport.fi\/sv\/wp-json\/wp\/v2\/types\/product"}],"replies":[{"embeddable":true,"href":"https:\/\/vmsport.fi\/sv\/wp-json\/wp\/v2\/comments?post=54194"}],"wp:featuredmedia":[{"embeddable":true,"href":"https:\/\/vmsport.fi\/sv\/wp-json\/wp\/v2\/media\/54193"}],"wp:attachment":[{"href":"https:\/\/vmsport.fi\/sv\/wp-json\/wp\/v2\/media?parent=54194"}],"wp:term":[{"taxonomy":"product_brand","embeddable":true,"href":"https:\/\/vmsport.fi\/sv\/wp-json\/wp\/v2\/product_brand?post=54194"},{"taxonomy":"product_model","embeddable":true,"href":"https:\/\/vmsport.fi\/sv\/wp-json\/wp\/v2\/product_model?post=54194"},{"taxonomy":"product_cat","embeddable":true,"href":"https:\/\/vmsport.fi\/sv\/wp-json\/wp\/v2\/product_cat?post=54194"},{"taxonomy":"product_tag","embeddable":true,"href":"https:\/\/vmsport.fi\/sv\/wp-json\/wp\/v2\/product_tag?post=54194"},{"taxonomy":"industry_terminology","embeddable":true,"href":"https:\/\/vmsport.fi\/sv\/wp-json\/wp\/v2\/industry-terminology?post=54194"}],"curies":[{"name":"wp","href":"https:\/\/api.w.org\/{rel}","templated":true}]}}