{"id":54192,"date":"2025-03-05T23:50:59","date_gmt":"2025-03-05T21:50:59","guid":{"rendered":"https:\/\/vmsport.fi\/verkkokauppa\/Ei-luokiteltu\/sks-takalokasuoja-x-blade-dark-29\/"},"modified":"2026-04-18T10:28:37","modified_gmt":"2026-04-18T07:28:37","slug":"sks-bakre-stankskarm-x-blade-dark-29","status":"publish","type":"product","link":"https:\/\/vmsport.fi\/sv\/verkkokauppa\/tarvikkeet\/lokasuojat\/takalokasuojat\/sks-takalokasuoja-x-blade-dark-29\/","title":{"rendered":"SKS Bakre st\u00e4nksk\u00e4rm X-Blade dark 29\u2033"},"content":{"rendered":"<p>SKS st\u00e4nkskydd X-Blade Dark 29\u2033 \u00e4r ett h\u00f6gkvalitativt st\u00e4nkskydd som \u00e4r s\u00e4rskilt utformat f\u00f6r mountainbikes och touringcyklar. Om du vill ha ett effektivt skydd mot st\u00e4nk erbjuder detta st\u00e4nkskydd f\u00f6rdelarna med sin h\u00e5llbara och flexibla tv\u00e5komponentsplastkonstruktion. Dess eleganta svarta design kompletterar ett brett utbud av cykelstilar, vilket g\u00f6r det till ett utm\u00e4rkt val f\u00f6r kr\u00e4sna cyklister.<\/p>\n<p>St\u00e4nksk\u00e4rmen passar 29-tumsd\u00e4ck och st\u00f6der 2,0-3,0-tums breda d\u00e4ck, vilket t\u00e4cker ett brett utbud av hjul. En enkel snabbf\u00e4stesmekanism g\u00f6r installationen enkel p\u00e5 n\u00e4stan alla sadelstolpar, och den dubbelledade konstruktionen ger optimal installation och justering. Den dubbelskarvade konstruktionen g\u00f6r att st\u00e4nksk\u00e4rmen sitter stadigt p\u00e5 plats.<\/p>\n<p>Sk\u00e4rmen \u00e4r 620 mm l\u00e5ng och ger ett utm\u00e4rkt skydd mot smuts och vatten. Den justerbara frontspoilern och den extra l\u00e5nga bakspoilern f\u00f6rb\u00e4ttrar st\u00e4nkskyddet ytterligare. Detta g\u00f6r SKS X-Blade till det perfekta valet f\u00f6r dem som letar efter en praktisk och snygg l\u00f6sning f\u00f6r st\u00e4nkskydd, oavsett om de k\u00f6r i utmanande terr\u00e4ng eller p\u00e5 l\u00e5nga stigar.<\/p>","protected":false},"excerpt":{"rendered":"<p>SKS Takalokasuoja X-Blade Dark 29&#8243; on korkealaatuinen lokasuoja, joka on suunniteltu erityisesti maasto- ja retkipy\u00f6rille. Jos haluat suojautua tehokkaasti roiskeilta, t\u00e4m\u00e4 lokasuoja tarjoaa etuja kest\u00e4v\u00e4st\u00e4 ja joustavasta kaksikomponenttisesta muovirakenteestaan. Sen tyylik\u00e4s musta muotoilu t\u00e4ydent\u00e4\u00e4 monenlaisia py\u00f6r\u00e4tyylej\u00e4, tehden siit\u00e4 erinomaisen valinnan vaativille py\u00f6r\u00e4ilij\u00f6ille. Lokasuoja sopii 29-tuumaisille renkaille ja tukee 2,0\u20133,0 tuuman leveit\u00e4 renkaita, mik\u00e4 kattaa laajan [&#8230;]<\/p>\n<p><a class=\"btn btn-secondary understrap-read-more-link\" href=\"https:\/\/vmsport.fi\/sv\/verkkokauppa\/tarvikkeet\/lokasuojat\/takalokasuojat\/sks-takalokasuoja-x-blade-dark-29\/\">L\u00e4s mer \u2026<span class=\"screen-reader-text\"> from SKS Takalokasuoja X-Blade dark 29&#8243;<\/span><\/a><\/p>\n","protected":false},"featured_media":54191,"comment_status":"open","ping_status":"closed","template":"","meta":{"_acf_changed":false,"_improvement_type_select":"improve_an_existing","_thumb_yes_seoaic":false,"_frame_yes_seoaic":false,"seoaic_generate_description":"","seoaic_improve_instructions_prompt":"","seoaic_rollback_content_improvement":"","seoaic_idea_thumbnail_generator":"","thumbnail_generated":false,"thumbnail_generate_prompt":"","seoaic_article_description":"","_supplier_stock_quantity":0},"product_brand":[1583],"product_model":[],"product_cat":[9572],"product_tag":[],"industry-terminology":[],"class_list":{"0":"post-54192","1":"product","2":"type-product","3":"status-publish","4":"has-post-thumbnail","6":"product_brand-sks-germany","7":"product_cat-takalokasuojat","9":"first","10":"instock","11":"taxable","12":"shipping-taxable","13":"purchasable","14":"product-type-simple"},"acf":{"bike_features":null,"overview":{"copy_overview":null,"key_features":null,"statement":"","youtube_url":""}},"yoast_head":"<!-- This site is optimized with the Yoast SEO plugin v27.4 - https:\/\/yoast.com\/product\/yoast-seo-wordpress\/ -->\n<title>SKS Takalokasuoja X-Blade dark 29&quot; - VM Sport<\/title>\n<meta name=\"robots\" content=\"index, follow, max-snippet:-1, max-image-preview:large, max-video-preview:-1\" \/>\n<link rel=\"canonical\" href=\"https:\/\/vmsport.fi\/sv\/webbutik\/tillbehor\/stankskarmar\/bakre-stankskarmar\/sks-bakre-stankskarm-x-blade-dark-29\/\" \/>\n<meta property=\"og:locale\" content=\"sv_SE\" \/>\n<meta property=\"og:type\" content=\"article\" \/>\n<meta property=\"og:title\" content=\"SKS Takalokasuoja X-Blade dark 29&quot; - VM Sport\" \/>\n<meta property=\"og:description\" content=\"SKS Takalokasuoja X-Blade Dark 29&#8243; on korkealaatuinen lokasuoja, joka on suunniteltu erityisesti maasto- ja retkipy\u00f6rille. Jos haluat suojautua tehokkaasti roiskeilta, t\u00e4m\u00e4 lokasuoja tarjoaa etuja kest\u00e4v\u00e4st\u00e4 ja joustavasta kaksikomponenttisesta muovirakenteestaan. Sen tyylik\u00e4s musta muotoilu t\u00e4ydent\u00e4\u00e4 monenlaisia py\u00f6r\u00e4tyylej\u00e4, tehden siit\u00e4 erinomaisen valinnan vaativille py\u00f6r\u00e4ilij\u00f6ille. Lokasuoja sopii 29-tuumaisille renkaille ja tukee 2,0\u20133,0 tuuman leveit\u00e4 renkaita, mik\u00e4 kattaa laajan [...]L\u00e4s mer \u2026 from SKS Takalokasuoja X-Blade dark 29&#8243;\" \/>\n<meta property=\"og:url\" content=\"https:\/\/vmsport.fi\/sv\/webbutik\/tillbehor\/stankskarmar\/bakre-stankskarmar\/sks-bakre-stankskarm-x-blade-dark-29\/\" \/>\n<meta property=\"og:site_name\" content=\"VM Sport\" \/>\n<meta property=\"article:publisher\" content=\"https:\/\/www.facebook.com\/Vmsport.fi\/\" \/>\n<meta property=\"article:modified_time\" content=\"2026-04-18T07:28:37+00:00\" \/>\n<meta property=\"og:image\" content=\"https:\/\/vmsport.fi\/wp-content\/uploads\/2025\/03\/11450-3-1.jpg\" \/>\n\t<meta property=\"og:image:width\" content=\"800\" \/>\n\t<meta property=\"og:image:height\" content=\"768\" \/>\n\t<meta property=\"og:image:type\" content=\"image\/jpeg\" \/>\n<meta name=\"twitter:card\" content=\"summary_large_image\" \/>\n<meta name=\"twitter:label1\" content=\"Ber\u00e4knad l\u00e4stid\" \/>\n\t<meta name=\"twitter:data1\" content=\"1 minut\" \/>\n<script type=\"application\/ld+json\" class=\"yoast-schema-graph\">{\"@context\":\"https:\\\/\\\/schema.org\",\"@graph\":[{\"@type\":[\"WebPage\",\"ItemPage\"],\"@id\":\"https:\\\/\\\/vmsport.fi\\\/verkkokauppa\\\/tarvikkeet\\\/lokasuojat\\\/takalokasuojat\\\/sks-takalokasuoja-x-blade-dark-29\\\/\",\"url\":\"https:\\\/\\\/vmsport.fi\\\/verkkokauppa\\\/tarvikkeet\\\/lokasuojat\\\/takalokasuojat\\\/sks-takalokasuoja-x-blade-dark-29\\\/\",\"name\":\"SKS Takalokasuoja X-Blade dark 29\\\" - VM Sport\",\"isPartOf\":{\"@id\":\"https:\\\/\\\/vmsport.fi\\\/#website\"},\"primaryImageOfPage\":{\"@id\":\"https:\\\/\\\/vmsport.fi\\\/verkkokauppa\\\/tarvikkeet\\\/lokasuojat\\\/takalokasuojat\\\/sks-takalokasuoja-x-blade-dark-29\\\/#primaryimage\"},\"image\":{\"@id\":\"https:\\\/\\\/vmsport.fi\\\/verkkokauppa\\\/tarvikkeet\\\/lokasuojat\\\/takalokasuojat\\\/sks-takalokasuoja-x-blade-dark-29\\\/#primaryimage\"},\"thumbnailUrl\":\"https:\\\/\\\/vmsport.fi\\\/wp-content\\\/uploads\\\/2025\\\/03\\\/11450-3-1.jpg\",\"datePublished\":\"2025-03-05T21:50:59+00:00\",\"dateModified\":\"2026-04-18T07:28:37+00:00\",\"breadcrumb\":{\"@id\":\"https:\\\/\\\/vmsport.fi\\\/verkkokauppa\\\/tarvikkeet\\\/lokasuojat\\\/takalokasuojat\\\/sks-takalokasuoja-x-blade-dark-29\\\/#breadcrumb\"},\"inLanguage\":\"sv-SE\",\"potentialAction\":[{\"@type\":\"ReadAction\",\"target\":[\"https:\\\/\\\/vmsport.fi\\\/verkkokauppa\\\/tarvikkeet\\\/lokasuojat\\\/takalokasuojat\\\/sks-takalokasuoja-x-blade-dark-29\\\/\"]}]},{\"@type\":\"ImageObject\",\"inLanguage\":\"sv-SE\",\"@id\":\"https:\\\/\\\/vmsport.fi\\\/verkkokauppa\\\/tarvikkeet\\\/lokasuojat\\\/takalokasuojat\\\/sks-takalokasuoja-x-blade-dark-29\\\/#primaryimage\",\"url\":\"https:\\\/\\\/vmsport.fi\\\/wp-content\\\/uploads\\\/2025\\\/03\\\/11450-3-1.jpg\",\"contentUrl\":\"https:\\\/\\\/vmsport.fi\\\/wp-content\\\/uploads\\\/2025\\\/03\\\/11450-3-1.jpg\",\"width\":800,\"height\":768,\"caption\":\"11450-3\"},{\"@type\":\"BreadcrumbList\",\"@id\":\"https:\\\/\\\/vmsport.fi\\\/verkkokauppa\\\/tarvikkeet\\\/lokasuojat\\\/takalokasuojat\\\/sks-takalokasuoja-x-blade-dark-29\\\/#breadcrumb\",\"itemListElement\":[{\"@type\":\"ListItem\",\"position\":1,\"name\":\"Etusivu\",\"item\":\"https:\\\/\\\/vmsport.fi\\\/\"},{\"@type\":\"ListItem\",\"position\":2,\"name\":\"Online Store\",\"item\":\"https:\\\/\\\/vmsport.fi\\\/en\\\/online-store\\\/\"},{\"@type\":\"ListItem\",\"position\":3,\"name\":\"SKS Germany\",\"item\":\"https:\\\/\\\/vmsport.fi\\\/merkki\\\/sks-germany\\\/\"},{\"@type\":\"ListItem\",\"position\":4,\"name\":\"SKS Takalokasuoja X-Blade dark 29&#8243;\"}]},{\"@type\":\"WebSite\",\"@id\":\"https:\\\/\\\/vmsport.fi\\\/#website\",\"url\":\"https:\\\/\\\/vmsport.fi\\\/\",\"name\":\"Vmsport\",\"description\":\"Kaikki py\u00f6r\u00e4ilyyn yhdest\u00e4 paikasta\",\"publisher\":{\"@id\":\"https:\\\/\\\/vmsport.fi\\\/#organization\"},\"potentialAction\":[{\"@type\":\"SearchAction\",\"target\":{\"@type\":\"EntryPoint\",\"urlTemplate\":\"https:\\\/\\\/vmsport.fi\\\/?s={search_term_string}\"},\"query-input\":{\"@type\":\"PropertyValueSpecification\",\"valueRequired\":true,\"valueName\":\"search_term_string\"}}],\"inLanguage\":\"sv-SE\"},{\"@type\":\"Organization\",\"@id\":\"https:\\\/\\\/vmsport.fi\\\/#organization\",\"name\":\"Vmsport\",\"url\":\"https:\\\/\\\/vmsport.fi\\\/\",\"logo\":{\"@type\":\"ImageObject\",\"inLanguage\":\"sv-SE\",\"@id\":\"https:\\\/\\\/vmsport.fi\\\/#\\\/schema\\\/logo\\\/image\\\/\",\"url\":\"https:\\\/\\\/vmsport.fi\\\/wp-content\\\/uploads\\\/2024\\\/12\\\/vm_sport_RGB_horisontal-e1734526017575.png\",\"contentUrl\":\"https:\\\/\\\/vmsport.fi\\\/wp-content\\\/uploads\\\/2024\\\/12\\\/vm_sport_RGB_horisontal-e1734526017575.png\",\"width\":668,\"height\":85,\"caption\":\"Vmsport\"},\"image\":{\"@id\":\"https:\\\/\\\/vmsport.fi\\\/#\\\/schema\\\/logo\\\/image\\\/\"},\"sameAs\":[\"https:\\\/\\\/www.facebook.com\\\/Vmsport.fi\\\/\",\"https:\\\/\\\/www.instagram.com\\\/vmsport\\\/\"]}]}<\/script>\n<!-- \/ Yoast SEO plugin. -->","yoast_head_json":{"title":"SKS St\u00e4nksk\u00e4rm bak X-Blade m\u00f6rk 29\" - VM Sport","robots":{"index":"index","follow":"follow","max-snippet":"max-snippet:-1","max-image-preview":"max-image-preview:large","max-video-preview":"max-video-preview:-1"},"canonical":"https:\/\/vmsport.fi\/sv\/webbutik\/tillbehor\/stankskarmar\/bakre-stankskarmar\/sks-bakre-stankskarm-x-blade-dark-29\/","og_locale":"sv_SE","og_type":"article","og_title":"SKS Takalokasuoja X-Blade dark 29\" - VM Sport","og_description":"SKS Takalokasuoja X-Blade Dark 29&#8243; on korkealaatuinen lokasuoja, joka on suunniteltu erityisesti maasto- ja retkipy\u00f6rille. Jos haluat suojautua tehokkaasti roiskeilta, t\u00e4m\u00e4 lokasuoja tarjoaa etuja kest\u00e4v\u00e4st\u00e4 ja joustavasta kaksikomponenttisesta muovirakenteestaan. Sen tyylik\u00e4s musta muotoilu t\u00e4ydent\u00e4\u00e4 monenlaisia py\u00f6r\u00e4tyylej\u00e4, tehden siit\u00e4 erinomaisen valinnan vaativille py\u00f6r\u00e4ilij\u00f6ille. Lokasuoja sopii 29-tuumaisille renkaille ja tukee 2,0\u20133,0 tuuman leveit\u00e4 renkaita, mik\u00e4 kattaa laajan [...]L\u00e4s mer \u2026 from SKS Takalokasuoja X-Blade dark 29&#8243;","og_url":"https:\/\/vmsport.fi\/sv\/webbutik\/tillbehor\/stankskarmar\/bakre-stankskarmar\/sks-bakre-stankskarm-x-blade-dark-29\/","og_site_name":"VM Sport","article_publisher":"https:\/\/www.facebook.com\/Vmsport.fi\/","article_modified_time":"2026-04-18T07:28:37+00:00","og_image":[{"width":800,"height":768,"url":"https:\/\/vmsport.fi\/wp-content\/uploads\/2025\/03\/11450-3-1.jpg","type":"image\/jpeg"}],"twitter_card":"summary_large_image","twitter_misc":{"Ber\u00e4knad l\u00e4stid":"1 minut"},"schema":{"@context":"https:\/\/schema.org","@graph":[{"@type":["WebPage","ItemPage"],"@id":"https:\/\/vmsport.fi\/verkkokauppa\/tarvikkeet\/lokasuojat\/takalokasuojat\/sks-takalokasuoja-x-blade-dark-29\/","url":"https:\/\/vmsport.fi\/verkkokauppa\/tarvikkeet\/lokasuojat\/takalokasuojat\/sks-takalokasuoja-x-blade-dark-29\/","name":"SKS St\u00e4nksk\u00e4rm bak X-Blade m\u00f6rk 29\" - VM Sport","isPartOf":{"@id":"https:\/\/vmsport.fi\/#website"},"primaryImageOfPage":{"@id":"https:\/\/vmsport.fi\/verkkokauppa\/tarvikkeet\/lokasuojat\/takalokasuojat\/sks-takalokasuoja-x-blade-dark-29\/#primaryimage"},"image":{"@id":"https:\/\/vmsport.fi\/verkkokauppa\/tarvikkeet\/lokasuojat\/takalokasuojat\/sks-takalokasuoja-x-blade-dark-29\/#primaryimage"},"thumbnailUrl":"https:\/\/vmsport.fi\/wp-content\/uploads\/2025\/03\/11450-3-1.jpg","datePublished":"2025-03-05T21:50:59+00:00","dateModified":"2026-04-18T07:28:37+00:00","breadcrumb":{"@id":"https:\/\/vmsport.fi\/verkkokauppa\/tarvikkeet\/lokasuojat\/takalokasuojat\/sks-takalokasuoja-x-blade-dark-29\/#breadcrumb"},"inLanguage":"sv-SE","potentialAction":[{"@type":"ReadAction","target":["https:\/\/vmsport.fi\/verkkokauppa\/tarvikkeet\/lokasuojat\/takalokasuojat\/sks-takalokasuoja-x-blade-dark-29\/"]}]},{"@type":"ImageObject","inLanguage":"sv-SE","@id":"https:\/\/vmsport.fi\/verkkokauppa\/tarvikkeet\/lokasuojat\/takalokasuojat\/sks-takalokasuoja-x-blade-dark-29\/#primaryimage","url":"https:\/\/vmsport.fi\/wp-content\/uploads\/2025\/03\/11450-3-1.jpg","contentUrl":"https:\/\/vmsport.fi\/wp-content\/uploads\/2025\/03\/11450-3-1.jpg","width":800,"height":768,"caption":"11450-3"},{"@type":"BreadcrumbList","@id":"https:\/\/vmsport.fi\/verkkokauppa\/tarvikkeet\/lokasuojat\/takalokasuojat\/sks-takalokasuoja-x-blade-dark-29\/#breadcrumb","itemListElement":[{"@type":"ListItem","position":1,"name":"Etusivu","item":"https:\/\/vmsport.fi\/"},{"@type":"ListItem","position":2,"name":"Online Store","item":"https:\/\/vmsport.fi\/en\/online-store\/"},{"@type":"ListItem","position":3,"name":"SKS Germany","item":"https:\/\/vmsport.fi\/merkki\/sks-germany\/"},{"@type":"ListItem","position":4,"name":"SKS Takalokasuoja X-Blade dark 29&#8243;"}]},{"@type":"WebSite","@id":"https:\/\/vmsport.fi\/#website","url":"https:\/\/vmsport.fi\/","name":"Vmsport","description":"Allt p\u00e5 ett st\u00e4lle f\u00f6r cykling","publisher":{"@id":"https:\/\/vmsport.fi\/#organization"},"potentialAction":[{"@type":"SearchAction","target":{"@type":"EntryPoint","urlTemplate":"https:\/\/vmsport.fi\/?s={search_term_string}"},"query-input":{"@type":"PropertyValueSpecification","valueRequired":true,"valueName":"search_term_string"}}],"inLanguage":"sv-SE"},{"@type":"Organization","@id":"https:\/\/vmsport.fi\/#organization","name":"Vmsport","url":"https:\/\/vmsport.fi\/","logo":{"@type":"ImageObject","inLanguage":"sv-SE","@id":"https:\/\/vmsport.fi\/#\/schema\/logo\/image\/","url":"https:\/\/vmsport.fi\/wp-content\/uploads\/2024\/12\/vm_sport_RGB_horisontal-e1734526017575.png","contentUrl":"https:\/\/vmsport.fi\/wp-content\/uploads\/2024\/12\/vm_sport_RGB_horisontal-e1734526017575.png","width":668,"height":85,"caption":"Vmsport"},"image":{"@id":"https:\/\/vmsport.fi\/#\/schema\/logo\/image\/"},"sameAs":["https:\/\/www.facebook.com\/Vmsport.fi\/","https:\/\/www.instagram.com\/vmsport\/"]}]}},"global_unique_id":"","_links":{"self":[{"href":"https:\/\/vmsport.fi\/sv\/wp-json\/wp\/v2\/product\/54192","targetHints":{"allow":["GET"]}}],"collection":[{"href":"https:\/\/vmsport.fi\/sv\/wp-json\/wp\/v2\/product"}],"about":[{"href":"https:\/\/vmsport.fi\/sv\/wp-json\/wp\/v2\/types\/product"}],"replies":[{"embeddable":true,"href":"https:\/\/vmsport.fi\/sv\/wp-json\/wp\/v2\/comments?post=54192"}],"wp:featuredmedia":[{"embeddable":true,"href":"https:\/\/vmsport.fi\/sv\/wp-json\/wp\/v2\/media\/54191"}],"wp:attachment":[{"href":"https:\/\/vmsport.fi\/sv\/wp-json\/wp\/v2\/media?parent=54192"}],"wp:term":[{"taxonomy":"product_brand","embeddable":true,"href":"https:\/\/vmsport.fi\/sv\/wp-json\/wp\/v2\/product_brand?post=54192"},{"taxonomy":"product_model","embeddable":true,"href":"https:\/\/vmsport.fi\/sv\/wp-json\/wp\/v2\/product_model?post=54192"},{"taxonomy":"product_cat","embeddable":true,"href":"https:\/\/vmsport.fi\/sv\/wp-json\/wp\/v2\/product_cat?post=54192"},{"taxonomy":"product_tag","embeddable":true,"href":"https:\/\/vmsport.fi\/sv\/wp-json\/wp\/v2\/product_tag?post=54192"},{"taxonomy":"industry_terminology","embeddable":true,"href":"https:\/\/vmsport.fi\/sv\/wp-json\/wp\/v2\/industry-terminology?post=54192"}],"curies":[{"name":"wp","href":"https:\/\/api.w.org\/{rel}","templated":true}]}}