{"id":54184,"date":"2025-03-05T23:50:56","date_gmt":"2025-03-05T21:50:56","guid":{"rendered":"https:\/\/vmsport.fi\/verkkokauppa\/Ei-luokiteltu\/kasetti-11-v-11-42-cs-m8000-xt\/"},"modified":"2026-04-22T15:00:01","modified_gmt":"2026-04-22T12:00:01","slug":"kasetti-11-v-11-42-cs-m8000-xt","status":"publish","type":"product","link":"https:\/\/vmsport.fi\/sv\/verkkokauppa\/varaosat\/voimansiirto\/takarattaat\/kasetti-11-v-11-42-cs-m8000-xt\/","title":{"rendered":"Kassett 11-v 11-42 CS-M8000 XT"},"content":{"rendered":"<p>Kasetti 11-v 11-42 CS-M8000 XT on suunniteltu maastopy\u00f6r\u00e4ilyyn ja on erinomainen valinta vaativille py\u00f6r\u00e4ilij\u00f6ille. Sen Dyna-SysII-teknologia tarjoaa sujuvan 11-vaihteisen toiminnan. Kasetin Hyperglide-rattaat, joiden erityinen hammasmuotoilu, mahdollistavat tarkat ja nopea vaihteenvaihdat my\u00f6s kuormitettuna. Valmistettu kevyest\u00e4 ja kest\u00e4v\u00e4st\u00e4 materiaalista, kasetti yhdistelee kaksi alumiiniratasv\u00e4li\u00e4 kest\u00e4vien ter\u00e4srattaiden kanssa. Suurimmat rattaat on suunniteltu kevyeen seoskehikkoon, mik\u00e4 v\u00e4hent\u00e4\u00e4 painoa ja lis\u00e4\u00e4 j\u00e4ykkyytt\u00e4. Kromipinnoite suojaa korroosiolta, tehden kasetista pitk\u00e4ik\u00e4isen ja luotettavan. Optimoitu voimansiirto ja vaihteiden tarkkuus antavat py\u00f6r\u00e4ilij\u00e4lle mahdollisuuden hallita erilaisia maastoja tehokkaasti.<\/p>","protected":false},"excerpt":{"rendered":"<p>Kasetti 11-v 11-42 CS-M8000 XT on suunniteltu maastopy\u00f6r\u00e4ilyyn ja on erinomainen valinta vaativille py\u00f6r\u00e4ilij\u00f6ille. Sen Dyna-SysII-teknologia tarjoaa sujuvan 11-vaihteisen toiminnan. Kasetin Hyperglide-rattaat, joiden erityinen hammasmuotoilu, mahdollistavat tarkat ja nopea vaihteenvaihdat my\u00f6s kuormitettuna. Valmistettu kevyest\u00e4 ja kest\u00e4v\u00e4st\u00e4 materiaalista, kasetti yhdistelee kaksi alumiiniratasv\u00e4li\u00e4 kest\u00e4vien ter\u00e4srattaiden kanssa. Suurimmat rattaat on suunniteltu kevyeen seoskehikkoon, mik\u00e4 v\u00e4hent\u00e4\u00e4 painoa ja lis\u00e4\u00e4 [&#8230;]<\/p>\n<p><a class=\"btn btn-secondary understrap-read-more-link\" href=\"https:\/\/vmsport.fi\/sv\/verkkokauppa\/varaosat\/voimansiirto\/takarattaat\/kasetti-11-v-11-42-cs-m8000-xt\/\">L\u00e4s mer \u2026<span class=\"screen-reader-text\"> from Kasetti 11-v 11-42 CS-M8000 XT<\/span><\/a><\/p>\n","protected":false},"featured_media":54183,"comment_status":"open","ping_status":"closed","template":"","meta":{"_acf_changed":false,"_improvement_type_select":"improve_an_existing","_thumb_yes_seoaic":false,"_frame_yes_seoaic":false,"seoaic_generate_description":"","seoaic_improve_instructions_prompt":"","seoaic_rollback_content_improvement":"","seoaic_idea_thumbnail_generator":"","thumbnail_generated":false,"thumbnail_generate_prompt":"","seoaic_article_description":"","_supplier_stock_quantity":0},"product_brand":[],"product_model":[],"product_cat":[9348],"product_tag":[],"industry-terminology":[],"class_list":{"0":"post-54184","1":"product","2":"type-product","3":"status-publish","4":"has-post-thumbnail","6":"product_cat-takarattaat","8":"first","9":"outofstock","10":"taxable","11":"shipping-taxable","12":"product-type-simple"},"acf":{"bike_features":null,"overview":{"copy_overview":null,"key_features":null,"statement":"","youtube_url":""}},"yoast_head":"<!-- This site is optimized with the Yoast SEO plugin v27.4 - https:\/\/yoast.com\/product\/yoast-seo-wordpress\/ -->\n<title>Kasetti 11-v 11-42 CS-M8000 XT - VM Sport<\/title>\n<meta name=\"robots\" content=\"index, follow, max-snippet:-1, max-image-preview:large, max-video-preview:-1\" \/>\n<link rel=\"canonical\" href=\"https:\/\/vmsport.fi\/sv\/webbutik\/reservdelar\/transmission\/takarattaat\/kasetti-11-v-11-42-cs-m8000-xt\/\" \/>\n<meta property=\"og:locale\" content=\"sv_SE\" \/>\n<meta property=\"og:type\" content=\"article\" \/>\n<meta property=\"og:title\" content=\"Kasetti 11-v 11-42 CS-M8000 XT - VM Sport\" \/>\n<meta property=\"og:description\" content=\"Kasetti 11-v 11-42 CS-M8000 XT on suunniteltu maastopy\u00f6r\u00e4ilyyn ja on erinomainen valinta vaativille py\u00f6r\u00e4ilij\u00f6ille. Sen Dyna-SysII-teknologia tarjoaa sujuvan 11-vaihteisen toiminnan. Kasetin Hyperglide-rattaat, joiden erityinen hammasmuotoilu, mahdollistavat tarkat ja nopea vaihteenvaihdat my\u00f6s kuormitettuna. Valmistettu kevyest\u00e4 ja kest\u00e4v\u00e4st\u00e4 materiaalista, kasetti yhdistelee kaksi alumiiniratasv\u00e4li\u00e4 kest\u00e4vien ter\u00e4srattaiden kanssa. Suurimmat rattaat on suunniteltu kevyeen seoskehikkoon, mik\u00e4 v\u00e4hent\u00e4\u00e4 painoa ja lis\u00e4\u00e4 [...]L\u00e4s mer \u2026 from Kasetti 11-v 11-42 CS-M8000 XT\" \/>\n<meta property=\"og:url\" content=\"https:\/\/vmsport.fi\/sv\/webbutik\/reservdelar\/transmission\/takarattaat\/kasetti-11-v-11-42-cs-m8000-xt\/\" \/>\n<meta property=\"og:site_name\" content=\"VM Sport\" \/>\n<meta property=\"article:publisher\" content=\"https:\/\/www.facebook.com\/Vmsport.fi\/\" \/>\n<meta property=\"article:modified_time\" content=\"2026-04-22T12:00:01+00:00\" \/>\n<meta property=\"og:image\" content=\"https:\/\/vmsport.fi\/wp-content\/uploads\/2025\/03\/84uZK3wLgEIYTYdNcM9Jqj6YH1bm0kzuEL1GTwOhyTRiQRzSww-1.jpg\" \/>\n\t<meta property=\"og:image:width\" content=\"600\" \/>\n\t<meta property=\"og:image:height\" content=\"600\" \/>\n\t<meta property=\"og:image:type\" content=\"image\/jpeg\" \/>\n<meta name=\"twitter:card\" content=\"summary_large_image\" \/>\n<script type=\"application\/ld+json\" class=\"yoast-schema-graph\">{\"@context\":\"https:\\\/\\\/schema.org\",\"@graph\":[{\"@type\":[\"WebPage\",\"ItemPage\"],\"@id\":\"https:\\\/\\\/vmsport.fi\\\/verkkokauppa\\\/varaosat\\\/voimansiirto\\\/takarattaat\\\/kasetti-11-v-11-42-cs-m8000-xt\\\/\",\"url\":\"https:\\\/\\\/vmsport.fi\\\/verkkokauppa\\\/varaosat\\\/voimansiirto\\\/takarattaat\\\/kasetti-11-v-11-42-cs-m8000-xt\\\/\",\"name\":\"Kasetti 11-v 11-42 CS-M8000 XT - VM Sport\",\"isPartOf\":{\"@id\":\"https:\\\/\\\/vmsport.fi\\\/#website\"},\"primaryImageOfPage\":{\"@id\":\"https:\\\/\\\/vmsport.fi\\\/verkkokauppa\\\/varaosat\\\/voimansiirto\\\/takarattaat\\\/kasetti-11-v-11-42-cs-m8000-xt\\\/#primaryimage\"},\"image\":{\"@id\":\"https:\\\/\\\/vmsport.fi\\\/verkkokauppa\\\/varaosat\\\/voimansiirto\\\/takarattaat\\\/kasetti-11-v-11-42-cs-m8000-xt\\\/#primaryimage\"},\"thumbnailUrl\":\"https:\\\/\\\/vmsport.fi\\\/wp-content\\\/uploads\\\/2025\\\/03\\\/84uZK3wLgEIYTYdNcM9Jqj6YH1bm0kzuEL1GTwOhyTRiQRzSww-1.jpg\",\"datePublished\":\"2025-03-05T21:50:56+00:00\",\"dateModified\":\"2026-04-22T12:00:01+00:00\",\"breadcrumb\":{\"@id\":\"https:\\\/\\\/vmsport.fi\\\/verkkokauppa\\\/varaosat\\\/voimansiirto\\\/takarattaat\\\/kasetti-11-v-11-42-cs-m8000-xt\\\/#breadcrumb\"},\"inLanguage\":\"sv-SE\",\"potentialAction\":[{\"@type\":\"ReadAction\",\"target\":[\"https:\\\/\\\/vmsport.fi\\\/verkkokauppa\\\/varaosat\\\/voimansiirto\\\/takarattaat\\\/kasetti-11-v-11-42-cs-m8000-xt\\\/\"]}]},{\"@type\":\"ImageObject\",\"inLanguage\":\"sv-SE\",\"@id\":\"https:\\\/\\\/vmsport.fi\\\/verkkokauppa\\\/varaosat\\\/voimansiirto\\\/takarattaat\\\/kasetti-11-v-11-42-cs-m8000-xt\\\/#primaryimage\",\"url\":\"https:\\\/\\\/vmsport.fi\\\/wp-content\\\/uploads\\\/2025\\\/03\\\/84uZK3wLgEIYTYdNcM9Jqj6YH1bm0kzuEL1GTwOhyTRiQRzSww-1.jpg\",\"contentUrl\":\"https:\\\/\\\/vmsport.fi\\\/wp-content\\\/uploads\\\/2025\\\/03\\\/84uZK3wLgEIYTYdNcM9Jqj6YH1bm0kzuEL1GTwOhyTRiQRzSww-1.jpg\",\"width\":600,\"height\":600,\"caption\":\"84uZK3wLgEIYTYdNcM9Jqj6YH1bm0kzuEL1GTwOhyTRiQRzSww\"},{\"@type\":\"BreadcrumbList\",\"@id\":\"https:\\\/\\\/vmsport.fi\\\/verkkokauppa\\\/varaosat\\\/voimansiirto\\\/takarattaat\\\/kasetti-11-v-11-42-cs-m8000-xt\\\/#breadcrumb\",\"itemListElement\":[{\"@type\":\"ListItem\",\"position\":1,\"name\":\"Etusivu\",\"item\":\"https:\\\/\\\/vmsport.fi\\\/\"},{\"@type\":\"ListItem\",\"position\":2,\"name\":\"Online Store\",\"item\":\"https:\\\/\\\/vmsport.fi\\\/en\\\/online-store\\\/\"},{\"@type\":\"ListItem\",\"position\":3,\"name\":\"Kasetti 11-v 11-42 CS-M8000 XT\"}]},{\"@type\":\"WebSite\",\"@id\":\"https:\\\/\\\/vmsport.fi\\\/#website\",\"url\":\"https:\\\/\\\/vmsport.fi\\\/\",\"name\":\"Vmsport\",\"description\":\"Kaikki py\u00f6r\u00e4ilyyn yhdest\u00e4 paikasta\",\"publisher\":{\"@id\":\"https:\\\/\\\/vmsport.fi\\\/#organization\"},\"potentialAction\":[{\"@type\":\"SearchAction\",\"target\":{\"@type\":\"EntryPoint\",\"urlTemplate\":\"https:\\\/\\\/vmsport.fi\\\/?s={search_term_string}\"},\"query-input\":{\"@type\":\"PropertyValueSpecification\",\"valueRequired\":true,\"valueName\":\"search_term_string\"}}],\"inLanguage\":\"sv-SE\"},{\"@type\":\"Organization\",\"@id\":\"https:\\\/\\\/vmsport.fi\\\/#organization\",\"name\":\"Vmsport\",\"url\":\"https:\\\/\\\/vmsport.fi\\\/\",\"logo\":{\"@type\":\"ImageObject\",\"inLanguage\":\"sv-SE\",\"@id\":\"https:\\\/\\\/vmsport.fi\\\/#\\\/schema\\\/logo\\\/image\\\/\",\"url\":\"https:\\\/\\\/vmsport.fi\\\/wp-content\\\/uploads\\\/2024\\\/12\\\/vm_sport_RGB_horisontal-e1734526017575.png\",\"contentUrl\":\"https:\\\/\\\/vmsport.fi\\\/wp-content\\\/uploads\\\/2024\\\/12\\\/vm_sport_RGB_horisontal-e1734526017575.png\",\"width\":668,\"height\":85,\"caption\":\"Vmsport\"},\"image\":{\"@id\":\"https:\\\/\\\/vmsport.fi\\\/#\\\/schema\\\/logo\\\/image\\\/\"},\"sameAs\":[\"https:\\\/\\\/www.facebook.com\\\/Vmsport.fi\\\/\",\"https:\\\/\\\/www.instagram.com\\\/vmsport\\\/\"]}]}<\/script>\n<!-- \/ Yoast SEO plugin. -->","yoast_head_json":{"title":"Kasetti 11-v 11-42 CS-M8000 XT - VM Sport","robots":{"index":"index","follow":"follow","max-snippet":"max-snippet:-1","max-image-preview":"max-image-preview:large","max-video-preview":"max-video-preview:-1"},"canonical":"https:\/\/vmsport.fi\/sv\/webbutik\/reservdelar\/transmission\/takarattaat\/kasetti-11-v-11-42-cs-m8000-xt\/","og_locale":"sv_SE","og_type":"article","og_title":"Kasetti 11-v 11-42 CS-M8000 XT - VM Sport","og_description":"Kasetti 11-v 11-42 CS-M8000 XT on suunniteltu maastopy\u00f6r\u00e4ilyyn ja on erinomainen valinta vaativille py\u00f6r\u00e4ilij\u00f6ille. Sen Dyna-SysII-teknologia tarjoaa sujuvan 11-vaihteisen toiminnan. Kasetin Hyperglide-rattaat, joiden erityinen hammasmuotoilu, mahdollistavat tarkat ja nopea vaihteenvaihdat my\u00f6s kuormitettuna. Valmistettu kevyest\u00e4 ja kest\u00e4v\u00e4st\u00e4 materiaalista, kasetti yhdistelee kaksi alumiiniratasv\u00e4li\u00e4 kest\u00e4vien ter\u00e4srattaiden kanssa. Suurimmat rattaat on suunniteltu kevyeen seoskehikkoon, mik\u00e4 v\u00e4hent\u00e4\u00e4 painoa ja lis\u00e4\u00e4 [...]L\u00e4s mer \u2026 from Kasetti 11-v 11-42 CS-M8000 XT","og_url":"https:\/\/vmsport.fi\/sv\/webbutik\/reservdelar\/transmission\/takarattaat\/kasetti-11-v-11-42-cs-m8000-xt\/","og_site_name":"VM Sport","article_publisher":"https:\/\/www.facebook.com\/Vmsport.fi\/","article_modified_time":"2026-04-22T12:00:01+00:00","og_image":[{"width":600,"height":600,"url":"https:\/\/vmsport.fi\/wp-content\/uploads\/2025\/03\/84uZK3wLgEIYTYdNcM9Jqj6YH1bm0kzuEL1GTwOhyTRiQRzSww-1.jpg","type":"image\/jpeg"}],"twitter_card":"summary_large_image","schema":{"@context":"https:\/\/schema.org","@graph":[{"@type":["WebPage","ItemPage"],"@id":"https:\/\/vmsport.fi\/verkkokauppa\/varaosat\/voimansiirto\/takarattaat\/kasetti-11-v-11-42-cs-m8000-xt\/","url":"https:\/\/vmsport.fi\/verkkokauppa\/varaosat\/voimansiirto\/takarattaat\/kasetti-11-v-11-42-cs-m8000-xt\/","name":"Kasetti 11-v 11-42 CS-M8000 XT - VM Sport","isPartOf":{"@id":"https:\/\/vmsport.fi\/#website"},"primaryImageOfPage":{"@id":"https:\/\/vmsport.fi\/verkkokauppa\/varaosat\/voimansiirto\/takarattaat\/kasetti-11-v-11-42-cs-m8000-xt\/#primaryimage"},"image":{"@id":"https:\/\/vmsport.fi\/verkkokauppa\/varaosat\/voimansiirto\/takarattaat\/kasetti-11-v-11-42-cs-m8000-xt\/#primaryimage"},"thumbnailUrl":"https:\/\/vmsport.fi\/wp-content\/uploads\/2025\/03\/84uZK3wLgEIYTYdNcM9Jqj6YH1bm0kzuEL1GTwOhyTRiQRzSww-1.jpg","datePublished":"2025-03-05T21:50:56+00:00","dateModified":"2026-04-22T12:00:01+00:00","breadcrumb":{"@id":"https:\/\/vmsport.fi\/verkkokauppa\/varaosat\/voimansiirto\/takarattaat\/kasetti-11-v-11-42-cs-m8000-xt\/#breadcrumb"},"inLanguage":"sv-SE","potentialAction":[{"@type":"ReadAction","target":["https:\/\/vmsport.fi\/verkkokauppa\/varaosat\/voimansiirto\/takarattaat\/kasetti-11-v-11-42-cs-m8000-xt\/"]}]},{"@type":"ImageObject","inLanguage":"sv-SE","@id":"https:\/\/vmsport.fi\/verkkokauppa\/varaosat\/voimansiirto\/takarattaat\/kasetti-11-v-11-42-cs-m8000-xt\/#primaryimage","url":"https:\/\/vmsport.fi\/wp-content\/uploads\/2025\/03\/84uZK3wLgEIYTYdNcM9Jqj6YH1bm0kzuEL1GTwOhyTRiQRzSww-1.jpg","contentUrl":"https:\/\/vmsport.fi\/wp-content\/uploads\/2025\/03\/84uZK3wLgEIYTYdNcM9Jqj6YH1bm0kzuEL1GTwOhyTRiQRzSww-1.jpg","width":600,"height":600,"caption":"84uZK3wLgEIYTYdNcM9Jqj6YH1bm0kzuEL1GTwOhyTRiQRzSww"},{"@type":"BreadcrumbList","@id":"https:\/\/vmsport.fi\/verkkokauppa\/varaosat\/voimansiirto\/takarattaat\/kasetti-11-v-11-42-cs-m8000-xt\/#breadcrumb","itemListElement":[{"@type":"ListItem","position":1,"name":"Etusivu","item":"https:\/\/vmsport.fi\/"},{"@type":"ListItem","position":2,"name":"Online Store","item":"https:\/\/vmsport.fi\/en\/online-store\/"},{"@type":"ListItem","position":3,"name":"Kasetti 11-v 11-42 CS-M8000 XT"}]},{"@type":"WebSite","@id":"https:\/\/vmsport.fi\/#website","url":"https:\/\/vmsport.fi\/","name":"Vmsport","description":"Allt p\u00e5 ett st\u00e4lle f\u00f6r cykling","publisher":{"@id":"https:\/\/vmsport.fi\/#organization"},"potentialAction":[{"@type":"SearchAction","target":{"@type":"EntryPoint","urlTemplate":"https:\/\/vmsport.fi\/?s={search_term_string}"},"query-input":{"@type":"PropertyValueSpecification","valueRequired":true,"valueName":"search_term_string"}}],"inLanguage":"sv-SE"},{"@type":"Organization","@id":"https:\/\/vmsport.fi\/#organization","name":"Vmsport","url":"https:\/\/vmsport.fi\/","logo":{"@type":"ImageObject","inLanguage":"sv-SE","@id":"https:\/\/vmsport.fi\/#\/schema\/logo\/image\/","url":"https:\/\/vmsport.fi\/wp-content\/uploads\/2024\/12\/vm_sport_RGB_horisontal-e1734526017575.png","contentUrl":"https:\/\/vmsport.fi\/wp-content\/uploads\/2024\/12\/vm_sport_RGB_horisontal-e1734526017575.png","width":668,"height":85,"caption":"Vmsport"},"image":{"@id":"https:\/\/vmsport.fi\/#\/schema\/logo\/image\/"},"sameAs":["https:\/\/www.facebook.com\/Vmsport.fi\/","https:\/\/www.instagram.com\/vmsport\/"]}]}},"global_unique_id":"","_links":{"self":[{"href":"https:\/\/vmsport.fi\/sv\/wp-json\/wp\/v2\/product\/54184","targetHints":{"allow":["GET"]}}],"collection":[{"href":"https:\/\/vmsport.fi\/sv\/wp-json\/wp\/v2\/product"}],"about":[{"href":"https:\/\/vmsport.fi\/sv\/wp-json\/wp\/v2\/types\/product"}],"replies":[{"embeddable":true,"href":"https:\/\/vmsport.fi\/sv\/wp-json\/wp\/v2\/comments?post=54184"}],"wp:featuredmedia":[{"embeddable":true,"href":"https:\/\/vmsport.fi\/sv\/wp-json\/wp\/v2\/media\/54183"}],"wp:attachment":[{"href":"https:\/\/vmsport.fi\/sv\/wp-json\/wp\/v2\/media?parent=54184"}],"wp:term":[{"taxonomy":"product_brand","embeddable":true,"href":"https:\/\/vmsport.fi\/sv\/wp-json\/wp\/v2\/product_brand?post=54184"},{"taxonomy":"product_model","embeddable":true,"href":"https:\/\/vmsport.fi\/sv\/wp-json\/wp\/v2\/product_model?post=54184"},{"taxonomy":"product_cat","embeddable":true,"href":"https:\/\/vmsport.fi\/sv\/wp-json\/wp\/v2\/product_cat?post=54184"},{"taxonomy":"product_tag","embeddable":true,"href":"https:\/\/vmsport.fi\/sv\/wp-json\/wp\/v2\/product_tag?post=54184"},{"taxonomy":"industry_terminology","embeddable":true,"href":"https:\/\/vmsport.fi\/sv\/wp-json\/wp\/v2\/industry-terminology?post=54184"}],"curies":[{"name":"wp","href":"https:\/\/api.w.org\/{rel}","templated":true}]}}