{"id":54180,"date":"2025-03-05T23:50:54","date_gmt":"2025-03-05T21:50:54","guid":{"rendered":"https:\/\/vmsport.fi\/verkkokauppa\/Ei-luokiteltu\/garmin-pyoran-nopeusanturi-ja-poljinanturi\/"},"modified":"2026-01-16T13:22:54","modified_gmt":"2026-01-16T11:22:54","slug":"garmin-pyora-hastighetssensor-och-pedalsensor","status":"publish","type":"product","link":"https:\/\/vmsport.fi\/sv\/verkkokauppa\/tarvikkeet\/ajotietokoneet-ja-harjoitusvastukset\/ajotietokoneet\/garmin-pyoran-nopeusanturi-ja-poljinanturi\/","title":{"rendered":"Garmin Hastighetssensor f\u00f6r cykel och pedalsensor"},"content":{"rendered":"<p>Garmins hastighets- och pedalsensorer ger exakt sp\u00e5rningsinformation f\u00f6r cyklister. Hastighetssensorn f\u00e4sts enkelt p\u00e5 hjulnavet och kalibreras automatiskt f\u00f6r att s\u00e4kerst\u00e4lla exakta m\u00e4tningar utan behov av ytterligare tillbeh\u00f6r. Pedalsensorn m\u00e4ter exakt pedaltempo och hj\u00e4lper till att optimera tr\u00e4ningen oavsett f\u00e4lgstorlek. Det tr\u00e5dl\u00f6sa systemet m\u00f6jligg\u00f6r enkel installation och \u00f6verf\u00f6ring fr\u00e5n en cykel till en annan. ANT+ och Bluetooth\u00ae Low Energy-teknik s\u00e4kerst\u00e4ller att sensorerna levererar realtidsdata till en rad kompatibla appar och enheter. Dessa sensorer \u00e4r ett utm\u00e4rkt val f\u00f6r att \u00f6vervaka och f\u00f6rb\u00e4ttra cykelprestanda med hj\u00e4lp av modern teknik.<\/p>","protected":false},"excerpt":{"rendered":"<p>Garminin py\u00f6r\u00e4n nopeus- ja poljinanturit tarjoavat tarkan seurantatiedon py\u00f6r\u00e4ilij\u00f6iden k\u00e4ytt\u00f6\u00f6n. Nopeusanturi kiinnitet\u00e4\u00e4n vaivattomasti renkaan napaan, ja se kalibroituu automaattisesti varmistaen tarkat mittaukset ilman ylim\u00e4\u00e4r\u00e4isi\u00e4 lis\u00e4laitteita. Poljinanturi mittaa poljinnan tahdin tarkasti, mik\u00e4 auttaa optimoimaan harjoittelua riippumatta kammen koosta. Langaton j\u00e4rjestelm\u00e4 mahdollistaa vaivattoman asennuksen ja siirt\u00e4misen py\u00f6r\u00e4lt\u00e4 toiselle. ANT+ ja Bluetooth\u00ae Low Energy -teknologiat takaavat, ett\u00e4 anturit [&#8230;]<\/p>\n<p><a class=\"btn btn-secondary understrap-read-more-link\" href=\"https:\/\/vmsport.fi\/sv\/verkkokauppa\/tarvikkeet\/ajotietokoneet-ja-harjoitusvastukset\/ajotietokoneet\/garmin-pyoran-nopeusanturi-ja-poljinanturi\/\">L\u00e4s mer \u2026<span class=\"screen-reader-text\"> from Garmin Py\u00f6r\u00e4n nopeusanturi ja poljinanturi<\/span><\/a><\/p>\n","protected":false},"featured_media":54179,"comment_status":"open","ping_status":"closed","template":"","meta":{"_acf_changed":false,"_improvement_type_select":"improve_an_existing","_thumb_yes_seoaic":false,"_frame_yes_seoaic":false,"seoaic_generate_description":"","seoaic_improve_instructions_prompt":"","seoaic_rollback_content_improvement":"","seoaic_idea_thumbnail_generator":"","thumbnail_generated":false,"thumbnail_generate_prompt":"","seoaic_article_description":"","_supplier_stock_quantity":0},"product_brand":[1590],"product_model":[],"product_cat":[9266],"product_tag":[],"industry-terminology":[],"class_list":{"0":"post-54180","1":"product","2":"type-product","3":"status-publish","4":"has-post-thumbnail","6":"product_brand-garmin","7":"product_cat-ajotietokoneet","9":"first","10":"outofstock","11":"taxable","12":"shipping-taxable","13":"product-type-simple"},"acf":{"bike_features":null,"overview":{"copy_overview":null,"key_features":null,"statement":"","youtube_url":""}},"yoast_head":"<!-- This site is optimized with the Yoast SEO plugin v27.3 - https:\/\/yoast.com\/product\/yoast-seo-wordpress\/ -->\n<title>Garmin Py\u00f6r\u00e4n nopeusanturi ja poljinanturi - VM Sport<\/title>\n<meta name=\"robots\" content=\"index, follow, max-snippet:-1, max-image-preview:large, max-video-preview:-1\" \/>\n<link rel=\"canonical\" href=\"https:\/\/vmsport.fi\/sv\/webbutik\/tillbehor\/kordatorer-och-utbildningshjalpmedel\/korning-av-datorer\/garmin-pyora-hastighetssensor-och-pedalsensor\/\" \/>\n<meta property=\"og:locale\" content=\"sv_SE\" \/>\n<meta property=\"og:type\" content=\"article\" \/>\n<meta property=\"og:title\" content=\"Garmin Py\u00f6r\u00e4n nopeusanturi ja poljinanturi - VM Sport\" \/>\n<meta property=\"og:description\" content=\"Garminin py\u00f6r\u00e4n nopeus- ja poljinanturit tarjoavat tarkan seurantatiedon py\u00f6r\u00e4ilij\u00f6iden k\u00e4ytt\u00f6\u00f6n. Nopeusanturi kiinnitet\u00e4\u00e4n vaivattomasti renkaan napaan, ja se kalibroituu automaattisesti varmistaen tarkat mittaukset ilman ylim\u00e4\u00e4r\u00e4isi\u00e4 lis\u00e4laitteita. Poljinanturi mittaa poljinnan tahdin tarkasti, mik\u00e4 auttaa optimoimaan harjoittelua riippumatta kammen koosta. Langaton j\u00e4rjestelm\u00e4 mahdollistaa vaivattoman asennuksen ja siirt\u00e4misen py\u00f6r\u00e4lt\u00e4 toiselle. ANT+ ja Bluetooth\u00ae Low Energy -teknologiat takaavat, ett\u00e4 anturit [...]L\u00e4s mer \u2026 from Garmin Py\u00f6r\u00e4n nopeusanturi ja poljinanturi\" \/>\n<meta property=\"og:url\" content=\"https:\/\/vmsport.fi\/sv\/webbutik\/tillbehor\/kordatorer-och-utbildningshjalpmedel\/korning-av-datorer\/garmin-pyora-hastighetssensor-och-pedalsensor\/\" \/>\n<meta property=\"og:site_name\" content=\"VM Sport\" \/>\n<meta property=\"article:publisher\" content=\"https:\/\/www.facebook.com\/Vmsport.fi\/\" \/>\n<meta property=\"article:modified_time\" content=\"2026-01-16T11:22:54+00:00\" \/>\n<meta property=\"og:image\" content=\"https:\/\/vmsport.fi\/wp-content\/uploads\/2025\/03\/R-010-12845-00-HR-1000-1.png\" \/>\n\t<meta property=\"og:image:width\" content=\"1000\" \/>\n\t<meta property=\"og:image:height\" content=\"1000\" \/>\n\t<meta property=\"og:image:type\" content=\"image\/png\" \/>\n<meta name=\"twitter:card\" content=\"summary_large_image\" \/>\n<script type=\"application\/ld+json\" class=\"yoast-schema-graph\">{\"@context\":\"https:\\\/\\\/schema.org\",\"@graph\":[{\"@type\":[\"WebPage\",\"ItemPage\"],\"@id\":\"https:\\\/\\\/vmsport.fi\\\/verkkokauppa\\\/tarvikkeet\\\/ajotietokoneet-ja-harjoitusvastukset\\\/ajotietokoneet\\\/garmin-pyoran-nopeusanturi-ja-poljinanturi\\\/\",\"url\":\"https:\\\/\\\/vmsport.fi\\\/verkkokauppa\\\/tarvikkeet\\\/ajotietokoneet-ja-harjoitusvastukset\\\/ajotietokoneet\\\/garmin-pyoran-nopeusanturi-ja-poljinanturi\\\/\",\"name\":\"Garmin Py\u00f6r\u00e4n nopeusanturi ja poljinanturi - VM Sport\",\"isPartOf\":{\"@id\":\"https:\\\/\\\/vmsport.fi\\\/#website\"},\"primaryImageOfPage\":{\"@id\":\"https:\\\/\\\/vmsport.fi\\\/verkkokauppa\\\/tarvikkeet\\\/ajotietokoneet-ja-harjoitusvastukset\\\/ajotietokoneet\\\/garmin-pyoran-nopeusanturi-ja-poljinanturi\\\/#primaryimage\"},\"image\":{\"@id\":\"https:\\\/\\\/vmsport.fi\\\/verkkokauppa\\\/tarvikkeet\\\/ajotietokoneet-ja-harjoitusvastukset\\\/ajotietokoneet\\\/garmin-pyoran-nopeusanturi-ja-poljinanturi\\\/#primaryimage\"},\"thumbnailUrl\":\"https:\\\/\\\/vmsport.fi\\\/wp-content\\\/uploads\\\/2025\\\/03\\\/R-010-12845-00-HR-1000-1.png\",\"datePublished\":\"2025-03-05T21:50:54+00:00\",\"dateModified\":\"2026-01-16T11:22:54+00:00\",\"breadcrumb\":{\"@id\":\"https:\\\/\\\/vmsport.fi\\\/verkkokauppa\\\/tarvikkeet\\\/ajotietokoneet-ja-harjoitusvastukset\\\/ajotietokoneet\\\/garmin-pyoran-nopeusanturi-ja-poljinanturi\\\/#breadcrumb\"},\"inLanguage\":\"sv-SE\",\"potentialAction\":[{\"@type\":\"ReadAction\",\"target\":[\"https:\\\/\\\/vmsport.fi\\\/verkkokauppa\\\/tarvikkeet\\\/ajotietokoneet-ja-harjoitusvastukset\\\/ajotietokoneet\\\/garmin-pyoran-nopeusanturi-ja-poljinanturi\\\/\"]}]},{\"@type\":\"ImageObject\",\"inLanguage\":\"sv-SE\",\"@id\":\"https:\\\/\\\/vmsport.fi\\\/verkkokauppa\\\/tarvikkeet\\\/ajotietokoneet-ja-harjoitusvastukset\\\/ajotietokoneet\\\/garmin-pyoran-nopeusanturi-ja-poljinanturi\\\/#primaryimage\",\"url\":\"https:\\\/\\\/vmsport.fi\\\/wp-content\\\/uploads\\\/2025\\\/03\\\/R-010-12845-00-HR-1000-1.png\",\"contentUrl\":\"https:\\\/\\\/vmsport.fi\\\/wp-content\\\/uploads\\\/2025\\\/03\\\/R-010-12845-00-HR-1000-1.png\",\"width\":1000,\"height\":1000,\"caption\":\"R-010-12845-00-HR-1000\"},{\"@type\":\"BreadcrumbList\",\"@id\":\"https:\\\/\\\/vmsport.fi\\\/verkkokauppa\\\/tarvikkeet\\\/ajotietokoneet-ja-harjoitusvastukset\\\/ajotietokoneet\\\/garmin-pyoran-nopeusanturi-ja-poljinanturi\\\/#breadcrumb\",\"itemListElement\":[{\"@type\":\"ListItem\",\"position\":1,\"name\":\"Etusivu\",\"item\":\"https:\\\/\\\/vmsport.fi\\\/\"},{\"@type\":\"ListItem\",\"position\":2,\"name\":\"Online Store\",\"item\":\"https:\\\/\\\/vmsport.fi\\\/en\\\/online-store\\\/\"},{\"@type\":\"ListItem\",\"position\":3,\"name\":\"Garmin Py\u00f6r\u00e4n nopeusanturi ja poljinanturi\"}]},{\"@type\":\"WebSite\",\"@id\":\"https:\\\/\\\/vmsport.fi\\\/#website\",\"url\":\"https:\\\/\\\/vmsport.fi\\\/\",\"name\":\"Vmsport\",\"description\":\"Kaikki py\u00f6r\u00e4ilyyn yhdest\u00e4 paikasta\",\"publisher\":{\"@id\":\"https:\\\/\\\/vmsport.fi\\\/#organization\"},\"potentialAction\":[{\"@type\":\"SearchAction\",\"target\":{\"@type\":\"EntryPoint\",\"urlTemplate\":\"https:\\\/\\\/vmsport.fi\\\/?s={search_term_string}\"},\"query-input\":{\"@type\":\"PropertyValueSpecification\",\"valueRequired\":true,\"valueName\":\"search_term_string\"}}],\"inLanguage\":\"sv-SE\"},{\"@type\":\"Organization\",\"@id\":\"https:\\\/\\\/vmsport.fi\\\/#organization\",\"name\":\"Vmsport\",\"url\":\"https:\\\/\\\/vmsport.fi\\\/\",\"logo\":{\"@type\":\"ImageObject\",\"inLanguage\":\"sv-SE\",\"@id\":\"https:\\\/\\\/vmsport.fi\\\/#\\\/schema\\\/logo\\\/image\\\/\",\"url\":\"https:\\\/\\\/vmsport.fi\\\/wp-content\\\/uploads\\\/2024\\\/12\\\/vm_sport_RGB_horisontal-e1734526017575.png\",\"contentUrl\":\"https:\\\/\\\/vmsport.fi\\\/wp-content\\\/uploads\\\/2024\\\/12\\\/vm_sport_RGB_horisontal-e1734526017575.png\",\"width\":668,\"height\":85,\"caption\":\"Vmsport\"},\"image\":{\"@id\":\"https:\\\/\\\/vmsport.fi\\\/#\\\/schema\\\/logo\\\/image\\\/\"},\"sameAs\":[\"https:\\\/\\\/www.facebook.com\\\/Vmsport.fi\\\/\",\"https:\\\/\\\/www.instagram.com\\\/vmsport\\\/\"]}]}<\/script>\n<!-- \/ Yoast SEO plugin. -->","yoast_head_json":{"title":"Garmin Hastighetssensor f\u00f6r cykel och pedalsensor - VM Sport","robots":{"index":"index","follow":"follow","max-snippet":"max-snippet:-1","max-image-preview":"max-image-preview:large","max-video-preview":"max-video-preview:-1"},"canonical":"https:\/\/vmsport.fi\/sv\/webbutik\/tillbehor\/kordatorer-och-utbildningshjalpmedel\/korning-av-datorer\/garmin-pyora-hastighetssensor-och-pedalsensor\/","og_locale":"sv_SE","og_type":"article","og_title":"Garmin Py\u00f6r\u00e4n nopeusanturi ja poljinanturi - VM Sport","og_description":"Garminin py\u00f6r\u00e4n nopeus- ja poljinanturit tarjoavat tarkan seurantatiedon py\u00f6r\u00e4ilij\u00f6iden k\u00e4ytt\u00f6\u00f6n. Nopeusanturi kiinnitet\u00e4\u00e4n vaivattomasti renkaan napaan, ja se kalibroituu automaattisesti varmistaen tarkat mittaukset ilman ylim\u00e4\u00e4r\u00e4isi\u00e4 lis\u00e4laitteita. Poljinanturi mittaa poljinnan tahdin tarkasti, mik\u00e4 auttaa optimoimaan harjoittelua riippumatta kammen koosta. Langaton j\u00e4rjestelm\u00e4 mahdollistaa vaivattoman asennuksen ja siirt\u00e4misen py\u00f6r\u00e4lt\u00e4 toiselle. ANT+ ja Bluetooth\u00ae Low Energy -teknologiat takaavat, ett\u00e4 anturit [...]L\u00e4s mer \u2026 from Garmin Py\u00f6r\u00e4n nopeusanturi ja poljinanturi","og_url":"https:\/\/vmsport.fi\/sv\/webbutik\/tillbehor\/kordatorer-och-utbildningshjalpmedel\/korning-av-datorer\/garmin-pyora-hastighetssensor-och-pedalsensor\/","og_site_name":"VM Sport","article_publisher":"https:\/\/www.facebook.com\/Vmsport.fi\/","article_modified_time":"2026-01-16T11:22:54+00:00","og_image":[{"width":1000,"height":1000,"url":"https:\/\/vmsport.fi\/wp-content\/uploads\/2025\/03\/R-010-12845-00-HR-1000-1.png","type":"image\/png"}],"twitter_card":"summary_large_image","schema":{"@context":"https:\/\/schema.org","@graph":[{"@type":["WebPage","ItemPage"],"@id":"https:\/\/vmsport.fi\/verkkokauppa\/tarvikkeet\/ajotietokoneet-ja-harjoitusvastukset\/ajotietokoneet\/garmin-pyoran-nopeusanturi-ja-poljinanturi\/","url":"https:\/\/vmsport.fi\/verkkokauppa\/tarvikkeet\/ajotietokoneet-ja-harjoitusvastukset\/ajotietokoneet\/garmin-pyoran-nopeusanturi-ja-poljinanturi\/","name":"Garmin Hastighetssensor f\u00f6r cykel och pedalsensor - VM Sport","isPartOf":{"@id":"https:\/\/vmsport.fi\/#website"},"primaryImageOfPage":{"@id":"https:\/\/vmsport.fi\/verkkokauppa\/tarvikkeet\/ajotietokoneet-ja-harjoitusvastukset\/ajotietokoneet\/garmin-pyoran-nopeusanturi-ja-poljinanturi\/#primaryimage"},"image":{"@id":"https:\/\/vmsport.fi\/verkkokauppa\/tarvikkeet\/ajotietokoneet-ja-harjoitusvastukset\/ajotietokoneet\/garmin-pyoran-nopeusanturi-ja-poljinanturi\/#primaryimage"},"thumbnailUrl":"https:\/\/vmsport.fi\/wp-content\/uploads\/2025\/03\/R-010-12845-00-HR-1000-1.png","datePublished":"2025-03-05T21:50:54+00:00","dateModified":"2026-01-16T11:22:54+00:00","breadcrumb":{"@id":"https:\/\/vmsport.fi\/verkkokauppa\/tarvikkeet\/ajotietokoneet-ja-harjoitusvastukset\/ajotietokoneet\/garmin-pyoran-nopeusanturi-ja-poljinanturi\/#breadcrumb"},"inLanguage":"sv-SE","potentialAction":[{"@type":"ReadAction","target":["https:\/\/vmsport.fi\/verkkokauppa\/tarvikkeet\/ajotietokoneet-ja-harjoitusvastukset\/ajotietokoneet\/garmin-pyoran-nopeusanturi-ja-poljinanturi\/"]}]},{"@type":"ImageObject","inLanguage":"sv-SE","@id":"https:\/\/vmsport.fi\/verkkokauppa\/tarvikkeet\/ajotietokoneet-ja-harjoitusvastukset\/ajotietokoneet\/garmin-pyoran-nopeusanturi-ja-poljinanturi\/#primaryimage","url":"https:\/\/vmsport.fi\/wp-content\/uploads\/2025\/03\/R-010-12845-00-HR-1000-1.png","contentUrl":"https:\/\/vmsport.fi\/wp-content\/uploads\/2025\/03\/R-010-12845-00-HR-1000-1.png","width":1000,"height":1000,"caption":"R-010-12845-00-HR-1000"},{"@type":"BreadcrumbList","@id":"https:\/\/vmsport.fi\/verkkokauppa\/tarvikkeet\/ajotietokoneet-ja-harjoitusvastukset\/ajotietokoneet\/garmin-pyoran-nopeusanturi-ja-poljinanturi\/#breadcrumb","itemListElement":[{"@type":"ListItem","position":1,"name":"Etusivu","item":"https:\/\/vmsport.fi\/"},{"@type":"ListItem","position":2,"name":"Online Store","item":"https:\/\/vmsport.fi\/en\/online-store\/"},{"@type":"ListItem","position":3,"name":"Garmin Py\u00f6r\u00e4n nopeusanturi ja poljinanturi"}]},{"@type":"WebSite","@id":"https:\/\/vmsport.fi\/#website","url":"https:\/\/vmsport.fi\/","name":"Vmsport","description":"Allt p\u00e5 ett st\u00e4lle f\u00f6r cykling","publisher":{"@id":"https:\/\/vmsport.fi\/#organization"},"potentialAction":[{"@type":"SearchAction","target":{"@type":"EntryPoint","urlTemplate":"https:\/\/vmsport.fi\/?s={search_term_string}"},"query-input":{"@type":"PropertyValueSpecification","valueRequired":true,"valueName":"search_term_string"}}],"inLanguage":"sv-SE"},{"@type":"Organization","@id":"https:\/\/vmsport.fi\/#organization","name":"Vmsport","url":"https:\/\/vmsport.fi\/","logo":{"@type":"ImageObject","inLanguage":"sv-SE","@id":"https:\/\/vmsport.fi\/#\/schema\/logo\/image\/","url":"https:\/\/vmsport.fi\/wp-content\/uploads\/2024\/12\/vm_sport_RGB_horisontal-e1734526017575.png","contentUrl":"https:\/\/vmsport.fi\/wp-content\/uploads\/2024\/12\/vm_sport_RGB_horisontal-e1734526017575.png","width":668,"height":85,"caption":"Vmsport"},"image":{"@id":"https:\/\/vmsport.fi\/#\/schema\/logo\/image\/"},"sameAs":["https:\/\/www.facebook.com\/Vmsport.fi\/","https:\/\/www.instagram.com\/vmsport\/"]}]}},"global_unique_id":"","_links":{"self":[{"href":"https:\/\/vmsport.fi\/sv\/wp-json\/wp\/v2\/product\/54180","targetHints":{"allow":["GET"]}}],"collection":[{"href":"https:\/\/vmsport.fi\/sv\/wp-json\/wp\/v2\/product"}],"about":[{"href":"https:\/\/vmsport.fi\/sv\/wp-json\/wp\/v2\/types\/product"}],"replies":[{"embeddable":true,"href":"https:\/\/vmsport.fi\/sv\/wp-json\/wp\/v2\/comments?post=54180"}],"wp:featuredmedia":[{"embeddable":true,"href":"https:\/\/vmsport.fi\/sv\/wp-json\/wp\/v2\/media\/54179"}],"wp:attachment":[{"href":"https:\/\/vmsport.fi\/sv\/wp-json\/wp\/v2\/media?parent=54180"}],"wp:term":[{"taxonomy":"product_brand","embeddable":true,"href":"https:\/\/vmsport.fi\/sv\/wp-json\/wp\/v2\/product_brand?post=54180"},{"taxonomy":"product_model","embeddable":true,"href":"https:\/\/vmsport.fi\/sv\/wp-json\/wp\/v2\/product_model?post=54180"},{"taxonomy":"product_cat","embeddable":true,"href":"https:\/\/vmsport.fi\/sv\/wp-json\/wp\/v2\/product_cat?post=54180"},{"taxonomy":"product_tag","embeddable":true,"href":"https:\/\/vmsport.fi\/sv\/wp-json\/wp\/v2\/product_tag?post=54180"},{"taxonomy":"industry_terminology","embeddable":true,"href":"https:\/\/vmsport.fi\/sv\/wp-json\/wp\/v2\/industry-terminology?post=54180"}],"curies":[{"name":"wp","href":"https:\/\/api.w.org\/{rel}","templated":true}]}}