{"id":54178,"date":"2025-03-05T23:50:49","date_gmt":"2025-03-05T21:50:49","guid":{"rendered":"https:\/\/vmsport.fi\/verkkokauppa\/Ei-luokiteltu\/poljin-flat-bmx-dh-pd-gr400-musta\/"},"modified":"2026-04-22T15:09:23","modified_gmt":"2026-04-22T12:09:23","slug":"poljin-flat-bmx-dh-pd-gr400-musta","status":"publish","type":"product","link":"https:\/\/vmsport.fi\/sv\/verkkokauppa\/varaosat\/polkimet\/flat-bmx-ja-dh-polkimet\/poljin-flat-bmx-dh-pd-gr400-musta\/","title":{"rendered":"Pedal Flat - BMX\/DH PD-GR400 Svart"},"content":{"rendered":"<p>Shimano Flat -polkimet BMX- ja alam\u00e4kiajoon, malli PD-GR400, musta, on kehitetty erityisesti lis\u00e4\u00e4m\u00e4\u00e4n suorituskyky\u00e4 ja turvallisuutta vaativissa olosuhteissa. Sen eritt\u00e4in kest\u00e4v\u00e4 rakenne takaa erinomaisen pidon, mik\u00e4 tuo ajomukavuutta ja varmuutta. Tyylik\u00e4s musta v\u00e4ri sopii saumattomasti monenlaisiin py\u00f6riin ja antaa ajopelille ajattoman ilmeen. Luotettavat ja pitk\u00e4ik\u00e4iset komponentit tekev\u00e4t polkimesta ihanteellisen valinnan kokeneille ajajille, jotka arvostavat sek\u00e4 kest\u00e4vyytt\u00e4 ett\u00e4 huippusuorituskyky\u00e4. T\u00e4m\u00e4 poljin on erinomainen valinta kaikille, jotka kaipaavat luotettavuutta ja tehokkuutta ajamiseen.<\/p>","protected":false},"excerpt":{"rendered":"<p>Shimano Flat -polkimet BMX- ja alam\u00e4kiajoon, malli PD-GR400, musta, on kehitetty erityisesti lis\u00e4\u00e4m\u00e4\u00e4n suorituskyky\u00e4 ja turvallisuutta vaativissa olosuhteissa. Sen eritt\u00e4in kest\u00e4v\u00e4 rakenne takaa erinomaisen pidon, mik\u00e4 tuo ajomukavuutta ja varmuutta. Tyylik\u00e4s musta v\u00e4ri sopii saumattomasti monenlaisiin py\u00f6riin ja antaa ajopelille ajattoman ilmeen. Luotettavat ja pitk\u00e4ik\u00e4iset komponentit tekev\u00e4t polkimesta ihanteellisen valinnan kokeneille ajajille, jotka arvostavat sek\u00e4 [&#8230;]<\/p>\n<p><a class=\"btn btn-secondary understrap-read-more-link\" href=\"https:\/\/vmsport.fi\/sv\/verkkokauppa\/varaosat\/polkimet\/flat-bmx-ja-dh-polkimet\/poljin-flat-bmx-dh-pd-gr400-musta\/\">L\u00e4s mer \u2026<span class=\"screen-reader-text\"> from Poljin Flat &#8211; BMX\/DH PD-GR400 Musta<\/span><\/a><\/p>\n","protected":false},"featured_media":54177,"comment_status":"open","ping_status":"closed","template":"","meta":{"_acf_changed":false,"_improvement_type_select":"improve_an_existing","_thumb_yes_seoaic":false,"_frame_yes_seoaic":false,"seoaic_generate_description":"","seoaic_improve_instructions_prompt":"","seoaic_rollback_content_improvement":"","seoaic_idea_thumbnail_generator":"","thumbnail_generated":false,"thumbnail_generate_prompt":"","seoaic_article_description":"","_supplier_stock_quantity":0},"product_brand":[],"product_model":[],"product_cat":[9308],"product_tag":[],"industry-terminology":[],"class_list":{"0":"post-54178","1":"product","2":"type-product","3":"status-publish","4":"has-post-thumbnail","6":"product_cat-flat-bmx-ja-dh-polkimet","8":"first","9":"outofstock","10":"sale","11":"taxable","12":"shipping-taxable","13":"product-type-simple"},"acf":{"bike_features":null,"overview":{"copy_overview":null,"key_features":null,"statement":"","youtube_url":""}},"yoast_head":"<!-- This site is optimized with the Yoast SEO plugin v27.4 - https:\/\/yoast.com\/product\/yoast-seo-wordpress\/ -->\n<title>Poljin Flat - BMX\/DH PD-GR400 Musta - VM Sport<\/title>\n<meta name=\"robots\" content=\"index, follow, max-snippet:-1, max-image-preview:large, max-video-preview:-1\" \/>\n<link rel=\"canonical\" href=\"https:\/\/vmsport.fi\/sv\/webbutik\/reservdelar\/pedaler\/platta-bmx-och-dh-pedaler\/poljin-flat-bmx-dh-pd-gr400-musta\/\" \/>\n<meta property=\"og:locale\" content=\"sv_SE\" \/>\n<meta property=\"og:type\" content=\"article\" \/>\n<meta property=\"og:title\" content=\"Poljin Flat - BMX\/DH PD-GR400 Musta - VM Sport\" \/>\n<meta property=\"og:description\" content=\"Shimano Flat -polkimet BMX- ja alam\u00e4kiajoon, malli PD-GR400, musta, on kehitetty erityisesti lis\u00e4\u00e4m\u00e4\u00e4n suorituskyky\u00e4 ja turvallisuutta vaativissa olosuhteissa. Sen eritt\u00e4in kest\u00e4v\u00e4 rakenne takaa erinomaisen pidon, mik\u00e4 tuo ajomukavuutta ja varmuutta. Tyylik\u00e4s musta v\u00e4ri sopii saumattomasti monenlaisiin py\u00f6riin ja antaa ajopelille ajattoman ilmeen. Luotettavat ja pitk\u00e4ik\u00e4iset komponentit tekev\u00e4t polkimesta ihanteellisen valinnan kokeneille ajajille, jotka arvostavat sek\u00e4 [...]L\u00e4s mer \u2026 from Poljin Flat &#8211; BMX\/DH PD-GR400 Musta\" \/>\n<meta property=\"og:url\" content=\"https:\/\/vmsport.fi\/sv\/webbutik\/reservdelar\/pedaler\/platta-bmx-och-dh-pedaler\/poljin-flat-bmx-dh-pd-gr400-musta\/\" \/>\n<meta property=\"og:site_name\" content=\"VM Sport\" \/>\n<meta property=\"article:publisher\" content=\"https:\/\/www.facebook.com\/Vmsport.fi\/\" \/>\n<meta property=\"article:modified_time\" content=\"2026-04-22T12:09:23+00:00\" \/>\n<meta property=\"og:image\" content=\"https:\/\/vmsport.fi\/wp-content\/uploads\/2025\/03\/oejBT90EeaChLurzhRwqCtzW4Cfro798PlTdeDWjaVp9GyTWZY-1.jpg\" \/>\n\t<meta property=\"og:image:width\" content=\"600\" \/>\n\t<meta property=\"og:image:height\" content=\"600\" \/>\n\t<meta property=\"og:image:type\" content=\"image\/jpeg\" \/>\n<meta name=\"twitter:card\" content=\"summary_large_image\" \/>\n<script type=\"application\/ld+json\" class=\"yoast-schema-graph\">{\"@context\":\"https:\\\/\\\/schema.org\",\"@graph\":[{\"@type\":[\"WebPage\",\"ItemPage\"],\"@id\":\"https:\\\/\\\/vmsport.fi\\\/verkkokauppa\\\/varaosat\\\/polkimet\\\/flat-bmx-ja-dh-polkimet\\\/poljin-flat-bmx-dh-pd-gr400-musta\\\/\",\"url\":\"https:\\\/\\\/vmsport.fi\\\/verkkokauppa\\\/varaosat\\\/polkimet\\\/flat-bmx-ja-dh-polkimet\\\/poljin-flat-bmx-dh-pd-gr400-musta\\\/\",\"name\":\"Poljin Flat - BMX\\\/DH PD-GR400 Musta - VM Sport\",\"isPartOf\":{\"@id\":\"https:\\\/\\\/vmsport.fi\\\/#website\"},\"primaryImageOfPage\":{\"@id\":\"https:\\\/\\\/vmsport.fi\\\/verkkokauppa\\\/varaosat\\\/polkimet\\\/flat-bmx-ja-dh-polkimet\\\/poljin-flat-bmx-dh-pd-gr400-musta\\\/#primaryimage\"},\"image\":{\"@id\":\"https:\\\/\\\/vmsport.fi\\\/verkkokauppa\\\/varaosat\\\/polkimet\\\/flat-bmx-ja-dh-polkimet\\\/poljin-flat-bmx-dh-pd-gr400-musta\\\/#primaryimage\"},\"thumbnailUrl\":\"https:\\\/\\\/vmsport.fi\\\/wp-content\\\/uploads\\\/2025\\\/03\\\/oejBT90EeaChLurzhRwqCtzW4Cfro798PlTdeDWjaVp9GyTWZY-1.jpg\",\"datePublished\":\"2025-03-05T21:50:49+00:00\",\"dateModified\":\"2026-04-22T12:09:23+00:00\",\"breadcrumb\":{\"@id\":\"https:\\\/\\\/vmsport.fi\\\/verkkokauppa\\\/varaosat\\\/polkimet\\\/flat-bmx-ja-dh-polkimet\\\/poljin-flat-bmx-dh-pd-gr400-musta\\\/#breadcrumb\"},\"inLanguage\":\"sv-SE\",\"potentialAction\":[{\"@type\":\"ReadAction\",\"target\":[\"https:\\\/\\\/vmsport.fi\\\/verkkokauppa\\\/varaosat\\\/polkimet\\\/flat-bmx-ja-dh-polkimet\\\/poljin-flat-bmx-dh-pd-gr400-musta\\\/\"]}]},{\"@type\":\"ImageObject\",\"inLanguage\":\"sv-SE\",\"@id\":\"https:\\\/\\\/vmsport.fi\\\/verkkokauppa\\\/varaosat\\\/polkimet\\\/flat-bmx-ja-dh-polkimet\\\/poljin-flat-bmx-dh-pd-gr400-musta\\\/#primaryimage\",\"url\":\"https:\\\/\\\/vmsport.fi\\\/wp-content\\\/uploads\\\/2025\\\/03\\\/oejBT90EeaChLurzhRwqCtzW4Cfro798PlTdeDWjaVp9GyTWZY-1.jpg\",\"contentUrl\":\"https:\\\/\\\/vmsport.fi\\\/wp-content\\\/uploads\\\/2025\\\/03\\\/oejBT90EeaChLurzhRwqCtzW4Cfro798PlTdeDWjaVp9GyTWZY-1.jpg\",\"width\":600,\"height\":600,\"caption\":\"oejBT90EeaChLurzhRwqCtzW4Cfro798PlTdeDWjaVp9GyTWZY\"},{\"@type\":\"BreadcrumbList\",\"@id\":\"https:\\\/\\\/vmsport.fi\\\/verkkokauppa\\\/varaosat\\\/polkimet\\\/flat-bmx-ja-dh-polkimet\\\/poljin-flat-bmx-dh-pd-gr400-musta\\\/#breadcrumb\",\"itemListElement\":[{\"@type\":\"ListItem\",\"position\":1,\"name\":\"Etusivu\",\"item\":\"https:\\\/\\\/vmsport.fi\\\/\"},{\"@type\":\"ListItem\",\"position\":2,\"name\":\"Online Store\",\"item\":\"https:\\\/\\\/vmsport.fi\\\/en\\\/online-store\\\/\"},{\"@type\":\"ListItem\",\"position\":3,\"name\":\"Poljin Flat &#8211; BMX\\\/DH PD-GR400 Musta\"}]},{\"@type\":\"WebSite\",\"@id\":\"https:\\\/\\\/vmsport.fi\\\/#website\",\"url\":\"https:\\\/\\\/vmsport.fi\\\/\",\"name\":\"Vmsport\",\"description\":\"Kaikki py\u00f6r\u00e4ilyyn yhdest\u00e4 paikasta\",\"publisher\":{\"@id\":\"https:\\\/\\\/vmsport.fi\\\/#organization\"},\"potentialAction\":[{\"@type\":\"SearchAction\",\"target\":{\"@type\":\"EntryPoint\",\"urlTemplate\":\"https:\\\/\\\/vmsport.fi\\\/?s={search_term_string}\"},\"query-input\":{\"@type\":\"PropertyValueSpecification\",\"valueRequired\":true,\"valueName\":\"search_term_string\"}}],\"inLanguage\":\"sv-SE\"},{\"@type\":\"Organization\",\"@id\":\"https:\\\/\\\/vmsport.fi\\\/#organization\",\"name\":\"Vmsport\",\"url\":\"https:\\\/\\\/vmsport.fi\\\/\",\"logo\":{\"@type\":\"ImageObject\",\"inLanguage\":\"sv-SE\",\"@id\":\"https:\\\/\\\/vmsport.fi\\\/#\\\/schema\\\/logo\\\/image\\\/\",\"url\":\"https:\\\/\\\/vmsport.fi\\\/wp-content\\\/uploads\\\/2024\\\/12\\\/vm_sport_RGB_horisontal-e1734526017575.png\",\"contentUrl\":\"https:\\\/\\\/vmsport.fi\\\/wp-content\\\/uploads\\\/2024\\\/12\\\/vm_sport_RGB_horisontal-e1734526017575.png\",\"width\":668,\"height\":85,\"caption\":\"Vmsport\"},\"image\":{\"@id\":\"https:\\\/\\\/vmsport.fi\\\/#\\\/schema\\\/logo\\\/image\\\/\"},\"sameAs\":[\"https:\\\/\\\/www.facebook.com\\\/Vmsport.fi\\\/\",\"https:\\\/\\\/www.instagram.com\\\/vmsport\\\/\"]}]}<\/script>\n<!-- \/ Yoast SEO plugin. -->","yoast_head_json":{"title":"Poljin Flat - BMX\/DH PD-GR400 Musta - VM Sport","robots":{"index":"index","follow":"follow","max-snippet":"max-snippet:-1","max-image-preview":"max-image-preview:large","max-video-preview":"max-video-preview:-1"},"canonical":"https:\/\/vmsport.fi\/sv\/webbutik\/reservdelar\/pedaler\/platta-bmx-och-dh-pedaler\/poljin-flat-bmx-dh-pd-gr400-musta\/","og_locale":"sv_SE","og_type":"article","og_title":"Poljin Flat - BMX\/DH PD-GR400 Musta - VM Sport","og_description":"Shimano Flat -polkimet BMX- ja alam\u00e4kiajoon, malli PD-GR400, musta, on kehitetty erityisesti lis\u00e4\u00e4m\u00e4\u00e4n suorituskyky\u00e4 ja turvallisuutta vaativissa olosuhteissa. Sen eritt\u00e4in kest\u00e4v\u00e4 rakenne takaa erinomaisen pidon, mik\u00e4 tuo ajomukavuutta ja varmuutta. Tyylik\u00e4s musta v\u00e4ri sopii saumattomasti monenlaisiin py\u00f6riin ja antaa ajopelille ajattoman ilmeen. Luotettavat ja pitk\u00e4ik\u00e4iset komponentit tekev\u00e4t polkimesta ihanteellisen valinnan kokeneille ajajille, jotka arvostavat sek\u00e4 [...]L\u00e4s mer \u2026 from Poljin Flat &#8211; BMX\/DH PD-GR400 Musta","og_url":"https:\/\/vmsport.fi\/sv\/webbutik\/reservdelar\/pedaler\/platta-bmx-och-dh-pedaler\/poljin-flat-bmx-dh-pd-gr400-musta\/","og_site_name":"VM Sport","article_publisher":"https:\/\/www.facebook.com\/Vmsport.fi\/","article_modified_time":"2026-04-22T12:09:23+00:00","og_image":[{"width":600,"height":600,"url":"https:\/\/vmsport.fi\/wp-content\/uploads\/2025\/03\/oejBT90EeaChLurzhRwqCtzW4Cfro798PlTdeDWjaVp9GyTWZY-1.jpg","type":"image\/jpeg"}],"twitter_card":"summary_large_image","schema":{"@context":"https:\/\/schema.org","@graph":[{"@type":["WebPage","ItemPage"],"@id":"https:\/\/vmsport.fi\/verkkokauppa\/varaosat\/polkimet\/flat-bmx-ja-dh-polkimet\/poljin-flat-bmx-dh-pd-gr400-musta\/","url":"https:\/\/vmsport.fi\/verkkokauppa\/varaosat\/polkimet\/flat-bmx-ja-dh-polkimet\/poljin-flat-bmx-dh-pd-gr400-musta\/","name":"Poljin Flat - BMX\/DH PD-GR400 Musta - VM Sport","isPartOf":{"@id":"https:\/\/vmsport.fi\/#website"},"primaryImageOfPage":{"@id":"https:\/\/vmsport.fi\/verkkokauppa\/varaosat\/polkimet\/flat-bmx-ja-dh-polkimet\/poljin-flat-bmx-dh-pd-gr400-musta\/#primaryimage"},"image":{"@id":"https:\/\/vmsport.fi\/verkkokauppa\/varaosat\/polkimet\/flat-bmx-ja-dh-polkimet\/poljin-flat-bmx-dh-pd-gr400-musta\/#primaryimage"},"thumbnailUrl":"https:\/\/vmsport.fi\/wp-content\/uploads\/2025\/03\/oejBT90EeaChLurzhRwqCtzW4Cfro798PlTdeDWjaVp9GyTWZY-1.jpg","datePublished":"2025-03-05T21:50:49+00:00","dateModified":"2026-04-22T12:09:23+00:00","breadcrumb":{"@id":"https:\/\/vmsport.fi\/verkkokauppa\/varaosat\/polkimet\/flat-bmx-ja-dh-polkimet\/poljin-flat-bmx-dh-pd-gr400-musta\/#breadcrumb"},"inLanguage":"sv-SE","potentialAction":[{"@type":"ReadAction","target":["https:\/\/vmsport.fi\/verkkokauppa\/varaosat\/polkimet\/flat-bmx-ja-dh-polkimet\/poljin-flat-bmx-dh-pd-gr400-musta\/"]}]},{"@type":"ImageObject","inLanguage":"sv-SE","@id":"https:\/\/vmsport.fi\/verkkokauppa\/varaosat\/polkimet\/flat-bmx-ja-dh-polkimet\/poljin-flat-bmx-dh-pd-gr400-musta\/#primaryimage","url":"https:\/\/vmsport.fi\/wp-content\/uploads\/2025\/03\/oejBT90EeaChLurzhRwqCtzW4Cfro798PlTdeDWjaVp9GyTWZY-1.jpg","contentUrl":"https:\/\/vmsport.fi\/wp-content\/uploads\/2025\/03\/oejBT90EeaChLurzhRwqCtzW4Cfro798PlTdeDWjaVp9GyTWZY-1.jpg","width":600,"height":600,"caption":"oejBT90EeaChLurzhRwqCtzW4Cfro798PlTdeDWjaVp9GyTWZY"},{"@type":"BreadcrumbList","@id":"https:\/\/vmsport.fi\/verkkokauppa\/varaosat\/polkimet\/flat-bmx-ja-dh-polkimet\/poljin-flat-bmx-dh-pd-gr400-musta\/#breadcrumb","itemListElement":[{"@type":"ListItem","position":1,"name":"Etusivu","item":"https:\/\/vmsport.fi\/"},{"@type":"ListItem","position":2,"name":"Online Store","item":"https:\/\/vmsport.fi\/en\/online-store\/"},{"@type":"ListItem","position":3,"name":"Poljin Flat &#8211; BMX\/DH PD-GR400 Musta"}]},{"@type":"WebSite","@id":"https:\/\/vmsport.fi\/#website","url":"https:\/\/vmsport.fi\/","name":"Vmsport","description":"Allt p\u00e5 ett st\u00e4lle f\u00f6r cykling","publisher":{"@id":"https:\/\/vmsport.fi\/#organization"},"potentialAction":[{"@type":"SearchAction","target":{"@type":"EntryPoint","urlTemplate":"https:\/\/vmsport.fi\/?s={search_term_string}"},"query-input":{"@type":"PropertyValueSpecification","valueRequired":true,"valueName":"search_term_string"}}],"inLanguage":"sv-SE"},{"@type":"Organization","@id":"https:\/\/vmsport.fi\/#organization","name":"Vmsport","url":"https:\/\/vmsport.fi\/","logo":{"@type":"ImageObject","inLanguage":"sv-SE","@id":"https:\/\/vmsport.fi\/#\/schema\/logo\/image\/","url":"https:\/\/vmsport.fi\/wp-content\/uploads\/2024\/12\/vm_sport_RGB_horisontal-e1734526017575.png","contentUrl":"https:\/\/vmsport.fi\/wp-content\/uploads\/2024\/12\/vm_sport_RGB_horisontal-e1734526017575.png","width":668,"height":85,"caption":"Vmsport"},"image":{"@id":"https:\/\/vmsport.fi\/#\/schema\/logo\/image\/"},"sameAs":["https:\/\/www.facebook.com\/Vmsport.fi\/","https:\/\/www.instagram.com\/vmsport\/"]}]}},"global_unique_id":"","_links":{"self":[{"href":"https:\/\/vmsport.fi\/sv\/wp-json\/wp\/v2\/product\/54178","targetHints":{"allow":["GET"]}}],"collection":[{"href":"https:\/\/vmsport.fi\/sv\/wp-json\/wp\/v2\/product"}],"about":[{"href":"https:\/\/vmsport.fi\/sv\/wp-json\/wp\/v2\/types\/product"}],"replies":[{"embeddable":true,"href":"https:\/\/vmsport.fi\/sv\/wp-json\/wp\/v2\/comments?post=54178"}],"wp:featuredmedia":[{"embeddable":true,"href":"https:\/\/vmsport.fi\/sv\/wp-json\/wp\/v2\/media\/54177"}],"wp:attachment":[{"href":"https:\/\/vmsport.fi\/sv\/wp-json\/wp\/v2\/media?parent=54178"}],"wp:term":[{"taxonomy":"product_brand","embeddable":true,"href":"https:\/\/vmsport.fi\/sv\/wp-json\/wp\/v2\/product_brand?post=54178"},{"taxonomy":"product_model","embeddable":true,"href":"https:\/\/vmsport.fi\/sv\/wp-json\/wp\/v2\/product_model?post=54178"},{"taxonomy":"product_cat","embeddable":true,"href":"https:\/\/vmsport.fi\/sv\/wp-json\/wp\/v2\/product_cat?post=54178"},{"taxonomy":"product_tag","embeddable":true,"href":"https:\/\/vmsport.fi\/sv\/wp-json\/wp\/v2\/product_tag?post=54178"},{"taxonomy":"industry_terminology","embeddable":true,"href":"https:\/\/vmsport.fi\/sv\/wp-json\/wp\/v2\/industry-terminology?post=54178"}],"curies":[{"name":"wp","href":"https:\/\/api.w.org\/{rel}","templated":true}]}}