{"id":54172,"date":"2025-03-05T23:50:46","date_gmt":"2025-03-05T21:50:46","guid":{"rendered":"https:\/\/vmsport.fi\/verkkokauppa\/Ei-luokiteltu\/vaihdevipu-nexus-7-musta-slc30007-cj-nx40-scandic-sp41\/"},"modified":"2026-03-27T10:40:37","modified_gmt":"2026-03-27T08:40:37","slug":"vaxelspak-nexus-7-svart-slc30007-cj-nx40-scandic-sp41","status":"publish","type":"product","link":"https:\/\/vmsport.fi\/sv\/verkkokauppa\/varaosat\/vaihteistot\/vaihdevivut\/vaihdevipu-nexus-7-musta-slc30007-cj-nx40-scandic-sp41\/","title":{"rendered":"V\u00e4xelspak Nexus 7 svart SLC30007 CJ-NX40 Scandic SP41"},"content":{"rendered":"<p>Nexus 7 Black Gear Shift SLC30007 CJ-NX40 \u00e4r en v\u00e4xelv\u00e4ljare f\u00f6r din cykel som ger en smidig och p\u00e5litlig anv\u00e4ndarupplevelse. Den \u00e4r tillverkad av h\u00e5llbara material och \u00e4r utformad f\u00f6r att vara enkel att anv\u00e4nda. Shimano Nexus 7-v\u00e4xlade system m\u00f6jligg\u00f6r enkel kontroll av olika terr\u00e4ng och belastningar. Den ergonomiska designen g\u00f6r det naturligt att v\u00e4xla och passar b\u00e5de f\u00f6r daglig cykling och l\u00e4ngre turer.<\/p>","protected":false},"excerpt":{"rendered":"<p>Nexus 7 musta vaihdevipu SLC30007 CJ-NX40 on py\u00f6r\u00e4n vaihteenvalitsin, joka tarjoaa sujuvan ja luotettavan k\u00e4ytt\u00f6kokemuksen. Kest\u00e4v\u00e4st\u00e4 materiaalista valmistettuna se on suunniteltu helppok\u00e4ytt\u00f6isyytt\u00e4 ajatellen. Shimano Nexus 7-vaihteinen j\u00e4rjestelm\u00e4 mahdollistaa erilaisten maastojen ja kuormien vaivattoman hallinnan. Ergonominen muotoilu tekee vaihteiden vaihtamisesta luontevaa, sopien niin p\u00e4ivitt\u00e4iseen ajoon kuin pidemmille retkille. [&#8230;]<\/p>\n<p><a class=\"btn btn-secondary understrap-read-more-link\" href=\"https:\/\/vmsport.fi\/sv\/verkkokauppa\/varaosat\/vaihteistot\/vaihdevivut\/vaihdevipu-nexus-7-musta-slc30007-cj-nx40-scandic-sp41\/\">L\u00e4s mer \u2026<span class=\"screen-reader-text\"> from Vaihdevipu Nexus 7 musta SLC30007 CJ-NX40 Scandic SP41<\/span><\/a><\/p>\n","protected":false},"featured_media":54171,"comment_status":"open","ping_status":"closed","template":"","meta":{"_acf_changed":false,"_improvement_type_select":"improve_an_existing","_thumb_yes_seoaic":false,"_frame_yes_seoaic":false,"seoaic_generate_description":"","seoaic_improve_instructions_prompt":"","seoaic_rollback_content_improvement":"","seoaic_idea_thumbnail_generator":"","thumbnail_generated":false,"thumbnail_generate_prompt":"","seoaic_article_description":"","_supplier_stock_quantity":0},"product_brand":[],"product_model":[],"product_cat":[9388],"product_tag":[],"industry-terminology":[],"class_list":{"0":"post-54172","1":"product","2":"type-product","3":"status-publish","4":"has-post-thumbnail","6":"product_cat-vaihdevivut","8":"first","9":"instock","10":"taxable","11":"shipping-taxable","12":"purchasable","13":"product-type-simple"},"acf":{"bike_features":null,"overview":{"copy_overview":null,"key_features":null,"statement":"","youtube_url":""}},"yoast_head":"<!-- This site is optimized with the Yoast SEO plugin v27.3 - https:\/\/yoast.com\/product\/yoast-seo-wordpress\/ -->\n<title>Vaihdevipu Nexus 7 musta SLC30007 CJ-NX40 Scandic SP41 - VM Sport<\/title>\n<meta name=\"robots\" content=\"index, follow, max-snippet:-1, max-image-preview:large, max-video-preview:-1\" \/>\n<link rel=\"canonical\" href=\"https:\/\/vmsport.fi\/sv\/webbutik\/reservdelar\/vaxellador\/sidor-om-vaxellador\/vaxelspak-nexus-7-svart-slc30007-cj-nx40-scandic-sp41\/\" \/>\n<meta property=\"og:locale\" content=\"sv_SE\" \/>\n<meta property=\"og:type\" content=\"article\" \/>\n<meta property=\"og:title\" content=\"Vaihdevipu Nexus 7 musta SLC30007 CJ-NX40 Scandic SP41 - VM Sport\" \/>\n<meta property=\"og:description\" content=\"Nexus 7 musta vaihdevipu SLC30007 CJ-NX40 on py\u00f6r\u00e4n vaihteenvalitsin, joka tarjoaa sujuvan ja luotettavan k\u00e4ytt\u00f6kokemuksen. Kest\u00e4v\u00e4st\u00e4 materiaalista valmistettuna se on suunniteltu helppok\u00e4ytt\u00f6isyytt\u00e4 ajatellen. Shimano Nexus 7-vaihteinen j\u00e4rjestelm\u00e4 mahdollistaa erilaisten maastojen ja kuormien vaivattoman hallinnan. Ergonominen muotoilu tekee vaihteiden vaihtamisesta luontevaa, sopien niin p\u00e4ivitt\u00e4iseen ajoon kuin pidemmille retkille. [...]L\u00e4s mer \u2026 from Vaihdevipu Nexus 7 musta SLC30007 CJ-NX40 Scandic SP41\" \/>\n<meta property=\"og:url\" content=\"https:\/\/vmsport.fi\/sv\/webbutik\/reservdelar\/vaxellador\/sidor-om-vaxellador\/vaxelspak-nexus-7-svart-slc30007-cj-nx40-scandic-sp41\/\" \/>\n<meta property=\"og:site_name\" content=\"VM Sport\" \/>\n<meta property=\"article:publisher\" content=\"https:\/\/www.facebook.com\/Vmsport.fi\/\" \/>\n<meta property=\"article:modified_time\" content=\"2026-03-27T08:40:37+00:00\" \/>\n<meta property=\"og:image\" content=\"https:\/\/vmsport.fi\/wp-content\/uploads\/2025\/03\/20190404-ESLC30007DXL210LA3R-1.jpg\" \/>\n\t<meta property=\"og:image:width\" content=\"600\" \/>\n\t<meta property=\"og:image:height\" content=\"600\" \/>\n\t<meta property=\"og:image:type\" content=\"image\/jpeg\" \/>\n<meta name=\"twitter:card\" content=\"summary_large_image\" \/>\n<script type=\"application\/ld+json\" class=\"yoast-schema-graph\">{\"@context\":\"https:\\\/\\\/schema.org\",\"@graph\":[{\"@type\":[\"WebPage\",\"ItemPage\"],\"@id\":\"https:\\\/\\\/vmsport.fi\\\/verkkokauppa\\\/varaosat\\\/vaihteistot\\\/vaihdevivut\\\/vaihdevipu-nexus-7-musta-slc30007-cj-nx40-scandic-sp41\\\/\",\"url\":\"https:\\\/\\\/vmsport.fi\\\/verkkokauppa\\\/varaosat\\\/vaihteistot\\\/vaihdevivut\\\/vaihdevipu-nexus-7-musta-slc30007-cj-nx40-scandic-sp41\\\/\",\"name\":\"Vaihdevipu Nexus 7 musta SLC30007 CJ-NX40 Scandic SP41 - VM Sport\",\"isPartOf\":{\"@id\":\"https:\\\/\\\/vmsport.fi\\\/#website\"},\"primaryImageOfPage\":{\"@id\":\"https:\\\/\\\/vmsport.fi\\\/verkkokauppa\\\/varaosat\\\/vaihteistot\\\/vaihdevivut\\\/vaihdevipu-nexus-7-musta-slc30007-cj-nx40-scandic-sp41\\\/#primaryimage\"},\"image\":{\"@id\":\"https:\\\/\\\/vmsport.fi\\\/verkkokauppa\\\/varaosat\\\/vaihteistot\\\/vaihdevivut\\\/vaihdevipu-nexus-7-musta-slc30007-cj-nx40-scandic-sp41\\\/#primaryimage\"},\"thumbnailUrl\":\"https:\\\/\\\/vmsport.fi\\\/wp-content\\\/uploads\\\/2025\\\/03\\\/20190404-ESLC30007DXL210LA3R-1.jpg\",\"datePublished\":\"2025-03-05T21:50:46+00:00\",\"dateModified\":\"2026-03-27T08:40:37+00:00\",\"breadcrumb\":{\"@id\":\"https:\\\/\\\/vmsport.fi\\\/verkkokauppa\\\/varaosat\\\/vaihteistot\\\/vaihdevivut\\\/vaihdevipu-nexus-7-musta-slc30007-cj-nx40-scandic-sp41\\\/#breadcrumb\"},\"inLanguage\":\"sv-SE\",\"potentialAction\":[{\"@type\":\"ReadAction\",\"target\":[\"https:\\\/\\\/vmsport.fi\\\/verkkokauppa\\\/varaosat\\\/vaihteistot\\\/vaihdevivut\\\/vaihdevipu-nexus-7-musta-slc30007-cj-nx40-scandic-sp41\\\/\"]}]},{\"@type\":\"ImageObject\",\"inLanguage\":\"sv-SE\",\"@id\":\"https:\\\/\\\/vmsport.fi\\\/verkkokauppa\\\/varaosat\\\/vaihteistot\\\/vaihdevivut\\\/vaihdevipu-nexus-7-musta-slc30007-cj-nx40-scandic-sp41\\\/#primaryimage\",\"url\":\"https:\\\/\\\/vmsport.fi\\\/wp-content\\\/uploads\\\/2025\\\/03\\\/20190404-ESLC30007DXL210LA3R-1.jpg\",\"contentUrl\":\"https:\\\/\\\/vmsport.fi\\\/wp-content\\\/uploads\\\/2025\\\/03\\\/20190404-ESLC30007DXL210LA3R-1.jpg\",\"width\":600,\"height\":600,\"caption\":\"20190404-ESLC30007DXL210LA3R\"},{\"@type\":\"BreadcrumbList\",\"@id\":\"https:\\\/\\\/vmsport.fi\\\/verkkokauppa\\\/varaosat\\\/vaihteistot\\\/vaihdevivut\\\/vaihdevipu-nexus-7-musta-slc30007-cj-nx40-scandic-sp41\\\/#breadcrumb\",\"itemListElement\":[{\"@type\":\"ListItem\",\"position\":1,\"name\":\"Etusivu\",\"item\":\"https:\\\/\\\/vmsport.fi\\\/\"},{\"@type\":\"ListItem\",\"position\":2,\"name\":\"Online Store\",\"item\":\"https:\\\/\\\/vmsport.fi\\\/en\\\/online-store\\\/\"},{\"@type\":\"ListItem\",\"position\":3,\"name\":\"Vaihdevipu Nexus 7 musta SLC30007 CJ-NX40 Scandic SP41\"}]},{\"@type\":\"WebSite\",\"@id\":\"https:\\\/\\\/vmsport.fi\\\/#website\",\"url\":\"https:\\\/\\\/vmsport.fi\\\/\",\"name\":\"Vmsport\",\"description\":\"Kaikki py\u00f6r\u00e4ilyyn yhdest\u00e4 paikasta\",\"publisher\":{\"@id\":\"https:\\\/\\\/vmsport.fi\\\/#organization\"},\"potentialAction\":[{\"@type\":\"SearchAction\",\"target\":{\"@type\":\"EntryPoint\",\"urlTemplate\":\"https:\\\/\\\/vmsport.fi\\\/?s={search_term_string}\"},\"query-input\":{\"@type\":\"PropertyValueSpecification\",\"valueRequired\":true,\"valueName\":\"search_term_string\"}}],\"inLanguage\":\"sv-SE\"},{\"@type\":\"Organization\",\"@id\":\"https:\\\/\\\/vmsport.fi\\\/#organization\",\"name\":\"Vmsport\",\"url\":\"https:\\\/\\\/vmsport.fi\\\/\",\"logo\":{\"@type\":\"ImageObject\",\"inLanguage\":\"sv-SE\",\"@id\":\"https:\\\/\\\/vmsport.fi\\\/#\\\/schema\\\/logo\\\/image\\\/\",\"url\":\"https:\\\/\\\/vmsport.fi\\\/wp-content\\\/uploads\\\/2024\\\/12\\\/vm_sport_RGB_horisontal-e1734526017575.png\",\"contentUrl\":\"https:\\\/\\\/vmsport.fi\\\/wp-content\\\/uploads\\\/2024\\\/12\\\/vm_sport_RGB_horisontal-e1734526017575.png\",\"width\":668,\"height\":85,\"caption\":\"Vmsport\"},\"image\":{\"@id\":\"https:\\\/\\\/vmsport.fi\\\/#\\\/schema\\\/logo\\\/image\\\/\"},\"sameAs\":[\"https:\\\/\\\/www.facebook.com\\\/Vmsport.fi\\\/\",\"https:\\\/\\\/www.instagram.com\\\/vmsport\\\/\"]}]}<\/script>\n<!-- \/ Yoast SEO plugin. -->","yoast_head_json":{"title":"V\u00e4xelspak Nexus 7 svart SLC30007 CJ-NX40 Scandic SP41 - VM Sport","robots":{"index":"index","follow":"follow","max-snippet":"max-snippet:-1","max-image-preview":"max-image-preview:large","max-video-preview":"max-video-preview:-1"},"canonical":"https:\/\/vmsport.fi\/sv\/webbutik\/reservdelar\/vaxellador\/sidor-om-vaxellador\/vaxelspak-nexus-7-svart-slc30007-cj-nx40-scandic-sp41\/","og_locale":"sv_SE","og_type":"article","og_title":"Vaihdevipu Nexus 7 musta SLC30007 CJ-NX40 Scandic SP41 - VM Sport","og_description":"Nexus 7 musta vaihdevipu SLC30007 CJ-NX40 on py\u00f6r\u00e4n vaihteenvalitsin, joka tarjoaa sujuvan ja luotettavan k\u00e4ytt\u00f6kokemuksen. Kest\u00e4v\u00e4st\u00e4 materiaalista valmistettuna se on suunniteltu helppok\u00e4ytt\u00f6isyytt\u00e4 ajatellen. Shimano Nexus 7-vaihteinen j\u00e4rjestelm\u00e4 mahdollistaa erilaisten maastojen ja kuormien vaivattoman hallinnan. Ergonominen muotoilu tekee vaihteiden vaihtamisesta luontevaa, sopien niin p\u00e4ivitt\u00e4iseen ajoon kuin pidemmille retkille. [...]L\u00e4s mer \u2026 from Vaihdevipu Nexus 7 musta SLC30007 CJ-NX40 Scandic SP41","og_url":"https:\/\/vmsport.fi\/sv\/webbutik\/reservdelar\/vaxellador\/sidor-om-vaxellador\/vaxelspak-nexus-7-svart-slc30007-cj-nx40-scandic-sp41\/","og_site_name":"VM Sport","article_publisher":"https:\/\/www.facebook.com\/Vmsport.fi\/","article_modified_time":"2026-03-27T08:40:37+00:00","og_image":[{"width":600,"height":600,"url":"https:\/\/vmsport.fi\/wp-content\/uploads\/2025\/03\/20190404-ESLC30007DXL210LA3R-1.jpg","type":"image\/jpeg"}],"twitter_card":"summary_large_image","schema":{"@context":"https:\/\/schema.org","@graph":[{"@type":["WebPage","ItemPage"],"@id":"https:\/\/vmsport.fi\/verkkokauppa\/varaosat\/vaihteistot\/vaihdevivut\/vaihdevipu-nexus-7-musta-slc30007-cj-nx40-scandic-sp41\/","url":"https:\/\/vmsport.fi\/verkkokauppa\/varaosat\/vaihteistot\/vaihdevivut\/vaihdevipu-nexus-7-musta-slc30007-cj-nx40-scandic-sp41\/","name":"V\u00e4xelspak Nexus 7 svart SLC30007 CJ-NX40 Scandic SP41 - VM Sport","isPartOf":{"@id":"https:\/\/vmsport.fi\/#website"},"primaryImageOfPage":{"@id":"https:\/\/vmsport.fi\/verkkokauppa\/varaosat\/vaihteistot\/vaihdevivut\/vaihdevipu-nexus-7-musta-slc30007-cj-nx40-scandic-sp41\/#primaryimage"},"image":{"@id":"https:\/\/vmsport.fi\/verkkokauppa\/varaosat\/vaihteistot\/vaihdevivut\/vaihdevipu-nexus-7-musta-slc30007-cj-nx40-scandic-sp41\/#primaryimage"},"thumbnailUrl":"https:\/\/vmsport.fi\/wp-content\/uploads\/2025\/03\/20190404-ESLC30007DXL210LA3R-1.jpg","datePublished":"2025-03-05T21:50:46+00:00","dateModified":"2026-03-27T08:40:37+00:00","breadcrumb":{"@id":"https:\/\/vmsport.fi\/verkkokauppa\/varaosat\/vaihteistot\/vaihdevivut\/vaihdevipu-nexus-7-musta-slc30007-cj-nx40-scandic-sp41\/#breadcrumb"},"inLanguage":"sv-SE","potentialAction":[{"@type":"ReadAction","target":["https:\/\/vmsport.fi\/verkkokauppa\/varaosat\/vaihteistot\/vaihdevivut\/vaihdevipu-nexus-7-musta-slc30007-cj-nx40-scandic-sp41\/"]}]},{"@type":"ImageObject","inLanguage":"sv-SE","@id":"https:\/\/vmsport.fi\/verkkokauppa\/varaosat\/vaihteistot\/vaihdevivut\/vaihdevipu-nexus-7-musta-slc30007-cj-nx40-scandic-sp41\/#primaryimage","url":"https:\/\/vmsport.fi\/wp-content\/uploads\/2025\/03\/20190404-ESLC30007DXL210LA3R-1.jpg","contentUrl":"https:\/\/vmsport.fi\/wp-content\/uploads\/2025\/03\/20190404-ESLC30007DXL210LA3R-1.jpg","width":600,"height":600,"caption":"20190404-ESLC30007DXL210LA3R"},{"@type":"BreadcrumbList","@id":"https:\/\/vmsport.fi\/verkkokauppa\/varaosat\/vaihteistot\/vaihdevivut\/vaihdevipu-nexus-7-musta-slc30007-cj-nx40-scandic-sp41\/#breadcrumb","itemListElement":[{"@type":"ListItem","position":1,"name":"Etusivu","item":"https:\/\/vmsport.fi\/"},{"@type":"ListItem","position":2,"name":"Online Store","item":"https:\/\/vmsport.fi\/en\/online-store\/"},{"@type":"ListItem","position":3,"name":"Vaihdevipu Nexus 7 musta SLC30007 CJ-NX40 Scandic SP41"}]},{"@type":"WebSite","@id":"https:\/\/vmsport.fi\/#website","url":"https:\/\/vmsport.fi\/","name":"Vmsport","description":"Allt p\u00e5 ett st\u00e4lle f\u00f6r cykling","publisher":{"@id":"https:\/\/vmsport.fi\/#organization"},"potentialAction":[{"@type":"SearchAction","target":{"@type":"EntryPoint","urlTemplate":"https:\/\/vmsport.fi\/?s={search_term_string}"},"query-input":{"@type":"PropertyValueSpecification","valueRequired":true,"valueName":"search_term_string"}}],"inLanguage":"sv-SE"},{"@type":"Organization","@id":"https:\/\/vmsport.fi\/#organization","name":"Vmsport","url":"https:\/\/vmsport.fi\/","logo":{"@type":"ImageObject","inLanguage":"sv-SE","@id":"https:\/\/vmsport.fi\/#\/schema\/logo\/image\/","url":"https:\/\/vmsport.fi\/wp-content\/uploads\/2024\/12\/vm_sport_RGB_horisontal-e1734526017575.png","contentUrl":"https:\/\/vmsport.fi\/wp-content\/uploads\/2024\/12\/vm_sport_RGB_horisontal-e1734526017575.png","width":668,"height":85,"caption":"Vmsport"},"image":{"@id":"https:\/\/vmsport.fi\/#\/schema\/logo\/image\/"},"sameAs":["https:\/\/www.facebook.com\/Vmsport.fi\/","https:\/\/www.instagram.com\/vmsport\/"]}]}},"global_unique_id":"","_links":{"self":[{"href":"https:\/\/vmsport.fi\/sv\/wp-json\/wp\/v2\/product\/54172","targetHints":{"allow":["GET"]}}],"collection":[{"href":"https:\/\/vmsport.fi\/sv\/wp-json\/wp\/v2\/product"}],"about":[{"href":"https:\/\/vmsport.fi\/sv\/wp-json\/wp\/v2\/types\/product"}],"replies":[{"embeddable":true,"href":"https:\/\/vmsport.fi\/sv\/wp-json\/wp\/v2\/comments?post=54172"}],"wp:featuredmedia":[{"embeddable":true,"href":"https:\/\/vmsport.fi\/sv\/wp-json\/wp\/v2\/media\/54171"}],"wp:attachment":[{"href":"https:\/\/vmsport.fi\/sv\/wp-json\/wp\/v2\/media?parent=54172"}],"wp:term":[{"taxonomy":"product_brand","embeddable":true,"href":"https:\/\/vmsport.fi\/sv\/wp-json\/wp\/v2\/product_brand?post=54172"},{"taxonomy":"product_model","embeddable":true,"href":"https:\/\/vmsport.fi\/sv\/wp-json\/wp\/v2\/product_model?post=54172"},{"taxonomy":"product_cat","embeddable":true,"href":"https:\/\/vmsport.fi\/sv\/wp-json\/wp\/v2\/product_cat?post=54172"},{"taxonomy":"product_tag","embeddable":true,"href":"https:\/\/vmsport.fi\/sv\/wp-json\/wp\/v2\/product_tag?post=54172"},{"taxonomy":"industry_terminology","embeddable":true,"href":"https:\/\/vmsport.fi\/sv\/wp-json\/wp\/v2\/industry-terminology?post=54172"}],"curies":[{"name":"wp","href":"https:\/\/api.w.org\/{rel}","templated":true}]}}