{"id":54170,"date":"2025-03-05T23:50:45","date_gmt":"2025-03-05T21:50:45","guid":{"rendered":"https:\/\/vmsport.fi\/verkkokauppa\/Ei-luokiteltu\/electra-miami-lifestyle-helmet\/"},"modified":"2026-01-16T13:34:08","modified_gmt":"2026-01-16T11:34:08","slug":"electra-miami-lifestyle-hjalm","status":"publish","type":"product","link":"https:\/\/vmsport.fi\/sv\/verkkokauppa\/ajovarusteet\/kyparat\/kaupunkikyparat\/electra-miami-lifestyle-helmet\/","title":{"rendered":"Electra Miami Lifestyle Hj\u00e4lm"},"content":{"rendered":"<p>Electra Miami Lifestyle-hj\u00e4lmen kombinerar livfulla f\u00e4rger och l\u00e4ttviktskonstruktion f\u00f6r att ge dig b\u00e5de stil och s\u00e4kerhet. Justerbara remmar ger en bekv\u00e4m och personlig passform, vilket g\u00f6r den idealisk f\u00f6r daglig anv\u00e4ndning. Denna skyddshj\u00e4lm \u00e4r utformad f\u00f6r personer som v\u00e4rdes\u00e4tter b\u00e5de stil och s\u00e4kerhet p\u00e5 v\u00e4gen.<\/p>","protected":false},"excerpt":{"rendered":"<p>Electra Miami Lifestyle -kyp\u00e4r\u00e4 yhdist\u00e4\u00e4 el\u00e4v\u00e4n v\u00e4rin ja kevyen rakenteen tarjoten sinulle sek\u00e4 tyylikkyytt\u00e4 ett\u00e4 turvallisuutta. S\u00e4\u00e4dett\u00e4v\u00e4t remmit takaavat mukavan ja yksil\u00f6llisen istuvuuden, joten se on ihanteellinen p\u00e4ivitt\u00e4iseen k\u00e4ytt\u00f6\u00f6n. T\u00e4m\u00e4 suojaava kyp\u00e4r\u00e4 on suunniteltu henkil\u00f6ille, jotka arvostavat sek\u00e4 tyylikkyytt\u00e4 ett\u00e4 turvallisuutta liikenteess\u00e4. [&#8230;]<\/p>\n<p><a class=\"btn btn-secondary understrap-read-more-link\" href=\"https:\/\/vmsport.fi\/sv\/verkkokauppa\/ajovarusteet\/kyparat\/kaupunkikyparat\/electra-miami-lifestyle-helmet\/\">L\u00e4s mer \u2026<span class=\"screen-reader-text\"> from Electra Miami Lifestyle Helmet<\/span><\/a><\/p>\n","protected":false},"featured_media":54169,"comment_status":"open","ping_status":"closed","template":"","meta":{"_acf_changed":false,"_improvement_type_select":"improve_an_existing","_thumb_yes_seoaic":false,"_frame_yes_seoaic":false,"seoaic_generate_description":"","seoaic_improve_instructions_prompt":"","seoaic_rollback_content_improvement":"","seoaic_idea_thumbnail_generator":"","thumbnail_generated":false,"thumbnail_generate_prompt":"","seoaic_article_description":"","_supplier_stock_quantity":0},"product_brand":[40],"product_model":[],"product_cat":[9516],"product_tag":[],"industry-terminology":[],"class_list":{"0":"post-54170","1":"product","2":"type-product","3":"status-publish","4":"has-post-thumbnail","6":"product_brand-electra","7":"product_cat-kaupunkikyparat","9":"first","10":"instock","11":"sale","12":"taxable","13":"shipping-taxable","14":"purchasable","15":"product-type-variable"},"acf":{"bike_features":null,"overview":{"copy_overview":null,"key_features":null,"statement":"","youtube_url":""}},"yoast_head":"<!-- This site is optimized with the Yoast SEO plugin v27.3 - https:\/\/yoast.com\/product\/yoast-seo-wordpress\/ -->\n<title>Electra Miami Lifestyle Helmet - VM Sport<\/title>\n<meta name=\"robots\" content=\"index, follow, max-snippet:-1, max-image-preview:large, max-video-preview:-1\" \/>\n<link rel=\"canonical\" href=\"https:\/\/vmsport.fi\/sv\/webbutik\/korutrustning\/kyparat\/stadscykling\/electra-miami-lifestyle-hjalm\/\" \/>\n<meta property=\"og:locale\" content=\"sv_SE\" \/>\n<meta property=\"og:type\" content=\"article\" \/>\n<meta property=\"og:title\" content=\"Electra Miami Lifestyle Helmet - VM Sport\" \/>\n<meta property=\"og:description\" content=\"Electra Miami Lifestyle -kyp\u00e4r\u00e4 yhdist\u00e4\u00e4 el\u00e4v\u00e4n v\u00e4rin ja kevyen rakenteen tarjoten sinulle sek\u00e4 tyylikkyytt\u00e4 ett\u00e4 turvallisuutta. S\u00e4\u00e4dett\u00e4v\u00e4t remmit takaavat mukavan ja yksil\u00f6llisen istuvuuden, joten se on ihanteellinen p\u00e4ivitt\u00e4iseen k\u00e4ytt\u00f6\u00f6n. T\u00e4m\u00e4 suojaava kyp\u00e4r\u00e4 on suunniteltu henkil\u00f6ille, jotka arvostavat sek\u00e4 tyylikkyytt\u00e4 ett\u00e4 turvallisuutta liikenteess\u00e4. [...]L\u00e4s mer \u2026 from Electra Miami Lifestyle Helmet\" \/>\n<meta property=\"og:url\" content=\"https:\/\/vmsport.fi\/sv\/webbutik\/korutrustning\/kyparat\/stadscykling\/electra-miami-lifestyle-hjalm\/\" \/>\n<meta property=\"og:site_name\" content=\"VM Sport\" \/>\n<meta property=\"article:publisher\" content=\"https:\/\/www.facebook.com\/Vmsport.fi\/\" \/>\n<meta property=\"article:modified_time\" content=\"2026-01-16T11:34:08+00:00\" \/>\n<meta property=\"og:image\" content=\"https:\/\/vmsport.fi\/wp-content\/uploads\/2025\/03\/nIByYRZ7AVSUujgwq5Gs4kKsu8KzA1rZKA7QZC8EsfTFemM2F3-1.jpg\" \/>\n\t<meta property=\"og:image:width\" content=\"1000\" \/>\n\t<meta property=\"og:image:height\" content=\"540\" \/>\n\t<meta property=\"og:image:type\" content=\"image\/jpeg\" \/>\n<meta name=\"twitter:card\" content=\"summary_large_image\" \/>\n<script type=\"application\/ld+json\" class=\"yoast-schema-graph\">{\"@context\":\"https:\\\/\\\/schema.org\",\"@graph\":[{\"@type\":[\"WebPage\",\"ItemPage\"],\"@id\":\"https:\\\/\\\/vmsport.fi\\\/verkkokauppa\\\/ajovarusteet\\\/kyparat\\\/kaupunkikyparat\\\/electra-miami-lifestyle-helmet\\\/\",\"url\":\"https:\\\/\\\/vmsport.fi\\\/verkkokauppa\\\/ajovarusteet\\\/kyparat\\\/kaupunkikyparat\\\/electra-miami-lifestyle-helmet\\\/\",\"name\":\"Electra Miami Lifestyle Helmet - VM Sport\",\"isPartOf\":{\"@id\":\"https:\\\/\\\/vmsport.fi\\\/#website\"},\"primaryImageOfPage\":{\"@id\":\"https:\\\/\\\/vmsport.fi\\\/verkkokauppa\\\/ajovarusteet\\\/kyparat\\\/kaupunkikyparat\\\/electra-miami-lifestyle-helmet\\\/#primaryimage\"},\"image\":{\"@id\":\"https:\\\/\\\/vmsport.fi\\\/verkkokauppa\\\/ajovarusteet\\\/kyparat\\\/kaupunkikyparat\\\/electra-miami-lifestyle-helmet\\\/#primaryimage\"},\"thumbnailUrl\":\"https:\\\/\\\/vmsport.fi\\\/wp-content\\\/uploads\\\/2025\\\/03\\\/nIByYRZ7AVSUujgwq5Gs4kKsu8KzA1rZKA7QZC8EsfTFemM2F3-1.jpg\",\"datePublished\":\"2025-03-05T21:50:45+00:00\",\"dateModified\":\"2026-01-16T11:34:08+00:00\",\"breadcrumb\":{\"@id\":\"https:\\\/\\\/vmsport.fi\\\/verkkokauppa\\\/ajovarusteet\\\/kyparat\\\/kaupunkikyparat\\\/electra-miami-lifestyle-helmet\\\/#breadcrumb\"},\"inLanguage\":\"sv-SE\",\"potentialAction\":[{\"@type\":\"ReadAction\",\"target\":[\"https:\\\/\\\/vmsport.fi\\\/verkkokauppa\\\/ajovarusteet\\\/kyparat\\\/kaupunkikyparat\\\/electra-miami-lifestyle-helmet\\\/\"]}]},{\"@type\":\"ImageObject\",\"inLanguage\":\"sv-SE\",\"@id\":\"https:\\\/\\\/vmsport.fi\\\/verkkokauppa\\\/ajovarusteet\\\/kyparat\\\/kaupunkikyparat\\\/electra-miami-lifestyle-helmet\\\/#primaryimage\",\"url\":\"https:\\\/\\\/vmsport.fi\\\/wp-content\\\/uploads\\\/2025\\\/03\\\/nIByYRZ7AVSUujgwq5Gs4kKsu8KzA1rZKA7QZC8EsfTFemM2F3-1.jpg\",\"contentUrl\":\"https:\\\/\\\/vmsport.fi\\\/wp-content\\\/uploads\\\/2025\\\/03\\\/nIByYRZ7AVSUujgwq5Gs4kKsu8KzA1rZKA7QZC8EsfTFemM2F3-1.jpg\",\"width\":1000,\"height\":540,\"caption\":\"nIByYRZ7AVSUujgwq5Gs4kKsu8KzA1rZKA7QZC8EsfTFemM2F3\"},{\"@type\":\"BreadcrumbList\",\"@id\":\"https:\\\/\\\/vmsport.fi\\\/verkkokauppa\\\/ajovarusteet\\\/kyparat\\\/kaupunkikyparat\\\/electra-miami-lifestyle-helmet\\\/#breadcrumb\",\"itemListElement\":[{\"@type\":\"ListItem\",\"position\":1,\"name\":\"Etusivu\",\"item\":\"https:\\\/\\\/vmsport.fi\\\/\"},{\"@type\":\"ListItem\",\"position\":2,\"name\":\"Online Store\",\"item\":\"https:\\\/\\\/vmsport.fi\\\/en\\\/online-store\\\/\"},{\"@type\":\"ListItem\",\"position\":3,\"name\":\"Electra Miami Lifestyle Helmet\"}]},{\"@type\":\"WebSite\",\"@id\":\"https:\\\/\\\/vmsport.fi\\\/#website\",\"url\":\"https:\\\/\\\/vmsport.fi\\\/\",\"name\":\"Vmsport\",\"description\":\"Kaikki py\u00f6r\u00e4ilyyn yhdest\u00e4 paikasta\",\"publisher\":{\"@id\":\"https:\\\/\\\/vmsport.fi\\\/#organization\"},\"potentialAction\":[{\"@type\":\"SearchAction\",\"target\":{\"@type\":\"EntryPoint\",\"urlTemplate\":\"https:\\\/\\\/vmsport.fi\\\/?s={search_term_string}\"},\"query-input\":{\"@type\":\"PropertyValueSpecification\",\"valueRequired\":true,\"valueName\":\"search_term_string\"}}],\"inLanguage\":\"sv-SE\"},{\"@type\":\"Organization\",\"@id\":\"https:\\\/\\\/vmsport.fi\\\/#organization\",\"name\":\"Vmsport\",\"url\":\"https:\\\/\\\/vmsport.fi\\\/\",\"logo\":{\"@type\":\"ImageObject\",\"inLanguage\":\"sv-SE\",\"@id\":\"https:\\\/\\\/vmsport.fi\\\/#\\\/schema\\\/logo\\\/image\\\/\",\"url\":\"https:\\\/\\\/vmsport.fi\\\/wp-content\\\/uploads\\\/2024\\\/12\\\/vm_sport_RGB_horisontal-e1734526017575.png\",\"contentUrl\":\"https:\\\/\\\/vmsport.fi\\\/wp-content\\\/uploads\\\/2024\\\/12\\\/vm_sport_RGB_horisontal-e1734526017575.png\",\"width\":668,\"height\":85,\"caption\":\"Vmsport\"},\"image\":{\"@id\":\"https:\\\/\\\/vmsport.fi\\\/#\\\/schema\\\/logo\\\/image\\\/\"},\"sameAs\":[\"https:\\\/\\\/www.facebook.com\\\/Vmsport.fi\\\/\",\"https:\\\/\\\/www.instagram.com\\\/vmsport\\\/\"]}]}<\/script>\n<!-- \/ Yoast SEO plugin. -->","yoast_head_json":{"title":"Electra Miami Lifestyle Hj\u00e4lm - VM Sport","robots":{"index":"index","follow":"follow","max-snippet":"max-snippet:-1","max-image-preview":"max-image-preview:large","max-video-preview":"max-video-preview:-1"},"canonical":"https:\/\/vmsport.fi\/sv\/webbutik\/korutrustning\/kyparat\/stadscykling\/electra-miami-lifestyle-hjalm\/","og_locale":"sv_SE","og_type":"article","og_title":"Electra Miami Lifestyle Helmet - VM Sport","og_description":"Electra Miami Lifestyle -kyp\u00e4r\u00e4 yhdist\u00e4\u00e4 el\u00e4v\u00e4n v\u00e4rin ja kevyen rakenteen tarjoten sinulle sek\u00e4 tyylikkyytt\u00e4 ett\u00e4 turvallisuutta. S\u00e4\u00e4dett\u00e4v\u00e4t remmit takaavat mukavan ja yksil\u00f6llisen istuvuuden, joten se on ihanteellinen p\u00e4ivitt\u00e4iseen k\u00e4ytt\u00f6\u00f6n. T\u00e4m\u00e4 suojaava kyp\u00e4r\u00e4 on suunniteltu henkil\u00f6ille, jotka arvostavat sek\u00e4 tyylikkyytt\u00e4 ett\u00e4 turvallisuutta liikenteess\u00e4. [...]L\u00e4s mer \u2026 from Electra Miami Lifestyle Helmet","og_url":"https:\/\/vmsport.fi\/sv\/webbutik\/korutrustning\/kyparat\/stadscykling\/electra-miami-lifestyle-hjalm\/","og_site_name":"VM Sport","article_publisher":"https:\/\/www.facebook.com\/Vmsport.fi\/","article_modified_time":"2026-01-16T11:34:08+00:00","og_image":[{"width":1000,"height":540,"url":"https:\/\/vmsport.fi\/wp-content\/uploads\/2025\/03\/nIByYRZ7AVSUujgwq5Gs4kKsu8KzA1rZKA7QZC8EsfTFemM2F3-1.jpg","type":"image\/jpeg"}],"twitter_card":"summary_large_image","schema":{"@context":"https:\/\/schema.org","@graph":[{"@type":["WebPage","ItemPage"],"@id":"https:\/\/vmsport.fi\/verkkokauppa\/ajovarusteet\/kyparat\/kaupunkikyparat\/electra-miami-lifestyle-helmet\/","url":"https:\/\/vmsport.fi\/verkkokauppa\/ajovarusteet\/kyparat\/kaupunkikyparat\/electra-miami-lifestyle-helmet\/","name":"Electra Miami Lifestyle Hj\u00e4lm - VM Sport","isPartOf":{"@id":"https:\/\/vmsport.fi\/#website"},"primaryImageOfPage":{"@id":"https:\/\/vmsport.fi\/verkkokauppa\/ajovarusteet\/kyparat\/kaupunkikyparat\/electra-miami-lifestyle-helmet\/#primaryimage"},"image":{"@id":"https:\/\/vmsport.fi\/verkkokauppa\/ajovarusteet\/kyparat\/kaupunkikyparat\/electra-miami-lifestyle-helmet\/#primaryimage"},"thumbnailUrl":"https:\/\/vmsport.fi\/wp-content\/uploads\/2025\/03\/nIByYRZ7AVSUujgwq5Gs4kKsu8KzA1rZKA7QZC8EsfTFemM2F3-1.jpg","datePublished":"2025-03-05T21:50:45+00:00","dateModified":"2026-01-16T11:34:08+00:00","breadcrumb":{"@id":"https:\/\/vmsport.fi\/verkkokauppa\/ajovarusteet\/kyparat\/kaupunkikyparat\/electra-miami-lifestyle-helmet\/#breadcrumb"},"inLanguage":"sv-SE","potentialAction":[{"@type":"ReadAction","target":["https:\/\/vmsport.fi\/verkkokauppa\/ajovarusteet\/kyparat\/kaupunkikyparat\/electra-miami-lifestyle-helmet\/"]}]},{"@type":"ImageObject","inLanguage":"sv-SE","@id":"https:\/\/vmsport.fi\/verkkokauppa\/ajovarusteet\/kyparat\/kaupunkikyparat\/electra-miami-lifestyle-helmet\/#primaryimage","url":"https:\/\/vmsport.fi\/wp-content\/uploads\/2025\/03\/nIByYRZ7AVSUujgwq5Gs4kKsu8KzA1rZKA7QZC8EsfTFemM2F3-1.jpg","contentUrl":"https:\/\/vmsport.fi\/wp-content\/uploads\/2025\/03\/nIByYRZ7AVSUujgwq5Gs4kKsu8KzA1rZKA7QZC8EsfTFemM2F3-1.jpg","width":1000,"height":540,"caption":"nIByYRZ7AVSUujgwq5Gs4kKsu8KzA1rZKA7QZC8EsfTFemM2F3"},{"@type":"BreadcrumbList","@id":"https:\/\/vmsport.fi\/verkkokauppa\/ajovarusteet\/kyparat\/kaupunkikyparat\/electra-miami-lifestyle-helmet\/#breadcrumb","itemListElement":[{"@type":"ListItem","position":1,"name":"Etusivu","item":"https:\/\/vmsport.fi\/"},{"@type":"ListItem","position":2,"name":"Online Store","item":"https:\/\/vmsport.fi\/en\/online-store\/"},{"@type":"ListItem","position":3,"name":"Electra Miami Lifestyle Helmet"}]},{"@type":"WebSite","@id":"https:\/\/vmsport.fi\/#website","url":"https:\/\/vmsport.fi\/","name":"Vmsport","description":"Allt p\u00e5 ett st\u00e4lle f\u00f6r cykling","publisher":{"@id":"https:\/\/vmsport.fi\/#organization"},"potentialAction":[{"@type":"SearchAction","target":{"@type":"EntryPoint","urlTemplate":"https:\/\/vmsport.fi\/?s={search_term_string}"},"query-input":{"@type":"PropertyValueSpecification","valueRequired":true,"valueName":"search_term_string"}}],"inLanguage":"sv-SE"},{"@type":"Organization","@id":"https:\/\/vmsport.fi\/#organization","name":"Vmsport","url":"https:\/\/vmsport.fi\/","logo":{"@type":"ImageObject","inLanguage":"sv-SE","@id":"https:\/\/vmsport.fi\/#\/schema\/logo\/image\/","url":"https:\/\/vmsport.fi\/wp-content\/uploads\/2024\/12\/vm_sport_RGB_horisontal-e1734526017575.png","contentUrl":"https:\/\/vmsport.fi\/wp-content\/uploads\/2024\/12\/vm_sport_RGB_horisontal-e1734526017575.png","width":668,"height":85,"caption":"Vmsport"},"image":{"@id":"https:\/\/vmsport.fi\/#\/schema\/logo\/image\/"},"sameAs":["https:\/\/www.facebook.com\/Vmsport.fi\/","https:\/\/www.instagram.com\/vmsport\/"]}]}},"global_unique_id":"","_links":{"self":[{"href":"https:\/\/vmsport.fi\/sv\/wp-json\/wp\/v2\/product\/54170","targetHints":{"allow":["GET"]}}],"collection":[{"href":"https:\/\/vmsport.fi\/sv\/wp-json\/wp\/v2\/product"}],"about":[{"href":"https:\/\/vmsport.fi\/sv\/wp-json\/wp\/v2\/types\/product"}],"replies":[{"embeddable":true,"href":"https:\/\/vmsport.fi\/sv\/wp-json\/wp\/v2\/comments?post=54170"}],"wp:featuredmedia":[{"embeddable":true,"href":"https:\/\/vmsport.fi\/sv\/wp-json\/wp\/v2\/media\/54169"}],"wp:attachment":[{"href":"https:\/\/vmsport.fi\/sv\/wp-json\/wp\/v2\/media?parent=54170"}],"wp:term":[{"taxonomy":"product_brand","embeddable":true,"href":"https:\/\/vmsport.fi\/sv\/wp-json\/wp\/v2\/product_brand?post=54170"},{"taxonomy":"product_model","embeddable":true,"href":"https:\/\/vmsport.fi\/sv\/wp-json\/wp\/v2\/product_model?post=54170"},{"taxonomy":"product_cat","embeddable":true,"href":"https:\/\/vmsport.fi\/sv\/wp-json\/wp\/v2\/product_cat?post=54170"},{"taxonomy":"product_tag","embeddable":true,"href":"https:\/\/vmsport.fi\/sv\/wp-json\/wp\/v2\/product_tag?post=54170"},{"taxonomy":"industry_terminology","embeddable":true,"href":"https:\/\/vmsport.fi\/sv\/wp-json\/wp\/v2\/industry-terminology?post=54170"}],"curies":[{"name":"wp","href":"https:\/\/api.w.org\/{rel}","templated":true}]}}