{"id":54168,"date":"2025-03-05T23:50:44","date_gmt":"2025-03-05T21:50:44","guid":{"rendered":"https:\/\/vmsport.fi\/verkkokauppa\/Ei-luokiteltu\/bontrager-xxx-mountain-bike-shoe\/"},"modified":"2026-01-29T17:19:07","modified_gmt":"2026-01-29T15:19:07","slug":"bontrager-xxx-mountainbike-sko","status":"publish","type":"product","link":"https:\/\/vmsport.fi\/sv\/verkkokauppa\/ajovarusteet\/kengat\/maastokengat\/bontrager-xxx-mountain-bike-shoe\/","title":{"rendered":"Bontrager XXX Mountainbike-sko"},"content":{"rendered":"<p>Mountainbikeskon Bontrager XXX \u00e4r utformad f\u00f6r att ge komfort och prestanda i ett snyggt paket f\u00f6r terr\u00e4ngcykling. Den ergonomiskt utformade inForm Pro-l\u00e4sten ger en \u00f6verl\u00e4gsen passform, medan det tv\u00e5delade Boa IP1-sn\u00f6rningssystemet m\u00f6jligg\u00f6r exakt justering. Sulan helt i OCLV-kolfiber g\u00f6r skon l\u00e4tt och styv, med ett styvhetsindex p\u00e5 14, f\u00f6r effektiv kraft\u00f6verf\u00f6ring.<\/p>\n<p>Skons l\u00e4ttviktiga TPU-ovandel ger st\u00f6d och komfort, medan det perforerade m\u00f6nstret f\u00f6rb\u00e4ttrar andningsf\u00f6rm\u00e5gan. Den asymmetriska designen och sn\u00f6rningen av h\u00f6g kvalitet minskar trycket p\u00e5 foten och f\u00f6rb\u00e4ttrar passformen. Externa h\u00e4lkappor och ett halkskyddande h\u00e4lfoder f\u00f6rhindrar att skon glider och skaver, medan yttersulan i Tachyon-gummi ger grepp i olika terr\u00e4nger. Det slitstarka GnardGuard-materialet skyddar skon fr\u00e5n slitage och skr\u00e4p, vilket g\u00f6r den till ett perfekt val f\u00f6r mountainbikecyklister som letar efter h\u00e5llbara skor av h\u00f6g kvalitet.<\/p>","protected":false},"excerpt":{"rendered":"<p>Bontrager XXX -maastopy\u00f6r\u00e4ilykenk\u00e4 on suunniteltu tarjoamaan mukavuutta ja suorituskyky\u00e4 tyylikk\u00e4\u00e4ss\u00e4 paketissa maastoajoon. Ergonomisesti suunniteltu inForm Pro -lesti takaa erinomaisen istuvuuden, ja kaksiosainen Boa IP1 -kiristyssysteemi mahdollistaa tarkan s\u00e4\u00e4d\u00f6n. T\u00e4ysin OCLV-hiilikuituinen pohja tekee keng\u00e4st\u00e4 kevyen ja j\u00e4yk\u00e4n, j\u00e4ykkyysindeksill\u00e4 14, mik\u00e4 mahdollistaa tehokkaan voimansiirron. Keng\u00e4n kevyt TPU-p\u00e4\u00e4llinen tarjoaa tukea ja mukavuutta, ja rei&#8217;itetty kuvio parantaa hengitt\u00e4vyytt\u00e4. Ep\u00e4symmetrinen [&#8230;]<\/p>\n<p><a class=\"btn btn-secondary understrap-read-more-link\" href=\"https:\/\/vmsport.fi\/sv\/verkkokauppa\/ajovarusteet\/kengat\/maastokengat\/bontrager-xxx-mountain-bike-shoe\/\">L\u00e4s mer \u2026<span class=\"screen-reader-text\"> from Bontrager XXX Mountain Bike Shoe<\/span><\/a><\/p>\n","protected":false},"featured_media":54166,"comment_status":"open","ping_status":"closed","template":"","meta":{"_acf_changed":false,"_improvement_type_select":"improve_an_existing","_thumb_yes_seoaic":false,"_frame_yes_seoaic":false,"seoaic_generate_description":"","seoaic_improve_instructions_prompt":"","seoaic_rollback_content_improvement":"","seoaic_idea_thumbnail_generator":"","thumbnail_generated":false,"thumbnail_generate_prompt":"","seoaic_article_description":"","_supplier_stock_quantity":0},"product_brand":[],"product_model":[],"product_cat":[9498],"product_tag":[],"industry-terminology":[],"class_list":{"0":"post-54168","1":"product","2":"type-product","3":"status-publish","4":"has-post-thumbnail","6":"product_cat-maastokengat","8":"first","9":"outofstock","10":"taxable","11":"shipping-taxable","12":"product-type-variable"},"acf":{"bike_features":null,"overview":{"copy_overview":null,"key_features":null,"statement":"","youtube_url":""}},"yoast_head":"<!-- This site is optimized with the Yoast SEO plugin v27.3 - https:\/\/yoast.com\/product\/yoast-seo-wordpress\/ -->\n<title>Bontrager XXX Mountain Bike Shoe - VM Sport<\/title>\n<meta name=\"robots\" content=\"index, follow, max-snippet:-1, max-image-preview:large, max-video-preview:-1\" \/>\n<link rel=\"canonical\" href=\"https:\/\/vmsport.fi\/sv\/webbutik\/korutrustning\/skor\/terrangskor\/bontrager-xxx-mountainbike-sko\/\" \/>\n<meta property=\"og:locale\" content=\"sv_SE\" \/>\n<meta property=\"og:type\" content=\"article\" \/>\n<meta property=\"og:title\" content=\"Bontrager XXX Mountain Bike Shoe - VM Sport\" \/>\n<meta property=\"og:description\" content=\"Bontrager XXX -maastopy\u00f6r\u00e4ilykenk\u00e4 on suunniteltu tarjoamaan mukavuutta ja suorituskyky\u00e4 tyylikk\u00e4\u00e4ss\u00e4 paketissa maastoajoon. Ergonomisesti suunniteltu inForm Pro -lesti takaa erinomaisen istuvuuden, ja kaksiosainen Boa IP1 -kiristyssysteemi mahdollistaa tarkan s\u00e4\u00e4d\u00f6n. T\u00e4ysin OCLV-hiilikuituinen pohja tekee keng\u00e4st\u00e4 kevyen ja j\u00e4yk\u00e4n, j\u00e4ykkyysindeksill\u00e4 14, mik\u00e4 mahdollistaa tehokkaan voimansiirron. Keng\u00e4n kevyt TPU-p\u00e4\u00e4llinen tarjoaa tukea ja mukavuutta, ja rei&#8217;itetty kuvio parantaa hengitt\u00e4vyytt\u00e4. Ep\u00e4symmetrinen [...]L\u00e4s mer \u2026 from Bontrager XXX Mountain Bike Shoe\" \/>\n<meta property=\"og:url\" content=\"https:\/\/vmsport.fi\/sv\/webbutik\/korutrustning\/skor\/terrangskor\/bontrager-xxx-mountainbike-sko\/\" \/>\n<meta property=\"og:site_name\" content=\"VM Sport\" \/>\n<meta property=\"article:publisher\" content=\"https:\/\/www.facebook.com\/Vmsport.fi\/\" \/>\n<meta property=\"article:modified_time\" content=\"2026-01-29T15:19:07+00:00\" \/>\n<meta property=\"og:image\" content=\"https:\/\/vmsport.fi\/wp-content\/uploads\/2025\/03\/BontragerXXXMountainShoe-25343-A-Primary-1.jpg\" \/>\n\t<meta property=\"og:image:width\" content=\"1000\" \/>\n\t<meta property=\"og:image:height\" content=\"750\" \/>\n\t<meta property=\"og:image:type\" content=\"image\/jpeg\" \/>\n<meta name=\"twitter:card\" content=\"summary_large_image\" \/>\n<meta name=\"twitter:label1\" content=\"Ber\u00e4knad l\u00e4stid\" \/>\n\t<meta name=\"twitter:data1\" content=\"1 minut\" \/>\n<script type=\"application\/ld+json\" class=\"yoast-schema-graph\">{\"@context\":\"https:\\\/\\\/schema.org\",\"@graph\":[{\"@type\":[\"WebPage\",\"ItemPage\"],\"@id\":\"https:\\\/\\\/vmsport.fi\\\/verkkokauppa\\\/ajovarusteet\\\/kengat\\\/maastokengat\\\/bontrager-xxx-mountain-bike-shoe\\\/\",\"url\":\"https:\\\/\\\/vmsport.fi\\\/verkkokauppa\\\/ajovarusteet\\\/kengat\\\/maastokengat\\\/bontrager-xxx-mountain-bike-shoe\\\/\",\"name\":\"Bontrager XXX Mountain Bike Shoe - VM Sport\",\"isPartOf\":{\"@id\":\"https:\\\/\\\/vmsport.fi\\\/#website\"},\"primaryImageOfPage\":{\"@id\":\"https:\\\/\\\/vmsport.fi\\\/verkkokauppa\\\/ajovarusteet\\\/kengat\\\/maastokengat\\\/bontrager-xxx-mountain-bike-shoe\\\/#primaryimage\"},\"image\":{\"@id\":\"https:\\\/\\\/vmsport.fi\\\/verkkokauppa\\\/ajovarusteet\\\/kengat\\\/maastokengat\\\/bontrager-xxx-mountain-bike-shoe\\\/#primaryimage\"},\"thumbnailUrl\":\"https:\\\/\\\/vmsport.fi\\\/wp-content\\\/uploads\\\/2025\\\/03\\\/BontragerXXXMountainShoe-25343-A-Primary-1.jpg\",\"datePublished\":\"2025-03-05T21:50:44+00:00\",\"dateModified\":\"2026-01-29T15:19:07+00:00\",\"breadcrumb\":{\"@id\":\"https:\\\/\\\/vmsport.fi\\\/verkkokauppa\\\/ajovarusteet\\\/kengat\\\/maastokengat\\\/bontrager-xxx-mountain-bike-shoe\\\/#breadcrumb\"},\"inLanguage\":\"sv-SE\",\"potentialAction\":[{\"@type\":\"ReadAction\",\"target\":[\"https:\\\/\\\/vmsport.fi\\\/verkkokauppa\\\/ajovarusteet\\\/kengat\\\/maastokengat\\\/bontrager-xxx-mountain-bike-shoe\\\/\"]}]},{\"@type\":\"ImageObject\",\"inLanguage\":\"sv-SE\",\"@id\":\"https:\\\/\\\/vmsport.fi\\\/verkkokauppa\\\/ajovarusteet\\\/kengat\\\/maastokengat\\\/bontrager-xxx-mountain-bike-shoe\\\/#primaryimage\",\"url\":\"https:\\\/\\\/vmsport.fi\\\/wp-content\\\/uploads\\\/2025\\\/03\\\/BontragerXXXMountainShoe-25343-A-Primary-1.jpg\",\"contentUrl\":\"https:\\\/\\\/vmsport.fi\\\/wp-content\\\/uploads\\\/2025\\\/03\\\/BontragerXXXMountainShoe-25343-A-Primary-1.jpg\",\"width\":1000,\"height\":750,\"caption\":\"BontragerXXXMountainShoe-25343-A-Primary\"},{\"@type\":\"BreadcrumbList\",\"@id\":\"https:\\\/\\\/vmsport.fi\\\/verkkokauppa\\\/ajovarusteet\\\/kengat\\\/maastokengat\\\/bontrager-xxx-mountain-bike-shoe\\\/#breadcrumb\",\"itemListElement\":[{\"@type\":\"ListItem\",\"position\":1,\"name\":\"Etusivu\",\"item\":\"https:\\\/\\\/vmsport.fi\\\/\"},{\"@type\":\"ListItem\",\"position\":2,\"name\":\"Online Store\",\"item\":\"https:\\\/\\\/vmsport.fi\\\/en\\\/online-store\\\/\"},{\"@type\":\"ListItem\",\"position\":3,\"name\":\"Bontrager XXX Mountain Bike Shoe\"}]},{\"@type\":\"WebSite\",\"@id\":\"https:\\\/\\\/vmsport.fi\\\/#website\",\"url\":\"https:\\\/\\\/vmsport.fi\\\/\",\"name\":\"Vmsport\",\"description\":\"Kaikki py\u00f6r\u00e4ilyyn yhdest\u00e4 paikasta\",\"publisher\":{\"@id\":\"https:\\\/\\\/vmsport.fi\\\/#organization\"},\"potentialAction\":[{\"@type\":\"SearchAction\",\"target\":{\"@type\":\"EntryPoint\",\"urlTemplate\":\"https:\\\/\\\/vmsport.fi\\\/?s={search_term_string}\"},\"query-input\":{\"@type\":\"PropertyValueSpecification\",\"valueRequired\":true,\"valueName\":\"search_term_string\"}}],\"inLanguage\":\"sv-SE\"},{\"@type\":\"Organization\",\"@id\":\"https:\\\/\\\/vmsport.fi\\\/#organization\",\"name\":\"Vmsport\",\"url\":\"https:\\\/\\\/vmsport.fi\\\/\",\"logo\":{\"@type\":\"ImageObject\",\"inLanguage\":\"sv-SE\",\"@id\":\"https:\\\/\\\/vmsport.fi\\\/#\\\/schema\\\/logo\\\/image\\\/\",\"url\":\"https:\\\/\\\/vmsport.fi\\\/wp-content\\\/uploads\\\/2024\\\/12\\\/vm_sport_RGB_horisontal-e1734526017575.png\",\"contentUrl\":\"https:\\\/\\\/vmsport.fi\\\/wp-content\\\/uploads\\\/2024\\\/12\\\/vm_sport_RGB_horisontal-e1734526017575.png\",\"width\":668,\"height\":85,\"caption\":\"Vmsport\"},\"image\":{\"@id\":\"https:\\\/\\\/vmsport.fi\\\/#\\\/schema\\\/logo\\\/image\\\/\"},\"sameAs\":[\"https:\\\/\\\/www.facebook.com\\\/Vmsport.fi\\\/\",\"https:\\\/\\\/www.instagram.com\\\/vmsport\\\/\"]}]}<\/script>\n<!-- \/ Yoast SEO plugin. -->","yoast_head_json":{"title":"Bontrager XXX Mountainbike-sko - VM Sport","robots":{"index":"index","follow":"follow","max-snippet":"max-snippet:-1","max-image-preview":"max-image-preview:large","max-video-preview":"max-video-preview:-1"},"canonical":"https:\/\/vmsport.fi\/sv\/webbutik\/korutrustning\/skor\/terrangskor\/bontrager-xxx-mountainbike-sko\/","og_locale":"sv_SE","og_type":"article","og_title":"Bontrager XXX Mountain Bike Shoe - VM Sport","og_description":"Bontrager XXX -maastopy\u00f6r\u00e4ilykenk\u00e4 on suunniteltu tarjoamaan mukavuutta ja suorituskyky\u00e4 tyylikk\u00e4\u00e4ss\u00e4 paketissa maastoajoon. Ergonomisesti suunniteltu inForm Pro -lesti takaa erinomaisen istuvuuden, ja kaksiosainen Boa IP1 -kiristyssysteemi mahdollistaa tarkan s\u00e4\u00e4d\u00f6n. T\u00e4ysin OCLV-hiilikuituinen pohja tekee keng\u00e4st\u00e4 kevyen ja j\u00e4yk\u00e4n, j\u00e4ykkyysindeksill\u00e4 14, mik\u00e4 mahdollistaa tehokkaan voimansiirron. Keng\u00e4n kevyt TPU-p\u00e4\u00e4llinen tarjoaa tukea ja mukavuutta, ja rei&#8217;itetty kuvio parantaa hengitt\u00e4vyytt\u00e4. Ep\u00e4symmetrinen [...]L\u00e4s mer \u2026 from Bontrager XXX Mountain Bike Shoe","og_url":"https:\/\/vmsport.fi\/sv\/webbutik\/korutrustning\/skor\/terrangskor\/bontrager-xxx-mountainbike-sko\/","og_site_name":"VM Sport","article_publisher":"https:\/\/www.facebook.com\/Vmsport.fi\/","article_modified_time":"2026-01-29T15:19:07+00:00","og_image":[{"width":1000,"height":750,"url":"https:\/\/vmsport.fi\/wp-content\/uploads\/2025\/03\/BontragerXXXMountainShoe-25343-A-Primary-1.jpg","type":"image\/jpeg"}],"twitter_card":"summary_large_image","twitter_misc":{"Ber\u00e4knad l\u00e4stid":"1 minut"},"schema":{"@context":"https:\/\/schema.org","@graph":[{"@type":["WebPage","ItemPage"],"@id":"https:\/\/vmsport.fi\/verkkokauppa\/ajovarusteet\/kengat\/maastokengat\/bontrager-xxx-mountain-bike-shoe\/","url":"https:\/\/vmsport.fi\/verkkokauppa\/ajovarusteet\/kengat\/maastokengat\/bontrager-xxx-mountain-bike-shoe\/","name":"Bontrager XXX Mountainbike-sko - VM Sport","isPartOf":{"@id":"https:\/\/vmsport.fi\/#website"},"primaryImageOfPage":{"@id":"https:\/\/vmsport.fi\/verkkokauppa\/ajovarusteet\/kengat\/maastokengat\/bontrager-xxx-mountain-bike-shoe\/#primaryimage"},"image":{"@id":"https:\/\/vmsport.fi\/verkkokauppa\/ajovarusteet\/kengat\/maastokengat\/bontrager-xxx-mountain-bike-shoe\/#primaryimage"},"thumbnailUrl":"https:\/\/vmsport.fi\/wp-content\/uploads\/2025\/03\/BontragerXXXMountainShoe-25343-A-Primary-1.jpg","datePublished":"2025-03-05T21:50:44+00:00","dateModified":"2026-01-29T15:19:07+00:00","breadcrumb":{"@id":"https:\/\/vmsport.fi\/verkkokauppa\/ajovarusteet\/kengat\/maastokengat\/bontrager-xxx-mountain-bike-shoe\/#breadcrumb"},"inLanguage":"sv-SE","potentialAction":[{"@type":"ReadAction","target":["https:\/\/vmsport.fi\/verkkokauppa\/ajovarusteet\/kengat\/maastokengat\/bontrager-xxx-mountain-bike-shoe\/"]}]},{"@type":"ImageObject","inLanguage":"sv-SE","@id":"https:\/\/vmsport.fi\/verkkokauppa\/ajovarusteet\/kengat\/maastokengat\/bontrager-xxx-mountain-bike-shoe\/#primaryimage","url":"https:\/\/vmsport.fi\/wp-content\/uploads\/2025\/03\/BontragerXXXMountainShoe-25343-A-Primary-1.jpg","contentUrl":"https:\/\/vmsport.fi\/wp-content\/uploads\/2025\/03\/BontragerXXXMountainShoe-25343-A-Primary-1.jpg","width":1000,"height":750,"caption":"BontragerXXXMountainShoe-25343-A-Primary"},{"@type":"BreadcrumbList","@id":"https:\/\/vmsport.fi\/verkkokauppa\/ajovarusteet\/kengat\/maastokengat\/bontrager-xxx-mountain-bike-shoe\/#breadcrumb","itemListElement":[{"@type":"ListItem","position":1,"name":"Etusivu","item":"https:\/\/vmsport.fi\/"},{"@type":"ListItem","position":2,"name":"Online Store","item":"https:\/\/vmsport.fi\/en\/online-store\/"},{"@type":"ListItem","position":3,"name":"Bontrager XXX Mountain Bike Shoe"}]},{"@type":"WebSite","@id":"https:\/\/vmsport.fi\/#website","url":"https:\/\/vmsport.fi\/","name":"Vmsport","description":"Allt p\u00e5 ett st\u00e4lle f\u00f6r cykling","publisher":{"@id":"https:\/\/vmsport.fi\/#organization"},"potentialAction":[{"@type":"SearchAction","target":{"@type":"EntryPoint","urlTemplate":"https:\/\/vmsport.fi\/?s={search_term_string}"},"query-input":{"@type":"PropertyValueSpecification","valueRequired":true,"valueName":"search_term_string"}}],"inLanguage":"sv-SE"},{"@type":"Organization","@id":"https:\/\/vmsport.fi\/#organization","name":"Vmsport","url":"https:\/\/vmsport.fi\/","logo":{"@type":"ImageObject","inLanguage":"sv-SE","@id":"https:\/\/vmsport.fi\/#\/schema\/logo\/image\/","url":"https:\/\/vmsport.fi\/wp-content\/uploads\/2024\/12\/vm_sport_RGB_horisontal-e1734526017575.png","contentUrl":"https:\/\/vmsport.fi\/wp-content\/uploads\/2024\/12\/vm_sport_RGB_horisontal-e1734526017575.png","width":668,"height":85,"caption":"Vmsport"},"image":{"@id":"https:\/\/vmsport.fi\/#\/schema\/logo\/image\/"},"sameAs":["https:\/\/www.facebook.com\/Vmsport.fi\/","https:\/\/www.instagram.com\/vmsport\/"]}]}},"global_unique_id":"","_links":{"self":[{"href":"https:\/\/vmsport.fi\/sv\/wp-json\/wp\/v2\/product\/54168","targetHints":{"allow":["GET"]}}],"collection":[{"href":"https:\/\/vmsport.fi\/sv\/wp-json\/wp\/v2\/product"}],"about":[{"href":"https:\/\/vmsport.fi\/sv\/wp-json\/wp\/v2\/types\/product"}],"replies":[{"embeddable":true,"href":"https:\/\/vmsport.fi\/sv\/wp-json\/wp\/v2\/comments?post=54168"}],"wp:featuredmedia":[{"embeddable":true,"href":"https:\/\/vmsport.fi\/sv\/wp-json\/wp\/v2\/media\/54166"}],"wp:attachment":[{"href":"https:\/\/vmsport.fi\/sv\/wp-json\/wp\/v2\/media?parent=54168"}],"wp:term":[{"taxonomy":"product_brand","embeddable":true,"href":"https:\/\/vmsport.fi\/sv\/wp-json\/wp\/v2\/product_brand?post=54168"},{"taxonomy":"product_model","embeddable":true,"href":"https:\/\/vmsport.fi\/sv\/wp-json\/wp\/v2\/product_model?post=54168"},{"taxonomy":"product_cat","embeddable":true,"href":"https:\/\/vmsport.fi\/sv\/wp-json\/wp\/v2\/product_cat?post=54168"},{"taxonomy":"product_tag","embeddable":true,"href":"https:\/\/vmsport.fi\/sv\/wp-json\/wp\/v2\/product_tag?post=54168"},{"taxonomy":"industry_terminology","embeddable":true,"href":"https:\/\/vmsport.fi\/sv\/wp-json\/wp\/v2\/industry-terminology?post=54168"}],"curies":[{"name":"wp","href":"https:\/\/api.w.org\/{rel}","templated":true}]}}