{"id":54165,"date":"2025-03-05T23:50:42","date_gmt":"2025-03-05T21:50:42","guid":{"rendered":"https:\/\/vmsport.fi\/verkkokauppa\/Ei-luokiteltu\/etuvalo-lezyne-ebike-macro-drive-1000\/"},"modified":"2026-03-11T02:00:12","modified_gmt":"2026-03-11T00:00:12","slug":"framlampa-lezyne-ebike-macro-drive-1000","status":"publish","type":"product","link":"https:\/\/vmsport.fi\/sv\/verkkokauppa\/tarvikkeet\/valaisimet-ja-osat\/etuvalot\/etuvalo-lezyne-ebike-macro-drive-1000\/","title":{"rendered":"Framljus LEZYNE Ebike Macro drive 1000"},"content":{"rendered":"<p>Lezyne Ebike Macro Drive 1000 \u00e4r en kraftfull och ljusstark framlampa som \u00e4r s\u00e4rskilt utformad f\u00f6r elcyklar. Den ger ett ljusfl\u00f6de p\u00e5 1000 lumen, vilket lyser upp v\u00e4gen med precision och f\u00f6rb\u00e4ttrar k\u00f6rs\u00e4kerheten, s\u00e4rskilt i m\u00f6rker. Lampan \u00e4r tillverkad av robusta material och \u00e4r utformad f\u00f6r att klara tuffa v\u00e4derf\u00f6rh\u00e5llanden. Den kompakta storleken g\u00f6r den enkel att installera och den passar de flesta cykelramar. Den h\u00f6ga effektiviteten g\u00f6r den till ett utm\u00e4rkt val f\u00f6r stadscykling och mountainbike.<\/p>","protected":false},"excerpt":{"rendered":"<p>Lezyne Ebike Macro Drive 1000 on tehokas ja kirkas etuvalo, joka on suunniteltu erityisesti s\u00e4hk\u00f6py\u00f6riin. Se tarjoaa 1000 lumenin valotehon, mik\u00e4 valaisee tien tarkasti ja parantaa ajoturvallisuutta etenkin pime\u00e4ss\u00e4. Vankasta materiaalista valmistettu valaisin on suunniteltu kest\u00e4m\u00e4\u00e4n ankariakin s\u00e4\u00e4olosuhteita. Sen kompakti koko tekee siit\u00e4 helpon asentaa, ja se sopii useimpien py\u00f6r\u00e4n runkomallien kanssa. Valaisimen korkea tehokkuus [&#8230;]<\/p>\n<p><a class=\"btn btn-secondary understrap-read-more-link\" href=\"https:\/\/vmsport.fi\/sv\/verkkokauppa\/tarvikkeet\/valaisimet-ja-osat\/etuvalot\/etuvalo-lezyne-ebike-macro-drive-1000\/\">L\u00e4s mer \u2026<span class=\"screen-reader-text\"> from Etuvalo LEZYNE Ebike Macro drive 1000<\/span><\/a><\/p>\n","protected":false},"featured_media":54163,"comment_status":"open","ping_status":"closed","template":"","meta":{"_acf_changed":false,"_improvement_type_select":"improve_an_existing","_thumb_yes_seoaic":false,"_frame_yes_seoaic":false,"seoaic_generate_description":"","seoaic_improve_instructions_prompt":"","seoaic_rollback_content_improvement":"","seoaic_idea_thumbnail_generator":"","thumbnail_generated":false,"thumbnail_generate_prompt":"","seoaic_article_description":"","_supplier_stock_quantity":0},"product_brand":[],"product_model":[],"product_cat":[9562],"product_tag":[],"industry-terminology":[],"class_list":{"0":"post-54165","1":"product","2":"type-product","3":"status-publish","4":"has-post-thumbnail","6":"product_cat-etuvalot","8":"first","9":"instock","10":"taxable","11":"shipping-taxable","12":"purchasable","13":"product-type-simple"},"acf":{"bike_features":null,"overview":{"copy_overview":null,"key_features":null,"statement":"","youtube_url":""}},"yoast_head":"<!-- This site is optimized with the Yoast SEO plugin v27.3 - https:\/\/yoast.com\/product\/yoast-seo-wordpress\/ -->\n<title>Etuvalo LEZYNE Ebike Macro drive 1000 - VM Sport<\/title>\n<meta name=\"robots\" content=\"index, follow, max-snippet:-1, max-image-preview:large, max-video-preview:-1\" \/>\n<link rel=\"canonical\" href=\"https:\/\/vmsport.fi\/sv\/webbutik\/tillbehor\/armaturer-och-komponenter\/framljus\/framlampa-lezyne-ebike-macro-drive-1000\/\" \/>\n<meta property=\"og:locale\" content=\"sv_SE\" \/>\n<meta property=\"og:type\" content=\"article\" \/>\n<meta property=\"og:title\" content=\"Etuvalo LEZYNE Ebike Macro drive 1000 - VM Sport\" \/>\n<meta property=\"og:description\" content=\"Lezyne Ebike Macro Drive 1000 on tehokas ja kirkas etuvalo, joka on suunniteltu erityisesti s\u00e4hk\u00f6py\u00f6riin. Se tarjoaa 1000 lumenin valotehon, mik\u00e4 valaisee tien tarkasti ja parantaa ajoturvallisuutta etenkin pime\u00e4ss\u00e4. Vankasta materiaalista valmistettu valaisin on suunniteltu kest\u00e4m\u00e4\u00e4n ankariakin s\u00e4\u00e4olosuhteita. Sen kompakti koko tekee siit\u00e4 helpon asentaa, ja se sopii useimpien py\u00f6r\u00e4n runkomallien kanssa. Valaisimen korkea tehokkuus [...]L\u00e4s mer \u2026 from Etuvalo LEZYNE Ebike Macro drive 1000\" \/>\n<meta property=\"og:url\" content=\"https:\/\/vmsport.fi\/sv\/webbutik\/tillbehor\/armaturer-och-komponenter\/framljus\/framlampa-lezyne-ebike-macro-drive-1000\/\" \/>\n<meta property=\"og:site_name\" content=\"VM Sport\" \/>\n<meta property=\"article:publisher\" content=\"https:\/\/www.facebook.com\/Vmsport.fi\/\" \/>\n<meta property=\"article:modified_time\" content=\"2026-03-11T00:00:12+00:00\" \/>\n<meta property=\"og:image\" content=\"https:\/\/vmsport.fi\/wp-content\/uploads\/2025\/03\/Etuvalo-Lezyne-ebike-macro-drive-1000-1-LED-EMACR-V104S-etuvalo-saehkoepyoeraeaen-1.jpg\" \/>\n\t<meta property=\"og:image:width\" content=\"800\" \/>\n\t<meta property=\"og:image:height\" content=\"800\" \/>\n\t<meta property=\"og:image:type\" content=\"image\/jpeg\" \/>\n<meta name=\"twitter:card\" content=\"summary_large_image\" \/>\n<script type=\"application\/ld+json\" class=\"yoast-schema-graph\">{\"@context\":\"https:\\\/\\\/schema.org\",\"@graph\":[{\"@type\":[\"WebPage\",\"ItemPage\"],\"@id\":\"https:\\\/\\\/vmsport.fi\\\/verkkokauppa\\\/tarvikkeet\\\/valaisimet-ja-osat\\\/etuvalot\\\/etuvalo-lezyne-ebike-macro-drive-1000\\\/\",\"url\":\"https:\\\/\\\/vmsport.fi\\\/verkkokauppa\\\/tarvikkeet\\\/valaisimet-ja-osat\\\/etuvalot\\\/etuvalo-lezyne-ebike-macro-drive-1000\\\/\",\"name\":\"Etuvalo LEZYNE Ebike Macro drive 1000 - VM Sport\",\"isPartOf\":{\"@id\":\"https:\\\/\\\/vmsport.fi\\\/#website\"},\"primaryImageOfPage\":{\"@id\":\"https:\\\/\\\/vmsport.fi\\\/verkkokauppa\\\/tarvikkeet\\\/valaisimet-ja-osat\\\/etuvalot\\\/etuvalo-lezyne-ebike-macro-drive-1000\\\/#primaryimage\"},\"image\":{\"@id\":\"https:\\\/\\\/vmsport.fi\\\/verkkokauppa\\\/tarvikkeet\\\/valaisimet-ja-osat\\\/etuvalot\\\/etuvalo-lezyne-ebike-macro-drive-1000\\\/#primaryimage\"},\"thumbnailUrl\":\"https:\\\/\\\/vmsport.fi\\\/wp-content\\\/uploads\\\/2025\\\/03\\\/Etuvalo-Lezyne-ebike-macro-drive-1000-1-LED-EMACR-V104S-etuvalo-saehkoepyoeraeaen-1.jpg\",\"datePublished\":\"2025-03-05T21:50:42+00:00\",\"dateModified\":\"2026-03-11T00:00:12+00:00\",\"breadcrumb\":{\"@id\":\"https:\\\/\\\/vmsport.fi\\\/verkkokauppa\\\/tarvikkeet\\\/valaisimet-ja-osat\\\/etuvalot\\\/etuvalo-lezyne-ebike-macro-drive-1000\\\/#breadcrumb\"},\"inLanguage\":\"sv-SE\",\"potentialAction\":[{\"@type\":\"ReadAction\",\"target\":[\"https:\\\/\\\/vmsport.fi\\\/verkkokauppa\\\/tarvikkeet\\\/valaisimet-ja-osat\\\/etuvalot\\\/etuvalo-lezyne-ebike-macro-drive-1000\\\/\"]}]},{\"@type\":\"ImageObject\",\"inLanguage\":\"sv-SE\",\"@id\":\"https:\\\/\\\/vmsport.fi\\\/verkkokauppa\\\/tarvikkeet\\\/valaisimet-ja-osat\\\/etuvalot\\\/etuvalo-lezyne-ebike-macro-drive-1000\\\/#primaryimage\",\"url\":\"https:\\\/\\\/vmsport.fi\\\/wp-content\\\/uploads\\\/2025\\\/03\\\/Etuvalo-Lezyne-ebike-macro-drive-1000-1-LED-EMACR-V104S-etuvalo-saehkoepyoeraeaen-1.jpg\",\"contentUrl\":\"https:\\\/\\\/vmsport.fi\\\/wp-content\\\/uploads\\\/2025\\\/03\\\/Etuvalo-Lezyne-ebike-macro-drive-1000-1-LED-EMACR-V104S-etuvalo-saehkoepyoeraeaen-1.jpg\",\"width\":800,\"height\":800,\"caption\":\"Etuvalo-Lezyne-ebike-macro-drive-1000-1-LED-EMACR-V104S-etuvalo-saehkoepyoeraeaen\"},{\"@type\":\"BreadcrumbList\",\"@id\":\"https:\\\/\\\/vmsport.fi\\\/verkkokauppa\\\/tarvikkeet\\\/valaisimet-ja-osat\\\/etuvalot\\\/etuvalo-lezyne-ebike-macro-drive-1000\\\/#breadcrumb\",\"itemListElement\":[{\"@type\":\"ListItem\",\"position\":1,\"name\":\"Etusivu\",\"item\":\"https:\\\/\\\/vmsport.fi\\\/\"},{\"@type\":\"ListItem\",\"position\":2,\"name\":\"Online Store\",\"item\":\"https:\\\/\\\/vmsport.fi\\\/en\\\/online-store\\\/\"},{\"@type\":\"ListItem\",\"position\":3,\"name\":\"Etuvalo LEZYNE Ebike Macro drive 1000\"}]},{\"@type\":\"WebSite\",\"@id\":\"https:\\\/\\\/vmsport.fi\\\/#website\",\"url\":\"https:\\\/\\\/vmsport.fi\\\/\",\"name\":\"Vmsport\",\"description\":\"Kaikki py\u00f6r\u00e4ilyyn yhdest\u00e4 paikasta\",\"publisher\":{\"@id\":\"https:\\\/\\\/vmsport.fi\\\/#organization\"},\"potentialAction\":[{\"@type\":\"SearchAction\",\"target\":{\"@type\":\"EntryPoint\",\"urlTemplate\":\"https:\\\/\\\/vmsport.fi\\\/?s={search_term_string}\"},\"query-input\":{\"@type\":\"PropertyValueSpecification\",\"valueRequired\":true,\"valueName\":\"search_term_string\"}}],\"inLanguage\":\"sv-SE\"},{\"@type\":\"Organization\",\"@id\":\"https:\\\/\\\/vmsport.fi\\\/#organization\",\"name\":\"Vmsport\",\"url\":\"https:\\\/\\\/vmsport.fi\\\/\",\"logo\":{\"@type\":\"ImageObject\",\"inLanguage\":\"sv-SE\",\"@id\":\"https:\\\/\\\/vmsport.fi\\\/#\\\/schema\\\/logo\\\/image\\\/\",\"url\":\"https:\\\/\\\/vmsport.fi\\\/wp-content\\\/uploads\\\/2024\\\/12\\\/vm_sport_RGB_horisontal-e1734526017575.png\",\"contentUrl\":\"https:\\\/\\\/vmsport.fi\\\/wp-content\\\/uploads\\\/2024\\\/12\\\/vm_sport_RGB_horisontal-e1734526017575.png\",\"width\":668,\"height\":85,\"caption\":\"Vmsport\"},\"image\":{\"@id\":\"https:\\\/\\\/vmsport.fi\\\/#\\\/schema\\\/logo\\\/image\\\/\"},\"sameAs\":[\"https:\\\/\\\/www.facebook.com\\\/Vmsport.fi\\\/\",\"https:\\\/\\\/www.instagram.com\\\/vmsport\\\/\"]}]}<\/script>\n<!-- \/ Yoast SEO plugin. -->","yoast_head_json":{"title":"Framljus LEZYNE Ebike Macro drive 1000 - VM Sport","robots":{"index":"index","follow":"follow","max-snippet":"max-snippet:-1","max-image-preview":"max-image-preview:large","max-video-preview":"max-video-preview:-1"},"canonical":"https:\/\/vmsport.fi\/sv\/webbutik\/tillbehor\/armaturer-och-komponenter\/framljus\/framlampa-lezyne-ebike-macro-drive-1000\/","og_locale":"sv_SE","og_type":"article","og_title":"Etuvalo LEZYNE Ebike Macro drive 1000 - VM Sport","og_description":"Lezyne Ebike Macro Drive 1000 on tehokas ja kirkas etuvalo, joka on suunniteltu erityisesti s\u00e4hk\u00f6py\u00f6riin. Se tarjoaa 1000 lumenin valotehon, mik\u00e4 valaisee tien tarkasti ja parantaa ajoturvallisuutta etenkin pime\u00e4ss\u00e4. Vankasta materiaalista valmistettu valaisin on suunniteltu kest\u00e4m\u00e4\u00e4n ankariakin s\u00e4\u00e4olosuhteita. Sen kompakti koko tekee siit\u00e4 helpon asentaa, ja se sopii useimpien py\u00f6r\u00e4n runkomallien kanssa. Valaisimen korkea tehokkuus [...]L\u00e4s mer \u2026 from Etuvalo LEZYNE Ebike Macro drive 1000","og_url":"https:\/\/vmsport.fi\/sv\/webbutik\/tillbehor\/armaturer-och-komponenter\/framljus\/framlampa-lezyne-ebike-macro-drive-1000\/","og_site_name":"VM Sport","article_publisher":"https:\/\/www.facebook.com\/Vmsport.fi\/","article_modified_time":"2026-03-11T00:00:12+00:00","og_image":[{"width":800,"height":800,"url":"https:\/\/vmsport.fi\/wp-content\/uploads\/2025\/03\/Etuvalo-Lezyne-ebike-macro-drive-1000-1-LED-EMACR-V104S-etuvalo-saehkoepyoeraeaen-1.jpg","type":"image\/jpeg"}],"twitter_card":"summary_large_image","schema":{"@context":"https:\/\/schema.org","@graph":[{"@type":["WebPage","ItemPage"],"@id":"https:\/\/vmsport.fi\/verkkokauppa\/tarvikkeet\/valaisimet-ja-osat\/etuvalot\/etuvalo-lezyne-ebike-macro-drive-1000\/","url":"https:\/\/vmsport.fi\/verkkokauppa\/tarvikkeet\/valaisimet-ja-osat\/etuvalot\/etuvalo-lezyne-ebike-macro-drive-1000\/","name":"Framljus LEZYNE Ebike Macro drive 1000 - VM Sport","isPartOf":{"@id":"https:\/\/vmsport.fi\/#website"},"primaryImageOfPage":{"@id":"https:\/\/vmsport.fi\/verkkokauppa\/tarvikkeet\/valaisimet-ja-osat\/etuvalot\/etuvalo-lezyne-ebike-macro-drive-1000\/#primaryimage"},"image":{"@id":"https:\/\/vmsport.fi\/verkkokauppa\/tarvikkeet\/valaisimet-ja-osat\/etuvalot\/etuvalo-lezyne-ebike-macro-drive-1000\/#primaryimage"},"thumbnailUrl":"https:\/\/vmsport.fi\/wp-content\/uploads\/2025\/03\/Etuvalo-Lezyne-ebike-macro-drive-1000-1-LED-EMACR-V104S-etuvalo-saehkoepyoeraeaen-1.jpg","datePublished":"2025-03-05T21:50:42+00:00","dateModified":"2026-03-11T00:00:12+00:00","breadcrumb":{"@id":"https:\/\/vmsport.fi\/verkkokauppa\/tarvikkeet\/valaisimet-ja-osat\/etuvalot\/etuvalo-lezyne-ebike-macro-drive-1000\/#breadcrumb"},"inLanguage":"sv-SE","potentialAction":[{"@type":"ReadAction","target":["https:\/\/vmsport.fi\/verkkokauppa\/tarvikkeet\/valaisimet-ja-osat\/etuvalot\/etuvalo-lezyne-ebike-macro-drive-1000\/"]}]},{"@type":"ImageObject","inLanguage":"sv-SE","@id":"https:\/\/vmsport.fi\/verkkokauppa\/tarvikkeet\/valaisimet-ja-osat\/etuvalot\/etuvalo-lezyne-ebike-macro-drive-1000\/#primaryimage","url":"https:\/\/vmsport.fi\/wp-content\/uploads\/2025\/03\/Etuvalo-Lezyne-ebike-macro-drive-1000-1-LED-EMACR-V104S-etuvalo-saehkoepyoeraeaen-1.jpg","contentUrl":"https:\/\/vmsport.fi\/wp-content\/uploads\/2025\/03\/Etuvalo-Lezyne-ebike-macro-drive-1000-1-LED-EMACR-V104S-etuvalo-saehkoepyoeraeaen-1.jpg","width":800,"height":800,"caption":"Etuvalo-Lezyne-ebike-macro-drive-1000-1-LED-EMACR-V104S-etuvalo-saehkoepyoeraeaen"},{"@type":"BreadcrumbList","@id":"https:\/\/vmsport.fi\/verkkokauppa\/tarvikkeet\/valaisimet-ja-osat\/etuvalot\/etuvalo-lezyne-ebike-macro-drive-1000\/#breadcrumb","itemListElement":[{"@type":"ListItem","position":1,"name":"Etusivu","item":"https:\/\/vmsport.fi\/"},{"@type":"ListItem","position":2,"name":"Online Store","item":"https:\/\/vmsport.fi\/en\/online-store\/"},{"@type":"ListItem","position":3,"name":"Etuvalo LEZYNE Ebike Macro drive 1000"}]},{"@type":"WebSite","@id":"https:\/\/vmsport.fi\/#website","url":"https:\/\/vmsport.fi\/","name":"Vmsport","description":"Allt p\u00e5 ett st\u00e4lle f\u00f6r cykling","publisher":{"@id":"https:\/\/vmsport.fi\/#organization"},"potentialAction":[{"@type":"SearchAction","target":{"@type":"EntryPoint","urlTemplate":"https:\/\/vmsport.fi\/?s={search_term_string}"},"query-input":{"@type":"PropertyValueSpecification","valueRequired":true,"valueName":"search_term_string"}}],"inLanguage":"sv-SE"},{"@type":"Organization","@id":"https:\/\/vmsport.fi\/#organization","name":"Vmsport","url":"https:\/\/vmsport.fi\/","logo":{"@type":"ImageObject","inLanguage":"sv-SE","@id":"https:\/\/vmsport.fi\/#\/schema\/logo\/image\/","url":"https:\/\/vmsport.fi\/wp-content\/uploads\/2024\/12\/vm_sport_RGB_horisontal-e1734526017575.png","contentUrl":"https:\/\/vmsport.fi\/wp-content\/uploads\/2024\/12\/vm_sport_RGB_horisontal-e1734526017575.png","width":668,"height":85,"caption":"Vmsport"},"image":{"@id":"https:\/\/vmsport.fi\/#\/schema\/logo\/image\/"},"sameAs":["https:\/\/www.facebook.com\/Vmsport.fi\/","https:\/\/www.instagram.com\/vmsport\/"]}]}},"global_unique_id":"","_links":{"self":[{"href":"https:\/\/vmsport.fi\/sv\/wp-json\/wp\/v2\/product\/54165","targetHints":{"allow":["GET"]}}],"collection":[{"href":"https:\/\/vmsport.fi\/sv\/wp-json\/wp\/v2\/product"}],"about":[{"href":"https:\/\/vmsport.fi\/sv\/wp-json\/wp\/v2\/types\/product"}],"replies":[{"embeddable":true,"href":"https:\/\/vmsport.fi\/sv\/wp-json\/wp\/v2\/comments?post=54165"}],"wp:featuredmedia":[{"embeddable":true,"href":"https:\/\/vmsport.fi\/sv\/wp-json\/wp\/v2\/media\/54163"}],"wp:attachment":[{"href":"https:\/\/vmsport.fi\/sv\/wp-json\/wp\/v2\/media?parent=54165"}],"wp:term":[{"taxonomy":"product_brand","embeddable":true,"href":"https:\/\/vmsport.fi\/sv\/wp-json\/wp\/v2\/product_brand?post=54165"},{"taxonomy":"product_model","embeddable":true,"href":"https:\/\/vmsport.fi\/sv\/wp-json\/wp\/v2\/product_model?post=54165"},{"taxonomy":"product_cat","embeddable":true,"href":"https:\/\/vmsport.fi\/sv\/wp-json\/wp\/v2\/product_cat?post=54165"},{"taxonomy":"product_tag","embeddable":true,"href":"https:\/\/vmsport.fi\/sv\/wp-json\/wp\/v2\/product_tag?post=54165"},{"taxonomy":"industry_terminology","embeddable":true,"href":"https:\/\/vmsport.fi\/sv\/wp-json\/wp\/v2\/industry-terminology?post=54165"}],"curies":[{"name":"wp","href":"https:\/\/api.w.org\/{rel}","templated":true}]}}