{"id":54148,"date":"2025-03-05T23:50:19","date_gmt":"2025-03-05T21:50:19","guid":{"rendered":"https:\/\/vmsport.fi\/verkkokauppa\/Ei-luokiteltu\/nastarengas-routa-w176-20-x-1-75-47-406\/"},"modified":"2026-01-16T13:22:36","modified_gmt":"2026-01-16T11:22:36","slug":"nastarengas-routa-w176-20-x-1-75-47-406","status":"publish","type":"product","link":"https:\/\/vmsport.fi\/sv\/verkkokauppa\/renkaat\/ulkorenkaat\/nastarenkaat\/nastarengas-routa-w176-20-x-1-75-47-406\/","title":{"rendered":"Finland D\u00e4ck Routa W176 20 x 1,75 \/ 47-406 Dubbd\u00e4ck"},"content":{"rendered":"<p>Nastarengas Routa W176 on suunniteltu kaikille, jotka etsiv\u00e4t luotettavaa ajokokemusta talvisilla teill\u00e4. T\u00e4m\u00e4 20-tuumainen py\u00f6r\u00e4nrengas, jonka leveys on 1.75, on varustettu korkealaatuisilla nastoilla, mik\u00e4 parantaa pitoa liukkailla alustoilla. Suomi Tyres on br\u00e4ndi, joka tunnetaan kest\u00e4vyydest\u00e4\u00e4n ja luotettavuudestaan, ja sen ansiosta Routa W176 sopii erinomaisesti kylmiin ja haastaviin olosuhteisiin. Renkaan 47-406 koko varmistaa sen sopivuuden useimpiin pienempiin py\u00f6riin, jolloin talviset py\u00f6r\u00e4ilymatkat sujuvat turvallisesti ja mukavasti.<\/p>","protected":false},"excerpt":{"rendered":"<p>Nastarengas Routa W176 on suunniteltu kaikille, jotka etsiv\u00e4t luotettavaa ajokokemusta talvisilla teill\u00e4. T\u00e4m\u00e4 20-tuumainen py\u00f6r\u00e4nrengas, jonka leveys on 1.75, on varustettu korkealaatuisilla nastoilla, mik\u00e4 parantaa pitoa liukkailla alustoilla. Suomi Tyres on br\u00e4ndi, joka tunnetaan kest\u00e4vyydest\u00e4\u00e4n ja luotettavuudestaan, ja sen ansiosta Routa W176 sopii erinomaisesti kylmiin ja haastaviin olosuhteisiin. Renkaan 47-406 koko varmistaa sen sopivuuden useimpiin [&#8230;]<\/p>\n<p><a class=\"btn btn-secondary understrap-read-more-link\" href=\"https:\/\/vmsport.fi\/sv\/verkkokauppa\/renkaat\/ulkorenkaat\/nastarenkaat\/nastarengas-routa-w176-20-x-1-75-47-406\/\">L\u00e4s mer \u2026<span class=\"screen-reader-text\"> from Suomi Tyres Routa W176 20 x 1.75 \/ 47-406 Nastarengas<\/span><\/a><\/p>\n","protected":false},"featured_media":54147,"comment_status":"open","ping_status":"closed","template":"","meta":{"_acf_changed":false,"_improvement_type_select":"improve_an_existing","_thumb_yes_seoaic":false,"_frame_yes_seoaic":false,"seoaic_generate_description":"","seoaic_improve_instructions_prompt":"","seoaic_rollback_content_improvement":"","seoaic_idea_thumbnail_generator":"","thumbnail_generated":false,"thumbnail_generate_prompt":"","seoaic_article_description":"","_supplier_stock_quantity":0},"product_brand":[],"product_model":[],"product_cat":[9336],"product_tag":[],"industry-terminology":[],"class_list":{"0":"post-54148","1":"product","2":"type-product","3":"status-publish","4":"has-post-thumbnail","6":"product_cat-nastarenkaat","8":"first","9":"instock","10":"taxable","11":"shipping-taxable","12":"purchasable","13":"product-type-simple"},"acf":{"bike_features":null,"overview":{"copy_overview":null,"key_features":null,"statement":"","youtube_url":""}},"yoast_head":"<!-- This site is optimized with the Yoast SEO plugin v27.3 - https:\/\/yoast.com\/product\/yoast-seo-wordpress\/ -->\n<title>Suomi Tyres Routa W176 20 x 1.75 \/ 47-406 Nastarengas - VM Sport<\/title>\n<meta name=\"robots\" content=\"index, follow, max-snippet:-1, max-image-preview:large, max-video-preview:-1\" \/>\n<link rel=\"canonical\" href=\"https:\/\/vmsport.fi\/sv\/webbutik\/dack\/dack-for-utomhusbruk\/dubbdack\/nastarengas-routa-w176-20-x-1-75-47-406\/\" \/>\n<meta property=\"og:locale\" content=\"sv_SE\" \/>\n<meta property=\"og:type\" content=\"article\" \/>\n<meta property=\"og:title\" content=\"Suomi Tyres Routa W176 20 x 1.75 \/ 47-406 Nastarengas - VM Sport\" \/>\n<meta property=\"og:description\" content=\"Nastarengas Routa W176 on suunniteltu kaikille, jotka etsiv\u00e4t luotettavaa ajokokemusta talvisilla teill\u00e4. T\u00e4m\u00e4 20-tuumainen py\u00f6r\u00e4nrengas, jonka leveys on 1.75, on varustettu korkealaatuisilla nastoilla, mik\u00e4 parantaa pitoa liukkailla alustoilla. Suomi Tyres on br\u00e4ndi, joka tunnetaan kest\u00e4vyydest\u00e4\u00e4n ja luotettavuudestaan, ja sen ansiosta Routa W176 sopii erinomaisesti kylmiin ja haastaviin olosuhteisiin. Renkaan 47-406 koko varmistaa sen sopivuuden useimpiin [...]L\u00e4s mer \u2026 from Suomi Tyres Routa W176 20 x 1.75 \/ 47-406 Nastarengas\" \/>\n<meta property=\"og:url\" content=\"https:\/\/vmsport.fi\/sv\/webbutik\/dack\/dack-for-utomhusbruk\/dubbdack\/nastarengas-routa-w176-20-x-1-75-47-406\/\" \/>\n<meta property=\"og:site_name\" content=\"VM Sport\" \/>\n<meta property=\"article:publisher\" content=\"https:\/\/www.facebook.com\/Vmsport.fi\/\" \/>\n<meta property=\"article:modified_time\" content=\"2026-01-16T11:22:36+00:00\" \/>\n<meta property=\"og:image\" content=\"https:\/\/vmsport.fi\/wp-content\/uploads\/2025\/03\/9BPP7d6iSM04A2j56plrVbik28wcNuANzqMimKtIWK1oRRXgSC-1.jpg\" \/>\n\t<meta property=\"og:image:width\" content=\"600\" \/>\n\t<meta property=\"og:image:height\" content=\"600\" \/>\n\t<meta property=\"og:image:type\" content=\"image\/jpeg\" \/>\n<meta name=\"twitter:card\" content=\"summary_large_image\" \/>\n<script type=\"application\/ld+json\" class=\"yoast-schema-graph\">{\"@context\":\"https:\\\/\\\/schema.org\",\"@graph\":[{\"@type\":[\"WebPage\",\"ItemPage\"],\"@id\":\"https:\\\/\\\/vmsport.fi\\\/verkkokauppa\\\/renkaat\\\/ulkorenkaat\\\/nastarenkaat\\\/nastarengas-routa-w176-20-x-1-75-47-406\\\/\",\"url\":\"https:\\\/\\\/vmsport.fi\\\/verkkokauppa\\\/renkaat\\\/ulkorenkaat\\\/nastarenkaat\\\/nastarengas-routa-w176-20-x-1-75-47-406\\\/\",\"name\":\"Suomi Tyres Routa W176 20 x 1.75 \\\/ 47-406 Nastarengas - VM Sport\",\"isPartOf\":{\"@id\":\"https:\\\/\\\/vmsport.fi\\\/#website\"},\"primaryImageOfPage\":{\"@id\":\"https:\\\/\\\/vmsport.fi\\\/verkkokauppa\\\/renkaat\\\/ulkorenkaat\\\/nastarenkaat\\\/nastarengas-routa-w176-20-x-1-75-47-406\\\/#primaryimage\"},\"image\":{\"@id\":\"https:\\\/\\\/vmsport.fi\\\/verkkokauppa\\\/renkaat\\\/ulkorenkaat\\\/nastarenkaat\\\/nastarengas-routa-w176-20-x-1-75-47-406\\\/#primaryimage\"},\"thumbnailUrl\":\"https:\\\/\\\/vmsport.fi\\\/wp-content\\\/uploads\\\/2025\\\/03\\\/9BPP7d6iSM04A2j56plrVbik28wcNuANzqMimKtIWK1oRRXgSC-1.jpg\",\"datePublished\":\"2025-03-05T21:50:19+00:00\",\"dateModified\":\"2026-01-16T11:22:36+00:00\",\"breadcrumb\":{\"@id\":\"https:\\\/\\\/vmsport.fi\\\/verkkokauppa\\\/renkaat\\\/ulkorenkaat\\\/nastarenkaat\\\/nastarengas-routa-w176-20-x-1-75-47-406\\\/#breadcrumb\"},\"inLanguage\":\"sv-SE\",\"potentialAction\":[{\"@type\":\"ReadAction\",\"target\":[\"https:\\\/\\\/vmsport.fi\\\/verkkokauppa\\\/renkaat\\\/ulkorenkaat\\\/nastarenkaat\\\/nastarengas-routa-w176-20-x-1-75-47-406\\\/\"]}]},{\"@type\":\"ImageObject\",\"inLanguage\":\"sv-SE\",\"@id\":\"https:\\\/\\\/vmsport.fi\\\/verkkokauppa\\\/renkaat\\\/ulkorenkaat\\\/nastarenkaat\\\/nastarengas-routa-w176-20-x-1-75-47-406\\\/#primaryimage\",\"url\":\"https:\\\/\\\/vmsport.fi\\\/wp-content\\\/uploads\\\/2025\\\/03\\\/9BPP7d6iSM04A2j56plrVbik28wcNuANzqMimKtIWK1oRRXgSC-1.jpg\",\"contentUrl\":\"https:\\\/\\\/vmsport.fi\\\/wp-content\\\/uploads\\\/2025\\\/03\\\/9BPP7d6iSM04A2j56plrVbik28wcNuANzqMimKtIWK1oRRXgSC-1.jpg\",\"width\":600,\"height\":600,\"caption\":\"9BPP7d6iSM04A2j56plrVbik28wcNuANzqMimKtIWK1oRRXgSC\"},{\"@type\":\"BreadcrumbList\",\"@id\":\"https:\\\/\\\/vmsport.fi\\\/verkkokauppa\\\/renkaat\\\/ulkorenkaat\\\/nastarenkaat\\\/nastarengas-routa-w176-20-x-1-75-47-406\\\/#breadcrumb\",\"itemListElement\":[{\"@type\":\"ListItem\",\"position\":1,\"name\":\"Etusivu\",\"item\":\"https:\\\/\\\/vmsport.fi\\\/\"},{\"@type\":\"ListItem\",\"position\":2,\"name\":\"Online Store\",\"item\":\"https:\\\/\\\/vmsport.fi\\\/en\\\/online-store\\\/\"},{\"@type\":\"ListItem\",\"position\":3,\"name\":\"Suomi Tyres Routa W176 20 x 1.75 \\\/ 47-406 Nastarengas\"}]},{\"@type\":\"WebSite\",\"@id\":\"https:\\\/\\\/vmsport.fi\\\/#website\",\"url\":\"https:\\\/\\\/vmsport.fi\\\/\",\"name\":\"Vmsport\",\"description\":\"Kaikki py\u00f6r\u00e4ilyyn yhdest\u00e4 paikasta\",\"publisher\":{\"@id\":\"https:\\\/\\\/vmsport.fi\\\/#organization\"},\"potentialAction\":[{\"@type\":\"SearchAction\",\"target\":{\"@type\":\"EntryPoint\",\"urlTemplate\":\"https:\\\/\\\/vmsport.fi\\\/?s={search_term_string}\"},\"query-input\":{\"@type\":\"PropertyValueSpecification\",\"valueRequired\":true,\"valueName\":\"search_term_string\"}}],\"inLanguage\":\"sv-SE\"},{\"@type\":\"Organization\",\"@id\":\"https:\\\/\\\/vmsport.fi\\\/#organization\",\"name\":\"Vmsport\",\"url\":\"https:\\\/\\\/vmsport.fi\\\/\",\"logo\":{\"@type\":\"ImageObject\",\"inLanguage\":\"sv-SE\",\"@id\":\"https:\\\/\\\/vmsport.fi\\\/#\\\/schema\\\/logo\\\/image\\\/\",\"url\":\"https:\\\/\\\/vmsport.fi\\\/wp-content\\\/uploads\\\/2024\\\/12\\\/vm_sport_RGB_horisontal-e1734526017575.png\",\"contentUrl\":\"https:\\\/\\\/vmsport.fi\\\/wp-content\\\/uploads\\\/2024\\\/12\\\/vm_sport_RGB_horisontal-e1734526017575.png\",\"width\":668,\"height\":85,\"caption\":\"Vmsport\"},\"image\":{\"@id\":\"https:\\\/\\\/vmsport.fi\\\/#\\\/schema\\\/logo\\\/image\\\/\"},\"sameAs\":[\"https:\\\/\\\/www.facebook.com\\\/Vmsport.fi\\\/\",\"https:\\\/\\\/www.instagram.com\\\/vmsport\\\/\"]}]}<\/script>\n<!-- \/ Yoast SEO plugin. -->","yoast_head_json":{"title":"Suomi Tyres Routa W176 20 x 1.75 \/ 47-406 Nastarengas - VM Sport","robots":{"index":"index","follow":"follow","max-snippet":"max-snippet:-1","max-image-preview":"max-image-preview:large","max-video-preview":"max-video-preview:-1"},"canonical":"https:\/\/vmsport.fi\/sv\/webbutik\/dack\/dack-for-utomhusbruk\/dubbdack\/nastarengas-routa-w176-20-x-1-75-47-406\/","og_locale":"sv_SE","og_type":"article","og_title":"Suomi Tyres Routa W176 20 x 1.75 \/ 47-406 Nastarengas - VM Sport","og_description":"Nastarengas Routa W176 on suunniteltu kaikille, jotka etsiv\u00e4t luotettavaa ajokokemusta talvisilla teill\u00e4. T\u00e4m\u00e4 20-tuumainen py\u00f6r\u00e4nrengas, jonka leveys on 1.75, on varustettu korkealaatuisilla nastoilla, mik\u00e4 parantaa pitoa liukkailla alustoilla. Suomi Tyres on br\u00e4ndi, joka tunnetaan kest\u00e4vyydest\u00e4\u00e4n ja luotettavuudestaan, ja sen ansiosta Routa W176 sopii erinomaisesti kylmiin ja haastaviin olosuhteisiin. Renkaan 47-406 koko varmistaa sen sopivuuden useimpiin [...]L\u00e4s mer \u2026 from Suomi Tyres Routa W176 20 x 1.75 \/ 47-406 Nastarengas","og_url":"https:\/\/vmsport.fi\/sv\/webbutik\/dack\/dack-for-utomhusbruk\/dubbdack\/nastarengas-routa-w176-20-x-1-75-47-406\/","og_site_name":"VM Sport","article_publisher":"https:\/\/www.facebook.com\/Vmsport.fi\/","article_modified_time":"2026-01-16T11:22:36+00:00","og_image":[{"width":600,"height":600,"url":"https:\/\/vmsport.fi\/wp-content\/uploads\/2025\/03\/9BPP7d6iSM04A2j56plrVbik28wcNuANzqMimKtIWK1oRRXgSC-1.jpg","type":"image\/jpeg"}],"twitter_card":"summary_large_image","schema":{"@context":"https:\/\/schema.org","@graph":[{"@type":["WebPage","ItemPage"],"@id":"https:\/\/vmsport.fi\/verkkokauppa\/renkaat\/ulkorenkaat\/nastarenkaat\/nastarengas-routa-w176-20-x-1-75-47-406\/","url":"https:\/\/vmsport.fi\/verkkokauppa\/renkaat\/ulkorenkaat\/nastarenkaat\/nastarengas-routa-w176-20-x-1-75-47-406\/","name":"Suomi Tyres Routa W176 20 x 1.75 \/ 47-406 Nastarengas - VM Sport","isPartOf":{"@id":"https:\/\/vmsport.fi\/#website"},"primaryImageOfPage":{"@id":"https:\/\/vmsport.fi\/verkkokauppa\/renkaat\/ulkorenkaat\/nastarenkaat\/nastarengas-routa-w176-20-x-1-75-47-406\/#primaryimage"},"image":{"@id":"https:\/\/vmsport.fi\/verkkokauppa\/renkaat\/ulkorenkaat\/nastarenkaat\/nastarengas-routa-w176-20-x-1-75-47-406\/#primaryimage"},"thumbnailUrl":"https:\/\/vmsport.fi\/wp-content\/uploads\/2025\/03\/9BPP7d6iSM04A2j56plrVbik28wcNuANzqMimKtIWK1oRRXgSC-1.jpg","datePublished":"2025-03-05T21:50:19+00:00","dateModified":"2026-01-16T11:22:36+00:00","breadcrumb":{"@id":"https:\/\/vmsport.fi\/verkkokauppa\/renkaat\/ulkorenkaat\/nastarenkaat\/nastarengas-routa-w176-20-x-1-75-47-406\/#breadcrumb"},"inLanguage":"sv-SE","potentialAction":[{"@type":"ReadAction","target":["https:\/\/vmsport.fi\/verkkokauppa\/renkaat\/ulkorenkaat\/nastarenkaat\/nastarengas-routa-w176-20-x-1-75-47-406\/"]}]},{"@type":"ImageObject","inLanguage":"sv-SE","@id":"https:\/\/vmsport.fi\/verkkokauppa\/renkaat\/ulkorenkaat\/nastarenkaat\/nastarengas-routa-w176-20-x-1-75-47-406\/#primaryimage","url":"https:\/\/vmsport.fi\/wp-content\/uploads\/2025\/03\/9BPP7d6iSM04A2j56plrVbik28wcNuANzqMimKtIWK1oRRXgSC-1.jpg","contentUrl":"https:\/\/vmsport.fi\/wp-content\/uploads\/2025\/03\/9BPP7d6iSM04A2j56plrVbik28wcNuANzqMimKtIWK1oRRXgSC-1.jpg","width":600,"height":600,"caption":"9BPP7d6iSM04A2j56plrVbik28wcNuANzqMimKtIWK1oRRXgSC"},{"@type":"BreadcrumbList","@id":"https:\/\/vmsport.fi\/verkkokauppa\/renkaat\/ulkorenkaat\/nastarenkaat\/nastarengas-routa-w176-20-x-1-75-47-406\/#breadcrumb","itemListElement":[{"@type":"ListItem","position":1,"name":"Etusivu","item":"https:\/\/vmsport.fi\/"},{"@type":"ListItem","position":2,"name":"Online Store","item":"https:\/\/vmsport.fi\/en\/online-store\/"},{"@type":"ListItem","position":3,"name":"Suomi Tyres Routa W176 20 x 1.75 \/ 47-406 Nastarengas"}]},{"@type":"WebSite","@id":"https:\/\/vmsport.fi\/#website","url":"https:\/\/vmsport.fi\/","name":"Vmsport","description":"Allt p\u00e5 ett st\u00e4lle f\u00f6r cykling","publisher":{"@id":"https:\/\/vmsport.fi\/#organization"},"potentialAction":[{"@type":"SearchAction","target":{"@type":"EntryPoint","urlTemplate":"https:\/\/vmsport.fi\/?s={search_term_string}"},"query-input":{"@type":"PropertyValueSpecification","valueRequired":true,"valueName":"search_term_string"}}],"inLanguage":"sv-SE"},{"@type":"Organization","@id":"https:\/\/vmsport.fi\/#organization","name":"Vmsport","url":"https:\/\/vmsport.fi\/","logo":{"@type":"ImageObject","inLanguage":"sv-SE","@id":"https:\/\/vmsport.fi\/#\/schema\/logo\/image\/","url":"https:\/\/vmsport.fi\/wp-content\/uploads\/2024\/12\/vm_sport_RGB_horisontal-e1734526017575.png","contentUrl":"https:\/\/vmsport.fi\/wp-content\/uploads\/2024\/12\/vm_sport_RGB_horisontal-e1734526017575.png","width":668,"height":85,"caption":"Vmsport"},"image":{"@id":"https:\/\/vmsport.fi\/#\/schema\/logo\/image\/"},"sameAs":["https:\/\/www.facebook.com\/Vmsport.fi\/","https:\/\/www.instagram.com\/vmsport\/"]}]}},"global_unique_id":"","_links":{"self":[{"href":"https:\/\/vmsport.fi\/sv\/wp-json\/wp\/v2\/product\/54148","targetHints":{"allow":["GET"]}}],"collection":[{"href":"https:\/\/vmsport.fi\/sv\/wp-json\/wp\/v2\/product"}],"about":[{"href":"https:\/\/vmsport.fi\/sv\/wp-json\/wp\/v2\/types\/product"}],"replies":[{"embeddable":true,"href":"https:\/\/vmsport.fi\/sv\/wp-json\/wp\/v2\/comments?post=54148"}],"wp:featuredmedia":[{"embeddable":true,"href":"https:\/\/vmsport.fi\/sv\/wp-json\/wp\/v2\/media\/54147"}],"wp:attachment":[{"href":"https:\/\/vmsport.fi\/sv\/wp-json\/wp\/v2\/media?parent=54148"}],"wp:term":[{"taxonomy":"product_brand","embeddable":true,"href":"https:\/\/vmsport.fi\/sv\/wp-json\/wp\/v2\/product_brand?post=54148"},{"taxonomy":"product_model","embeddable":true,"href":"https:\/\/vmsport.fi\/sv\/wp-json\/wp\/v2\/product_model?post=54148"},{"taxonomy":"product_cat","embeddable":true,"href":"https:\/\/vmsport.fi\/sv\/wp-json\/wp\/v2\/product_cat?post=54148"},{"taxonomy":"product_tag","embeddable":true,"href":"https:\/\/vmsport.fi\/sv\/wp-json\/wp\/v2\/product_tag?post=54148"},{"taxonomy":"industry_terminology","embeddable":true,"href":"https:\/\/vmsport.fi\/sv\/wp-json\/wp\/v2\/industry-terminology?post=54148"}],"curies":[{"name":"wp","href":"https:\/\/api.w.org\/{rel}","templated":true}]}}