{"id":54146,"date":"2025-03-05T23:50:18","date_gmt":"2025-03-05T21:50:18","guid":{"rendered":"https:\/\/vmsport.fi\/verkkokauppa\/Ei-luokiteltu\/jarrukuoren-paatyholkki-200kpl-metalli-5mm\/"},"modified":"2026-01-16T13:20:54","modified_gmt":"2026-01-16T11:20:54","slug":"bromsskydd-bat-hylsa-200st-metall-5mm","status":"publish","type":"product","link":"https:\/\/vmsport.fi\/sv\/verkkokauppa\/varaosat\/jarrut\/vaijerit-kuoret-ja-muut-jarruosat\/jarrukuoren-paatyholkki-200kpl-metalli-5mm\/","title":{"rendered":"Bromshuvuds\u00e4ndhylsa 200st metall, 5mm"},"content":{"rendered":"<p>\u00c4ndbultarna till bromshuset \u00e4r tillverkade av h\u00e5llbar metall och utg\u00f6r en tillf\u00f6rlitlig l\u00f6sning f\u00f6r underh\u00e5ll av din cykel. F\u00f6rpackningen inneh\u00e5ller 200 stycken och varje bussning \u00e4r 5 mm stor, vilket g\u00f6r dem idealiska f\u00f6r de flesta cykelmodeller. Det h\u00e4r cykeltillbeh\u00f6ret ser till att bromsarna \u00e4r effektivt skyddade och fungerar smidigt, vilket ger en s\u00e4ker cykelupplevelse. Dessa bussningar g\u00f6r det enkelt att underh\u00e5lla cykelns bromsar, vilket f\u00f6rb\u00e4ttrar k\u00f6rs\u00e4kerheten och bromskraften.<\/p>","protected":false},"excerpt":{"rendered":"<p>Jarrukuoren p\u00e4\u00e4tyholkit, jotka on valmistettu kest\u00e4v\u00e4st\u00e4 metallista, tarjoavat luotettavan ratkaisun py\u00f6r\u00e4si yll\u00e4pitoon. Pakkaus sis\u00e4lt\u00e4\u00e4 200 kappaletta, ja jokainen holkki on 5 mm:n kokoinen, mik\u00e4 tekee niist\u00e4 ihanteellisia useimpiin py\u00f6r\u00e4malleihin. T\u00e4m\u00e4 polkupy\u00f6r\u00e4n lis\u00e4varuste pit\u00e4\u00e4 jarrusi tehokkaasti suojattuna ja toimii sujuvasti, mik\u00e4 takaa turvallisen ajokokemuksen. N\u00e4iden holkkien avulla on helppoa huolehtia py\u00f6r\u00e4si jarrujen kunnosta, mik\u00e4 parantaa ajoturvallisuutta [&#8230;]<\/p>\n<p><a class=\"btn btn-secondary understrap-read-more-link\" href=\"https:\/\/vmsport.fi\/sv\/verkkokauppa\/varaosat\/jarrut\/vaijerit-kuoret-ja-muut-jarruosat\/jarrukuoren-paatyholkki-200kpl-metalli-5mm\/\">L\u00e4s mer \u2026<span class=\"screen-reader-text\"> from Jarrukuoren p\u00e4\u00e4tyholkki 200kpl metalli, 5mm<\/span><\/a><\/p>\n","protected":false},"featured_media":54145,"comment_status":"open","ping_status":"closed","template":"","meta":{"_acf_changed":false,"_improvement_type_select":"improve_an_existing","_thumb_yes_seoaic":false,"_frame_yes_seoaic":false,"seoaic_generate_description":"","seoaic_improve_instructions_prompt":"","seoaic_rollback_content_improvement":"","seoaic_idea_thumbnail_generator":"","thumbnail_generated":false,"thumbnail_generate_prompt":"","seoaic_article_description":"","_supplier_stock_quantity":0},"product_brand":[],"product_model":[],"product_cat":[9338],"product_tag":[],"industry-terminology":[],"class_list":{"0":"post-54146","1":"product","2":"type-product","3":"status-publish","4":"has-post-thumbnail","6":"product_cat-vaijerit-kuoret-ja-muut-jarruosat","8":"first","9":"outofstock","10":"taxable","11":"shipping-taxable","12":"product-type-simple"},"acf":{"bike_features":null,"overview":{"copy_overview":null,"key_features":null,"statement":"","youtube_url":""}},"yoast_head":"<!-- This site is optimized with the Yoast SEO plugin v27.3 - https:\/\/yoast.com\/product\/yoast-seo-wordpress\/ -->\n<title>Jarrukuoren p\u00e4\u00e4tyholkki 200kpl metalli, 5mm - VM Sport<\/title>\n<meta name=\"robots\" content=\"index, follow, max-snippet:-1, max-image-preview:large, max-video-preview:-1\" \/>\n<link rel=\"canonical\" href=\"https:\/\/vmsport.fi\/sv\/webbutik\/reservdelar\/bromsar\/linor-skivor-och-andra-bromsdelar\/bromsskydd-bat-hylsa-200st-metall-5mm\/\" \/>\n<meta property=\"og:locale\" content=\"sv_SE\" \/>\n<meta property=\"og:type\" content=\"article\" \/>\n<meta property=\"og:title\" content=\"Jarrukuoren p\u00e4\u00e4tyholkki 200kpl metalli, 5mm - VM Sport\" \/>\n<meta property=\"og:description\" content=\"Jarrukuoren p\u00e4\u00e4tyholkit, jotka on valmistettu kest\u00e4v\u00e4st\u00e4 metallista, tarjoavat luotettavan ratkaisun py\u00f6r\u00e4si yll\u00e4pitoon. Pakkaus sis\u00e4lt\u00e4\u00e4 200 kappaletta, ja jokainen holkki on 5 mm:n kokoinen, mik\u00e4 tekee niist\u00e4 ihanteellisia useimpiin py\u00f6r\u00e4malleihin. T\u00e4m\u00e4 polkupy\u00f6r\u00e4n lis\u00e4varuste pit\u00e4\u00e4 jarrusi tehokkaasti suojattuna ja toimii sujuvasti, mik\u00e4 takaa turvallisen ajokokemuksen. N\u00e4iden holkkien avulla on helppoa huolehtia py\u00f6r\u00e4si jarrujen kunnosta, mik\u00e4 parantaa ajoturvallisuutta [...]L\u00e4s mer \u2026 from Jarrukuoren p\u00e4\u00e4tyholkki 200kpl metalli, 5mm\" \/>\n<meta property=\"og:url\" content=\"https:\/\/vmsport.fi\/sv\/webbutik\/reservdelar\/bromsar\/linor-skivor-och-andra-bromsdelar\/bromsskydd-bat-hylsa-200st-metall-5mm\/\" \/>\n<meta property=\"og:site_name\" content=\"VM Sport\" \/>\n<meta property=\"article:publisher\" content=\"https:\/\/www.facebook.com\/Vmsport.fi\/\" \/>\n<meta property=\"article:modified_time\" content=\"2026-01-16T11:20:54+00:00\" \/>\n<meta property=\"og:image\" content=\"https:\/\/vmsport.fi\/wp-content\/uploads\/2025\/03\/jJLA839J88o2FkXsvCsOQRTbKYZTsqMJCGuCcXH9F3Hwp9o8d2-1.jpg\" \/>\n\t<meta property=\"og:image:width\" content=\"600\" \/>\n\t<meta property=\"og:image:height\" content=\"600\" \/>\n\t<meta property=\"og:image:type\" content=\"image\/jpeg\" \/>\n<meta name=\"twitter:card\" content=\"summary_large_image\" \/>\n<script type=\"application\/ld+json\" class=\"yoast-schema-graph\">{\"@context\":\"https:\\\/\\\/schema.org\",\"@graph\":[{\"@type\":[\"WebPage\",\"ItemPage\"],\"@id\":\"https:\\\/\\\/vmsport.fi\\\/verkkokauppa\\\/varaosat\\\/jarrut\\\/vaijerit-kuoret-ja-muut-jarruosat\\\/jarrukuoren-paatyholkki-200kpl-metalli-5mm\\\/\",\"url\":\"https:\\\/\\\/vmsport.fi\\\/verkkokauppa\\\/varaosat\\\/jarrut\\\/vaijerit-kuoret-ja-muut-jarruosat\\\/jarrukuoren-paatyholkki-200kpl-metalli-5mm\\\/\",\"name\":\"Jarrukuoren p\u00e4\u00e4tyholkki 200kpl metalli, 5mm - VM Sport\",\"isPartOf\":{\"@id\":\"https:\\\/\\\/vmsport.fi\\\/#website\"},\"primaryImageOfPage\":{\"@id\":\"https:\\\/\\\/vmsport.fi\\\/verkkokauppa\\\/varaosat\\\/jarrut\\\/vaijerit-kuoret-ja-muut-jarruosat\\\/jarrukuoren-paatyholkki-200kpl-metalli-5mm\\\/#primaryimage\"},\"image\":{\"@id\":\"https:\\\/\\\/vmsport.fi\\\/verkkokauppa\\\/varaosat\\\/jarrut\\\/vaijerit-kuoret-ja-muut-jarruosat\\\/jarrukuoren-paatyholkki-200kpl-metalli-5mm\\\/#primaryimage\"},\"thumbnailUrl\":\"https:\\\/\\\/vmsport.fi\\\/wp-content\\\/uploads\\\/2025\\\/03\\\/jJLA839J88o2FkXsvCsOQRTbKYZTsqMJCGuCcXH9F3Hwp9o8d2-1.jpg\",\"datePublished\":\"2025-03-05T21:50:18+00:00\",\"dateModified\":\"2026-01-16T11:20:54+00:00\",\"breadcrumb\":{\"@id\":\"https:\\\/\\\/vmsport.fi\\\/verkkokauppa\\\/varaosat\\\/jarrut\\\/vaijerit-kuoret-ja-muut-jarruosat\\\/jarrukuoren-paatyholkki-200kpl-metalli-5mm\\\/#breadcrumb\"},\"inLanguage\":\"sv-SE\",\"potentialAction\":[{\"@type\":\"ReadAction\",\"target\":[\"https:\\\/\\\/vmsport.fi\\\/verkkokauppa\\\/varaosat\\\/jarrut\\\/vaijerit-kuoret-ja-muut-jarruosat\\\/jarrukuoren-paatyholkki-200kpl-metalli-5mm\\\/\"]}]},{\"@type\":\"ImageObject\",\"inLanguage\":\"sv-SE\",\"@id\":\"https:\\\/\\\/vmsport.fi\\\/verkkokauppa\\\/varaosat\\\/jarrut\\\/vaijerit-kuoret-ja-muut-jarruosat\\\/jarrukuoren-paatyholkki-200kpl-metalli-5mm\\\/#primaryimage\",\"url\":\"https:\\\/\\\/vmsport.fi\\\/wp-content\\\/uploads\\\/2025\\\/03\\\/jJLA839J88o2FkXsvCsOQRTbKYZTsqMJCGuCcXH9F3Hwp9o8d2-1.jpg\",\"contentUrl\":\"https:\\\/\\\/vmsport.fi\\\/wp-content\\\/uploads\\\/2025\\\/03\\\/jJLA839J88o2FkXsvCsOQRTbKYZTsqMJCGuCcXH9F3Hwp9o8d2-1.jpg\",\"width\":600,\"height\":600,\"caption\":\"jJLA839J88o2FkXsvCsOQRTbKYZTsqMJCGuCcXH9F3Hwp9o8d2\"},{\"@type\":\"BreadcrumbList\",\"@id\":\"https:\\\/\\\/vmsport.fi\\\/verkkokauppa\\\/varaosat\\\/jarrut\\\/vaijerit-kuoret-ja-muut-jarruosat\\\/jarrukuoren-paatyholkki-200kpl-metalli-5mm\\\/#breadcrumb\",\"itemListElement\":[{\"@type\":\"ListItem\",\"position\":1,\"name\":\"Etusivu\",\"item\":\"https:\\\/\\\/vmsport.fi\\\/\"},{\"@type\":\"ListItem\",\"position\":2,\"name\":\"Online Store\",\"item\":\"https:\\\/\\\/vmsport.fi\\\/en\\\/online-store\\\/\"},{\"@type\":\"ListItem\",\"position\":3,\"name\":\"Jarrukuoren p\u00e4\u00e4tyholkki 200kpl metalli, 5mm\"}]},{\"@type\":\"WebSite\",\"@id\":\"https:\\\/\\\/vmsport.fi\\\/#website\",\"url\":\"https:\\\/\\\/vmsport.fi\\\/\",\"name\":\"Vmsport\",\"description\":\"Kaikki py\u00f6r\u00e4ilyyn yhdest\u00e4 paikasta\",\"publisher\":{\"@id\":\"https:\\\/\\\/vmsport.fi\\\/#organization\"},\"potentialAction\":[{\"@type\":\"SearchAction\",\"target\":{\"@type\":\"EntryPoint\",\"urlTemplate\":\"https:\\\/\\\/vmsport.fi\\\/?s={search_term_string}\"},\"query-input\":{\"@type\":\"PropertyValueSpecification\",\"valueRequired\":true,\"valueName\":\"search_term_string\"}}],\"inLanguage\":\"sv-SE\"},{\"@type\":\"Organization\",\"@id\":\"https:\\\/\\\/vmsport.fi\\\/#organization\",\"name\":\"Vmsport\",\"url\":\"https:\\\/\\\/vmsport.fi\\\/\",\"logo\":{\"@type\":\"ImageObject\",\"inLanguage\":\"sv-SE\",\"@id\":\"https:\\\/\\\/vmsport.fi\\\/#\\\/schema\\\/logo\\\/image\\\/\",\"url\":\"https:\\\/\\\/vmsport.fi\\\/wp-content\\\/uploads\\\/2024\\\/12\\\/vm_sport_RGB_horisontal-e1734526017575.png\",\"contentUrl\":\"https:\\\/\\\/vmsport.fi\\\/wp-content\\\/uploads\\\/2024\\\/12\\\/vm_sport_RGB_horisontal-e1734526017575.png\",\"width\":668,\"height\":85,\"caption\":\"Vmsport\"},\"image\":{\"@id\":\"https:\\\/\\\/vmsport.fi\\\/#\\\/schema\\\/logo\\\/image\\\/\"},\"sameAs\":[\"https:\\\/\\\/www.facebook.com\\\/Vmsport.fi\\\/\",\"https:\\\/\\\/www.instagram.com\\\/vmsport\\\/\"]}]}<\/script>\n<!-- \/ Yoast SEO plugin. -->","yoast_head_json":{"title":"Bromsh\u00f6lje \u00e4ndhylsa 200st metall, 5mm - VM Sport","robots":{"index":"index","follow":"follow","max-snippet":"max-snippet:-1","max-image-preview":"max-image-preview:large","max-video-preview":"max-video-preview:-1"},"canonical":"https:\/\/vmsport.fi\/sv\/webbutik\/reservdelar\/bromsar\/linor-skivor-och-andra-bromsdelar\/bromsskydd-bat-hylsa-200st-metall-5mm\/","og_locale":"sv_SE","og_type":"article","og_title":"Jarrukuoren p\u00e4\u00e4tyholkki 200kpl metalli, 5mm - VM Sport","og_description":"Jarrukuoren p\u00e4\u00e4tyholkit, jotka on valmistettu kest\u00e4v\u00e4st\u00e4 metallista, tarjoavat luotettavan ratkaisun py\u00f6r\u00e4si yll\u00e4pitoon. Pakkaus sis\u00e4lt\u00e4\u00e4 200 kappaletta, ja jokainen holkki on 5 mm:n kokoinen, mik\u00e4 tekee niist\u00e4 ihanteellisia useimpiin py\u00f6r\u00e4malleihin. T\u00e4m\u00e4 polkupy\u00f6r\u00e4n lis\u00e4varuste pit\u00e4\u00e4 jarrusi tehokkaasti suojattuna ja toimii sujuvasti, mik\u00e4 takaa turvallisen ajokokemuksen. N\u00e4iden holkkien avulla on helppoa huolehtia py\u00f6r\u00e4si jarrujen kunnosta, mik\u00e4 parantaa ajoturvallisuutta [...]L\u00e4s mer \u2026 from Jarrukuoren p\u00e4\u00e4tyholkki 200kpl metalli, 5mm","og_url":"https:\/\/vmsport.fi\/sv\/webbutik\/reservdelar\/bromsar\/linor-skivor-och-andra-bromsdelar\/bromsskydd-bat-hylsa-200st-metall-5mm\/","og_site_name":"VM Sport","article_publisher":"https:\/\/www.facebook.com\/Vmsport.fi\/","article_modified_time":"2026-01-16T11:20:54+00:00","og_image":[{"width":600,"height":600,"url":"https:\/\/vmsport.fi\/wp-content\/uploads\/2025\/03\/jJLA839J88o2FkXsvCsOQRTbKYZTsqMJCGuCcXH9F3Hwp9o8d2-1.jpg","type":"image\/jpeg"}],"twitter_card":"summary_large_image","schema":{"@context":"https:\/\/schema.org","@graph":[{"@type":["WebPage","ItemPage"],"@id":"https:\/\/vmsport.fi\/verkkokauppa\/varaosat\/jarrut\/vaijerit-kuoret-ja-muut-jarruosat\/jarrukuoren-paatyholkki-200kpl-metalli-5mm\/","url":"https:\/\/vmsport.fi\/verkkokauppa\/varaosat\/jarrut\/vaijerit-kuoret-ja-muut-jarruosat\/jarrukuoren-paatyholkki-200kpl-metalli-5mm\/","name":"Bromsh\u00f6lje \u00e4ndhylsa 200st metall, 5mm - VM Sport","isPartOf":{"@id":"https:\/\/vmsport.fi\/#website"},"primaryImageOfPage":{"@id":"https:\/\/vmsport.fi\/verkkokauppa\/varaosat\/jarrut\/vaijerit-kuoret-ja-muut-jarruosat\/jarrukuoren-paatyholkki-200kpl-metalli-5mm\/#primaryimage"},"image":{"@id":"https:\/\/vmsport.fi\/verkkokauppa\/varaosat\/jarrut\/vaijerit-kuoret-ja-muut-jarruosat\/jarrukuoren-paatyholkki-200kpl-metalli-5mm\/#primaryimage"},"thumbnailUrl":"https:\/\/vmsport.fi\/wp-content\/uploads\/2025\/03\/jJLA839J88o2FkXsvCsOQRTbKYZTsqMJCGuCcXH9F3Hwp9o8d2-1.jpg","datePublished":"2025-03-05T21:50:18+00:00","dateModified":"2026-01-16T11:20:54+00:00","breadcrumb":{"@id":"https:\/\/vmsport.fi\/verkkokauppa\/varaosat\/jarrut\/vaijerit-kuoret-ja-muut-jarruosat\/jarrukuoren-paatyholkki-200kpl-metalli-5mm\/#breadcrumb"},"inLanguage":"sv-SE","potentialAction":[{"@type":"ReadAction","target":["https:\/\/vmsport.fi\/verkkokauppa\/varaosat\/jarrut\/vaijerit-kuoret-ja-muut-jarruosat\/jarrukuoren-paatyholkki-200kpl-metalli-5mm\/"]}]},{"@type":"ImageObject","inLanguage":"sv-SE","@id":"https:\/\/vmsport.fi\/verkkokauppa\/varaosat\/jarrut\/vaijerit-kuoret-ja-muut-jarruosat\/jarrukuoren-paatyholkki-200kpl-metalli-5mm\/#primaryimage","url":"https:\/\/vmsport.fi\/wp-content\/uploads\/2025\/03\/jJLA839J88o2FkXsvCsOQRTbKYZTsqMJCGuCcXH9F3Hwp9o8d2-1.jpg","contentUrl":"https:\/\/vmsport.fi\/wp-content\/uploads\/2025\/03\/jJLA839J88o2FkXsvCsOQRTbKYZTsqMJCGuCcXH9F3Hwp9o8d2-1.jpg","width":600,"height":600,"caption":"jJLA839J88o2FkXsvCsOQRTbKYZTsqMJCGuCcXH9F3Hwp9o8d2"},{"@type":"BreadcrumbList","@id":"https:\/\/vmsport.fi\/verkkokauppa\/varaosat\/jarrut\/vaijerit-kuoret-ja-muut-jarruosat\/jarrukuoren-paatyholkki-200kpl-metalli-5mm\/#breadcrumb","itemListElement":[{"@type":"ListItem","position":1,"name":"Etusivu","item":"https:\/\/vmsport.fi\/"},{"@type":"ListItem","position":2,"name":"Online Store","item":"https:\/\/vmsport.fi\/en\/online-store\/"},{"@type":"ListItem","position":3,"name":"Jarrukuoren p\u00e4\u00e4tyholkki 200kpl metalli, 5mm"}]},{"@type":"WebSite","@id":"https:\/\/vmsport.fi\/#website","url":"https:\/\/vmsport.fi\/","name":"Vmsport","description":"Allt p\u00e5 ett st\u00e4lle f\u00f6r cykling","publisher":{"@id":"https:\/\/vmsport.fi\/#organization"},"potentialAction":[{"@type":"SearchAction","target":{"@type":"EntryPoint","urlTemplate":"https:\/\/vmsport.fi\/?s={search_term_string}"},"query-input":{"@type":"PropertyValueSpecification","valueRequired":true,"valueName":"search_term_string"}}],"inLanguage":"sv-SE"},{"@type":"Organization","@id":"https:\/\/vmsport.fi\/#organization","name":"Vmsport","url":"https:\/\/vmsport.fi\/","logo":{"@type":"ImageObject","inLanguage":"sv-SE","@id":"https:\/\/vmsport.fi\/#\/schema\/logo\/image\/","url":"https:\/\/vmsport.fi\/wp-content\/uploads\/2024\/12\/vm_sport_RGB_horisontal-e1734526017575.png","contentUrl":"https:\/\/vmsport.fi\/wp-content\/uploads\/2024\/12\/vm_sport_RGB_horisontal-e1734526017575.png","width":668,"height":85,"caption":"Vmsport"},"image":{"@id":"https:\/\/vmsport.fi\/#\/schema\/logo\/image\/"},"sameAs":["https:\/\/www.facebook.com\/Vmsport.fi\/","https:\/\/www.instagram.com\/vmsport\/"]}]}},"global_unique_id":"","_links":{"self":[{"href":"https:\/\/vmsport.fi\/sv\/wp-json\/wp\/v2\/product\/54146","targetHints":{"allow":["GET"]}}],"collection":[{"href":"https:\/\/vmsport.fi\/sv\/wp-json\/wp\/v2\/product"}],"about":[{"href":"https:\/\/vmsport.fi\/sv\/wp-json\/wp\/v2\/types\/product"}],"replies":[{"embeddable":true,"href":"https:\/\/vmsport.fi\/sv\/wp-json\/wp\/v2\/comments?post=54146"}],"wp:featuredmedia":[{"embeddable":true,"href":"https:\/\/vmsport.fi\/sv\/wp-json\/wp\/v2\/media\/54145"}],"wp:attachment":[{"href":"https:\/\/vmsport.fi\/sv\/wp-json\/wp\/v2\/media?parent=54146"}],"wp:term":[{"taxonomy":"product_brand","embeddable":true,"href":"https:\/\/vmsport.fi\/sv\/wp-json\/wp\/v2\/product_brand?post=54146"},{"taxonomy":"product_model","embeddable":true,"href":"https:\/\/vmsport.fi\/sv\/wp-json\/wp\/v2\/product_model?post=54146"},{"taxonomy":"product_cat","embeddable":true,"href":"https:\/\/vmsport.fi\/sv\/wp-json\/wp\/v2\/product_cat?post=54146"},{"taxonomy":"product_tag","embeddable":true,"href":"https:\/\/vmsport.fi\/sv\/wp-json\/wp\/v2\/product_tag?post=54146"},{"taxonomy":"industry_terminology","embeddable":true,"href":"https:\/\/vmsport.fi\/sv\/wp-json\/wp\/v2\/industry-terminology?post=54146"}],"curies":[{"name":"wp","href":"https:\/\/api.w.org\/{rel}","templated":true}]}}