{"id":54140,"date":"2025-03-05T23:50:15","date_gmt":"2025-03-05T21:50:15","guid":{"rendered":"https:\/\/vmsport.fi\/verkkokauppa\/Ei-luokiteltu\/ns-bikes-zircus-24-tuumainen\/"},"modified":"2026-01-16T13:21:46","modified_gmt":"2026-01-16T11:21:46","slug":"ns-cyklar-zircus-24-tum","status":"publish","type":"product","link":"https:\/\/vmsport.fi\/sv\/verkkokauppa\/polkupyorat\/maastopyorat\/dirt-pyorat\/ns-bikes-zircus-24-tuumainen\/","title":{"rendered":"NS Bikes Zircus 24 tum"},"content":{"rendered":"<p>NS Bikes Zircus 24 \u00e4r en m\u00e5ngsidig och h\u00e5llbar cykel som passar f\u00f6r aggressiva k\u00f6rstilar och en m\u00e4ngd olika terr\u00e4nger, inklusive grusv\u00e4gar och stadsanv\u00e4ndning. De robusta komponenterna, t.ex. pedaler, styrstam och styre, ger tillf\u00f6rlitlig prestanda \u00e4ven under kr\u00e4vande f\u00f6rh\u00e5llanden. Cykelns 24-tumsd\u00e4ck ger komfort och stabilitet f\u00f6r ett brett spektrum av anv\u00e4ndare. Skivbromsar och Kenda-d\u00e4ck s\u00e4kerst\u00e4ller effektiv bromsning, medan env\u00e4xelsystemet g\u00f6r cyklingen enkel och smidig. Den gr\u00e5 ramen kombinerar elegans och funktionalitet, vilket g\u00f6r Zircus 24 till ett utm\u00e4rkt val f\u00f6r cykelentusiaster.<\/p>","protected":false},"excerpt":{"rendered":"<p>NS Bikes Zircus 24 on monipuolinen ja kest\u00e4v\u00e4 polkupy\u00f6r\u00e4, joka soveltuu aggressiivisiin ajotyyleihin ja erilaisiin maastoihin, kuten sorateille ja kaupunkik\u00e4ytt\u00f6\u00f6n. Sen vankat osat, kuten polkimet, stemmi ja ohjaustanko, takaavat luotettavan suorituskyvyn vaativissakin olosuhteissa. Py\u00f6r\u00e4n 24-tuumaiset renkaat tarjoavat mukavuutta ja vakautta monenlaisille k\u00e4ytt\u00e4jille. Levyjarrut ja Kenda-renkaat takaavat tehokkaan jarrutuksen, ja yksivaihteinen j\u00e4rjestelm\u00e4 tekee ajamisesta helppoa ja [&#8230;]<\/p>\n<p><a class=\"btn btn-secondary understrap-read-more-link\" href=\"https:\/\/vmsport.fi\/sv\/verkkokauppa\/polkupyorat\/maastopyorat\/dirt-pyorat\/ns-bikes-zircus-24-tuumainen\/\">L\u00e4s mer \u2026<span class=\"screen-reader-text\"> from NS Bikes Zircus 24 tuumainen<\/span><\/a><\/p>\n","protected":false},"featured_media":54139,"comment_status":"open","ping_status":"closed","template":"","meta":{"_acf_changed":false,"_improvement_type_select":"improve_an_existing","_thumb_yes_seoaic":false,"_frame_yes_seoaic":false,"seoaic_generate_description":"","seoaic_improve_instructions_prompt":"","seoaic_rollback_content_improvement":"","seoaic_idea_thumbnail_generator":"","thumbnail_generated":false,"thumbnail_generate_prompt":"","seoaic_article_description":"","_supplier_stock_quantity":0},"product_brand":[],"product_model":[],"product_cat":[9478],"product_tag":[],"industry-terminology":[],"class_list":{"0":"post-54140","1":"product","2":"type-product","3":"status-publish","4":"has-post-thumbnail","6":"product_cat-dirt-pyorat","8":"first","9":"instock","10":"taxable","11":"shipping-taxable","12":"purchasable","13":"product-type-simple"},"acf":{"bike_features":null,"overview":{"copy_overview":null,"key_features":null,"statement":"","youtube_url":""}},"yoast_head":"<!-- This site is optimized with the Yoast SEO plugin v27.3 - https:\/\/yoast.com\/product\/yoast-seo-wordpress\/ -->\n<title>NS Bikes Zircus 24 tuumainen - VM Sport<\/title>\n<meta name=\"robots\" content=\"index, follow, max-snippet:-1, max-image-preview:large, max-video-preview:-1\" \/>\n<link rel=\"canonical\" href=\"https:\/\/vmsport.fi\/sv\/webbutik\/cyklar\/landskap-cikoria\/smuts-pyorat\/ns-cyklar-zircus-24-tum\/\" \/>\n<meta property=\"og:locale\" content=\"sv_SE\" \/>\n<meta property=\"og:type\" content=\"article\" \/>\n<meta property=\"og:title\" content=\"NS Bikes Zircus 24 tuumainen - VM Sport\" \/>\n<meta property=\"og:description\" content=\"NS Bikes Zircus 24 on monipuolinen ja kest\u00e4v\u00e4 polkupy\u00f6r\u00e4, joka soveltuu aggressiivisiin ajotyyleihin ja erilaisiin maastoihin, kuten sorateille ja kaupunkik\u00e4ytt\u00f6\u00f6n. Sen vankat osat, kuten polkimet, stemmi ja ohjaustanko, takaavat luotettavan suorituskyvyn vaativissakin olosuhteissa. Py\u00f6r\u00e4n 24-tuumaiset renkaat tarjoavat mukavuutta ja vakautta monenlaisille k\u00e4ytt\u00e4jille. Levyjarrut ja Kenda-renkaat takaavat tehokkaan jarrutuksen, ja yksivaihteinen j\u00e4rjestelm\u00e4 tekee ajamisesta helppoa ja [...]L\u00e4s mer \u2026 from NS Bikes Zircus 24 tuumainen\" \/>\n<meta property=\"og:url\" content=\"https:\/\/vmsport.fi\/sv\/webbutik\/cyklar\/landskap-cikoria\/smuts-pyorat\/ns-cyklar-zircus-24-tum\/\" \/>\n<meta property=\"og:site_name\" content=\"VM Sport\" \/>\n<meta property=\"article:publisher\" content=\"https:\/\/www.facebook.com\/Vmsport.fi\/\" \/>\n<meta property=\"article:modified_time\" content=\"2026-01-16T11:21:46+00:00\" \/>\n<meta property=\"og:image\" content=\"https:\/\/vmsport.fi\/wp-content\/uploads\/2025\/03\/NS-Bike-Zircus24-Raw-harmaa-1.jpg\" \/>\n\t<meta property=\"og:image:width\" content=\"1000\" \/>\n\t<meta property=\"og:image:height\" content=\"666\" \/>\n\t<meta property=\"og:image:type\" content=\"image\/jpeg\" \/>\n<meta name=\"twitter:card\" content=\"summary_large_image\" \/>\n<script type=\"application\/ld+json\" class=\"yoast-schema-graph\">{\"@context\":\"https:\\\/\\\/schema.org\",\"@graph\":[{\"@type\":[\"WebPage\",\"ItemPage\"],\"@id\":\"https:\\\/\\\/vmsport.fi\\\/verkkokauppa\\\/polkupyorat\\\/maastopyorat\\\/dirt-pyorat\\\/ns-bikes-zircus-24-tuumainen\\\/\",\"url\":\"https:\\\/\\\/vmsport.fi\\\/verkkokauppa\\\/polkupyorat\\\/maastopyorat\\\/dirt-pyorat\\\/ns-bikes-zircus-24-tuumainen\\\/\",\"name\":\"NS Bikes Zircus 24 tuumainen - VM Sport\",\"isPartOf\":{\"@id\":\"https:\\\/\\\/vmsport.fi\\\/#website\"},\"primaryImageOfPage\":{\"@id\":\"https:\\\/\\\/vmsport.fi\\\/verkkokauppa\\\/polkupyorat\\\/maastopyorat\\\/dirt-pyorat\\\/ns-bikes-zircus-24-tuumainen\\\/#primaryimage\"},\"image\":{\"@id\":\"https:\\\/\\\/vmsport.fi\\\/verkkokauppa\\\/polkupyorat\\\/maastopyorat\\\/dirt-pyorat\\\/ns-bikes-zircus-24-tuumainen\\\/#primaryimage\"},\"thumbnailUrl\":\"https:\\\/\\\/vmsport.fi\\\/wp-content\\\/uploads\\\/2025\\\/03\\\/NS-Bike-Zircus24-Raw-harmaa-1.jpg\",\"datePublished\":\"2025-03-05T21:50:15+00:00\",\"dateModified\":\"2026-01-16T11:21:46+00:00\",\"breadcrumb\":{\"@id\":\"https:\\\/\\\/vmsport.fi\\\/verkkokauppa\\\/polkupyorat\\\/maastopyorat\\\/dirt-pyorat\\\/ns-bikes-zircus-24-tuumainen\\\/#breadcrumb\"},\"inLanguage\":\"sv-SE\",\"potentialAction\":[{\"@type\":\"ReadAction\",\"target\":[\"https:\\\/\\\/vmsport.fi\\\/verkkokauppa\\\/polkupyorat\\\/maastopyorat\\\/dirt-pyorat\\\/ns-bikes-zircus-24-tuumainen\\\/\"]}]},{\"@type\":\"ImageObject\",\"inLanguage\":\"sv-SE\",\"@id\":\"https:\\\/\\\/vmsport.fi\\\/verkkokauppa\\\/polkupyorat\\\/maastopyorat\\\/dirt-pyorat\\\/ns-bikes-zircus-24-tuumainen\\\/#primaryimage\",\"url\":\"https:\\\/\\\/vmsport.fi\\\/wp-content\\\/uploads\\\/2025\\\/03\\\/NS-Bike-Zircus24-Raw-harmaa-1.jpg\",\"contentUrl\":\"https:\\\/\\\/vmsport.fi\\\/wp-content\\\/uploads\\\/2025\\\/03\\\/NS-Bike-Zircus24-Raw-harmaa-1.jpg\",\"width\":1000,\"height\":666,\"caption\":\"NS-Bike-Zircus24-Raw-harmaa\"},{\"@type\":\"BreadcrumbList\",\"@id\":\"https:\\\/\\\/vmsport.fi\\\/verkkokauppa\\\/polkupyorat\\\/maastopyorat\\\/dirt-pyorat\\\/ns-bikes-zircus-24-tuumainen\\\/#breadcrumb\",\"itemListElement\":[{\"@type\":\"ListItem\",\"position\":1,\"name\":\"Etusivu\",\"item\":\"https:\\\/\\\/vmsport.fi\\\/\"},{\"@type\":\"ListItem\",\"position\":2,\"name\":\"Online Store\",\"item\":\"https:\\\/\\\/vmsport.fi\\\/en\\\/online-store\\\/\"},{\"@type\":\"ListItem\",\"position\":3,\"name\":\"NS Bikes Zircus 24 tuumainen\"}]},{\"@type\":\"WebSite\",\"@id\":\"https:\\\/\\\/vmsport.fi\\\/#website\",\"url\":\"https:\\\/\\\/vmsport.fi\\\/\",\"name\":\"Vmsport\",\"description\":\"Kaikki py\u00f6r\u00e4ilyyn yhdest\u00e4 paikasta\",\"publisher\":{\"@id\":\"https:\\\/\\\/vmsport.fi\\\/#organization\"},\"potentialAction\":[{\"@type\":\"SearchAction\",\"target\":{\"@type\":\"EntryPoint\",\"urlTemplate\":\"https:\\\/\\\/vmsport.fi\\\/?s={search_term_string}\"},\"query-input\":{\"@type\":\"PropertyValueSpecification\",\"valueRequired\":true,\"valueName\":\"search_term_string\"}}],\"inLanguage\":\"sv-SE\"},{\"@type\":\"Organization\",\"@id\":\"https:\\\/\\\/vmsport.fi\\\/#organization\",\"name\":\"Vmsport\",\"url\":\"https:\\\/\\\/vmsport.fi\\\/\",\"logo\":{\"@type\":\"ImageObject\",\"inLanguage\":\"sv-SE\",\"@id\":\"https:\\\/\\\/vmsport.fi\\\/#\\\/schema\\\/logo\\\/image\\\/\",\"url\":\"https:\\\/\\\/vmsport.fi\\\/wp-content\\\/uploads\\\/2024\\\/12\\\/vm_sport_RGB_horisontal-e1734526017575.png\",\"contentUrl\":\"https:\\\/\\\/vmsport.fi\\\/wp-content\\\/uploads\\\/2024\\\/12\\\/vm_sport_RGB_horisontal-e1734526017575.png\",\"width\":668,\"height\":85,\"caption\":\"Vmsport\"},\"image\":{\"@id\":\"https:\\\/\\\/vmsport.fi\\\/#\\\/schema\\\/logo\\\/image\\\/\"},\"sameAs\":[\"https:\\\/\\\/www.facebook.com\\\/Vmsport.fi\\\/\",\"https:\\\/\\\/www.instagram.com\\\/vmsport\\\/\"]}]}<\/script>\n<!-- \/ Yoast SEO plugin. -->","yoast_head_json":{"title":"NS Bikes Zircus 24 tum - VM Sport","robots":{"index":"index","follow":"follow","max-snippet":"max-snippet:-1","max-image-preview":"max-image-preview:large","max-video-preview":"max-video-preview:-1"},"canonical":"https:\/\/vmsport.fi\/sv\/webbutik\/cyklar\/landskap-cikoria\/smuts-pyorat\/ns-cyklar-zircus-24-tum\/","og_locale":"sv_SE","og_type":"article","og_title":"NS Bikes Zircus 24 tuumainen - VM Sport","og_description":"NS Bikes Zircus 24 on monipuolinen ja kest\u00e4v\u00e4 polkupy\u00f6r\u00e4, joka soveltuu aggressiivisiin ajotyyleihin ja erilaisiin maastoihin, kuten sorateille ja kaupunkik\u00e4ytt\u00f6\u00f6n. Sen vankat osat, kuten polkimet, stemmi ja ohjaustanko, takaavat luotettavan suorituskyvyn vaativissakin olosuhteissa. Py\u00f6r\u00e4n 24-tuumaiset renkaat tarjoavat mukavuutta ja vakautta monenlaisille k\u00e4ytt\u00e4jille. Levyjarrut ja Kenda-renkaat takaavat tehokkaan jarrutuksen, ja yksivaihteinen j\u00e4rjestelm\u00e4 tekee ajamisesta helppoa ja [...]L\u00e4s mer \u2026 from NS Bikes Zircus 24 tuumainen","og_url":"https:\/\/vmsport.fi\/sv\/webbutik\/cyklar\/landskap-cikoria\/smuts-pyorat\/ns-cyklar-zircus-24-tum\/","og_site_name":"VM Sport","article_publisher":"https:\/\/www.facebook.com\/Vmsport.fi\/","article_modified_time":"2026-01-16T11:21:46+00:00","og_image":[{"width":1000,"height":666,"url":"https:\/\/vmsport.fi\/wp-content\/uploads\/2025\/03\/NS-Bike-Zircus24-Raw-harmaa-1.jpg","type":"image\/jpeg"}],"twitter_card":"summary_large_image","schema":{"@context":"https:\/\/schema.org","@graph":[{"@type":["WebPage","ItemPage"],"@id":"https:\/\/vmsport.fi\/verkkokauppa\/polkupyorat\/maastopyorat\/dirt-pyorat\/ns-bikes-zircus-24-tuumainen\/","url":"https:\/\/vmsport.fi\/verkkokauppa\/polkupyorat\/maastopyorat\/dirt-pyorat\/ns-bikes-zircus-24-tuumainen\/","name":"NS Bikes Zircus 24 tum - VM Sport","isPartOf":{"@id":"https:\/\/vmsport.fi\/#website"},"primaryImageOfPage":{"@id":"https:\/\/vmsport.fi\/verkkokauppa\/polkupyorat\/maastopyorat\/dirt-pyorat\/ns-bikes-zircus-24-tuumainen\/#primaryimage"},"image":{"@id":"https:\/\/vmsport.fi\/verkkokauppa\/polkupyorat\/maastopyorat\/dirt-pyorat\/ns-bikes-zircus-24-tuumainen\/#primaryimage"},"thumbnailUrl":"https:\/\/vmsport.fi\/wp-content\/uploads\/2025\/03\/NS-Bike-Zircus24-Raw-harmaa-1.jpg","datePublished":"2025-03-05T21:50:15+00:00","dateModified":"2026-01-16T11:21:46+00:00","breadcrumb":{"@id":"https:\/\/vmsport.fi\/verkkokauppa\/polkupyorat\/maastopyorat\/dirt-pyorat\/ns-bikes-zircus-24-tuumainen\/#breadcrumb"},"inLanguage":"sv-SE","potentialAction":[{"@type":"ReadAction","target":["https:\/\/vmsport.fi\/verkkokauppa\/polkupyorat\/maastopyorat\/dirt-pyorat\/ns-bikes-zircus-24-tuumainen\/"]}]},{"@type":"ImageObject","inLanguage":"sv-SE","@id":"https:\/\/vmsport.fi\/verkkokauppa\/polkupyorat\/maastopyorat\/dirt-pyorat\/ns-bikes-zircus-24-tuumainen\/#primaryimage","url":"https:\/\/vmsport.fi\/wp-content\/uploads\/2025\/03\/NS-Bike-Zircus24-Raw-harmaa-1.jpg","contentUrl":"https:\/\/vmsport.fi\/wp-content\/uploads\/2025\/03\/NS-Bike-Zircus24-Raw-harmaa-1.jpg","width":1000,"height":666,"caption":"NS-Bike-Zircus24-Raw-harmaa"},{"@type":"BreadcrumbList","@id":"https:\/\/vmsport.fi\/verkkokauppa\/polkupyorat\/maastopyorat\/dirt-pyorat\/ns-bikes-zircus-24-tuumainen\/#breadcrumb","itemListElement":[{"@type":"ListItem","position":1,"name":"Etusivu","item":"https:\/\/vmsport.fi\/"},{"@type":"ListItem","position":2,"name":"Online Store","item":"https:\/\/vmsport.fi\/en\/online-store\/"},{"@type":"ListItem","position":3,"name":"NS Bikes Zircus 24 tuumainen"}]},{"@type":"WebSite","@id":"https:\/\/vmsport.fi\/#website","url":"https:\/\/vmsport.fi\/","name":"Vmsport","description":"Allt p\u00e5 ett st\u00e4lle f\u00f6r cykling","publisher":{"@id":"https:\/\/vmsport.fi\/#organization"},"potentialAction":[{"@type":"SearchAction","target":{"@type":"EntryPoint","urlTemplate":"https:\/\/vmsport.fi\/?s={search_term_string}"},"query-input":{"@type":"PropertyValueSpecification","valueRequired":true,"valueName":"search_term_string"}}],"inLanguage":"sv-SE"},{"@type":"Organization","@id":"https:\/\/vmsport.fi\/#organization","name":"Vmsport","url":"https:\/\/vmsport.fi\/","logo":{"@type":"ImageObject","inLanguage":"sv-SE","@id":"https:\/\/vmsport.fi\/#\/schema\/logo\/image\/","url":"https:\/\/vmsport.fi\/wp-content\/uploads\/2024\/12\/vm_sport_RGB_horisontal-e1734526017575.png","contentUrl":"https:\/\/vmsport.fi\/wp-content\/uploads\/2024\/12\/vm_sport_RGB_horisontal-e1734526017575.png","width":668,"height":85,"caption":"Vmsport"},"image":{"@id":"https:\/\/vmsport.fi\/#\/schema\/logo\/image\/"},"sameAs":["https:\/\/www.facebook.com\/Vmsport.fi\/","https:\/\/www.instagram.com\/vmsport\/"]}]}},"global_unique_id":"","_links":{"self":[{"href":"https:\/\/vmsport.fi\/sv\/wp-json\/wp\/v2\/product\/54140","targetHints":{"allow":["GET"]}}],"collection":[{"href":"https:\/\/vmsport.fi\/sv\/wp-json\/wp\/v2\/product"}],"about":[{"href":"https:\/\/vmsport.fi\/sv\/wp-json\/wp\/v2\/types\/product"}],"replies":[{"embeddable":true,"href":"https:\/\/vmsport.fi\/sv\/wp-json\/wp\/v2\/comments?post=54140"}],"wp:featuredmedia":[{"embeddable":true,"href":"https:\/\/vmsport.fi\/sv\/wp-json\/wp\/v2\/media\/54139"}],"wp:attachment":[{"href":"https:\/\/vmsport.fi\/sv\/wp-json\/wp\/v2\/media?parent=54140"}],"wp:term":[{"taxonomy":"product_brand","embeddable":true,"href":"https:\/\/vmsport.fi\/sv\/wp-json\/wp\/v2\/product_brand?post=54140"},{"taxonomy":"product_model","embeddable":true,"href":"https:\/\/vmsport.fi\/sv\/wp-json\/wp\/v2\/product_model?post=54140"},{"taxonomy":"product_cat","embeddable":true,"href":"https:\/\/vmsport.fi\/sv\/wp-json\/wp\/v2\/product_cat?post=54140"},{"taxonomy":"product_tag","embeddable":true,"href":"https:\/\/vmsport.fi\/sv\/wp-json\/wp\/v2\/product_tag?post=54140"},{"taxonomy":"industry_terminology","embeddable":true,"href":"https:\/\/vmsport.fi\/sv\/wp-json\/wp\/v2\/industry-terminology?post=54140"}],"curies":[{"name":"wp","href":"https:\/\/api.w.org\/{rel}","templated":true}]}}