{"id":54138,"date":"2025-03-05T23:50:13","date_gmt":"2025-03-05T21:50:13","guid":{"rendered":"https:\/\/vmsport.fi\/verkkokauppa\/Ei-luokiteltu\/unior-crank-puller-size-14mm-material-flex-plus-carbon-steel\/"},"modified":"2026-01-16T13:20:45","modified_gmt":"2026-01-16T11:20:45","slug":"unior-crank-puller-size-14mm-material-flex-plus-carbon-steel","status":"publish","type":"product","link":"https:\/\/vmsport.fi\/sv\/verkkokauppa\/tarvikkeet\/tyokalut\/voimansiirtotyokalut\/unior-crank-puller-size-14mm-material-flex-plus-carbon-steel\/","title":{"rendered":"UNIOR Vevdragare Storlek: 14 mm Material: flex plus kolst\u00e5l"},"content":{"rendered":"<p>UNIORin kampiveto on suunniteltu erityisesti tilanteisiin, joissa kammesta on irronnut sis\u00e4kierre tai se on muuten vahingoittunut, jolloin tavallinen vet\u00e4j\u00e4 ei pysty irrottamaan kampia. T\u00e4m\u00e4 ty\u00f6kalu on valmistettu eritt\u00e4in kest\u00e4v\u00e4st\u00e4 flex plus -hiiliter\u00e4ksest\u00e4, ja sen pitk\u00e4n k\u00e4ytt\u00f6i\u00e4n varmistavat edistyneet valmistusmenetelm\u00e4t. Ty\u00f6kalun ergonomisesti muotoiltu kahva parantaa k\u00e4ytt\u00e4j\u00e4n otetta ja lis\u00e4\u00e4 turvallisuutta korjaust\u00f6iden aikana. Sen tehokkuus tekee kampien irrottamisesta nopeampaa ja sujuvampaa, mahdollistaen ty\u00f6skentelyn my\u00f6s ahtaissa tiloissa. Laite on yhteensopiva uusimpien py\u00f6r\u00e4mallien kanssa, mik\u00e4 lis\u00e4\u00e4 k\u00e4ytt\u00f6mukavuutta ja optimoi suorituskyvyn.<\/p>","protected":false},"excerpt":{"rendered":"<p>UNIORin kampiveto on suunniteltu erityisesti tilanteisiin, joissa kammesta on irronnut sis\u00e4kierre tai se on muuten vahingoittunut, jolloin tavallinen vet\u00e4j\u00e4 ei pysty irrottamaan kampia. T\u00e4m\u00e4 ty\u00f6kalu on valmistettu eritt\u00e4in kest\u00e4v\u00e4st\u00e4 flex plus -hiiliter\u00e4ksest\u00e4, ja sen pitk\u00e4n k\u00e4ytt\u00f6i\u00e4n varmistavat edistyneet valmistusmenetelm\u00e4t. Ty\u00f6kalun ergonomisesti muotoiltu kahva parantaa k\u00e4ytt\u00e4j\u00e4n otetta ja lis\u00e4\u00e4 turvallisuutta korjaust\u00f6iden aikana. Sen tehokkuus tekee kampien [&#8230;]<\/p>\n<p><a class=\"btn btn-secondary understrap-read-more-link\" href=\"https:\/\/vmsport.fi\/sv\/verkkokauppa\/tarvikkeet\/tyokalut\/voimansiirtotyokalut\/unior-crank-puller-size-14mm-material-flex-plus-carbon-steel\/\">L\u00e4s mer \u2026<span class=\"screen-reader-text\"> from UNIOR Crank puller Size: 14mm. Material: flex plus carbon steel<\/span><\/a><\/p>\n","protected":false},"featured_media":54137,"comment_status":"open","ping_status":"closed","template":"","meta":{"_acf_changed":false,"_improvement_type_select":"improve_an_existing","_thumb_yes_seoaic":false,"_frame_yes_seoaic":false,"seoaic_generate_description":"","seoaic_improve_instructions_prompt":"","seoaic_rollback_content_improvement":"","seoaic_idea_thumbnail_generator":"","thumbnail_generated":false,"thumbnail_generate_prompt":"","seoaic_article_description":"","_supplier_stock_quantity":0},"product_brand":[],"product_model":[],"product_cat":[9342],"product_tag":[],"industry-terminology":[],"class_list":{"0":"post-54138","1":"product","2":"type-product","3":"status-publish","4":"has-post-thumbnail","6":"product_cat-voimansiirtotyokalut","8":"first","9":"outofstock","10":"taxable","11":"shipping-taxable","12":"product-type-simple"},"acf":{"bike_features":null,"overview":{"copy_overview":null,"key_features":null,"statement":"","youtube_url":""}},"yoast_head":"<!-- This site is optimized with the Yoast SEO plugin v27.3 - https:\/\/yoast.com\/product\/yoast-seo-wordpress\/ -->\n<title>UNIOR Crank puller Size: 14mm. Material: flex plus carbon steel - VM Sport<\/title>\n<meta name=\"robots\" content=\"index, follow, max-snippet:-1, max-image-preview:large, max-video-preview:-1\" \/>\n<link rel=\"canonical\" href=\"https:\/\/vmsport.fi\/sv\/webbutik\/tillbehor\/tyokalut\/transmissionsfasten\/unior-crank-puller-size-14mm-material-flex-plus-carbon-steel\/\" \/>\n<meta property=\"og:locale\" content=\"sv_SE\" \/>\n<meta property=\"og:type\" content=\"article\" \/>\n<meta property=\"og:title\" content=\"UNIOR Crank puller Size: 14mm. Material: flex plus carbon steel - VM Sport\" \/>\n<meta property=\"og:description\" content=\"UNIORin kampiveto on suunniteltu erityisesti tilanteisiin, joissa kammesta on irronnut sis\u00e4kierre tai se on muuten vahingoittunut, jolloin tavallinen vet\u00e4j\u00e4 ei pysty irrottamaan kampia. T\u00e4m\u00e4 ty\u00f6kalu on valmistettu eritt\u00e4in kest\u00e4v\u00e4st\u00e4 flex plus -hiiliter\u00e4ksest\u00e4, ja sen pitk\u00e4n k\u00e4ytt\u00f6i\u00e4n varmistavat edistyneet valmistusmenetelm\u00e4t. Ty\u00f6kalun ergonomisesti muotoiltu kahva parantaa k\u00e4ytt\u00e4j\u00e4n otetta ja lis\u00e4\u00e4 turvallisuutta korjaust\u00f6iden aikana. Sen tehokkuus tekee kampien [...]L\u00e4s mer \u2026 from UNIOR Crank puller Size: 14mm. Material: flex plus carbon steel\" \/>\n<meta property=\"og:url\" content=\"https:\/\/vmsport.fi\/sv\/webbutik\/tillbehor\/tyokalut\/transmissionsfasten\/unior-crank-puller-size-14mm-material-flex-plus-carbon-steel\/\" \/>\n<meta property=\"og:site_name\" content=\"VM Sport\" \/>\n<meta property=\"article:publisher\" content=\"https:\/\/www.facebook.com\/Vmsport.fi\/\" \/>\n<meta property=\"article:modified_time\" content=\"2026-01-16T11:20:45+00:00\" \/>\n<meta property=\"og:image\" content=\"https:\/\/vmsport.fi\/wp-content\/uploads\/2025\/03\/fF99fIsXzHXQqYNnmpeSxJxRRqQWvBp1svyl0gDz5Vr8od2Ggg-1.jpg\" \/>\n\t<meta property=\"og:image:width\" content=\"800\" \/>\n\t<meta property=\"og:image:height\" content=\"800\" \/>\n\t<meta property=\"og:image:type\" content=\"image\/jpeg\" \/>\n<meta name=\"twitter:card\" content=\"summary_large_image\" \/>\n<meta name=\"twitter:label1\" content=\"Ber\u00e4knad l\u00e4stid\" \/>\n\t<meta name=\"twitter:data1\" content=\"1 minut\" \/>\n<script type=\"application\/ld+json\" class=\"yoast-schema-graph\">{\"@context\":\"https:\\\/\\\/schema.org\",\"@graph\":[{\"@type\":[\"WebPage\",\"ItemPage\"],\"@id\":\"https:\\\/\\\/vmsport.fi\\\/verkkokauppa\\\/tarvikkeet\\\/tyokalut\\\/voimansiirtotyokalut\\\/unior-crank-puller-size-14mm-material-flex-plus-carbon-steel\\\/\",\"url\":\"https:\\\/\\\/vmsport.fi\\\/verkkokauppa\\\/tarvikkeet\\\/tyokalut\\\/voimansiirtotyokalut\\\/unior-crank-puller-size-14mm-material-flex-plus-carbon-steel\\\/\",\"name\":\"UNIOR Crank puller Size: 14mm. Material: flex plus carbon steel - VM Sport\",\"isPartOf\":{\"@id\":\"https:\\\/\\\/vmsport.fi\\\/#website\"},\"primaryImageOfPage\":{\"@id\":\"https:\\\/\\\/vmsport.fi\\\/verkkokauppa\\\/tarvikkeet\\\/tyokalut\\\/voimansiirtotyokalut\\\/unior-crank-puller-size-14mm-material-flex-plus-carbon-steel\\\/#primaryimage\"},\"image\":{\"@id\":\"https:\\\/\\\/vmsport.fi\\\/verkkokauppa\\\/tarvikkeet\\\/tyokalut\\\/voimansiirtotyokalut\\\/unior-crank-puller-size-14mm-material-flex-plus-carbon-steel\\\/#primaryimage\"},\"thumbnailUrl\":\"https:\\\/\\\/vmsport.fi\\\/wp-content\\\/uploads\\\/2025\\\/03\\\/fF99fIsXzHXQqYNnmpeSxJxRRqQWvBp1svyl0gDz5Vr8od2Ggg-1.jpg\",\"datePublished\":\"2025-03-05T21:50:13+00:00\",\"dateModified\":\"2026-01-16T11:20:45+00:00\",\"breadcrumb\":{\"@id\":\"https:\\\/\\\/vmsport.fi\\\/verkkokauppa\\\/tarvikkeet\\\/tyokalut\\\/voimansiirtotyokalut\\\/unior-crank-puller-size-14mm-material-flex-plus-carbon-steel\\\/#breadcrumb\"},\"inLanguage\":\"sv-SE\",\"potentialAction\":[{\"@type\":\"ReadAction\",\"target\":[\"https:\\\/\\\/vmsport.fi\\\/verkkokauppa\\\/tarvikkeet\\\/tyokalut\\\/voimansiirtotyokalut\\\/unior-crank-puller-size-14mm-material-flex-plus-carbon-steel\\\/\"]}]},{\"@type\":\"ImageObject\",\"inLanguage\":\"sv-SE\",\"@id\":\"https:\\\/\\\/vmsport.fi\\\/verkkokauppa\\\/tarvikkeet\\\/tyokalut\\\/voimansiirtotyokalut\\\/unior-crank-puller-size-14mm-material-flex-plus-carbon-steel\\\/#primaryimage\",\"url\":\"https:\\\/\\\/vmsport.fi\\\/wp-content\\\/uploads\\\/2025\\\/03\\\/fF99fIsXzHXQqYNnmpeSxJxRRqQWvBp1svyl0gDz5Vr8od2Ggg-1.jpg\",\"contentUrl\":\"https:\\\/\\\/vmsport.fi\\\/wp-content\\\/uploads\\\/2025\\\/03\\\/fF99fIsXzHXQqYNnmpeSxJxRRqQWvBp1svyl0gDz5Vr8od2Ggg-1.jpg\",\"width\":800,\"height\":800,\"caption\":\"fF99fIsXzHXQqYNnmpeSxJxRRqQWvBp1svyl0gDz5Vr8od2Ggg\"},{\"@type\":\"BreadcrumbList\",\"@id\":\"https:\\\/\\\/vmsport.fi\\\/verkkokauppa\\\/tarvikkeet\\\/tyokalut\\\/voimansiirtotyokalut\\\/unior-crank-puller-size-14mm-material-flex-plus-carbon-steel\\\/#breadcrumb\",\"itemListElement\":[{\"@type\":\"ListItem\",\"position\":1,\"name\":\"Etusivu\",\"item\":\"https:\\\/\\\/vmsport.fi\\\/\"},{\"@type\":\"ListItem\",\"position\":2,\"name\":\"Online Store\",\"item\":\"https:\\\/\\\/vmsport.fi\\\/en\\\/online-store\\\/\"},{\"@type\":\"ListItem\",\"position\":3,\"name\":\"UNIOR Crank puller Size: 14mm. Material: flex plus carbon steel\"}]},{\"@type\":\"WebSite\",\"@id\":\"https:\\\/\\\/vmsport.fi\\\/#website\",\"url\":\"https:\\\/\\\/vmsport.fi\\\/\",\"name\":\"Vmsport\",\"description\":\"Kaikki py\u00f6r\u00e4ilyyn yhdest\u00e4 paikasta\",\"publisher\":{\"@id\":\"https:\\\/\\\/vmsport.fi\\\/#organization\"},\"potentialAction\":[{\"@type\":\"SearchAction\",\"target\":{\"@type\":\"EntryPoint\",\"urlTemplate\":\"https:\\\/\\\/vmsport.fi\\\/?s={search_term_string}\"},\"query-input\":{\"@type\":\"PropertyValueSpecification\",\"valueRequired\":true,\"valueName\":\"search_term_string\"}}],\"inLanguage\":\"sv-SE\"},{\"@type\":\"Organization\",\"@id\":\"https:\\\/\\\/vmsport.fi\\\/#organization\",\"name\":\"Vmsport\",\"url\":\"https:\\\/\\\/vmsport.fi\\\/\",\"logo\":{\"@type\":\"ImageObject\",\"inLanguage\":\"sv-SE\",\"@id\":\"https:\\\/\\\/vmsport.fi\\\/#\\\/schema\\\/logo\\\/image\\\/\",\"url\":\"https:\\\/\\\/vmsport.fi\\\/wp-content\\\/uploads\\\/2024\\\/12\\\/vm_sport_RGB_horisontal-e1734526017575.png\",\"contentUrl\":\"https:\\\/\\\/vmsport.fi\\\/wp-content\\\/uploads\\\/2024\\\/12\\\/vm_sport_RGB_horisontal-e1734526017575.png\",\"width\":668,\"height\":85,\"caption\":\"Vmsport\"},\"image\":{\"@id\":\"https:\\\/\\\/vmsport.fi\\\/#\\\/schema\\\/logo\\\/image\\\/\"},\"sameAs\":[\"https:\\\/\\\/www.facebook.com\\\/Vmsport.fi\\\/\",\"https:\\\/\\\/www.instagram.com\\\/vmsport\\\/\"]}]}<\/script>\n<!-- \/ Yoast SEO plugin. -->","yoast_head_json":{"title":"UNIOR Crank puller Size: 14mm. Material: flex plus carbon steel - VM Sport","robots":{"index":"index","follow":"follow","max-snippet":"max-snippet:-1","max-image-preview":"max-image-preview:large","max-video-preview":"max-video-preview:-1"},"canonical":"https:\/\/vmsport.fi\/sv\/webbutik\/tillbehor\/tyokalut\/transmissionsfasten\/unior-crank-puller-size-14mm-material-flex-plus-carbon-steel\/","og_locale":"sv_SE","og_type":"article","og_title":"UNIOR Crank puller Size: 14mm. Material: flex plus carbon steel - VM Sport","og_description":"UNIORin kampiveto on suunniteltu erityisesti tilanteisiin, joissa kammesta on irronnut sis\u00e4kierre tai se on muuten vahingoittunut, jolloin tavallinen vet\u00e4j\u00e4 ei pysty irrottamaan kampia. T\u00e4m\u00e4 ty\u00f6kalu on valmistettu eritt\u00e4in kest\u00e4v\u00e4st\u00e4 flex plus -hiiliter\u00e4ksest\u00e4, ja sen pitk\u00e4n k\u00e4ytt\u00f6i\u00e4n varmistavat edistyneet valmistusmenetelm\u00e4t. Ty\u00f6kalun ergonomisesti muotoiltu kahva parantaa k\u00e4ytt\u00e4j\u00e4n otetta ja lis\u00e4\u00e4 turvallisuutta korjaust\u00f6iden aikana. Sen tehokkuus tekee kampien [...]L\u00e4s mer \u2026 from UNIOR Crank puller Size: 14mm. Material: flex plus carbon steel","og_url":"https:\/\/vmsport.fi\/sv\/webbutik\/tillbehor\/tyokalut\/transmissionsfasten\/unior-crank-puller-size-14mm-material-flex-plus-carbon-steel\/","og_site_name":"VM Sport","article_publisher":"https:\/\/www.facebook.com\/Vmsport.fi\/","article_modified_time":"2026-01-16T11:20:45+00:00","og_image":[{"width":800,"height":800,"url":"https:\/\/vmsport.fi\/wp-content\/uploads\/2025\/03\/fF99fIsXzHXQqYNnmpeSxJxRRqQWvBp1svyl0gDz5Vr8od2Ggg-1.jpg","type":"image\/jpeg"}],"twitter_card":"summary_large_image","twitter_misc":{"Ber\u00e4knad l\u00e4stid":"1 minut"},"schema":{"@context":"https:\/\/schema.org","@graph":[{"@type":["WebPage","ItemPage"],"@id":"https:\/\/vmsport.fi\/verkkokauppa\/tarvikkeet\/tyokalut\/voimansiirtotyokalut\/unior-crank-puller-size-14mm-material-flex-plus-carbon-steel\/","url":"https:\/\/vmsport.fi\/verkkokauppa\/tarvikkeet\/tyokalut\/voimansiirtotyokalut\/unior-crank-puller-size-14mm-material-flex-plus-carbon-steel\/","name":"UNIOR Crank puller Size: 14mm. Material: flex plus carbon steel - VM Sport","isPartOf":{"@id":"https:\/\/vmsport.fi\/#website"},"primaryImageOfPage":{"@id":"https:\/\/vmsport.fi\/verkkokauppa\/tarvikkeet\/tyokalut\/voimansiirtotyokalut\/unior-crank-puller-size-14mm-material-flex-plus-carbon-steel\/#primaryimage"},"image":{"@id":"https:\/\/vmsport.fi\/verkkokauppa\/tarvikkeet\/tyokalut\/voimansiirtotyokalut\/unior-crank-puller-size-14mm-material-flex-plus-carbon-steel\/#primaryimage"},"thumbnailUrl":"https:\/\/vmsport.fi\/wp-content\/uploads\/2025\/03\/fF99fIsXzHXQqYNnmpeSxJxRRqQWvBp1svyl0gDz5Vr8od2Ggg-1.jpg","datePublished":"2025-03-05T21:50:13+00:00","dateModified":"2026-01-16T11:20:45+00:00","breadcrumb":{"@id":"https:\/\/vmsport.fi\/verkkokauppa\/tarvikkeet\/tyokalut\/voimansiirtotyokalut\/unior-crank-puller-size-14mm-material-flex-plus-carbon-steel\/#breadcrumb"},"inLanguage":"sv-SE","potentialAction":[{"@type":"ReadAction","target":["https:\/\/vmsport.fi\/verkkokauppa\/tarvikkeet\/tyokalut\/voimansiirtotyokalut\/unior-crank-puller-size-14mm-material-flex-plus-carbon-steel\/"]}]},{"@type":"ImageObject","inLanguage":"sv-SE","@id":"https:\/\/vmsport.fi\/verkkokauppa\/tarvikkeet\/tyokalut\/voimansiirtotyokalut\/unior-crank-puller-size-14mm-material-flex-plus-carbon-steel\/#primaryimage","url":"https:\/\/vmsport.fi\/wp-content\/uploads\/2025\/03\/fF99fIsXzHXQqYNnmpeSxJxRRqQWvBp1svyl0gDz5Vr8od2Ggg-1.jpg","contentUrl":"https:\/\/vmsport.fi\/wp-content\/uploads\/2025\/03\/fF99fIsXzHXQqYNnmpeSxJxRRqQWvBp1svyl0gDz5Vr8od2Ggg-1.jpg","width":800,"height":800,"caption":"fF99fIsXzHXQqYNnmpeSxJxRRqQWvBp1svyl0gDz5Vr8od2Ggg"},{"@type":"BreadcrumbList","@id":"https:\/\/vmsport.fi\/verkkokauppa\/tarvikkeet\/tyokalut\/voimansiirtotyokalut\/unior-crank-puller-size-14mm-material-flex-plus-carbon-steel\/#breadcrumb","itemListElement":[{"@type":"ListItem","position":1,"name":"Etusivu","item":"https:\/\/vmsport.fi\/"},{"@type":"ListItem","position":2,"name":"Online Store","item":"https:\/\/vmsport.fi\/en\/online-store\/"},{"@type":"ListItem","position":3,"name":"UNIOR Crank puller Size: 14mm. Material: flex plus carbon steel"}]},{"@type":"WebSite","@id":"https:\/\/vmsport.fi\/#website","url":"https:\/\/vmsport.fi\/","name":"Vmsport","description":"Allt p\u00e5 ett st\u00e4lle f\u00f6r cykling","publisher":{"@id":"https:\/\/vmsport.fi\/#organization"},"potentialAction":[{"@type":"SearchAction","target":{"@type":"EntryPoint","urlTemplate":"https:\/\/vmsport.fi\/?s={search_term_string}"},"query-input":{"@type":"PropertyValueSpecification","valueRequired":true,"valueName":"search_term_string"}}],"inLanguage":"sv-SE"},{"@type":"Organization","@id":"https:\/\/vmsport.fi\/#organization","name":"Vmsport","url":"https:\/\/vmsport.fi\/","logo":{"@type":"ImageObject","inLanguage":"sv-SE","@id":"https:\/\/vmsport.fi\/#\/schema\/logo\/image\/","url":"https:\/\/vmsport.fi\/wp-content\/uploads\/2024\/12\/vm_sport_RGB_horisontal-e1734526017575.png","contentUrl":"https:\/\/vmsport.fi\/wp-content\/uploads\/2024\/12\/vm_sport_RGB_horisontal-e1734526017575.png","width":668,"height":85,"caption":"Vmsport"},"image":{"@id":"https:\/\/vmsport.fi\/#\/schema\/logo\/image\/"},"sameAs":["https:\/\/www.facebook.com\/Vmsport.fi\/","https:\/\/www.instagram.com\/vmsport\/"]}]}},"global_unique_id":"","_links":{"self":[{"href":"https:\/\/vmsport.fi\/sv\/wp-json\/wp\/v2\/product\/54138","targetHints":{"allow":["GET"]}}],"collection":[{"href":"https:\/\/vmsport.fi\/sv\/wp-json\/wp\/v2\/product"}],"about":[{"href":"https:\/\/vmsport.fi\/sv\/wp-json\/wp\/v2\/types\/product"}],"replies":[{"embeddable":true,"href":"https:\/\/vmsport.fi\/sv\/wp-json\/wp\/v2\/comments?post=54138"}],"wp:featuredmedia":[{"embeddable":true,"href":"https:\/\/vmsport.fi\/sv\/wp-json\/wp\/v2\/media\/54137"}],"wp:attachment":[{"href":"https:\/\/vmsport.fi\/sv\/wp-json\/wp\/v2\/media?parent=54138"}],"wp:term":[{"taxonomy":"product_brand","embeddable":true,"href":"https:\/\/vmsport.fi\/sv\/wp-json\/wp\/v2\/product_brand?post=54138"},{"taxonomy":"product_model","embeddable":true,"href":"https:\/\/vmsport.fi\/sv\/wp-json\/wp\/v2\/product_model?post=54138"},{"taxonomy":"product_cat","embeddable":true,"href":"https:\/\/vmsport.fi\/sv\/wp-json\/wp\/v2\/product_cat?post=54138"},{"taxonomy":"product_tag","embeddable":true,"href":"https:\/\/vmsport.fi\/sv\/wp-json\/wp\/v2\/product_tag?post=54138"},{"taxonomy":"industry_terminology","embeddable":true,"href":"https:\/\/vmsport.fi\/sv\/wp-json\/wp\/v2\/industry-terminology?post=54138"}],"curies":[{"name":"wp","href":"https:\/\/api.w.org\/{rel}","templated":true}]}}