{"id":54122,"date":"2025-03-05T23:49:57","date_gmt":"2025-03-05T21:49:57","guid":{"rendered":"https:\/\/vmsport.fi\/verkkokauppa\/Ei-luokiteltu\/muc-off-hcb-1-harsh-conditions-barrier\/"},"modified":"2026-01-16T13:22:40","modified_gmt":"2026-01-16T11:22:40","slug":"muc-off-hcb-1-harsh-conditions-barrier","status":"publish","type":"product","link":"https:\/\/vmsport.fi\/sv\/verkkokauppa\/tarvikkeet\/huolto-ja-pesu\/voiteluaineet\/muc-off-hcb-1-harsh-conditions-barrier\/","title":{"rendered":"MUC-OFF HCB-1 (Harsh Conditions Barrier)"},"content":{"rendered":"<p>MUC-OFF HCB-1 Harsh Conditions Barrier on huippuluokan suoja-aine, joka antaa pitk\u00e4kestoisen suojan ruostetta ja korroosiota vastaan. Se on erityisen sopiva polkupy\u00f6rille, s\u00e4hk\u00f6py\u00f6rille, moottoripy\u00f6rille ja moottoriurheiluv\u00e4lineille vaikeissa ymp\u00e4rist\u00f6olosuhteissa. Ohut, kirkas kalvop\u00e4\u00e4llyste muodostaa vahvan suojan, joka poistaa olemassa olevan ruosteen ja est\u00e4\u00e4 uuden ruosteen syntymisen jopa 12 kuukauden ajan.<\/p>\n<p>Tuote kest\u00e4\u00e4 suuria l\u00e4mp\u00f6tilavaihteluita ja suolavett\u00e4, tarjoten yli 300 tunnin suolasumutetestin suojan. K\u00e4ytt\u00f6 on helppoa; aine tunkeutuu vahvan kapillaarivaikutuksen ansiosta pienimpiinkin koloihin ja halkeamiin. Lis\u00e4ksi UV-sovelluksen v\u00e4riaine mahdollistaa peitt\u00e4vyyden tarkistamisen UV-taskulampun avulla. Se on turvallinen s\u00e4hk\u00f6komponenteille, maalatuille pinnoille ja useimmille koville muoveille.<\/p>\n<p>Aine ei sis\u00e4ll\u00e4 vahaa, silikonia, teflonia eik\u00e4 vett\u00e4, ja on eritt\u00e4in helposti syttyv\u00e4\u00e4, joten sit\u00e4 tulee k\u00e4sitell\u00e4 varovasti. Tuote tulee levitt\u00e4\u00e4 puhtaille ja kuiville pinnoille, ja erityist\u00e4 huolellisuutta on noudatettava, jotta ainetta ei p\u00e4\u00e4se renkaiden kulutuspinnalle tai jarrupinnoille.<\/p>","protected":false},"excerpt":{"rendered":"<p>MUC-OFF HCB-1 Harsh Conditions Barrier on huippuluokan suoja-aine, joka antaa pitk\u00e4kestoisen suojan ruostetta ja korroosiota vastaan. Se on erityisen sopiva polkupy\u00f6rille, s\u00e4hk\u00f6py\u00f6rille, moottoripy\u00f6rille ja moottoriurheiluv\u00e4lineille vaikeissa ymp\u00e4rist\u00f6olosuhteissa. Ohut, kirkas kalvop\u00e4\u00e4llyste muodostaa vahvan suojan, joka poistaa olemassa olevan ruosteen ja est\u00e4\u00e4 uuden ruosteen syntymisen jopa 12 kuukauden ajan. Tuote kest\u00e4\u00e4 suuria l\u00e4mp\u00f6tilavaihteluita ja suolavett\u00e4, tarjoten yli [&#8230;]<\/p>\n<p><a class=\"btn btn-secondary understrap-read-more-link\" href=\"https:\/\/vmsport.fi\/sv\/verkkokauppa\/tarvikkeet\/huolto-ja-pesu\/voiteluaineet\/muc-off-hcb-1-harsh-conditions-barrier\/\">L\u00e4s mer \u2026<span class=\"screen-reader-text\"> from MUC-OFF HCB-1 (Harsh Conditions Barrier)<\/span><\/a><\/p>\n","protected":false},"featured_media":54121,"comment_status":"open","ping_status":"closed","template":"","meta":{"_acf_changed":false,"_improvement_type_select":"improve_an_existing","_thumb_yes_seoaic":false,"_frame_yes_seoaic":false,"seoaic_generate_description":"","seoaic_improve_instructions_prompt":"","seoaic_rollback_content_improvement":"","seoaic_idea_thumbnail_generator":"","thumbnail_generated":false,"thumbnail_generate_prompt":"","seoaic_article_description":"","_supplier_stock_quantity":0},"product_brand":[1584],"product_model":[],"product_cat":[9362],"product_tag":[],"industry-terminology":[],"class_list":{"0":"post-54122","1":"product","2":"type-product","3":"status-publish","4":"has-post-thumbnail","6":"product_brand-muc-off","7":"product_cat-voiteluaineet","9":"first","10":"instock","11":"taxable","12":"shipping-taxable","13":"purchasable","14":"product-type-simple"},"acf":{"bike_features":null,"overview":{"copy_overview":null,"key_features":null,"statement":"","youtube_url":""}},"yoast_head":"<!-- This site is optimized with the Yoast SEO plugin v27.3 - https:\/\/yoast.com\/product\/yoast-seo-wordpress\/ -->\n<title>MUC-OFF HCB-1 (Harsh Conditions Barrier) - VM Sport<\/title>\n<meta name=\"robots\" content=\"index, follow, max-snippet:-1, max-image-preview:large, max-video-preview:-1\" \/>\n<link rel=\"canonical\" href=\"https:\/\/vmsport.fi\/sv\/webbutik\/tillbehor\/underhall-och-tvatt\/smorjmedel\/muc-off-hcb-1-harsh-conditions-barrier\/\" \/>\n<meta property=\"og:locale\" content=\"sv_SE\" \/>\n<meta property=\"og:type\" content=\"article\" \/>\n<meta property=\"og:title\" content=\"MUC-OFF HCB-1 (Harsh Conditions Barrier) - VM Sport\" \/>\n<meta property=\"og:description\" content=\"MUC-OFF HCB-1 Harsh Conditions Barrier on huippuluokan suoja-aine, joka antaa pitk\u00e4kestoisen suojan ruostetta ja korroosiota vastaan. Se on erityisen sopiva polkupy\u00f6rille, s\u00e4hk\u00f6py\u00f6rille, moottoripy\u00f6rille ja moottoriurheiluv\u00e4lineille vaikeissa ymp\u00e4rist\u00f6olosuhteissa. Ohut, kirkas kalvop\u00e4\u00e4llyste muodostaa vahvan suojan, joka poistaa olemassa olevan ruosteen ja est\u00e4\u00e4 uuden ruosteen syntymisen jopa 12 kuukauden ajan. Tuote kest\u00e4\u00e4 suuria l\u00e4mp\u00f6tilavaihteluita ja suolavett\u00e4, tarjoten yli [...]L\u00e4s mer \u2026 from MUC-OFF HCB-1 (Harsh Conditions Barrier)\" \/>\n<meta property=\"og:url\" content=\"https:\/\/vmsport.fi\/sv\/webbutik\/tillbehor\/underhall-och-tvatt\/smorjmedel\/muc-off-hcb-1-harsh-conditions-barrier\/\" \/>\n<meta property=\"og:site_name\" content=\"VM Sport\" \/>\n<meta property=\"article:publisher\" content=\"https:\/\/www.facebook.com\/Vmsport.fi\/\" \/>\n<meta property=\"article:modified_time\" content=\"2026-01-16T11:22:40+00:00\" \/>\n<meta property=\"og:image\" content=\"https:\/\/vmsport.fi\/wp-content\/uploads\/2025\/03\/0kOdRM8w0rGMRqPSmL4WUSBfjCWK2TNXCdX8wCfyQqX9oFpAIv-1.jpg\" \/>\n\t<meta property=\"og:image:width\" content=\"800\" \/>\n\t<meta property=\"og:image:height\" content=\"800\" \/>\n\t<meta property=\"og:image:type\" content=\"image\/jpeg\" \/>\n<meta name=\"twitter:card\" content=\"summary_large_image\" \/>\n<meta name=\"twitter:label1\" content=\"Ber\u00e4knad l\u00e4stid\" \/>\n\t<meta name=\"twitter:data1\" content=\"1 minut\" \/>\n<script type=\"application\/ld+json\" class=\"yoast-schema-graph\">{\"@context\":\"https:\\\/\\\/schema.org\",\"@graph\":[{\"@type\":[\"WebPage\",\"ItemPage\"],\"@id\":\"https:\\\/\\\/vmsport.fi\\\/verkkokauppa\\\/tarvikkeet\\\/huolto-ja-pesu\\\/voiteluaineet\\\/muc-off-hcb-1-harsh-conditions-barrier\\\/\",\"url\":\"https:\\\/\\\/vmsport.fi\\\/verkkokauppa\\\/tarvikkeet\\\/huolto-ja-pesu\\\/voiteluaineet\\\/muc-off-hcb-1-harsh-conditions-barrier\\\/\",\"name\":\"MUC-OFF HCB-1 (Harsh Conditions Barrier) - VM Sport\",\"isPartOf\":{\"@id\":\"https:\\\/\\\/vmsport.fi\\\/#website\"},\"primaryImageOfPage\":{\"@id\":\"https:\\\/\\\/vmsport.fi\\\/verkkokauppa\\\/tarvikkeet\\\/huolto-ja-pesu\\\/voiteluaineet\\\/muc-off-hcb-1-harsh-conditions-barrier\\\/#primaryimage\"},\"image\":{\"@id\":\"https:\\\/\\\/vmsport.fi\\\/verkkokauppa\\\/tarvikkeet\\\/huolto-ja-pesu\\\/voiteluaineet\\\/muc-off-hcb-1-harsh-conditions-barrier\\\/#primaryimage\"},\"thumbnailUrl\":\"https:\\\/\\\/vmsport.fi\\\/wp-content\\\/uploads\\\/2025\\\/03\\\/0kOdRM8w0rGMRqPSmL4WUSBfjCWK2TNXCdX8wCfyQqX9oFpAIv-1.jpg\",\"datePublished\":\"2025-03-05T21:49:57+00:00\",\"dateModified\":\"2026-01-16T11:22:40+00:00\",\"breadcrumb\":{\"@id\":\"https:\\\/\\\/vmsport.fi\\\/verkkokauppa\\\/tarvikkeet\\\/huolto-ja-pesu\\\/voiteluaineet\\\/muc-off-hcb-1-harsh-conditions-barrier\\\/#breadcrumb\"},\"inLanguage\":\"sv-SE\",\"potentialAction\":[{\"@type\":\"ReadAction\",\"target\":[\"https:\\\/\\\/vmsport.fi\\\/verkkokauppa\\\/tarvikkeet\\\/huolto-ja-pesu\\\/voiteluaineet\\\/muc-off-hcb-1-harsh-conditions-barrier\\\/\"]}]},{\"@type\":\"ImageObject\",\"inLanguage\":\"sv-SE\",\"@id\":\"https:\\\/\\\/vmsport.fi\\\/verkkokauppa\\\/tarvikkeet\\\/huolto-ja-pesu\\\/voiteluaineet\\\/muc-off-hcb-1-harsh-conditions-barrier\\\/#primaryimage\",\"url\":\"https:\\\/\\\/vmsport.fi\\\/wp-content\\\/uploads\\\/2025\\\/03\\\/0kOdRM8w0rGMRqPSmL4WUSBfjCWK2TNXCdX8wCfyQqX9oFpAIv-1.jpg\",\"contentUrl\":\"https:\\\/\\\/vmsport.fi\\\/wp-content\\\/uploads\\\/2025\\\/03\\\/0kOdRM8w0rGMRqPSmL4WUSBfjCWK2TNXCdX8wCfyQqX9oFpAIv-1.jpg\",\"width\":800,\"height\":800,\"caption\":\"0kOdRM8w0rGMRqPSmL4WUSBfjCWK2TNXCdX8wCfyQqX9oFpAIv\"},{\"@type\":\"BreadcrumbList\",\"@id\":\"https:\\\/\\\/vmsport.fi\\\/verkkokauppa\\\/tarvikkeet\\\/huolto-ja-pesu\\\/voiteluaineet\\\/muc-off-hcb-1-harsh-conditions-barrier\\\/#breadcrumb\",\"itemListElement\":[{\"@type\":\"ListItem\",\"position\":1,\"name\":\"Etusivu\",\"item\":\"https:\\\/\\\/vmsport.fi\\\/\"},{\"@type\":\"ListItem\",\"position\":2,\"name\":\"Online Store\",\"item\":\"https:\\\/\\\/vmsport.fi\\\/en\\\/online-store\\\/\"},{\"@type\":\"ListItem\",\"position\":3,\"name\":\"Muc-Off\",\"item\":\"https:\\\/\\\/vmsport.fi\\\/merkki\\\/muc-off\\\/\"},{\"@type\":\"ListItem\",\"position\":4,\"name\":\"MUC-OFF HCB-1 (Harsh Conditions Barrier)\"}]},{\"@type\":\"WebSite\",\"@id\":\"https:\\\/\\\/vmsport.fi\\\/#website\",\"url\":\"https:\\\/\\\/vmsport.fi\\\/\",\"name\":\"Vmsport\",\"description\":\"Kaikki py\u00f6r\u00e4ilyyn yhdest\u00e4 paikasta\",\"publisher\":{\"@id\":\"https:\\\/\\\/vmsport.fi\\\/#organization\"},\"potentialAction\":[{\"@type\":\"SearchAction\",\"target\":{\"@type\":\"EntryPoint\",\"urlTemplate\":\"https:\\\/\\\/vmsport.fi\\\/?s={search_term_string}\"},\"query-input\":{\"@type\":\"PropertyValueSpecification\",\"valueRequired\":true,\"valueName\":\"search_term_string\"}}],\"inLanguage\":\"sv-SE\"},{\"@type\":\"Organization\",\"@id\":\"https:\\\/\\\/vmsport.fi\\\/#organization\",\"name\":\"Vmsport\",\"url\":\"https:\\\/\\\/vmsport.fi\\\/\",\"logo\":{\"@type\":\"ImageObject\",\"inLanguage\":\"sv-SE\",\"@id\":\"https:\\\/\\\/vmsport.fi\\\/#\\\/schema\\\/logo\\\/image\\\/\",\"url\":\"https:\\\/\\\/vmsport.fi\\\/wp-content\\\/uploads\\\/2024\\\/12\\\/vm_sport_RGB_horisontal-e1734526017575.png\",\"contentUrl\":\"https:\\\/\\\/vmsport.fi\\\/wp-content\\\/uploads\\\/2024\\\/12\\\/vm_sport_RGB_horisontal-e1734526017575.png\",\"width\":668,\"height\":85,\"caption\":\"Vmsport\"},\"image\":{\"@id\":\"https:\\\/\\\/vmsport.fi\\\/#\\\/schema\\\/logo\\\/image\\\/\"},\"sameAs\":[\"https:\\\/\\\/www.facebook.com\\\/Vmsport.fi\\\/\",\"https:\\\/\\\/www.instagram.com\\\/vmsport\\\/\"]}]}<\/script>\n<!-- \/ Yoast SEO plugin. -->","yoast_head_json":{"title":"MUC-OFF HCB-1 (Harsh Conditions Barrier) - VM Sport","robots":{"index":"index","follow":"follow","max-snippet":"max-snippet:-1","max-image-preview":"max-image-preview:large","max-video-preview":"max-video-preview:-1"},"canonical":"https:\/\/vmsport.fi\/sv\/webbutik\/tillbehor\/underhall-och-tvatt\/smorjmedel\/muc-off-hcb-1-harsh-conditions-barrier\/","og_locale":"sv_SE","og_type":"article","og_title":"MUC-OFF HCB-1 (Harsh Conditions Barrier) - VM Sport","og_description":"MUC-OFF HCB-1 Harsh Conditions Barrier on huippuluokan suoja-aine, joka antaa pitk\u00e4kestoisen suojan ruostetta ja korroosiota vastaan. Se on erityisen sopiva polkupy\u00f6rille, s\u00e4hk\u00f6py\u00f6rille, moottoripy\u00f6rille ja moottoriurheiluv\u00e4lineille vaikeissa ymp\u00e4rist\u00f6olosuhteissa. Ohut, kirkas kalvop\u00e4\u00e4llyste muodostaa vahvan suojan, joka poistaa olemassa olevan ruosteen ja est\u00e4\u00e4 uuden ruosteen syntymisen jopa 12 kuukauden ajan. Tuote kest\u00e4\u00e4 suuria l\u00e4mp\u00f6tilavaihteluita ja suolavett\u00e4, tarjoten yli [...]L\u00e4s mer \u2026 from MUC-OFF HCB-1 (Harsh Conditions Barrier)","og_url":"https:\/\/vmsport.fi\/sv\/webbutik\/tillbehor\/underhall-och-tvatt\/smorjmedel\/muc-off-hcb-1-harsh-conditions-barrier\/","og_site_name":"VM Sport","article_publisher":"https:\/\/www.facebook.com\/Vmsport.fi\/","article_modified_time":"2026-01-16T11:22:40+00:00","og_image":[{"width":800,"height":800,"url":"https:\/\/vmsport.fi\/wp-content\/uploads\/2025\/03\/0kOdRM8w0rGMRqPSmL4WUSBfjCWK2TNXCdX8wCfyQqX9oFpAIv-1.jpg","type":"image\/jpeg"}],"twitter_card":"summary_large_image","twitter_misc":{"Ber\u00e4knad l\u00e4stid":"1 minut"},"schema":{"@context":"https:\/\/schema.org","@graph":[{"@type":["WebPage","ItemPage"],"@id":"https:\/\/vmsport.fi\/verkkokauppa\/tarvikkeet\/huolto-ja-pesu\/voiteluaineet\/muc-off-hcb-1-harsh-conditions-barrier\/","url":"https:\/\/vmsport.fi\/verkkokauppa\/tarvikkeet\/huolto-ja-pesu\/voiteluaineet\/muc-off-hcb-1-harsh-conditions-barrier\/","name":"MUC-OFF HCB-1 (Harsh Conditions Barrier) - VM Sport","isPartOf":{"@id":"https:\/\/vmsport.fi\/#website"},"primaryImageOfPage":{"@id":"https:\/\/vmsport.fi\/verkkokauppa\/tarvikkeet\/huolto-ja-pesu\/voiteluaineet\/muc-off-hcb-1-harsh-conditions-barrier\/#primaryimage"},"image":{"@id":"https:\/\/vmsport.fi\/verkkokauppa\/tarvikkeet\/huolto-ja-pesu\/voiteluaineet\/muc-off-hcb-1-harsh-conditions-barrier\/#primaryimage"},"thumbnailUrl":"https:\/\/vmsport.fi\/wp-content\/uploads\/2025\/03\/0kOdRM8w0rGMRqPSmL4WUSBfjCWK2TNXCdX8wCfyQqX9oFpAIv-1.jpg","datePublished":"2025-03-05T21:49:57+00:00","dateModified":"2026-01-16T11:22:40+00:00","breadcrumb":{"@id":"https:\/\/vmsport.fi\/verkkokauppa\/tarvikkeet\/huolto-ja-pesu\/voiteluaineet\/muc-off-hcb-1-harsh-conditions-barrier\/#breadcrumb"},"inLanguage":"sv-SE","potentialAction":[{"@type":"ReadAction","target":["https:\/\/vmsport.fi\/verkkokauppa\/tarvikkeet\/huolto-ja-pesu\/voiteluaineet\/muc-off-hcb-1-harsh-conditions-barrier\/"]}]},{"@type":"ImageObject","inLanguage":"sv-SE","@id":"https:\/\/vmsport.fi\/verkkokauppa\/tarvikkeet\/huolto-ja-pesu\/voiteluaineet\/muc-off-hcb-1-harsh-conditions-barrier\/#primaryimage","url":"https:\/\/vmsport.fi\/wp-content\/uploads\/2025\/03\/0kOdRM8w0rGMRqPSmL4WUSBfjCWK2TNXCdX8wCfyQqX9oFpAIv-1.jpg","contentUrl":"https:\/\/vmsport.fi\/wp-content\/uploads\/2025\/03\/0kOdRM8w0rGMRqPSmL4WUSBfjCWK2TNXCdX8wCfyQqX9oFpAIv-1.jpg","width":800,"height":800,"caption":"0kOdRM8w0rGMRqPSmL4WUSBfjCWK2TNXCdX8wCfyQqX9oFpAIv"},{"@type":"BreadcrumbList","@id":"https:\/\/vmsport.fi\/verkkokauppa\/tarvikkeet\/huolto-ja-pesu\/voiteluaineet\/muc-off-hcb-1-harsh-conditions-barrier\/#breadcrumb","itemListElement":[{"@type":"ListItem","position":1,"name":"Etusivu","item":"https:\/\/vmsport.fi\/"},{"@type":"ListItem","position":2,"name":"Online Store","item":"https:\/\/vmsport.fi\/en\/online-store\/"},{"@type":"ListItem","position":3,"name":"Muc-Off","item":"https:\/\/vmsport.fi\/merkki\/muc-off\/"},{"@type":"ListItem","position":4,"name":"MUC-OFF HCB-1 (Harsh Conditions Barrier)"}]},{"@type":"WebSite","@id":"https:\/\/vmsport.fi\/#website","url":"https:\/\/vmsport.fi\/","name":"Vmsport","description":"Allt p\u00e5 ett st\u00e4lle f\u00f6r cykling","publisher":{"@id":"https:\/\/vmsport.fi\/#organization"},"potentialAction":[{"@type":"SearchAction","target":{"@type":"EntryPoint","urlTemplate":"https:\/\/vmsport.fi\/?s={search_term_string}"},"query-input":{"@type":"PropertyValueSpecification","valueRequired":true,"valueName":"search_term_string"}}],"inLanguage":"sv-SE"},{"@type":"Organization","@id":"https:\/\/vmsport.fi\/#organization","name":"Vmsport","url":"https:\/\/vmsport.fi\/","logo":{"@type":"ImageObject","inLanguage":"sv-SE","@id":"https:\/\/vmsport.fi\/#\/schema\/logo\/image\/","url":"https:\/\/vmsport.fi\/wp-content\/uploads\/2024\/12\/vm_sport_RGB_horisontal-e1734526017575.png","contentUrl":"https:\/\/vmsport.fi\/wp-content\/uploads\/2024\/12\/vm_sport_RGB_horisontal-e1734526017575.png","width":668,"height":85,"caption":"Vmsport"},"image":{"@id":"https:\/\/vmsport.fi\/#\/schema\/logo\/image\/"},"sameAs":["https:\/\/www.facebook.com\/Vmsport.fi\/","https:\/\/www.instagram.com\/vmsport\/"]}]}},"global_unique_id":"","_links":{"self":[{"href":"https:\/\/vmsport.fi\/sv\/wp-json\/wp\/v2\/product\/54122","targetHints":{"allow":["GET"]}}],"collection":[{"href":"https:\/\/vmsport.fi\/sv\/wp-json\/wp\/v2\/product"}],"about":[{"href":"https:\/\/vmsport.fi\/sv\/wp-json\/wp\/v2\/types\/product"}],"replies":[{"embeddable":true,"href":"https:\/\/vmsport.fi\/sv\/wp-json\/wp\/v2\/comments?post=54122"}],"wp:featuredmedia":[{"embeddable":true,"href":"https:\/\/vmsport.fi\/sv\/wp-json\/wp\/v2\/media\/54121"}],"wp:attachment":[{"href":"https:\/\/vmsport.fi\/sv\/wp-json\/wp\/v2\/media?parent=54122"}],"wp:term":[{"taxonomy":"product_brand","embeddable":true,"href":"https:\/\/vmsport.fi\/sv\/wp-json\/wp\/v2\/product_brand?post=54122"},{"taxonomy":"product_model","embeddable":true,"href":"https:\/\/vmsport.fi\/sv\/wp-json\/wp\/v2\/product_model?post=54122"},{"taxonomy":"product_cat","embeddable":true,"href":"https:\/\/vmsport.fi\/sv\/wp-json\/wp\/v2\/product_cat?post=54122"},{"taxonomy":"product_tag","embeddable":true,"href":"https:\/\/vmsport.fi\/sv\/wp-json\/wp\/v2\/product_tag?post=54122"},{"taxonomy":"industry_terminology","embeddable":true,"href":"https:\/\/vmsport.fi\/sv\/wp-json\/wp\/v2\/industry-terminology?post=54122"}],"curies":[{"name":"wp","href":"https:\/\/api.w.org\/{rel}","templated":true}]}}