{"id":54116,"date":"2025-03-05T23:49:55","date_gmt":"2025-03-05T21:49:55","guid":{"rendered":"https:\/\/vmsport.fi\/verkkokauppa\/Ei-luokiteltu\/trek-line-pro-flat-pedal-set-black\/"},"modified":"2026-04-22T15:05:25","modified_gmt":"2026-04-22T12:05:25","slug":"trek-line-pro-flat-pedal-set-black","status":"publish","type":"product","link":"https:\/\/vmsport.fi\/sv\/verkkokauppa\/varaosat\/polkimet\/flat-bmx-ja-dh-polkimet\/trek-line-pro-flat-pedal-set-black\/","title":{"rendered":"Trek Line Pro Flat Pedal Set Svart"},"content":{"rendered":"<p>Trek Line Pro Flat Pedal Set on suunniteltu huippuluokan maastopy\u00f6r\u00e4ilyyn, tarjoten erinomaisen ratkaisun alam\u00e4kipy\u00f6r\u00e4ilij\u00f6ille, dirt-hypp\u00e4\u00e4jille ja endurokuskeille. Polkimissa on loistava pito koveran muotoilun ja vaihdettavien piikkien ansiosta, jotka varmistavat tukevan jalan paikoillaan pysymisen intensiivisess\u00e4 polkemisessa ja laskeutumisessa. Polkimilla voi s\u00e4\u00e4t\u00e4\u00e4 pidon haluamakseen piikkien asettelun ja korkeuden avulla, mik\u00e4 mahdollistaa jokaiselle t\u00e4ydellisesti sopivan ajokokemuksen. Kest\u00e4v\u00e4 akselij\u00e4rjestelm\u00e4 ja laadukkaat alumiinimateriaalit takaavat sulavan py\u00f6rimisliikkeen ja pitk\u00e4n k\u00e4ytt\u00f6i\u00e4n, ja ne ovat t\u00e4ysin huollettavissa. N\u00e4iden ominaisuuksien vuoksi Trek Line Pro Flat Pedal Set on t\u00e4ydellinen valinta maastopy\u00f6r\u00e4ilij\u00f6ille, jotka arvostavat luotettavuutta ja suorituskyky\u00e4 vaativissa olosuhteissa.<\/p>","protected":false},"excerpt":{"rendered":"<p>Trek Line Pro Flat Pedal Set on suunniteltu huippuluokan maastopy\u00f6r\u00e4ilyyn, tarjoten erinomaisen ratkaisun alam\u00e4kipy\u00f6r\u00e4ilij\u00f6ille, dirt-hypp\u00e4\u00e4jille ja endurokuskeille. Polkimissa on loistava pito koveran muotoilun ja vaihdettavien piikkien ansiosta, jotka varmistavat tukevan jalan paikoillaan pysymisen intensiivisess\u00e4 polkemisessa ja laskeutumisessa. Polkimilla voi s\u00e4\u00e4t\u00e4\u00e4 pidon haluamakseen piikkien asettelun ja korkeuden avulla, mik\u00e4 mahdollistaa jokaiselle t\u00e4ydellisesti sopivan ajokokemuksen. Kest\u00e4v\u00e4 akselij\u00e4rjestelm\u00e4 [&#8230;]<\/p>\n<p><a class=\"btn btn-secondary understrap-read-more-link\" href=\"https:\/\/vmsport.fi\/sv\/verkkokauppa\/varaosat\/polkimet\/flat-bmx-ja-dh-polkimet\/trek-line-pro-flat-pedal-set-black\/\">L\u00e4s mer \u2026<span class=\"screen-reader-text\"> from Trek Line Pro Flat Pedal Set Black<\/span><\/a><\/p>\n","protected":false},"featured_media":54114,"comment_status":"open","ping_status":"closed","template":"","meta":{"_acf_changed":false,"_improvement_type_select":"improve_an_existing","_thumb_yes_seoaic":false,"_frame_yes_seoaic":false,"seoaic_generate_description":"","seoaic_improve_instructions_prompt":"","seoaic_rollback_content_improvement":"","seoaic_idea_thumbnail_generator":"","thumbnail_generated":false,"thumbnail_generate_prompt":"","seoaic_article_description":"","_supplier_stock_quantity":0},"product_brand":[37],"product_model":[],"product_cat":[9308],"product_tag":[],"industry-terminology":[],"class_list":{"0":"post-54116","1":"product","2":"type-product","3":"status-publish","4":"has-post-thumbnail","6":"product_brand-trek","7":"product_cat-flat-bmx-ja-dh-polkimet","9":"first","10":"instock","11":"taxable","12":"shipping-taxable","13":"purchasable","14":"product-type-simple"},"acf":{"bike_features":null,"overview":{"copy_overview":null,"key_features":null,"statement":"","youtube_url":""}},"yoast_head":"<!-- This site is optimized with the Yoast SEO plugin v27.4 - https:\/\/yoast.com\/product\/yoast-seo-wordpress\/ -->\n<title>Trek Line Pro Flat Pedal Set Black - VM Sport<\/title>\n<meta name=\"robots\" content=\"index, follow, max-snippet:-1, max-image-preview:large, max-video-preview:-1\" \/>\n<link rel=\"canonical\" href=\"https:\/\/vmsport.fi\/sv\/webbutik\/reservdelar\/pedaler\/platta-bmx-och-dh-pedaler\/trek-line-pro-flat-pedal-set-black\/\" \/>\n<meta property=\"og:locale\" content=\"sv_SE\" \/>\n<meta property=\"og:type\" content=\"article\" \/>\n<meta property=\"og:title\" content=\"Trek Line Pro Flat Pedal Set Black - VM Sport\" \/>\n<meta property=\"og:description\" content=\"Trek Line Pro Flat Pedal Set on suunniteltu huippuluokan maastopy\u00f6r\u00e4ilyyn, tarjoten erinomaisen ratkaisun alam\u00e4kipy\u00f6r\u00e4ilij\u00f6ille, dirt-hypp\u00e4\u00e4jille ja endurokuskeille. Polkimissa on loistava pito koveran muotoilun ja vaihdettavien piikkien ansiosta, jotka varmistavat tukevan jalan paikoillaan pysymisen intensiivisess\u00e4 polkemisessa ja laskeutumisessa. Polkimilla voi s\u00e4\u00e4t\u00e4\u00e4 pidon haluamakseen piikkien asettelun ja korkeuden avulla, mik\u00e4 mahdollistaa jokaiselle t\u00e4ydellisesti sopivan ajokokemuksen. Kest\u00e4v\u00e4 akselij\u00e4rjestelm\u00e4 [...]L\u00e4s mer \u2026 from Trek Line Pro Flat Pedal Set Black\" \/>\n<meta property=\"og:url\" content=\"https:\/\/vmsport.fi\/sv\/webbutik\/reservdelar\/pedaler\/platta-bmx-och-dh-pedaler\/trek-line-pro-flat-pedal-set-black\/\" \/>\n<meta property=\"og:site_name\" content=\"VM Sport\" \/>\n<meta property=\"article:publisher\" content=\"https:\/\/www.facebook.com\/Vmsport.fi\/\" \/>\n<meta property=\"article:modified_time\" content=\"2026-04-22T12:05:25+00:00\" \/>\n<meta property=\"og:image\" content=\"https:\/\/vmsport.fi\/wp-content\/uploads\/2025\/03\/TrekLineProFlatPedal-41410-A-Alt3-1.jpg\" \/>\n\t<meta property=\"og:image:width\" content=\"1000\" \/>\n\t<meta property=\"og:image:height\" content=\"750\" \/>\n\t<meta property=\"og:image:type\" content=\"image\/jpeg\" \/>\n<meta name=\"twitter:card\" content=\"summary_large_image\" \/>\n<meta name=\"twitter:label1\" content=\"Ber\u00e4knad l\u00e4stid\" \/>\n\t<meta name=\"twitter:data1\" content=\"1 minut\" \/>\n<script type=\"application\/ld+json\" class=\"yoast-schema-graph\">{\"@context\":\"https:\\\/\\\/schema.org\",\"@graph\":[{\"@type\":[\"WebPage\",\"ItemPage\"],\"@id\":\"https:\\\/\\\/vmsport.fi\\\/verkkokauppa\\\/varaosat\\\/polkimet\\\/flat-bmx-ja-dh-polkimet\\\/trek-line-pro-flat-pedal-set-black\\\/\",\"url\":\"https:\\\/\\\/vmsport.fi\\\/verkkokauppa\\\/varaosat\\\/polkimet\\\/flat-bmx-ja-dh-polkimet\\\/trek-line-pro-flat-pedal-set-black\\\/\",\"name\":\"Trek Line Pro Flat Pedal Set Black - VM Sport\",\"isPartOf\":{\"@id\":\"https:\\\/\\\/vmsport.fi\\\/#website\"},\"primaryImageOfPage\":{\"@id\":\"https:\\\/\\\/vmsport.fi\\\/verkkokauppa\\\/varaosat\\\/polkimet\\\/flat-bmx-ja-dh-polkimet\\\/trek-line-pro-flat-pedal-set-black\\\/#primaryimage\"},\"image\":{\"@id\":\"https:\\\/\\\/vmsport.fi\\\/verkkokauppa\\\/varaosat\\\/polkimet\\\/flat-bmx-ja-dh-polkimet\\\/trek-line-pro-flat-pedal-set-black\\\/#primaryimage\"},\"thumbnailUrl\":\"https:\\\/\\\/vmsport.fi\\\/wp-content\\\/uploads\\\/2025\\\/03\\\/TrekLineProFlatPedal-41410-A-Alt3-1.jpg\",\"datePublished\":\"2025-03-05T21:49:55+00:00\",\"dateModified\":\"2026-04-22T12:05:25+00:00\",\"breadcrumb\":{\"@id\":\"https:\\\/\\\/vmsport.fi\\\/verkkokauppa\\\/varaosat\\\/polkimet\\\/flat-bmx-ja-dh-polkimet\\\/trek-line-pro-flat-pedal-set-black\\\/#breadcrumb\"},\"inLanguage\":\"sv-SE\",\"potentialAction\":[{\"@type\":\"ReadAction\",\"target\":[\"https:\\\/\\\/vmsport.fi\\\/verkkokauppa\\\/varaosat\\\/polkimet\\\/flat-bmx-ja-dh-polkimet\\\/trek-line-pro-flat-pedal-set-black\\\/\"]}]},{\"@type\":\"ImageObject\",\"inLanguage\":\"sv-SE\",\"@id\":\"https:\\\/\\\/vmsport.fi\\\/verkkokauppa\\\/varaosat\\\/polkimet\\\/flat-bmx-ja-dh-polkimet\\\/trek-line-pro-flat-pedal-set-black\\\/#primaryimage\",\"url\":\"https:\\\/\\\/vmsport.fi\\\/wp-content\\\/uploads\\\/2025\\\/03\\\/TrekLineProFlatPedal-41410-A-Alt3-1.jpg\",\"contentUrl\":\"https:\\\/\\\/vmsport.fi\\\/wp-content\\\/uploads\\\/2025\\\/03\\\/TrekLineProFlatPedal-41410-A-Alt3-1.jpg\",\"width\":1000,\"height\":750,\"caption\":\"TrekLineProFlatPedal-41410-A-Alt3\"},{\"@type\":\"BreadcrumbList\",\"@id\":\"https:\\\/\\\/vmsport.fi\\\/verkkokauppa\\\/varaosat\\\/polkimet\\\/flat-bmx-ja-dh-polkimet\\\/trek-line-pro-flat-pedal-set-black\\\/#breadcrumb\",\"itemListElement\":[{\"@type\":\"ListItem\",\"position\":1,\"name\":\"Etusivu\",\"item\":\"https:\\\/\\\/vmsport.fi\\\/\"},{\"@type\":\"ListItem\",\"position\":2,\"name\":\"Online Store\",\"item\":\"https:\\\/\\\/vmsport.fi\\\/en\\\/online-store\\\/\"},{\"@type\":\"ListItem\",\"position\":3,\"name\":\"Trek polkupy\u00f6r\u00e4t\",\"item\":\"https:\\\/\\\/vmsport.fi\\\/sv\\\/merkki\\\/trek\\\/\"},{\"@type\":\"ListItem\",\"position\":4,\"name\":\"Trek Line Pro Flat Pedal Set Black\"}]},{\"@type\":\"WebSite\",\"@id\":\"https:\\\/\\\/vmsport.fi\\\/#website\",\"url\":\"https:\\\/\\\/vmsport.fi\\\/\",\"name\":\"Vmsport\",\"description\":\"Kaikki py\u00f6r\u00e4ilyyn yhdest\u00e4 paikasta\",\"publisher\":{\"@id\":\"https:\\\/\\\/vmsport.fi\\\/#organization\"},\"potentialAction\":[{\"@type\":\"SearchAction\",\"target\":{\"@type\":\"EntryPoint\",\"urlTemplate\":\"https:\\\/\\\/vmsport.fi\\\/?s={search_term_string}\"},\"query-input\":{\"@type\":\"PropertyValueSpecification\",\"valueRequired\":true,\"valueName\":\"search_term_string\"}}],\"inLanguage\":\"sv-SE\"},{\"@type\":\"Organization\",\"@id\":\"https:\\\/\\\/vmsport.fi\\\/#organization\",\"name\":\"Vmsport\",\"url\":\"https:\\\/\\\/vmsport.fi\\\/\",\"logo\":{\"@type\":\"ImageObject\",\"inLanguage\":\"sv-SE\",\"@id\":\"https:\\\/\\\/vmsport.fi\\\/#\\\/schema\\\/logo\\\/image\\\/\",\"url\":\"https:\\\/\\\/vmsport.fi\\\/wp-content\\\/uploads\\\/2024\\\/12\\\/vm_sport_RGB_horisontal-e1734526017575.png\",\"contentUrl\":\"https:\\\/\\\/vmsport.fi\\\/wp-content\\\/uploads\\\/2024\\\/12\\\/vm_sport_RGB_horisontal-e1734526017575.png\",\"width\":668,\"height\":85,\"caption\":\"Vmsport\"},\"image\":{\"@id\":\"https:\\\/\\\/vmsport.fi\\\/#\\\/schema\\\/logo\\\/image\\\/\"},\"sameAs\":[\"https:\\\/\\\/www.facebook.com\\\/Vmsport.fi\\\/\",\"https:\\\/\\\/www.instagram.com\\\/vmsport\\\/\"]}]}<\/script>\n<!-- \/ Yoast SEO plugin. -->","yoast_head_json":{"title":"Trek Line Pro Flat Pedal Set Black - VM Sport","robots":{"index":"index","follow":"follow","max-snippet":"max-snippet:-1","max-image-preview":"max-image-preview:large","max-video-preview":"max-video-preview:-1"},"canonical":"https:\/\/vmsport.fi\/sv\/webbutik\/reservdelar\/pedaler\/platta-bmx-och-dh-pedaler\/trek-line-pro-flat-pedal-set-black\/","og_locale":"sv_SE","og_type":"article","og_title":"Trek Line Pro Flat Pedal Set Black - VM Sport","og_description":"Trek Line Pro Flat Pedal Set on suunniteltu huippuluokan maastopy\u00f6r\u00e4ilyyn, tarjoten erinomaisen ratkaisun alam\u00e4kipy\u00f6r\u00e4ilij\u00f6ille, dirt-hypp\u00e4\u00e4jille ja endurokuskeille. Polkimissa on loistava pito koveran muotoilun ja vaihdettavien piikkien ansiosta, jotka varmistavat tukevan jalan paikoillaan pysymisen intensiivisess\u00e4 polkemisessa ja laskeutumisessa. Polkimilla voi s\u00e4\u00e4t\u00e4\u00e4 pidon haluamakseen piikkien asettelun ja korkeuden avulla, mik\u00e4 mahdollistaa jokaiselle t\u00e4ydellisesti sopivan ajokokemuksen. Kest\u00e4v\u00e4 akselij\u00e4rjestelm\u00e4 [...]L\u00e4s mer \u2026 from Trek Line Pro Flat Pedal Set Black","og_url":"https:\/\/vmsport.fi\/sv\/webbutik\/reservdelar\/pedaler\/platta-bmx-och-dh-pedaler\/trek-line-pro-flat-pedal-set-black\/","og_site_name":"VM Sport","article_publisher":"https:\/\/www.facebook.com\/Vmsport.fi\/","article_modified_time":"2026-04-22T12:05:25+00:00","og_image":[{"width":1000,"height":750,"url":"https:\/\/vmsport.fi\/wp-content\/uploads\/2025\/03\/TrekLineProFlatPedal-41410-A-Alt3-1.jpg","type":"image\/jpeg"}],"twitter_card":"summary_large_image","twitter_misc":{"Ber\u00e4knad l\u00e4stid":"1 minut"},"schema":{"@context":"https:\/\/schema.org","@graph":[{"@type":["WebPage","ItemPage"],"@id":"https:\/\/vmsport.fi\/verkkokauppa\/varaosat\/polkimet\/flat-bmx-ja-dh-polkimet\/trek-line-pro-flat-pedal-set-black\/","url":"https:\/\/vmsport.fi\/verkkokauppa\/varaosat\/polkimet\/flat-bmx-ja-dh-polkimet\/trek-line-pro-flat-pedal-set-black\/","name":"Trek Line Pro Flat Pedal Set Black - VM Sport","isPartOf":{"@id":"https:\/\/vmsport.fi\/#website"},"primaryImageOfPage":{"@id":"https:\/\/vmsport.fi\/verkkokauppa\/varaosat\/polkimet\/flat-bmx-ja-dh-polkimet\/trek-line-pro-flat-pedal-set-black\/#primaryimage"},"image":{"@id":"https:\/\/vmsport.fi\/verkkokauppa\/varaosat\/polkimet\/flat-bmx-ja-dh-polkimet\/trek-line-pro-flat-pedal-set-black\/#primaryimage"},"thumbnailUrl":"https:\/\/vmsport.fi\/wp-content\/uploads\/2025\/03\/TrekLineProFlatPedal-41410-A-Alt3-1.jpg","datePublished":"2025-03-05T21:49:55+00:00","dateModified":"2026-04-22T12:05:25+00:00","breadcrumb":{"@id":"https:\/\/vmsport.fi\/verkkokauppa\/varaosat\/polkimet\/flat-bmx-ja-dh-polkimet\/trek-line-pro-flat-pedal-set-black\/#breadcrumb"},"inLanguage":"sv-SE","potentialAction":[{"@type":"ReadAction","target":["https:\/\/vmsport.fi\/verkkokauppa\/varaosat\/polkimet\/flat-bmx-ja-dh-polkimet\/trek-line-pro-flat-pedal-set-black\/"]}]},{"@type":"ImageObject","inLanguage":"sv-SE","@id":"https:\/\/vmsport.fi\/verkkokauppa\/varaosat\/polkimet\/flat-bmx-ja-dh-polkimet\/trek-line-pro-flat-pedal-set-black\/#primaryimage","url":"https:\/\/vmsport.fi\/wp-content\/uploads\/2025\/03\/TrekLineProFlatPedal-41410-A-Alt3-1.jpg","contentUrl":"https:\/\/vmsport.fi\/wp-content\/uploads\/2025\/03\/TrekLineProFlatPedal-41410-A-Alt3-1.jpg","width":1000,"height":750,"caption":"TrekLineProFlatPedal-41410-A-Alt3"},{"@type":"BreadcrumbList","@id":"https:\/\/vmsport.fi\/verkkokauppa\/varaosat\/polkimet\/flat-bmx-ja-dh-polkimet\/trek-line-pro-flat-pedal-set-black\/#breadcrumb","itemListElement":[{"@type":"ListItem","position":1,"name":"Etusivu","item":"https:\/\/vmsport.fi\/"},{"@type":"ListItem","position":2,"name":"Online Store","item":"https:\/\/vmsport.fi\/en\/online-store\/"},{"@type":"ListItem","position":3,"name":"Trek polkupy\u00f6r\u00e4t","item":"https:\/\/vmsport.fi\/sv\/merkki\/trek\/"},{"@type":"ListItem","position":4,"name":"Trek Line Pro Flat Pedal Set Black"}]},{"@type":"WebSite","@id":"https:\/\/vmsport.fi\/#website","url":"https:\/\/vmsport.fi\/","name":"Vmsport","description":"Allt p\u00e5 ett st\u00e4lle f\u00f6r cykling","publisher":{"@id":"https:\/\/vmsport.fi\/#organization"},"potentialAction":[{"@type":"SearchAction","target":{"@type":"EntryPoint","urlTemplate":"https:\/\/vmsport.fi\/?s={search_term_string}"},"query-input":{"@type":"PropertyValueSpecification","valueRequired":true,"valueName":"search_term_string"}}],"inLanguage":"sv-SE"},{"@type":"Organization","@id":"https:\/\/vmsport.fi\/#organization","name":"Vmsport","url":"https:\/\/vmsport.fi\/","logo":{"@type":"ImageObject","inLanguage":"sv-SE","@id":"https:\/\/vmsport.fi\/#\/schema\/logo\/image\/","url":"https:\/\/vmsport.fi\/wp-content\/uploads\/2024\/12\/vm_sport_RGB_horisontal-e1734526017575.png","contentUrl":"https:\/\/vmsport.fi\/wp-content\/uploads\/2024\/12\/vm_sport_RGB_horisontal-e1734526017575.png","width":668,"height":85,"caption":"Vmsport"},"image":{"@id":"https:\/\/vmsport.fi\/#\/schema\/logo\/image\/"},"sameAs":["https:\/\/www.facebook.com\/Vmsport.fi\/","https:\/\/www.instagram.com\/vmsport\/"]}]}},"global_unique_id":"","_links":{"self":[{"href":"https:\/\/vmsport.fi\/sv\/wp-json\/wp\/v2\/product\/54116","targetHints":{"allow":["GET"]}}],"collection":[{"href":"https:\/\/vmsport.fi\/sv\/wp-json\/wp\/v2\/product"}],"about":[{"href":"https:\/\/vmsport.fi\/sv\/wp-json\/wp\/v2\/types\/product"}],"replies":[{"embeddable":true,"href":"https:\/\/vmsport.fi\/sv\/wp-json\/wp\/v2\/comments?post=54116"}],"wp:featuredmedia":[{"embeddable":true,"href":"https:\/\/vmsport.fi\/sv\/wp-json\/wp\/v2\/media\/54114"}],"wp:attachment":[{"href":"https:\/\/vmsport.fi\/sv\/wp-json\/wp\/v2\/media?parent=54116"}],"wp:term":[{"taxonomy":"product_brand","embeddable":true,"href":"https:\/\/vmsport.fi\/sv\/wp-json\/wp\/v2\/product_brand?post=54116"},{"taxonomy":"product_model","embeddable":true,"href":"https:\/\/vmsport.fi\/sv\/wp-json\/wp\/v2\/product_model?post=54116"},{"taxonomy":"product_cat","embeddable":true,"href":"https:\/\/vmsport.fi\/sv\/wp-json\/wp\/v2\/product_cat?post=54116"},{"taxonomy":"product_tag","embeddable":true,"href":"https:\/\/vmsport.fi\/sv\/wp-json\/wp\/v2\/product_tag?post=54116"},{"taxonomy":"industry_terminology","embeddable":true,"href":"https:\/\/vmsport.fi\/sv\/wp-json\/wp\/v2\/industry-terminology?post=54116"}],"curies":[{"name":"wp","href":"https:\/\/api.w.org\/{rel}","templated":true}]}}