{"id":54100,"date":"2025-03-05T23:49:31","date_gmt":"2025-03-05T21:49:31","guid":{"rendered":"https:\/\/vmsport.fi\/verkkokauppa\/Ei-luokiteltu\/sram-trigger-shifter-gx-eagle-lunar-12-speed-rear-grey-graphics-with-discrete-clamp-gx-eagle\/"},"modified":"2026-01-16T13:25:51","modified_gmt":"2026-01-16T11:25:51","slug":"sram-trigger-shifter-gx-eagle-lunar-12-speed-bak-gra-grafik-med-discrete-clamp-gx-eagle","status":"publish","type":"product","link":"https:\/\/vmsport.fi\/sv\/verkkokauppa\/varaosat\/vaihteistot\/vaihdevivut\/sram-trigger-shifter-gx-eagle-lunar-12-speed-rear-grey-graphics-with-discrete-clamp-gx-eagle\/","title":{"rendered":"SRAM Trigger v\u00e4xelreglage GX Eagle Lunar 12 v\u00e4xlar Bakstycke Gr\u00e5 grafik, Med diskret kl\u00e4mma, GX Eagle"},"content":{"rendered":"<p>SRAM GX Eagle Lunar 12-v\u00e4xlad triggerv\u00e4xel \u00e4r utformad f\u00f6r att vara en viktig styrkomponent f\u00f6r moderna mountainbikes. Denna v\u00e4xelv\u00e4ljare erbjuder h\u00e5llbarhet och precision, vilket s\u00e4kerst\u00e4ller snabba och tillf\u00f6rlitliga v\u00e4xlingar, vilket g\u00f6r den idealisk f\u00f6r l\u00e5nga och kr\u00e4vande turer. Den \u00e4r kompatibel med 12-v\u00e4xlade bakv\u00e4xlar och anv\u00e4nder X-Actuation-kabeldrivning f\u00f6r exakt v\u00e4xelkontroll. Avtryckaren i aluminium f\u00f6rb\u00e4ttrar k\u00e4nslan och h\u00e5llbarheten.<\/p>\n<p>Lunar-f\u00e4rgen och den gr\u00e5 grafiken f\u00f6ljer Eagle Colorsystem och skapar ett sammanh\u00e4ngande utseende med kedjorna och patronerna. Diskret kl\u00e4mf\u00e4ste garanterar en s\u00e4ker installation p\u00e5 styret och MatchMaker\u2122X-kompatibilitet m\u00f6jligg\u00f6r en integrerad styrmontering med andra SRAM-komponenter. Samtidigt kan upp till fem v\u00e4xlar v\u00e4xlas i en enda r\u00f6relse, vilket g\u00f6r cyklingen smidigare \u00e4n n\u00e5gonsin.<\/p>\n<p>Den h\u00e4r v\u00e4xelv\u00e4ljaren passar b\u00e5de komfort- och prestandacyklister, f\u00f6rb\u00e4ttrar k\u00f6rupplevelsen och hj\u00e4lper dig att alltid ha den perfekta v\u00e4xeln.<\/p>","protected":false},"excerpt":{"rendered":"<p>SRAM GX Eagle Lunar 12-vaihteinen liipaisinvaihtaja on suunniteltu modernien maastopy\u00f6rien keskeiseksi ohjauskomponentiksi. T\u00e4m\u00e4 vaihdevalitsin tarjoaa kest\u00e4vyytt\u00e4 ja tarkkuutta, varmistamalla nopeat ja luotettavat vaihdot, mik\u00e4 tekee siit\u00e4 ihanteellisen pitkill\u00e4 ja vaativilla ajoreiteill\u00e4. Yhteensopiva 12-vaihteisten takavaihtajien kanssa, se hy\u00f6dynt\u00e4\u00e4 X-Actuation-kaapelivetoa tarkkaan vaihteiston hallintaan. Alumiininen liipaisin parantaa tuntumaa ja kest\u00e4vyytt\u00e4. Lunar-v\u00e4ritys ja harmaat grafiikat noudattavat Eagle Colorsystemia, luoden [&#8230;]<\/p>\n<p><a class=\"btn btn-secondary understrap-read-more-link\" href=\"https:\/\/vmsport.fi\/sv\/verkkokauppa\/varaosat\/vaihteistot\/vaihdevivut\/sram-trigger-shifter-gx-eagle-lunar-12-speed-rear-grey-graphics-with-discrete-clamp-gx-eagle\/\">L\u00e4s mer \u2026<span class=\"screen-reader-text\"> from SRAM Trigger shifter GX Eagle Lunar 12 speed Rear Grey graphics, With discrete clamp, GX Eagle<\/span><\/a><\/p>\n","protected":false},"featured_media":54099,"comment_status":"open","ping_status":"closed","template":"","meta":{"_acf_changed":false,"_improvement_type_select":"improve_an_existing","_thumb_yes_seoaic":false,"_frame_yes_seoaic":false,"seoaic_generate_description":"","seoaic_improve_instructions_prompt":"","seoaic_rollback_content_improvement":"","seoaic_idea_thumbnail_generator":"","thumbnail_generated":false,"thumbnail_generate_prompt":"","seoaic_article_description":"","_supplier_stock_quantity":0},"product_brand":[1588],"product_model":[],"product_cat":[9388],"product_tag":[],"industry-terminology":[],"class_list":{"0":"post-54100","1":"product","2":"type-product","3":"status-publish","4":"has-post-thumbnail","6":"product_brand-sram","7":"product_cat-vaihdevivut","9":"first","10":"outofstock","11":"taxable","12":"shipping-taxable","13":"product-type-simple"},"acf":{"bike_features":null,"overview":{"copy_overview":null,"key_features":null,"statement":"","youtube_url":""}},"yoast_head":"<!-- This site is optimized with the Yoast SEO plugin v27.3 - https:\/\/yoast.com\/product\/yoast-seo-wordpress\/ -->\n<title>SRAM Trigger shifter GX Eagle Lunar 12 speed Rear Grey graphics, With discrete clamp, GX Eagle - VM Sport<\/title>\n<meta name=\"robots\" content=\"index, follow, max-snippet:-1, max-image-preview:large, max-video-preview:-1\" \/>\n<link rel=\"canonical\" href=\"https:\/\/vmsport.fi\/sv\/webbutik\/reservdelar\/vaxellador\/sidor-om-vaxellador\/sram-trigger-shifter-gx-eagle-lunar-12-speed-bak-gra-grafik-med-discrete-clamp-gx-eagle\/\" \/>\n<meta property=\"og:locale\" content=\"sv_SE\" \/>\n<meta property=\"og:type\" content=\"article\" \/>\n<meta property=\"og:title\" content=\"SRAM Trigger shifter GX Eagle Lunar 12 speed Rear Grey graphics, With discrete clamp, GX Eagle - VM Sport\" \/>\n<meta property=\"og:description\" content=\"SRAM GX Eagle Lunar 12-vaihteinen liipaisinvaihtaja on suunniteltu modernien maastopy\u00f6rien keskeiseksi ohjauskomponentiksi. T\u00e4m\u00e4 vaihdevalitsin tarjoaa kest\u00e4vyytt\u00e4 ja tarkkuutta, varmistamalla nopeat ja luotettavat vaihdot, mik\u00e4 tekee siit\u00e4 ihanteellisen pitkill\u00e4 ja vaativilla ajoreiteill\u00e4. Yhteensopiva 12-vaihteisten takavaihtajien kanssa, se hy\u00f6dynt\u00e4\u00e4 X-Actuation-kaapelivetoa tarkkaan vaihteiston hallintaan. Alumiininen liipaisin parantaa tuntumaa ja kest\u00e4vyytt\u00e4. Lunar-v\u00e4ritys ja harmaat grafiikat noudattavat Eagle Colorsystemia, luoden [...]L\u00e4s mer \u2026 from SRAM Trigger shifter GX Eagle Lunar 12 speed Rear Grey graphics, With discrete clamp, GX Eagle\" \/>\n<meta property=\"og:url\" content=\"https:\/\/vmsport.fi\/sv\/webbutik\/reservdelar\/vaxellador\/sidor-om-vaxellador\/sram-trigger-shifter-gx-eagle-lunar-12-speed-bak-gra-grafik-med-discrete-clamp-gx-eagle\/\" \/>\n<meta property=\"og:site_name\" content=\"VM Sport\" \/>\n<meta property=\"article:publisher\" content=\"https:\/\/www.facebook.com\/Vmsport.fi\/\" \/>\n<meta property=\"article:modified_time\" content=\"2026-01-16T11:25:51+00:00\" \/>\n<meta property=\"og:image\" content=\"https:\/\/vmsport.fi\/wp-content\/uploads\/2025\/03\/xGxJvPCLaBnojL8SePMEQGbczRhP1E1wmhJk0YuB40zfvqdwWE-1.jpg\" \/>\n\t<meta property=\"og:image:width\" content=\"800\" \/>\n\t<meta property=\"og:image:height\" content=\"800\" \/>\n\t<meta property=\"og:image:type\" content=\"image\/jpeg\" \/>\n<meta name=\"twitter:card\" content=\"summary_large_image\" \/>\n<meta name=\"twitter:label1\" content=\"Ber\u00e4knad l\u00e4stid\" \/>\n\t<meta name=\"twitter:data1\" content=\"1 minut\" \/>\n<script type=\"application\/ld+json\" class=\"yoast-schema-graph\">{\"@context\":\"https:\\\/\\\/schema.org\",\"@graph\":[{\"@type\":[\"WebPage\",\"ItemPage\"],\"@id\":\"https:\\\/\\\/vmsport.fi\\\/verkkokauppa\\\/varaosat\\\/vaihteistot\\\/vaihdevivut\\\/sram-trigger-shifter-gx-eagle-lunar-12-speed-rear-grey-graphics-with-discrete-clamp-gx-eagle\\\/\",\"url\":\"https:\\\/\\\/vmsport.fi\\\/verkkokauppa\\\/varaosat\\\/vaihteistot\\\/vaihdevivut\\\/sram-trigger-shifter-gx-eagle-lunar-12-speed-rear-grey-graphics-with-discrete-clamp-gx-eagle\\\/\",\"name\":\"SRAM Trigger shifter GX Eagle Lunar 12 speed Rear Grey graphics, With discrete clamp, GX Eagle - VM Sport\",\"isPartOf\":{\"@id\":\"https:\\\/\\\/vmsport.fi\\\/#website\"},\"primaryImageOfPage\":{\"@id\":\"https:\\\/\\\/vmsport.fi\\\/verkkokauppa\\\/varaosat\\\/vaihteistot\\\/vaihdevivut\\\/sram-trigger-shifter-gx-eagle-lunar-12-speed-rear-grey-graphics-with-discrete-clamp-gx-eagle\\\/#primaryimage\"},\"image\":{\"@id\":\"https:\\\/\\\/vmsport.fi\\\/verkkokauppa\\\/varaosat\\\/vaihteistot\\\/vaihdevivut\\\/sram-trigger-shifter-gx-eagle-lunar-12-speed-rear-grey-graphics-with-discrete-clamp-gx-eagle\\\/#primaryimage\"},\"thumbnailUrl\":\"https:\\\/\\\/vmsport.fi\\\/wp-content\\\/uploads\\\/2025\\\/03\\\/xGxJvPCLaBnojL8SePMEQGbczRhP1E1wmhJk0YuB40zfvqdwWE-1.jpg\",\"datePublished\":\"2025-03-05T21:49:31+00:00\",\"dateModified\":\"2026-01-16T11:25:51+00:00\",\"breadcrumb\":{\"@id\":\"https:\\\/\\\/vmsport.fi\\\/verkkokauppa\\\/varaosat\\\/vaihteistot\\\/vaihdevivut\\\/sram-trigger-shifter-gx-eagle-lunar-12-speed-rear-grey-graphics-with-discrete-clamp-gx-eagle\\\/#breadcrumb\"},\"inLanguage\":\"sv-SE\",\"potentialAction\":[{\"@type\":\"ReadAction\",\"target\":[\"https:\\\/\\\/vmsport.fi\\\/verkkokauppa\\\/varaosat\\\/vaihteistot\\\/vaihdevivut\\\/sram-trigger-shifter-gx-eagle-lunar-12-speed-rear-grey-graphics-with-discrete-clamp-gx-eagle\\\/\"]}]},{\"@type\":\"ImageObject\",\"inLanguage\":\"sv-SE\",\"@id\":\"https:\\\/\\\/vmsport.fi\\\/verkkokauppa\\\/varaosat\\\/vaihteistot\\\/vaihdevivut\\\/sram-trigger-shifter-gx-eagle-lunar-12-speed-rear-grey-graphics-with-discrete-clamp-gx-eagle\\\/#primaryimage\",\"url\":\"https:\\\/\\\/vmsport.fi\\\/wp-content\\\/uploads\\\/2025\\\/03\\\/xGxJvPCLaBnojL8SePMEQGbczRhP1E1wmhJk0YuB40zfvqdwWE-1.jpg\",\"contentUrl\":\"https:\\\/\\\/vmsport.fi\\\/wp-content\\\/uploads\\\/2025\\\/03\\\/xGxJvPCLaBnojL8SePMEQGbczRhP1E1wmhJk0YuB40zfvqdwWE-1.jpg\",\"width\":800,\"height\":800,\"caption\":\"xGxJvPCLaBnojL8SePMEQGbczRhP1E1wmhJk0YuB40zfvqdwWE\"},{\"@type\":\"BreadcrumbList\",\"@id\":\"https:\\\/\\\/vmsport.fi\\\/verkkokauppa\\\/varaosat\\\/vaihteistot\\\/vaihdevivut\\\/sram-trigger-shifter-gx-eagle-lunar-12-speed-rear-grey-graphics-with-discrete-clamp-gx-eagle\\\/#breadcrumb\",\"itemListElement\":[{\"@type\":\"ListItem\",\"position\":1,\"name\":\"Etusivu\",\"item\":\"https:\\\/\\\/vmsport.fi\\\/\"},{\"@type\":\"ListItem\",\"position\":2,\"name\":\"Online Store\",\"item\":\"https:\\\/\\\/vmsport.fi\\\/en\\\/online-store\\\/\"},{\"@type\":\"ListItem\",\"position\":3,\"name\":\"SRAM Trigger shifter GX Eagle Lunar 12 speed Rear Grey graphics, With discrete clamp, GX Eagle\"}]},{\"@type\":\"WebSite\",\"@id\":\"https:\\\/\\\/vmsport.fi\\\/#website\",\"url\":\"https:\\\/\\\/vmsport.fi\\\/\",\"name\":\"Vmsport\",\"description\":\"Kaikki py\u00f6r\u00e4ilyyn yhdest\u00e4 paikasta\",\"publisher\":{\"@id\":\"https:\\\/\\\/vmsport.fi\\\/#organization\"},\"potentialAction\":[{\"@type\":\"SearchAction\",\"target\":{\"@type\":\"EntryPoint\",\"urlTemplate\":\"https:\\\/\\\/vmsport.fi\\\/?s={search_term_string}\"},\"query-input\":{\"@type\":\"PropertyValueSpecification\",\"valueRequired\":true,\"valueName\":\"search_term_string\"}}],\"inLanguage\":\"sv-SE\"},{\"@type\":\"Organization\",\"@id\":\"https:\\\/\\\/vmsport.fi\\\/#organization\",\"name\":\"Vmsport\",\"url\":\"https:\\\/\\\/vmsport.fi\\\/\",\"logo\":{\"@type\":\"ImageObject\",\"inLanguage\":\"sv-SE\",\"@id\":\"https:\\\/\\\/vmsport.fi\\\/#\\\/schema\\\/logo\\\/image\\\/\",\"url\":\"https:\\\/\\\/vmsport.fi\\\/wp-content\\\/uploads\\\/2024\\\/12\\\/vm_sport_RGB_horisontal-e1734526017575.png\",\"contentUrl\":\"https:\\\/\\\/vmsport.fi\\\/wp-content\\\/uploads\\\/2024\\\/12\\\/vm_sport_RGB_horisontal-e1734526017575.png\",\"width\":668,\"height\":85,\"caption\":\"Vmsport\"},\"image\":{\"@id\":\"https:\\\/\\\/vmsport.fi\\\/#\\\/schema\\\/logo\\\/image\\\/\"},\"sameAs\":[\"https:\\\/\\\/www.facebook.com\\\/Vmsport.fi\\\/\",\"https:\\\/\\\/www.instagram.com\\\/vmsport\\\/\"]}]}<\/script>\n<!-- \/ Yoast SEO plugin. -->","yoast_head_json":{"title":"SRAM Trigger v\u00e4xelreglage GX Eagle Lunar 12 v\u00e4xlar Bakstycke Gr\u00e5 grafik, Med diskret kl\u00e4mma, GX Eagle - VM Sport","robots":{"index":"index","follow":"follow","max-snippet":"max-snippet:-1","max-image-preview":"max-image-preview:large","max-video-preview":"max-video-preview:-1"},"canonical":"https:\/\/vmsport.fi\/sv\/webbutik\/reservdelar\/vaxellador\/sidor-om-vaxellador\/sram-trigger-shifter-gx-eagle-lunar-12-speed-bak-gra-grafik-med-discrete-clamp-gx-eagle\/","og_locale":"sv_SE","og_type":"article","og_title":"SRAM Trigger shifter GX Eagle Lunar 12 speed Rear Grey graphics, With discrete clamp, GX Eagle - VM Sport","og_description":"SRAM GX Eagle Lunar 12-vaihteinen liipaisinvaihtaja on suunniteltu modernien maastopy\u00f6rien keskeiseksi ohjauskomponentiksi. T\u00e4m\u00e4 vaihdevalitsin tarjoaa kest\u00e4vyytt\u00e4 ja tarkkuutta, varmistamalla nopeat ja luotettavat vaihdot, mik\u00e4 tekee siit\u00e4 ihanteellisen pitkill\u00e4 ja vaativilla ajoreiteill\u00e4. Yhteensopiva 12-vaihteisten takavaihtajien kanssa, se hy\u00f6dynt\u00e4\u00e4 X-Actuation-kaapelivetoa tarkkaan vaihteiston hallintaan. Alumiininen liipaisin parantaa tuntumaa ja kest\u00e4vyytt\u00e4. Lunar-v\u00e4ritys ja harmaat grafiikat noudattavat Eagle Colorsystemia, luoden [...]L\u00e4s mer \u2026 from SRAM Trigger shifter GX Eagle Lunar 12 speed Rear Grey graphics, With discrete clamp, GX Eagle","og_url":"https:\/\/vmsport.fi\/sv\/webbutik\/reservdelar\/vaxellador\/sidor-om-vaxellador\/sram-trigger-shifter-gx-eagle-lunar-12-speed-bak-gra-grafik-med-discrete-clamp-gx-eagle\/","og_site_name":"VM Sport","article_publisher":"https:\/\/www.facebook.com\/Vmsport.fi\/","article_modified_time":"2026-01-16T11:25:51+00:00","og_image":[{"width":800,"height":800,"url":"https:\/\/vmsport.fi\/wp-content\/uploads\/2025\/03\/xGxJvPCLaBnojL8SePMEQGbczRhP1E1wmhJk0YuB40zfvqdwWE-1.jpg","type":"image\/jpeg"}],"twitter_card":"summary_large_image","twitter_misc":{"Ber\u00e4knad l\u00e4stid":"1 minut"},"schema":{"@context":"https:\/\/schema.org","@graph":[{"@type":["WebPage","ItemPage"],"@id":"https:\/\/vmsport.fi\/verkkokauppa\/varaosat\/vaihteistot\/vaihdevivut\/sram-trigger-shifter-gx-eagle-lunar-12-speed-rear-grey-graphics-with-discrete-clamp-gx-eagle\/","url":"https:\/\/vmsport.fi\/verkkokauppa\/varaosat\/vaihteistot\/vaihdevivut\/sram-trigger-shifter-gx-eagle-lunar-12-speed-rear-grey-graphics-with-discrete-clamp-gx-eagle\/","name":"SRAM Trigger v\u00e4xelreglage GX Eagle Lunar 12 v\u00e4xlar Bakstycke Gr\u00e5 grafik, Med diskret kl\u00e4mma, GX Eagle - VM Sport","isPartOf":{"@id":"https:\/\/vmsport.fi\/#website"},"primaryImageOfPage":{"@id":"https:\/\/vmsport.fi\/verkkokauppa\/varaosat\/vaihteistot\/vaihdevivut\/sram-trigger-shifter-gx-eagle-lunar-12-speed-rear-grey-graphics-with-discrete-clamp-gx-eagle\/#primaryimage"},"image":{"@id":"https:\/\/vmsport.fi\/verkkokauppa\/varaosat\/vaihteistot\/vaihdevivut\/sram-trigger-shifter-gx-eagle-lunar-12-speed-rear-grey-graphics-with-discrete-clamp-gx-eagle\/#primaryimage"},"thumbnailUrl":"https:\/\/vmsport.fi\/wp-content\/uploads\/2025\/03\/xGxJvPCLaBnojL8SePMEQGbczRhP1E1wmhJk0YuB40zfvqdwWE-1.jpg","datePublished":"2025-03-05T21:49:31+00:00","dateModified":"2026-01-16T11:25:51+00:00","breadcrumb":{"@id":"https:\/\/vmsport.fi\/verkkokauppa\/varaosat\/vaihteistot\/vaihdevivut\/sram-trigger-shifter-gx-eagle-lunar-12-speed-rear-grey-graphics-with-discrete-clamp-gx-eagle\/#breadcrumb"},"inLanguage":"sv-SE","potentialAction":[{"@type":"ReadAction","target":["https:\/\/vmsport.fi\/verkkokauppa\/varaosat\/vaihteistot\/vaihdevivut\/sram-trigger-shifter-gx-eagle-lunar-12-speed-rear-grey-graphics-with-discrete-clamp-gx-eagle\/"]}]},{"@type":"ImageObject","inLanguage":"sv-SE","@id":"https:\/\/vmsport.fi\/verkkokauppa\/varaosat\/vaihteistot\/vaihdevivut\/sram-trigger-shifter-gx-eagle-lunar-12-speed-rear-grey-graphics-with-discrete-clamp-gx-eagle\/#primaryimage","url":"https:\/\/vmsport.fi\/wp-content\/uploads\/2025\/03\/xGxJvPCLaBnojL8SePMEQGbczRhP1E1wmhJk0YuB40zfvqdwWE-1.jpg","contentUrl":"https:\/\/vmsport.fi\/wp-content\/uploads\/2025\/03\/xGxJvPCLaBnojL8SePMEQGbczRhP1E1wmhJk0YuB40zfvqdwWE-1.jpg","width":800,"height":800,"caption":"xGxJvPCLaBnojL8SePMEQGbczRhP1E1wmhJk0YuB40zfvqdwWE"},{"@type":"BreadcrumbList","@id":"https:\/\/vmsport.fi\/verkkokauppa\/varaosat\/vaihteistot\/vaihdevivut\/sram-trigger-shifter-gx-eagle-lunar-12-speed-rear-grey-graphics-with-discrete-clamp-gx-eagle\/#breadcrumb","itemListElement":[{"@type":"ListItem","position":1,"name":"Etusivu","item":"https:\/\/vmsport.fi\/"},{"@type":"ListItem","position":2,"name":"Online Store","item":"https:\/\/vmsport.fi\/en\/online-store\/"},{"@type":"ListItem","position":3,"name":"SRAM Trigger shifter GX Eagle Lunar 12 speed Rear Grey graphics, With discrete clamp, GX Eagle"}]},{"@type":"WebSite","@id":"https:\/\/vmsport.fi\/#website","url":"https:\/\/vmsport.fi\/","name":"Vmsport","description":"Allt p\u00e5 ett st\u00e4lle f\u00f6r cykling","publisher":{"@id":"https:\/\/vmsport.fi\/#organization"},"potentialAction":[{"@type":"SearchAction","target":{"@type":"EntryPoint","urlTemplate":"https:\/\/vmsport.fi\/?s={search_term_string}"},"query-input":{"@type":"PropertyValueSpecification","valueRequired":true,"valueName":"search_term_string"}}],"inLanguage":"sv-SE"},{"@type":"Organization","@id":"https:\/\/vmsport.fi\/#organization","name":"Vmsport","url":"https:\/\/vmsport.fi\/","logo":{"@type":"ImageObject","inLanguage":"sv-SE","@id":"https:\/\/vmsport.fi\/#\/schema\/logo\/image\/","url":"https:\/\/vmsport.fi\/wp-content\/uploads\/2024\/12\/vm_sport_RGB_horisontal-e1734526017575.png","contentUrl":"https:\/\/vmsport.fi\/wp-content\/uploads\/2024\/12\/vm_sport_RGB_horisontal-e1734526017575.png","width":668,"height":85,"caption":"Vmsport"},"image":{"@id":"https:\/\/vmsport.fi\/#\/schema\/logo\/image\/"},"sameAs":["https:\/\/www.facebook.com\/Vmsport.fi\/","https:\/\/www.instagram.com\/vmsport\/"]}]}},"global_unique_id":"","_links":{"self":[{"href":"https:\/\/vmsport.fi\/sv\/wp-json\/wp\/v2\/product\/54100","targetHints":{"allow":["GET"]}}],"collection":[{"href":"https:\/\/vmsport.fi\/sv\/wp-json\/wp\/v2\/product"}],"about":[{"href":"https:\/\/vmsport.fi\/sv\/wp-json\/wp\/v2\/types\/product"}],"replies":[{"embeddable":true,"href":"https:\/\/vmsport.fi\/sv\/wp-json\/wp\/v2\/comments?post=54100"}],"wp:featuredmedia":[{"embeddable":true,"href":"https:\/\/vmsport.fi\/sv\/wp-json\/wp\/v2\/media\/54099"}],"wp:attachment":[{"href":"https:\/\/vmsport.fi\/sv\/wp-json\/wp\/v2\/media?parent=54100"}],"wp:term":[{"taxonomy":"product_brand","embeddable":true,"href":"https:\/\/vmsport.fi\/sv\/wp-json\/wp\/v2\/product_brand?post=54100"},{"taxonomy":"product_model","embeddable":true,"href":"https:\/\/vmsport.fi\/sv\/wp-json\/wp\/v2\/product_model?post=54100"},{"taxonomy":"product_cat","embeddable":true,"href":"https:\/\/vmsport.fi\/sv\/wp-json\/wp\/v2\/product_cat?post=54100"},{"taxonomy":"product_tag","embeddable":true,"href":"https:\/\/vmsport.fi\/sv\/wp-json\/wp\/v2\/product_tag?post=54100"},{"taxonomy":"industry_terminology","embeddable":true,"href":"https:\/\/vmsport.fi\/sv\/wp-json\/wp\/v2\/industry-terminology?post=54100"}],"curies":[{"name":"wp","href":"https:\/\/api.w.org\/{rel}","templated":true}]}}