{"id":54096,"date":"2025-03-05T23:49:29","date_gmt":"2025-03-05T21:49:29","guid":{"rendered":"https:\/\/vmsport.fi\/verkkokauppa\/Ei-luokiteltu\/poc-elicit-clarity-define-no-mirror-ajolasit\/"},"modified":"2026-01-16T13:21:49","modified_gmt":"2026-01-16T11:21:49","slug":"poc-framkalla-klarhet-definiera-ingen-spegel-ajolasit","status":"publish","type":"product","link":"https:\/\/vmsport.fi\/sv\/verkkokauppa\/ajovarusteet\/ajolasit\/poc-elicit-clarity-define-no-mirror-ajolasit\/","title":{"rendered":"POC Elicit Klarhet Definiera\/Nej spegel Ajolasit"},"content":{"rendered":"<p>POC Elicit Clarity Define-solglas\u00f6gonen kombinerar innovativ design med enast\u00e5ende prestanda. Dessa k\u00f6rglas\u00f6gon har en l\u00e4ttviktsdesign som g\u00f6r dem bekv\u00e4ma att b\u00e4ra under l\u00e5nga perioder. Clarity-funktionen f\u00f6rb\u00e4ttrar synf\u00e4ltet genom att framh\u00e4va kontraster, vilket g\u00f6r det l\u00e4ttare att uppfatta omgivningen n\u00e4r du k\u00f6r. Avsaknaden av spegelyta garanterar klar sikt under alla f\u00f6rh\u00e5llanden. Njut av k\u00f6rgl\u00e4djen och skydda dina \u00f6gon med detta snygga \u00f6gonskydd.<\/p>","protected":false},"excerpt":{"rendered":"<p>POC Elicit Clarity Define -ajolasit yhdist\u00e4v\u00e4t innovatiivisen muotoilun ja erinomaisen suorituskyvyn. N\u00e4iss\u00e4 ajolaseissa on kevyt rakenne, mik\u00e4 tekee niist\u00e4 mukavat k\u00e4ytt\u00e4\u00e4 pitk\u00e4\u00e4n. Clarity-ominaisuus parantaa n\u00e4k\u00f6kentt\u00e4\u00e4 korostamalla kontrasteja, mik\u00e4 helpottaa ymp\u00e4rist\u00f6n hahmottamista ajon aikana. Peilipintaisuuden puuttuminen varmistaa selke\u00e4n n\u00e4kyvyyden kaikissa olosuhteissa. Nauti ajamisen ilosta ja suojaa silm\u00e4si laadukkaasti t\u00e4m\u00e4n tyylikk\u00e4\u00e4n silm\u00e4suojan avulla. [&#8230;]<\/p>\n<p><a class=\"btn btn-secondary understrap-read-more-link\" href=\"https:\/\/vmsport.fi\/sv\/verkkokauppa\/ajovarusteet\/ajolasit\/poc-elicit-clarity-define-no-mirror-ajolasit\/\">L\u00e4s mer \u2026<span class=\"screen-reader-text\"> from POC Elicit Clarity Define\/No Mirror Ajolasit<\/span><\/a><\/p>\n","protected":false},"featured_media":54094,"comment_status":"open","ping_status":"closed","template":"","meta":{"_acf_changed":false,"_improvement_type_select":"improve_an_existing","_thumb_yes_seoaic":false,"_frame_yes_seoaic":false,"seoaic_generate_description":"","seoaic_improve_instructions_prompt":"","seoaic_rollback_content_improvement":"","seoaic_idea_thumbnail_generator":"","thumbnail_generated":false,"thumbnail_generate_prompt":"","seoaic_article_description":"","_supplier_stock_quantity":0},"product_brand":[],"product_model":[],"product_cat":[9280],"product_tag":[],"industry-terminology":[],"class_list":{"0":"post-54096","1":"product","2":"type-product","3":"status-publish","4":"has-post-thumbnail","6":"product_cat-ajolasit","8":"first","9":"outofstock","10":"taxable","11":"shipping-taxable","12":"product-type-simple"},"acf":{"bike_features":null,"overview":{"copy_overview":null,"key_features":null,"statement":"","youtube_url":""}},"yoast_head":"<!-- This site is optimized with the Yoast SEO plugin v27.3 - https:\/\/yoast.com\/product\/yoast-seo-wordpress\/ -->\n<title>POC Elicit Clarity Define\/No Mirror Ajolasit - VM Sport<\/title>\n<meta name=\"robots\" content=\"index, follow, max-snippet:-1, max-image-preview:large, max-video-preview:-1\" \/>\n<link rel=\"canonical\" href=\"https:\/\/vmsport.fi\/sv\/webbutik\/korutrustning\/drivande-glasogon\/poc-framkalla-klarhet-definiera-ingen-spegel-ajolasit\/\" \/>\n<meta property=\"og:locale\" content=\"sv_SE\" \/>\n<meta property=\"og:type\" content=\"article\" \/>\n<meta property=\"og:title\" content=\"POC Elicit Clarity Define\/No Mirror Ajolasit - VM Sport\" \/>\n<meta property=\"og:description\" content=\"POC Elicit Clarity Define -ajolasit yhdist\u00e4v\u00e4t innovatiivisen muotoilun ja erinomaisen suorituskyvyn. N\u00e4iss\u00e4 ajolaseissa on kevyt rakenne, mik\u00e4 tekee niist\u00e4 mukavat k\u00e4ytt\u00e4\u00e4 pitk\u00e4\u00e4n. Clarity-ominaisuus parantaa n\u00e4k\u00f6kentt\u00e4\u00e4 korostamalla kontrasteja, mik\u00e4 helpottaa ymp\u00e4rist\u00f6n hahmottamista ajon aikana. Peilipintaisuuden puuttuminen varmistaa selke\u00e4n n\u00e4kyvyyden kaikissa olosuhteissa. Nauti ajamisen ilosta ja suojaa silm\u00e4si laadukkaasti t\u00e4m\u00e4n tyylikk\u00e4\u00e4n silm\u00e4suojan avulla. [...]L\u00e4s mer \u2026 from POC Elicit Clarity Define\/No Mirror Ajolasit\" \/>\n<meta property=\"og:url\" content=\"https:\/\/vmsport.fi\/sv\/webbutik\/korutrustning\/drivande-glasogon\/poc-framkalla-klarhet-definiera-ingen-spegel-ajolasit\/\" \/>\n<meta property=\"og:site_name\" content=\"VM Sport\" \/>\n<meta property=\"article:publisher\" content=\"https:\/\/www.facebook.com\/Vmsport.fi\/\" \/>\n<meta property=\"article:modified_time\" content=\"2026-01-16T11:21:49+00:00\" \/>\n<meta property=\"og:image\" content=\"https:\/\/vmsport.fi\/wp-content\/uploads\/2025\/03\/EL1001-Elicit-1002-UraniumBlack-Claritydefine-nomirror-0001-1.png\" \/>\n\t<meta property=\"og:image:width\" content=\"1000\" \/>\n\t<meta property=\"og:image:height\" content=\"1000\" \/>\n\t<meta property=\"og:image:type\" content=\"image\/png\" \/>\n<meta name=\"twitter:card\" content=\"summary_large_image\" \/>\n<script type=\"application\/ld+json\" class=\"yoast-schema-graph\">{\"@context\":\"https:\\\/\\\/schema.org\",\"@graph\":[{\"@type\":[\"WebPage\",\"ItemPage\"],\"@id\":\"https:\\\/\\\/vmsport.fi\\\/verkkokauppa\\\/ajovarusteet\\\/ajolasit\\\/poc-elicit-clarity-define-no-mirror-ajolasit\\\/\",\"url\":\"https:\\\/\\\/vmsport.fi\\\/verkkokauppa\\\/ajovarusteet\\\/ajolasit\\\/poc-elicit-clarity-define-no-mirror-ajolasit\\\/\",\"name\":\"POC Elicit Clarity Define\\\/No Mirror Ajolasit - VM Sport\",\"isPartOf\":{\"@id\":\"https:\\\/\\\/vmsport.fi\\\/#website\"},\"primaryImageOfPage\":{\"@id\":\"https:\\\/\\\/vmsport.fi\\\/verkkokauppa\\\/ajovarusteet\\\/ajolasit\\\/poc-elicit-clarity-define-no-mirror-ajolasit\\\/#primaryimage\"},\"image\":{\"@id\":\"https:\\\/\\\/vmsport.fi\\\/verkkokauppa\\\/ajovarusteet\\\/ajolasit\\\/poc-elicit-clarity-define-no-mirror-ajolasit\\\/#primaryimage\"},\"thumbnailUrl\":\"https:\\\/\\\/vmsport.fi\\\/wp-content\\\/uploads\\\/2025\\\/03\\\/EL1001-Elicit-1002-UraniumBlack-Claritydefine-nomirror-0001-1.png\",\"datePublished\":\"2025-03-05T21:49:29+00:00\",\"dateModified\":\"2026-01-16T11:21:49+00:00\",\"breadcrumb\":{\"@id\":\"https:\\\/\\\/vmsport.fi\\\/verkkokauppa\\\/ajovarusteet\\\/ajolasit\\\/poc-elicit-clarity-define-no-mirror-ajolasit\\\/#breadcrumb\"},\"inLanguage\":\"sv-SE\",\"potentialAction\":[{\"@type\":\"ReadAction\",\"target\":[\"https:\\\/\\\/vmsport.fi\\\/verkkokauppa\\\/ajovarusteet\\\/ajolasit\\\/poc-elicit-clarity-define-no-mirror-ajolasit\\\/\"]}]},{\"@type\":\"ImageObject\",\"inLanguage\":\"sv-SE\",\"@id\":\"https:\\\/\\\/vmsport.fi\\\/verkkokauppa\\\/ajovarusteet\\\/ajolasit\\\/poc-elicit-clarity-define-no-mirror-ajolasit\\\/#primaryimage\",\"url\":\"https:\\\/\\\/vmsport.fi\\\/wp-content\\\/uploads\\\/2025\\\/03\\\/EL1001-Elicit-1002-UraniumBlack-Claritydefine-nomirror-0001-1.png\",\"contentUrl\":\"https:\\\/\\\/vmsport.fi\\\/wp-content\\\/uploads\\\/2025\\\/03\\\/EL1001-Elicit-1002-UraniumBlack-Claritydefine-nomirror-0001-1.png\",\"width\":1000,\"height\":1000,\"caption\":\"EL1001-Elicit-1002-UraniumBlack-Claritydefine-nomirror-0001\"},{\"@type\":\"BreadcrumbList\",\"@id\":\"https:\\\/\\\/vmsport.fi\\\/verkkokauppa\\\/ajovarusteet\\\/ajolasit\\\/poc-elicit-clarity-define-no-mirror-ajolasit\\\/#breadcrumb\",\"itemListElement\":[{\"@type\":\"ListItem\",\"position\":1,\"name\":\"Etusivu\",\"item\":\"https:\\\/\\\/vmsport.fi\\\/\"},{\"@type\":\"ListItem\",\"position\":2,\"name\":\"Online Store\",\"item\":\"https:\\\/\\\/vmsport.fi\\\/en\\\/online-store\\\/\"},{\"@type\":\"ListItem\",\"position\":3,\"name\":\"POC Elicit Clarity Define\\\/No Mirror Ajolasit\"}]},{\"@type\":\"WebSite\",\"@id\":\"https:\\\/\\\/vmsport.fi\\\/#website\",\"url\":\"https:\\\/\\\/vmsport.fi\\\/\",\"name\":\"Vmsport\",\"description\":\"Kaikki py\u00f6r\u00e4ilyyn yhdest\u00e4 paikasta\",\"publisher\":{\"@id\":\"https:\\\/\\\/vmsport.fi\\\/#organization\"},\"potentialAction\":[{\"@type\":\"SearchAction\",\"target\":{\"@type\":\"EntryPoint\",\"urlTemplate\":\"https:\\\/\\\/vmsport.fi\\\/?s={search_term_string}\"},\"query-input\":{\"@type\":\"PropertyValueSpecification\",\"valueRequired\":true,\"valueName\":\"search_term_string\"}}],\"inLanguage\":\"sv-SE\"},{\"@type\":\"Organization\",\"@id\":\"https:\\\/\\\/vmsport.fi\\\/#organization\",\"name\":\"Vmsport\",\"url\":\"https:\\\/\\\/vmsport.fi\\\/\",\"logo\":{\"@type\":\"ImageObject\",\"inLanguage\":\"sv-SE\",\"@id\":\"https:\\\/\\\/vmsport.fi\\\/#\\\/schema\\\/logo\\\/image\\\/\",\"url\":\"https:\\\/\\\/vmsport.fi\\\/wp-content\\\/uploads\\\/2024\\\/12\\\/vm_sport_RGB_horisontal-e1734526017575.png\",\"contentUrl\":\"https:\\\/\\\/vmsport.fi\\\/wp-content\\\/uploads\\\/2024\\\/12\\\/vm_sport_RGB_horisontal-e1734526017575.png\",\"width\":668,\"height\":85,\"caption\":\"Vmsport\"},\"image\":{\"@id\":\"https:\\\/\\\/vmsport.fi\\\/#\\\/schema\\\/logo\\\/image\\\/\"},\"sameAs\":[\"https:\\\/\\\/www.facebook.com\\\/Vmsport.fi\\\/\",\"https:\\\/\\\/www.instagram.com\\\/vmsport\\\/\"]}]}<\/script>\n<!-- \/ Yoast SEO plugin. -->","yoast_head_json":{"title":"POC Elicit Clarity Define\/No Mirror Ajolasit - VM Sport","robots":{"index":"index","follow":"follow","max-snippet":"max-snippet:-1","max-image-preview":"max-image-preview:large","max-video-preview":"max-video-preview:-1"},"canonical":"https:\/\/vmsport.fi\/sv\/webbutik\/korutrustning\/drivande-glasogon\/poc-framkalla-klarhet-definiera-ingen-spegel-ajolasit\/","og_locale":"sv_SE","og_type":"article","og_title":"POC Elicit Clarity Define\/No Mirror Ajolasit - VM Sport","og_description":"POC Elicit Clarity Define -ajolasit yhdist\u00e4v\u00e4t innovatiivisen muotoilun ja erinomaisen suorituskyvyn. N\u00e4iss\u00e4 ajolaseissa on kevyt rakenne, mik\u00e4 tekee niist\u00e4 mukavat k\u00e4ytt\u00e4\u00e4 pitk\u00e4\u00e4n. Clarity-ominaisuus parantaa n\u00e4k\u00f6kentt\u00e4\u00e4 korostamalla kontrasteja, mik\u00e4 helpottaa ymp\u00e4rist\u00f6n hahmottamista ajon aikana. Peilipintaisuuden puuttuminen varmistaa selke\u00e4n n\u00e4kyvyyden kaikissa olosuhteissa. Nauti ajamisen ilosta ja suojaa silm\u00e4si laadukkaasti t\u00e4m\u00e4n tyylikk\u00e4\u00e4n silm\u00e4suojan avulla. [...]L\u00e4s mer \u2026 from POC Elicit Clarity Define\/No Mirror Ajolasit","og_url":"https:\/\/vmsport.fi\/sv\/webbutik\/korutrustning\/drivande-glasogon\/poc-framkalla-klarhet-definiera-ingen-spegel-ajolasit\/","og_site_name":"VM Sport","article_publisher":"https:\/\/www.facebook.com\/Vmsport.fi\/","article_modified_time":"2026-01-16T11:21:49+00:00","og_image":[{"width":1000,"height":1000,"url":"https:\/\/vmsport.fi\/wp-content\/uploads\/2025\/03\/EL1001-Elicit-1002-UraniumBlack-Claritydefine-nomirror-0001-1.png","type":"image\/png"}],"twitter_card":"summary_large_image","schema":{"@context":"https:\/\/schema.org","@graph":[{"@type":["WebPage","ItemPage"],"@id":"https:\/\/vmsport.fi\/verkkokauppa\/ajovarusteet\/ajolasit\/poc-elicit-clarity-define-no-mirror-ajolasit\/","url":"https:\/\/vmsport.fi\/verkkokauppa\/ajovarusteet\/ajolasit\/poc-elicit-clarity-define-no-mirror-ajolasit\/","name":"POC Elicit Clarity Define\/No Mirror Ajolasit - VM Sport","isPartOf":{"@id":"https:\/\/vmsport.fi\/#website"},"primaryImageOfPage":{"@id":"https:\/\/vmsport.fi\/verkkokauppa\/ajovarusteet\/ajolasit\/poc-elicit-clarity-define-no-mirror-ajolasit\/#primaryimage"},"image":{"@id":"https:\/\/vmsport.fi\/verkkokauppa\/ajovarusteet\/ajolasit\/poc-elicit-clarity-define-no-mirror-ajolasit\/#primaryimage"},"thumbnailUrl":"https:\/\/vmsport.fi\/wp-content\/uploads\/2025\/03\/EL1001-Elicit-1002-UraniumBlack-Claritydefine-nomirror-0001-1.png","datePublished":"2025-03-05T21:49:29+00:00","dateModified":"2026-01-16T11:21:49+00:00","breadcrumb":{"@id":"https:\/\/vmsport.fi\/verkkokauppa\/ajovarusteet\/ajolasit\/poc-elicit-clarity-define-no-mirror-ajolasit\/#breadcrumb"},"inLanguage":"sv-SE","potentialAction":[{"@type":"ReadAction","target":["https:\/\/vmsport.fi\/verkkokauppa\/ajovarusteet\/ajolasit\/poc-elicit-clarity-define-no-mirror-ajolasit\/"]}]},{"@type":"ImageObject","inLanguage":"sv-SE","@id":"https:\/\/vmsport.fi\/verkkokauppa\/ajovarusteet\/ajolasit\/poc-elicit-clarity-define-no-mirror-ajolasit\/#primaryimage","url":"https:\/\/vmsport.fi\/wp-content\/uploads\/2025\/03\/EL1001-Elicit-1002-UraniumBlack-Claritydefine-nomirror-0001-1.png","contentUrl":"https:\/\/vmsport.fi\/wp-content\/uploads\/2025\/03\/EL1001-Elicit-1002-UraniumBlack-Claritydefine-nomirror-0001-1.png","width":1000,"height":1000,"caption":"EL1001-Elicit-1002-UraniumBlack-Claritydefine-nomirror-0001"},{"@type":"BreadcrumbList","@id":"https:\/\/vmsport.fi\/verkkokauppa\/ajovarusteet\/ajolasit\/poc-elicit-clarity-define-no-mirror-ajolasit\/#breadcrumb","itemListElement":[{"@type":"ListItem","position":1,"name":"Etusivu","item":"https:\/\/vmsport.fi\/"},{"@type":"ListItem","position":2,"name":"Online Store","item":"https:\/\/vmsport.fi\/en\/online-store\/"},{"@type":"ListItem","position":3,"name":"POC Elicit Clarity Define\/No Mirror Ajolasit"}]},{"@type":"WebSite","@id":"https:\/\/vmsport.fi\/#website","url":"https:\/\/vmsport.fi\/","name":"Vmsport","description":"Allt p\u00e5 ett st\u00e4lle f\u00f6r cykling","publisher":{"@id":"https:\/\/vmsport.fi\/#organization"},"potentialAction":[{"@type":"SearchAction","target":{"@type":"EntryPoint","urlTemplate":"https:\/\/vmsport.fi\/?s={search_term_string}"},"query-input":{"@type":"PropertyValueSpecification","valueRequired":true,"valueName":"search_term_string"}}],"inLanguage":"sv-SE"},{"@type":"Organization","@id":"https:\/\/vmsport.fi\/#organization","name":"Vmsport","url":"https:\/\/vmsport.fi\/","logo":{"@type":"ImageObject","inLanguage":"sv-SE","@id":"https:\/\/vmsport.fi\/#\/schema\/logo\/image\/","url":"https:\/\/vmsport.fi\/wp-content\/uploads\/2024\/12\/vm_sport_RGB_horisontal-e1734526017575.png","contentUrl":"https:\/\/vmsport.fi\/wp-content\/uploads\/2024\/12\/vm_sport_RGB_horisontal-e1734526017575.png","width":668,"height":85,"caption":"Vmsport"},"image":{"@id":"https:\/\/vmsport.fi\/#\/schema\/logo\/image\/"},"sameAs":["https:\/\/www.facebook.com\/Vmsport.fi\/","https:\/\/www.instagram.com\/vmsport\/"]}]}},"global_unique_id":"","_links":{"self":[{"href":"https:\/\/vmsport.fi\/sv\/wp-json\/wp\/v2\/product\/54096","targetHints":{"allow":["GET"]}}],"collection":[{"href":"https:\/\/vmsport.fi\/sv\/wp-json\/wp\/v2\/product"}],"about":[{"href":"https:\/\/vmsport.fi\/sv\/wp-json\/wp\/v2\/types\/product"}],"replies":[{"embeddable":true,"href":"https:\/\/vmsport.fi\/sv\/wp-json\/wp\/v2\/comments?post=54096"}],"wp:featuredmedia":[{"embeddable":true,"href":"https:\/\/vmsport.fi\/sv\/wp-json\/wp\/v2\/media\/54094"}],"wp:attachment":[{"href":"https:\/\/vmsport.fi\/sv\/wp-json\/wp\/v2\/media?parent=54096"}],"wp:term":[{"taxonomy":"product_brand","embeddable":true,"href":"https:\/\/vmsport.fi\/sv\/wp-json\/wp\/v2\/product_brand?post=54096"},{"taxonomy":"product_model","embeddable":true,"href":"https:\/\/vmsport.fi\/sv\/wp-json\/wp\/v2\/product_model?post=54096"},{"taxonomy":"product_cat","embeddable":true,"href":"https:\/\/vmsport.fi\/sv\/wp-json\/wp\/v2\/product_cat?post=54096"},{"taxonomy":"product_tag","embeddable":true,"href":"https:\/\/vmsport.fi\/sv\/wp-json\/wp\/v2\/product_tag?post=54096"},{"taxonomy":"industry_terminology","embeddable":true,"href":"https:\/\/vmsport.fi\/sv\/wp-json\/wp\/v2\/industry-terminology?post=54096"}],"curies":[{"name":"wp","href":"https:\/\/api.w.org\/{rel}","templated":true}]}}