{"id":54075,"date":"2025-03-05T23:49:11","date_gmt":"2025-03-05T21:49:11","guid":{"rendered":"https:\/\/vmsport.fi\/verkkokauppa\/Ei-luokiteltu\/rapha-rapha-core-cycling-bib-short-black\/"},"modified":"2026-03-05T10:05:48","modified_gmt":"2026-03-05T08:05:48","slug":"rapha-rapha-core-cykelbyxa-svart","status":"publish","type":"product","link":"https:\/\/vmsport.fi\/sv\/verkkokauppa\/ajovarusteet\/vaatteet\/shortsit\/rapha-rapha-core-cycling-bib-short-black\/","title":{"rendered":"Rapha Rapha Core Cykelbyxa med br\u00f6stlapp - SVART"},"content":{"rendered":"<p>Rapha Core Cycling Bib Short - BLACK \u00e4r designad f\u00f6r cyklister som v\u00e4rdes\u00e4tter komfort, prestanda och h\u00e5llbarhet. Den \u00e4r tillverkad av noggrant utvalda material och har en utm\u00e4rkt passform och st\u00f6djer musklerna, vilket minskar tr\u00f6ttheten under l\u00e5nga resor. Andningsbart och fukttransporterande tyg hj\u00e4lper till att h\u00e5lla kroppstemperaturen p\u00e5 r\u00e4tt niv\u00e5, medan speciell vaddering ger \u00f6kad komfort och effektivt absorberar v\u00e4gvibrationer. Den klassiska svarta designen och de subtila markeringarna g\u00f6r den till ett snyggt och minimalistiskt val som t\u00e5l att anv\u00e4ndas och tv\u00e4ttas ofta. Bib Short \u00e4r perfekt f\u00f6r b\u00e5de tr\u00e4ning och t\u00e4vling i olika v\u00e4derf\u00f6rh\u00e5llanden.<\/p>","protected":false},"excerpt":{"rendered":"<p>Rapha Core Cycling Bib Short &#8211; BLACK on suunniteltu py\u00f6r\u00e4ilij\u00f6ille, jotka arvostavat mukavuutta, suorituskyky\u00e4 ja kest\u00e4vyytt\u00e4. Huolellisesti valituista materiaaleista valmistettuna se tarjoaa erinomaisen istuvuuden ja tukee lihaksia, v\u00e4hent\u00e4en v\u00e4symyst\u00e4 pitkill\u00e4 matkoilla. Hengitt\u00e4v\u00e4 ja kosteutta siirt\u00e4v\u00e4 kangas auttaa pit\u00e4m\u00e4\u00e4n kehon l\u00e4mp\u00f6tilan sopivana, kun taas erityinen pehmuste lis\u00e4\u00e4 mukavuutta ja vaimentaa tehokkaasti tien t\u00e4rin\u00e4\u00e4. Klassinen musta muotoilu [&#8230;]<\/p>\n<p><a class=\"btn btn-secondary understrap-read-more-link\" href=\"https:\/\/vmsport.fi\/sv\/verkkokauppa\/ajovarusteet\/vaatteet\/shortsit\/rapha-rapha-core-cycling-bib-short-black\/\">L\u00e4s mer \u2026<span class=\"screen-reader-text\"> from Rapha Rapha Core Cycling Bib Short &#8211; BLACK<\/span><\/a><\/p>\n","protected":false},"featured_media":54073,"comment_status":"open","ping_status":"closed","template":"","meta":{"_acf_changed":false,"_improvement_type_select":"improve_an_existing","_thumb_yes_seoaic":false,"_frame_yes_seoaic":false,"seoaic_generate_description":"","seoaic_improve_instructions_prompt":"","seoaic_rollback_content_improvement":"","seoaic_idea_thumbnail_generator":"","thumbnail_generated":false,"thumbnail_generate_prompt":"","seoaic_article_description":"","_supplier_stock_quantity":0},"product_brand":[],"product_model":[],"product_cat":[9462],"product_tag":[],"industry-terminology":[],"class_list":{"0":"post-54075","1":"product","2":"type-product","3":"status-publish","4":"has-post-thumbnail","6":"product_cat-shortsit","8":"first","9":"instock","10":"taxable","11":"shipping-taxable","12":"purchasable","13":"product-type-variable"},"acf":{"bike_features":null,"overview":{"copy_overview":null,"key_features":null,"statement":"","youtube_url":""}},"yoast_head":"<!-- This site is optimized with the Yoast SEO plugin v27.3 - https:\/\/yoast.com\/product\/yoast-seo-wordpress\/ -->\n<title>Rapha Rapha Core Cycling Bib Short - BLACK - VM Sport<\/title>\n<meta name=\"robots\" content=\"index, follow, max-snippet:-1, max-image-preview:large, max-video-preview:-1\" \/>\n<link rel=\"canonical\" href=\"https:\/\/vmsport.fi\/sv\/webbutik\/korutrustning\/klader\/shorts\/rapha-rapha-core-cykelbyxa-svart\/\" \/>\n<meta property=\"og:locale\" content=\"sv_SE\" \/>\n<meta property=\"og:type\" content=\"article\" \/>\n<meta property=\"og:title\" content=\"Rapha Rapha Core Cycling Bib Short - BLACK - VM Sport\" \/>\n<meta property=\"og:description\" content=\"Rapha Core Cycling Bib Short &#8211; BLACK on suunniteltu py\u00f6r\u00e4ilij\u00f6ille, jotka arvostavat mukavuutta, suorituskyky\u00e4 ja kest\u00e4vyytt\u00e4. Huolellisesti valituista materiaaleista valmistettuna se tarjoaa erinomaisen istuvuuden ja tukee lihaksia, v\u00e4hent\u00e4en v\u00e4symyst\u00e4 pitkill\u00e4 matkoilla. Hengitt\u00e4v\u00e4 ja kosteutta siirt\u00e4v\u00e4 kangas auttaa pit\u00e4m\u00e4\u00e4n kehon l\u00e4mp\u00f6tilan sopivana, kun taas erityinen pehmuste lis\u00e4\u00e4 mukavuutta ja vaimentaa tehokkaasti tien t\u00e4rin\u00e4\u00e4. Klassinen musta muotoilu [...]L\u00e4s mer \u2026 from Rapha Rapha Core Cycling Bib Short &#8211; BLACK\" \/>\n<meta property=\"og:url\" content=\"https:\/\/vmsport.fi\/sv\/webbutik\/korutrustning\/klader\/shorts\/rapha-rapha-core-cykelbyxa-svart\/\" \/>\n<meta property=\"og:site_name\" content=\"VM Sport\" \/>\n<meta property=\"article:publisher\" content=\"https:\/\/www.facebook.com\/Vmsport.fi\/\" \/>\n<meta property=\"article:modified_time\" content=\"2026-03-05T08:05:48+00:00\" \/>\n<meta property=\"og:image\" content=\"https:\/\/vmsport.fi\/wp-content\/uploads\/2025\/03\/CSJ0oWNQ1hY114kKqL5c0BSkMc5EwMoyekhRa2YjTneOYpiLZA-1.jpg\" \/>\n\t<meta property=\"og:image:width\" content=\"1000\" \/>\n\t<meta property=\"og:image:height\" content=\"750\" \/>\n\t<meta property=\"og:image:type\" content=\"image\/jpeg\" \/>\n<meta name=\"twitter:card\" content=\"summary_large_image\" \/>\n<script type=\"application\/ld+json\" class=\"yoast-schema-graph\">{\"@context\":\"https:\\\/\\\/schema.org\",\"@graph\":[{\"@type\":[\"WebPage\",\"ItemPage\"],\"@id\":\"https:\\\/\\\/vmsport.fi\\\/verkkokauppa\\\/ajovarusteet\\\/vaatteet\\\/shortsit\\\/rapha-rapha-core-cycling-bib-short-black\\\/\",\"url\":\"https:\\\/\\\/vmsport.fi\\\/verkkokauppa\\\/ajovarusteet\\\/vaatteet\\\/shortsit\\\/rapha-rapha-core-cycling-bib-short-black\\\/\",\"name\":\"Rapha Rapha Core Cycling Bib Short - BLACK - VM Sport\",\"isPartOf\":{\"@id\":\"https:\\\/\\\/vmsport.fi\\\/#website\"},\"primaryImageOfPage\":{\"@id\":\"https:\\\/\\\/vmsport.fi\\\/verkkokauppa\\\/ajovarusteet\\\/vaatteet\\\/shortsit\\\/rapha-rapha-core-cycling-bib-short-black\\\/#primaryimage\"},\"image\":{\"@id\":\"https:\\\/\\\/vmsport.fi\\\/verkkokauppa\\\/ajovarusteet\\\/vaatteet\\\/shortsit\\\/rapha-rapha-core-cycling-bib-short-black\\\/#primaryimage\"},\"thumbnailUrl\":\"https:\\\/\\\/vmsport.fi\\\/wp-content\\\/uploads\\\/2025\\\/03\\\/CSJ0oWNQ1hY114kKqL5c0BSkMc5EwMoyekhRa2YjTneOYpiLZA-1.jpg\",\"datePublished\":\"2025-03-05T21:49:11+00:00\",\"dateModified\":\"2026-03-05T08:05:48+00:00\",\"breadcrumb\":{\"@id\":\"https:\\\/\\\/vmsport.fi\\\/verkkokauppa\\\/ajovarusteet\\\/vaatteet\\\/shortsit\\\/rapha-rapha-core-cycling-bib-short-black\\\/#breadcrumb\"},\"inLanguage\":\"sv-SE\",\"potentialAction\":[{\"@type\":\"ReadAction\",\"target\":[\"https:\\\/\\\/vmsport.fi\\\/verkkokauppa\\\/ajovarusteet\\\/vaatteet\\\/shortsit\\\/rapha-rapha-core-cycling-bib-short-black\\\/\"]}]},{\"@type\":\"ImageObject\",\"inLanguage\":\"sv-SE\",\"@id\":\"https:\\\/\\\/vmsport.fi\\\/verkkokauppa\\\/ajovarusteet\\\/vaatteet\\\/shortsit\\\/rapha-rapha-core-cycling-bib-short-black\\\/#primaryimage\",\"url\":\"https:\\\/\\\/vmsport.fi\\\/wp-content\\\/uploads\\\/2025\\\/03\\\/CSJ0oWNQ1hY114kKqL5c0BSkMc5EwMoyekhRa2YjTneOYpiLZA-1.jpg\",\"contentUrl\":\"https:\\\/\\\/vmsport.fi\\\/wp-content\\\/uploads\\\/2025\\\/03\\\/CSJ0oWNQ1hY114kKqL5c0BSkMc5EwMoyekhRa2YjTneOYpiLZA-1.jpg\",\"width\":1000,\"height\":750,\"caption\":\"CSJ0oWNQ1hY114kKqL5c0BSkMc5EwMoyekhRa2YjTneOYpiLZA\"},{\"@type\":\"BreadcrumbList\",\"@id\":\"https:\\\/\\\/vmsport.fi\\\/verkkokauppa\\\/ajovarusteet\\\/vaatteet\\\/shortsit\\\/rapha-rapha-core-cycling-bib-short-black\\\/#breadcrumb\",\"itemListElement\":[{\"@type\":\"ListItem\",\"position\":1,\"name\":\"Etusivu\",\"item\":\"https:\\\/\\\/vmsport.fi\\\/\"},{\"@type\":\"ListItem\",\"position\":2,\"name\":\"Online Store\",\"item\":\"https:\\\/\\\/vmsport.fi\\\/en\\\/online-store\\\/\"},{\"@type\":\"ListItem\",\"position\":3,\"name\":\"Rapha Rapha Core Cycling Bib Short &#8211; BLACK\"}]},{\"@type\":\"WebSite\",\"@id\":\"https:\\\/\\\/vmsport.fi\\\/#website\",\"url\":\"https:\\\/\\\/vmsport.fi\\\/\",\"name\":\"Vmsport\",\"description\":\"Kaikki py\u00f6r\u00e4ilyyn yhdest\u00e4 paikasta\",\"publisher\":{\"@id\":\"https:\\\/\\\/vmsport.fi\\\/#organization\"},\"potentialAction\":[{\"@type\":\"SearchAction\",\"target\":{\"@type\":\"EntryPoint\",\"urlTemplate\":\"https:\\\/\\\/vmsport.fi\\\/?s={search_term_string}\"},\"query-input\":{\"@type\":\"PropertyValueSpecification\",\"valueRequired\":true,\"valueName\":\"search_term_string\"}}],\"inLanguage\":\"sv-SE\"},{\"@type\":\"Organization\",\"@id\":\"https:\\\/\\\/vmsport.fi\\\/#organization\",\"name\":\"Vmsport\",\"url\":\"https:\\\/\\\/vmsport.fi\\\/\",\"logo\":{\"@type\":\"ImageObject\",\"inLanguage\":\"sv-SE\",\"@id\":\"https:\\\/\\\/vmsport.fi\\\/#\\\/schema\\\/logo\\\/image\\\/\",\"url\":\"https:\\\/\\\/vmsport.fi\\\/wp-content\\\/uploads\\\/2024\\\/12\\\/vm_sport_RGB_horisontal-e1734526017575.png\",\"contentUrl\":\"https:\\\/\\\/vmsport.fi\\\/wp-content\\\/uploads\\\/2024\\\/12\\\/vm_sport_RGB_horisontal-e1734526017575.png\",\"width\":668,\"height\":85,\"caption\":\"Vmsport\"},\"image\":{\"@id\":\"https:\\\/\\\/vmsport.fi\\\/#\\\/schema\\\/logo\\\/image\\\/\"},\"sameAs\":[\"https:\\\/\\\/www.facebook.com\\\/Vmsport.fi\\\/\",\"https:\\\/\\\/www.instagram.com\\\/vmsport\\\/\"]}]}<\/script>\n<!-- \/ Yoast SEO plugin. -->","yoast_head_json":{"title":"Rapha Rapha Core Cykelbyxa med br\u00f6stlapp - SVART - VM Sport","robots":{"index":"index","follow":"follow","max-snippet":"max-snippet:-1","max-image-preview":"max-image-preview:large","max-video-preview":"max-video-preview:-1"},"canonical":"https:\/\/vmsport.fi\/sv\/webbutik\/korutrustning\/klader\/shorts\/rapha-rapha-core-cykelbyxa-svart\/","og_locale":"sv_SE","og_type":"article","og_title":"Rapha Rapha Core Cycling Bib Short - BLACK - VM Sport","og_description":"Rapha Core Cycling Bib Short &#8211; BLACK on suunniteltu py\u00f6r\u00e4ilij\u00f6ille, jotka arvostavat mukavuutta, suorituskyky\u00e4 ja kest\u00e4vyytt\u00e4. Huolellisesti valituista materiaaleista valmistettuna se tarjoaa erinomaisen istuvuuden ja tukee lihaksia, v\u00e4hent\u00e4en v\u00e4symyst\u00e4 pitkill\u00e4 matkoilla. Hengitt\u00e4v\u00e4 ja kosteutta siirt\u00e4v\u00e4 kangas auttaa pit\u00e4m\u00e4\u00e4n kehon l\u00e4mp\u00f6tilan sopivana, kun taas erityinen pehmuste lis\u00e4\u00e4 mukavuutta ja vaimentaa tehokkaasti tien t\u00e4rin\u00e4\u00e4. Klassinen musta muotoilu [...]L\u00e4s mer \u2026 from Rapha Rapha Core Cycling Bib Short &#8211; BLACK","og_url":"https:\/\/vmsport.fi\/sv\/webbutik\/korutrustning\/klader\/shorts\/rapha-rapha-core-cykelbyxa-svart\/","og_site_name":"VM Sport","article_publisher":"https:\/\/www.facebook.com\/Vmsport.fi\/","article_modified_time":"2026-03-05T08:05:48+00:00","og_image":[{"width":1000,"height":750,"url":"https:\/\/vmsport.fi\/wp-content\/uploads\/2025\/03\/CSJ0oWNQ1hY114kKqL5c0BSkMc5EwMoyekhRa2YjTneOYpiLZA-1.jpg","type":"image\/jpeg"}],"twitter_card":"summary_large_image","schema":{"@context":"https:\/\/schema.org","@graph":[{"@type":["WebPage","ItemPage"],"@id":"https:\/\/vmsport.fi\/verkkokauppa\/ajovarusteet\/vaatteet\/shortsit\/rapha-rapha-core-cycling-bib-short-black\/","url":"https:\/\/vmsport.fi\/verkkokauppa\/ajovarusteet\/vaatteet\/shortsit\/rapha-rapha-core-cycling-bib-short-black\/","name":"Rapha Rapha Core Cykelbyxa med br\u00f6stlapp - SVART - VM Sport","isPartOf":{"@id":"https:\/\/vmsport.fi\/#website"},"primaryImageOfPage":{"@id":"https:\/\/vmsport.fi\/verkkokauppa\/ajovarusteet\/vaatteet\/shortsit\/rapha-rapha-core-cycling-bib-short-black\/#primaryimage"},"image":{"@id":"https:\/\/vmsport.fi\/verkkokauppa\/ajovarusteet\/vaatteet\/shortsit\/rapha-rapha-core-cycling-bib-short-black\/#primaryimage"},"thumbnailUrl":"https:\/\/vmsport.fi\/wp-content\/uploads\/2025\/03\/CSJ0oWNQ1hY114kKqL5c0BSkMc5EwMoyekhRa2YjTneOYpiLZA-1.jpg","datePublished":"2025-03-05T21:49:11+00:00","dateModified":"2026-03-05T08:05:48+00:00","breadcrumb":{"@id":"https:\/\/vmsport.fi\/verkkokauppa\/ajovarusteet\/vaatteet\/shortsit\/rapha-rapha-core-cycling-bib-short-black\/#breadcrumb"},"inLanguage":"sv-SE","potentialAction":[{"@type":"ReadAction","target":["https:\/\/vmsport.fi\/verkkokauppa\/ajovarusteet\/vaatteet\/shortsit\/rapha-rapha-core-cycling-bib-short-black\/"]}]},{"@type":"ImageObject","inLanguage":"sv-SE","@id":"https:\/\/vmsport.fi\/verkkokauppa\/ajovarusteet\/vaatteet\/shortsit\/rapha-rapha-core-cycling-bib-short-black\/#primaryimage","url":"https:\/\/vmsport.fi\/wp-content\/uploads\/2025\/03\/CSJ0oWNQ1hY114kKqL5c0BSkMc5EwMoyekhRa2YjTneOYpiLZA-1.jpg","contentUrl":"https:\/\/vmsport.fi\/wp-content\/uploads\/2025\/03\/CSJ0oWNQ1hY114kKqL5c0BSkMc5EwMoyekhRa2YjTneOYpiLZA-1.jpg","width":1000,"height":750,"caption":"CSJ0oWNQ1hY114kKqL5c0BSkMc5EwMoyekhRa2YjTneOYpiLZA"},{"@type":"BreadcrumbList","@id":"https:\/\/vmsport.fi\/verkkokauppa\/ajovarusteet\/vaatteet\/shortsit\/rapha-rapha-core-cycling-bib-short-black\/#breadcrumb","itemListElement":[{"@type":"ListItem","position":1,"name":"Etusivu","item":"https:\/\/vmsport.fi\/"},{"@type":"ListItem","position":2,"name":"Online Store","item":"https:\/\/vmsport.fi\/en\/online-store\/"},{"@type":"ListItem","position":3,"name":"Rapha Rapha Core Cycling Bib Short &#8211; BLACK"}]},{"@type":"WebSite","@id":"https:\/\/vmsport.fi\/#website","url":"https:\/\/vmsport.fi\/","name":"Vmsport","description":"Allt p\u00e5 ett st\u00e4lle f\u00f6r cykling","publisher":{"@id":"https:\/\/vmsport.fi\/#organization"},"potentialAction":[{"@type":"SearchAction","target":{"@type":"EntryPoint","urlTemplate":"https:\/\/vmsport.fi\/?s={search_term_string}"},"query-input":{"@type":"PropertyValueSpecification","valueRequired":true,"valueName":"search_term_string"}}],"inLanguage":"sv-SE"},{"@type":"Organization","@id":"https:\/\/vmsport.fi\/#organization","name":"Vmsport","url":"https:\/\/vmsport.fi\/","logo":{"@type":"ImageObject","inLanguage":"sv-SE","@id":"https:\/\/vmsport.fi\/#\/schema\/logo\/image\/","url":"https:\/\/vmsport.fi\/wp-content\/uploads\/2024\/12\/vm_sport_RGB_horisontal-e1734526017575.png","contentUrl":"https:\/\/vmsport.fi\/wp-content\/uploads\/2024\/12\/vm_sport_RGB_horisontal-e1734526017575.png","width":668,"height":85,"caption":"Vmsport"},"image":{"@id":"https:\/\/vmsport.fi\/#\/schema\/logo\/image\/"},"sameAs":["https:\/\/www.facebook.com\/Vmsport.fi\/","https:\/\/www.instagram.com\/vmsport\/"]}]}},"global_unique_id":"","_links":{"self":[{"href":"https:\/\/vmsport.fi\/sv\/wp-json\/wp\/v2\/product\/54075","targetHints":{"allow":["GET"]}}],"collection":[{"href":"https:\/\/vmsport.fi\/sv\/wp-json\/wp\/v2\/product"}],"about":[{"href":"https:\/\/vmsport.fi\/sv\/wp-json\/wp\/v2\/types\/product"}],"replies":[{"embeddable":true,"href":"https:\/\/vmsport.fi\/sv\/wp-json\/wp\/v2\/comments?post=54075"}],"wp:featuredmedia":[{"embeddable":true,"href":"https:\/\/vmsport.fi\/sv\/wp-json\/wp\/v2\/media\/54073"}],"wp:attachment":[{"href":"https:\/\/vmsport.fi\/sv\/wp-json\/wp\/v2\/media?parent=54075"}],"wp:term":[{"taxonomy":"product_brand","embeddable":true,"href":"https:\/\/vmsport.fi\/sv\/wp-json\/wp\/v2\/product_brand?post=54075"},{"taxonomy":"product_model","embeddable":true,"href":"https:\/\/vmsport.fi\/sv\/wp-json\/wp\/v2\/product_model?post=54075"},{"taxonomy":"product_cat","embeddable":true,"href":"https:\/\/vmsport.fi\/sv\/wp-json\/wp\/v2\/product_cat?post=54075"},{"taxonomy":"product_tag","embeddable":true,"href":"https:\/\/vmsport.fi\/sv\/wp-json\/wp\/v2\/product_tag?post=54075"},{"taxonomy":"industry_terminology","embeddable":true,"href":"https:\/\/vmsport.fi\/sv\/wp-json\/wp\/v2\/industry-terminology?post=54075"}],"curies":[{"name":"wp","href":"https:\/\/api.w.org\/{rel}","templated":true}]}}