{"id":54072,"date":"2025-03-05T23:49:10","date_gmt":"2025-03-05T21:49:10","guid":{"rendered":"https:\/\/vmsport.fi\/verkkokauppa\/Ei-luokiteltu\/kampisarja-steps-e-mtb-ei-eturatasta-170mm-fc-e8050\/"},"modified":"2026-04-22T15:00:46","modified_gmt":"2026-04-22T12:00:46","slug":"vevparti-steps-e-mtb-utan-framre-kedjehjul-170mm-fc-e8050","status":"publish","type":"product","link":"https:\/\/vmsport.fi\/sv\/verkkokauppa\/varaosat\/voimansiirto\/kampisarjat\/kampisarja-steps-e-mtb-ei-eturatasta-170mm-fc-e8050\/","title":{"rendered":"Vevsats STEPS E-MTB utan spacer fram 170 mm FC-E8050"},"content":{"rendered":"<p>STEPS E-MTB FC-E8050 vevsats har utvecklats speciellt f\u00f6r eldrivna mountainbikes och ger en kraftfull och h\u00e5llbar trampupplevelse. Den \u00e4r konstruerad utan fr\u00e4mre kedjehjul f\u00f6r att optimera viktf\u00f6rdelningen och underl\u00e4tta underh\u00e5ll. 170 mm vevarmar ger utm\u00e4rkt pedaleffektivitet och komfort. Integrerad teknik s\u00e4kerst\u00e4ller tillf\u00f6rlitlig prestanda i kr\u00e4vande terr\u00e4ngf\u00f6rh\u00e5llanden.<\/p>","protected":false},"excerpt":{"rendered":"<p>Kampisarja STEPS E-MTB FC-E8050 on kehitetty erityisesti s\u00e4hk\u00f6maastopy\u00f6rille, tarjoten tehokkaan ja kest\u00e4v\u00e4n polkemiskokemuksen. Se on suunniteltu ilman eturatasta, mik\u00e4 optimoi painon jakautumista ja helpottaa huoltoa. 170 mm kammet takaavat erinomaisen polkutehokkuuden ja mukavuuden. Integroitu teknologia varmistaa luotettavan suorituskyvyn vaativissa maasto-olosuhteissa. [&#8230;]<\/p>\n<p><a class=\"btn btn-secondary understrap-read-more-link\" href=\"https:\/\/vmsport.fi\/sv\/verkkokauppa\/varaosat\/voimansiirto\/kampisarjat\/kampisarja-steps-e-mtb-ei-eturatasta-170mm-fc-e8050\/\">L\u00e4s mer \u2026<span class=\"screen-reader-text\"> from Kampisarja STEPS E-MTB ei eturatasta 170mm FC-E8050<\/span><\/a><\/p>\n","protected":false},"featured_media":54071,"comment_status":"open","ping_status":"closed","template":"","meta":{"_acf_changed":false,"_improvement_type_select":"improve_an_existing","_thumb_yes_seoaic":false,"_frame_yes_seoaic":false,"seoaic_generate_description":"","seoaic_improve_instructions_prompt":"","seoaic_rollback_content_improvement":"","seoaic_idea_thumbnail_generator":"","thumbnail_generated":false,"thumbnail_generate_prompt":"","seoaic_article_description":"","_supplier_stock_quantity":0},"product_brand":[],"product_model":[],"product_cat":[9346],"product_tag":[],"industry-terminology":[],"class_list":{"0":"post-54072","1":"product","2":"type-product","3":"status-publish","4":"has-post-thumbnail","6":"product_cat-kampisarjat","8":"first","9":"outofstock","10":"taxable","11":"shipping-taxable","12":"product-type-simple"},"acf":{"bike_features":null,"overview":{"copy_overview":null,"key_features":null,"statement":"","youtube_url":""}},"yoast_head":"<!-- This site is optimized with the Yoast SEO plugin v27.4 - https:\/\/yoast.com\/product\/yoast-seo-wordpress\/ -->\n<title>Kampisarja STEPS E-MTB ei eturatasta 170mm FC-E8050 - VM Sport<\/title>\n<meta name=\"robots\" content=\"index, follow, max-snippet:-1, max-image-preview:large, max-video-preview:-1\" \/>\n<link rel=\"canonical\" href=\"https:\/\/vmsport.fi\/sv\/webbutik\/reservdelar\/transmission\/kamningssats\/vevparti-steps-e-mtb-utan-framre-kedjehjul-170mm-fc-e8050\/\" \/>\n<meta property=\"og:locale\" content=\"sv_SE\" \/>\n<meta property=\"og:type\" content=\"article\" \/>\n<meta property=\"og:title\" content=\"Kampisarja STEPS E-MTB ei eturatasta 170mm FC-E8050 - VM Sport\" \/>\n<meta property=\"og:description\" content=\"Kampisarja STEPS E-MTB FC-E8050 on kehitetty erityisesti s\u00e4hk\u00f6maastopy\u00f6rille, tarjoten tehokkaan ja kest\u00e4v\u00e4n polkemiskokemuksen. Se on suunniteltu ilman eturatasta, mik\u00e4 optimoi painon jakautumista ja helpottaa huoltoa. 170 mm kammet takaavat erinomaisen polkutehokkuuden ja mukavuuden. Integroitu teknologia varmistaa luotettavan suorituskyvyn vaativissa maasto-olosuhteissa. [...]L\u00e4s mer \u2026 from Kampisarja STEPS E-MTB ei eturatasta 170mm FC-E8050\" \/>\n<meta property=\"og:url\" content=\"https:\/\/vmsport.fi\/sv\/webbutik\/reservdelar\/transmission\/kamningssats\/vevparti-steps-e-mtb-utan-framre-kedjehjul-170mm-fc-e8050\/\" \/>\n<meta property=\"og:site_name\" content=\"VM Sport\" \/>\n<meta property=\"article:publisher\" content=\"https:\/\/www.facebook.com\/Vmsport.fi\/\" \/>\n<meta property=\"article:modified_time\" content=\"2026-04-22T12:00:46+00:00\" \/>\n<meta property=\"og:image\" content=\"https:\/\/vmsport.fi\/wp-content\/uploads\/2025\/03\/xbJZ45l4HtrEGl6PcYo70V1fqwka52bkm4ytOqvlSYDa6HmGo6-1.jpg\" \/>\n\t<meta property=\"og:image:width\" content=\"600\" \/>\n\t<meta property=\"og:image:height\" content=\"600\" \/>\n\t<meta property=\"og:image:type\" content=\"image\/jpeg\" \/>\n<meta name=\"twitter:card\" content=\"summary_large_image\" \/>\n<script type=\"application\/ld+json\" class=\"yoast-schema-graph\">{\"@context\":\"https:\\\/\\\/schema.org\",\"@graph\":[{\"@type\":[\"WebPage\",\"ItemPage\"],\"@id\":\"https:\\\/\\\/vmsport.fi\\\/verkkokauppa\\\/varaosat\\\/voimansiirto\\\/kampisarjat\\\/kampisarja-steps-e-mtb-ei-eturatasta-170mm-fc-e8050\\\/\",\"url\":\"https:\\\/\\\/vmsport.fi\\\/verkkokauppa\\\/varaosat\\\/voimansiirto\\\/kampisarjat\\\/kampisarja-steps-e-mtb-ei-eturatasta-170mm-fc-e8050\\\/\",\"name\":\"Kampisarja STEPS E-MTB ei eturatasta 170mm FC-E8050 - VM Sport\",\"isPartOf\":{\"@id\":\"https:\\\/\\\/vmsport.fi\\\/#website\"},\"primaryImageOfPage\":{\"@id\":\"https:\\\/\\\/vmsport.fi\\\/verkkokauppa\\\/varaosat\\\/voimansiirto\\\/kampisarjat\\\/kampisarja-steps-e-mtb-ei-eturatasta-170mm-fc-e8050\\\/#primaryimage\"},\"image\":{\"@id\":\"https:\\\/\\\/vmsport.fi\\\/verkkokauppa\\\/varaosat\\\/voimansiirto\\\/kampisarjat\\\/kampisarja-steps-e-mtb-ei-eturatasta-170mm-fc-e8050\\\/#primaryimage\"},\"thumbnailUrl\":\"https:\\\/\\\/vmsport.fi\\\/wp-content\\\/uploads\\\/2025\\\/03\\\/xbJZ45l4HtrEGl6PcYo70V1fqwka52bkm4ytOqvlSYDa6HmGo6-1.jpg\",\"datePublished\":\"2025-03-05T21:49:10+00:00\",\"dateModified\":\"2026-04-22T12:00:46+00:00\",\"breadcrumb\":{\"@id\":\"https:\\\/\\\/vmsport.fi\\\/verkkokauppa\\\/varaosat\\\/voimansiirto\\\/kampisarjat\\\/kampisarja-steps-e-mtb-ei-eturatasta-170mm-fc-e8050\\\/#breadcrumb\"},\"inLanguage\":\"sv-SE\",\"potentialAction\":[{\"@type\":\"ReadAction\",\"target\":[\"https:\\\/\\\/vmsport.fi\\\/verkkokauppa\\\/varaosat\\\/voimansiirto\\\/kampisarjat\\\/kampisarja-steps-e-mtb-ei-eturatasta-170mm-fc-e8050\\\/\"]}]},{\"@type\":\"ImageObject\",\"inLanguage\":\"sv-SE\",\"@id\":\"https:\\\/\\\/vmsport.fi\\\/verkkokauppa\\\/varaosat\\\/voimansiirto\\\/kampisarjat\\\/kampisarja-steps-e-mtb-ei-eturatasta-170mm-fc-e8050\\\/#primaryimage\",\"url\":\"https:\\\/\\\/vmsport.fi\\\/wp-content\\\/uploads\\\/2025\\\/03\\\/xbJZ45l4HtrEGl6PcYo70V1fqwka52bkm4ytOqvlSYDa6HmGo6-1.jpg\",\"contentUrl\":\"https:\\\/\\\/vmsport.fi\\\/wp-content\\\/uploads\\\/2025\\\/03\\\/xbJZ45l4HtrEGl6PcYo70V1fqwka52bkm4ytOqvlSYDa6HmGo6-1.jpg\",\"width\":600,\"height\":600,\"caption\":\"xbJZ45l4HtrEGl6PcYo70V1fqwka52bkm4ytOqvlSYDa6HmGo6\"},{\"@type\":\"BreadcrumbList\",\"@id\":\"https:\\\/\\\/vmsport.fi\\\/verkkokauppa\\\/varaosat\\\/voimansiirto\\\/kampisarjat\\\/kampisarja-steps-e-mtb-ei-eturatasta-170mm-fc-e8050\\\/#breadcrumb\",\"itemListElement\":[{\"@type\":\"ListItem\",\"position\":1,\"name\":\"Etusivu\",\"item\":\"https:\\\/\\\/vmsport.fi\\\/\"},{\"@type\":\"ListItem\",\"position\":2,\"name\":\"Online Store\",\"item\":\"https:\\\/\\\/vmsport.fi\\\/en\\\/online-store\\\/\"},{\"@type\":\"ListItem\",\"position\":3,\"name\":\"Kampisarja STEPS E-MTB ei eturatasta 170mm FC-E8050\"}]},{\"@type\":\"WebSite\",\"@id\":\"https:\\\/\\\/vmsport.fi\\\/#website\",\"url\":\"https:\\\/\\\/vmsport.fi\\\/\",\"name\":\"Vmsport\",\"description\":\"Kaikki py\u00f6r\u00e4ilyyn yhdest\u00e4 paikasta\",\"publisher\":{\"@id\":\"https:\\\/\\\/vmsport.fi\\\/#organization\"},\"potentialAction\":[{\"@type\":\"SearchAction\",\"target\":{\"@type\":\"EntryPoint\",\"urlTemplate\":\"https:\\\/\\\/vmsport.fi\\\/?s={search_term_string}\"},\"query-input\":{\"@type\":\"PropertyValueSpecification\",\"valueRequired\":true,\"valueName\":\"search_term_string\"}}],\"inLanguage\":\"sv-SE\"},{\"@type\":\"Organization\",\"@id\":\"https:\\\/\\\/vmsport.fi\\\/#organization\",\"name\":\"Vmsport\",\"url\":\"https:\\\/\\\/vmsport.fi\\\/\",\"logo\":{\"@type\":\"ImageObject\",\"inLanguage\":\"sv-SE\",\"@id\":\"https:\\\/\\\/vmsport.fi\\\/#\\\/schema\\\/logo\\\/image\\\/\",\"url\":\"https:\\\/\\\/vmsport.fi\\\/wp-content\\\/uploads\\\/2024\\\/12\\\/vm_sport_RGB_horisontal-e1734526017575.png\",\"contentUrl\":\"https:\\\/\\\/vmsport.fi\\\/wp-content\\\/uploads\\\/2024\\\/12\\\/vm_sport_RGB_horisontal-e1734526017575.png\",\"width\":668,\"height\":85,\"caption\":\"Vmsport\"},\"image\":{\"@id\":\"https:\\\/\\\/vmsport.fi\\\/#\\\/schema\\\/logo\\\/image\\\/\"},\"sameAs\":[\"https:\\\/\\\/www.facebook.com\\\/Vmsport.fi\\\/\",\"https:\\\/\\\/www.instagram.com\\\/vmsport\\\/\"]}]}<\/script>\n<!-- \/ Yoast SEO plugin. -->","yoast_head_json":{"title":"Vevsats STEPS E-MTB utan fr\u00e4mre distans 170 mm FC-E8050 - VM Sport","robots":{"index":"index","follow":"follow","max-snippet":"max-snippet:-1","max-image-preview":"max-image-preview:large","max-video-preview":"max-video-preview:-1"},"canonical":"https:\/\/vmsport.fi\/sv\/webbutik\/reservdelar\/transmission\/kamningssats\/vevparti-steps-e-mtb-utan-framre-kedjehjul-170mm-fc-e8050\/","og_locale":"sv_SE","og_type":"article","og_title":"Kampisarja STEPS E-MTB ei eturatasta 170mm FC-E8050 - VM Sport","og_description":"Kampisarja STEPS E-MTB FC-E8050 on kehitetty erityisesti s\u00e4hk\u00f6maastopy\u00f6rille, tarjoten tehokkaan ja kest\u00e4v\u00e4n polkemiskokemuksen. Se on suunniteltu ilman eturatasta, mik\u00e4 optimoi painon jakautumista ja helpottaa huoltoa. 170 mm kammet takaavat erinomaisen polkutehokkuuden ja mukavuuden. Integroitu teknologia varmistaa luotettavan suorituskyvyn vaativissa maasto-olosuhteissa. [...]L\u00e4s mer \u2026 from Kampisarja STEPS E-MTB ei eturatasta 170mm FC-E8050","og_url":"https:\/\/vmsport.fi\/sv\/webbutik\/reservdelar\/transmission\/kamningssats\/vevparti-steps-e-mtb-utan-framre-kedjehjul-170mm-fc-e8050\/","og_site_name":"VM Sport","article_publisher":"https:\/\/www.facebook.com\/Vmsport.fi\/","article_modified_time":"2026-04-22T12:00:46+00:00","og_image":[{"width":600,"height":600,"url":"https:\/\/vmsport.fi\/wp-content\/uploads\/2025\/03\/xbJZ45l4HtrEGl6PcYo70V1fqwka52bkm4ytOqvlSYDa6HmGo6-1.jpg","type":"image\/jpeg"}],"twitter_card":"summary_large_image","schema":{"@context":"https:\/\/schema.org","@graph":[{"@type":["WebPage","ItemPage"],"@id":"https:\/\/vmsport.fi\/verkkokauppa\/varaosat\/voimansiirto\/kampisarjat\/kampisarja-steps-e-mtb-ei-eturatasta-170mm-fc-e8050\/","url":"https:\/\/vmsport.fi\/verkkokauppa\/varaosat\/voimansiirto\/kampisarjat\/kampisarja-steps-e-mtb-ei-eturatasta-170mm-fc-e8050\/","name":"Vevsats STEPS E-MTB utan fr\u00e4mre distans 170 mm FC-E8050 - VM Sport","isPartOf":{"@id":"https:\/\/vmsport.fi\/#website"},"primaryImageOfPage":{"@id":"https:\/\/vmsport.fi\/verkkokauppa\/varaosat\/voimansiirto\/kampisarjat\/kampisarja-steps-e-mtb-ei-eturatasta-170mm-fc-e8050\/#primaryimage"},"image":{"@id":"https:\/\/vmsport.fi\/verkkokauppa\/varaosat\/voimansiirto\/kampisarjat\/kampisarja-steps-e-mtb-ei-eturatasta-170mm-fc-e8050\/#primaryimage"},"thumbnailUrl":"https:\/\/vmsport.fi\/wp-content\/uploads\/2025\/03\/xbJZ45l4HtrEGl6PcYo70V1fqwka52bkm4ytOqvlSYDa6HmGo6-1.jpg","datePublished":"2025-03-05T21:49:10+00:00","dateModified":"2026-04-22T12:00:46+00:00","breadcrumb":{"@id":"https:\/\/vmsport.fi\/verkkokauppa\/varaosat\/voimansiirto\/kampisarjat\/kampisarja-steps-e-mtb-ei-eturatasta-170mm-fc-e8050\/#breadcrumb"},"inLanguage":"sv-SE","potentialAction":[{"@type":"ReadAction","target":["https:\/\/vmsport.fi\/verkkokauppa\/varaosat\/voimansiirto\/kampisarjat\/kampisarja-steps-e-mtb-ei-eturatasta-170mm-fc-e8050\/"]}]},{"@type":"ImageObject","inLanguage":"sv-SE","@id":"https:\/\/vmsport.fi\/verkkokauppa\/varaosat\/voimansiirto\/kampisarjat\/kampisarja-steps-e-mtb-ei-eturatasta-170mm-fc-e8050\/#primaryimage","url":"https:\/\/vmsport.fi\/wp-content\/uploads\/2025\/03\/xbJZ45l4HtrEGl6PcYo70V1fqwka52bkm4ytOqvlSYDa6HmGo6-1.jpg","contentUrl":"https:\/\/vmsport.fi\/wp-content\/uploads\/2025\/03\/xbJZ45l4HtrEGl6PcYo70V1fqwka52bkm4ytOqvlSYDa6HmGo6-1.jpg","width":600,"height":600,"caption":"xbJZ45l4HtrEGl6PcYo70V1fqwka52bkm4ytOqvlSYDa6HmGo6"},{"@type":"BreadcrumbList","@id":"https:\/\/vmsport.fi\/verkkokauppa\/varaosat\/voimansiirto\/kampisarjat\/kampisarja-steps-e-mtb-ei-eturatasta-170mm-fc-e8050\/#breadcrumb","itemListElement":[{"@type":"ListItem","position":1,"name":"Etusivu","item":"https:\/\/vmsport.fi\/"},{"@type":"ListItem","position":2,"name":"Online Store","item":"https:\/\/vmsport.fi\/en\/online-store\/"},{"@type":"ListItem","position":3,"name":"Kampisarja STEPS E-MTB ei eturatasta 170mm FC-E8050"}]},{"@type":"WebSite","@id":"https:\/\/vmsport.fi\/#website","url":"https:\/\/vmsport.fi\/","name":"Vmsport","description":"Allt p\u00e5 ett st\u00e4lle f\u00f6r cykling","publisher":{"@id":"https:\/\/vmsport.fi\/#organization"},"potentialAction":[{"@type":"SearchAction","target":{"@type":"EntryPoint","urlTemplate":"https:\/\/vmsport.fi\/?s={search_term_string}"},"query-input":{"@type":"PropertyValueSpecification","valueRequired":true,"valueName":"search_term_string"}}],"inLanguage":"sv-SE"},{"@type":"Organization","@id":"https:\/\/vmsport.fi\/#organization","name":"Vmsport","url":"https:\/\/vmsport.fi\/","logo":{"@type":"ImageObject","inLanguage":"sv-SE","@id":"https:\/\/vmsport.fi\/#\/schema\/logo\/image\/","url":"https:\/\/vmsport.fi\/wp-content\/uploads\/2024\/12\/vm_sport_RGB_horisontal-e1734526017575.png","contentUrl":"https:\/\/vmsport.fi\/wp-content\/uploads\/2024\/12\/vm_sport_RGB_horisontal-e1734526017575.png","width":668,"height":85,"caption":"Vmsport"},"image":{"@id":"https:\/\/vmsport.fi\/#\/schema\/logo\/image\/"},"sameAs":["https:\/\/www.facebook.com\/Vmsport.fi\/","https:\/\/www.instagram.com\/vmsport\/"]}]}},"global_unique_id":"","_links":{"self":[{"href":"https:\/\/vmsport.fi\/sv\/wp-json\/wp\/v2\/product\/54072","targetHints":{"allow":["GET"]}}],"collection":[{"href":"https:\/\/vmsport.fi\/sv\/wp-json\/wp\/v2\/product"}],"about":[{"href":"https:\/\/vmsport.fi\/sv\/wp-json\/wp\/v2\/types\/product"}],"replies":[{"embeddable":true,"href":"https:\/\/vmsport.fi\/sv\/wp-json\/wp\/v2\/comments?post=54072"}],"wp:featuredmedia":[{"embeddable":true,"href":"https:\/\/vmsport.fi\/sv\/wp-json\/wp\/v2\/media\/54071"}],"wp:attachment":[{"href":"https:\/\/vmsport.fi\/sv\/wp-json\/wp\/v2\/media?parent=54072"}],"wp:term":[{"taxonomy":"product_brand","embeddable":true,"href":"https:\/\/vmsport.fi\/sv\/wp-json\/wp\/v2\/product_brand?post=54072"},{"taxonomy":"product_model","embeddable":true,"href":"https:\/\/vmsport.fi\/sv\/wp-json\/wp\/v2\/product_model?post=54072"},{"taxonomy":"product_cat","embeddable":true,"href":"https:\/\/vmsport.fi\/sv\/wp-json\/wp\/v2\/product_cat?post=54072"},{"taxonomy":"product_tag","embeddable":true,"href":"https:\/\/vmsport.fi\/sv\/wp-json\/wp\/v2\/product_tag?post=54072"},{"taxonomy":"industry_terminology","embeddable":true,"href":"https:\/\/vmsport.fi\/sv\/wp-json\/wp\/v2\/industry-terminology?post=54072"}],"curies":[{"name":"wp","href":"https:\/\/api.w.org\/{rel}","templated":true}]}}