{"id":54070,"date":"2025-03-05T23:49:09","date_gmt":"2025-03-05T21:49:09","guid":{"rendered":"https:\/\/vmsport.fi\/verkkokauppa\/Ei-luokiteltu\/lazer-kypara-tonic-mips-flash-keltainen\/"},"modified":"2026-05-04T12:23:55","modified_gmt":"2026-05-04T09:23:55","slug":"lazer-kypara-tonic-mips-blixt-gul","status":"publish","type":"product","link":"https:\/\/vmsport.fi\/sv\/verkkokauppa\/ajovarusteet\/kyparat\/maantiekyparat\/lazer-kypara-tonic-mips-flash-keltainen\/","title":{"rendered":"Lazer Hj\u00e4lm Tonic MIPS flash yellow"},"content":{"rendered":"<p>Lazer Helmet Tonic MIPS-hj\u00e4lmen \u00e4r s\u00e4rskilt utformad f\u00f6r nyb\u00f6rjarcyklister och kombinerar en snygg design med utm\u00e4rkta s\u00e4kerhetsfunktioner. Denna unisex-v\u00e4ghj\u00e4lm anv\u00e4nder MIPS-teknik, som minskar risken f\u00f6r hj\u00e4rnskador i krocksituationer genom att l\u00e5ta hj\u00e4lmskalet r\u00f6ra sig subtilt i f\u00f6rh\u00e5llande till fodret. Den l\u00e4tta in-mould-konstruktionen ger optimalt skydd utan att k\u00e4nnas tung.<\/p>\n<p>Komfort och passform garanteras av den justerbara TS Plus-justeringsmekanismen, som ger perfekt passform och m\u00f6jligg\u00f6r justering under k\u00f6rning. Hj\u00e4lmen har 28 ventilations\u00f6ppningar f\u00f6r utm\u00e4rkt luftfl\u00f6de och \u00f6kad k\u00f6rkomfort. Den flashgula f\u00e4rgen sticker ut effektivt i trafiken, vilket \u00f6kar s\u00e4kerheten, och hj\u00e4lmen v\u00e4ger bara 230 gram, vilket g\u00f6r den till ett l\u00e4ttviktigt alternativ.<\/p>\n<p>MIPS-tekniken har utvecklats i samarbete med universitet, d\u00e4r datormodellering och praktiska tester har kombinerats f\u00f6r att s\u00e4kerst\u00e4lla dess effektivitet, vilket g\u00f6r Lazer Helmet Tonic MIPS till ett utm\u00e4rkt val f\u00f6r landsv\u00e4gscyklister som v\u00e4rdes\u00e4tter s\u00e4kerhet, komfort och stil.<\/p>","protected":false},"excerpt":{"rendered":"<p>Lazer Kyp\u00e4r\u00e4 Tonic MIPS -kyp\u00e4r\u00e4 on suunniteltu erityisesti aloitteleville py\u00f6r\u00e4ilij\u00f6ille yhdist\u00e4en tyylikk\u00e4\u00e4n muotoilun ja erinomaiset turvaominaisuudet. T\u00e4m\u00e4 unisex-maantiekyp\u00e4r\u00e4 hy\u00f6dynt\u00e4\u00e4 MIPS-teknologiaa, joka v\u00e4hent\u00e4\u00e4 aivovammojen riski\u00e4 onnettomuustilanteissa, mahdollistamalla kyp\u00e4r\u00e4n kuoren liikkumisen hienovaraisesti suhteessa sis\u00e4kappaleeseen. Kevyt in-mould-rakenne tarjoaa optimaalista suojaa ilman raskasta tuntumaa. Mukavuuden ja istuvuuden takaavat s\u00e4\u00e4dett\u00e4v\u00e4 TS Plus -s\u00e4\u00e4t\u00f6mekanismi, joka varmistaa t\u00e4ydellisen istuvuuden ja mahdollistaa muokkauksen [&#8230;]<\/p>\n<p><a class=\"btn btn-secondary understrap-read-more-link\" href=\"https:\/\/vmsport.fi\/sv\/verkkokauppa\/ajovarusteet\/kyparat\/maantiekyparat\/lazer-kypara-tonic-mips-flash-keltainen\/\">L\u00e4s mer \u2026<span class=\"screen-reader-text\"> from Lazer Kyp\u00e4r\u00e4 Tonic MIPS flash keltainen<\/span><\/a><\/p>\n","protected":false},"featured_media":54066,"comment_status":"open","ping_status":"closed","template":"","meta":{"_acf_changed":false,"_improvement_type_select":"improve_an_existing","_thumb_yes_seoaic":false,"_frame_yes_seoaic":false,"seoaic_generate_description":"","seoaic_improve_instructions_prompt":"","seoaic_rollback_content_improvement":"","seoaic_idea_thumbnail_generator":"","thumbnail_generated":false,"thumbnail_generate_prompt":"","seoaic_article_description":"","_supplier_stock_quantity":0},"product_brand":[],"product_model":[],"product_cat":[9514],"product_tag":[],"industry-terminology":[],"class_list":{"0":"post-54070","1":"product","2":"type-product","3":"status-publish","4":"has-post-thumbnail","6":"product_cat-maantiekyparat","8":"first","9":"instock","10":"taxable","11":"shipping-taxable","12":"purchasable","13":"product-type-variable"},"acf":{"bike_features":null,"overview":{"copy_overview":null,"key_features":null,"statement":"","youtube_url":""}},"yoast_head":"<!-- This site is optimized with the Yoast SEO plugin v27.5 - https:\/\/yoast.com\/product\/yoast-seo-wordpress\/ -->\n<title>Lazer Kyp\u00e4r\u00e4 Tonic MIPS flash keltainen - VM Sport<\/title>\n<meta name=\"robots\" content=\"index, follow, max-snippet:-1, max-image-preview:large, max-video-preview:-1\" \/>\n<link rel=\"canonical\" href=\"https:\/\/vmsport.fi\/sv\/webbutik\/korutrustning\/kyparat\/vagassistans\/lazer-kypara-tonic-mips-blixt-gul\/\" \/>\n<meta property=\"og:locale\" content=\"sv_SE\" \/>\n<meta property=\"og:type\" content=\"article\" \/>\n<meta property=\"og:title\" content=\"Lazer Kyp\u00e4r\u00e4 Tonic MIPS flash keltainen - VM Sport\" \/>\n<meta property=\"og:description\" content=\"Lazer Kyp\u00e4r\u00e4 Tonic MIPS -kyp\u00e4r\u00e4 on suunniteltu erityisesti aloitteleville py\u00f6r\u00e4ilij\u00f6ille yhdist\u00e4en tyylikk\u00e4\u00e4n muotoilun ja erinomaiset turvaominaisuudet. T\u00e4m\u00e4 unisex-maantiekyp\u00e4r\u00e4 hy\u00f6dynt\u00e4\u00e4 MIPS-teknologiaa, joka v\u00e4hent\u00e4\u00e4 aivovammojen riski\u00e4 onnettomuustilanteissa, mahdollistamalla kyp\u00e4r\u00e4n kuoren liikkumisen hienovaraisesti suhteessa sis\u00e4kappaleeseen. Kevyt in-mould-rakenne tarjoaa optimaalista suojaa ilman raskasta tuntumaa. Mukavuuden ja istuvuuden takaavat s\u00e4\u00e4dett\u00e4v\u00e4 TS Plus -s\u00e4\u00e4t\u00f6mekanismi, joka varmistaa t\u00e4ydellisen istuvuuden ja mahdollistaa muokkauksen [...]L\u00e4s mer \u2026 from Lazer Kyp\u00e4r\u00e4 Tonic MIPS flash keltainen\" \/>\n<meta property=\"og:url\" content=\"https:\/\/vmsport.fi\/sv\/webbutik\/korutrustning\/kyparat\/vagassistans\/lazer-kypara-tonic-mips-blixt-gul\/\" \/>\n<meta property=\"og:site_name\" content=\"VM Sport\" \/>\n<meta property=\"article:publisher\" content=\"https:\/\/www.facebook.com\/Vmsport.fi\/\" \/>\n<meta property=\"article:modified_time\" content=\"2026-05-04T09:23:55+00:00\" \/>\n<meta property=\"og:image\" content=\"https:\/\/vmsport.fi\/wp-content\/uploads\/2025\/03\/tonic-flash-yellow-1.jpg\" \/>\n\t<meta property=\"og:image:width\" content=\"1000\" \/>\n\t<meta property=\"og:image:height\" content=\"722\" \/>\n\t<meta property=\"og:image:type\" content=\"image\/jpeg\" \/>\n<meta name=\"twitter:card\" content=\"summary_large_image\" \/>\n<meta name=\"twitter:label1\" content=\"Ber\u00e4knad l\u00e4stid\" \/>\n\t<meta name=\"twitter:data1\" content=\"1 minut\" \/>\n<script type=\"application\/ld+json\" class=\"yoast-schema-graph\">{\"@context\":\"https:\\\/\\\/schema.org\",\"@graph\":[{\"@type\":[\"WebPage\",\"ItemPage\"],\"@id\":\"https:\\\/\\\/vmsport.fi\\\/verkkokauppa\\\/ajovarusteet\\\/kyparat\\\/maantiekyparat\\\/lazer-kypara-tonic-mips-flash-keltainen\\\/\",\"url\":\"https:\\\/\\\/vmsport.fi\\\/verkkokauppa\\\/ajovarusteet\\\/kyparat\\\/maantiekyparat\\\/lazer-kypara-tonic-mips-flash-keltainen\\\/\",\"name\":\"Lazer Kyp\u00e4r\u00e4 Tonic MIPS flash keltainen - VM Sport\",\"isPartOf\":{\"@id\":\"https:\\\/\\\/vmsport.fi\\\/#website\"},\"primaryImageOfPage\":{\"@id\":\"https:\\\/\\\/vmsport.fi\\\/verkkokauppa\\\/ajovarusteet\\\/kyparat\\\/maantiekyparat\\\/lazer-kypara-tonic-mips-flash-keltainen\\\/#primaryimage\"},\"image\":{\"@id\":\"https:\\\/\\\/vmsport.fi\\\/verkkokauppa\\\/ajovarusteet\\\/kyparat\\\/maantiekyparat\\\/lazer-kypara-tonic-mips-flash-keltainen\\\/#primaryimage\"},\"thumbnailUrl\":\"https:\\\/\\\/vmsport.fi\\\/wp-content\\\/uploads\\\/2025\\\/03\\\/tonic-flash-yellow-1.jpg\",\"datePublished\":\"2025-03-05T21:49:09+00:00\",\"dateModified\":\"2026-05-04T09:23:55+00:00\",\"breadcrumb\":{\"@id\":\"https:\\\/\\\/vmsport.fi\\\/verkkokauppa\\\/ajovarusteet\\\/kyparat\\\/maantiekyparat\\\/lazer-kypara-tonic-mips-flash-keltainen\\\/#breadcrumb\"},\"inLanguage\":\"sv-SE\",\"potentialAction\":[{\"@type\":\"ReadAction\",\"target\":[\"https:\\\/\\\/vmsport.fi\\\/verkkokauppa\\\/ajovarusteet\\\/kyparat\\\/maantiekyparat\\\/lazer-kypara-tonic-mips-flash-keltainen\\\/\"]}]},{\"@type\":\"ImageObject\",\"inLanguage\":\"sv-SE\",\"@id\":\"https:\\\/\\\/vmsport.fi\\\/verkkokauppa\\\/ajovarusteet\\\/kyparat\\\/maantiekyparat\\\/lazer-kypara-tonic-mips-flash-keltainen\\\/#primaryimage\",\"url\":\"https:\\\/\\\/vmsport.fi\\\/wp-content\\\/uploads\\\/2025\\\/03\\\/tonic-flash-yellow-1.jpg\",\"contentUrl\":\"https:\\\/\\\/vmsport.fi\\\/wp-content\\\/uploads\\\/2025\\\/03\\\/tonic-flash-yellow-1.jpg\",\"width\":1000,\"height\":722,\"caption\":\"tonic-flash-yellow\"},{\"@type\":\"BreadcrumbList\",\"@id\":\"https:\\\/\\\/vmsport.fi\\\/verkkokauppa\\\/ajovarusteet\\\/kyparat\\\/maantiekyparat\\\/lazer-kypara-tonic-mips-flash-keltainen\\\/#breadcrumb\",\"itemListElement\":[{\"@type\":\"ListItem\",\"position\":1,\"name\":\"Etusivu\",\"item\":\"https:\\\/\\\/vmsport.fi\\\/\"},{\"@type\":\"ListItem\",\"position\":2,\"name\":\"Online Store\",\"item\":\"https:\\\/\\\/vmsport.fi\\\/en\\\/online-store\\\/\"},{\"@type\":\"ListItem\",\"position\":3,\"name\":\"Lazer Kyp\u00e4r\u00e4 Tonic MIPS flash keltainen\"}]},{\"@type\":\"WebSite\",\"@id\":\"https:\\\/\\\/vmsport.fi\\\/#website\",\"url\":\"https:\\\/\\\/vmsport.fi\\\/\",\"name\":\"Vmsport\",\"description\":\"Kaikki py\u00f6r\u00e4ilyyn yhdest\u00e4 paikasta\",\"publisher\":{\"@id\":\"https:\\\/\\\/vmsport.fi\\\/#organization\"},\"potentialAction\":[{\"@type\":\"SearchAction\",\"target\":{\"@type\":\"EntryPoint\",\"urlTemplate\":\"https:\\\/\\\/vmsport.fi\\\/?s={search_term_string}\"},\"query-input\":{\"@type\":\"PropertyValueSpecification\",\"valueRequired\":true,\"valueName\":\"search_term_string\"}}],\"inLanguage\":\"sv-SE\"},{\"@type\":\"Organization\",\"@id\":\"https:\\\/\\\/vmsport.fi\\\/#organization\",\"name\":\"Vmsport\",\"url\":\"https:\\\/\\\/vmsport.fi\\\/\",\"logo\":{\"@type\":\"ImageObject\",\"inLanguage\":\"sv-SE\",\"@id\":\"https:\\\/\\\/vmsport.fi\\\/#\\\/schema\\\/logo\\\/image\\\/\",\"url\":\"https:\\\/\\\/vmsport.fi\\\/wp-content\\\/uploads\\\/2024\\\/12\\\/vm_sport_RGB_horisontal-e1734526017575.png\",\"contentUrl\":\"https:\\\/\\\/vmsport.fi\\\/wp-content\\\/uploads\\\/2024\\\/12\\\/vm_sport_RGB_horisontal-e1734526017575.png\",\"width\":668,\"height\":85,\"caption\":\"Vmsport\"},\"image\":{\"@id\":\"https:\\\/\\\/vmsport.fi\\\/#\\\/schema\\\/logo\\\/image\\\/\"},\"sameAs\":[\"https:\\\/\\\/www.facebook.com\\\/Vmsport.fi\\\/\",\"https:\\\/\\\/www.instagram.com\\\/vmsport\\\/\"]}]}<\/script>\n<!-- \/ Yoast SEO plugin. -->","yoast_head_json":{"title":"Lazer hj\u00e4lm Tonic MIPS flashgul - VM Sport","robots":{"index":"index","follow":"follow","max-snippet":"max-snippet:-1","max-image-preview":"max-image-preview:large","max-video-preview":"max-video-preview:-1"},"canonical":"https:\/\/vmsport.fi\/sv\/webbutik\/korutrustning\/kyparat\/vagassistans\/lazer-kypara-tonic-mips-blixt-gul\/","og_locale":"sv_SE","og_type":"article","og_title":"Lazer Kyp\u00e4r\u00e4 Tonic MIPS flash keltainen - VM Sport","og_description":"Lazer Kyp\u00e4r\u00e4 Tonic MIPS -kyp\u00e4r\u00e4 on suunniteltu erityisesti aloitteleville py\u00f6r\u00e4ilij\u00f6ille yhdist\u00e4en tyylikk\u00e4\u00e4n muotoilun ja erinomaiset turvaominaisuudet. T\u00e4m\u00e4 unisex-maantiekyp\u00e4r\u00e4 hy\u00f6dynt\u00e4\u00e4 MIPS-teknologiaa, joka v\u00e4hent\u00e4\u00e4 aivovammojen riski\u00e4 onnettomuustilanteissa, mahdollistamalla kyp\u00e4r\u00e4n kuoren liikkumisen hienovaraisesti suhteessa sis\u00e4kappaleeseen. Kevyt in-mould-rakenne tarjoaa optimaalista suojaa ilman raskasta tuntumaa. Mukavuuden ja istuvuuden takaavat s\u00e4\u00e4dett\u00e4v\u00e4 TS Plus -s\u00e4\u00e4t\u00f6mekanismi, joka varmistaa t\u00e4ydellisen istuvuuden ja mahdollistaa muokkauksen [...]L\u00e4s mer \u2026 from Lazer Kyp\u00e4r\u00e4 Tonic MIPS flash keltainen","og_url":"https:\/\/vmsport.fi\/sv\/webbutik\/korutrustning\/kyparat\/vagassistans\/lazer-kypara-tonic-mips-blixt-gul\/","og_site_name":"VM Sport","article_publisher":"https:\/\/www.facebook.com\/Vmsport.fi\/","article_modified_time":"2026-05-04T09:23:55+00:00","og_image":[{"width":1000,"height":722,"url":"https:\/\/vmsport.fi\/wp-content\/uploads\/2025\/03\/tonic-flash-yellow-1.jpg","type":"image\/jpeg"}],"twitter_card":"summary_large_image","twitter_misc":{"Ber\u00e4knad l\u00e4stid":"1 minut"},"schema":{"@context":"https:\/\/schema.org","@graph":[{"@type":["WebPage","ItemPage"],"@id":"https:\/\/vmsport.fi\/verkkokauppa\/ajovarusteet\/kyparat\/maantiekyparat\/lazer-kypara-tonic-mips-flash-keltainen\/","url":"https:\/\/vmsport.fi\/verkkokauppa\/ajovarusteet\/kyparat\/maantiekyparat\/lazer-kypara-tonic-mips-flash-keltainen\/","name":"Lazer hj\u00e4lm Tonic MIPS flashgul - VM Sport","isPartOf":{"@id":"https:\/\/vmsport.fi\/#website"},"primaryImageOfPage":{"@id":"https:\/\/vmsport.fi\/verkkokauppa\/ajovarusteet\/kyparat\/maantiekyparat\/lazer-kypara-tonic-mips-flash-keltainen\/#primaryimage"},"image":{"@id":"https:\/\/vmsport.fi\/verkkokauppa\/ajovarusteet\/kyparat\/maantiekyparat\/lazer-kypara-tonic-mips-flash-keltainen\/#primaryimage"},"thumbnailUrl":"https:\/\/vmsport.fi\/wp-content\/uploads\/2025\/03\/tonic-flash-yellow-1.jpg","datePublished":"2025-03-05T21:49:09+00:00","dateModified":"2026-05-04T09:23:55+00:00","breadcrumb":{"@id":"https:\/\/vmsport.fi\/verkkokauppa\/ajovarusteet\/kyparat\/maantiekyparat\/lazer-kypara-tonic-mips-flash-keltainen\/#breadcrumb"},"inLanguage":"sv-SE","potentialAction":[{"@type":"ReadAction","target":["https:\/\/vmsport.fi\/verkkokauppa\/ajovarusteet\/kyparat\/maantiekyparat\/lazer-kypara-tonic-mips-flash-keltainen\/"]}]},{"@type":"ImageObject","inLanguage":"sv-SE","@id":"https:\/\/vmsport.fi\/verkkokauppa\/ajovarusteet\/kyparat\/maantiekyparat\/lazer-kypara-tonic-mips-flash-keltainen\/#primaryimage","url":"https:\/\/vmsport.fi\/wp-content\/uploads\/2025\/03\/tonic-flash-yellow-1.jpg","contentUrl":"https:\/\/vmsport.fi\/wp-content\/uploads\/2025\/03\/tonic-flash-yellow-1.jpg","width":1000,"height":722,"caption":"tonic-flash-yellow"},{"@type":"BreadcrumbList","@id":"https:\/\/vmsport.fi\/verkkokauppa\/ajovarusteet\/kyparat\/maantiekyparat\/lazer-kypara-tonic-mips-flash-keltainen\/#breadcrumb","itemListElement":[{"@type":"ListItem","position":1,"name":"Etusivu","item":"https:\/\/vmsport.fi\/"},{"@type":"ListItem","position":2,"name":"Online Store","item":"https:\/\/vmsport.fi\/en\/online-store\/"},{"@type":"ListItem","position":3,"name":"Lazer Kyp\u00e4r\u00e4 Tonic MIPS flash keltainen"}]},{"@type":"WebSite","@id":"https:\/\/vmsport.fi\/#website","url":"https:\/\/vmsport.fi\/","name":"Vmsport","description":"Allt p\u00e5 ett st\u00e4lle f\u00f6r cykling","publisher":{"@id":"https:\/\/vmsport.fi\/#organization"},"potentialAction":[{"@type":"SearchAction","target":{"@type":"EntryPoint","urlTemplate":"https:\/\/vmsport.fi\/?s={search_term_string}"},"query-input":{"@type":"PropertyValueSpecification","valueRequired":true,"valueName":"search_term_string"}}],"inLanguage":"sv-SE"},{"@type":"Organization","@id":"https:\/\/vmsport.fi\/#organization","name":"Vmsport","url":"https:\/\/vmsport.fi\/","logo":{"@type":"ImageObject","inLanguage":"sv-SE","@id":"https:\/\/vmsport.fi\/#\/schema\/logo\/image\/","url":"https:\/\/vmsport.fi\/wp-content\/uploads\/2024\/12\/vm_sport_RGB_horisontal-e1734526017575.png","contentUrl":"https:\/\/vmsport.fi\/wp-content\/uploads\/2024\/12\/vm_sport_RGB_horisontal-e1734526017575.png","width":668,"height":85,"caption":"Vmsport"},"image":{"@id":"https:\/\/vmsport.fi\/#\/schema\/logo\/image\/"},"sameAs":["https:\/\/www.facebook.com\/Vmsport.fi\/","https:\/\/www.instagram.com\/vmsport\/"]}]}},"global_unique_id":"","_links":{"self":[{"href":"https:\/\/vmsport.fi\/sv\/wp-json\/wp\/v2\/product\/54070","targetHints":{"allow":["GET"]}}],"collection":[{"href":"https:\/\/vmsport.fi\/sv\/wp-json\/wp\/v2\/product"}],"about":[{"href":"https:\/\/vmsport.fi\/sv\/wp-json\/wp\/v2\/types\/product"}],"replies":[{"embeddable":true,"href":"https:\/\/vmsport.fi\/sv\/wp-json\/wp\/v2\/comments?post=54070"}],"wp:featuredmedia":[{"embeddable":true,"href":"https:\/\/vmsport.fi\/sv\/wp-json\/wp\/v2\/media\/54066"}],"wp:attachment":[{"href":"https:\/\/vmsport.fi\/sv\/wp-json\/wp\/v2\/media?parent=54070"}],"wp:term":[{"taxonomy":"product_brand","embeddable":true,"href":"https:\/\/vmsport.fi\/sv\/wp-json\/wp\/v2\/product_brand?post=54070"},{"taxonomy":"product_model","embeddable":true,"href":"https:\/\/vmsport.fi\/sv\/wp-json\/wp\/v2\/product_model?post=54070"},{"taxonomy":"product_cat","embeddable":true,"href":"https:\/\/vmsport.fi\/sv\/wp-json\/wp\/v2\/product_cat?post=54070"},{"taxonomy":"product_tag","embeddable":true,"href":"https:\/\/vmsport.fi\/sv\/wp-json\/wp\/v2\/product_tag?post=54070"},{"taxonomy":"industry_terminology","embeddable":true,"href":"https:\/\/vmsport.fi\/sv\/wp-json\/wp\/v2\/industry-terminology?post=54070"}],"curies":[{"name":"wp","href":"https:\/\/api.w.org\/{rel}","templated":true}]}}