{"id":54065,"date":"2025-03-05T23:49:06","date_gmt":"2025-03-05T21:49:06","guid":{"rendered":"https:\/\/vmsport.fi\/verkkokauppa\/Ei-luokiteltu\/muc-off-co2-pump-road-inflator-kit\/"},"modified":"2026-01-16T13:21:22","modified_gmt":"2026-01-16T11:21:22","slug":"muc-off-co2-pump-vaguppblasningssats","status":"publish","type":"product","link":"https:\/\/vmsport.fi\/sv\/verkkokauppa\/tarvikkeet\/pumput\/co2-pumput-ja-patruunat\/muc-off-co2-pump-road-inflator-kit\/","title":{"rendered":"MUC-OFF CO2-pump Uppbl\u00e5sningssats f\u00f6r v\u00e4g"},"content":{"rendered":"<p>MUC-OFF CO2 Pump Road Inflator Kit har skapats f\u00f6r att ge en snabb l\u00f6sning f\u00f6r att pumpa upp cykeld\u00e4ck. Den h\u00e4r kompakta och l\u00e4tta pumpen har en l\u00e4ttanv\u00e4nd mekanism som g\u00f6r att du effektivt kan pumpa upp dina d\u00e4ck f\u00f6r reparationer p\u00e5 v\u00e4gen. Den \u00e4r kompatibel med olika typer av ventiler, t.ex. Presta och Schrader, vilket g\u00f6r den till ett m\u00e5ngsidigt verktyg. Tack vare CO2-patronerna ger den tillf\u00f6rlitlig och snabb uppbl\u00e5sning i n\u00f6dsituationer. Den \u00e4r s\u00e4rskilt utformad f\u00f6r landsv\u00e4gscyklister och passar perfekt i varje cyklists v\u00e4ska f\u00f6r snabb och effektiv hantering av d\u00e4ckproblem.<\/p>","protected":false},"excerpt":{"rendered":"<p>MUC-OFF CO2 Pump Road Inflator Kit on luotu tarjoamaan nopea ratkaisu polkupy\u00f6r\u00e4n renkaiden t\u00e4ytt\u00f6\u00f6n. T\u00e4m\u00e4 kompakti ja kevyt pumppu sis\u00e4lt\u00e4\u00e4 helposti k\u00e4ytett\u00e4v\u00e4n mekanismin, joka mahdollistaa renkaiden tehokkaan t\u00e4ytt\u00e4misen matkan aikana tapahtuvia korjauksia varten. Sen yhteensopivuus eri venttiilityyppien, kuten Prestan ja Schraderin, kanssa tekee siit\u00e4 monik\u00e4ytt\u00f6isen v\u00e4lineen. CO2-patruunoiden ansiosta se tarjoaa luotettavan ja nopean t\u00e4yt\u00f6n h\u00e4t\u00e4tilanteissa. [&#8230;]<\/p>\n<p><a class=\"btn btn-secondary understrap-read-more-link\" href=\"https:\/\/vmsport.fi\/sv\/verkkokauppa\/tarvikkeet\/pumput\/co2-pumput-ja-patruunat\/muc-off-co2-pump-road-inflator-kit\/\">L\u00e4s mer \u2026<span class=\"screen-reader-text\"> from MUC-OFF CO2 pump Road Inflator Kit<\/span><\/a><\/p>\n","protected":false},"featured_media":54064,"comment_status":"open","ping_status":"closed","template":"","meta":{"_acf_changed":false,"_improvement_type_select":"improve_an_existing","_thumb_yes_seoaic":false,"_frame_yes_seoaic":false,"seoaic_generate_description":"","seoaic_improve_instructions_prompt":"","seoaic_rollback_content_improvement":"","seoaic_idea_thumbnail_generator":"","thumbnail_generated":false,"thumbnail_generate_prompt":"","seoaic_article_description":"","_supplier_stock_quantity":0},"product_brand":[1584],"product_model":[],"product_cat":[9586],"product_tag":[],"industry-terminology":[],"class_list":{"0":"post-54065","1":"product","2":"type-product","3":"status-publish","4":"has-post-thumbnail","6":"product_brand-muc-off","7":"product_cat-co2-pumput-ja-patruunat","9":"first","10":"outofstock","11":"taxable","12":"shipping-taxable","13":"product-type-simple"},"acf":{"bike_features":null,"overview":{"copy_overview":null,"key_features":null,"statement":"","youtube_url":""}},"yoast_head":"<!-- This site is optimized with the Yoast SEO plugin v27.3 - https:\/\/yoast.com\/product\/yoast-seo-wordpress\/ -->\n<title>MUC-OFF CO2 pump Road Inflator Kit - VM Sport<\/title>\n<meta name=\"robots\" content=\"index, follow, max-snippet:-1, max-image-preview:large, max-video-preview:-1\" \/>\n<link rel=\"canonical\" href=\"https:\/\/vmsport.fi\/sv\/webbutik\/tillbehor\/pumpar\/co2-pumpar-och-patroner\/muc-off-co2-pump-vaguppblasningssats\/\" \/>\n<meta property=\"og:locale\" content=\"sv_SE\" \/>\n<meta property=\"og:type\" content=\"article\" \/>\n<meta property=\"og:title\" content=\"MUC-OFF CO2 pump Road Inflator Kit - VM Sport\" \/>\n<meta property=\"og:description\" content=\"MUC-OFF CO2 Pump Road Inflator Kit on luotu tarjoamaan nopea ratkaisu polkupy\u00f6r\u00e4n renkaiden t\u00e4ytt\u00f6\u00f6n. T\u00e4m\u00e4 kompakti ja kevyt pumppu sis\u00e4lt\u00e4\u00e4 helposti k\u00e4ytett\u00e4v\u00e4n mekanismin, joka mahdollistaa renkaiden tehokkaan t\u00e4ytt\u00e4misen matkan aikana tapahtuvia korjauksia varten. Sen yhteensopivuus eri venttiilityyppien, kuten Prestan ja Schraderin, kanssa tekee siit\u00e4 monik\u00e4ytt\u00f6isen v\u00e4lineen. CO2-patruunoiden ansiosta se tarjoaa luotettavan ja nopean t\u00e4yt\u00f6n h\u00e4t\u00e4tilanteissa. [...]L\u00e4s mer \u2026 from MUC-OFF CO2 pump Road Inflator Kit\" \/>\n<meta property=\"og:url\" content=\"https:\/\/vmsport.fi\/sv\/webbutik\/tillbehor\/pumpar\/co2-pumpar-och-patroner\/muc-off-co2-pump-vaguppblasningssats\/\" \/>\n<meta property=\"og:site_name\" content=\"VM Sport\" \/>\n<meta property=\"article:publisher\" content=\"https:\/\/www.facebook.com\/Vmsport.fi\/\" \/>\n<meta property=\"article:modified_time\" content=\"2026-01-16T11:21:22+00:00\" \/>\n<meta property=\"og:image\" content=\"https:\/\/vmsport.fi\/wp-content\/uploads\/2025\/03\/MUC-OFF-CO2-pump-Road-Inflator-Kit-1.jpg\" \/>\n\t<meta property=\"og:image:width\" content=\"1000\" \/>\n\t<meta property=\"og:image:height\" content=\"750\" \/>\n\t<meta property=\"og:image:type\" content=\"image\/jpeg\" \/>\n<meta name=\"twitter:card\" content=\"summary_large_image\" \/>\n<script type=\"application\/ld+json\" class=\"yoast-schema-graph\">{\"@context\":\"https:\\\/\\\/schema.org\",\"@graph\":[{\"@type\":[\"WebPage\",\"ItemPage\"],\"@id\":\"https:\\\/\\\/vmsport.fi\\\/verkkokauppa\\\/tarvikkeet\\\/pumput\\\/co2-pumput-ja-patruunat\\\/muc-off-co2-pump-road-inflator-kit\\\/\",\"url\":\"https:\\\/\\\/vmsport.fi\\\/verkkokauppa\\\/tarvikkeet\\\/pumput\\\/co2-pumput-ja-patruunat\\\/muc-off-co2-pump-road-inflator-kit\\\/\",\"name\":\"MUC-OFF CO2 pump Road Inflator Kit - VM Sport\",\"isPartOf\":{\"@id\":\"https:\\\/\\\/vmsport.fi\\\/#website\"},\"primaryImageOfPage\":{\"@id\":\"https:\\\/\\\/vmsport.fi\\\/verkkokauppa\\\/tarvikkeet\\\/pumput\\\/co2-pumput-ja-patruunat\\\/muc-off-co2-pump-road-inflator-kit\\\/#primaryimage\"},\"image\":{\"@id\":\"https:\\\/\\\/vmsport.fi\\\/verkkokauppa\\\/tarvikkeet\\\/pumput\\\/co2-pumput-ja-patruunat\\\/muc-off-co2-pump-road-inflator-kit\\\/#primaryimage\"},\"thumbnailUrl\":\"https:\\\/\\\/vmsport.fi\\\/wp-content\\\/uploads\\\/2025\\\/03\\\/MUC-OFF-CO2-pump-Road-Inflator-Kit-1.jpg\",\"datePublished\":\"2025-03-05T21:49:06+00:00\",\"dateModified\":\"2026-01-16T11:21:22+00:00\",\"breadcrumb\":{\"@id\":\"https:\\\/\\\/vmsport.fi\\\/verkkokauppa\\\/tarvikkeet\\\/pumput\\\/co2-pumput-ja-patruunat\\\/muc-off-co2-pump-road-inflator-kit\\\/#breadcrumb\"},\"inLanguage\":\"sv-SE\",\"potentialAction\":[{\"@type\":\"ReadAction\",\"target\":[\"https:\\\/\\\/vmsport.fi\\\/verkkokauppa\\\/tarvikkeet\\\/pumput\\\/co2-pumput-ja-patruunat\\\/muc-off-co2-pump-road-inflator-kit\\\/\"]}]},{\"@type\":\"ImageObject\",\"inLanguage\":\"sv-SE\",\"@id\":\"https:\\\/\\\/vmsport.fi\\\/verkkokauppa\\\/tarvikkeet\\\/pumput\\\/co2-pumput-ja-patruunat\\\/muc-off-co2-pump-road-inflator-kit\\\/#primaryimage\",\"url\":\"https:\\\/\\\/vmsport.fi\\\/wp-content\\\/uploads\\\/2025\\\/03\\\/MUC-OFF-CO2-pump-Road-Inflator-Kit-1.jpg\",\"contentUrl\":\"https:\\\/\\\/vmsport.fi\\\/wp-content\\\/uploads\\\/2025\\\/03\\\/MUC-OFF-CO2-pump-Road-Inflator-Kit-1.jpg\",\"width\":1000,\"height\":750,\"caption\":\"MUC-OFF-CO2-pump-Road-Inflator-Kit\"},{\"@type\":\"BreadcrumbList\",\"@id\":\"https:\\\/\\\/vmsport.fi\\\/verkkokauppa\\\/tarvikkeet\\\/pumput\\\/co2-pumput-ja-patruunat\\\/muc-off-co2-pump-road-inflator-kit\\\/#breadcrumb\",\"itemListElement\":[{\"@type\":\"ListItem\",\"position\":1,\"name\":\"Etusivu\",\"item\":\"https:\\\/\\\/vmsport.fi\\\/\"},{\"@type\":\"ListItem\",\"position\":2,\"name\":\"Online Store\",\"item\":\"https:\\\/\\\/vmsport.fi\\\/en\\\/online-store\\\/\"},{\"@type\":\"ListItem\",\"position\":3,\"name\":\"MUC-OFF CO2 pump Road Inflator Kit\"}]},{\"@type\":\"WebSite\",\"@id\":\"https:\\\/\\\/vmsport.fi\\\/#website\",\"url\":\"https:\\\/\\\/vmsport.fi\\\/\",\"name\":\"Vmsport\",\"description\":\"Kaikki py\u00f6r\u00e4ilyyn yhdest\u00e4 paikasta\",\"publisher\":{\"@id\":\"https:\\\/\\\/vmsport.fi\\\/#organization\"},\"potentialAction\":[{\"@type\":\"SearchAction\",\"target\":{\"@type\":\"EntryPoint\",\"urlTemplate\":\"https:\\\/\\\/vmsport.fi\\\/?s={search_term_string}\"},\"query-input\":{\"@type\":\"PropertyValueSpecification\",\"valueRequired\":true,\"valueName\":\"search_term_string\"}}],\"inLanguage\":\"sv-SE\"},{\"@type\":\"Organization\",\"@id\":\"https:\\\/\\\/vmsport.fi\\\/#organization\",\"name\":\"Vmsport\",\"url\":\"https:\\\/\\\/vmsport.fi\\\/\",\"logo\":{\"@type\":\"ImageObject\",\"inLanguage\":\"sv-SE\",\"@id\":\"https:\\\/\\\/vmsport.fi\\\/#\\\/schema\\\/logo\\\/image\\\/\",\"url\":\"https:\\\/\\\/vmsport.fi\\\/wp-content\\\/uploads\\\/2024\\\/12\\\/vm_sport_RGB_horisontal-e1734526017575.png\",\"contentUrl\":\"https:\\\/\\\/vmsport.fi\\\/wp-content\\\/uploads\\\/2024\\\/12\\\/vm_sport_RGB_horisontal-e1734526017575.png\",\"width\":668,\"height\":85,\"caption\":\"Vmsport\"},\"image\":{\"@id\":\"https:\\\/\\\/vmsport.fi\\\/#\\\/schema\\\/logo\\\/image\\\/\"},\"sameAs\":[\"https:\\\/\\\/www.facebook.com\\\/Vmsport.fi\\\/\",\"https:\\\/\\\/www.instagram.com\\\/vmsport\\\/\"]}]}<\/script>\n<!-- \/ Yoast SEO plugin. -->","yoast_head_json":{"title":"MUC-OFF CO2-pump Uppbl\u00e5sningssats f\u00f6r landsv\u00e4g - VM Sport","robots":{"index":"index","follow":"follow","max-snippet":"max-snippet:-1","max-image-preview":"max-image-preview:large","max-video-preview":"max-video-preview:-1"},"canonical":"https:\/\/vmsport.fi\/sv\/webbutik\/tillbehor\/pumpar\/co2-pumpar-och-patroner\/muc-off-co2-pump-vaguppblasningssats\/","og_locale":"sv_SE","og_type":"article","og_title":"MUC-OFF CO2 pump Road Inflator Kit - VM Sport","og_description":"MUC-OFF CO2 Pump Road Inflator Kit on luotu tarjoamaan nopea ratkaisu polkupy\u00f6r\u00e4n renkaiden t\u00e4ytt\u00f6\u00f6n. T\u00e4m\u00e4 kompakti ja kevyt pumppu sis\u00e4lt\u00e4\u00e4 helposti k\u00e4ytett\u00e4v\u00e4n mekanismin, joka mahdollistaa renkaiden tehokkaan t\u00e4ytt\u00e4misen matkan aikana tapahtuvia korjauksia varten. Sen yhteensopivuus eri venttiilityyppien, kuten Prestan ja Schraderin, kanssa tekee siit\u00e4 monik\u00e4ytt\u00f6isen v\u00e4lineen. CO2-patruunoiden ansiosta se tarjoaa luotettavan ja nopean t\u00e4yt\u00f6n h\u00e4t\u00e4tilanteissa. [...]L\u00e4s mer \u2026 from MUC-OFF CO2 pump Road Inflator Kit","og_url":"https:\/\/vmsport.fi\/sv\/webbutik\/tillbehor\/pumpar\/co2-pumpar-och-patroner\/muc-off-co2-pump-vaguppblasningssats\/","og_site_name":"VM Sport","article_publisher":"https:\/\/www.facebook.com\/Vmsport.fi\/","article_modified_time":"2026-01-16T11:21:22+00:00","og_image":[{"width":1000,"height":750,"url":"https:\/\/vmsport.fi\/wp-content\/uploads\/2025\/03\/MUC-OFF-CO2-pump-Road-Inflator-Kit-1.jpg","type":"image\/jpeg"}],"twitter_card":"summary_large_image","schema":{"@context":"https:\/\/schema.org","@graph":[{"@type":["WebPage","ItemPage"],"@id":"https:\/\/vmsport.fi\/verkkokauppa\/tarvikkeet\/pumput\/co2-pumput-ja-patruunat\/muc-off-co2-pump-road-inflator-kit\/","url":"https:\/\/vmsport.fi\/verkkokauppa\/tarvikkeet\/pumput\/co2-pumput-ja-patruunat\/muc-off-co2-pump-road-inflator-kit\/","name":"MUC-OFF CO2-pump Uppbl\u00e5sningssats f\u00f6r landsv\u00e4g - VM Sport","isPartOf":{"@id":"https:\/\/vmsport.fi\/#website"},"primaryImageOfPage":{"@id":"https:\/\/vmsport.fi\/verkkokauppa\/tarvikkeet\/pumput\/co2-pumput-ja-patruunat\/muc-off-co2-pump-road-inflator-kit\/#primaryimage"},"image":{"@id":"https:\/\/vmsport.fi\/verkkokauppa\/tarvikkeet\/pumput\/co2-pumput-ja-patruunat\/muc-off-co2-pump-road-inflator-kit\/#primaryimage"},"thumbnailUrl":"https:\/\/vmsport.fi\/wp-content\/uploads\/2025\/03\/MUC-OFF-CO2-pump-Road-Inflator-Kit-1.jpg","datePublished":"2025-03-05T21:49:06+00:00","dateModified":"2026-01-16T11:21:22+00:00","breadcrumb":{"@id":"https:\/\/vmsport.fi\/verkkokauppa\/tarvikkeet\/pumput\/co2-pumput-ja-patruunat\/muc-off-co2-pump-road-inflator-kit\/#breadcrumb"},"inLanguage":"sv-SE","potentialAction":[{"@type":"ReadAction","target":["https:\/\/vmsport.fi\/verkkokauppa\/tarvikkeet\/pumput\/co2-pumput-ja-patruunat\/muc-off-co2-pump-road-inflator-kit\/"]}]},{"@type":"ImageObject","inLanguage":"sv-SE","@id":"https:\/\/vmsport.fi\/verkkokauppa\/tarvikkeet\/pumput\/co2-pumput-ja-patruunat\/muc-off-co2-pump-road-inflator-kit\/#primaryimage","url":"https:\/\/vmsport.fi\/wp-content\/uploads\/2025\/03\/MUC-OFF-CO2-pump-Road-Inflator-Kit-1.jpg","contentUrl":"https:\/\/vmsport.fi\/wp-content\/uploads\/2025\/03\/MUC-OFF-CO2-pump-Road-Inflator-Kit-1.jpg","width":1000,"height":750,"caption":"MUC-OFF-CO2-pump-Road-Inflator-Kit"},{"@type":"BreadcrumbList","@id":"https:\/\/vmsport.fi\/verkkokauppa\/tarvikkeet\/pumput\/co2-pumput-ja-patruunat\/muc-off-co2-pump-road-inflator-kit\/#breadcrumb","itemListElement":[{"@type":"ListItem","position":1,"name":"Etusivu","item":"https:\/\/vmsport.fi\/"},{"@type":"ListItem","position":2,"name":"Online Store","item":"https:\/\/vmsport.fi\/en\/online-store\/"},{"@type":"ListItem","position":3,"name":"MUC-OFF CO2 pump Road Inflator Kit"}]},{"@type":"WebSite","@id":"https:\/\/vmsport.fi\/#website","url":"https:\/\/vmsport.fi\/","name":"Vmsport","description":"Allt p\u00e5 ett st\u00e4lle f\u00f6r cykling","publisher":{"@id":"https:\/\/vmsport.fi\/#organization"},"potentialAction":[{"@type":"SearchAction","target":{"@type":"EntryPoint","urlTemplate":"https:\/\/vmsport.fi\/?s={search_term_string}"},"query-input":{"@type":"PropertyValueSpecification","valueRequired":true,"valueName":"search_term_string"}}],"inLanguage":"sv-SE"},{"@type":"Organization","@id":"https:\/\/vmsport.fi\/#organization","name":"Vmsport","url":"https:\/\/vmsport.fi\/","logo":{"@type":"ImageObject","inLanguage":"sv-SE","@id":"https:\/\/vmsport.fi\/#\/schema\/logo\/image\/","url":"https:\/\/vmsport.fi\/wp-content\/uploads\/2024\/12\/vm_sport_RGB_horisontal-e1734526017575.png","contentUrl":"https:\/\/vmsport.fi\/wp-content\/uploads\/2024\/12\/vm_sport_RGB_horisontal-e1734526017575.png","width":668,"height":85,"caption":"Vmsport"},"image":{"@id":"https:\/\/vmsport.fi\/#\/schema\/logo\/image\/"},"sameAs":["https:\/\/www.facebook.com\/Vmsport.fi\/","https:\/\/www.instagram.com\/vmsport\/"]}]}},"global_unique_id":"","_links":{"self":[{"href":"https:\/\/vmsport.fi\/sv\/wp-json\/wp\/v2\/product\/54065","targetHints":{"allow":["GET"]}}],"collection":[{"href":"https:\/\/vmsport.fi\/sv\/wp-json\/wp\/v2\/product"}],"about":[{"href":"https:\/\/vmsport.fi\/sv\/wp-json\/wp\/v2\/types\/product"}],"replies":[{"embeddable":true,"href":"https:\/\/vmsport.fi\/sv\/wp-json\/wp\/v2\/comments?post=54065"}],"wp:featuredmedia":[{"embeddable":true,"href":"https:\/\/vmsport.fi\/sv\/wp-json\/wp\/v2\/media\/54064"}],"wp:attachment":[{"href":"https:\/\/vmsport.fi\/sv\/wp-json\/wp\/v2\/media?parent=54065"}],"wp:term":[{"taxonomy":"product_brand","embeddable":true,"href":"https:\/\/vmsport.fi\/sv\/wp-json\/wp\/v2\/product_brand?post=54065"},{"taxonomy":"product_model","embeddable":true,"href":"https:\/\/vmsport.fi\/sv\/wp-json\/wp\/v2\/product_model?post=54065"},{"taxonomy":"product_cat","embeddable":true,"href":"https:\/\/vmsport.fi\/sv\/wp-json\/wp\/v2\/product_cat?post=54065"},{"taxonomy":"product_tag","embeddable":true,"href":"https:\/\/vmsport.fi\/sv\/wp-json\/wp\/v2\/product_tag?post=54065"},{"taxonomy":"industry_terminology","embeddable":true,"href":"https:\/\/vmsport.fi\/sv\/wp-json\/wp\/v2\/industry-terminology?post=54065"}],"curies":[{"name":"wp","href":"https:\/\/api.w.org\/{rel}","templated":true}]}}