{"id":54063,"date":"2025-03-05T23:49:05","date_gmt":"2025-03-05T21:49:05","guid":{"rendered":"https:\/\/vmsport.fi\/verkkokauppa\/Ei-luokiteltu\/axa-chain-absolute-c5-90-koodilla-musta\/"},"modified":"2026-04-01T03:00:24","modified_gmt":"2026-04-01T00:00:24","slug":"axa-kedja-absolut-c5-90-med-kod-svart","status":"publish","type":"product","link":"https:\/\/vmsport.fi\/sv\/verkkokauppa\/tarvikkeet\/lukot\/ketjulukot\/axa-chain-absolute-c5-90-koodilla-musta\/","title":{"rendered":"AXA Chain Absolute C5 - 90 Kod svart"},"content":{"rendered":"<p>AXA Chain Absolute C5 - 90 erbjuder ett s\u00e4kert skydd f\u00f6r dina v\u00e4rdesaker med sin snygga svarta f\u00e4rg och praktiska kombinationsl\u00e5s f\u00f6r enkel \u00e5tkomst. N\u00e4r du beh\u00f6ver h\u00e5llbar s\u00e4kerhet \u00e4r den h\u00e4r kedjan det perfekta valet f\u00f6r daglig anv\u00e4ndning. Den h\u00e5llbara konstruktionen \u00e4r utformad f\u00f6r att g\u00f6ra den l\u00e4tt att b\u00e4ra med sig. Tack vare kombinationsl\u00e5set kan du gl\u00f6mma att leta efter dina nycklar.<\/p>","protected":false},"excerpt":{"rendered":"<p>AXA Ketju Absolute C5 &#8211; 90 tarjoaa varman suojan arvotavaroillesi, sill\u00e4 sen tyylikk\u00e4\u00e4n musta v\u00e4ri ja k\u00e4yt\u00e4nn\u00f6llinen yhdistelm\u00e4lukko tekev\u00e4t siit\u00e4 helppok\u00e4ytt\u00f6isen. Kun tarvitset kest\u00e4v\u00e4\u00e4 turvaa, t\u00e4m\u00e4 ketju on ihanteellinen valinta p\u00e4ivitt\u00e4iseen k\u00e4ytt\u00f6\u00f6n. Sen kest\u00e4v\u00e4 rakenne on suunniteltu niin, ett\u00e4 se on my\u00f6s helppo kuljettaa mukana. Yhdistelm\u00e4lukon ansiosta voit unohtaa avainten etsimisen. [&#8230;]<\/p>\n<p><a class=\"btn btn-secondary understrap-read-more-link\" href=\"https:\/\/vmsport.fi\/sv\/verkkokauppa\/tarvikkeet\/lukot\/ketjulukot\/axa-chain-absolute-c5-90-koodilla-musta\/\">L\u00e4s mer \u2026<span class=\"screen-reader-text\"> from AXA Chain Absolute C5 &#8211; 90 Koodilla musta<\/span><\/a><\/p>\n","protected":false},"featured_media":54062,"comment_status":"open","ping_status":"closed","template":"","meta":{"_acf_changed":false,"_improvement_type_select":"improve_an_existing","_thumb_yes_seoaic":false,"_frame_yes_seoaic":false,"seoaic_generate_description":"","seoaic_improve_instructions_prompt":"","seoaic_rollback_content_improvement":"","seoaic_idea_thumbnail_generator":"","thumbnail_generated":false,"thumbnail_generate_prompt":"","seoaic_article_description":"","_supplier_stock_quantity":0},"product_brand":[1587],"product_model":[],"product_cat":[9552],"product_tag":[],"industry-terminology":[],"class_list":{"0":"post-54063","1":"product","2":"type-product","3":"status-publish","4":"has-post-thumbnail","6":"product_brand-axa","7":"product_cat-ketjulukot","9":"first","10":"instock","11":"taxable","12":"shipping-taxable","13":"purchasable","14":"product-type-simple"},"acf":{"bike_features":null,"overview":{"copy_overview":null,"key_features":null,"statement":"","youtube_url":""}},"yoast_head":"<!-- This site is optimized with the Yoast SEO plugin v27.3 - https:\/\/yoast.com\/product\/yoast-seo-wordpress\/ -->\n<title>AXA Chain Absolute C5 - 90 Koodilla musta - VM Sport<\/title>\n<meta name=\"robots\" content=\"index, follow, max-snippet:-1, max-image-preview:large, max-video-preview:-1\" \/>\n<link rel=\"canonical\" href=\"https:\/\/vmsport.fi\/sv\/webbutik\/tillbehor\/las\/kedjelas\/axa-kedja-absolut-c5-90-med-kod-svart\/\" \/>\n<meta property=\"og:locale\" content=\"sv_SE\" \/>\n<meta property=\"og:type\" content=\"article\" \/>\n<meta property=\"og:title\" content=\"AXA Chain Absolute C5 - 90 Koodilla musta - VM Sport\" \/>\n<meta property=\"og:description\" content=\"AXA Ketju Absolute C5 &#8211; 90 tarjoaa varman suojan arvotavaroillesi, sill\u00e4 sen tyylikk\u00e4\u00e4n musta v\u00e4ri ja k\u00e4yt\u00e4nn\u00f6llinen yhdistelm\u00e4lukko tekev\u00e4t siit\u00e4 helppok\u00e4ytt\u00f6isen. Kun tarvitset kest\u00e4v\u00e4\u00e4 turvaa, t\u00e4m\u00e4 ketju on ihanteellinen valinta p\u00e4ivitt\u00e4iseen k\u00e4ytt\u00f6\u00f6n. Sen kest\u00e4v\u00e4 rakenne on suunniteltu niin, ett\u00e4 se on my\u00f6s helppo kuljettaa mukana. Yhdistelm\u00e4lukon ansiosta voit unohtaa avainten etsimisen. [...]L\u00e4s mer \u2026 from AXA Chain Absolute C5 &#8211; 90 Koodilla musta\" \/>\n<meta property=\"og:url\" content=\"https:\/\/vmsport.fi\/sv\/webbutik\/tillbehor\/las\/kedjelas\/axa-kedja-absolut-c5-90-med-kod-svart\/\" \/>\n<meta property=\"og:site_name\" content=\"VM Sport\" \/>\n<meta property=\"article:publisher\" content=\"https:\/\/www.facebook.com\/Vmsport.fi\/\" \/>\n<meta property=\"article:modified_time\" content=\"2026-04-01T00:00:24+00:00\" \/>\n<meta property=\"og:image\" content=\"https:\/\/vmsport.fi\/wp-content\/uploads\/2025\/03\/59052995ss-1.jpg\" \/>\n\t<meta property=\"og:image:width\" content=\"1000\" \/>\n\t<meta property=\"og:image:height\" content=\"1000\" \/>\n\t<meta property=\"og:image:type\" content=\"image\/jpeg\" \/>\n<meta name=\"twitter:card\" content=\"summary_large_image\" \/>\n<script type=\"application\/ld+json\" class=\"yoast-schema-graph\">{\"@context\":\"https:\\\/\\\/schema.org\",\"@graph\":[{\"@type\":[\"WebPage\",\"ItemPage\"],\"@id\":\"https:\\\/\\\/vmsport.fi\\\/verkkokauppa\\\/tarvikkeet\\\/lukot\\\/ketjulukot\\\/axa-chain-absolute-c5-90-koodilla-musta\\\/\",\"url\":\"https:\\\/\\\/vmsport.fi\\\/verkkokauppa\\\/tarvikkeet\\\/lukot\\\/ketjulukot\\\/axa-chain-absolute-c5-90-koodilla-musta\\\/\",\"name\":\"AXA Chain Absolute C5 - 90 Koodilla musta - VM Sport\",\"isPartOf\":{\"@id\":\"https:\\\/\\\/vmsport.fi\\\/#website\"},\"primaryImageOfPage\":{\"@id\":\"https:\\\/\\\/vmsport.fi\\\/verkkokauppa\\\/tarvikkeet\\\/lukot\\\/ketjulukot\\\/axa-chain-absolute-c5-90-koodilla-musta\\\/#primaryimage\"},\"image\":{\"@id\":\"https:\\\/\\\/vmsport.fi\\\/verkkokauppa\\\/tarvikkeet\\\/lukot\\\/ketjulukot\\\/axa-chain-absolute-c5-90-koodilla-musta\\\/#primaryimage\"},\"thumbnailUrl\":\"https:\\\/\\\/vmsport.fi\\\/wp-content\\\/uploads\\\/2025\\\/03\\\/59052995ss-1.jpg\",\"datePublished\":\"2025-03-05T21:49:05+00:00\",\"dateModified\":\"2026-04-01T00:00:24+00:00\",\"breadcrumb\":{\"@id\":\"https:\\\/\\\/vmsport.fi\\\/verkkokauppa\\\/tarvikkeet\\\/lukot\\\/ketjulukot\\\/axa-chain-absolute-c5-90-koodilla-musta\\\/#breadcrumb\"},\"inLanguage\":\"sv-SE\",\"potentialAction\":[{\"@type\":\"ReadAction\",\"target\":[\"https:\\\/\\\/vmsport.fi\\\/verkkokauppa\\\/tarvikkeet\\\/lukot\\\/ketjulukot\\\/axa-chain-absolute-c5-90-koodilla-musta\\\/\"]}]},{\"@type\":\"ImageObject\",\"inLanguage\":\"sv-SE\",\"@id\":\"https:\\\/\\\/vmsport.fi\\\/verkkokauppa\\\/tarvikkeet\\\/lukot\\\/ketjulukot\\\/axa-chain-absolute-c5-90-koodilla-musta\\\/#primaryimage\",\"url\":\"https:\\\/\\\/vmsport.fi\\\/wp-content\\\/uploads\\\/2025\\\/03\\\/59052995ss-1.jpg\",\"contentUrl\":\"https:\\\/\\\/vmsport.fi\\\/wp-content\\\/uploads\\\/2025\\\/03\\\/59052995ss-1.jpg\",\"width\":1000,\"height\":1000,\"caption\":\"59052995ss\"},{\"@type\":\"BreadcrumbList\",\"@id\":\"https:\\\/\\\/vmsport.fi\\\/verkkokauppa\\\/tarvikkeet\\\/lukot\\\/ketjulukot\\\/axa-chain-absolute-c5-90-koodilla-musta\\\/#breadcrumb\",\"itemListElement\":[{\"@type\":\"ListItem\",\"position\":1,\"name\":\"Etusivu\",\"item\":\"https:\\\/\\\/vmsport.fi\\\/\"},{\"@type\":\"ListItem\",\"position\":2,\"name\":\"Online Store\",\"item\":\"https:\\\/\\\/vmsport.fi\\\/en\\\/online-store\\\/\"},{\"@type\":\"ListItem\",\"position\":3,\"name\":\"AXA Chain Absolute C5 &#8211; 90 Koodilla musta\"}]},{\"@type\":\"WebSite\",\"@id\":\"https:\\\/\\\/vmsport.fi\\\/#website\",\"url\":\"https:\\\/\\\/vmsport.fi\\\/\",\"name\":\"Vmsport\",\"description\":\"Kaikki py\u00f6r\u00e4ilyyn yhdest\u00e4 paikasta\",\"publisher\":{\"@id\":\"https:\\\/\\\/vmsport.fi\\\/#organization\"},\"potentialAction\":[{\"@type\":\"SearchAction\",\"target\":{\"@type\":\"EntryPoint\",\"urlTemplate\":\"https:\\\/\\\/vmsport.fi\\\/?s={search_term_string}\"},\"query-input\":{\"@type\":\"PropertyValueSpecification\",\"valueRequired\":true,\"valueName\":\"search_term_string\"}}],\"inLanguage\":\"sv-SE\"},{\"@type\":\"Organization\",\"@id\":\"https:\\\/\\\/vmsport.fi\\\/#organization\",\"name\":\"Vmsport\",\"url\":\"https:\\\/\\\/vmsport.fi\\\/\",\"logo\":{\"@type\":\"ImageObject\",\"inLanguage\":\"sv-SE\",\"@id\":\"https:\\\/\\\/vmsport.fi\\\/#\\\/schema\\\/logo\\\/image\\\/\",\"url\":\"https:\\\/\\\/vmsport.fi\\\/wp-content\\\/uploads\\\/2024\\\/12\\\/vm_sport_RGB_horisontal-e1734526017575.png\",\"contentUrl\":\"https:\\\/\\\/vmsport.fi\\\/wp-content\\\/uploads\\\/2024\\\/12\\\/vm_sport_RGB_horisontal-e1734526017575.png\",\"width\":668,\"height\":85,\"caption\":\"Vmsport\"},\"image\":{\"@id\":\"https:\\\/\\\/vmsport.fi\\\/#\\\/schema\\\/logo\\\/image\\\/\"},\"sameAs\":[\"https:\\\/\\\/www.facebook.com\\\/Vmsport.fi\\\/\",\"https:\\\/\\\/www.instagram.com\\\/vmsport\\\/\"]}]}<\/script>\n<!-- \/ Yoast SEO plugin. -->","yoast_head_json":{"title":"AXA Chain Absolute C5 - 90 Code svart - VM Sport","robots":{"index":"index","follow":"follow","max-snippet":"max-snippet:-1","max-image-preview":"max-image-preview:large","max-video-preview":"max-video-preview:-1"},"canonical":"https:\/\/vmsport.fi\/sv\/webbutik\/tillbehor\/las\/kedjelas\/axa-kedja-absolut-c5-90-med-kod-svart\/","og_locale":"sv_SE","og_type":"article","og_title":"AXA Chain Absolute C5 - 90 Koodilla musta - VM Sport","og_description":"AXA Ketju Absolute C5 &#8211; 90 tarjoaa varman suojan arvotavaroillesi, sill\u00e4 sen tyylikk\u00e4\u00e4n musta v\u00e4ri ja k\u00e4yt\u00e4nn\u00f6llinen yhdistelm\u00e4lukko tekev\u00e4t siit\u00e4 helppok\u00e4ytt\u00f6isen. Kun tarvitset kest\u00e4v\u00e4\u00e4 turvaa, t\u00e4m\u00e4 ketju on ihanteellinen valinta p\u00e4ivitt\u00e4iseen k\u00e4ytt\u00f6\u00f6n. Sen kest\u00e4v\u00e4 rakenne on suunniteltu niin, ett\u00e4 se on my\u00f6s helppo kuljettaa mukana. Yhdistelm\u00e4lukon ansiosta voit unohtaa avainten etsimisen. [...]L\u00e4s mer \u2026 from AXA Chain Absolute C5 &#8211; 90 Koodilla musta","og_url":"https:\/\/vmsport.fi\/sv\/webbutik\/tillbehor\/las\/kedjelas\/axa-kedja-absolut-c5-90-med-kod-svart\/","og_site_name":"VM Sport","article_publisher":"https:\/\/www.facebook.com\/Vmsport.fi\/","article_modified_time":"2026-04-01T00:00:24+00:00","og_image":[{"width":1000,"height":1000,"url":"https:\/\/vmsport.fi\/wp-content\/uploads\/2025\/03\/59052995ss-1.jpg","type":"image\/jpeg"}],"twitter_card":"summary_large_image","schema":{"@context":"https:\/\/schema.org","@graph":[{"@type":["WebPage","ItemPage"],"@id":"https:\/\/vmsport.fi\/verkkokauppa\/tarvikkeet\/lukot\/ketjulukot\/axa-chain-absolute-c5-90-koodilla-musta\/","url":"https:\/\/vmsport.fi\/verkkokauppa\/tarvikkeet\/lukot\/ketjulukot\/axa-chain-absolute-c5-90-koodilla-musta\/","name":"AXA Chain Absolute C5 - 90 Code svart - VM Sport","isPartOf":{"@id":"https:\/\/vmsport.fi\/#website"},"primaryImageOfPage":{"@id":"https:\/\/vmsport.fi\/verkkokauppa\/tarvikkeet\/lukot\/ketjulukot\/axa-chain-absolute-c5-90-koodilla-musta\/#primaryimage"},"image":{"@id":"https:\/\/vmsport.fi\/verkkokauppa\/tarvikkeet\/lukot\/ketjulukot\/axa-chain-absolute-c5-90-koodilla-musta\/#primaryimage"},"thumbnailUrl":"https:\/\/vmsport.fi\/wp-content\/uploads\/2025\/03\/59052995ss-1.jpg","datePublished":"2025-03-05T21:49:05+00:00","dateModified":"2026-04-01T00:00:24+00:00","breadcrumb":{"@id":"https:\/\/vmsport.fi\/verkkokauppa\/tarvikkeet\/lukot\/ketjulukot\/axa-chain-absolute-c5-90-koodilla-musta\/#breadcrumb"},"inLanguage":"sv-SE","potentialAction":[{"@type":"ReadAction","target":["https:\/\/vmsport.fi\/verkkokauppa\/tarvikkeet\/lukot\/ketjulukot\/axa-chain-absolute-c5-90-koodilla-musta\/"]}]},{"@type":"ImageObject","inLanguage":"sv-SE","@id":"https:\/\/vmsport.fi\/verkkokauppa\/tarvikkeet\/lukot\/ketjulukot\/axa-chain-absolute-c5-90-koodilla-musta\/#primaryimage","url":"https:\/\/vmsport.fi\/wp-content\/uploads\/2025\/03\/59052995ss-1.jpg","contentUrl":"https:\/\/vmsport.fi\/wp-content\/uploads\/2025\/03\/59052995ss-1.jpg","width":1000,"height":1000,"caption":"59052995ss"},{"@type":"BreadcrumbList","@id":"https:\/\/vmsport.fi\/verkkokauppa\/tarvikkeet\/lukot\/ketjulukot\/axa-chain-absolute-c5-90-koodilla-musta\/#breadcrumb","itemListElement":[{"@type":"ListItem","position":1,"name":"Etusivu","item":"https:\/\/vmsport.fi\/"},{"@type":"ListItem","position":2,"name":"Online Store","item":"https:\/\/vmsport.fi\/en\/online-store\/"},{"@type":"ListItem","position":3,"name":"AXA Chain Absolute C5 &#8211; 90 Koodilla musta"}]},{"@type":"WebSite","@id":"https:\/\/vmsport.fi\/#website","url":"https:\/\/vmsport.fi\/","name":"Vmsport","description":"Allt p\u00e5 ett st\u00e4lle f\u00f6r cykling","publisher":{"@id":"https:\/\/vmsport.fi\/#organization"},"potentialAction":[{"@type":"SearchAction","target":{"@type":"EntryPoint","urlTemplate":"https:\/\/vmsport.fi\/?s={search_term_string}"},"query-input":{"@type":"PropertyValueSpecification","valueRequired":true,"valueName":"search_term_string"}}],"inLanguage":"sv-SE"},{"@type":"Organization","@id":"https:\/\/vmsport.fi\/#organization","name":"Vmsport","url":"https:\/\/vmsport.fi\/","logo":{"@type":"ImageObject","inLanguage":"sv-SE","@id":"https:\/\/vmsport.fi\/#\/schema\/logo\/image\/","url":"https:\/\/vmsport.fi\/wp-content\/uploads\/2024\/12\/vm_sport_RGB_horisontal-e1734526017575.png","contentUrl":"https:\/\/vmsport.fi\/wp-content\/uploads\/2024\/12\/vm_sport_RGB_horisontal-e1734526017575.png","width":668,"height":85,"caption":"Vmsport"},"image":{"@id":"https:\/\/vmsport.fi\/#\/schema\/logo\/image\/"},"sameAs":["https:\/\/www.facebook.com\/Vmsport.fi\/","https:\/\/www.instagram.com\/vmsport\/"]}]}},"global_unique_id":"","_links":{"self":[{"href":"https:\/\/vmsport.fi\/sv\/wp-json\/wp\/v2\/product\/54063","targetHints":{"allow":["GET"]}}],"collection":[{"href":"https:\/\/vmsport.fi\/sv\/wp-json\/wp\/v2\/product"}],"about":[{"href":"https:\/\/vmsport.fi\/sv\/wp-json\/wp\/v2\/types\/product"}],"replies":[{"embeddable":true,"href":"https:\/\/vmsport.fi\/sv\/wp-json\/wp\/v2\/comments?post=54063"}],"wp:featuredmedia":[{"embeddable":true,"href":"https:\/\/vmsport.fi\/sv\/wp-json\/wp\/v2\/media\/54062"}],"wp:attachment":[{"href":"https:\/\/vmsport.fi\/sv\/wp-json\/wp\/v2\/media?parent=54063"}],"wp:term":[{"taxonomy":"product_brand","embeddable":true,"href":"https:\/\/vmsport.fi\/sv\/wp-json\/wp\/v2\/product_brand?post=54063"},{"taxonomy":"product_model","embeddable":true,"href":"https:\/\/vmsport.fi\/sv\/wp-json\/wp\/v2\/product_model?post=54063"},{"taxonomy":"product_cat","embeddable":true,"href":"https:\/\/vmsport.fi\/sv\/wp-json\/wp\/v2\/product_cat?post=54063"},{"taxonomy":"product_tag","embeddable":true,"href":"https:\/\/vmsport.fi\/sv\/wp-json\/wp\/v2\/product_tag?post=54063"},{"taxonomy":"industry_terminology","embeddable":true,"href":"https:\/\/vmsport.fi\/sv\/wp-json\/wp\/v2\/industry-terminology?post=54063"}],"curies":[{"name":"wp","href":"https:\/\/api.w.org\/{rel}","templated":true}]}}