{"id":54057,"date":"2025-03-05T23:49:01","date_gmt":"2025-03-05T21:49:01","guid":{"rendered":"https:\/\/vmsport.fi\/verkkokauppa\/Ei-luokiteltu\/dt-swiss-dt-thru-axle-rws-rear-178-mm\/"},"modified":"2026-04-22T15:06:42","modified_gmt":"2026-04-22T12:06:42","slug":"dt-swiss-dt-genomgaende-axel-rws-bak-178-mm","status":"publish","type":"product","link":"https:\/\/vmsport.fi\/sv\/verkkokauppa\/varaosat\/kiekot-ja-navat\/navat-ja-osat\/dt-swiss-dt-thru-axle-rws-rear-178-mm\/","title":{"rendered":"DT SWISS DT genomg\u00e5ende axel, RWS bak 178 mm"},"content":{"rendered":"<p>Den 178 mm genomg\u00e5ende bakaxeln med nav, tillverkad av DT Swiss, erbjuder en exceptionell kombination av tillf\u00f6rlitlighet och prestanda. Axeln, som \u00e4r tillverkad av slitstarkt material, ger en stabil k\u00f6rupplevelse och den l\u00e4ttanv\u00e4nda snabbkopplingsmekanismen m\u00f6jligg\u00f6r en snabb och enkel installation. Denna genomg\u00e5ende axel \u00e4r s\u00e4rskilt utformad f\u00f6r sportcykling och f\u00f6rb\u00e4ttrar cykelns hantering och styvhet, vilket \u00f6kar k\u00f6rs\u00e4kerheten \u00e4ven under utmanande f\u00f6rh\u00e5llanden. Den \u00e4r tillverkad enligt de h\u00f6gsta kvalitetsstandarderna och \u00e4r ett utm\u00e4rkt val f\u00f6r kr\u00e4vande cykelapplikationer.<\/p>","protected":false},"excerpt":{"rendered":"<p>DT Swissin valmistama takanavan l\u00e4piakseli, jonka pituus on 178 mm, tarjoaa poikkeuksellisen luotettavuuden ja suorituskyvyn yhdistelm\u00e4n. T\u00e4m\u00e4 akseli, valmistettu kest\u00e4v\u00e4st\u00e4 materiaalista, takaa vakaan ajokokemuksen ja sen helppok\u00e4ytt\u00f6inen pikakiinnitysmekanismi mahdollistaa nopean ja vaivattoman asennuksen. Urheilupy\u00f6r\u00e4ilyyn erityisesti suunniteltuna t\u00e4m\u00e4 l\u00e4piakseli parantaa py\u00f6r\u00e4n hallittavuutta ja j\u00e4ykkyytt\u00e4, mik\u00e4 lis\u00e4\u00e4 ajoturvallisuutta my\u00f6s haastavissa olosuhteissa. Laadukkaasti valmistettu, se on erinomainen valinta [&#8230;]<\/p>\n<p><a class=\"btn btn-secondary understrap-read-more-link\" href=\"https:\/\/vmsport.fi\/sv\/verkkokauppa\/varaosat\/kiekot-ja-navat\/navat-ja-osat\/dt-swiss-dt-thru-axle-rws-rear-178-mm\/\">L\u00e4s mer \u2026<span class=\"screen-reader-text\"> from DT SWISS DT Thru Axle, RWS Rear 178 mm<\/span><\/a><\/p>\n","protected":false},"featured_media":54056,"comment_status":"open","ping_status":"closed","template":"","meta":{"_acf_changed":false,"_improvement_type_select":"improve_an_existing","_thumb_yes_seoaic":false,"_frame_yes_seoaic":false,"seoaic_generate_description":"","seoaic_improve_instructions_prompt":"","seoaic_rollback_content_improvement":"","seoaic_idea_thumbnail_generator":"","thumbnail_generated":false,"thumbnail_generate_prompt":"","seoaic_article_description":"","_supplier_stock_quantity":0},"product_brand":[],"product_model":[],"product_cat":[9248],"product_tag":[],"industry-terminology":[],"class_list":{"0":"post-54057","1":"product","2":"type-product","3":"status-publish","4":"has-post-thumbnail","6":"product_cat-navat-ja-osat","8":"first","9":"outofstock","10":"taxable","11":"shipping-taxable","12":"product-type-simple"},"acf":{"bike_features":null,"overview":{"copy_overview":null,"key_features":null,"statement":"","youtube_url":""}},"yoast_head":"<!-- This site is optimized with the Yoast SEO plugin v27.4 - https:\/\/yoast.com\/product\/yoast-seo-wordpress\/ -->\n<title>DT SWISS DT Thru Axle, RWS Rear 178 mm - VM Sport<\/title>\n<meta name=\"robots\" content=\"index, follow, max-snippet:-1, max-image-preview:large, max-video-preview:-1\" \/>\n<link rel=\"canonical\" href=\"https:\/\/vmsport.fi\/sv\/webbutik\/reservdelar\/skivor-och-nav\/stolpar-och-delar\/dt-swiss-dt-genomgaende-axel-rws-bak-178-mm\/\" \/>\n<meta property=\"og:locale\" content=\"sv_SE\" \/>\n<meta property=\"og:type\" content=\"article\" \/>\n<meta property=\"og:title\" content=\"DT SWISS DT Thru Axle, RWS Rear 178 mm - VM Sport\" \/>\n<meta property=\"og:description\" content=\"DT Swissin valmistama takanavan l\u00e4piakseli, jonka pituus on 178 mm, tarjoaa poikkeuksellisen luotettavuuden ja suorituskyvyn yhdistelm\u00e4n. T\u00e4m\u00e4 akseli, valmistettu kest\u00e4v\u00e4st\u00e4 materiaalista, takaa vakaan ajokokemuksen ja sen helppok\u00e4ytt\u00f6inen pikakiinnitysmekanismi mahdollistaa nopean ja vaivattoman asennuksen. Urheilupy\u00f6r\u00e4ilyyn erityisesti suunniteltuna t\u00e4m\u00e4 l\u00e4piakseli parantaa py\u00f6r\u00e4n hallittavuutta ja j\u00e4ykkyytt\u00e4, mik\u00e4 lis\u00e4\u00e4 ajoturvallisuutta my\u00f6s haastavissa olosuhteissa. Laadukkaasti valmistettu, se on erinomainen valinta [...]L\u00e4s mer \u2026 from DT SWISS DT Thru Axle, RWS Rear 178 mm\" \/>\n<meta property=\"og:url\" content=\"https:\/\/vmsport.fi\/sv\/webbutik\/reservdelar\/skivor-och-nav\/stolpar-och-delar\/dt-swiss-dt-genomgaende-axel-rws-bak-178-mm\/\" \/>\n<meta property=\"og:site_name\" content=\"VM Sport\" \/>\n<meta property=\"article:publisher\" content=\"https:\/\/www.facebook.com\/Vmsport.fi\/\" \/>\n<meta property=\"article:modified_time\" content=\"2026-04-22T12:06:42+00:00\" \/>\n<meta property=\"og:image\" content=\"https:\/\/vmsport.fi\/wp-content\/uploads\/2025\/03\/6ZYExHaIbZDNM2JAnrK167lz8DdBz3eRHJ1X7cbe21aF9mGduW-1.jpg\" \/>\n\t<meta property=\"og:image:width\" content=\"800\" \/>\n\t<meta property=\"og:image:height\" content=\"800\" \/>\n\t<meta property=\"og:image:type\" content=\"image\/jpeg\" \/>\n<meta name=\"twitter:card\" content=\"summary_large_image\" \/>\n<script type=\"application\/ld+json\" class=\"yoast-schema-graph\">{\"@context\":\"https:\\\/\\\/schema.org\",\"@graph\":[{\"@type\":[\"WebPage\",\"ItemPage\"],\"@id\":\"https:\\\/\\\/vmsport.fi\\\/verkkokauppa\\\/varaosat\\\/kiekot-ja-navat\\\/navat-ja-osat\\\/dt-swiss-dt-thru-axle-rws-rear-178-mm\\\/\",\"url\":\"https:\\\/\\\/vmsport.fi\\\/verkkokauppa\\\/varaosat\\\/kiekot-ja-navat\\\/navat-ja-osat\\\/dt-swiss-dt-thru-axle-rws-rear-178-mm\\\/\",\"name\":\"DT SWISS DT Thru Axle, RWS Rear 178 mm - VM Sport\",\"isPartOf\":{\"@id\":\"https:\\\/\\\/vmsport.fi\\\/#website\"},\"primaryImageOfPage\":{\"@id\":\"https:\\\/\\\/vmsport.fi\\\/verkkokauppa\\\/varaosat\\\/kiekot-ja-navat\\\/navat-ja-osat\\\/dt-swiss-dt-thru-axle-rws-rear-178-mm\\\/#primaryimage\"},\"image\":{\"@id\":\"https:\\\/\\\/vmsport.fi\\\/verkkokauppa\\\/varaosat\\\/kiekot-ja-navat\\\/navat-ja-osat\\\/dt-swiss-dt-thru-axle-rws-rear-178-mm\\\/#primaryimage\"},\"thumbnailUrl\":\"https:\\\/\\\/vmsport.fi\\\/wp-content\\\/uploads\\\/2025\\\/03\\\/6ZYExHaIbZDNM2JAnrK167lz8DdBz3eRHJ1X7cbe21aF9mGduW-1.jpg\",\"datePublished\":\"2025-03-05T21:49:01+00:00\",\"dateModified\":\"2026-04-22T12:06:42+00:00\",\"breadcrumb\":{\"@id\":\"https:\\\/\\\/vmsport.fi\\\/verkkokauppa\\\/varaosat\\\/kiekot-ja-navat\\\/navat-ja-osat\\\/dt-swiss-dt-thru-axle-rws-rear-178-mm\\\/#breadcrumb\"},\"inLanguage\":\"sv-SE\",\"potentialAction\":[{\"@type\":\"ReadAction\",\"target\":[\"https:\\\/\\\/vmsport.fi\\\/verkkokauppa\\\/varaosat\\\/kiekot-ja-navat\\\/navat-ja-osat\\\/dt-swiss-dt-thru-axle-rws-rear-178-mm\\\/\"]}]},{\"@type\":\"ImageObject\",\"inLanguage\":\"sv-SE\",\"@id\":\"https:\\\/\\\/vmsport.fi\\\/verkkokauppa\\\/varaosat\\\/kiekot-ja-navat\\\/navat-ja-osat\\\/dt-swiss-dt-thru-axle-rws-rear-178-mm\\\/#primaryimage\",\"url\":\"https:\\\/\\\/vmsport.fi\\\/wp-content\\\/uploads\\\/2025\\\/03\\\/6ZYExHaIbZDNM2JAnrK167lz8DdBz3eRHJ1X7cbe21aF9mGduW-1.jpg\",\"contentUrl\":\"https:\\\/\\\/vmsport.fi\\\/wp-content\\\/uploads\\\/2025\\\/03\\\/6ZYExHaIbZDNM2JAnrK167lz8DdBz3eRHJ1X7cbe21aF9mGduW-1.jpg\",\"width\":800,\"height\":800,\"caption\":\"6ZYExHaIbZDNM2JAnrK167lz8DdBz3eRHJ1X7cbe21aF9mGduW\"},{\"@type\":\"BreadcrumbList\",\"@id\":\"https:\\\/\\\/vmsport.fi\\\/verkkokauppa\\\/varaosat\\\/kiekot-ja-navat\\\/navat-ja-osat\\\/dt-swiss-dt-thru-axle-rws-rear-178-mm\\\/#breadcrumb\",\"itemListElement\":[{\"@type\":\"ListItem\",\"position\":1,\"name\":\"Etusivu\",\"item\":\"https:\\\/\\\/vmsport.fi\\\/\"},{\"@type\":\"ListItem\",\"position\":2,\"name\":\"Online Store\",\"item\":\"https:\\\/\\\/vmsport.fi\\\/en\\\/online-store\\\/\"},{\"@type\":\"ListItem\",\"position\":3,\"name\":\"DT SWISS DT Thru Axle, RWS Rear 178 mm\"}]},{\"@type\":\"WebSite\",\"@id\":\"https:\\\/\\\/vmsport.fi\\\/#website\",\"url\":\"https:\\\/\\\/vmsport.fi\\\/\",\"name\":\"Vmsport\",\"description\":\"Kaikki py\u00f6r\u00e4ilyyn yhdest\u00e4 paikasta\",\"publisher\":{\"@id\":\"https:\\\/\\\/vmsport.fi\\\/#organization\"},\"potentialAction\":[{\"@type\":\"SearchAction\",\"target\":{\"@type\":\"EntryPoint\",\"urlTemplate\":\"https:\\\/\\\/vmsport.fi\\\/?s={search_term_string}\"},\"query-input\":{\"@type\":\"PropertyValueSpecification\",\"valueRequired\":true,\"valueName\":\"search_term_string\"}}],\"inLanguage\":\"sv-SE\"},{\"@type\":\"Organization\",\"@id\":\"https:\\\/\\\/vmsport.fi\\\/#organization\",\"name\":\"Vmsport\",\"url\":\"https:\\\/\\\/vmsport.fi\\\/\",\"logo\":{\"@type\":\"ImageObject\",\"inLanguage\":\"sv-SE\",\"@id\":\"https:\\\/\\\/vmsport.fi\\\/#\\\/schema\\\/logo\\\/image\\\/\",\"url\":\"https:\\\/\\\/vmsport.fi\\\/wp-content\\\/uploads\\\/2024\\\/12\\\/vm_sport_RGB_horisontal-e1734526017575.png\",\"contentUrl\":\"https:\\\/\\\/vmsport.fi\\\/wp-content\\\/uploads\\\/2024\\\/12\\\/vm_sport_RGB_horisontal-e1734526017575.png\",\"width\":668,\"height\":85,\"caption\":\"Vmsport\"},\"image\":{\"@id\":\"https:\\\/\\\/vmsport.fi\\\/#\\\/schema\\\/logo\\\/image\\\/\"},\"sameAs\":[\"https:\\\/\\\/www.facebook.com\\\/Vmsport.fi\\\/\",\"https:\\\/\\\/www.instagram.com\\\/vmsport\\\/\"]}]}<\/script>\n<!-- \/ Yoast SEO plugin. -->","yoast_head_json":{"title":"DT SWISS DT genomg\u00e5ende axel, RWS bak 178 mm - VM Sport","robots":{"index":"index","follow":"follow","max-snippet":"max-snippet:-1","max-image-preview":"max-image-preview:large","max-video-preview":"max-video-preview:-1"},"canonical":"https:\/\/vmsport.fi\/sv\/webbutik\/reservdelar\/skivor-och-nav\/stolpar-och-delar\/dt-swiss-dt-genomgaende-axel-rws-bak-178-mm\/","og_locale":"sv_SE","og_type":"article","og_title":"DT SWISS DT Thru Axle, RWS Rear 178 mm - VM Sport","og_description":"DT Swissin valmistama takanavan l\u00e4piakseli, jonka pituus on 178 mm, tarjoaa poikkeuksellisen luotettavuuden ja suorituskyvyn yhdistelm\u00e4n. T\u00e4m\u00e4 akseli, valmistettu kest\u00e4v\u00e4st\u00e4 materiaalista, takaa vakaan ajokokemuksen ja sen helppok\u00e4ytt\u00f6inen pikakiinnitysmekanismi mahdollistaa nopean ja vaivattoman asennuksen. Urheilupy\u00f6r\u00e4ilyyn erityisesti suunniteltuna t\u00e4m\u00e4 l\u00e4piakseli parantaa py\u00f6r\u00e4n hallittavuutta ja j\u00e4ykkyytt\u00e4, mik\u00e4 lis\u00e4\u00e4 ajoturvallisuutta my\u00f6s haastavissa olosuhteissa. Laadukkaasti valmistettu, se on erinomainen valinta [...]L\u00e4s mer \u2026 from DT SWISS DT Thru Axle, RWS Rear 178 mm","og_url":"https:\/\/vmsport.fi\/sv\/webbutik\/reservdelar\/skivor-och-nav\/stolpar-och-delar\/dt-swiss-dt-genomgaende-axel-rws-bak-178-mm\/","og_site_name":"VM Sport","article_publisher":"https:\/\/www.facebook.com\/Vmsport.fi\/","article_modified_time":"2026-04-22T12:06:42+00:00","og_image":[{"width":800,"height":800,"url":"https:\/\/vmsport.fi\/wp-content\/uploads\/2025\/03\/6ZYExHaIbZDNM2JAnrK167lz8DdBz3eRHJ1X7cbe21aF9mGduW-1.jpg","type":"image\/jpeg"}],"twitter_card":"summary_large_image","schema":{"@context":"https:\/\/schema.org","@graph":[{"@type":["WebPage","ItemPage"],"@id":"https:\/\/vmsport.fi\/verkkokauppa\/varaosat\/kiekot-ja-navat\/navat-ja-osat\/dt-swiss-dt-thru-axle-rws-rear-178-mm\/","url":"https:\/\/vmsport.fi\/verkkokauppa\/varaosat\/kiekot-ja-navat\/navat-ja-osat\/dt-swiss-dt-thru-axle-rws-rear-178-mm\/","name":"DT SWISS DT genomg\u00e5ende axel, RWS bak 178 mm - VM Sport","isPartOf":{"@id":"https:\/\/vmsport.fi\/#website"},"primaryImageOfPage":{"@id":"https:\/\/vmsport.fi\/verkkokauppa\/varaosat\/kiekot-ja-navat\/navat-ja-osat\/dt-swiss-dt-thru-axle-rws-rear-178-mm\/#primaryimage"},"image":{"@id":"https:\/\/vmsport.fi\/verkkokauppa\/varaosat\/kiekot-ja-navat\/navat-ja-osat\/dt-swiss-dt-thru-axle-rws-rear-178-mm\/#primaryimage"},"thumbnailUrl":"https:\/\/vmsport.fi\/wp-content\/uploads\/2025\/03\/6ZYExHaIbZDNM2JAnrK167lz8DdBz3eRHJ1X7cbe21aF9mGduW-1.jpg","datePublished":"2025-03-05T21:49:01+00:00","dateModified":"2026-04-22T12:06:42+00:00","breadcrumb":{"@id":"https:\/\/vmsport.fi\/verkkokauppa\/varaosat\/kiekot-ja-navat\/navat-ja-osat\/dt-swiss-dt-thru-axle-rws-rear-178-mm\/#breadcrumb"},"inLanguage":"sv-SE","potentialAction":[{"@type":"ReadAction","target":["https:\/\/vmsport.fi\/verkkokauppa\/varaosat\/kiekot-ja-navat\/navat-ja-osat\/dt-swiss-dt-thru-axle-rws-rear-178-mm\/"]}]},{"@type":"ImageObject","inLanguage":"sv-SE","@id":"https:\/\/vmsport.fi\/verkkokauppa\/varaosat\/kiekot-ja-navat\/navat-ja-osat\/dt-swiss-dt-thru-axle-rws-rear-178-mm\/#primaryimage","url":"https:\/\/vmsport.fi\/wp-content\/uploads\/2025\/03\/6ZYExHaIbZDNM2JAnrK167lz8DdBz3eRHJ1X7cbe21aF9mGduW-1.jpg","contentUrl":"https:\/\/vmsport.fi\/wp-content\/uploads\/2025\/03\/6ZYExHaIbZDNM2JAnrK167lz8DdBz3eRHJ1X7cbe21aF9mGduW-1.jpg","width":800,"height":800,"caption":"6ZYExHaIbZDNM2JAnrK167lz8DdBz3eRHJ1X7cbe21aF9mGduW"},{"@type":"BreadcrumbList","@id":"https:\/\/vmsport.fi\/verkkokauppa\/varaosat\/kiekot-ja-navat\/navat-ja-osat\/dt-swiss-dt-thru-axle-rws-rear-178-mm\/#breadcrumb","itemListElement":[{"@type":"ListItem","position":1,"name":"Etusivu","item":"https:\/\/vmsport.fi\/"},{"@type":"ListItem","position":2,"name":"Online Store","item":"https:\/\/vmsport.fi\/en\/online-store\/"},{"@type":"ListItem","position":3,"name":"DT SWISS DT Thru Axle, RWS Rear 178 mm"}]},{"@type":"WebSite","@id":"https:\/\/vmsport.fi\/#website","url":"https:\/\/vmsport.fi\/","name":"Vmsport","description":"Allt p\u00e5 ett st\u00e4lle f\u00f6r cykling","publisher":{"@id":"https:\/\/vmsport.fi\/#organization"},"potentialAction":[{"@type":"SearchAction","target":{"@type":"EntryPoint","urlTemplate":"https:\/\/vmsport.fi\/?s={search_term_string}"},"query-input":{"@type":"PropertyValueSpecification","valueRequired":true,"valueName":"search_term_string"}}],"inLanguage":"sv-SE"},{"@type":"Organization","@id":"https:\/\/vmsport.fi\/#organization","name":"Vmsport","url":"https:\/\/vmsport.fi\/","logo":{"@type":"ImageObject","inLanguage":"sv-SE","@id":"https:\/\/vmsport.fi\/#\/schema\/logo\/image\/","url":"https:\/\/vmsport.fi\/wp-content\/uploads\/2024\/12\/vm_sport_RGB_horisontal-e1734526017575.png","contentUrl":"https:\/\/vmsport.fi\/wp-content\/uploads\/2024\/12\/vm_sport_RGB_horisontal-e1734526017575.png","width":668,"height":85,"caption":"Vmsport"},"image":{"@id":"https:\/\/vmsport.fi\/#\/schema\/logo\/image\/"},"sameAs":["https:\/\/www.facebook.com\/Vmsport.fi\/","https:\/\/www.instagram.com\/vmsport\/"]}]}},"global_unique_id":"","_links":{"self":[{"href":"https:\/\/vmsport.fi\/sv\/wp-json\/wp\/v2\/product\/54057","targetHints":{"allow":["GET"]}}],"collection":[{"href":"https:\/\/vmsport.fi\/sv\/wp-json\/wp\/v2\/product"}],"about":[{"href":"https:\/\/vmsport.fi\/sv\/wp-json\/wp\/v2\/types\/product"}],"replies":[{"embeddable":true,"href":"https:\/\/vmsport.fi\/sv\/wp-json\/wp\/v2\/comments?post=54057"}],"wp:featuredmedia":[{"embeddable":true,"href":"https:\/\/vmsport.fi\/sv\/wp-json\/wp\/v2\/media\/54056"}],"wp:attachment":[{"href":"https:\/\/vmsport.fi\/sv\/wp-json\/wp\/v2\/media?parent=54057"}],"wp:term":[{"taxonomy":"product_brand","embeddable":true,"href":"https:\/\/vmsport.fi\/sv\/wp-json\/wp\/v2\/product_brand?post=54057"},{"taxonomy":"product_model","embeddable":true,"href":"https:\/\/vmsport.fi\/sv\/wp-json\/wp\/v2\/product_model?post=54057"},{"taxonomy":"product_cat","embeddable":true,"href":"https:\/\/vmsport.fi\/sv\/wp-json\/wp\/v2\/product_cat?post=54057"},{"taxonomy":"product_tag","embeddable":true,"href":"https:\/\/vmsport.fi\/sv\/wp-json\/wp\/v2\/product_tag?post=54057"},{"taxonomy":"industry_terminology","embeddable":true,"href":"https:\/\/vmsport.fi\/sv\/wp-json\/wp\/v2\/industry-terminology?post=54057"}],"curies":[{"name":"wp","href":"https:\/\/api.w.org\/{rel}","templated":true}]}}