{"id":54048,"date":"2025-03-05T23:48:50","date_gmt":"2025-03-05T21:48:50","guid":{"rendered":"https:\/\/vmsport.fi\/verkkokauppa\/Ei-luokiteltu\/rengas-bontrager-r2-hard-case-lite-700x32c\/"},"modified":"2026-02-06T02:00:18","modified_gmt":"2026-02-06T00:00:18","slug":"dack-bontrager-r2-hard-case-lite-700x32c","status":"publish","type":"product","link":"https:\/\/vmsport.fi\/sv\/verkkokauppa\/renkaat\/ulkorenkaat\/maantierenkaat\/rengas-bontrager-r2-hard-case-lite-700x32c\/","title":{"rendered":"D\u00e4ck Bontrager R2 Hard-Case Lite 700x32c"},"content":{"rendered":"<p>Bontrager R2 Hard-Case Lite 700x32c \u00e4r ett utm\u00e4rkt val f\u00f6r vardaglig landsv\u00e4gscykling. Dess l\u00e4tta men effektiva punkteringsskyddsteknik f\u00f6rhindrar effektivt punktering. Det snabbrullande m\u00f6nstret f\u00f6rb\u00e4ttrar b\u00e5de greppet och stabiliteten i kurvorna. D\u00e4cket anpassar sig till olika k\u00f6rstilar och har l\u00e5gt rullmotst\u00e5nd, vilket \u00e4r perfekt f\u00f6r kurvtagning. Den slitstarka och p\u00e5litliga konstruktionen garanterar l\u00e5ngvarig prestanda utan kompromisser.<\/p>","protected":false},"excerpt":{"rendered":"<p>Bontrager R2 Hard-Case Lite 700x32c -rengas on loistava valinta p\u00e4ivitt\u00e4iseen maantiepy\u00f6r\u00e4ilyyn. Sen kevyt mutta tehokas pistosuojatekniikka ehk\u00e4isee puhkeamisia tehokkaasti. Nopeasti rullaava kuviointi parantaa sek\u00e4 pitoa ett\u00e4 ajovakautta kaarteissa. Rengas mukautuu erilaisiin ajotyyleihin ja tarjoaa pienen vierint\u00e4vastuksen, mik\u00e4 tukee erinomaisesti kaarreajoa. Kest\u00e4v\u00e4 ja luotettava rakenne takaa pitk\u00e4ik\u00e4isen suorituskyvyn ilman kompromisseja. [&#8230;]<\/p>\n<p><a class=\"btn btn-secondary understrap-read-more-link\" href=\"https:\/\/vmsport.fi\/sv\/verkkokauppa\/renkaat\/ulkorenkaat\/maantierenkaat\/rengas-bontrager-r2-hard-case-lite-700x32c\/\">L\u00e4s mer \u2026<span class=\"screen-reader-text\"> from Rengas Bontrager R2 Hard-Case Lite 700x32c<\/span><\/a><\/p>\n","protected":false},"featured_media":54047,"comment_status":"open","ping_status":"closed","template":"","meta":{"_acf_changed":false,"_improvement_type_select":"improve_an_existing","_thumb_yes_seoaic":false,"_frame_yes_seoaic":false,"seoaic_generate_description":"","seoaic_improve_instructions_prompt":"","seoaic_rollback_content_improvement":"","seoaic_idea_thumbnail_generator":"","thumbnail_generated":false,"thumbnail_generate_prompt":"","seoaic_article_description":"","_supplier_stock_quantity":0},"product_brand":[],"product_model":[],"product_cat":[9320],"product_tag":[],"industry-terminology":[],"class_list":{"0":"post-54048","1":"product","2":"type-product","3":"status-publish","4":"has-post-thumbnail","6":"product_cat-maantierenkaat","8":"first","9":"instock","10":"taxable","11":"shipping-taxable","12":"purchasable","13":"product-type-simple"},"acf":{"bike_features":null,"overview":{"copy_overview":null,"key_features":null,"statement":"","youtube_url":""}},"yoast_head":"<!-- This site is optimized with the Yoast SEO plugin v27.3 - https:\/\/yoast.com\/product\/yoast-seo-wordpress\/ -->\n<title>Rengas Bontrager R2 Hard-Case Lite 700x32c - VM Sport<\/title>\n<meta name=\"robots\" content=\"index, follow, max-snippet:-1, max-image-preview:large, max-video-preview:-1\" \/>\n<link rel=\"canonical\" href=\"https:\/\/vmsport.fi\/sv\/webbutik\/dack\/dack-for-utomhusbruk\/maantierenkaat\/dack-bontrager-r2-hard-case-lite-700x32c\/\" \/>\n<meta property=\"og:locale\" content=\"sv_SE\" \/>\n<meta property=\"og:type\" content=\"article\" \/>\n<meta property=\"og:title\" content=\"Rengas Bontrager R2 Hard-Case Lite 700x32c - VM Sport\" \/>\n<meta property=\"og:description\" content=\"Bontrager R2 Hard-Case Lite 700x32c -rengas on loistava valinta p\u00e4ivitt\u00e4iseen maantiepy\u00f6r\u00e4ilyyn. Sen kevyt mutta tehokas pistosuojatekniikka ehk\u00e4isee puhkeamisia tehokkaasti. Nopeasti rullaava kuviointi parantaa sek\u00e4 pitoa ett\u00e4 ajovakautta kaarteissa. Rengas mukautuu erilaisiin ajotyyleihin ja tarjoaa pienen vierint\u00e4vastuksen, mik\u00e4 tukee erinomaisesti kaarreajoa. Kest\u00e4v\u00e4 ja luotettava rakenne takaa pitk\u00e4ik\u00e4isen suorituskyvyn ilman kompromisseja. [...]L\u00e4s mer \u2026 from Rengas Bontrager R2 Hard-Case Lite 700x32c\" \/>\n<meta property=\"og:url\" content=\"https:\/\/vmsport.fi\/sv\/webbutik\/dack\/dack-for-utomhusbruk\/maantierenkaat\/dack-bontrager-r2-hard-case-lite-700x32c\/\" \/>\n<meta property=\"og:site_name\" content=\"VM Sport\" \/>\n<meta property=\"article:publisher\" content=\"https:\/\/www.facebook.com\/Vmsport.fi\/\" \/>\n<meta property=\"article:modified_time\" content=\"2026-02-06T00:00:18+00:00\" \/>\n<meta property=\"og:image\" content=\"https:\/\/vmsport.fi\/wp-content\/uploads\/2025\/03\/0VBMDZwg8SZisVfOG5jrYmKy5xdBmELiz4E8xdaNxeA3aDlobm-1.jpg\" \/>\n\t<meta property=\"og:image:width\" content=\"1000\" \/>\n\t<meta property=\"og:image:height\" content=\"750\" \/>\n\t<meta property=\"og:image:type\" content=\"image\/jpeg\" \/>\n<meta name=\"twitter:card\" content=\"summary_large_image\" \/>\n<script type=\"application\/ld+json\" class=\"yoast-schema-graph\">{\"@context\":\"https:\\\/\\\/schema.org\",\"@graph\":[{\"@type\":[\"WebPage\",\"ItemPage\"],\"@id\":\"https:\\\/\\\/vmsport.fi\\\/verkkokauppa\\\/renkaat\\\/ulkorenkaat\\\/maantierenkaat\\\/rengas-bontrager-r2-hard-case-lite-700x32c\\\/\",\"url\":\"https:\\\/\\\/vmsport.fi\\\/verkkokauppa\\\/renkaat\\\/ulkorenkaat\\\/maantierenkaat\\\/rengas-bontrager-r2-hard-case-lite-700x32c\\\/\",\"name\":\"Rengas Bontrager R2 Hard-Case Lite 700x32c - VM Sport\",\"isPartOf\":{\"@id\":\"https:\\\/\\\/vmsport.fi\\\/#website\"},\"primaryImageOfPage\":{\"@id\":\"https:\\\/\\\/vmsport.fi\\\/verkkokauppa\\\/renkaat\\\/ulkorenkaat\\\/maantierenkaat\\\/rengas-bontrager-r2-hard-case-lite-700x32c\\\/#primaryimage\"},\"image\":{\"@id\":\"https:\\\/\\\/vmsport.fi\\\/verkkokauppa\\\/renkaat\\\/ulkorenkaat\\\/maantierenkaat\\\/rengas-bontrager-r2-hard-case-lite-700x32c\\\/#primaryimage\"},\"thumbnailUrl\":\"https:\\\/\\\/vmsport.fi\\\/wp-content\\\/uploads\\\/2025\\\/03\\\/0VBMDZwg8SZisVfOG5jrYmKy5xdBmELiz4E8xdaNxeA3aDlobm-1.jpg\",\"datePublished\":\"2025-03-05T21:48:50+00:00\",\"dateModified\":\"2026-02-06T00:00:18+00:00\",\"breadcrumb\":{\"@id\":\"https:\\\/\\\/vmsport.fi\\\/verkkokauppa\\\/renkaat\\\/ulkorenkaat\\\/maantierenkaat\\\/rengas-bontrager-r2-hard-case-lite-700x32c\\\/#breadcrumb\"},\"inLanguage\":\"sv-SE\",\"potentialAction\":[{\"@type\":\"ReadAction\",\"target\":[\"https:\\\/\\\/vmsport.fi\\\/verkkokauppa\\\/renkaat\\\/ulkorenkaat\\\/maantierenkaat\\\/rengas-bontrager-r2-hard-case-lite-700x32c\\\/\"]}]},{\"@type\":\"ImageObject\",\"inLanguage\":\"sv-SE\",\"@id\":\"https:\\\/\\\/vmsport.fi\\\/verkkokauppa\\\/renkaat\\\/ulkorenkaat\\\/maantierenkaat\\\/rengas-bontrager-r2-hard-case-lite-700x32c\\\/#primaryimage\",\"url\":\"https:\\\/\\\/vmsport.fi\\\/wp-content\\\/uploads\\\/2025\\\/03\\\/0VBMDZwg8SZisVfOG5jrYmKy5xdBmELiz4E8xdaNxeA3aDlobm-1.jpg\",\"contentUrl\":\"https:\\\/\\\/vmsport.fi\\\/wp-content\\\/uploads\\\/2025\\\/03\\\/0VBMDZwg8SZisVfOG5jrYmKy5xdBmELiz4E8xdaNxeA3aDlobm-1.jpg\",\"width\":1000,\"height\":750,\"caption\":\"0VBMDZwg8SZisVfOG5jrYmKy5xdBmELiz4E8xdaNxeA3aDlobm\"},{\"@type\":\"BreadcrumbList\",\"@id\":\"https:\\\/\\\/vmsport.fi\\\/verkkokauppa\\\/renkaat\\\/ulkorenkaat\\\/maantierenkaat\\\/rengas-bontrager-r2-hard-case-lite-700x32c\\\/#breadcrumb\",\"itemListElement\":[{\"@type\":\"ListItem\",\"position\":1,\"name\":\"Etusivu\",\"item\":\"https:\\\/\\\/vmsport.fi\\\/\"},{\"@type\":\"ListItem\",\"position\":2,\"name\":\"Online Store\",\"item\":\"https:\\\/\\\/vmsport.fi\\\/en\\\/online-store\\\/\"},{\"@type\":\"ListItem\",\"position\":3,\"name\":\"Rengas Bontrager R2 Hard-Case Lite 700x32c\"}]},{\"@type\":\"WebSite\",\"@id\":\"https:\\\/\\\/vmsport.fi\\\/#website\",\"url\":\"https:\\\/\\\/vmsport.fi\\\/\",\"name\":\"Vmsport\",\"description\":\"Kaikki py\u00f6r\u00e4ilyyn yhdest\u00e4 paikasta\",\"publisher\":{\"@id\":\"https:\\\/\\\/vmsport.fi\\\/#organization\"},\"potentialAction\":[{\"@type\":\"SearchAction\",\"target\":{\"@type\":\"EntryPoint\",\"urlTemplate\":\"https:\\\/\\\/vmsport.fi\\\/?s={search_term_string}\"},\"query-input\":{\"@type\":\"PropertyValueSpecification\",\"valueRequired\":true,\"valueName\":\"search_term_string\"}}],\"inLanguage\":\"sv-SE\"},{\"@type\":\"Organization\",\"@id\":\"https:\\\/\\\/vmsport.fi\\\/#organization\",\"name\":\"Vmsport\",\"url\":\"https:\\\/\\\/vmsport.fi\\\/\",\"logo\":{\"@type\":\"ImageObject\",\"inLanguage\":\"sv-SE\",\"@id\":\"https:\\\/\\\/vmsport.fi\\\/#\\\/schema\\\/logo\\\/image\\\/\",\"url\":\"https:\\\/\\\/vmsport.fi\\\/wp-content\\\/uploads\\\/2024\\\/12\\\/vm_sport_RGB_horisontal-e1734526017575.png\",\"contentUrl\":\"https:\\\/\\\/vmsport.fi\\\/wp-content\\\/uploads\\\/2024\\\/12\\\/vm_sport_RGB_horisontal-e1734526017575.png\",\"width\":668,\"height\":85,\"caption\":\"Vmsport\"},\"image\":{\"@id\":\"https:\\\/\\\/vmsport.fi\\\/#\\\/schema\\\/logo\\\/image\\\/\"},\"sameAs\":[\"https:\\\/\\\/www.facebook.com\\\/Vmsport.fi\\\/\",\"https:\\\/\\\/www.instagram.com\\\/vmsport\\\/\"]}]}<\/script>\n<!-- \/ Yoast SEO plugin. -->","yoast_head_json":{"title":"D\u00e4ck Bontrager R2 Hard-Case Lite 700x32c - VM Sport","robots":{"index":"index","follow":"follow","max-snippet":"max-snippet:-1","max-image-preview":"max-image-preview:large","max-video-preview":"max-video-preview:-1"},"canonical":"https:\/\/vmsport.fi\/sv\/webbutik\/dack\/dack-for-utomhusbruk\/maantierenkaat\/dack-bontrager-r2-hard-case-lite-700x32c\/","og_locale":"sv_SE","og_type":"article","og_title":"Rengas Bontrager R2 Hard-Case Lite 700x32c - VM Sport","og_description":"Bontrager R2 Hard-Case Lite 700x32c -rengas on loistava valinta p\u00e4ivitt\u00e4iseen maantiepy\u00f6r\u00e4ilyyn. Sen kevyt mutta tehokas pistosuojatekniikka ehk\u00e4isee puhkeamisia tehokkaasti. Nopeasti rullaava kuviointi parantaa sek\u00e4 pitoa ett\u00e4 ajovakautta kaarteissa. Rengas mukautuu erilaisiin ajotyyleihin ja tarjoaa pienen vierint\u00e4vastuksen, mik\u00e4 tukee erinomaisesti kaarreajoa. Kest\u00e4v\u00e4 ja luotettava rakenne takaa pitk\u00e4ik\u00e4isen suorituskyvyn ilman kompromisseja. [...]L\u00e4s mer \u2026 from Rengas Bontrager R2 Hard-Case Lite 700x32c","og_url":"https:\/\/vmsport.fi\/sv\/webbutik\/dack\/dack-for-utomhusbruk\/maantierenkaat\/dack-bontrager-r2-hard-case-lite-700x32c\/","og_site_name":"VM Sport","article_publisher":"https:\/\/www.facebook.com\/Vmsport.fi\/","article_modified_time":"2026-02-06T00:00:18+00:00","og_image":[{"width":1000,"height":750,"url":"https:\/\/vmsport.fi\/wp-content\/uploads\/2025\/03\/0VBMDZwg8SZisVfOG5jrYmKy5xdBmELiz4E8xdaNxeA3aDlobm-1.jpg","type":"image\/jpeg"}],"twitter_card":"summary_large_image","schema":{"@context":"https:\/\/schema.org","@graph":[{"@type":["WebPage","ItemPage"],"@id":"https:\/\/vmsport.fi\/verkkokauppa\/renkaat\/ulkorenkaat\/maantierenkaat\/rengas-bontrager-r2-hard-case-lite-700x32c\/","url":"https:\/\/vmsport.fi\/verkkokauppa\/renkaat\/ulkorenkaat\/maantierenkaat\/rengas-bontrager-r2-hard-case-lite-700x32c\/","name":"D\u00e4ck Bontrager R2 Hard-Case Lite 700x32c - VM Sport","isPartOf":{"@id":"https:\/\/vmsport.fi\/#website"},"primaryImageOfPage":{"@id":"https:\/\/vmsport.fi\/verkkokauppa\/renkaat\/ulkorenkaat\/maantierenkaat\/rengas-bontrager-r2-hard-case-lite-700x32c\/#primaryimage"},"image":{"@id":"https:\/\/vmsport.fi\/verkkokauppa\/renkaat\/ulkorenkaat\/maantierenkaat\/rengas-bontrager-r2-hard-case-lite-700x32c\/#primaryimage"},"thumbnailUrl":"https:\/\/vmsport.fi\/wp-content\/uploads\/2025\/03\/0VBMDZwg8SZisVfOG5jrYmKy5xdBmELiz4E8xdaNxeA3aDlobm-1.jpg","datePublished":"2025-03-05T21:48:50+00:00","dateModified":"2026-02-06T00:00:18+00:00","breadcrumb":{"@id":"https:\/\/vmsport.fi\/verkkokauppa\/renkaat\/ulkorenkaat\/maantierenkaat\/rengas-bontrager-r2-hard-case-lite-700x32c\/#breadcrumb"},"inLanguage":"sv-SE","potentialAction":[{"@type":"ReadAction","target":["https:\/\/vmsport.fi\/verkkokauppa\/renkaat\/ulkorenkaat\/maantierenkaat\/rengas-bontrager-r2-hard-case-lite-700x32c\/"]}]},{"@type":"ImageObject","inLanguage":"sv-SE","@id":"https:\/\/vmsport.fi\/verkkokauppa\/renkaat\/ulkorenkaat\/maantierenkaat\/rengas-bontrager-r2-hard-case-lite-700x32c\/#primaryimage","url":"https:\/\/vmsport.fi\/wp-content\/uploads\/2025\/03\/0VBMDZwg8SZisVfOG5jrYmKy5xdBmELiz4E8xdaNxeA3aDlobm-1.jpg","contentUrl":"https:\/\/vmsport.fi\/wp-content\/uploads\/2025\/03\/0VBMDZwg8SZisVfOG5jrYmKy5xdBmELiz4E8xdaNxeA3aDlobm-1.jpg","width":1000,"height":750,"caption":"0VBMDZwg8SZisVfOG5jrYmKy5xdBmELiz4E8xdaNxeA3aDlobm"},{"@type":"BreadcrumbList","@id":"https:\/\/vmsport.fi\/verkkokauppa\/renkaat\/ulkorenkaat\/maantierenkaat\/rengas-bontrager-r2-hard-case-lite-700x32c\/#breadcrumb","itemListElement":[{"@type":"ListItem","position":1,"name":"Etusivu","item":"https:\/\/vmsport.fi\/"},{"@type":"ListItem","position":2,"name":"Online Store","item":"https:\/\/vmsport.fi\/en\/online-store\/"},{"@type":"ListItem","position":3,"name":"Rengas Bontrager R2 Hard-Case Lite 700x32c"}]},{"@type":"WebSite","@id":"https:\/\/vmsport.fi\/#website","url":"https:\/\/vmsport.fi\/","name":"Vmsport","description":"Allt p\u00e5 ett st\u00e4lle f\u00f6r cykling","publisher":{"@id":"https:\/\/vmsport.fi\/#organization"},"potentialAction":[{"@type":"SearchAction","target":{"@type":"EntryPoint","urlTemplate":"https:\/\/vmsport.fi\/?s={search_term_string}"},"query-input":{"@type":"PropertyValueSpecification","valueRequired":true,"valueName":"search_term_string"}}],"inLanguage":"sv-SE"},{"@type":"Organization","@id":"https:\/\/vmsport.fi\/#organization","name":"Vmsport","url":"https:\/\/vmsport.fi\/","logo":{"@type":"ImageObject","inLanguage":"sv-SE","@id":"https:\/\/vmsport.fi\/#\/schema\/logo\/image\/","url":"https:\/\/vmsport.fi\/wp-content\/uploads\/2024\/12\/vm_sport_RGB_horisontal-e1734526017575.png","contentUrl":"https:\/\/vmsport.fi\/wp-content\/uploads\/2024\/12\/vm_sport_RGB_horisontal-e1734526017575.png","width":668,"height":85,"caption":"Vmsport"},"image":{"@id":"https:\/\/vmsport.fi\/#\/schema\/logo\/image\/"},"sameAs":["https:\/\/www.facebook.com\/Vmsport.fi\/","https:\/\/www.instagram.com\/vmsport\/"]}]}},"global_unique_id":"","_links":{"self":[{"href":"https:\/\/vmsport.fi\/sv\/wp-json\/wp\/v2\/product\/54048","targetHints":{"allow":["GET"]}}],"collection":[{"href":"https:\/\/vmsport.fi\/sv\/wp-json\/wp\/v2\/product"}],"about":[{"href":"https:\/\/vmsport.fi\/sv\/wp-json\/wp\/v2\/types\/product"}],"replies":[{"embeddable":true,"href":"https:\/\/vmsport.fi\/sv\/wp-json\/wp\/v2\/comments?post=54048"}],"wp:featuredmedia":[{"embeddable":true,"href":"https:\/\/vmsport.fi\/sv\/wp-json\/wp\/v2\/media\/54047"}],"wp:attachment":[{"href":"https:\/\/vmsport.fi\/sv\/wp-json\/wp\/v2\/media?parent=54048"}],"wp:term":[{"taxonomy":"product_brand","embeddable":true,"href":"https:\/\/vmsport.fi\/sv\/wp-json\/wp\/v2\/product_brand?post=54048"},{"taxonomy":"product_model","embeddable":true,"href":"https:\/\/vmsport.fi\/sv\/wp-json\/wp\/v2\/product_model?post=54048"},{"taxonomy":"product_cat","embeddable":true,"href":"https:\/\/vmsport.fi\/sv\/wp-json\/wp\/v2\/product_cat?post=54048"},{"taxonomy":"product_tag","embeddable":true,"href":"https:\/\/vmsport.fi\/sv\/wp-json\/wp\/v2\/product_tag?post=54048"},{"taxonomy":"industry_terminology","embeddable":true,"href":"https:\/\/vmsport.fi\/sv\/wp-json\/wp\/v2\/industry-terminology?post=54048"}],"curies":[{"name":"wp","href":"https:\/\/api.w.org\/{rel}","templated":true}]}}